{"id":19584,"date":"2024-12-11T12:50:11","date_gmt":"2024-12-11T12:50:11","guid":{"rendered":"https:\/\/www.cerakotesa.com\/?post_type=product&#038;p=19584"},"modified":"2025-01-08T15:17:47","modified_gmt":"2025-01-08T15:17:47","slug":"mini-air-regulator-and-gauge-se-fm-3040","status":"publish","type":"product","link":"https:\/\/www.cerakotesa.com\/es\/producto\/mini-air-regulator-and-gauge-se-fm-3040\/","title":{"rendered":"Mini regulador de aire y man\u00f3metro SE-FM-3040"},"content":{"rendered":"","protected":false},"excerpt":{"rendered":"<p>Este regulador de aire en l\u00ednea y man\u00f3metro es extremadamente peque\u00f1o y ligero. Los utilizamos en nuestras propias pistolas de pulverizaci\u00f3n en la formaci\u00f3n, y son perfectos para usar con un <a href=\"https:\/\/www.cerakotesa.com\/product\/iwata-lph80-spray-gun-kit-se-138\/\">LPH80<\/a> o <a href=\"https:\/\/www.cerakotesa.com\/product\/se-3000-sata-minijet-with-aluminium-cup\/\">SATA 3000<\/a><\/p>\n<ul>\n<li>S\u00f3lo 100 g<\/li>\n<li>1\/4\u2033 BSP<\/li>\n<li>32mm Longitud<\/li>\n<li>114psi Presi\u00f3n MAX<\/li>\n<\/ul>","protected":false},"featured_media":19790,"comment_status":"open","ping_status":"closed","template":"","meta":{"_acf_changed":false},"product_brand":[],"product_cat":[106],"product_tag":[1140,1139,1138],"class_list":{"0":"post-19584","1":"product","2":"type-product","3":"status-publish","4":"has-post-thumbnail","6":"product_cat-equipment","7":"product_tag-air-regulator","8":"product_tag-inline-regulator","9":"product_tag-pressure-gauge","10":"product_shipping_class-flat-rate","12":"first","13":"instock","14":"taxable","15":"shipping-taxable","16":"product-type-simple"},"yoast_head":"<!-- This site is optimized with the Yoast SEO plugin v26.7 - https:\/\/yoast.com\/wordpress\/plugins\/seo\/ -->\n<title>Mini Air Regulator and Gauge SE-FM-3040 - Cerakote South Africa<\/title>\n<meta name=\"robots\" content=\"index, follow, max-snippet:-1, max-image-preview:large, max-video-preview:-1\" \/>\n<link rel=\"canonical\" href=\"https:\/\/www.cerakotesa.com\/es\/producto\/mini-air-regulator-and-gauge-se-fm-3040\/\" \/>\n<meta property=\"og:locale\" content=\"es_ES\" \/>\n<meta property=\"og:type\" content=\"article\" \/>\n<meta property=\"og:title\" content=\"Mini Air Regulator and Gauge SE-FM-3040 - Cerakote South Africa\" \/>\n<meta property=\"og:description\" content=\"This inline air regulator and pressure gauge is extremely small and lightweight. We use these on our own spray guns in training, and are perfect for using with an LPH80 or SATA 3000   Only 100g  1\/4\u2033 BSP  32mm Length  114psi MAX Pressure\" \/>\n<meta property=\"og:url\" content=\"https:\/\/www.cerakotesa.com\/es\/producto\/mini-air-regulator-and-gauge-se-fm-3040\/\" \/>\n<meta property=\"og:site_name\" content=\"Cerakote South Africa\" \/>\n<meta property=\"article:modified_time\" content=\"2025-01-08T15:17:47+00:00\" \/>\n<meta property=\"og:image\" content=\"https:\/\/www.cerakotesa.com\/wp-content\/uploads\/2024\/12\/Screenshot-2025-01-08-at-15.12.44.png\" \/>\n\t<meta property=\"og:image:width\" content=\"678\" \/>\n\t<meta property=\"og:image:height\" content=\"605\" \/>\n\t<meta property=\"og:image:type\" content=\"image\/png\" \/>\n<meta name=\"twitter:card\" content=\"summary_large_image\" \/>\n<meta name=\"twitter:label1\" content=\"Tiempo de lectura\" \/>\n\t<meta name=\"twitter:data1\" content=\"1 minuto\" \/>\n<script type=\"application\/ld+json\" class=\"yoast-schema-graph\">{\"@context\":\"https:\/\/schema.org\",\"@graph\":[{\"@type\":\"WebPage\",\"@id\":\"https:\/\/www.cerakotesa.com\/it\/prodotto\/mini-air-regulator-and-gauge-se-fm-3040\/\",\"url\":\"https:\/\/www.cerakotesa.com\/it\/prodotto\/mini-air-regulator-and-gauge-se-fm-3040\/\",\"name\":\"Mini Air Regulator and Gauge SE-FM-3040 - Cerakote South Africa\",\"isPartOf\":{\"@id\":\"https:\/\/www.cerakotesa.com\/#website\"},\"primaryImageOfPage\":{\"@id\":\"https:\/\/www.cerakotesa.com\/it\/prodotto\/mini-air-regulator-and-gauge-se-fm-3040\/#primaryimage\"},\"image\":{\"@id\":\"https:\/\/www.cerakotesa.com\/it\/prodotto\/mini-air-regulator-and-gauge-se-fm-3040\/#primaryimage\"},\"thumbnailUrl\":\"https:\/\/www.cerakotesa.com\/wp-content\/uploads\/2024\/12\/Screenshot-2025-01-08-at-15.12.44.png\",\"datePublished\":\"2024-12-11T12:50:11+00:00\",\"dateModified\":\"2025-01-08T15:17:47+00:00\",\"breadcrumb\":{\"@id\":\"https:\/\/www.cerakotesa.com\/it\/prodotto\/mini-air-regulator-and-gauge-se-fm-3040\/#breadcrumb\"},\"inLanguage\":\"es\",\"potentialAction\":[{\"@type\":\"ReadAction\",\"target\":[\"https:\/\/www.cerakotesa.com\/it\/prodotto\/mini-air-regulator-and-gauge-se-fm-3040\/\"]}]},{\"@type\":\"ImageObject\",\"inLanguage\":\"es\",\"@id\":\"https:\/\/www.cerakotesa.com\/it\/prodotto\/mini-air-regulator-and-gauge-se-fm-3040\/#primaryimage\",\"url\":\"https:\/\/www.cerakotesa.com\/wp-content\/uploads\/2024\/12\/Screenshot-2025-01-08-at-15.12.44.png\",\"contentUrl\":\"https:\/\/www.cerakotesa.com\/wp-content\/uploads\/2024\/12\/Screenshot-2025-01-08-at-15.12.44.png\",\"width\":678,\"height\":605},{\"@type\":\"BreadcrumbList\",\"@id\":\"https:\/\/www.cerakotesa.com\/it\/prodotto\/mini-air-regulator-and-gauge-se-fm-3040\/#breadcrumb\",\"itemListElement\":[{\"@type\":\"ListItem\",\"position\":1,\"name\":\"Home\",\"item\":\"https:\/\/www.cerakotesa.com\/\"},{\"@type\":\"ListItem\",\"position\":2,\"name\":\"Products\",\"item\":\"https:\/\/www.cerakotesa.com\/shop\/\"},{\"@type\":\"ListItem\",\"position\":3,\"name\":\"Mini Air Regulator and Gauge SE-FM-3040\"}]},{\"@type\":\"WebSite\",\"@id\":\"https:\/\/www.cerakotesa.com\/#website\",\"url\":\"https:\/\/www.cerakotesa.com\/\",\"name\":\"Cerakote South Africa\",\"description\":\"Cerakote is a global leader in the manufacturing of thin-film protective ceramic coatings\",\"potentialAction\":[{\"@type\":\"SearchAction\",\"target\":{\"@type\":\"EntryPoint\",\"urlTemplate\":\"https:\/\/www.cerakotesa.com\/?s={search_term_string}\"},\"query-input\":{\"@type\":\"PropertyValueSpecification\",\"valueRequired\":true,\"valueName\":\"search_term_string\"}}],\"inLanguage\":\"es\"}]}<\/script>\n<!-- \/ Yoast SEO plugin. -->","yoast_head_json":{"title":"Mini Air Regulator and Gauge SE-FM-3040 - Cerakote South Africa","robots":{"index":"index","follow":"follow","max-snippet":"max-snippet:-1","max-image-preview":"max-image-preview:large","max-video-preview":"max-video-preview:-1"},"canonical":"https:\/\/www.cerakotesa.com\/es\/producto\/mini-air-regulator-and-gauge-se-fm-3040\/","og_locale":"es_ES","og_type":"article","og_title":"Mini Air Regulator and Gauge SE-FM-3040 - Cerakote South Africa","og_description":"This inline air regulator and pressure gauge is extremely small and lightweight. We use these on our own spray guns in training, and are perfect for using with an LPH80 or SATA 3000   Only 100g  1\/4\u2033 BSP  32mm Length  114psi MAX Pressure","og_url":"https:\/\/www.cerakotesa.com\/es\/producto\/mini-air-regulator-and-gauge-se-fm-3040\/","og_site_name":"Cerakote South Africa","article_modified_time":"2025-01-08T15:17:47+00:00","og_image":[{"width":678,"height":605,"url":"https:\/\/www.cerakotesa.com\/wp-content\/uploads\/2024\/12\/Screenshot-2025-01-08-at-15.12.44.png","type":"image\/png"}],"twitter_card":"summary_large_image","twitter_misc":{"Tiempo de lectura":"1 minuto"},"schema":{"@context":"https:\/\/schema.org","@graph":[{"@type":"WebPage","@id":"https:\/\/www.cerakotesa.com\/it\/prodotto\/mini-air-regulator-and-gauge-se-fm-3040\/","url":"https:\/\/www.cerakotesa.com\/it\/prodotto\/mini-air-regulator-and-gauge-se-fm-3040\/","name":"Mini Air Regulator and Gauge SE-FM-3040 - Cerakote South Africa","isPartOf":{"@id":"https:\/\/www.cerakotesa.com\/#website"},"primaryImageOfPage":{"@id":"https:\/\/www.cerakotesa.com\/it\/prodotto\/mini-air-regulator-and-gauge-se-fm-3040\/#primaryimage"},"image":{"@id":"https:\/\/www.cerakotesa.com\/it\/prodotto\/mini-air-regulator-and-gauge-se-fm-3040\/#primaryimage"},"thumbnailUrl":"https:\/\/www.cerakotesa.com\/wp-content\/uploads\/2024\/12\/Screenshot-2025-01-08-at-15.12.44.png","datePublished":"2024-12-11T12:50:11+00:00","dateModified":"2025-01-08T15:17:47+00:00","breadcrumb":{"@id":"https:\/\/www.cerakotesa.com\/it\/prodotto\/mini-air-regulator-and-gauge-se-fm-3040\/#breadcrumb"},"inLanguage":"es","potentialAction":[{"@type":"ReadAction","target":["https:\/\/www.cerakotesa.com\/it\/prodotto\/mini-air-regulator-and-gauge-se-fm-3040\/"]}]},{"@type":"ImageObject","inLanguage":"es","@id":"https:\/\/www.cerakotesa.com\/it\/prodotto\/mini-air-regulator-and-gauge-se-fm-3040\/#primaryimage","url":"https:\/\/www.cerakotesa.com\/wp-content\/uploads\/2024\/12\/Screenshot-2025-01-08-at-15.12.44.png","contentUrl":"https:\/\/www.cerakotesa.com\/wp-content\/uploads\/2024\/12\/Screenshot-2025-01-08-at-15.12.44.png","width":678,"height":605},{"@type":"BreadcrumbList","@id":"https:\/\/www.cerakotesa.com\/it\/prodotto\/mini-air-regulator-and-gauge-se-fm-3040\/#breadcrumb","itemListElement":[{"@type":"ListItem","position":1,"name":"Home","item":"https:\/\/www.cerakotesa.com\/"},{"@type":"ListItem","position":2,"name":"Products","item":"https:\/\/www.cerakotesa.com\/shop\/"},{"@type":"ListItem","position":3,"name":"Mini Air Regulator and Gauge SE-FM-3040"}]},{"@type":"WebSite","@id":"https:\/\/www.cerakotesa.com\/#website","url":"https:\/\/www.cerakotesa.com\/","name":"Cerakote South Africa","description":"Cerakote es l\u00edder mundial en la fabricaci\u00f3n de recubrimientos cer\u00e1micos protectores de capa fina.","potentialAction":[{"@type":"SearchAction","target":{"@type":"EntryPoint","urlTemplate":"https:\/\/www.cerakotesa.com\/?s={search_term_string}"},"query-input":{"@type":"PropertyValueSpecification","valueRequired":true,"valueName":"search_term_string"}}],"inLanguage":"es"}]}},"acf":[],"_links":{"self":[{"href":"https:\/\/www.cerakotesa.com\/es\/wp-json\/wp\/v2\/product\/19584","targetHints":{"allow":["GET"]}}],"collection":[{"href":"https:\/\/www.cerakotesa.com\/es\/wp-json\/wp\/v2\/product"}],"about":[{"href":"https:\/\/www.cerakotesa.com\/es\/wp-json\/wp\/v2\/types\/product"}],"replies":[{"embeddable":true,"href":"https:\/\/www.cerakotesa.com\/es\/wp-json\/wp\/v2\/comments?post=19584"}],"wp:featuredmedia":[{"embeddable":true,"href":"https:\/\/www.cerakotesa.com\/es\/wp-json\/wp\/v2\/media\/19790"}],"wp:attachment":[{"href":"https:\/\/www.cerakotesa.com\/es\/wp-json\/wp\/v2\/media?parent=19584"}],"wp:term":[{"taxonomy":"product_brand","embeddable":true,"href":"https:\/\/www.cerakotesa.com\/es\/wp-json\/wp\/v2\/product_brand?post=19584"},{"taxonomy":"product_cat","embeddable":true,"href":"https:\/\/www.cerakotesa.com\/es\/wp-json\/wp\/v2\/product_cat?post=19584"},{"taxonomy":"product_tag","embeddable":true,"href":"https:\/\/www.cerakotesa.com\/es\/wp-json\/wp\/v2\/product_tag?post=19584"}],"curies":[{"name":"wp","href":"https:\/\/api.w.org\/{rel}","templated":true}]}}