{"id":20044,"date":"2025-01-26T16:49:47","date_gmt":"2025-01-26T16:49:47","guid":{"rendered":"https:\/\/www.cerakotesa.com\/?post_type=product&#038;p=20044"},"modified":"2025-06-26T12:26:52","modified_gmt":"2025-06-26T12:26:52","slug":"badlands-f-113","status":"publish","type":"product","link":"https:\/\/www.cerakotesa.com\/es\/producto\/badlands-f-113\/","title":{"rendered":"Badlands F-113"},"content":{"rendered":"<section class=\"section\" id=\"section_1332667676\">\n\t\t<div class=\"section-bg fill\" >\n\t\t\t\t\t\t\t\t\t\n\t\t\t\n\n\t\t<\/div>\n\n\t\t\n\n\t\t<div class=\"section-content relative\">\n\t\t\t\n<div class=\"row\"  id=\"row-308409076\">\n\n\t<div id=\"col-880588276\" class=\"col small-12 large-12\"  >\n\t\t\t\t<div class=\"col-inner\"  >\n\t\t\t\n\t\t\t\n<p><strong>Datos t\u00e9cnicos del producto:<\/strong><\/p>\n<p><style>\n.table_component {<br \/>\n    overflow: auto;<br \/>\n    width: 100%;<br \/>\n}<\/p>\n<p>.table_component table {<br \/>\n    border: 1px solid #dededf;<br \/>\n    height: 100%;<br \/>\n    width: 100%;<br \/>\n    table-layout: fixed;<br \/>\n    border-collapse: collapse;<br \/>\n    border-spacing: 1px;<br \/>\n    text-align: left;<br \/>\n}<\/p>\n<p>.table_component caption {<br \/>\n    caption-side: top;<br \/>\n    text-align: left;<br \/>\n}<\/p>\n<p>.table_component th {<br \/>\n    border: 1px solid #dededf;<br \/>\n    background-color: #eceff1;<br \/>\n    color: #000000;<br \/>\n    padding: 5px;<br \/>\n}<\/p>\n<p>.table_component td {<br \/>\n    border: 1px solid #dededf;<br \/>\n    background-color: #ffffff;<br \/>\n    color: #000000;<br \/>\n    padding: 5px;<br \/>\n}<br \/>\n<\/style>\n<\/p>\n<div class=\"table_component\" tabindex=\"0\" role=\"region\">\n<table>\n<thead>\n<tr>\n<th>\u00a0<\/th>\n<th>\u00a0<\/th>\n<\/tr>\n<\/thead>\n<tbody>\n<tr>\n<td>Calendario de curas\u00a0<\/td>\n<td>\n<p>Flash ambiental 15 minutos, curado en horno 15 minutos@ 250\u00b0F<\/p>\n<\/td>\n<\/tr>\n<tr>\n<td>Espesor recomendado (mil)<\/td>\n<td>.75<\/td>\n<\/tr>\n<tr>\n<td>Tama\u00f1o del filtro (malla)<\/td>\n<td>150 (Part # SE-276)<\/td>\n<\/tr>\n<tr>\n<td>Nivel de brillo \/ Unidades (GU)<\/td>\n<td>Flat \/ 6<\/td>\n<\/tr>\n<tr>\n<td>Densidad (g\/mL)<\/td>\n<td>1.43<\/td>\n<\/tr>\n<tr>\n<td>% S\u00f3lidos (\u00b12%)<\/td>\n<td>35<\/td>\n<\/tr>\n<tr>\n<td>Viscosidad (cP)<\/td>\n<td>69<\/td>\n<\/tr>\n<tr>\n<td>Rendimiento te\u00f3rico por gal\u00f3n @ espesor recomendado (pies\u00b2)<\/td>\n<td>568<\/td>\n<\/tr>\n<tr>\n<td>Estabilidad del revestimiento (\u00b0F) Temp. m\u00e1x. Temp.<\/td>\n<td>700<\/td>\n<\/tr>\n<tr>\n<td>Estabilidad del color (\u00b0F) Max. Temp.<\/td>\n<td>400<\/td>\n<\/tr>\n<tr>\n<td>Resistencia qu\u00edmica<\/td>\n<td>Excelente<\/td>\n<\/tr>\n<tr>\n<td>Estabilidad UV<\/td>\n<td>Excelente<\/td>\n<\/tr>\n<tr>\n<td>Gubia de dureza de l\u00e1piz ASTM D3363<\/td>\n<td>9H<\/td>\n<\/tr>\n<tr>\n<td>Dureza del l\u00e1piz Ara\u00f1azos ASTM D3363<\/td>\n<td>7H<\/td>\n<\/tr>\n<tr>\n<td>Adherencia transversal ASTM D3359<\/td>\n<td>\n<p>5B<\/p>\n<\/td>\n<\/tr>\n<tr>\n<td>Flexibilidad (Resistencia %) Curvatura de mandril c\u00f3nico ASTM D522<\/td>\n<td>\n<p>100<\/p>\n<\/td>\n<\/tr>\n<tr>\n<td>Rendimiento de impacto directo\/indirecto (in-lbs.) ASTM D2794<\/td>\n<td>160\/160<\/td>\n<\/tr>\n<tr>\n<td>Nota t\u00e9cnica**<\/td>\n<td>Este revestimiento no contiene PFAS<\/td>\n<\/tr>\n<\/tbody>\n<\/table>\n<p data-v-8ef39626=\"\">Todos los resultados se basan en acero granallado recubierto con el espesor recomendado y el programa de curado recomendado.<\/p>\n<p data-v-8ef39626=\"\">*Los niveles de brillo se miden con un \u00e1ngulo de 60\u00b0. Ajustes a las condiciones recomendadas producir\u00e1n resultados diferentes. El brillo se ve afectado por la calidad de la preparaci\u00f3n y la t\u00e9cnica de pulverizaci\u00f3n. Los resultados se basan en acero granallado recubierto curado seg\u00fan la especificaci\u00f3n del Programa de curado.<\/p>\n<p data-v-8ef39626=\"\">**Viscosidad medida en condiciones ambientales (temperatura del aire, humedad relativa) en el momento de la fabricaci\u00f3n.<\/p>\n<p data-v-8ef39626=\"\"><strong data-v-8ef39626=\"\">Temperatura de curado recomendada:<\/strong><\/p>\n<ul data-v-8ef39626=\"\">\n<li data-v-8ef39626=\"\">Consulte la especificaci\u00f3n del programa de curado disponible en cada producto Cerakote.<\/li>\n<\/ul>\n<p data-v-8ef39626=\"\"><strong data-v-8ef39626=\"\">Temperatura m\u00e1xima<\/strong>\u00a0es la temperatura a la que el color o el revestimiento son estables.<\/p>\n<p data-v-8ef39626=\"\"><strong data-v-8ef39626=\"\">Pruebas de resistencia qu\u00edmica:<\/strong>\u00a0Los resultados se refieren al cambio de color basado en la formulaci\u00f3n CIE76. Los resultados oscilan entre:<\/p>\n<ul data-v-8ef39626=\"\">\n<li data-v-8ef39626=\"\"><strong data-v-8ef39626=\"\">Excelente:<\/strong>\u00a0\u2206E cambio de &lt;2,5<\/li>\n<li data-v-8ef39626=\"\"><strong data-v-8ef39626=\"\">Bien:<\/strong>\u00a0\u2206E cambio de &lt;3,0<\/li>\n<li data-v-8ef39626=\"\"><strong data-v-8ef39626=\"\">Justo:<\/strong>\u00a0\u2206E cambio de &lt;3,5<\/li>\n<li data-v-8ef39626=\"\"><strong data-v-8ef39626=\"\">Pobre:<\/strong>\u00a0\u2206E cambio de &lt;4,0<\/li>\n<\/ul>\n<p data-v-8ef39626=\"\"><strong data-v-8ef39626=\"\">Los par\u00e1metros de ensayo son los siguientes:<\/strong><\/p>\n<ul data-v-8ef39626=\"\">\n<li data-v-8ef39626=\"\"><strong data-v-8ef39626=\"\">Dureza<\/strong>\u00a0o Las pruebas de dureza de los l\u00e1pices se miden del m\u00e1s blando al m\u00e1s duro de la siguiente manera: 9B, 8B, 7B, 6B, 5B, 4B, 3B, 2B, B, HB, F, H, 2H, 3H, 4H, 5H, 6H, 7H, 8H, 9H. 9H es el m\u00e1s dif\u00edcil.<\/li>\n<li data-v-8ef39626=\"\"><strong data-v-8ef39626=\"\">S\u00d3LO SG-100:<\/strong>\u00a0Prueba de dureza M\u00e9todo A - Se realiza un corte en X a trav\u00e9s de la pel\u00edcula hasta el sustrato, se aplica cinta adhesiva sensible a la presi\u00f3n sobre el corte y luego se retira, y se eval\u00faa cualitativamente la adherencia en una escala de 0 a 5.<\/li>\n<li data-v-8ef39626=\"\"><strong data-v-8ef39626=\"\">Adhesi\u00f3n<\/strong>\u00a0se mide en una escala de 0B, 1B, 2B, 3B, 4B, 5B, siendo 5B la calificaci\u00f3n m\u00e1s alta alcanzable.<\/li>\n<li data-v-8ef39626=\"\"><strong data-v-8ef39626=\"\">Flexibilidad<\/strong>\u00a0o curvatura de mandril c\u00f3nico: \"Resistencia 100%\" es la calificaci\u00f3n m\u00e1s alta alcanzable e indica que el revestimiento no se agriet\u00f3 ni se desprendi\u00f3.<\/li>\n<li data-v-8ef39626=\"\"><strong data-v-8ef39626=\"\">Impacto (directo\/indirecto)<\/strong>\u00a0se mide en una escala de 0 pulg.-lbs. a 160 pulg.-lbs., siendo 160 pulg.-lbs. el valor m\u00e1s alto alcanzable.<\/li>\n<\/ul>\n<p data-v-8ef39626=\"\">Todos los recubrimientos Cerakote cumplen la normativa COV de la EPA y tienen un contenido bajo o nulo de COV. Para conocer el contenido de COV de un recubrimiento individual, p\u00f3ngase en contacto con\u00a0<a href=\"mailto:sds@nicindustries.com\" target=\"_blank\" rel=\"noopener\" data-v-8ef39626=\"\">sds@nicindustries.com<\/a>\u00a0para m\u00e1s informaci\u00f3n.<\/p>\n<p data-v-8ef39626=\"\">Esta informaci\u00f3n es exacta a nuestro leal saber y entender, sin embargo, no constituir\u00e1 garant\u00eda de ninguna caracter\u00edstica espec\u00edfica del producto ni establecer\u00e1 una relaci\u00f3n contractual legalmente v\u00e1lida. Le recomendamos que realice las pruebas adecuadas en sus instalaciones para determinar si este producto cumple todos sus requisitos.<\/p>\n<p data-v-8ef39626=\"\">No dude en enviarnos un correo electr\u00f3nico a <a href=\"mailto:enquiries@cerakoteeu.com\" target=\"_blank\" rel=\"noopener\" data-v-8ef39626=\"\">enquiries@cerakoteeu.com<\/a>\u00a0 si tiene alguna pregunta.<\/p>\n<\/div>\n<div class=\"row\"  id=\"row-2029039045\">\n\n\t<div id=\"col-1009905627\" class=\"col medium-4 small-12 large-4\"  >\n\t\t\t\t<div class=\"col-inner text-center\"  >\n\t\t\t\n\t\t\t\n<a href=\"https:\/\/images.nicindustries.com\/cerakote\/documents\/7017\/cerakote-f-113-badlands-dt2025011322573808732.pdf?1736809060&#038;_gl=1*ou3q5a*_gcl_au*MTA5MjM2ODk3NS4xNzUwMzE5ODc4*_ga*MTk4NjI1NzI1OC4xNzAzMTU2NTIz*_ga_KPM5Q2PRTX*czE3NTA3NjU2MjQkbzI4JGcxJHQxNzUwNzY3OTQ0JGo2MCRsMCRoMTE0Mzk3OTA2Ng..\" target=\"_blank\" class=\"button primary\" rel=\"noopener\" >\n\t\t<span>Ficha de datos de seguridad<\/span>\n\t<\/a>\n\n\t\t<\/div>\n\t\t\t\t\t<\/div>\n\n\t\n\n\t<div id=\"col-596674834\" class=\"col medium-4 small-12 large-4\"  >\n\t\t\t\t<div class=\"col-inner text-center\"  >\n\t\t\t\n\t\t\t\n<a href=\"https:\/\/images.nicindustries.com\/cerakote\/documents\/7028\/f-series-training-manual-dt20250115230026281906.pdf?1747332254&#038;_gl=1*1now3ze*_gcl_au*MTA5MjM2ODk3NS4xNzUwMzE5ODc4*_ga*MTk4NjI1NzI1OC4xNzAzMTU2NTIz*_ga_KPM5Q2PRTX*czE3NTA3NjU2MjQkbzI4JGcxJHQxNzUwNzY3OTQ1JGo1OSRsMCRoMTE0Mzk3OTA2Ng..\" target=\"_blank\" class=\"button primary\" rel=\"noopener\" >\n\t\t<span>Gu\u00eda de aplicaci\u00f3n<\/span>\n\t<\/a>\n\n\t\t<\/div>\n\t\t\t\t\t<\/div>\n\n\t\n\n\t<div id=\"col-705197627\" class=\"col medium-4 small-12 large-4\"  >\n\t\t\t\t<div class=\"col-inner text-center\"  >\n\t\t\t\n\t\t\t\n<a href=\"https:\/\/www.cerakotesa.com\/wp-content\/uploads\/2025\/03\/Print-Product-Specs.pdf\" target=\"_blank\" class=\"button primary\" rel=\"noopener\" >\n\t\t<span>Ficha t\u00e9cnica<\/span>\n\t<\/a>\n\n\t\t<\/div>\n\t\t\t\t\t<\/div>\n\n\t\n<\/div>\n\t\t<\/div>\n\t\t\t\t\t<\/div>\n\n\t\n<\/div>\n\t\t<\/div>\n\n\t\t\n<style>\n#section_1332667676 {\n  padding-top: 30px;\n  padding-bottom: 30px;\n}\n<\/style>\n\t<\/section>","protected":false},"excerpt":{"rendered":"<p>Badlands es un tono s\u00f3lido marr\u00f3n oscuro con un acabado plano.<\/p>\n<p class=\"p1\">*NOTA: Este producto viene con un catalizador y requiere un\u00a0<a href=\"https:\/\/www.cerakotesa.com\/product\/cerakote-in-cup-150-mesh-strainer-100-micron-se-276\/\">Colador de malla 150 (SE-276)<\/a>.\u00a0<b>La serie F es el revestimiento cer\u00e1mico de pel\u00edcula fina sin PFAS de mayor rendimiento del mundo.<\/b><b><\/b><\/p>\n<p class=\"p1\">La Serie F est\u00e1 dise\u00f1ada espec\u00edficamente para la producci\u00f3n y fabricaci\u00f3n de grandes vol\u00famenes debido a su r\u00e1pido tiempo de curado y a su programa de curado a baja temperatura. Se trata de un recubrimiento de dos componentes, curado al horno, que se aplica directamente sobre el sustrato. La Serie F tiene todos los atributos que usted espera de Cerakote. Tiene una resistencia qu\u00edmica y a la corrosi\u00f3n sin igual, una adhesi\u00f3n y flexibilidad superiores, as\u00ed como una dureza, durabilidad y desgaste excepcionales.<\/p>\n<p class=\"p1\"><b>La serie F lo es:<\/b><b><\/b><\/p>\n<ul class=\"ul1\">\n<li class=\"li1\">Sin PFAS<\/li>\n<li class=\"li1\">Curado r\u00e1pido - cura en 15 minutos a 250\u00b0F \/ 120\u00b0C\n<ul class=\"ul1\">\n<li class=\"li1\">O curado a 180\u00b0F \/ 82\u00b0C durante 1 hora en una cabina de pintura<\/li>\n<li class=\"li1\">Puede curar piezas grandes r\u00e1pidamente<\/li>\n<\/ul>\n<\/li>\n<li class=\"li1\">Gran volumen\/producci\u00f3n f\u00e1cil\n<ul class=\"ul1\">\n<li class=\"li1\">Reduce los cuellos de botella<\/li>\n<li class=\"li1\">Mayor rendimiento<\/li>\n<li class=\"li1\">Ahorra mucho tiempo y energ\u00eda<\/li>\n<li class=\"li1\">Aumenta los ingresos de su empresa<\/li>\n<\/ul>\n<\/li>\n<\/ul>","protected":false},"featured_media":20067,"comment_status":"closed","ping_status":"closed","template":"","meta":{"_acf_changed":false},"product_brand":[],"product_cat":[1147,987],"product_tag":[],"class_list":{"0":"post-20044","1":"product","2":"type-product","3":"status-publish","4":"has-post-thumbnail","6":"product_cat-f-series-ovencure","7":"product_cat-cerakote-coatings","9":"first","10":"instock","11":"taxable","12":"shipping-taxable","13":"product-type-variable"},"yoast_head":"<!-- This site is optimized with the Yoast SEO plugin v26.7 - https:\/\/yoast.com\/wordpress\/plugins\/seo\/ -->\n<title>Badlands F-113 - Cerakote South Africa<\/title>\n<meta name=\"robots\" content=\"index, follow, max-snippet:-1, max-image-preview:large, max-video-preview:-1\" \/>\n<link rel=\"canonical\" href=\"https:\/\/www.cerakotesa.com\/es\/producto\/badlands-f-113\/\" \/>\n<meta property=\"og:locale\" content=\"es_ES\" \/>\n<meta property=\"og:type\" content=\"article\" \/>\n<meta property=\"og:title\" content=\"Badlands F-113 - Cerakote South Africa\" \/>\n<meta property=\"og:description\" content=\"Badlands is a dark brown solid tone with a flat finish. *NOTE: This product comes with a catalyst and requires a\u00a0150 Mesh Strainer (SE-276).\u00a0F-Series is the world\u2019s highest performing PFAS free, thin film ceramic coating. F-Series is specifically engineered for high volume production and manufacturing due to its fast cure time and low temperature curing schedule. It is an oven cure, two-part coating that is applied directly to the substrate. F-Series has all the attributes you have come to expect from Cerakote. It has unmatched corrosion and chemical resistance, superior adhesion and flexibility, as well as exceptional hardness, durability and wear. F-Series is:    PFAS free  Fast Curing \u2013 cures in 15 minutes at 250\u00b0F \/ 120\u00b0C   Or cure as low as 180\u00b0F \/ 82\u00b0C for 1 hour in a paint booth  Can cure large parts quickly    High volume\/production friendly   Reduces bottle necks  Achieves higher throughput  Saves significant time and energy costs  Puts more revenue into your business\" \/>\n<meta property=\"og:url\" content=\"https:\/\/www.cerakotesa.com\/es\/producto\/badlands-f-113\/\" \/>\n<meta property=\"og:site_name\" content=\"Cerakote South Africa\" \/>\n<meta property=\"article:modified_time\" content=\"2025-06-26T12:26:52+00:00\" \/>\n<meta property=\"og:image\" content=\"https:\/\/www.cerakotesa.com\/wp-content\/uploads\/2025\/01\/badlands-f-113-dt20241227172532748979-thumbnail.jpg\" \/>\n\t<meta property=\"og:image:width\" content=\"600\" \/>\n\t<meta property=\"og:image:height\" content=\"600\" \/>\n\t<meta property=\"og:image:type\" content=\"image\/jpeg\" \/>\n<meta name=\"twitter:card\" content=\"summary_large_image\" \/>\n<meta name=\"twitter:label1\" content=\"Tiempo de lectura\" \/>\n\t<meta name=\"twitter:data1\" content=\"3 minutos\" \/>\n<script type=\"application\/ld+json\" class=\"yoast-schema-graph\">{\"@context\":\"https:\/\/schema.org\",\"@graph\":[{\"@type\":\"WebPage\",\"@id\":\"https:\/\/www.cerakotesa.com\/product\/badlands-f-113\/\",\"url\":\"https:\/\/www.cerakotesa.com\/product\/badlands-f-113\/\",\"name\":\"Badlands F-113 - Cerakote South Africa\",\"isPartOf\":{\"@id\":\"https:\/\/www.cerakotesa.com\/#website\"},\"primaryImageOfPage\":{\"@id\":\"https:\/\/www.cerakotesa.com\/product\/badlands-f-113\/#primaryimage\"},\"image\":{\"@id\":\"https:\/\/www.cerakotesa.com\/product\/badlands-f-113\/#primaryimage\"},\"thumbnailUrl\":\"https:\/\/www.cerakotesa.com\/wp-content\/uploads\/2025\/01\/badlands-f-113-dt20241227172532748979-thumbnail.jpg\",\"datePublished\":\"2025-01-26T16:49:47+00:00\",\"dateModified\":\"2025-06-26T12:26:52+00:00\",\"breadcrumb\":{\"@id\":\"https:\/\/www.cerakotesa.com\/product\/badlands-f-113\/#breadcrumb\"},\"inLanguage\":\"es\",\"potentialAction\":[{\"@type\":\"ReadAction\",\"target\":[\"https:\/\/www.cerakotesa.com\/product\/badlands-f-113\/\"]}]},{\"@type\":\"ImageObject\",\"inLanguage\":\"es\",\"@id\":\"https:\/\/www.cerakotesa.com\/product\/badlands-f-113\/#primaryimage\",\"url\":\"https:\/\/www.cerakotesa.com\/wp-content\/uploads\/2025\/01\/badlands-f-113-dt20241227172532748979-thumbnail.jpg\",\"contentUrl\":\"https:\/\/www.cerakotesa.com\/wp-content\/uploads\/2025\/01\/badlands-f-113-dt20241227172532748979-thumbnail.jpg\",\"width\":600,\"height\":600},{\"@type\":\"BreadcrumbList\",\"@id\":\"https:\/\/www.cerakotesa.com\/product\/badlands-f-113\/#breadcrumb\",\"itemListElement\":[{\"@type\":\"ListItem\",\"position\":1,\"name\":\"Home\",\"item\":\"https:\/\/www.cerakotesa.com\/\"},{\"@type\":\"ListItem\",\"position\":2,\"name\":\"Products\",\"item\":\"https:\/\/www.cerakotesa.com\/shop\/\"},{\"@type\":\"ListItem\",\"position\":3,\"name\":\"Badlands F-113\"}]},{\"@type\":\"WebSite\",\"@id\":\"https:\/\/www.cerakotesa.com\/#website\",\"url\":\"https:\/\/www.cerakotesa.com\/\",\"name\":\"Cerakote South Africa\",\"description\":\"Cerakote is a global leader in the manufacturing of thin-film protective ceramic coatings\",\"potentialAction\":[{\"@type\":\"SearchAction\",\"target\":{\"@type\":\"EntryPoint\",\"urlTemplate\":\"https:\/\/www.cerakotesa.com\/?s={search_term_string}\"},\"query-input\":{\"@type\":\"PropertyValueSpecification\",\"valueRequired\":true,\"valueName\":\"search_term_string\"}}],\"inLanguage\":\"es\"}]}<\/script>\n<!-- \/ Yoast SEO plugin. -->","yoast_head_json":{"title":"Badlands F-113 - Cerakote South Africa","robots":{"index":"index","follow":"follow","max-snippet":"max-snippet:-1","max-image-preview":"max-image-preview:large","max-video-preview":"max-video-preview:-1"},"canonical":"https:\/\/www.cerakotesa.com\/es\/producto\/badlands-f-113\/","og_locale":"es_ES","og_type":"article","og_title":"Badlands F-113 - Cerakote South Africa","og_description":"Badlands is a dark brown solid tone with a flat finish. *NOTE: This product comes with a catalyst and requires a\u00a0150 Mesh Strainer (SE-276).\u00a0F-Series is the world\u2019s highest performing PFAS free, thin film ceramic coating. F-Series is specifically engineered for high volume production and manufacturing due to its fast cure time and low temperature curing schedule. It is an oven cure, two-part coating that is applied directly to the substrate. F-Series has all the attributes you have come to expect from Cerakote. It has unmatched corrosion and chemical resistance, superior adhesion and flexibility, as well as exceptional hardness, durability and wear. F-Series is:    PFAS free  Fast Curing \u2013 cures in 15 minutes at 250\u00b0F \/ 120\u00b0C   Or cure as low as 180\u00b0F \/ 82\u00b0C for 1 hour in a paint booth  Can cure large parts quickly    High volume\/production friendly   Reduces bottle necks  Achieves higher throughput  Saves significant time and energy costs  Puts more revenue into your business","og_url":"https:\/\/www.cerakotesa.com\/es\/producto\/badlands-f-113\/","og_site_name":"Cerakote South Africa","article_modified_time":"2025-06-26T12:26:52+00:00","og_image":[{"width":600,"height":600,"url":"https:\/\/www.cerakotesa.com\/wp-content\/uploads\/2025\/01\/badlands-f-113-dt20241227172532748979-thumbnail.jpg","type":"image\/jpeg"}],"twitter_card":"summary_large_image","twitter_misc":{"Tiempo de lectura":"3 minutos"},"schema":{"@context":"https:\/\/schema.org","@graph":[{"@type":"WebPage","@id":"https:\/\/www.cerakotesa.com\/product\/badlands-f-113\/","url":"https:\/\/www.cerakotesa.com\/product\/badlands-f-113\/","name":"Badlands F-113 - Cerakote South Africa","isPartOf":{"@id":"https:\/\/www.cerakotesa.com\/#website"},"primaryImageOfPage":{"@id":"https:\/\/www.cerakotesa.com\/product\/badlands-f-113\/#primaryimage"},"image":{"@id":"https:\/\/www.cerakotesa.com\/product\/badlands-f-113\/#primaryimage"},"thumbnailUrl":"https:\/\/www.cerakotesa.com\/wp-content\/uploads\/2025\/01\/badlands-f-113-dt20241227172532748979-thumbnail.jpg","datePublished":"2025-01-26T16:49:47+00:00","dateModified":"2025-06-26T12:26:52+00:00","breadcrumb":{"@id":"https:\/\/www.cerakotesa.com\/product\/badlands-f-113\/#breadcrumb"},"inLanguage":"es","potentialAction":[{"@type":"ReadAction","target":["https:\/\/www.cerakotesa.com\/product\/badlands-f-113\/"]}]},{"@type":"ImageObject","inLanguage":"es","@id":"https:\/\/www.cerakotesa.com\/product\/badlands-f-113\/#primaryimage","url":"https:\/\/www.cerakotesa.com\/wp-content\/uploads\/2025\/01\/badlands-f-113-dt20241227172532748979-thumbnail.jpg","contentUrl":"https:\/\/www.cerakotesa.com\/wp-content\/uploads\/2025\/01\/badlands-f-113-dt20241227172532748979-thumbnail.jpg","width":600,"height":600},{"@type":"BreadcrumbList","@id":"https:\/\/www.cerakotesa.com\/product\/badlands-f-113\/#breadcrumb","itemListElement":[{"@type":"ListItem","position":1,"name":"Home","item":"https:\/\/www.cerakotesa.com\/"},{"@type":"ListItem","position":2,"name":"Products","item":"https:\/\/www.cerakotesa.com\/shop\/"},{"@type":"ListItem","position":3,"name":"Badlands F-113"}]},{"@type":"WebSite","@id":"https:\/\/www.cerakotesa.com\/#website","url":"https:\/\/www.cerakotesa.com\/","name":"Cerakote South Africa","description":"Cerakote es l\u00edder mundial en la fabricaci\u00f3n de recubrimientos cer\u00e1micos protectores de capa fina.","potentialAction":[{"@type":"SearchAction","target":{"@type":"EntryPoint","urlTemplate":"https:\/\/www.cerakotesa.com\/?s={search_term_string}"},"query-input":{"@type":"PropertyValueSpecification","valueRequired":true,"valueName":"search_term_string"}}],"inLanguage":"es"}]}},"acf":[],"_links":{"self":[{"href":"https:\/\/www.cerakotesa.com\/es\/wp-json\/wp\/v2\/product\/20044","targetHints":{"allow":["GET"]}}],"collection":[{"href":"https:\/\/www.cerakotesa.com\/es\/wp-json\/wp\/v2\/product"}],"about":[{"href":"https:\/\/www.cerakotesa.com\/es\/wp-json\/wp\/v2\/types\/product"}],"replies":[{"embeddable":true,"href":"https:\/\/www.cerakotesa.com\/es\/wp-json\/wp\/v2\/comments?post=20044"}],"wp:featuredmedia":[{"embeddable":true,"href":"https:\/\/www.cerakotesa.com\/es\/wp-json\/wp\/v2\/media\/20067"}],"wp:attachment":[{"href":"https:\/\/www.cerakotesa.com\/es\/wp-json\/wp\/v2\/media?parent=20044"}],"wp:term":[{"taxonomy":"product_brand","embeddable":true,"href":"https:\/\/www.cerakotesa.com\/es\/wp-json\/wp\/v2\/product_brand?post=20044"},{"taxonomy":"product_cat","embeddable":true,"href":"https:\/\/www.cerakotesa.com\/es\/wp-json\/wp\/v2\/product_cat?post=20044"},{"taxonomy":"product_tag","embeddable":true,"href":"https:\/\/www.cerakotesa.com\/es\/wp-json\/wp\/v2\/product_tag?post=20044"}],"curies":[{"name":"wp","href":"https:\/\/api.w.org\/{rel}","templated":true}]}}