{"id":20625,"date":"2025-02-26T14:08:23","date_gmt":"2025-02-26T14:08:23","guid":{"rendered":"https:\/\/www.cerakotesa.com\/?post_type=product&#038;p=20625"},"modified":"2025-03-11T17:14:30","modified_gmt":"2025-03-11T17:14:30","slug":"high-foam-vehicle-shampoo-ph-neutral-ah-rchfvs","status":"publish","type":"product","link":"https:\/\/www.cerakotesa.com\/es\/producto\/high-foam-vehicle-shampoo-ph-neutral-ah-rchfvs\/","title":{"rendered":"Champ\u00fa de alta espuma para veh\u00edculos (pH neutro) AH-VEHSHAM"},"content":{"rendered":"","protected":false},"excerpt":{"rendered":"<p>\u00bfPor qu\u00e9 utilizarlo?<\/p>\n<p>PREMIUM CAR WASH SOAP - Nuestra f\u00f3rmula altamente espumosa genera espuma de larga duraci\u00f3n que lubrica la manopla de lavado, reduciendo la fricci\u00f3n y ayudando a prevenir ara\u00f1azos y marcas de remolino.<\/p>\n<p>TECNOLOG\u00cdA DE LIMPIEZA AVANZADA - Corta sin esfuerzo la suciedad y la mugre de la carretera, dejando su veh\u00edculo impecable con el m\u00ednimo esfuerzo.<\/p>\n<p>MANTENIMIENTO CER\u00c1MICO Y LAVADO PREPARATORIO - El champ\u00fa para veh\u00edculos de Cerakote no contiene ceras ni aditivos cer\u00e1micos, lo que ayuda a obtener una superficie limpia y libre de contaminantes, perfecta para aplicar un nuevo revestimiento cer\u00e1mico o mantener con cuidado el existente.<\/p>\n<p>Tanto si utiliza un ca\u00f1\u00f3n de espuma como el m\u00e9todo de los dos cubos, obtendr\u00e1 una espuma espesa y duradera.<\/p>\n<p>La f\u00f3rmula de pH neutro de Cerakote ha sido dise\u00f1ada para limpiar f\u00e1cilmente su veh\u00edculo a la vez que protege la longevidad de su revestimiento cer\u00e1mico.<\/p>\n<p>Se aclara r\u00e1pidamente para dejar un brillo sin rayas, ayudando a reducir las manchas de agua.<\/p>\n<p>No hay nada como la satisfacci\u00f3n de que su veh\u00edculo parezca limpio y huela fresco, con un sutil aroma a c\u00edtricos que es refrescante, pero no abruma.<\/p>\n<p>&nbsp;<\/p>","protected":false},"featured_media":20626,"comment_status":"closed","ping_status":"closed","template":"","meta":{"_acf_changed":false},"product_brand":[],"product_cat":[1056],"product_tag":[954,33,1156,1157],"class_list":{"0":"post-20625","1":"product","2":"type-product","3":"status-publish","4":"has-post-thumbnail","6":"product_cat-auto-home","7":"product_tag-auto-and-home","8":"product_tag-cerakote","9":"product_tag-high-foam-vehicle-shampoo","10":"product_tag-ph-neutral","12":"first","13":"instock","14":"taxable","15":"shipping-taxable","16":"product-type-variable"},"yoast_head":"<!-- This site is optimized with the Yoast SEO plugin v26.7 - https:\/\/yoast.com\/wordpress\/plugins\/seo\/ -->\n<title>High Foam Vehicle Shampoo (pH Neutral) AH-VEHSHAM - Cerakote South Africa<\/title>\n<meta name=\"description\" content=\"High foaming cleaning technology perfect for prepping or maintaining a ceramic coating!\" \/>\n<meta name=\"robots\" content=\"index, follow, max-snippet:-1, max-image-preview:large, max-video-preview:-1\" \/>\n<link rel=\"canonical\" href=\"https:\/\/www.cerakotesa.com\/es\/producto\/high-foam-vehicle-shampoo-ph-neutral-ah-rchfvs\/\" \/>\n<meta property=\"og:locale\" content=\"es_ES\" \/>\n<meta property=\"og:type\" content=\"article\" \/>\n<meta property=\"og:title\" content=\"High Foam Vehicle Shampoo (pH Neutral) AH-VEHSHAM - Cerakote South Africa\" \/>\n<meta property=\"og:description\" content=\"High foaming cleaning technology perfect for prepping or maintaining a ceramic coating!\" \/>\n<meta property=\"og:url\" content=\"https:\/\/www.cerakotesa.com\/es\/producto\/high-foam-vehicle-shampoo-ph-neutral-ah-rchfvs\/\" \/>\n<meta property=\"og:site_name\" content=\"Cerakote South Africa\" \/>\n<meta property=\"article:modified_time\" content=\"2025-03-11T17:14:30+00:00\" \/>\n<meta property=\"og:image\" content=\"https:\/\/www.cerakotesa.com\/wp-content\/uploads\/2025\/02\/22_source_1738086665.jpg\" \/>\n\t<meta property=\"og:image:width\" content=\"1280\" \/>\n\t<meta property=\"og:image:height\" content=\"1280\" \/>\n\t<meta property=\"og:image:type\" content=\"image\/jpeg\" \/>\n<meta name=\"twitter:card\" content=\"summary_large_image\" \/>\n<meta name=\"twitter:label1\" content=\"Tiempo de lectura\" \/>\n\t<meta name=\"twitter:data1\" content=\"1 minuto\" \/>\n<script type=\"application\/ld+json\" class=\"yoast-schema-graph\">{\"@context\":\"https:\/\/schema.org\",\"@graph\":[{\"@type\":\"WebPage\",\"@id\":\"https:\/\/www.cerakotesa.com\/product\/high-foam-vehicle-shampoo-ph-neutral-ah-rchfvs\/\",\"url\":\"https:\/\/www.cerakotesa.com\/product\/high-foam-vehicle-shampoo-ph-neutral-ah-rchfvs\/\",\"name\":\"High Foam Vehicle Shampoo (pH Neutral) AH-VEHSHAM - Cerakote South Africa\",\"isPartOf\":{\"@id\":\"https:\/\/www.cerakotesa.com\/#website\"},\"primaryImageOfPage\":{\"@id\":\"https:\/\/www.cerakotesa.com\/product\/high-foam-vehicle-shampoo-ph-neutral-ah-rchfvs\/#primaryimage\"},\"image\":{\"@id\":\"https:\/\/www.cerakotesa.com\/product\/high-foam-vehicle-shampoo-ph-neutral-ah-rchfvs\/#primaryimage\"},\"thumbnailUrl\":\"https:\/\/www.cerakotesa.com\/wp-content\/uploads\/2025\/02\/22_source_1738086665.jpg\",\"datePublished\":\"2025-02-26T14:08:23+00:00\",\"dateModified\":\"2025-03-11T17:14:30+00:00\",\"description\":\"High foaming cleaning technology perfect for prepping or maintaining a ceramic coating!\",\"breadcrumb\":{\"@id\":\"https:\/\/www.cerakotesa.com\/product\/high-foam-vehicle-shampoo-ph-neutral-ah-rchfvs\/#breadcrumb\"},\"inLanguage\":\"es\",\"potentialAction\":[{\"@type\":\"ReadAction\",\"target\":[\"https:\/\/www.cerakotesa.com\/product\/high-foam-vehicle-shampoo-ph-neutral-ah-rchfvs\/\"]}]},{\"@type\":\"ImageObject\",\"inLanguage\":\"es\",\"@id\":\"https:\/\/www.cerakotesa.com\/product\/high-foam-vehicle-shampoo-ph-neutral-ah-rchfvs\/#primaryimage\",\"url\":\"https:\/\/www.cerakotesa.com\/wp-content\/uploads\/2025\/02\/22_source_1738086665.jpg\",\"contentUrl\":\"https:\/\/www.cerakotesa.com\/wp-content\/uploads\/2025\/02\/22_source_1738086665.jpg\",\"width\":1280,\"height\":1280},{\"@type\":\"BreadcrumbList\",\"@id\":\"https:\/\/www.cerakotesa.com\/product\/high-foam-vehicle-shampoo-ph-neutral-ah-rchfvs\/#breadcrumb\",\"itemListElement\":[{\"@type\":\"ListItem\",\"position\":1,\"name\":\"Home\",\"item\":\"https:\/\/www.cerakotesa.com\/\"},{\"@type\":\"ListItem\",\"position\":2,\"name\":\"Products\",\"item\":\"https:\/\/www.cerakotesa.com\/shop\/\"},{\"@type\":\"ListItem\",\"position\":3,\"name\":\"High Foam Vehicle Shampoo (pH Neutral) AH-VEHSHAM\"}]},{\"@type\":\"WebSite\",\"@id\":\"https:\/\/www.cerakotesa.com\/#website\",\"url\":\"https:\/\/www.cerakotesa.com\/\",\"name\":\"Cerakote South Africa\",\"description\":\"Cerakote is a global leader in the manufacturing of thin-film protective ceramic coatings\",\"potentialAction\":[{\"@type\":\"SearchAction\",\"target\":{\"@type\":\"EntryPoint\",\"urlTemplate\":\"https:\/\/www.cerakotesa.com\/?s={search_term_string}\"},\"query-input\":{\"@type\":\"PropertyValueSpecification\",\"valueRequired\":true,\"valueName\":\"search_term_string\"}}],\"inLanguage\":\"es\"}]}<\/script>\n<!-- \/ Yoast SEO plugin. -->","yoast_head_json":{"title":"High Foam Vehicle Shampoo (pH Neutral) AH-VEHSHAM - Cerakote South Africa","description":"Tecnolog\u00eda de limpieza de alta espuma perfecta para preparar o mantener un revestimiento cer\u00e1mico.","robots":{"index":"index","follow":"follow","max-snippet":"max-snippet:-1","max-image-preview":"max-image-preview:large","max-video-preview":"max-video-preview:-1"},"canonical":"https:\/\/www.cerakotesa.com\/es\/producto\/high-foam-vehicle-shampoo-ph-neutral-ah-rchfvs\/","og_locale":"es_ES","og_type":"article","og_title":"High Foam Vehicle Shampoo (pH Neutral) AH-VEHSHAM - Cerakote South Africa","og_description":"High foaming cleaning technology perfect for prepping or maintaining a ceramic coating!","og_url":"https:\/\/www.cerakotesa.com\/es\/producto\/high-foam-vehicle-shampoo-ph-neutral-ah-rchfvs\/","og_site_name":"Cerakote South Africa","article_modified_time":"2025-03-11T17:14:30+00:00","og_image":[{"width":1280,"height":1280,"url":"https:\/\/www.cerakotesa.com\/wp-content\/uploads\/2025\/02\/22_source_1738086665.jpg","type":"image\/jpeg"}],"twitter_card":"summary_large_image","twitter_misc":{"Tiempo de lectura":"1 minuto"},"schema":{"@context":"https:\/\/schema.org","@graph":[{"@type":"WebPage","@id":"https:\/\/www.cerakotesa.com\/product\/high-foam-vehicle-shampoo-ph-neutral-ah-rchfvs\/","url":"https:\/\/www.cerakotesa.com\/product\/high-foam-vehicle-shampoo-ph-neutral-ah-rchfvs\/","name":"High Foam Vehicle Shampoo (pH Neutral) AH-VEHSHAM - Cerakote South Africa","isPartOf":{"@id":"https:\/\/www.cerakotesa.com\/#website"},"primaryImageOfPage":{"@id":"https:\/\/www.cerakotesa.com\/product\/high-foam-vehicle-shampoo-ph-neutral-ah-rchfvs\/#primaryimage"},"image":{"@id":"https:\/\/www.cerakotesa.com\/product\/high-foam-vehicle-shampoo-ph-neutral-ah-rchfvs\/#primaryimage"},"thumbnailUrl":"https:\/\/www.cerakotesa.com\/wp-content\/uploads\/2025\/02\/22_source_1738086665.jpg","datePublished":"2025-02-26T14:08:23+00:00","dateModified":"2025-03-11T17:14:30+00:00","description":"Tecnolog\u00eda de limpieza de alta espuma perfecta para preparar o mantener un revestimiento cer\u00e1mico.","breadcrumb":{"@id":"https:\/\/www.cerakotesa.com\/product\/high-foam-vehicle-shampoo-ph-neutral-ah-rchfvs\/#breadcrumb"},"inLanguage":"es","potentialAction":[{"@type":"ReadAction","target":["https:\/\/www.cerakotesa.com\/product\/high-foam-vehicle-shampoo-ph-neutral-ah-rchfvs\/"]}]},{"@type":"ImageObject","inLanguage":"es","@id":"https:\/\/www.cerakotesa.com\/product\/high-foam-vehicle-shampoo-ph-neutral-ah-rchfvs\/#primaryimage","url":"https:\/\/www.cerakotesa.com\/wp-content\/uploads\/2025\/02\/22_source_1738086665.jpg","contentUrl":"https:\/\/www.cerakotesa.com\/wp-content\/uploads\/2025\/02\/22_source_1738086665.jpg","width":1280,"height":1280},{"@type":"BreadcrumbList","@id":"https:\/\/www.cerakotesa.com\/product\/high-foam-vehicle-shampoo-ph-neutral-ah-rchfvs\/#breadcrumb","itemListElement":[{"@type":"ListItem","position":1,"name":"Home","item":"https:\/\/www.cerakotesa.com\/"},{"@type":"ListItem","position":2,"name":"Products","item":"https:\/\/www.cerakotesa.com\/shop\/"},{"@type":"ListItem","position":3,"name":"High Foam Vehicle Shampoo (pH Neutral) AH-VEHSHAM"}]},{"@type":"WebSite","@id":"https:\/\/www.cerakotesa.com\/#website","url":"https:\/\/www.cerakotesa.com\/","name":"Cerakote South Africa","description":"Cerakote es l\u00edder mundial en la fabricaci\u00f3n de recubrimientos cer\u00e1micos protectores de capa fina.","potentialAction":[{"@type":"SearchAction","target":{"@type":"EntryPoint","urlTemplate":"https:\/\/www.cerakotesa.com\/?s={search_term_string}"},"query-input":{"@type":"PropertyValueSpecification","valueRequired":true,"valueName":"search_term_string"}}],"inLanguage":"es"}]}},"acf":[],"_links":{"self":[{"href":"https:\/\/www.cerakotesa.com\/es\/wp-json\/wp\/v2\/product\/20625","targetHints":{"allow":["GET"]}}],"collection":[{"href":"https:\/\/www.cerakotesa.com\/es\/wp-json\/wp\/v2\/product"}],"about":[{"href":"https:\/\/www.cerakotesa.com\/es\/wp-json\/wp\/v2\/types\/product"}],"replies":[{"embeddable":true,"href":"https:\/\/www.cerakotesa.com\/es\/wp-json\/wp\/v2\/comments?post=20625"}],"wp:featuredmedia":[{"embeddable":true,"href":"https:\/\/www.cerakotesa.com\/es\/wp-json\/wp\/v2\/media\/20626"}],"wp:attachment":[{"href":"https:\/\/www.cerakotesa.com\/es\/wp-json\/wp\/v2\/media?parent=20625"}],"wp:term":[{"taxonomy":"product_brand","embeddable":true,"href":"https:\/\/www.cerakotesa.com\/es\/wp-json\/wp\/v2\/product_brand?post=20625"},{"taxonomy":"product_cat","embeddable":true,"href":"https:\/\/www.cerakotesa.com\/es\/wp-json\/wp\/v2\/product_cat?post=20625"},{"taxonomy":"product_tag","embeddable":true,"href":"https:\/\/www.cerakotesa.com\/es\/wp-json\/wp\/v2\/product_tag?post=20625"}],"curies":[{"name":"wp","href":"https:\/\/api.w.org\/{rel}","templated":true}]}}