{"id":20630,"date":"2025-02-26T14:14:59","date_gmt":"2025-02-26T14:14:59","guid":{"rendered":"https:\/\/www.cerakotesa.com\/?post_type=product&#038;p=20630"},"modified":"2025-12-11T09:54:03","modified_gmt":"2025-12-11T09:54:03","slug":"cerakote-platinum-rapid-ceramic-paint-sealant-bulk-ah-rcpaint-q","status":"publish","type":"product","link":"https:\/\/www.cerakotesa.com\/es\/producto\/cerakote-platinum-rapid-ceramic-paint-sealant-bulk-ah-rcpaint-q\/","title":{"rendered":"CERAKOTE\u00ae Platinum Rapid Ceramic Paint Sealant - A granel AH-RCPAINT"},"content":{"rendered":"","protected":false},"excerpt":{"rendered":"<p>Cerakote Rapid Ceramic Paint Sealant Pro-Pack ha sido dise\u00f1ado por demanda popular para profesionales del detallado y lotes de coches que necesitan un acceso r\u00e1pido y f\u00e1cil a materiales a granel. Nuestras opciones a granel permiten 4x-16x el volumen de aplicaci\u00f3n de nuestro kit est\u00e1ndar de 8 oz. con el mismo nivel de \u00e9lite de rendimiento.<\/p>\n<ul>\n<li>Sin duda, el mayor nivel de brillo y lustre que jam\u00e1s haya experimentado. Consiga resultados de espejo con una simple aplicaci\u00f3n, en su propia entrada.<\/li>\n<li>La verdadera tecnolog\u00eda cer\u00e1mica de Cerakote repele el agua, la suciedad de la carretera, el barro y la suciedad, haciendo que su coche est\u00e9 m\u00e1s limpio durante m\u00e1s tiempo.<\/li>\n<li>Simplemente lave y seque su veh\u00edculo como lo har\u00eda normalmente. A continuaci\u00f3n, aplique una ligera capa directamente sobre un panel o una peque\u00f1a zona de su veh\u00edculo utilizando el m\u00e9todo de pulverizaci\u00f3n que prefiera. A continuaci\u00f3n, limpie con una toalla de microfibra y disfrute del brillo y la hidrofobicidad l\u00edderes del sector.<\/li>\n<\/ul>\n<p>Simplemente hay que tocarlo para creer lo resbaladizo que es este acabado.<\/p>\n<p>Sin duda, el mayor nivel de brillo y lustre que jam\u00e1s haya experimentado. Consiga resultados de espejo con una simple aplicaci\u00f3n, en su propia entrada.<\/p>\n<p>La verdadera tecnolog\u00eda cer\u00e1mica de Cerakote repele el agua, la suciedad de la carretera, el barro y la suciedad, haciendo que su coche est\u00e9 m\u00e1s limpio durante m\u00e1s tiempo.<\/p>\n<p>Simplemente lave y seque su veh\u00edculo como lo har\u00eda normalmente. A continuaci\u00f3n, roc\u00ede una ligera capa directamente sobre un panel o una peque\u00f1a zona de su veh\u00edculo y, a continuaci\u00f3n, pula ligeramente el revestimiento hasta obtener un brillo incre\u00edble. No hay nada m\u00e1s f\u00e1cil que esto.<\/p>\n<p><a title=\"V\u00eddeo de aplicaci\u00f3n\" href=\"https:\/\/cerakoteceramics.com\/paint-sealant-instructions\/\">V\u00eddeo de aplicaci\u00f3n<\/a><\/p>","protected":false},"featured_media":20631,"comment_status":"closed","ping_status":"closed","template":"","meta":{"_acf_changed":false},"product_brand":[],"product_cat":[1056],"product_tag":[1159,954,1158,33,956,958],"class_list":{"0":"post-20630","1":"product","2":"type-product","3":"status-publish","4":"has-post-thumbnail","6":"product_cat-auto-home","7":"product_tag-ah-rcpaint-q","8":"product_tag-auto-and-home","9":"product_tag-bulk","10":"product_tag-cerakote","11":"product_tag-paint-sealant","12":"product_tag-rapid-ceramic","14":"first","15":"instock","16":"taxable","17":"shipping-taxable","18":"product-type-variable"},"yoast_head":"<!-- This site is optimized with the Yoast SEO plugin v26.7 - https:\/\/yoast.com\/wordpress\/plugins\/seo\/ -->\n<title>CERAKOTE\u00ae Platinum Rapid Ceramic Paint Sealant - Bulk AH-RCPAINT - Cerakote South Africa<\/title>\n<meta name=\"description\" content=\"Hands down the highest level of gloss and shine you will ever experience. Achieve mirror-like results in a simple application.\" \/>\n<meta name=\"robots\" content=\"index, follow, max-snippet:-1, max-image-preview:large, max-video-preview:-1\" \/>\n<link rel=\"canonical\" href=\"https:\/\/www.cerakotesa.com\/es\/producto\/cerakote-platinum-rapid-ceramic-paint-sealant-bulk-ah-rcpaint-q\/\" \/>\n<meta property=\"og:locale\" content=\"es_ES\" \/>\n<meta property=\"og:type\" content=\"article\" \/>\n<meta property=\"og:title\" content=\"CERAKOTE\u00ae Platinum Rapid Ceramic Paint Sealant - Bulk AH-RCPAINT - Cerakote South Africa\" \/>\n<meta property=\"og:description\" content=\"Hands down the highest level of gloss and shine you will ever experience. Achieve mirror-like results in a simple application.\" \/>\n<meta property=\"og:url\" content=\"https:\/\/www.cerakotesa.com\/es\/producto\/cerakote-platinum-rapid-ceramic-paint-sealant-bulk-ah-rcpaint-q\/\" \/>\n<meta property=\"og:site_name\" content=\"Cerakote South Africa\" \/>\n<meta property=\"article:modified_time\" content=\"2025-12-11T09:54:03+00:00\" \/>\n<meta property=\"og:image\" content=\"https:\/\/www.cerakotesa.com\/wp-content\/uploads\/2025\/02\/8_source_1740423630.jpg\" \/>\n\t<meta property=\"og:image:width\" content=\"1280\" \/>\n\t<meta property=\"og:image:height\" content=\"1280\" \/>\n\t<meta property=\"og:image:type\" content=\"image\/jpeg\" \/>\n<meta name=\"twitter:card\" content=\"summary_large_image\" \/>\n<meta name=\"twitter:label1\" content=\"Tiempo de lectura\" \/>\n\t<meta name=\"twitter:data1\" content=\"1 minuto\" \/>\n<script type=\"application\/ld+json\" class=\"yoast-schema-graph\">{\"@context\":\"https:\/\/schema.org\",\"@graph\":[{\"@type\":\"WebPage\",\"@id\":\"https:\/\/www.cerakotesa.com\/product\/cerakote-platinum-rapid-ceramic-paint-sealant-bulk-ah-rcpaint-q\/\",\"url\":\"https:\/\/www.cerakotesa.com\/product\/cerakote-platinum-rapid-ceramic-paint-sealant-bulk-ah-rcpaint-q\/\",\"name\":\"CERAKOTE\u00ae Platinum Rapid Ceramic Paint Sealant - Bulk AH-RCPAINT - Cerakote South Africa\",\"isPartOf\":{\"@id\":\"https:\/\/www.cerakotesa.com\/#website\"},\"primaryImageOfPage\":{\"@id\":\"https:\/\/www.cerakotesa.com\/product\/cerakote-platinum-rapid-ceramic-paint-sealant-bulk-ah-rcpaint-q\/#primaryimage\"},\"image\":{\"@id\":\"https:\/\/www.cerakotesa.com\/product\/cerakote-platinum-rapid-ceramic-paint-sealant-bulk-ah-rcpaint-q\/#primaryimage\"},\"thumbnailUrl\":\"https:\/\/www.cerakotesa.com\/wp-content\/uploads\/2025\/02\/8_source_1740423630.jpg\",\"datePublished\":\"2025-02-26T14:14:59+00:00\",\"dateModified\":\"2025-12-11T09:54:03+00:00\",\"description\":\"Hands down the highest level of gloss and shine you will ever experience. Achieve mirror-like results in a simple application.\",\"breadcrumb\":{\"@id\":\"https:\/\/www.cerakotesa.com\/product\/cerakote-platinum-rapid-ceramic-paint-sealant-bulk-ah-rcpaint-q\/#breadcrumb\"},\"inLanguage\":\"es\",\"potentialAction\":[{\"@type\":\"ReadAction\",\"target\":[\"https:\/\/www.cerakotesa.com\/product\/cerakote-platinum-rapid-ceramic-paint-sealant-bulk-ah-rcpaint-q\/\"]}]},{\"@type\":\"ImageObject\",\"inLanguage\":\"es\",\"@id\":\"https:\/\/www.cerakotesa.com\/product\/cerakote-platinum-rapid-ceramic-paint-sealant-bulk-ah-rcpaint-q\/#primaryimage\",\"url\":\"https:\/\/www.cerakotesa.com\/wp-content\/uploads\/2025\/02\/8_source_1740423630.jpg\",\"contentUrl\":\"https:\/\/www.cerakotesa.com\/wp-content\/uploads\/2025\/02\/8_source_1740423630.jpg\",\"width\":1280,\"height\":1280},{\"@type\":\"BreadcrumbList\",\"@id\":\"https:\/\/www.cerakotesa.com\/product\/cerakote-platinum-rapid-ceramic-paint-sealant-bulk-ah-rcpaint-q\/#breadcrumb\",\"itemListElement\":[{\"@type\":\"ListItem\",\"position\":1,\"name\":\"Home\",\"item\":\"https:\/\/www.cerakotesa.com\/\"},{\"@type\":\"ListItem\",\"position\":2,\"name\":\"Products\",\"item\":\"https:\/\/www.cerakotesa.com\/shop\/\"},{\"@type\":\"ListItem\",\"position\":3,\"name\":\"CERAKOTE\u00ae Platinum Rapid Ceramic Paint Sealant &#8211; Bulk AH-RCPAINT\"}]},{\"@type\":\"WebSite\",\"@id\":\"https:\/\/www.cerakotesa.com\/#website\",\"url\":\"https:\/\/www.cerakotesa.com\/\",\"name\":\"Cerakote South Africa\",\"description\":\"Cerakote is a global leader in the manufacturing of thin-film protective ceramic coatings\",\"potentialAction\":[{\"@type\":\"SearchAction\",\"target\":{\"@type\":\"EntryPoint\",\"urlTemplate\":\"https:\/\/www.cerakotesa.com\/?s={search_term_string}\"},\"query-input\":{\"@type\":\"PropertyValueSpecification\",\"valueRequired\":true,\"valueName\":\"search_term_string\"}}],\"inLanguage\":\"es\"}]}<\/script>\n<!-- \/ Yoast SEO plugin. -->","yoast_head_json":{"title":"CERAKOTE\u00ae Platinum Rapid Ceramic Paint Sealant - Bulk AH-RCPAINT - Cerakote South Africa","description":"Sin duda, el mayor nivel de brillo y luminosidad que jam\u00e1s haya experimentado. Consigue resultados de espejo con una simple aplicaci\u00f3n.","robots":{"index":"index","follow":"follow","max-snippet":"max-snippet:-1","max-image-preview":"max-image-preview:large","max-video-preview":"max-video-preview:-1"},"canonical":"https:\/\/www.cerakotesa.com\/es\/producto\/cerakote-platinum-rapid-ceramic-paint-sealant-bulk-ah-rcpaint-q\/","og_locale":"es_ES","og_type":"article","og_title":"CERAKOTE\u00ae Platinum Rapid Ceramic Paint Sealant - Bulk AH-RCPAINT - Cerakote South Africa","og_description":"Hands down the highest level of gloss and shine you will ever experience. Achieve mirror-like results in a simple application.","og_url":"https:\/\/www.cerakotesa.com\/es\/producto\/cerakote-platinum-rapid-ceramic-paint-sealant-bulk-ah-rcpaint-q\/","og_site_name":"Cerakote South Africa","article_modified_time":"2025-12-11T09:54:03+00:00","og_image":[{"width":1280,"height":1280,"url":"https:\/\/www.cerakotesa.com\/wp-content\/uploads\/2025\/02\/8_source_1740423630.jpg","type":"image\/jpeg"}],"twitter_card":"summary_large_image","twitter_misc":{"Tiempo de lectura":"1 minuto"},"schema":{"@context":"https:\/\/schema.org","@graph":[{"@type":"WebPage","@id":"https:\/\/www.cerakotesa.com\/product\/cerakote-platinum-rapid-ceramic-paint-sealant-bulk-ah-rcpaint-q\/","url":"https:\/\/www.cerakotesa.com\/product\/cerakote-platinum-rapid-ceramic-paint-sealant-bulk-ah-rcpaint-q\/","name":"CERAKOTE\u00ae Platinum Rapid Ceramic Paint Sealant - Bulk AH-RCPAINT - Cerakote South Africa","isPartOf":{"@id":"https:\/\/www.cerakotesa.com\/#website"},"primaryImageOfPage":{"@id":"https:\/\/www.cerakotesa.com\/product\/cerakote-platinum-rapid-ceramic-paint-sealant-bulk-ah-rcpaint-q\/#primaryimage"},"image":{"@id":"https:\/\/www.cerakotesa.com\/product\/cerakote-platinum-rapid-ceramic-paint-sealant-bulk-ah-rcpaint-q\/#primaryimage"},"thumbnailUrl":"https:\/\/www.cerakotesa.com\/wp-content\/uploads\/2025\/02\/8_source_1740423630.jpg","datePublished":"2025-02-26T14:14:59+00:00","dateModified":"2025-12-11T09:54:03+00:00","description":"Sin duda, el mayor nivel de brillo y luminosidad que jam\u00e1s haya experimentado. Consigue resultados de espejo con una simple aplicaci\u00f3n.","breadcrumb":{"@id":"https:\/\/www.cerakotesa.com\/product\/cerakote-platinum-rapid-ceramic-paint-sealant-bulk-ah-rcpaint-q\/#breadcrumb"},"inLanguage":"es","potentialAction":[{"@type":"ReadAction","target":["https:\/\/www.cerakotesa.com\/product\/cerakote-platinum-rapid-ceramic-paint-sealant-bulk-ah-rcpaint-q\/"]}]},{"@type":"ImageObject","inLanguage":"es","@id":"https:\/\/www.cerakotesa.com\/product\/cerakote-platinum-rapid-ceramic-paint-sealant-bulk-ah-rcpaint-q\/#primaryimage","url":"https:\/\/www.cerakotesa.com\/wp-content\/uploads\/2025\/02\/8_source_1740423630.jpg","contentUrl":"https:\/\/www.cerakotesa.com\/wp-content\/uploads\/2025\/02\/8_source_1740423630.jpg","width":1280,"height":1280},{"@type":"BreadcrumbList","@id":"https:\/\/www.cerakotesa.com\/product\/cerakote-platinum-rapid-ceramic-paint-sealant-bulk-ah-rcpaint-q\/#breadcrumb","itemListElement":[{"@type":"ListItem","position":1,"name":"Home","item":"https:\/\/www.cerakotesa.com\/"},{"@type":"ListItem","position":2,"name":"Products","item":"https:\/\/www.cerakotesa.com\/shop\/"},{"@type":"ListItem","position":3,"name":"CERAKOTE\u00ae Platinum Rapid Ceramic Paint Sealant &#8211; Bulk AH-RCPAINT"}]},{"@type":"WebSite","@id":"https:\/\/www.cerakotesa.com\/#website","url":"https:\/\/www.cerakotesa.com\/","name":"Cerakote South Africa","description":"Cerakote es l\u00edder mundial en la fabricaci\u00f3n de recubrimientos cer\u00e1micos protectores de capa fina.","potentialAction":[{"@type":"SearchAction","target":{"@type":"EntryPoint","urlTemplate":"https:\/\/www.cerakotesa.com\/?s={search_term_string}"},"query-input":{"@type":"PropertyValueSpecification","valueRequired":true,"valueName":"search_term_string"}}],"inLanguage":"es"}]}},"acf":[],"_links":{"self":[{"href":"https:\/\/www.cerakotesa.com\/es\/wp-json\/wp\/v2\/product\/20630","targetHints":{"allow":["GET"]}}],"collection":[{"href":"https:\/\/www.cerakotesa.com\/es\/wp-json\/wp\/v2\/product"}],"about":[{"href":"https:\/\/www.cerakotesa.com\/es\/wp-json\/wp\/v2\/types\/product"}],"replies":[{"embeddable":true,"href":"https:\/\/www.cerakotesa.com\/es\/wp-json\/wp\/v2\/comments?post=20630"}],"wp:featuredmedia":[{"embeddable":true,"href":"https:\/\/www.cerakotesa.com\/es\/wp-json\/wp\/v2\/media\/20631"}],"wp:attachment":[{"href":"https:\/\/www.cerakotesa.com\/es\/wp-json\/wp\/v2\/media?parent=20630"}],"wp:term":[{"taxonomy":"product_brand","embeddable":true,"href":"https:\/\/www.cerakotesa.com\/es\/wp-json\/wp\/v2\/product_brand?post=20630"},{"taxonomy":"product_cat","embeddable":true,"href":"https:\/\/www.cerakotesa.com\/es\/wp-json\/wp\/v2\/product_cat?post=20630"},{"taxonomy":"product_tag","embeddable":true,"href":"https:\/\/www.cerakotesa.com\/es\/wp-json\/wp\/v2\/product_tag?post=20630"}],"curies":[{"name":"wp","href":"https:\/\/api.w.org\/{rel}","templated":true}]}}