{"id":20989,"date":"2025-03-11T13:21:29","date_gmt":"2025-03-11T13:21:29","guid":{"rendered":"https:\/\/www.cerakotesa.com\/?post_type=product&#038;p=20989"},"modified":"2025-04-08T10:49:48","modified_gmt":"2025-04-08T10:49:48","slug":"cerakote-premium-microfiber-towels-12-5-x-12-5-ah-microtowel","status":"publish","type":"product","link":"https:\/\/www.cerakotesa.com\/es\/producto\/cerakote-premium-microfiber-towels-12-5-x-12-5-ah-microtowel\/","title":{"rendered":"Toallas de microfibra premium Cerakote\u00ae (12,5\u2033 x 12,5\u2033) AH-MICROTOWEL12"},"content":{"rendered":"","protected":false},"excerpt":{"rendered":"<p>Disfrute de una calidad que trabaja tan duro como usted con las toallas de aplicaci\u00f3n y limpieza de microfibra de Cerakote. Tanto si se trata de un agotador trabajo de detallado como de un d\u00eda de limpieza primaveral, nuestra microfibra de calidad deja un brillo sin rayas y no deja pelusa. El material de 300 GSM mantiene una puntada duradera, lo que significa que puede aprovechar al m\u00e1ximo nuestras toallas lavado tras lavado.<\/p>","protected":false},"featured_media":20994,"comment_status":"closed","ping_status":"closed","template":"","meta":{"_acf_changed":false},"product_brand":[],"product_cat":[1056],"product_tag":[1175,33,1179,1178,1180,1177],"class_list":{"0":"post-20989","1":"product","2":"type-product","3":"status-publish","4":"has-post-thumbnail","6":"product_cat-auto-home","7":"product_tag-applicator","8":"product_tag-cerakote","9":"product_tag-cloth","10":"product_tag-fibre","11":"product_tag-lint-free","12":"product_tag-micro","13":"product_shipping_class-flat-rate","15":"first","16":"instock","17":"taxable","18":"shipping-taxable","19":"product-type-simple"},"yoast_head":"<!-- This site is optimized with the Yoast SEO plugin v26.7 - https:\/\/yoast.com\/wordpress\/plugins\/seo\/ -->\n<title>Cerakote\u00ae Premium Microfiber Towels (12.5&quot; x 12.5&quot;) AH-MICROTOWEL12 - Cerakote South Africa<\/title>\n<meta name=\"robots\" content=\"index, follow, max-snippet:-1, max-image-preview:large, max-video-preview:-1\" \/>\n<link rel=\"canonical\" href=\"https:\/\/www.cerakotesa.com\/es\/producto\/cerakote-premium-microfiber-towels-12-5-x-12-5-ah-microtowel\/\" \/>\n<meta property=\"og:locale\" content=\"es_ES\" \/>\n<meta property=\"og:type\" content=\"article\" \/>\n<meta property=\"og:title\" content=\"Cerakote\u00ae Premium Microfiber Towels (12.5&quot; x 12.5&quot;) AH-MICROTOWEL12 - Cerakote South Africa\" \/>\n<meta property=\"og:description\" content=\"Enjoy quality that works as hard as you do with Cerakote&#039;s microfiber application and cleaning towels. Whether completing a grueling detailing job or a day of Spring cleaning, our quality microfiber leaves a streak free shine while leaving behind zero lint! The 300 GSM material keeps a durable stitch that lasts, meaning you can get full usage of our towels for wash after wash!\" \/>\n<meta property=\"og:url\" content=\"https:\/\/www.cerakotesa.com\/es\/producto\/cerakote-premium-microfiber-towels-12-5-x-12-5-ah-microtowel\/\" \/>\n<meta property=\"og:site_name\" content=\"Cerakote South Africa\" \/>\n<meta property=\"article:modified_time\" content=\"2025-04-08T10:49:48+00:00\" \/>\n<meta property=\"og:image\" content=\"https:\/\/www.cerakotesa.com\/wp-content\/uploads\/2025\/03\/18_source_1728318877.jpg\" \/>\n\t<meta property=\"og:image:width\" content=\"1280\" \/>\n\t<meta property=\"og:image:height\" content=\"1280\" \/>\n\t<meta property=\"og:image:type\" content=\"image\/jpeg\" \/>\n<meta name=\"twitter:card\" content=\"summary_large_image\" \/>\n<meta name=\"twitter:label1\" content=\"Tiempo de lectura\" \/>\n\t<meta name=\"twitter:data1\" content=\"1 minuto\" \/>\n<script type=\"application\/ld+json\" class=\"yoast-schema-graph\">{\"@context\":\"https:\/\/schema.org\",\"@graph\":[{\"@type\":\"WebPage\",\"@id\":\"https:\/\/www.cerakotesa.com\/product\/cerakote-premium-microfiber-towels-12-5-x-12-5-ah-microtowel\/\",\"url\":\"https:\/\/www.cerakotesa.com\/product\/cerakote-premium-microfiber-towels-12-5-x-12-5-ah-microtowel\/\",\"name\":\"Cerakote\u00ae Premium Microfiber Towels (12.5\\\" x 12.5\\\") AH-MICROTOWEL12 - Cerakote South Africa\",\"isPartOf\":{\"@id\":\"https:\/\/www.cerakotesa.com\/#website\"},\"primaryImageOfPage\":{\"@id\":\"https:\/\/www.cerakotesa.com\/product\/cerakote-premium-microfiber-towels-12-5-x-12-5-ah-microtowel\/#primaryimage\"},\"image\":{\"@id\":\"https:\/\/www.cerakotesa.com\/product\/cerakote-premium-microfiber-towels-12-5-x-12-5-ah-microtowel\/#primaryimage\"},\"thumbnailUrl\":\"https:\/\/www.cerakotesa.com\/wp-content\/uploads\/2025\/03\/18_source_1728318877.jpg\",\"datePublished\":\"2025-03-11T13:21:29+00:00\",\"dateModified\":\"2025-04-08T10:49:48+00:00\",\"breadcrumb\":{\"@id\":\"https:\/\/www.cerakotesa.com\/product\/cerakote-premium-microfiber-towels-12-5-x-12-5-ah-microtowel\/#breadcrumb\"},\"inLanguage\":\"es\",\"potentialAction\":[{\"@type\":\"ReadAction\",\"target\":[\"https:\/\/www.cerakotesa.com\/product\/cerakote-premium-microfiber-towels-12-5-x-12-5-ah-microtowel\/\"]}]},{\"@type\":\"ImageObject\",\"inLanguage\":\"es\",\"@id\":\"https:\/\/www.cerakotesa.com\/product\/cerakote-premium-microfiber-towels-12-5-x-12-5-ah-microtowel\/#primaryimage\",\"url\":\"https:\/\/www.cerakotesa.com\/wp-content\/uploads\/2025\/03\/18_source_1728318877.jpg\",\"contentUrl\":\"https:\/\/www.cerakotesa.com\/wp-content\/uploads\/2025\/03\/18_source_1728318877.jpg\",\"width\":1280,\"height\":1280},{\"@type\":\"BreadcrumbList\",\"@id\":\"https:\/\/www.cerakotesa.com\/product\/cerakote-premium-microfiber-towels-12-5-x-12-5-ah-microtowel\/#breadcrumb\",\"itemListElement\":[{\"@type\":\"ListItem\",\"position\":1,\"name\":\"Home\",\"item\":\"https:\/\/www.cerakotesa.com\/\"},{\"@type\":\"ListItem\",\"position\":2,\"name\":\"Products\",\"item\":\"https:\/\/www.cerakotesa.com\/shop\/\"},{\"@type\":\"ListItem\",\"position\":3,\"name\":\"Cerakote\u00ae Premium Microfiber Towels (12.5&#8243; x 12.5&#8243;) AH-MICROTOWEL12\"}]},{\"@type\":\"WebSite\",\"@id\":\"https:\/\/www.cerakotesa.com\/#website\",\"url\":\"https:\/\/www.cerakotesa.com\/\",\"name\":\"Cerakote South Africa\",\"description\":\"Cerakote is a global leader in the manufacturing of thin-film protective ceramic coatings\",\"potentialAction\":[{\"@type\":\"SearchAction\",\"target\":{\"@type\":\"EntryPoint\",\"urlTemplate\":\"https:\/\/www.cerakotesa.com\/?s={search_term_string}\"},\"query-input\":{\"@type\":\"PropertyValueSpecification\",\"valueRequired\":true,\"valueName\":\"search_term_string\"}}],\"inLanguage\":\"es\"}]}<\/script>\n<!-- \/ Yoast SEO plugin. -->","yoast_head_json":{"title":"Cerakote\u00ae Premium Microfiber Towels (12.5\" x 12.5\") AH-MICROTOWEL12 - Cerakote South Africa","robots":{"index":"index","follow":"follow","max-snippet":"max-snippet:-1","max-image-preview":"max-image-preview:large","max-video-preview":"max-video-preview:-1"},"canonical":"https:\/\/www.cerakotesa.com\/es\/producto\/cerakote-premium-microfiber-towels-12-5-x-12-5-ah-microtowel\/","og_locale":"es_ES","og_type":"article","og_title":"Cerakote\u00ae Premium Microfiber Towels (12.5\" x 12.5\") AH-MICROTOWEL12 - Cerakote South Africa","og_description":"Enjoy quality that works as hard as you do with Cerakote's microfiber application and cleaning towels. Whether completing a grueling detailing job or a day of Spring cleaning, our quality microfiber leaves a streak free shine while leaving behind zero lint! The 300 GSM material keeps a durable stitch that lasts, meaning you can get full usage of our towels for wash after wash!","og_url":"https:\/\/www.cerakotesa.com\/es\/producto\/cerakote-premium-microfiber-towels-12-5-x-12-5-ah-microtowel\/","og_site_name":"Cerakote South Africa","article_modified_time":"2025-04-08T10:49:48+00:00","og_image":[{"width":1280,"height":1280,"url":"https:\/\/www.cerakotesa.com\/wp-content\/uploads\/2025\/03\/18_source_1728318877.jpg","type":"image\/jpeg"}],"twitter_card":"summary_large_image","twitter_misc":{"Tiempo de lectura":"1 minuto"},"schema":{"@context":"https:\/\/schema.org","@graph":[{"@type":"WebPage","@id":"https:\/\/www.cerakotesa.com\/product\/cerakote-premium-microfiber-towels-12-5-x-12-5-ah-microtowel\/","url":"https:\/\/www.cerakotesa.com\/product\/cerakote-premium-microfiber-towels-12-5-x-12-5-ah-microtowel\/","name":"Cerakote\u00ae Premium Microfiber Towels (12.5\" x 12.5\") AH-MICROTOWEL12 - Cerakote South Africa","isPartOf":{"@id":"https:\/\/www.cerakotesa.com\/#website"},"primaryImageOfPage":{"@id":"https:\/\/www.cerakotesa.com\/product\/cerakote-premium-microfiber-towels-12-5-x-12-5-ah-microtowel\/#primaryimage"},"image":{"@id":"https:\/\/www.cerakotesa.com\/product\/cerakote-premium-microfiber-towels-12-5-x-12-5-ah-microtowel\/#primaryimage"},"thumbnailUrl":"https:\/\/www.cerakotesa.com\/wp-content\/uploads\/2025\/03\/18_source_1728318877.jpg","datePublished":"2025-03-11T13:21:29+00:00","dateModified":"2025-04-08T10:49:48+00:00","breadcrumb":{"@id":"https:\/\/www.cerakotesa.com\/product\/cerakote-premium-microfiber-towels-12-5-x-12-5-ah-microtowel\/#breadcrumb"},"inLanguage":"es","potentialAction":[{"@type":"ReadAction","target":["https:\/\/www.cerakotesa.com\/product\/cerakote-premium-microfiber-towels-12-5-x-12-5-ah-microtowel\/"]}]},{"@type":"ImageObject","inLanguage":"es","@id":"https:\/\/www.cerakotesa.com\/product\/cerakote-premium-microfiber-towels-12-5-x-12-5-ah-microtowel\/#primaryimage","url":"https:\/\/www.cerakotesa.com\/wp-content\/uploads\/2025\/03\/18_source_1728318877.jpg","contentUrl":"https:\/\/www.cerakotesa.com\/wp-content\/uploads\/2025\/03\/18_source_1728318877.jpg","width":1280,"height":1280},{"@type":"BreadcrumbList","@id":"https:\/\/www.cerakotesa.com\/product\/cerakote-premium-microfiber-towels-12-5-x-12-5-ah-microtowel\/#breadcrumb","itemListElement":[{"@type":"ListItem","position":1,"name":"Home","item":"https:\/\/www.cerakotesa.com\/"},{"@type":"ListItem","position":2,"name":"Products","item":"https:\/\/www.cerakotesa.com\/shop\/"},{"@type":"ListItem","position":3,"name":"Cerakote\u00ae Premium Microfiber Towels (12.5&#8243; x 12.5&#8243;) AH-MICROTOWEL12"}]},{"@type":"WebSite","@id":"https:\/\/www.cerakotesa.com\/#website","url":"https:\/\/www.cerakotesa.com\/","name":"Cerakote South Africa","description":"Cerakote es l\u00edder mundial en la fabricaci\u00f3n de recubrimientos cer\u00e1micos protectores de capa fina.","potentialAction":[{"@type":"SearchAction","target":{"@type":"EntryPoint","urlTemplate":"https:\/\/www.cerakotesa.com\/?s={search_term_string}"},"query-input":{"@type":"PropertyValueSpecification","valueRequired":true,"valueName":"search_term_string"}}],"inLanguage":"es"}]}},"acf":[],"_links":{"self":[{"href":"https:\/\/www.cerakotesa.com\/es\/wp-json\/wp\/v2\/product\/20989","targetHints":{"allow":["GET"]}}],"collection":[{"href":"https:\/\/www.cerakotesa.com\/es\/wp-json\/wp\/v2\/product"}],"about":[{"href":"https:\/\/www.cerakotesa.com\/es\/wp-json\/wp\/v2\/types\/product"}],"replies":[{"embeddable":true,"href":"https:\/\/www.cerakotesa.com\/es\/wp-json\/wp\/v2\/comments?post=20989"}],"wp:featuredmedia":[{"embeddable":true,"href":"https:\/\/www.cerakotesa.com\/es\/wp-json\/wp\/v2\/media\/20994"}],"wp:attachment":[{"href":"https:\/\/www.cerakotesa.com\/es\/wp-json\/wp\/v2\/media?parent=20989"}],"wp:term":[{"taxonomy":"product_brand","embeddable":true,"href":"https:\/\/www.cerakotesa.com\/es\/wp-json\/wp\/v2\/product_brand?post=20989"},{"taxonomy":"product_cat","embeddable":true,"href":"https:\/\/www.cerakotesa.com\/es\/wp-json\/wp\/v2\/product_cat?post=20989"},{"taxonomy":"product_tag","embeddable":true,"href":"https:\/\/www.cerakotesa.com\/es\/wp-json\/wp\/v2\/product_tag?post=20989"}],"curies":[{"name":"wp","href":"https:\/\/api.w.org\/{rel}","templated":true}]}}