{"id":21602,"date":"2025-04-17T14:49:16","date_gmt":"2025-04-17T14:49:16","guid":{"rendered":"https:\/\/www.cerakotesa.com\/?post_type=product&#038;p=21602"},"modified":"2025-12-11T09:50:28","modified_gmt":"2025-12-11T09:50:28","slug":"cerakote-fx-mardi-gras-fx-117","status":"publish","type":"product","link":"https:\/\/www.cerakotesa.com\/es\/producto\/cerakote-fx-mardi-gras-fx-117\/","title":{"rendered":"CERAKOTE\u00ae FX MARDI GRAS FX-117"},"content":{"rendered":"","protected":false},"excerpt":{"rendered":"<p>Cerakote FX Mardi Gras tiene un atrevido acabado que cambia de color y captura el verdadero esp\u00edritu del Mardi Gras con un vibrante flop met\u00e1lico morado y verde que baila con la luz.<\/p>\n<p>(La imagen del panel S es Mardi Gras sobre <a href=\"https:\/\/www.cerakotesa.com\/product\/graphite-black-h-146\/\">Graphite Black.<\/a>)<\/p>\n<p><strong>Cerakote FX est\u00e1 disponible en dos tama\u00f1os:<span class=\"Apple-converted-space\">\u00a0 <\/span>4 gramos y 32 gramos.<span class=\"Apple-converted-space\">\u00a0 <\/span>Para obtener los mejores resultados, recomendamos mezclar en una proporci\u00f3n de un gramo de FX por una onza de Cerakote Clear (H-300 o H-301).<\/strong><\/p>\n<p>Ejemplo:<\/p>\n<ul>\n<li>4 gramos: A\u00f1adir a 1 Probador<\/li>\n<li>32 gramos: A\u00f1adir a 1 litro<\/li>\n<\/ul>\n<p>Cerakote FX lleva la personalizaci\u00f3n a otro nivel. Cerakote FX es un aditivo dise\u00f1ado y probado espec\u00edficamente para mezclarse con nuestros barnices de la serie H (<a href=\"https:\/\/www.cerakotesa.com\/product\/high-gloss-armor-clear-h-300\/\">H-300<\/a> y <a href=\"https:\/\/www.cerakotesa.com\/product\/matte-armor-clear-h-301\/\">H-301<\/a>), y rociado sobre un Cerakote <a href=\"https:\/\/www.cerakotesa.com\/product-category\/cerakote-coatings\/\">capa base de tono s\u00f3lido<\/a>. Esto crea un nuevo brillo y un aspecto que va de suave a salvaje, dependiendo de la combinaci\u00f3n utilizada.<\/p>\n<p>Cerakote FX est\u00e1 dise\u00f1ado para ser utilizado con Clears de la Serie H, que luego se roc\u00eda sobre una capa base de tono s\u00f3lido Cerakote. (NOTA: Cerakote FX se aplica MOJADO SOBRE MOJADO. Su art\u00edculo NO ir\u00e1 al horno hasta despu\u00e9s de haber aplicado el FX).<\/p>\n<p>Los materiales Cerakote FX se seleccionaron espec\u00edficamente por sus elevadas prestaciones, entre las que se incluyen: resistencia a la corrosi\u00f3n y a la intemperie, resistencia a los ara\u00f1azos, a los golpes y a los impactos, as\u00ed como capacidad de adhesi\u00f3n dentro del sistema Cerakote.<span class=\"Apple-converted-space\">\u00a0 <\/span>En otras palabras, cumplen los estrictos criterios para llevar la marca Cerakote.<\/p>\n<p>Las posibilidades de personalizaci\u00f3n son infinitas: \u00a1disfrute dando rienda suelta a su creatividad!<\/p>\n<p>https:\/\/youtu.be\/YcP2RCOS9v8?si=SzTyztxBjGGlMQOW<\/p>","protected":false},"featured_media":21689,"comment_status":"open","ping_status":"closed","template":"","meta":{"_acf_changed":false},"product_brand":[],"product_cat":[841],"product_tag":[840,842,1184],"class_list":{"0":"post-21602","1":"product","2":"type-product","3":"status-publish","4":"has-post-thumbnail","6":"product_cat-cerakote-fx","7":"product_tag-cerakote-fx","8":"product_tag-fx","9":"product_tag-mardi-gras-fx","10":"product_shipping_class-flat-rate","12":"first","13":"instock","14":"taxable","15":"shipping-taxable","16":"product-type-variable"},"yoast_head":"<!-- This site is optimized with the Yoast SEO plugin v26.7 - https:\/\/yoast.com\/wordpress\/plugins\/seo\/ -->\n<title>CERAKOTE\u00ae FX MARDI GRAS FX-117 - Cerakote South Africa<\/title>\n<meta name=\"robots\" content=\"index, follow, max-snippet:-1, max-image-preview:large, max-video-preview:-1\" \/>\n<link rel=\"canonical\" href=\"https:\/\/www.cerakotesa.com\/es\/producto\/cerakote-fx-mardi-gras-fx-117\/\" \/>\n<meta property=\"og:locale\" content=\"es_ES\" \/>\n<meta property=\"og:type\" content=\"article\" \/>\n<meta property=\"og:title\" content=\"CERAKOTE\u00ae FX MARDI GRAS FX-117 - Cerakote South Africa\" \/>\n<meta property=\"og:description\" content=\"Cerakote FX Mardi Gras has a bold colour-shifting finish that captures the true spirit of Mardi Gras with a vibrant purple and green metallic flop that dances in the light.  (S panel image is Mardi Gras over Graphite Black.)  Cerakote FX is available in two sizes:\u00a0 4 grams and 32 grams.\u00a0 For best results, we recommend mixing at a ratio of one gram of FX to one ounce of Cerakote Clear (H-300 or H-301).  Example:   4 grams: Add to 1 Tester  32 grams: Add to 1 Quart  Cerakote FX takes custom to another level. Cerakote FX is an additive that is specifically designed and tested to be mixed with our H-Series Clears (H-300 and H-301), and sprayed over a Cerakote solid tone base coat. This creates a new sheen and look that is anywhere from mild to wild, depending on the combination used.  Cerakote FX is designed to be used with H-Series Clears, that is then sprayed over a Cerakote solid tone base coat. (NOTE: Cerakote FX is applied WET OVER WET. Your item will NOT go into the oven until after the FX has been applied.)  Cerakote FX materials were sourced specifically for their high performance attributes including: corrosion and weather resistance, scratch, gouge and impact resistance, as well as bond-ability within the Cerakote system.\u00a0 In other words, they meet the stringent criteria to wear the Cerakote brand name.  The customisation possibilities are endless \u2013 enjoy unleashing your creativity!  https:\/\/youtu.be\/YcP2RCOS9v8?si=SzTyztxBjGGlMQOW\" \/>\n<meta property=\"og:url\" content=\"https:\/\/www.cerakotesa.com\/es\/producto\/cerakote-fx-mardi-gras-fx-117\/\" \/>\n<meta property=\"og:site_name\" content=\"Cerakote South Africa\" \/>\n<meta property=\"article:modified_time\" content=\"2025-12-11T09:50:28+00:00\" \/>\n<meta name=\"twitter:card\" content=\"summary_large_image\" \/>\n<meta name=\"twitter:label1\" content=\"Tiempo de lectura\" \/>\n\t<meta name=\"twitter:data1\" content=\"1 minuto\" \/>\n<script type=\"application\/ld+json\" class=\"yoast-schema-graph\">{\"@context\":\"https:\/\/schema.org\",\"@graph\":[{\"@type\":\"WebPage\",\"@id\":\"https:\/\/www.cerakotesa.com\/product\/cerakote-fx-mardi-gras-fx-117\/\",\"url\":\"https:\/\/www.cerakotesa.com\/product\/cerakote-fx-mardi-gras-fx-117\/\",\"name\":\"CERAKOTE\u00ae FX MARDI GRAS FX-117 - Cerakote South Africa\",\"isPartOf\":{\"@id\":\"https:\/\/www.cerakotesa.com\/#website\"},\"primaryImageOfPage\":{\"@id\":\"https:\/\/www.cerakotesa.com\/product\/cerakote-fx-mardi-gras-fx-117\/#primaryimage\"},\"image\":{\"@id\":\"https:\/\/www.cerakotesa.com\/product\/cerakote-fx-mardi-gras-fx-117\/#primaryimage\"},\"thumbnailUrl\":\"https:\/\/www.cerakotesa.com\/wp-content\/uploads\/2025\/04\/cerakote-fx-mardi-gras-fx-117-dt20250422155719881461-thumbnail.jpg.avif\",\"datePublished\":\"2025-04-17T14:49:16+00:00\",\"dateModified\":\"2025-12-11T09:50:28+00:00\",\"breadcrumb\":{\"@id\":\"https:\/\/www.cerakotesa.com\/product\/cerakote-fx-mardi-gras-fx-117\/#breadcrumb\"},\"inLanguage\":\"es\",\"potentialAction\":[{\"@type\":\"ReadAction\",\"target\":[\"https:\/\/www.cerakotesa.com\/product\/cerakote-fx-mardi-gras-fx-117\/\"]}]},{\"@type\":\"ImageObject\",\"inLanguage\":\"es\",\"@id\":\"https:\/\/www.cerakotesa.com\/product\/cerakote-fx-mardi-gras-fx-117\/#primaryimage\",\"url\":\"https:\/\/www.cerakotesa.com\/wp-content\/uploads\/2025\/04\/cerakote-fx-mardi-gras-fx-117-dt20250422155719881461-thumbnail.jpg.avif\",\"contentUrl\":\"https:\/\/www.cerakotesa.com\/wp-content\/uploads\/2025\/04\/cerakote-fx-mardi-gras-fx-117-dt20250422155719881461-thumbnail.jpg.avif\",\"width\":600,\"height\":600},{\"@type\":\"BreadcrumbList\",\"@id\":\"https:\/\/www.cerakotesa.com\/product\/cerakote-fx-mardi-gras-fx-117\/#breadcrumb\",\"itemListElement\":[{\"@type\":\"ListItem\",\"position\":1,\"name\":\"Home\",\"item\":\"https:\/\/www.cerakotesa.com\/\"},{\"@type\":\"ListItem\",\"position\":2,\"name\":\"Products\",\"item\":\"https:\/\/www.cerakotesa.com\/shop\/\"},{\"@type\":\"ListItem\",\"position\":3,\"name\":\"CERAKOTE\u00ae FX MARDI GRAS FX-117\"}]},{\"@type\":\"WebSite\",\"@id\":\"https:\/\/www.cerakotesa.com\/#website\",\"url\":\"https:\/\/www.cerakotesa.com\/\",\"name\":\"Cerakote South Africa\",\"description\":\"Cerakote is a global leader in the manufacturing of thin-film protective ceramic coatings\",\"potentialAction\":[{\"@type\":\"SearchAction\",\"target\":{\"@type\":\"EntryPoint\",\"urlTemplate\":\"https:\/\/www.cerakotesa.com\/?s={search_term_string}\"},\"query-input\":{\"@type\":\"PropertyValueSpecification\",\"valueRequired\":true,\"valueName\":\"search_term_string\"}}],\"inLanguage\":\"es\"}]}<\/script>\n<!-- \/ Yoast SEO plugin. -->","yoast_head_json":{"title":"CERAKOTE\u00ae FX MARDI GRAS FX-117 - Cerakote South Africa","robots":{"index":"index","follow":"follow","max-snippet":"max-snippet:-1","max-image-preview":"max-image-preview:large","max-video-preview":"max-video-preview:-1"},"canonical":"https:\/\/www.cerakotesa.com\/es\/producto\/cerakote-fx-mardi-gras-fx-117\/","og_locale":"es_ES","og_type":"article","og_title":"CERAKOTE\u00ae FX MARDI GRAS FX-117 - Cerakote South Africa","og_description":"Cerakote FX Mardi Gras has a bold colour-shifting finish that captures the true spirit of Mardi Gras with a vibrant purple and green metallic flop that dances in the light.  (S panel image is Mardi Gras over Graphite Black.)  Cerakote FX is available in two sizes:\u00a0 4 grams and 32 grams.\u00a0 For best results, we recommend mixing at a ratio of one gram of FX to one ounce of Cerakote Clear (H-300 or H-301).  Example:   4 grams: Add to 1 Tester  32 grams: Add to 1 Quart  Cerakote FX takes custom to another level. Cerakote FX is an additive that is specifically designed and tested to be mixed with our H-Series Clears (H-300 and H-301), and sprayed over a Cerakote solid tone base coat. This creates a new sheen and look that is anywhere from mild to wild, depending on the combination used.  Cerakote FX is designed to be used with H-Series Clears, that is then sprayed over a Cerakote solid tone base coat. (NOTE: Cerakote FX is applied WET OVER WET. Your item will NOT go into the oven until after the FX has been applied.)  Cerakote FX materials were sourced specifically for their high performance attributes including: corrosion and weather resistance, scratch, gouge and impact resistance, as well as bond-ability within the Cerakote system.\u00a0 In other words, they meet the stringent criteria to wear the Cerakote brand name.  The customisation possibilities are endless \u2013 enjoy unleashing your creativity!  https:\/\/youtu.be\/YcP2RCOS9v8?si=SzTyztxBjGGlMQOW","og_url":"https:\/\/www.cerakotesa.com\/es\/producto\/cerakote-fx-mardi-gras-fx-117\/","og_site_name":"Cerakote South Africa","article_modified_time":"2025-12-11T09:50:28+00:00","twitter_card":"summary_large_image","twitter_misc":{"Tiempo de lectura":"1 minuto"},"schema":{"@context":"https:\/\/schema.org","@graph":[{"@type":"WebPage","@id":"https:\/\/www.cerakotesa.com\/product\/cerakote-fx-mardi-gras-fx-117\/","url":"https:\/\/www.cerakotesa.com\/product\/cerakote-fx-mardi-gras-fx-117\/","name":"CERAKOTE\u00ae FX MARDI GRAS FX-117 - Cerakote South Africa","isPartOf":{"@id":"https:\/\/www.cerakotesa.com\/#website"},"primaryImageOfPage":{"@id":"https:\/\/www.cerakotesa.com\/product\/cerakote-fx-mardi-gras-fx-117\/#primaryimage"},"image":{"@id":"https:\/\/www.cerakotesa.com\/product\/cerakote-fx-mardi-gras-fx-117\/#primaryimage"},"thumbnailUrl":"https:\/\/www.cerakotesa.com\/wp-content\/uploads\/2025\/04\/cerakote-fx-mardi-gras-fx-117-dt20250422155719881461-thumbnail.jpg.avif","datePublished":"2025-04-17T14:49:16+00:00","dateModified":"2025-12-11T09:50:28+00:00","breadcrumb":{"@id":"https:\/\/www.cerakotesa.com\/product\/cerakote-fx-mardi-gras-fx-117\/#breadcrumb"},"inLanguage":"es","potentialAction":[{"@type":"ReadAction","target":["https:\/\/www.cerakotesa.com\/product\/cerakote-fx-mardi-gras-fx-117\/"]}]},{"@type":"ImageObject","inLanguage":"es","@id":"https:\/\/www.cerakotesa.com\/product\/cerakote-fx-mardi-gras-fx-117\/#primaryimage","url":"https:\/\/www.cerakotesa.com\/wp-content\/uploads\/2025\/04\/cerakote-fx-mardi-gras-fx-117-dt20250422155719881461-thumbnail.jpg.avif","contentUrl":"https:\/\/www.cerakotesa.com\/wp-content\/uploads\/2025\/04\/cerakote-fx-mardi-gras-fx-117-dt20250422155719881461-thumbnail.jpg.avif","width":600,"height":600},{"@type":"BreadcrumbList","@id":"https:\/\/www.cerakotesa.com\/product\/cerakote-fx-mardi-gras-fx-117\/#breadcrumb","itemListElement":[{"@type":"ListItem","position":1,"name":"Home","item":"https:\/\/www.cerakotesa.com\/"},{"@type":"ListItem","position":2,"name":"Products","item":"https:\/\/www.cerakotesa.com\/shop\/"},{"@type":"ListItem","position":3,"name":"CERAKOTE\u00ae FX MARDI GRAS FX-117"}]},{"@type":"WebSite","@id":"https:\/\/www.cerakotesa.com\/#website","url":"https:\/\/www.cerakotesa.com\/","name":"Cerakote South Africa","description":"Cerakote es l\u00edder mundial en la fabricaci\u00f3n de recubrimientos cer\u00e1micos protectores de capa fina.","potentialAction":[{"@type":"SearchAction","target":{"@type":"EntryPoint","urlTemplate":"https:\/\/www.cerakotesa.com\/?s={search_term_string}"},"query-input":{"@type":"PropertyValueSpecification","valueRequired":true,"valueName":"search_term_string"}}],"inLanguage":"es"}]}},"acf":[],"_links":{"self":[{"href":"https:\/\/www.cerakotesa.com\/es\/wp-json\/wp\/v2\/product\/21602","targetHints":{"allow":["GET"]}}],"collection":[{"href":"https:\/\/www.cerakotesa.com\/es\/wp-json\/wp\/v2\/product"}],"about":[{"href":"https:\/\/www.cerakotesa.com\/es\/wp-json\/wp\/v2\/types\/product"}],"replies":[{"embeddable":true,"href":"https:\/\/www.cerakotesa.com\/es\/wp-json\/wp\/v2\/comments?post=21602"}],"wp:featuredmedia":[{"embeddable":true,"href":"https:\/\/www.cerakotesa.com\/es\/wp-json\/wp\/v2\/media\/21689"}],"wp:attachment":[{"href":"https:\/\/www.cerakotesa.com\/es\/wp-json\/wp\/v2\/media?parent=21602"}],"wp:term":[{"taxonomy":"product_brand","embeddable":true,"href":"https:\/\/www.cerakotesa.com\/es\/wp-json\/wp\/v2\/product_brand?post=21602"},{"taxonomy":"product_cat","embeddable":true,"href":"https:\/\/www.cerakotesa.com\/es\/wp-json\/wp\/v2\/product_cat?post=21602"},{"taxonomy":"product_tag","embeddable":true,"href":"https:\/\/www.cerakotesa.com\/es\/wp-json\/wp\/v2\/product_tag?post=21602"}],"curies":[{"name":"wp","href":"https:\/\/api.w.org\/{rel}","templated":true}]}}