{"id":23173,"date":"2025-08-04T10:35:27","date_gmt":"2025-08-04T10:35:27","guid":{"rendered":"https:\/\/www.cerakotesa.com\/?post_type=product&#038;p=23173"},"modified":"2025-12-12T21:02:34","modified_gmt":"2025-12-12T21:02:34","slug":"f-series-swatch-set-se-2305","status":"publish","type":"product","link":"https:\/\/www.cerakotesa.com\/es\/producto\/f-series-swatch-set-se-2305\/","title":{"rendered":"FX Swatch Set"},"content":{"rendered":"","protected":false},"excerpt":{"rendered":"<p>Our FX Swatch Set includes a curated collection of aluminum swatches showcasing our dynamic, color-shifting FX finishes over a Graphite Black base. Each swatch lets you witness first\u2011hand the bold metallic color-shifts and vivid color\u2011flop effects that transform under shifting light and angles.<\/p>\n<p>Swatch sets allow you and your customer to physically look at and touch the coating. With the purchase of the FX Swatch Set you will receive all of the available FX colors.<\/p>\n<p><b>The FX Swatch Set includes:<\/b><\/p>\n<ul>\n<li><a href=\"https:\/\/www.cerakotesa.com\/product\/cerakote-fx-blaze-fx-101\/\" target=\"_blank\" rel=\"noopener\">FX Blaze FX-101<\/a><\/li>\n<li><a href=\"https:\/\/www.cerakotesa.com\/product\/cerakote-fx-cosmix-fx-102\/\" target=\"_blank\" rel=\"noopener\">FX Cosmic FX-102<\/a><\/li>\n<li><a href=\"https:\/\/www.cerakotesa.com\/product\/cerakote-fx-liberty-fx-104\/\" target=\"_blank\" rel=\"noopener\">FX Liberty FX-104<\/a><\/li>\n<li><a href=\"https:\/\/www.cerakotesa.com\/product\/cerakote-fx-mystique-fx-105\/\" target=\"_blank\" rel=\"noopener\">FX Mystique FX-105<\/a><\/li>\n<li><a href=\"https:\/\/www.cerakotesa.com\/product\/cerakote-fx-ranger-fx-106\/\" target=\"_blank\" rel=\"noopener\">FX Ranger FX-106<\/a><\/li>\n<li><a href=\"https:\/\/www.cerakotesa.com\/product\/cerakote-fx-riot-fx-107\/\" target=\"_blank\" rel=\"noopener\">FX Riot FX-107<\/a><\/li>\n<li><a href=\"https:\/\/www.cerakotesa.com\/product\/cerakote-fx-typhoon-fx-109\/\" target=\"_blank\" rel=\"noopener\">FX Typhoon FX-109<\/a><\/li>\n<li><a href=\"https:\/\/www.cerakotesa.com\/product\/cerakote-fx-anthracite-fx-112\/\" target=\"_blank\" rel=\"noopener\">FX Anthracite FX-112<\/a><\/li>\n<li><a href=\"https:\/\/www.cerakotesa.com\/product\/cerakote-fx-gold-fx-113-4\/\" target=\"_blank\" rel=\"noopener\">FX Gold FX-113<\/a><\/li>\n<li><a href=\"https:\/\/www.cerakotesa.com\/product\/cerakote-fx-silver-fx-114\/\" target=\"_blank\" rel=\"noopener\">FX Silver FX-114<\/a><\/li>\n<li><a href=\"https:\/\/www.cerakotesa.com\/product\/cerakote-fx-copper-fx-115\/\" target=\"_blank\" rel=\"noopener\">FX Copper FX-115<\/a><\/li>\n<li><a href=\"https:\/\/www.cerakotesa.com\/product\/cerakote-fx-mardi-gras-fx-117\/\" target=\"_blank\" rel=\"noopener\">FX Mardi Gras FX-117<\/a><\/li>\n<\/ul>","protected":false},"featured_media":23179,"comment_status":"closed","ping_status":"closed","template":"","meta":{"_acf_changed":false},"product_brand":[],"product_cat":[841,106,978],"product_tag":[33,1169,763],"class_list":{"0":"post-23173","1":"product","2":"type-product","3":"status-publish","4":"has-post-thumbnail","6":"product_cat-cerakote-fx","7":"product_cat-equipment","8":"product_cat-swatch-sets-equipment","9":"product_tag-cerakote","10":"product_tag-f-series","11":"product_tag-swatch-set","12":"product_shipping_class-swatches","14":"first","15":"instock","16":"taxable","17":"shipping-taxable","18":"product-type-simple"},"yoast_head":"<!-- This site is optimized with the Yoast SEO plugin v26.7 - https:\/\/yoast.com\/wordpress\/plugins\/seo\/ -->\n<title>FX Swatch Set - Cerakote South Africa<\/title>\n<meta name=\"robots\" content=\"index, follow, max-snippet:-1, max-image-preview:large, max-video-preview:-1\" \/>\n<link rel=\"canonical\" href=\"https:\/\/www.cerakotesa.com\/es\/producto\/f-series-swatch-set-se-2305\/\" \/>\n<meta property=\"og:locale\" content=\"es_ES\" \/>\n<meta property=\"og:type\" content=\"article\" \/>\n<meta property=\"og:title\" content=\"FX Swatch Set - Cerakote South Africa\" \/>\n<meta property=\"og:description\" content=\"Our FX Swatch Set includes a curated collection of aluminum swatches showcasing our dynamic, color-shifting FX finishes over a Graphite Black base. Each swatch lets you witness first\u2011hand the bold metallic color-shifts and vivid color\u2011flop effects that transform under shifting light and angles.  Swatch sets allow you and your customer to physically look at and touch the coating. With the purchase of the FX Swatch Set you will receive all of the available FX colors.  The FX Swatch Set includes:   FX Blaze FX-101  FX Cosmic FX-102  FX Liberty FX-104  FX Mystique FX-105  FX Ranger FX-106  FX Riot FX-107  FX Typhoon FX-109  FX Anthracite FX-112  FX Gold FX-113  FX Silver FX-114  FX Copper FX-115  FX Mardi Gras FX-117\" \/>\n<meta property=\"og:url\" content=\"https:\/\/www.cerakotesa.com\/es\/producto\/f-series-swatch-set-se-2305\/\" \/>\n<meta property=\"og:site_name\" content=\"Cerakote South Africa\" \/>\n<meta property=\"article:modified_time\" content=\"2025-12-12T21:02:34+00:00\" \/>\n<meta property=\"og:image\" content=\"https:\/\/www.cerakotesa.com\/wp-content\/uploads\/2025\/08\/fx-swatch-set-se-2305-dt20250731165021378244-thumbnail.jpg\" \/>\n\t<meta property=\"og:image:width\" content=\"600\" \/>\n\t<meta property=\"og:image:height\" content=\"400\" \/>\n\t<meta property=\"og:image:type\" content=\"image\/jpeg\" \/>\n<meta name=\"twitter:card\" content=\"summary_large_image\" \/>\n<meta name=\"twitter:label1\" content=\"Tiempo de lectura\" \/>\n\t<meta name=\"twitter:data1\" content=\"1 minuto\" \/>\n<script type=\"application\/ld+json\" class=\"yoast-schema-graph\">{\"@context\":\"https:\/\/schema.org\",\"@graph\":[{\"@type\":\"WebPage\",\"@id\":\"https:\/\/www.cerakotesa.com\/product\/f-series-swatch-set-se-2305\/\",\"url\":\"https:\/\/www.cerakotesa.com\/product\/f-series-swatch-set-se-2305\/\",\"name\":\"FX Swatch Set - Cerakote South Africa\",\"isPartOf\":{\"@id\":\"https:\/\/www.cerakotesa.com\/#website\"},\"primaryImageOfPage\":{\"@id\":\"https:\/\/www.cerakotesa.com\/product\/f-series-swatch-set-se-2305\/#primaryimage\"},\"image\":{\"@id\":\"https:\/\/www.cerakotesa.com\/product\/f-series-swatch-set-se-2305\/#primaryimage\"},\"thumbnailUrl\":\"https:\/\/www.cerakotesa.com\/wp-content\/uploads\/2025\/08\/fx-swatch-set-se-2305-dt20250731165021378244-thumbnail.jpg\",\"datePublished\":\"2025-08-04T10:35:27+00:00\",\"dateModified\":\"2025-12-12T21:02:34+00:00\",\"breadcrumb\":{\"@id\":\"https:\/\/www.cerakotesa.com\/product\/f-series-swatch-set-se-2305\/#breadcrumb\"},\"inLanguage\":\"es\",\"potentialAction\":[{\"@type\":\"ReadAction\",\"target\":[\"https:\/\/www.cerakotesa.com\/product\/f-series-swatch-set-se-2305\/\"]}]},{\"@type\":\"ImageObject\",\"inLanguage\":\"es\",\"@id\":\"https:\/\/www.cerakotesa.com\/product\/f-series-swatch-set-se-2305\/#primaryimage\",\"url\":\"https:\/\/www.cerakotesa.com\/wp-content\/uploads\/2025\/08\/fx-swatch-set-se-2305-dt20250731165021378244-thumbnail.jpg\",\"contentUrl\":\"https:\/\/www.cerakotesa.com\/wp-content\/uploads\/2025\/08\/fx-swatch-set-se-2305-dt20250731165021378244-thumbnail.jpg\",\"width\":600,\"height\":400},{\"@type\":\"BreadcrumbList\",\"@id\":\"https:\/\/www.cerakotesa.com\/product\/f-series-swatch-set-se-2305\/#breadcrumb\",\"itemListElement\":[{\"@type\":\"ListItem\",\"position\":1,\"name\":\"Home\",\"item\":\"https:\/\/www.cerakotesa.com\/\"},{\"@type\":\"ListItem\",\"position\":2,\"name\":\"Products\",\"item\":\"https:\/\/www.cerakotesa.com\/shop\/\"},{\"@type\":\"ListItem\",\"position\":3,\"name\":\"FX Swatch Set\"}]},{\"@type\":\"WebSite\",\"@id\":\"https:\/\/www.cerakotesa.com\/#website\",\"url\":\"https:\/\/www.cerakotesa.com\/\",\"name\":\"Cerakote South Africa\",\"description\":\"Cerakote is a global leader in the manufacturing of thin-film protective ceramic coatings\",\"potentialAction\":[{\"@type\":\"SearchAction\",\"target\":{\"@type\":\"EntryPoint\",\"urlTemplate\":\"https:\/\/www.cerakotesa.com\/?s={search_term_string}\"},\"query-input\":{\"@type\":\"PropertyValueSpecification\",\"valueRequired\":true,\"valueName\":\"search_term_string\"}}],\"inLanguage\":\"es\"}]}<\/script>\n<!-- \/ Yoast SEO plugin. -->","yoast_head_json":{"title":"FX Swatch Set - Cerakote South Africa","robots":{"index":"index","follow":"follow","max-snippet":"max-snippet:-1","max-image-preview":"max-image-preview:large","max-video-preview":"max-video-preview:-1"},"canonical":"https:\/\/www.cerakotesa.com\/es\/producto\/f-series-swatch-set-se-2305\/","og_locale":"es_ES","og_type":"article","og_title":"FX Swatch Set - Cerakote South Africa","og_description":"Our FX Swatch Set includes a curated collection of aluminum swatches showcasing our dynamic, color-shifting FX finishes over a Graphite Black base. Each swatch lets you witness first\u2011hand the bold metallic color-shifts and vivid color\u2011flop effects that transform under shifting light and angles.  Swatch sets allow you and your customer to physically look at and touch the coating. With the purchase of the FX Swatch Set you will receive all of the available FX colors.  The FX Swatch Set includes:   FX Blaze FX-101  FX Cosmic FX-102  FX Liberty FX-104  FX Mystique FX-105  FX Ranger FX-106  FX Riot FX-107  FX Typhoon FX-109  FX Anthracite FX-112  FX Gold FX-113  FX Silver FX-114  FX Copper FX-115  FX Mardi Gras FX-117","og_url":"https:\/\/www.cerakotesa.com\/es\/producto\/f-series-swatch-set-se-2305\/","og_site_name":"Cerakote South Africa","article_modified_time":"2025-12-12T21:02:34+00:00","og_image":[{"width":600,"height":400,"url":"https:\/\/www.cerakotesa.com\/wp-content\/uploads\/2025\/08\/fx-swatch-set-se-2305-dt20250731165021378244-thumbnail.jpg","type":"image\/jpeg"}],"twitter_card":"summary_large_image","twitter_misc":{"Tiempo de lectura":"1 minuto"},"schema":{"@context":"https:\/\/schema.org","@graph":[{"@type":"WebPage","@id":"https:\/\/www.cerakotesa.com\/product\/f-series-swatch-set-se-2305\/","url":"https:\/\/www.cerakotesa.com\/product\/f-series-swatch-set-se-2305\/","name":"FX Swatch Set - Cerakote South Africa","isPartOf":{"@id":"https:\/\/www.cerakotesa.com\/#website"},"primaryImageOfPage":{"@id":"https:\/\/www.cerakotesa.com\/product\/f-series-swatch-set-se-2305\/#primaryimage"},"image":{"@id":"https:\/\/www.cerakotesa.com\/product\/f-series-swatch-set-se-2305\/#primaryimage"},"thumbnailUrl":"https:\/\/www.cerakotesa.com\/wp-content\/uploads\/2025\/08\/fx-swatch-set-se-2305-dt20250731165021378244-thumbnail.jpg","datePublished":"2025-08-04T10:35:27+00:00","dateModified":"2025-12-12T21:02:34+00:00","breadcrumb":{"@id":"https:\/\/www.cerakotesa.com\/product\/f-series-swatch-set-se-2305\/#breadcrumb"},"inLanguage":"es","potentialAction":[{"@type":"ReadAction","target":["https:\/\/www.cerakotesa.com\/product\/f-series-swatch-set-se-2305\/"]}]},{"@type":"ImageObject","inLanguage":"es","@id":"https:\/\/www.cerakotesa.com\/product\/f-series-swatch-set-se-2305\/#primaryimage","url":"https:\/\/www.cerakotesa.com\/wp-content\/uploads\/2025\/08\/fx-swatch-set-se-2305-dt20250731165021378244-thumbnail.jpg","contentUrl":"https:\/\/www.cerakotesa.com\/wp-content\/uploads\/2025\/08\/fx-swatch-set-se-2305-dt20250731165021378244-thumbnail.jpg","width":600,"height":400},{"@type":"BreadcrumbList","@id":"https:\/\/www.cerakotesa.com\/product\/f-series-swatch-set-se-2305\/#breadcrumb","itemListElement":[{"@type":"ListItem","position":1,"name":"Home","item":"https:\/\/www.cerakotesa.com\/"},{"@type":"ListItem","position":2,"name":"Products","item":"https:\/\/www.cerakotesa.com\/shop\/"},{"@type":"ListItem","position":3,"name":"FX Swatch Set"}]},{"@type":"WebSite","@id":"https:\/\/www.cerakotesa.com\/#website","url":"https:\/\/www.cerakotesa.com\/","name":"Cerakote South Africa","description":"Cerakote es l\u00edder mundial en la fabricaci\u00f3n de recubrimientos cer\u00e1micos protectores de capa fina.","potentialAction":[{"@type":"SearchAction","target":{"@type":"EntryPoint","urlTemplate":"https:\/\/www.cerakotesa.com\/?s={search_term_string}"},"query-input":{"@type":"PropertyValueSpecification","valueRequired":true,"valueName":"search_term_string"}}],"inLanguage":"es"}]}},"acf":[],"_links":{"self":[{"href":"https:\/\/www.cerakotesa.com\/es\/wp-json\/wp\/v2\/product\/23173","targetHints":{"allow":["GET"]}}],"collection":[{"href":"https:\/\/www.cerakotesa.com\/es\/wp-json\/wp\/v2\/product"}],"about":[{"href":"https:\/\/www.cerakotesa.com\/es\/wp-json\/wp\/v2\/types\/product"}],"replies":[{"embeddable":true,"href":"https:\/\/www.cerakotesa.com\/es\/wp-json\/wp\/v2\/comments?post=23173"}],"wp:featuredmedia":[{"embeddable":true,"href":"https:\/\/www.cerakotesa.com\/es\/wp-json\/wp\/v2\/media\/23179"}],"wp:attachment":[{"href":"https:\/\/www.cerakotesa.com\/es\/wp-json\/wp\/v2\/media?parent=23173"}],"wp:term":[{"taxonomy":"product_brand","embeddable":true,"href":"https:\/\/www.cerakotesa.com\/es\/wp-json\/wp\/v2\/product_brand?post=23173"},{"taxonomy":"product_cat","embeddable":true,"href":"https:\/\/www.cerakotesa.com\/es\/wp-json\/wp\/v2\/product_cat?post=23173"},{"taxonomy":"product_tag","embeddable":true,"href":"https:\/\/www.cerakotesa.com\/es\/wp-json\/wp\/v2\/product_tag?post=23173"}],"curies":[{"name":"wp","href":"https:\/\/api.w.org\/{rel}","templated":true}]}}