{"id":24737,"date":"2025-11-26T13:44:11","date_gmt":"2025-11-26T13:44:11","guid":{"rendered":"https:\/\/www.cerakotesa.com\/?post_type=product&#038;p=24737"},"modified":"2025-11-27T10:02:33","modified_gmt":"2025-11-27T10:02:33","slug":"dry-film-lubricant-oven-cure-dfl-200","status":"publish","type":"product","link":"https:\/\/www.cerakotesa.com\/es\/producto\/dry-film-lubricant-oven-cure-dfl-200\/","title":{"rendered":"DRY FILM LUBRICANT (Oven Cure) DFL-200"},"content":{"rendered":"<section class=\"section\" id=\"section_1719310903\">\n\t\t<div class=\"section-bg fill\" >\n\t\t\t\t\t\t\t\t\t\n\t\t\t\n\n\t\t<\/div>\n\n\t\t\n\n\t\t<div class=\"section-content relative\">\n\t\t\t\n<div class=\"row\"  id=\"row-1815251929\">\n\n\t<div id=\"col-368035192\" class=\"col small-12 large-12\"  >\n\t\t\t\t<div class=\"col-inner\"  >\n\t\t\t\n\t\t\t\n<p><strong>Datos t\u00e9cnicos del producto:<\/strong><\/p>\n<style>\n.table_component {<br \/>    overflow: auto;<br \/>    width: 100%;<br \/>}<\/p>\n<p>.table_component table {<br \/>    border: 1px solid #dededf;<br \/>    height: 100%;<br \/>    width: 100%;<br \/>    table-layout: fixed;<br \/>    border-collapse: collapse;<br \/>    border-spacing: 1px;<br \/>    text-align: left;<br \/>}<\/p>\n<p>.table_component caption {<br \/>    caption-side: top;<br \/>    text-align: left;<br \/>}<\/p>\n<p>.table_component th {<br \/>    border: 1px solid #dededf;<br \/>    background-color: #eceff1;<br \/>    color: #000000;<br \/>    padding: 5px;<br \/>}<\/p>\n<p>.table_component td {<br \/>    border: 1px solid #dededf;<br \/>    background-color: #ffffff;<br \/>    color: #000000;<br \/>    padding: 5px;<br \/>}<br \/><\/style>\n<div class=\"table_component\" tabindex=\"0\" role=\"region\">\n<table>\n<thead>\n<tr>\n<th><\/th>\n<th><\/th>\n<\/tr>\n<\/thead>\n<tbody>\n<tr>\n<td>Calendario de curas<\/td>\n<td>Flash ambiental 15 minutos, curado en horno 15 minutos@ 250\u00b0F<\/td>\n<\/tr>\n<tr>\n<td>Espesor recomendado (mil)<\/td>\n<td>.25 &#8211; .75<\/td>\n<\/tr>\n<tr>\n<td>Tama\u00f1o del filtro (malla)<\/td>\n<td>325<\/td>\n<\/tr>\n<tr>\n<td>Nivel de brillo \/ Unidades (GU)<\/td>\n<td>Matte \/ 7<\/td>\n<\/tr>\n<tr>\n<td>Densidad (g\/mL)<\/td>\n<td>1.31<\/td>\n<\/tr>\n<tr>\n<td>% S\u00f3lidos (\u00b12%)<\/td>\n<td>23<\/td>\n<\/tr>\n<tr>\n<td>Viscosidad (cP)<\/td>\n<td>5.8<\/td>\n<\/tr>\n<tr>\n<td>Rendimiento te\u00f3rico por gal\u00f3n @ espesor recomendado (pies\u00b2)<\/td>\n<td>738<\/td>\n<\/tr>\n<tr>\n<td>Corrosion Resistance (Hrs) ASTM B117<\/td>\n<td>Limited Corrosion Resistance<\/td>\n<\/tr>\n<tr>\n<td>Estabilidad del revestimiento (\u00b0F) Temp. m\u00e1x. Temp.<\/td>\n<td>1400<\/td>\n<\/tr>\n<tr>\n<td>Color Stability (F\u00b0) Max Temp.<\/td>\n<td>400<\/td>\n<\/tr>\n<tr>\n<td>Estabilidad UV<\/td>\n<td>Bien<\/td>\n<\/tr>\n<tr>\n<td>Gubia de dureza de l\u00e1piz ASTM D3363<\/td>\n<td>9H<\/td>\n<\/tr>\n<tr>\n<td>Dureza del l\u00e1piz Ara\u00f1azos ASTM D3363<\/td>\n<td>6H<\/td>\n<\/tr>\n<tr>\n<td>Flexibilidad (Resistencia %) Curvatura de mandril c\u00f3nico ASTM D522<\/td>\n<td>100<\/td>\n<\/tr>\n<tr>\n<td>Rendimiento de impacto directo\/indirecto (in-lbs.) ASTM D2794<\/td>\n<td>160\/160<\/td>\n<\/tr>\n<\/tbody>\n<\/table>\n<p data-v-8ef39626=\"\">Todos los resultados se basan en acero granallado recubierto con el espesor recomendado y el programa de curado recomendado.<\/p>\n<p data-v-8ef39626=\"\">*Los niveles de brillo se miden con un \u00e1ngulo de 60\u00b0. Ajustes a las condiciones recomendadas producir\u00e1n resultados diferentes. El brillo se ve afectado por la calidad de la preparaci\u00f3n y la t\u00e9cnica de pulverizaci\u00f3n. Los resultados se basan en acero granallado recubierto curado seg\u00fan la especificaci\u00f3n del Programa de curado.<\/p>\n<p data-v-8ef39626=\"\">**Viscosidad medida en condiciones ambientales (temperatura del aire, humedad relativa) en el momento de la fabricaci\u00f3n.<\/p>\n<p data-v-8ef39626=\"\"><strong data-v-8ef39626=\"\">Temperatura de curado recomendada:<\/strong><\/p>\n<ul data-v-8ef39626=\"\">\n<li data-v-8ef39626=\"\">Consulte la especificaci\u00f3n del programa de curado disponible en cada producto Cerakote.<\/li>\n<\/ul>\n<p data-v-8ef39626=\"\"><strong data-v-8ef39626=\"\">Temperatura m\u00e1xima<\/strong>\u00a0es la temperatura a la que el color o el revestimiento son estables.<\/p>\n<p data-v-8ef39626=\"\"><strong data-v-8ef39626=\"\">Pruebas de resistencia qu\u00edmica:<\/strong>\u00a0Los resultados se refieren al cambio de color basado en la formulaci\u00f3n CIE76. Los resultados oscilan entre:<\/p>\n<ul data-v-8ef39626=\"\">\n<li data-v-8ef39626=\"\"><strong data-v-8ef39626=\"\">Excelente:<\/strong>\u00a0\u2206E cambio de &lt;2,5<\/li>\n<li data-v-8ef39626=\"\"><strong data-v-8ef39626=\"\">Bien:<\/strong>\u00a0\u2206E cambio de &lt;3,0<\/li>\n<li data-v-8ef39626=\"\"><strong data-v-8ef39626=\"\">Justo:<\/strong>\u00a0\u2206E cambio de &lt;3,5<\/li>\n<li data-v-8ef39626=\"\"><strong data-v-8ef39626=\"\">Pobre:<\/strong>\u00a0\u2206E cambio de &lt;4,0<\/li>\n<\/ul>\n<p data-v-8ef39626=\"\"><strong data-v-8ef39626=\"\">Los par\u00e1metros de ensayo son los siguientes:<\/strong><\/p>\n<ul data-v-8ef39626=\"\">\n<li data-v-8ef39626=\"\"><strong data-v-8ef39626=\"\">Dureza<\/strong>\u00a0o Las pruebas de dureza de los l\u00e1pices se miden del m\u00e1s blando al m\u00e1s duro de la siguiente manera: 9B, 8B, 7B, 6B, 5B, 4B, 3B, 2B, B, HB, F, H, 2H, 3H, 4H, 5H, 6H, 7H, 8H, 9H. 9H es el m\u00e1s dif\u00edcil.<\/li>\n<li data-v-8ef39626=\"\"><strong data-v-8ef39626=\"\">S\u00d3LO SG-100:<\/strong>\u00a0Prueba de dureza M\u00e9todo A - Se realiza un corte en X a trav\u00e9s de la pel\u00edcula hasta el sustrato, se aplica cinta adhesiva sensible a la presi\u00f3n sobre el corte y luego se retira, y se eval\u00faa cualitativamente la adherencia en una escala de 0 a 5.<\/li>\n<li data-v-8ef39626=\"\"><strong data-v-8ef39626=\"\">Adhesi\u00f3n<\/strong>\u00a0se mide en una escala de 0B, 1B, 2B, 3B, 4B, 5B, siendo 5B la calificaci\u00f3n m\u00e1s alta alcanzable.<\/li>\n<li data-v-8ef39626=\"\"><strong data-v-8ef39626=\"\">Flexibilidad<\/strong>\u00a0o curvatura de mandril c\u00f3nico: \"Resistencia 100%\" es la calificaci\u00f3n m\u00e1s alta alcanzable e indica que el revestimiento no se agriet\u00f3 ni se desprendi\u00f3.<\/li>\n<li data-v-8ef39626=\"\"><strong data-v-8ef39626=\"\">Impacto (directo\/indirecto)<\/strong>\u00a0se mide en una escala de 0 pulg.-lbs. a 160 pulg.-lbs., siendo 160 pulg.-lbs. el valor m\u00e1s alto alcanzable.<\/li>\n<\/ul>\n<p data-v-8ef39626=\"\">Todos los recubrimientos Cerakote cumplen la normativa COV de la EPA y tienen un contenido bajo o nulo de COV. Para conocer el contenido de COV de un recubrimiento individual, p\u00f3ngase en contacto con\u00a0<a href=\"mailto:sds@nicindustries.com\" target=\"_blank\" rel=\"noopener\" data-v-8ef39626=\"\">sds@nicindustries.com<\/a>\u00a0para m\u00e1s informaci\u00f3n.<\/p>\n<p data-v-8ef39626=\"\">Esta informaci\u00f3n es exacta a nuestro leal saber y entender, sin embargo, no constituir\u00e1 garant\u00eda de ninguna caracter\u00edstica espec\u00edfica del producto ni establecer\u00e1 una relaci\u00f3n contractual legalmente v\u00e1lida. Le recomendamos que realice las pruebas adecuadas en sus instalaciones para determinar si este producto cumple todos sus requisitos.<\/p>\n<p data-v-8ef39626=\"\">No dude en enviarnos un correo electr\u00f3nico a <a href=\"mailto:enquiries@cerakoteeu.com\" target=\"_blank\" rel=\"noopener\" data-v-8ef39626=\"\">enquiries@cerakoteeu.com<\/a>\u00a0 si tiene alguna pregunta.<\/p>\n<\/div>\n<div class=\"row\"  id=\"row-1776574272\">\n\n\t<div id=\"col-1445203893\" class=\"col medium-4 small-12 large-4\"  >\n\t\t\t\t<div class=\"col-inner text-center\"  >\n\t\t\t\n\t\t\t\n<a href=\"https:\/\/www.cerakotesa.com\/wp-content\/uploads\/2025\/11\/cerakote-dfl-200-dry-film-lubricant-dt20251031000318150613.pdf\" target=\"_blank\" class=\"button primary\" rel=\"noopener\" >\n\t\t<span>Ficha de datos de seguridad<\/span>\n\t<\/a>\n\n\t\t<\/div>\n\t\t\t\t\t<\/div>\n\n\t\n\n\t<div id=\"col-2079416889\" class=\"col medium-4 small-12 large-4\"  >\n\t\t\t\t<div class=\"col-inner text-center\"  >\n\t\t\t\n\t\t\t\n<a href=\"https:\/\/www.cerakotesa.com\/wp-content\/uploads\/2025\/11\/DFL-200-Application-Guide-11_18_25.pdf\" target=\"_blank\" class=\"button primary\" rel=\"noopener\" >\n\t\t<span>Gu\u00eda de aplicaci\u00f3n<\/span>\n\t<\/a>\n\n\t\t<\/div>\n\t\t\t\t\t<\/div>\n\n\t\n\n\t<div id=\"col-2065730116\" class=\"col medium-4 small-12 large-4\"  >\n\t\t\t\t<div class=\"col-inner text-center\"  >\n\t\t\t\n\t\t\t\n\t\t<\/div>\n\t\t\t\t\t<\/div>\n\n\t\n<\/div>\n\t\t<\/div>\n\t\t\t\t\t<\/div>\n\n\t\n<\/div>\n\t\t<\/div>\n\n\t\t\n<style>\n#section_1719310903 {\n  padding-top: 30px;\n  padding-bottom: 30px;\n}\n<\/style>\n\t<\/section>","protected":false},"excerpt":{"rendered":"<p>Cerakote\u00ae Dry Film Lubricant is a first-to-market, PFAS-free, ceramic-based coating engineered for extreme durability and low-friction performance in high-wear environments. Formulated with advanced solid lubricants, it delivers superior efficiency, abrasion resistance, and REACH\/RoHS compliance without relying on fluoropolymers.<\/p>\n<p>Ideal for aerospace, defense, automotive, and industrial applications, this coating cures fast at low temperatures, integrates easily into any production workflow, and outperforms traditional options like Molykote\u00ae, Teflon\u00ae, and Xylan\u00ae. This product uses <a href=\"https:\/\/www.cerakotesa.com\/product\/f-series-catalyst-f-100\/\" target=\"_blank\" rel=\"noopener\">F-100 Catalyst<\/a> and requires a <a href=\"https:\/\/www.cerakotesa.com\/product\/cerakote-in-cup-100-mesh-strainer-150-micron-se-275\/\" target=\"_blank\" rel=\"noopener\">325 Mesh Strainer (SE-275)<\/a>.<\/p>\n<p><b>Key Benefits:<\/b><\/p>\n<ul>\n<li style=\"list-style-type: none;\">\n<ul>\n<li>Ultra-low friction for improved efficiency<\/li>\n<\/ul>\n<\/li>\n<\/ul>\n<ul>\n<li style=\"list-style-type: none;\">\n<ul>\n<li>Exceptional wear resistance under heavy load<\/li>\n<\/ul>\n<\/li>\n<\/ul>\n<ul>\n<li style=\"list-style-type: none;\">\n<ul>\n<li>PFAS-free and regulatory compliant<\/li>\n<\/ul>\n<\/li>\n<\/ul>\n<ul>\n<li style=\"list-style-type: none;\">\n<ul>\n<li>Fast, low-temp cure for streamlined production<\/li>\n<\/ul>\n<\/li>\n<\/ul>\n<ul>\n<li style=\"list-style-type: none;\">\n<ul>\n<li>Over 40% slicker than Teflon<\/li>\n<\/ul>\n<\/li>\n<\/ul>\n<p>&nbsp;<\/p>\n<p><small><b>Note: The unique properties of our proprietary Dry Film Lubricant coating enable it to reduce friction and wear over time. As part of this process, the outermost layer of the coating is engineered to be a &#8216;sacrificial&#8217; lubricating film. This results in the formation of an ultra-thin, low-friction layer on the contacting surface, which ensures smooth operation. A small amount of this material may be noticeable upon initial handling, this is a normal function of the coating and confirms it is performing as intended.<\/b><\/small><\/p>","protected":false},"featured_media":24738,"comment_status":"closed","ping_status":"closed","template":"","meta":{"_acf_changed":false},"product_brand":[],"product_cat":[987,72],"product_tag":[],"class_list":{"0":"post-24737","1":"product","2":"type-product","3":"status-publish","4":"has-post-thumbnail","6":"product_cat-cerakote-coatings","7":"product_cat-specialty-coatings","8":"product_shipping_class-flat-rate","10":"first","11":"instock","12":"taxable","13":"shipping-taxable","14":"product-type-variable"},"yoast_head":"<!-- This site is optimized with the Yoast SEO plugin v26.7 - https:\/\/yoast.com\/wordpress\/plugins\/seo\/ -->\n<title>DRY FILM LUBRICANT (Oven Cure) DFL-200 - Cerakote South Africa<\/title>\n<meta name=\"robots\" content=\"index, follow, max-snippet:-1, max-image-preview:large, max-video-preview:-1\" \/>\n<link rel=\"canonical\" href=\"https:\/\/www.cerakotesa.com\/es\/producto\/dry-film-lubricant-oven-cure-dfl-200\/\" \/>\n<meta property=\"og:locale\" content=\"es_ES\" \/>\n<meta property=\"og:type\" content=\"article\" \/>\n<meta property=\"og:title\" content=\"DRY FILM LUBRICANT (Oven Cure) DFL-200 - Cerakote South Africa\" \/>\n<meta property=\"og:description\" content=\"Cerakote\u00ae Dry Film Lubricant is a first-to-market, PFAS-free, ceramic-based coating engineered for extreme durability and low-friction performance in high-wear environments. Formulated with advanced solid lubricants, it delivers superior efficiency, abrasion resistance, and REACH\/RoHS compliance without relying on fluoropolymers.  Ideal for aerospace, defense, automotive, and industrial applications, this coating cures fast at low temperatures, integrates easily into any production workflow, and outperforms traditional options like Molykote\u00ae, Teflon\u00ae, and Xylan\u00ae. This product uses F-100 Catalyst and requires a 325 Mesh Strainer (SE-275).  Key Benefits:      Ultra-low friction for improved efficiency         Exceptional wear resistance under heavy load         PFAS-free and regulatory compliant         Fast, low-temp cure for streamlined production         Over 40% slicker than Teflon    &nbsp;  Note: The unique properties of our proprietary Dry Film Lubricant coating enable it to reduce friction and wear over time. As part of this process, the outermost layer of the coating is engineered to be a &#039;sacrificial&#039; lubricating film. This results in the formation of an ultra-thin, low-friction layer on the contacting surface, which ensures smooth operation. A small amount of this material may be noticeable upon initial handling, this is a normal function of the coating and confirms it is performing as intended.\" \/>\n<meta property=\"og:url\" content=\"https:\/\/www.cerakotesa.com\/es\/producto\/dry-film-lubricant-oven-cure-dfl-200\/\" \/>\n<meta property=\"og:site_name\" content=\"Cerakote South Africa\" \/>\n<meta property=\"article:modified_time\" content=\"2025-11-27T10:02:33+00:00\" \/>\n<meta name=\"twitter:card\" content=\"summary_large_image\" \/>\n<meta name=\"twitter:label1\" content=\"Tiempo de lectura\" \/>\n\t<meta name=\"twitter:data1\" content=\"3 minutos\" \/>\n<script type=\"application\/ld+json\" class=\"yoast-schema-graph\">{\"@context\":\"https:\/\/schema.org\",\"@graph\":[{\"@type\":\"WebPage\",\"@id\":\"https:\/\/www.cerakotesa.com\/product\/dry-film-lubricant-oven-cure-dfl-200\/\",\"url\":\"https:\/\/www.cerakotesa.com\/product\/dry-film-lubricant-oven-cure-dfl-200\/\",\"name\":\"DRY FILM LUBRICANT (Oven Cure) DFL-200 - Cerakote South Africa\",\"isPartOf\":{\"@id\":\"https:\/\/www.cerakotesa.com\/#website\"},\"primaryImageOfPage\":{\"@id\":\"https:\/\/www.cerakotesa.com\/product\/dry-film-lubricant-oven-cure-dfl-200\/#primaryimage\"},\"image\":{\"@id\":\"https:\/\/www.cerakotesa.com\/product\/dry-film-lubricant-oven-cure-dfl-200\/#primaryimage\"},\"thumbnailUrl\":\"https:\/\/www.cerakotesa.com\/wp-content\/uploads\/2025\/11\/dry-film-lubricant-oven-cure-dfl-200-dt20251017183816028804-thumbnail.avif\",\"datePublished\":\"2025-11-26T13:44:11+00:00\",\"dateModified\":\"2025-11-27T10:02:33+00:00\",\"breadcrumb\":{\"@id\":\"https:\/\/www.cerakotesa.com\/product\/dry-film-lubricant-oven-cure-dfl-200\/#breadcrumb\"},\"inLanguage\":\"es\",\"potentialAction\":[{\"@type\":\"ReadAction\",\"target\":[\"https:\/\/www.cerakotesa.com\/product\/dry-film-lubricant-oven-cure-dfl-200\/\"]}]},{\"@type\":\"ImageObject\",\"inLanguage\":\"es\",\"@id\":\"https:\/\/www.cerakotesa.com\/product\/dry-film-lubricant-oven-cure-dfl-200\/#primaryimage\",\"url\":\"https:\/\/www.cerakotesa.com\/wp-content\/uploads\/2025\/11\/dry-film-lubricant-oven-cure-dfl-200-dt20251017183816028804-thumbnail.avif\",\"contentUrl\":\"https:\/\/www.cerakotesa.com\/wp-content\/uploads\/2025\/11\/dry-film-lubricant-oven-cure-dfl-200-dt20251017183816028804-thumbnail.avif\",\"width\":600,\"height\":600},{\"@type\":\"BreadcrumbList\",\"@id\":\"https:\/\/www.cerakotesa.com\/product\/dry-film-lubricant-oven-cure-dfl-200\/#breadcrumb\",\"itemListElement\":[{\"@type\":\"ListItem\",\"position\":1,\"name\":\"Home\",\"item\":\"https:\/\/www.cerakotesa.com\/\"},{\"@type\":\"ListItem\",\"position\":2,\"name\":\"Products\",\"item\":\"https:\/\/www.cerakotesa.com\/shop\/\"},{\"@type\":\"ListItem\",\"position\":3,\"name\":\"DRY FILM LUBRICANT (Oven Cure) DFL-200\"}]},{\"@type\":\"WebSite\",\"@id\":\"https:\/\/www.cerakotesa.com\/#website\",\"url\":\"https:\/\/www.cerakotesa.com\/\",\"name\":\"Cerakote South Africa\",\"description\":\"Cerakote is a global leader in the manufacturing of thin-film protective ceramic coatings\",\"potentialAction\":[{\"@type\":\"SearchAction\",\"target\":{\"@type\":\"EntryPoint\",\"urlTemplate\":\"https:\/\/www.cerakotesa.com\/?s={search_term_string}\"},\"query-input\":{\"@type\":\"PropertyValueSpecification\",\"valueRequired\":true,\"valueName\":\"search_term_string\"}}],\"inLanguage\":\"es\"}]}<\/script>\n<!-- \/ Yoast SEO plugin. -->","yoast_head_json":{"title":"DRY FILM LUBRICANT (Oven Cure) DFL-200 - Cerakote South Africa","robots":{"index":"index","follow":"follow","max-snippet":"max-snippet:-1","max-image-preview":"max-image-preview:large","max-video-preview":"max-video-preview:-1"},"canonical":"https:\/\/www.cerakotesa.com\/es\/producto\/dry-film-lubricant-oven-cure-dfl-200\/","og_locale":"es_ES","og_type":"article","og_title":"DRY FILM LUBRICANT (Oven Cure) DFL-200 - Cerakote South Africa","og_description":"Cerakote\u00ae Dry Film Lubricant is a first-to-market, PFAS-free, ceramic-based coating engineered for extreme durability and low-friction performance in high-wear environments. Formulated with advanced solid lubricants, it delivers superior efficiency, abrasion resistance, and REACH\/RoHS compliance without relying on fluoropolymers.  Ideal for aerospace, defense, automotive, and industrial applications, this coating cures fast at low temperatures, integrates easily into any production workflow, and outperforms traditional options like Molykote\u00ae, Teflon\u00ae, and Xylan\u00ae. This product uses F-100 Catalyst and requires a 325 Mesh Strainer (SE-275).  Key Benefits:      Ultra-low friction for improved efficiency         Exceptional wear resistance under heavy load         PFAS-free and regulatory compliant         Fast, low-temp cure for streamlined production         Over 40% slicker than Teflon    &nbsp;  Note: The unique properties of our proprietary Dry Film Lubricant coating enable it to reduce friction and wear over time. As part of this process, the outermost layer of the coating is engineered to be a 'sacrificial' lubricating film. This results in the formation of an ultra-thin, low-friction layer on the contacting surface, which ensures smooth operation. A small amount of this material may be noticeable upon initial handling, this is a normal function of the coating and confirms it is performing as intended.","og_url":"https:\/\/www.cerakotesa.com\/es\/producto\/dry-film-lubricant-oven-cure-dfl-200\/","og_site_name":"Cerakote South Africa","article_modified_time":"2025-11-27T10:02:33+00:00","twitter_card":"summary_large_image","twitter_misc":{"Tiempo de lectura":"3 minutos"},"schema":{"@context":"https:\/\/schema.org","@graph":[{"@type":"WebPage","@id":"https:\/\/www.cerakotesa.com\/product\/dry-film-lubricant-oven-cure-dfl-200\/","url":"https:\/\/www.cerakotesa.com\/product\/dry-film-lubricant-oven-cure-dfl-200\/","name":"DRY FILM LUBRICANT (Oven Cure) DFL-200 - Cerakote South Africa","isPartOf":{"@id":"https:\/\/www.cerakotesa.com\/#website"},"primaryImageOfPage":{"@id":"https:\/\/www.cerakotesa.com\/product\/dry-film-lubricant-oven-cure-dfl-200\/#primaryimage"},"image":{"@id":"https:\/\/www.cerakotesa.com\/product\/dry-film-lubricant-oven-cure-dfl-200\/#primaryimage"},"thumbnailUrl":"https:\/\/www.cerakotesa.com\/wp-content\/uploads\/2025\/11\/dry-film-lubricant-oven-cure-dfl-200-dt20251017183816028804-thumbnail.avif","datePublished":"2025-11-26T13:44:11+00:00","dateModified":"2025-11-27T10:02:33+00:00","breadcrumb":{"@id":"https:\/\/www.cerakotesa.com\/product\/dry-film-lubricant-oven-cure-dfl-200\/#breadcrumb"},"inLanguage":"es","potentialAction":[{"@type":"ReadAction","target":["https:\/\/www.cerakotesa.com\/product\/dry-film-lubricant-oven-cure-dfl-200\/"]}]},{"@type":"ImageObject","inLanguage":"es","@id":"https:\/\/www.cerakotesa.com\/product\/dry-film-lubricant-oven-cure-dfl-200\/#primaryimage","url":"https:\/\/www.cerakotesa.com\/wp-content\/uploads\/2025\/11\/dry-film-lubricant-oven-cure-dfl-200-dt20251017183816028804-thumbnail.avif","contentUrl":"https:\/\/www.cerakotesa.com\/wp-content\/uploads\/2025\/11\/dry-film-lubricant-oven-cure-dfl-200-dt20251017183816028804-thumbnail.avif","width":600,"height":600},{"@type":"BreadcrumbList","@id":"https:\/\/www.cerakotesa.com\/product\/dry-film-lubricant-oven-cure-dfl-200\/#breadcrumb","itemListElement":[{"@type":"ListItem","position":1,"name":"Home","item":"https:\/\/www.cerakotesa.com\/"},{"@type":"ListItem","position":2,"name":"Products","item":"https:\/\/www.cerakotesa.com\/shop\/"},{"@type":"ListItem","position":3,"name":"DRY FILM LUBRICANT (Oven Cure) DFL-200"}]},{"@type":"WebSite","@id":"https:\/\/www.cerakotesa.com\/#website","url":"https:\/\/www.cerakotesa.com\/","name":"Cerakote South Africa","description":"Cerakote es l\u00edder mundial en la fabricaci\u00f3n de recubrimientos cer\u00e1micos protectores de capa fina.","potentialAction":[{"@type":"SearchAction","target":{"@type":"EntryPoint","urlTemplate":"https:\/\/www.cerakotesa.com\/?s={search_term_string}"},"query-input":{"@type":"PropertyValueSpecification","valueRequired":true,"valueName":"search_term_string"}}],"inLanguage":"es"}]}},"acf":[],"_links":{"self":[{"href":"https:\/\/www.cerakotesa.com\/es\/wp-json\/wp\/v2\/product\/24737","targetHints":{"allow":["GET"]}}],"collection":[{"href":"https:\/\/www.cerakotesa.com\/es\/wp-json\/wp\/v2\/product"}],"about":[{"href":"https:\/\/www.cerakotesa.com\/es\/wp-json\/wp\/v2\/types\/product"}],"replies":[{"embeddable":true,"href":"https:\/\/www.cerakotesa.com\/es\/wp-json\/wp\/v2\/comments?post=24737"}],"wp:featuredmedia":[{"embeddable":true,"href":"https:\/\/www.cerakotesa.com\/es\/wp-json\/wp\/v2\/media\/24738"}],"wp:attachment":[{"href":"https:\/\/www.cerakotesa.com\/es\/wp-json\/wp\/v2\/media?parent=24737"}],"wp:term":[{"taxonomy":"product_brand","embeddable":true,"href":"https:\/\/www.cerakotesa.com\/es\/wp-json\/wp\/v2\/product_brand?post=24737"},{"taxonomy":"product_cat","embeddable":true,"href":"https:\/\/www.cerakotesa.com\/es\/wp-json\/wp\/v2\/product_cat?post=24737"},{"taxonomy":"product_tag","embeddable":true,"href":"https:\/\/www.cerakotesa.com\/es\/wp-json\/wp\/v2\/product_tag?post=24737"}],"curies":[{"name":"wp","href":"https:\/\/api.w.org\/{rel}","templated":true}]}}