{"id":2899,"date":"2020-03-09T16:09:47","date_gmt":"2020-03-09T16:09:47","guid":{"rendered":"https:\/\/www.cerakote.co.uk\/?post_type=product&#038;p=2899"},"modified":"2025-02-26T15:03:16","modified_gmt":"2025-02-26T15:03:16","slug":"cerakote-ceramic-headlight-restoration-kit","status":"publish","type":"product","link":"https:\/\/www.cerakotesa.com\/es\/producto\/cerakote-ceramic-headlight-restoration-kit\/","title":{"rendered":"Kit de restauraci\u00f3n de faros cer\u00e1micos CERAKOTE\u00ae AH-HLKIT"},"content":{"rendered":"","protected":false},"excerpt":{"rendered":"<p>La restauraci\u00f3n de faros Cerakote se completa en 3 pasos r\u00e1pidos y sencillos, sin necesidad de herramientas el\u00e9ctricas. Cerakote es diferente a otros kits de restauraci\u00f3n de faros porque fabricamos un verdadero recubrimiento cer\u00e1mico de grado profesional que se adhiere qu\u00edmicamente a los faros y proporciona protecci\u00f3n UV que resiste la prueba del tiempo.<\/p>\n<ul>\n<li style=\"list-style-type: none;\">\n<ul>\n<li>Cada kit incluye suficiente producto para restaurar y proteger 2 faros. El contenido de cada kit es:\n<ul>\n<li>(8) Paso 1 Toallitas Eliminadoras de Oxidaci\u00f3n<\/li>\n<li>(1) Sanding Pomo<\/li>\n<li>(4) Discos Sanding (2 de cada grano)<\/li>\n<li>(2) Toallitas de revestimiento cer\u00e1mico Paso 3<\/li>\n<\/ul>\n<\/li>\n<\/ul>\n<\/li>\n<\/ul>\n<div>\n<p>Aseg\u00farese de ver nuestro v\u00eddeo de solicitud a continuaci\u00f3n para obtener instrucciones r\u00e1pidas y sencillas.<\/p>\n\n<\/div>","protected":false},"featured_media":20648,"comment_status":"closed","ping_status":"closed","template":"","meta":{"_acf_changed":false},"product_brand":[],"product_cat":[1056,106,989],"product_tag":[566,691,692],"class_list":{"0":"post-2899","1":"product","2":"type-product","3":"status-publish","4":"has-post-thumbnail","6":"product_cat-auto-home","7":"product_cat-equipment","8":"product_cat-diy-ceramic-headlight-restoration-kit","9":"product_tag-autohome","10":"product_tag-headlight","11":"product_tag-headlight-kit","12":"product_shipping_class-royal-mail-first-class","14":"first","15":"instock","16":"taxable","17":"shipping-taxable","18":"product-type-simple"},"yoast_head":"<!-- This site is optimized with the Yoast SEO plugin v26.7 - https:\/\/yoast.com\/wordpress\/plugins\/seo\/ -->\n<title>CERAKOTE\u00ae Ceramic Headlight Restoration Kit AH-HLKIT - Cerakote South Africa<\/title>\n<meta name=\"description\" content=\"Guaranteed to restore your headlights to like-new and protect them for as long as you own your vehicle!\" \/>\n<meta name=\"robots\" content=\"index, follow, max-snippet:-1, max-image-preview:large, max-video-preview:-1\" \/>\n<link rel=\"canonical\" href=\"https:\/\/www.cerakotesa.com\/es\/producto\/cerakote-ceramic-headlight-restoration-kit\/\" \/>\n<meta property=\"og:locale\" content=\"es_ES\" \/>\n<meta property=\"og:type\" content=\"article\" \/>\n<meta property=\"og:title\" content=\"CERAKOTE\u00ae Ceramic Headlight Restoration Kit AH-HLKIT - Cerakote South Africa\" \/>\n<meta property=\"og:description\" content=\"Guaranteed to restore your headlights to like-new and protect them for as long as you own your vehicle!\" \/>\n<meta property=\"og:url\" content=\"https:\/\/www.cerakotesa.com\/es\/producto\/cerakote-ceramic-headlight-restoration-kit\/\" \/>\n<meta property=\"og:site_name\" content=\"Cerakote South Africa\" \/>\n<meta property=\"article:modified_time\" content=\"2025-02-26T15:03:16+00:00\" \/>\n<meta property=\"og:image\" content=\"https:\/\/www.cerakotesa.com\/wp-content\/uploads\/2020\/03\/CCC_Headlight_Mktplc_Box__36652.jpg\" \/>\n\t<meta property=\"og:image:width\" content=\"1280\" \/>\n\t<meta property=\"og:image:height\" content=\"1280\" \/>\n\t<meta property=\"og:image:type\" content=\"image\/jpeg\" \/>\n<meta name=\"twitter:card\" content=\"summary_large_image\" \/>\n<meta name=\"twitter:label1\" content=\"Tiempo de lectura\" \/>\n\t<meta name=\"twitter:data1\" content=\"1 minuto\" \/>\n<script type=\"application\/ld+json\" class=\"yoast-schema-graph\">{\"@context\":\"https:\/\/schema.org\",\"@graph\":[{\"@type\":\"WebPage\",\"@id\":\"https:\/\/www.cerakotesa.com\/product\/cerakote-ceramic-headlight-restoration-kit\/\",\"url\":\"https:\/\/www.cerakotesa.com\/product\/cerakote-ceramic-headlight-restoration-kit\/\",\"name\":\"CERAKOTE\u00ae Ceramic Headlight Restoration Kit AH-HLKIT - Cerakote South Africa\",\"isPartOf\":{\"@id\":\"https:\/\/www.cerakotesa.com\/#website\"},\"primaryImageOfPage\":{\"@id\":\"https:\/\/www.cerakotesa.com\/product\/cerakote-ceramic-headlight-restoration-kit\/#primaryimage\"},\"image\":{\"@id\":\"https:\/\/www.cerakotesa.com\/product\/cerakote-ceramic-headlight-restoration-kit\/#primaryimage\"},\"thumbnailUrl\":\"https:\/\/www.cerakotesa.com\/wp-content\/uploads\/2020\/03\/CCC_Headlight_Mktplc_Box__36652.jpg\",\"datePublished\":\"2020-03-09T16:09:47+00:00\",\"dateModified\":\"2025-02-26T15:03:16+00:00\",\"description\":\"Guaranteed to restore your headlights to like-new and protect them for as long as you own your vehicle!\",\"breadcrumb\":{\"@id\":\"https:\/\/www.cerakotesa.com\/product\/cerakote-ceramic-headlight-restoration-kit\/#breadcrumb\"},\"inLanguage\":\"es\",\"potentialAction\":[{\"@type\":\"ReadAction\",\"target\":[\"https:\/\/www.cerakotesa.com\/product\/cerakote-ceramic-headlight-restoration-kit\/\"]}]},{\"@type\":\"ImageObject\",\"inLanguage\":\"es\",\"@id\":\"https:\/\/www.cerakotesa.com\/product\/cerakote-ceramic-headlight-restoration-kit\/#primaryimage\",\"url\":\"https:\/\/www.cerakotesa.com\/wp-content\/uploads\/2020\/03\/CCC_Headlight_Mktplc_Box__36652.jpg\",\"contentUrl\":\"https:\/\/www.cerakotesa.com\/wp-content\/uploads\/2020\/03\/CCC_Headlight_Mktplc_Box__36652.jpg\",\"width\":1280,\"height\":1280},{\"@type\":\"BreadcrumbList\",\"@id\":\"https:\/\/www.cerakotesa.com\/product\/cerakote-ceramic-headlight-restoration-kit\/#breadcrumb\",\"itemListElement\":[{\"@type\":\"ListItem\",\"position\":1,\"name\":\"Home\",\"item\":\"https:\/\/www.cerakotesa.com\/\"},{\"@type\":\"ListItem\",\"position\":2,\"name\":\"Products\",\"item\":\"https:\/\/www.cerakotesa.com\/shop\/\"},{\"@type\":\"ListItem\",\"position\":3,\"name\":\"CERAKOTE\u00ae Ceramic Headlight Restoration Kit AH-HLKIT\"}]},{\"@type\":\"WebSite\",\"@id\":\"https:\/\/www.cerakotesa.com\/#website\",\"url\":\"https:\/\/www.cerakotesa.com\/\",\"name\":\"Cerakote South Africa\",\"description\":\"Cerakote is a global leader in the manufacturing of thin-film protective ceramic coatings\",\"potentialAction\":[{\"@type\":\"SearchAction\",\"target\":{\"@type\":\"EntryPoint\",\"urlTemplate\":\"https:\/\/www.cerakotesa.com\/?s={search_term_string}\"},\"query-input\":{\"@type\":\"PropertyValueSpecification\",\"valueRequired\":true,\"valueName\":\"search_term_string\"}}],\"inLanguage\":\"es\"}]}<\/script>\n<!-- \/ Yoast SEO plugin. -->","yoast_head_json":{"title":"CERAKOTE\u00ae Ceramic Headlight Restoration Kit AH-HLKIT - Cerakote South Africa","description":"Garantizamos que sus faros quedar\u00e1n como nuevos y los proteger\u00e1 durante todo el tiempo que posea su veh\u00edculo.","robots":{"index":"index","follow":"follow","max-snippet":"max-snippet:-1","max-image-preview":"max-image-preview:large","max-video-preview":"max-video-preview:-1"},"canonical":"https:\/\/www.cerakotesa.com\/es\/producto\/cerakote-ceramic-headlight-restoration-kit\/","og_locale":"es_ES","og_type":"article","og_title":"CERAKOTE\u00ae Ceramic Headlight Restoration Kit AH-HLKIT - Cerakote South Africa","og_description":"Guaranteed to restore your headlights to like-new and protect them for as long as you own your vehicle!","og_url":"https:\/\/www.cerakotesa.com\/es\/producto\/cerakote-ceramic-headlight-restoration-kit\/","og_site_name":"Cerakote South Africa","article_modified_time":"2025-02-26T15:03:16+00:00","og_image":[{"width":1280,"height":1280,"url":"https:\/\/www.cerakotesa.com\/wp-content\/uploads\/2020\/03\/CCC_Headlight_Mktplc_Box__36652.jpg","type":"image\/jpeg"}],"twitter_card":"summary_large_image","twitter_misc":{"Tiempo de lectura":"1 minuto"},"schema":{"@context":"https:\/\/schema.org","@graph":[{"@type":"WebPage","@id":"https:\/\/www.cerakotesa.com\/product\/cerakote-ceramic-headlight-restoration-kit\/","url":"https:\/\/www.cerakotesa.com\/product\/cerakote-ceramic-headlight-restoration-kit\/","name":"CERAKOTE\u00ae Ceramic Headlight Restoration Kit AH-HLKIT - Cerakote South Africa","isPartOf":{"@id":"https:\/\/www.cerakotesa.com\/#website"},"primaryImageOfPage":{"@id":"https:\/\/www.cerakotesa.com\/product\/cerakote-ceramic-headlight-restoration-kit\/#primaryimage"},"image":{"@id":"https:\/\/www.cerakotesa.com\/product\/cerakote-ceramic-headlight-restoration-kit\/#primaryimage"},"thumbnailUrl":"https:\/\/www.cerakotesa.com\/wp-content\/uploads\/2020\/03\/CCC_Headlight_Mktplc_Box__36652.jpg","datePublished":"2020-03-09T16:09:47+00:00","dateModified":"2025-02-26T15:03:16+00:00","description":"Garantizamos que sus faros quedar\u00e1n como nuevos y los proteger\u00e1 durante todo el tiempo que posea su veh\u00edculo.","breadcrumb":{"@id":"https:\/\/www.cerakotesa.com\/product\/cerakote-ceramic-headlight-restoration-kit\/#breadcrumb"},"inLanguage":"es","potentialAction":[{"@type":"ReadAction","target":["https:\/\/www.cerakotesa.com\/product\/cerakote-ceramic-headlight-restoration-kit\/"]}]},{"@type":"ImageObject","inLanguage":"es","@id":"https:\/\/www.cerakotesa.com\/product\/cerakote-ceramic-headlight-restoration-kit\/#primaryimage","url":"https:\/\/www.cerakotesa.com\/wp-content\/uploads\/2020\/03\/CCC_Headlight_Mktplc_Box__36652.jpg","contentUrl":"https:\/\/www.cerakotesa.com\/wp-content\/uploads\/2020\/03\/CCC_Headlight_Mktplc_Box__36652.jpg","width":1280,"height":1280},{"@type":"BreadcrumbList","@id":"https:\/\/www.cerakotesa.com\/product\/cerakote-ceramic-headlight-restoration-kit\/#breadcrumb","itemListElement":[{"@type":"ListItem","position":1,"name":"Home","item":"https:\/\/www.cerakotesa.com\/"},{"@type":"ListItem","position":2,"name":"Products","item":"https:\/\/www.cerakotesa.com\/shop\/"},{"@type":"ListItem","position":3,"name":"CERAKOTE\u00ae Ceramic Headlight Restoration Kit AH-HLKIT"}]},{"@type":"WebSite","@id":"https:\/\/www.cerakotesa.com\/#website","url":"https:\/\/www.cerakotesa.com\/","name":"Cerakote South Africa","description":"Cerakote es l\u00edder mundial en la fabricaci\u00f3n de recubrimientos cer\u00e1micos protectores de capa fina.","potentialAction":[{"@type":"SearchAction","target":{"@type":"EntryPoint","urlTemplate":"https:\/\/www.cerakotesa.com\/?s={search_term_string}"},"query-input":{"@type":"PropertyValueSpecification","valueRequired":true,"valueName":"search_term_string"}}],"inLanguage":"es"}]}},"acf":[],"_links":{"self":[{"href":"https:\/\/www.cerakotesa.com\/es\/wp-json\/wp\/v2\/product\/2899","targetHints":{"allow":["GET"]}}],"collection":[{"href":"https:\/\/www.cerakotesa.com\/es\/wp-json\/wp\/v2\/product"}],"about":[{"href":"https:\/\/www.cerakotesa.com\/es\/wp-json\/wp\/v2\/types\/product"}],"replies":[{"embeddable":true,"href":"https:\/\/www.cerakotesa.com\/es\/wp-json\/wp\/v2\/comments?post=2899"}],"wp:featuredmedia":[{"embeddable":true,"href":"https:\/\/www.cerakotesa.com\/es\/wp-json\/wp\/v2\/media\/20648"}],"wp:attachment":[{"href":"https:\/\/www.cerakotesa.com\/es\/wp-json\/wp\/v2\/media?parent=2899"}],"wp:term":[{"taxonomy":"product_brand","embeddable":true,"href":"https:\/\/www.cerakotesa.com\/es\/wp-json\/wp\/v2\/product_brand?post=2899"},{"taxonomy":"product_cat","embeddable":true,"href":"https:\/\/www.cerakotesa.com\/es\/wp-json\/wp\/v2\/product_cat?post=2899"},{"taxonomy":"product_tag","embeddable":true,"href":"https:\/\/www.cerakotesa.com\/es\/wp-json\/wp\/v2\/product_tag?post=2899"}],"curies":[{"name":"wp","href":"https:\/\/api.w.org\/{rel}","templated":true}]}}