{"id":2916,"date":"2020-03-10T13:52:20","date_gmt":"2020-03-10T13:52:20","guid":{"rendered":"https:\/\/www.cerakote.co.uk\/?post_type=product&#038;p=2916"},"modified":"2024-08-05T13:26:54","modified_gmt":"2024-08-05T13:26:54","slug":"small-parts-rack-10-clip-se-347","status":"publish","type":"product","link":"https:\/\/www.cerakotesa.com\/es\/producto\/small-parts-rack-10-clip-se-347\/","title":{"rendered":"Estanter\u00eda para piezas peque\u00f1as 10 clips SE-347"},"content":{"rendered":"","protected":false},"excerpt":{"rendered":"<p>Nuestra estanter\u00eda para piezas peque\u00f1as es la soluci\u00f3n perfecta para almacenar y pulverizar sus piezas peque\u00f1as de forma m\u00e1s eficaz.<\/p>\n<ul>\n<li>M\u00faltiples pinzas fijas tipo caim\u00e1n permiten un trasiego m\u00e1s r\u00e1pido manteniendo un buen control de las piezas.<\/li>\n<li>M\u00ednimas marcas de cremallera gracias al dise\u00f1o de pinza de caim\u00e1n.<\/li>\n<li>Capacidad para rociar 10 piezas a la vez conservando el espacio del horno.<\/li>\n<li>Construcci\u00f3n duradera para una mayor vida \u00fatil del gancho.<\/li>\n<\/ul>","protected":false},"featured_media":13894,"comment_status":"closed","ping_status":"closed","template":"","meta":{"_acf_changed":false},"product_brand":[],"product_cat":[106],"product_tag":[],"class_list":{"0":"post-2916","1":"product","2":"type-product","3":"status-publish","4":"has-post-thumbnail","6":"product_cat-equipment","7":"product_shipping_class-flat-rate","9":"first","10":"instock","11":"taxable","12":"shipping-taxable","13":"product-type-simple"},"yoast_head":"<!-- This site is optimized with the Yoast SEO plugin v26.7 - https:\/\/yoast.com\/wordpress\/plugins\/seo\/ -->\n<title>Small Parts Rack 10 Clip SE-347 - Cerakote South Africa<\/title>\n<meta name=\"description\" content=\"Cerakote small parts rack clip is the perfect solution for racking and spraying your small parts more efficiently.\" \/>\n<meta name=\"robots\" content=\"index, follow, max-snippet:-1, max-image-preview:large, max-video-preview:-1\" \/>\n<link rel=\"canonical\" href=\"https:\/\/www.cerakotesa.com\/es\/producto\/small-parts-rack-10-clip-se-347\/\" \/>\n<meta property=\"og:locale\" content=\"es_ES\" \/>\n<meta property=\"og:type\" content=\"article\" \/>\n<meta property=\"og:title\" content=\"Small Parts Rack 10 Clip SE-347 - Cerakote South Africa\" \/>\n<meta property=\"og:description\" content=\"Cerakote small parts rack clip is the perfect solution for racking and spraying your small parts more efficiently.\" \/>\n<meta property=\"og:url\" content=\"https:\/\/www.cerakotesa.com\/es\/producto\/small-parts-rack-10-clip-se-347\/\" \/>\n<meta property=\"og:site_name\" content=\"Cerakote South Africa\" \/>\n<meta property=\"article:modified_time\" content=\"2024-08-05T13:26:54+00:00\" \/>\n<meta property=\"og:image\" content=\"https:\/\/www.cerakotesa.com\/wp-content\/uploads\/2023\/06\/small-parts-rack-10-clip-se-347-dt20211001153614159-thumbnail.jpg\" \/>\n\t<meta property=\"og:image:width\" content=\"800\" \/>\n\t<meta property=\"og:image:height\" content=\"800\" \/>\n\t<meta property=\"og:image:type\" content=\"image\/jpeg\" \/>\n<meta name=\"twitter:card\" content=\"summary_large_image\" \/>\n<script type=\"application\/ld+json\" class=\"yoast-schema-graph\">{\"@context\":\"https:\/\/schema.org\",\"@graph\":[{\"@type\":\"WebPage\",\"@id\":\"https:\/\/www.cerakotesa.com\/product\/small-parts-rack-10-clip-se-347\/\",\"url\":\"https:\/\/www.cerakotesa.com\/product\/small-parts-rack-10-clip-se-347\/\",\"name\":\"Small Parts Rack 10 Clip SE-347 - Cerakote South Africa\",\"isPartOf\":{\"@id\":\"https:\/\/www.cerakotesa.com\/#website\"},\"primaryImageOfPage\":{\"@id\":\"https:\/\/www.cerakotesa.com\/product\/small-parts-rack-10-clip-se-347\/#primaryimage\"},\"image\":{\"@id\":\"https:\/\/www.cerakotesa.com\/product\/small-parts-rack-10-clip-se-347\/#primaryimage\"},\"thumbnailUrl\":\"https:\/\/www.cerakotesa.com\/wp-content\/uploads\/2023\/06\/small-parts-rack-10-clip-se-347-dt20211001153614159-thumbnail.jpg\",\"datePublished\":\"2020-03-10T13:52:20+00:00\",\"dateModified\":\"2024-08-05T13:26:54+00:00\",\"description\":\"Cerakote small parts rack clip is the perfect solution for racking and spraying your small parts more efficiently.\",\"breadcrumb\":{\"@id\":\"https:\/\/www.cerakotesa.com\/product\/small-parts-rack-10-clip-se-347\/#breadcrumb\"},\"inLanguage\":\"es\",\"potentialAction\":[{\"@type\":\"ReadAction\",\"target\":[\"https:\/\/www.cerakotesa.com\/product\/small-parts-rack-10-clip-se-347\/\"]}]},{\"@type\":\"ImageObject\",\"inLanguage\":\"es\",\"@id\":\"https:\/\/www.cerakotesa.com\/product\/small-parts-rack-10-clip-se-347\/#primaryimage\",\"url\":\"https:\/\/www.cerakotesa.com\/wp-content\/uploads\/2023\/06\/small-parts-rack-10-clip-se-347-dt20211001153614159-thumbnail.jpg\",\"contentUrl\":\"https:\/\/www.cerakotesa.com\/wp-content\/uploads\/2023\/06\/small-parts-rack-10-clip-se-347-dt20211001153614159-thumbnail.jpg\",\"width\":800,\"height\":800},{\"@type\":\"BreadcrumbList\",\"@id\":\"https:\/\/www.cerakotesa.com\/product\/small-parts-rack-10-clip-se-347\/#breadcrumb\",\"itemListElement\":[{\"@type\":\"ListItem\",\"position\":1,\"name\":\"Home\",\"item\":\"https:\/\/www.cerakotesa.com\/\"},{\"@type\":\"ListItem\",\"position\":2,\"name\":\"Products\",\"item\":\"https:\/\/www.cerakotesa.com\/shop\/\"},{\"@type\":\"ListItem\",\"position\":3,\"name\":\"Small Parts Rack 10 Clip SE-347\"}]},{\"@type\":\"WebSite\",\"@id\":\"https:\/\/www.cerakotesa.com\/#website\",\"url\":\"https:\/\/www.cerakotesa.com\/\",\"name\":\"Cerakote South Africa\",\"description\":\"Cerakote is a global leader in the manufacturing of thin-film protective ceramic coatings\",\"potentialAction\":[{\"@type\":\"SearchAction\",\"target\":{\"@type\":\"EntryPoint\",\"urlTemplate\":\"https:\/\/www.cerakotesa.com\/?s={search_term_string}\"},\"query-input\":{\"@type\":\"PropertyValueSpecification\",\"valueRequired\":true,\"valueName\":\"search_term_string\"}}],\"inLanguage\":\"es\"}]}<\/script>\n<!-- \/ Yoast SEO plugin. -->","yoast_head_json":{"title":"Small Parts Rack 10 Clip SE-347 - Cerakote South Africa","description":"La pinza portapiezas Cerakote es la soluci\u00f3n perfecta para colocar y pulverizar sus piezas peque\u00f1as de forma m\u00e1s eficaz.","robots":{"index":"index","follow":"follow","max-snippet":"max-snippet:-1","max-image-preview":"max-image-preview:large","max-video-preview":"max-video-preview:-1"},"canonical":"https:\/\/www.cerakotesa.com\/es\/producto\/small-parts-rack-10-clip-se-347\/","og_locale":"es_ES","og_type":"article","og_title":"Small Parts Rack 10 Clip SE-347 - Cerakote South Africa","og_description":"Cerakote small parts rack clip is the perfect solution for racking and spraying your small parts more efficiently.","og_url":"https:\/\/www.cerakotesa.com\/es\/producto\/small-parts-rack-10-clip-se-347\/","og_site_name":"Cerakote South Africa","article_modified_time":"2024-08-05T13:26:54+00:00","og_image":[{"width":800,"height":800,"url":"https:\/\/www.cerakotesa.com\/wp-content\/uploads\/2023\/06\/small-parts-rack-10-clip-se-347-dt20211001153614159-thumbnail.jpg","type":"image\/jpeg"}],"twitter_card":"summary_large_image","schema":{"@context":"https:\/\/schema.org","@graph":[{"@type":"WebPage","@id":"https:\/\/www.cerakotesa.com\/product\/small-parts-rack-10-clip-se-347\/","url":"https:\/\/www.cerakotesa.com\/product\/small-parts-rack-10-clip-se-347\/","name":"Small Parts Rack 10 Clip SE-347 - Cerakote South Africa","isPartOf":{"@id":"https:\/\/www.cerakotesa.com\/#website"},"primaryImageOfPage":{"@id":"https:\/\/www.cerakotesa.com\/product\/small-parts-rack-10-clip-se-347\/#primaryimage"},"image":{"@id":"https:\/\/www.cerakotesa.com\/product\/small-parts-rack-10-clip-se-347\/#primaryimage"},"thumbnailUrl":"https:\/\/www.cerakotesa.com\/wp-content\/uploads\/2023\/06\/small-parts-rack-10-clip-se-347-dt20211001153614159-thumbnail.jpg","datePublished":"2020-03-10T13:52:20+00:00","dateModified":"2024-08-05T13:26:54+00:00","description":"La pinza portapiezas Cerakote es la soluci\u00f3n perfecta para colocar y pulverizar sus piezas peque\u00f1as de forma m\u00e1s eficaz.","breadcrumb":{"@id":"https:\/\/www.cerakotesa.com\/product\/small-parts-rack-10-clip-se-347\/#breadcrumb"},"inLanguage":"es","potentialAction":[{"@type":"ReadAction","target":["https:\/\/www.cerakotesa.com\/product\/small-parts-rack-10-clip-se-347\/"]}]},{"@type":"ImageObject","inLanguage":"es","@id":"https:\/\/www.cerakotesa.com\/product\/small-parts-rack-10-clip-se-347\/#primaryimage","url":"https:\/\/www.cerakotesa.com\/wp-content\/uploads\/2023\/06\/small-parts-rack-10-clip-se-347-dt20211001153614159-thumbnail.jpg","contentUrl":"https:\/\/www.cerakotesa.com\/wp-content\/uploads\/2023\/06\/small-parts-rack-10-clip-se-347-dt20211001153614159-thumbnail.jpg","width":800,"height":800},{"@type":"BreadcrumbList","@id":"https:\/\/www.cerakotesa.com\/product\/small-parts-rack-10-clip-se-347\/#breadcrumb","itemListElement":[{"@type":"ListItem","position":1,"name":"Home","item":"https:\/\/www.cerakotesa.com\/"},{"@type":"ListItem","position":2,"name":"Products","item":"https:\/\/www.cerakotesa.com\/shop\/"},{"@type":"ListItem","position":3,"name":"Small Parts Rack 10 Clip SE-347"}]},{"@type":"WebSite","@id":"https:\/\/www.cerakotesa.com\/#website","url":"https:\/\/www.cerakotesa.com\/","name":"Cerakote South Africa","description":"Cerakote es l\u00edder mundial en la fabricaci\u00f3n de recubrimientos cer\u00e1micos protectores de capa fina.","potentialAction":[{"@type":"SearchAction","target":{"@type":"EntryPoint","urlTemplate":"https:\/\/www.cerakotesa.com\/?s={search_term_string}"},"query-input":{"@type":"PropertyValueSpecification","valueRequired":true,"valueName":"search_term_string"}}],"inLanguage":"es"}]}},"acf":[],"_links":{"self":[{"href":"https:\/\/www.cerakotesa.com\/es\/wp-json\/wp\/v2\/product\/2916","targetHints":{"allow":["GET"]}}],"collection":[{"href":"https:\/\/www.cerakotesa.com\/es\/wp-json\/wp\/v2\/product"}],"about":[{"href":"https:\/\/www.cerakotesa.com\/es\/wp-json\/wp\/v2\/types\/product"}],"replies":[{"embeddable":true,"href":"https:\/\/www.cerakotesa.com\/es\/wp-json\/wp\/v2\/comments?post=2916"}],"wp:featuredmedia":[{"embeddable":true,"href":"https:\/\/www.cerakotesa.com\/es\/wp-json\/wp\/v2\/media\/13894"}],"wp:attachment":[{"href":"https:\/\/www.cerakotesa.com\/es\/wp-json\/wp\/v2\/media?parent=2916"}],"wp:term":[{"taxonomy":"product_brand","embeddable":true,"href":"https:\/\/www.cerakotesa.com\/es\/wp-json\/wp\/v2\/product_brand?post=2916"},{"taxonomy":"product_cat","embeddable":true,"href":"https:\/\/www.cerakotesa.com\/es\/wp-json\/wp\/v2\/product_cat?post=2916"},{"taxonomy":"product_tag","embeddable":true,"href":"https:\/\/www.cerakotesa.com\/es\/wp-json\/wp\/v2\/product_tag?post=2916"}],"curies":[{"name":"wp","href":"https:\/\/api.w.org\/{rel}","templated":true}]}}