{"id":345,"date":"2019-11-29T15:11:52","date_gmt":"2019-11-29T15:11:52","guid":{"rendered":"https:\/\/staging.cerakote.co.uk\/?post_type=product&#038;p=345"},"modified":"2024-08-05T14:11:13","modified_gmt":"2024-08-05T14:11:13","slug":"20150-e-190","status":"publish","type":"product","link":"https:\/\/www.cerakotesa.com\/es\/producto\/20150-e-190\/","title":{"rendered":"20150 E-190"},"content":{"rendered":"","protected":false},"excerpt":{"rendered":"<p>Cerakote Elite 20150 es un marr\u00f3n c\u00e1lido con un tono anaranjado y es el color que coincide con el Est\u00e1ndar Federal 20150 y cumplir\u00e1 con las especificaciones de color del contrato del gobierno. Es el \u00daNICO acabado que cumple con los requisitos SURG.<\/p>\n<p>Hemos llevado el rendimiento l\u00edder del sector de Cerakote Serie H al siguiente nivel y hemos mejorado la dureza, la resistencia a la abrasi\u00f3n y la lubricidad, todo ello en una aplicaci\u00f3n m\u00e1s fina. Lo hemos conseguido desarrollando una avanzada tecnolog\u00eda de resinas que permite incorporar las cer\u00e1micas de ingenier\u00eda de mayor rendimiento.<\/p>\n<p>Nota: Todos los productos Elite vienen con un catalizador y requieren un\u00a0<a href=\"https:\/\/www.cerakotesa.com\/product\/elite-series-325-mesh-strainer-44-micron-se-277\/\">Filtro de malla 325 (SE-277)<\/a>. Encuentre gu\u00edas de aplicaci\u00f3n de productos, hojas de datos t\u00e9cnicos e informaci\u00f3n SDS en el <a href=\"https:\/\/www.cerakotesa.com\/documents\/\">Recursos<\/a> secci\u00f3n.<\/p>","protected":false},"featured_media":6198,"comment_status":"closed","ping_status":"closed","template":"","meta":{"_acf_changed":false},"product_brand":[],"product_cat":[101],"product_tag":[175,33,176,177,100],"class_list":{"0":"post-345","1":"product","2":"type-product","3":"status-publish","4":"has-post-thumbnail","6":"product_cat-elite-series","7":"product_tag-175","8":"product_tag-cerakote","9":"product_tag-e-190","10":"product_tag-e190","11":"product_tag-elite","12":"product_shipping_class-flat-rate","14":"first","15":"instock","16":"taxable","17":"shipping-taxable","18":"product-type-variable"},"yoast_head":"<!-- This site is optimized with the Yoast SEO plugin v26.7 - https:\/\/yoast.com\/wordpress\/plugins\/seo\/ -->\n<title>20150 E-190 - Cerakote South Africa<\/title>\n<meta name=\"robots\" content=\"index, follow, max-snippet:-1, max-image-preview:large, max-video-preview:-1\" \/>\n<link rel=\"canonical\" href=\"https:\/\/www.cerakotesa.com\/es\/producto\/20150-e-190\/\" \/>\n<meta property=\"og:locale\" content=\"es_ES\" \/>\n<meta property=\"og:type\" content=\"article\" \/>\n<meta property=\"og:title\" content=\"20150 E-190 - Cerakote South Africa\" \/>\n<meta property=\"og:description\" content=\"Cerakote Elite 20150 is a warm brown with an orange hue and is the color match for Federal Standard 20150 and will meet the government contract color specifications. It is the ONLY matching finish that meets SURG requirements. We have taken the industry leading performance of Cerakote H Series to the next level and improved hardness, abrasion resistance and lubricity, all in a thinner application. We have accomplished this by developing an advanced resin technology that enables the incorporation of the highest performance engineered ceramics. Note: All Elite products come with a catalyst and require a\u00a0325 Mesh Strainer (SE-277). Find product application guides, technical data sheets and SDS information in the Resources section.\" \/>\n<meta property=\"og:url\" content=\"https:\/\/www.cerakotesa.com\/es\/producto\/20150-e-190\/\" \/>\n<meta property=\"og:site_name\" content=\"Cerakote South Africa\" \/>\n<meta property=\"article:modified_time\" content=\"2024-08-05T14:11:13+00:00\" \/>\n<meta property=\"og:image\" content=\"https:\/\/www.cerakotesa.com\/wp-content\/uploads\/2019\/11\/E-190-1.jpg\" \/>\n\t<meta property=\"og:image:width\" content=\"800\" \/>\n\t<meta property=\"og:image:height\" content=\"800\" \/>\n\t<meta property=\"og:image:type\" content=\"image\/jpeg\" \/>\n<meta name=\"twitter:card\" content=\"summary_large_image\" \/>\n<script type=\"application\/ld+json\" class=\"yoast-schema-graph\">{\"@context\":\"https:\/\/schema.org\",\"@graph\":[{\"@type\":\"WebPage\",\"@id\":\"https:\/\/www.cerakotesa.com\/product\/20150-e-190\/\",\"url\":\"https:\/\/www.cerakotesa.com\/product\/20150-e-190\/\",\"name\":\"20150 E-190 - Cerakote South Africa\",\"isPartOf\":{\"@id\":\"https:\/\/www.cerakotesa.com\/#website\"},\"primaryImageOfPage\":{\"@id\":\"https:\/\/www.cerakotesa.com\/product\/20150-e-190\/#primaryimage\"},\"image\":{\"@id\":\"https:\/\/www.cerakotesa.com\/product\/20150-e-190\/#primaryimage\"},\"thumbnailUrl\":\"https:\/\/www.cerakotesa.com\/wp-content\/uploads\/2019\/11\/E-190-1.jpg\",\"datePublished\":\"2019-11-29T15:11:52+00:00\",\"dateModified\":\"2024-08-05T14:11:13+00:00\",\"breadcrumb\":{\"@id\":\"https:\/\/www.cerakotesa.com\/product\/20150-e-190\/#breadcrumb\"},\"inLanguage\":\"es\",\"potentialAction\":[{\"@type\":\"ReadAction\",\"target\":[\"https:\/\/www.cerakotesa.com\/product\/20150-e-190\/\"]}]},{\"@type\":\"ImageObject\",\"inLanguage\":\"es\",\"@id\":\"https:\/\/www.cerakotesa.com\/product\/20150-e-190\/#primaryimage\",\"url\":\"https:\/\/www.cerakotesa.com\/wp-content\/uploads\/2019\/11\/E-190-1.jpg\",\"contentUrl\":\"https:\/\/www.cerakotesa.com\/wp-content\/uploads\/2019\/11\/E-190-1.jpg\",\"width\":800,\"height\":800},{\"@type\":\"BreadcrumbList\",\"@id\":\"https:\/\/www.cerakotesa.com\/product\/20150-e-190\/#breadcrumb\",\"itemListElement\":[{\"@type\":\"ListItem\",\"position\":1,\"name\":\"Home\",\"item\":\"https:\/\/www.cerakotesa.com\/\"},{\"@type\":\"ListItem\",\"position\":2,\"name\":\"Products\",\"item\":\"https:\/\/www.cerakotesa.com\/shop\/\"},{\"@type\":\"ListItem\",\"position\":3,\"name\":\"20150 E-190\"}]},{\"@type\":\"WebSite\",\"@id\":\"https:\/\/www.cerakotesa.com\/#website\",\"url\":\"https:\/\/www.cerakotesa.com\/\",\"name\":\"Cerakote South Africa\",\"description\":\"Cerakote is a global leader in the manufacturing of thin-film protective ceramic coatings\",\"potentialAction\":[{\"@type\":\"SearchAction\",\"target\":{\"@type\":\"EntryPoint\",\"urlTemplate\":\"https:\/\/www.cerakotesa.com\/?s={search_term_string}\"},\"query-input\":{\"@type\":\"PropertyValueSpecification\",\"valueRequired\":true,\"valueName\":\"search_term_string\"}}],\"inLanguage\":\"es\"}]}<\/script>\n<!-- \/ Yoast SEO plugin. -->","yoast_head_json":{"title":"20150 E-190 - Cerakote South Africa","robots":{"index":"index","follow":"follow","max-snippet":"max-snippet:-1","max-image-preview":"max-image-preview:large","max-video-preview":"max-video-preview:-1"},"canonical":"https:\/\/www.cerakotesa.com\/es\/producto\/20150-e-190\/","og_locale":"es_ES","og_type":"article","og_title":"20150 E-190 - Cerakote South Africa","og_description":"Cerakote Elite 20150 is a warm brown with an orange hue and is the color match for Federal Standard 20150 and will meet the government contract color specifications. It is the ONLY matching finish that meets SURG requirements. We have taken the industry leading performance of Cerakote H Series to the next level and improved hardness, abrasion resistance and lubricity, all in a thinner application. We have accomplished this by developing an advanced resin technology that enables the incorporation of the highest performance engineered ceramics. Note: All Elite products come with a catalyst and require a\u00a0325 Mesh Strainer (SE-277). Find product application guides, technical data sheets and SDS information in the Resources section.","og_url":"https:\/\/www.cerakotesa.com\/es\/producto\/20150-e-190\/","og_site_name":"Cerakote South Africa","article_modified_time":"2024-08-05T14:11:13+00:00","og_image":[{"width":800,"height":800,"url":"https:\/\/www.cerakotesa.com\/wp-content\/uploads\/2019\/11\/E-190-1.jpg","type":"image\/jpeg"}],"twitter_card":"summary_large_image","schema":{"@context":"https:\/\/schema.org","@graph":[{"@type":"WebPage","@id":"https:\/\/www.cerakotesa.com\/product\/20150-e-190\/","url":"https:\/\/www.cerakotesa.com\/product\/20150-e-190\/","name":"20150 E-190 - Cerakote South Africa","isPartOf":{"@id":"https:\/\/www.cerakotesa.com\/#website"},"primaryImageOfPage":{"@id":"https:\/\/www.cerakotesa.com\/product\/20150-e-190\/#primaryimage"},"image":{"@id":"https:\/\/www.cerakotesa.com\/product\/20150-e-190\/#primaryimage"},"thumbnailUrl":"https:\/\/www.cerakotesa.com\/wp-content\/uploads\/2019\/11\/E-190-1.jpg","datePublished":"2019-11-29T15:11:52+00:00","dateModified":"2024-08-05T14:11:13+00:00","breadcrumb":{"@id":"https:\/\/www.cerakotesa.com\/product\/20150-e-190\/#breadcrumb"},"inLanguage":"es","potentialAction":[{"@type":"ReadAction","target":["https:\/\/www.cerakotesa.com\/product\/20150-e-190\/"]}]},{"@type":"ImageObject","inLanguage":"es","@id":"https:\/\/www.cerakotesa.com\/product\/20150-e-190\/#primaryimage","url":"https:\/\/www.cerakotesa.com\/wp-content\/uploads\/2019\/11\/E-190-1.jpg","contentUrl":"https:\/\/www.cerakotesa.com\/wp-content\/uploads\/2019\/11\/E-190-1.jpg","width":800,"height":800},{"@type":"BreadcrumbList","@id":"https:\/\/www.cerakotesa.com\/product\/20150-e-190\/#breadcrumb","itemListElement":[{"@type":"ListItem","position":1,"name":"Home","item":"https:\/\/www.cerakotesa.com\/"},{"@type":"ListItem","position":2,"name":"Products","item":"https:\/\/www.cerakotesa.com\/shop\/"},{"@type":"ListItem","position":3,"name":"20150 E-190"}]},{"@type":"WebSite","@id":"https:\/\/www.cerakotesa.com\/#website","url":"https:\/\/www.cerakotesa.com\/","name":"Cerakote South Africa","description":"Cerakote es l\u00edder mundial en la fabricaci\u00f3n de recubrimientos cer\u00e1micos protectores de capa fina.","potentialAction":[{"@type":"SearchAction","target":{"@type":"EntryPoint","urlTemplate":"https:\/\/www.cerakotesa.com\/?s={search_term_string}"},"query-input":{"@type":"PropertyValueSpecification","valueRequired":true,"valueName":"search_term_string"}}],"inLanguage":"es"}]}},"acf":[],"_links":{"self":[{"href":"https:\/\/www.cerakotesa.com\/es\/wp-json\/wp\/v2\/product\/345","targetHints":{"allow":["GET"]}}],"collection":[{"href":"https:\/\/www.cerakotesa.com\/es\/wp-json\/wp\/v2\/product"}],"about":[{"href":"https:\/\/www.cerakotesa.com\/es\/wp-json\/wp\/v2\/types\/product"}],"replies":[{"embeddable":true,"href":"https:\/\/www.cerakotesa.com\/es\/wp-json\/wp\/v2\/comments?post=345"}],"wp:featuredmedia":[{"embeddable":true,"href":"https:\/\/www.cerakotesa.com\/es\/wp-json\/wp\/v2\/media\/6198"}],"wp:attachment":[{"href":"https:\/\/www.cerakotesa.com\/es\/wp-json\/wp\/v2\/media?parent=345"}],"wp:term":[{"taxonomy":"product_brand","embeddable":true,"href":"https:\/\/www.cerakotesa.com\/es\/wp-json\/wp\/v2\/product_brand?post=345"},{"taxonomy":"product_cat","embeddable":true,"href":"https:\/\/www.cerakotesa.com\/es\/wp-json\/wp\/v2\/product_cat?post=345"},{"taxonomy":"product_tag","embeddable":true,"href":"https:\/\/www.cerakotesa.com\/es\/wp-json\/wp\/v2\/product_tag?post=345"}],"curies":[{"name":"wp","href":"https:\/\/api.w.org\/{rel}","templated":true}]}}