{"id":602,"date":"2019-12-04T11:04:09","date_gmt":"2019-12-04T11:04:09","guid":{"rendered":"https:\/\/staging.cerakote.co.uk\/?post_type=product&#038;p=602"},"modified":"2024-08-05T14:03:44","modified_gmt":"2024-08-05T14:03:44","slug":"titanium-h-170","status":"publish","type":"product","link":"https:\/\/www.cerakotesa.com\/es\/producto\/titanium-h-170\/","title":{"rendered":"Titanium H-170"},"content":{"rendered":"","protected":false},"excerpt":{"rendered":"<p>Cerakote Titanium es un gris medio oscuro con plata metalizada.<\/p>\n<p>*NOTA: Este producto viene con un catalizador y requiere un\u00a0<a href=\"https:\/\/www.cerakotesa.com\/product\/cerakote-in-cup-100-mesh-strainer-150-micron-se-275\/\/#&quot;\">Colador de malla 100 (SE-275)<\/a>.<\/p>\n<p>Los recubrimientos Cerakote Serie H son resistentes a la corrosi\u00f3n duradera y proporcionan niveles incomparables de dureza y adherencia. Estos recubrimientos tambi\u00e9n son resistentes a la mayor\u00eda de disolventes y productos qu\u00edmicos. La base de los recubrimientos Cerakote Serie H es una tecnolog\u00eda cer\u00e1mica exclusiva que confiere flexibilidad y una excelente resistencia al desgaste al recubrimiento final. Eche un vistazo a la <a href=\"https:\/\/www.cerakotesa.com\/documents\/\">Recursos<\/a> para obtener gu\u00edas de aplicaci\u00f3n de productos, fichas t\u00e9cnicas e informaci\u00f3n SDS.<\/p>","protected":false},"featured_media":18132,"comment_status":"closed","ping_status":"closed","template":"","meta":{"_acf_changed":false},"product_brand":[],"product_cat":[37],"product_tag":[33,275,253,36,276,277,278],"class_list":{"0":"post-602","1":"product","2":"type-product","3":"status-publish","4":"has-post-thumbnail","6":"product_cat-h-series-coatings","7":"product_tag-cerakote","8":"product_tag-dark-grey","9":"product_tag-grey","10":"product_tag-h-series","11":"product_tag-h-170","12":"product_tag-h170","13":"product_tag-titanium","14":"product_shipping_class-flat-rate","16":"first","17":"instock","18":"taxable","19":"shipping-taxable","20":"product-type-variable"},"yoast_head":"<!-- This site is optimized with the Yoast SEO plugin v26.7 - https:\/\/yoast.com\/wordpress\/plugins\/seo\/ -->\n<title>Titanium H-170 - Cerakote South Africa<\/title>\n<meta name=\"robots\" content=\"index, follow, max-snippet:-1, max-image-preview:large, max-video-preview:-1\" \/>\n<link rel=\"canonical\" href=\"https:\/\/www.cerakotesa.com\/es\/producto\/titanium-h-170\/\" \/>\n<meta property=\"og:locale\" content=\"es_ES\" \/>\n<meta property=\"og:type\" content=\"article\" \/>\n<meta property=\"og:title\" content=\"Titanium H-170 - Cerakote South Africa\" \/>\n<meta property=\"og:description\" content=\"Cerakote Titanium is a medium-dark grey with silver metallic.  *NOTE: This product comes with a catalyst and requires a\u00a0100 Mesh Strainer (SE-275).  Cerakote H Series coatings are durable corrosion-resistant and provide unparalleled levels of hardness and adhesion. These coatings are also resistant to most solvents and chemicals. The foundation for Cerakote H Series coatings is a unique ceramic technology that imparts both flexibility and excellent wear resistance to the final coating. Check out the Resources section for product application guides, technical data sheets and SDS information.\" \/>\n<meta property=\"og:url\" content=\"https:\/\/www.cerakotesa.com\/es\/producto\/titanium-h-170\/\" \/>\n<meta property=\"og:site_name\" content=\"Cerakote South Africa\" \/>\n<meta property=\"article:modified_time\" content=\"2024-08-05T14:03:44+00:00\" \/>\n<meta property=\"og:image\" content=\"https:\/\/www.cerakotesa.com\/wp-content\/uploads\/2019\/12\/sig-titanium-e-250-dt20210113155659623-thumbnail.jpg\" \/>\n\t<meta property=\"og:image:width\" content=\"800\" \/>\n\t<meta property=\"og:image:height\" content=\"800\" \/>\n\t<meta property=\"og:image:type\" content=\"image\/jpeg\" \/>\n<meta name=\"twitter:card\" content=\"summary_large_image\" \/>\n<script type=\"application\/ld+json\" class=\"yoast-schema-graph\">{\"@context\":\"https:\/\/schema.org\",\"@graph\":[{\"@type\":\"WebPage\",\"@id\":\"https:\/\/www.cerakotesa.com\/fr\/produit\/titanium-h-170\/\",\"url\":\"https:\/\/www.cerakotesa.com\/fr\/produit\/titanium-h-170\/\",\"name\":\"Titanium H-170 - Cerakote South Africa\",\"isPartOf\":{\"@id\":\"https:\/\/www.cerakotesa.com\/#website\"},\"primaryImageOfPage\":{\"@id\":\"https:\/\/www.cerakotesa.com\/fr\/produit\/titanium-h-170\/#primaryimage\"},\"image\":{\"@id\":\"https:\/\/www.cerakotesa.com\/fr\/produit\/titanium-h-170\/#primaryimage\"},\"thumbnailUrl\":\"https:\/\/www.cerakotesa.com\/wp-content\/uploads\/2019\/12\/sig-titanium-e-250-dt20210113155659623-thumbnail.jpg\",\"datePublished\":\"2019-12-04T11:04:09+00:00\",\"dateModified\":\"2024-08-05T14:03:44+00:00\",\"breadcrumb\":{\"@id\":\"https:\/\/www.cerakotesa.com\/fr\/produit\/titanium-h-170\/#breadcrumb\"},\"inLanguage\":\"es\",\"potentialAction\":[{\"@type\":\"ReadAction\",\"target\":[\"https:\/\/www.cerakotesa.com\/fr\/produit\/titanium-h-170\/\"]}]},{\"@type\":\"ImageObject\",\"inLanguage\":\"es\",\"@id\":\"https:\/\/www.cerakotesa.com\/fr\/produit\/titanium-h-170\/#primaryimage\",\"url\":\"https:\/\/www.cerakotesa.com\/wp-content\/uploads\/2019\/12\/sig-titanium-e-250-dt20210113155659623-thumbnail.jpg\",\"contentUrl\":\"https:\/\/www.cerakotesa.com\/wp-content\/uploads\/2019\/12\/sig-titanium-e-250-dt20210113155659623-thumbnail.jpg\",\"width\":800,\"height\":800},{\"@type\":\"BreadcrumbList\",\"@id\":\"https:\/\/www.cerakotesa.com\/fr\/produit\/titanium-h-170\/#breadcrumb\",\"itemListElement\":[{\"@type\":\"ListItem\",\"position\":1,\"name\":\"Home\",\"item\":\"https:\/\/www.cerakotesa.com\/\"},{\"@type\":\"ListItem\",\"position\":2,\"name\":\"Products\",\"item\":\"https:\/\/www.cerakotesa.com\/shop\/\"},{\"@type\":\"ListItem\",\"position\":3,\"name\":\"Titanium H-170\"}]},{\"@type\":\"WebSite\",\"@id\":\"https:\/\/www.cerakotesa.com\/#website\",\"url\":\"https:\/\/www.cerakotesa.com\/\",\"name\":\"Cerakote South Africa\",\"description\":\"Cerakote is a global leader in the manufacturing of thin-film protective ceramic coatings\",\"potentialAction\":[{\"@type\":\"SearchAction\",\"target\":{\"@type\":\"EntryPoint\",\"urlTemplate\":\"https:\/\/www.cerakotesa.com\/?s={search_term_string}\"},\"query-input\":{\"@type\":\"PropertyValueSpecification\",\"valueRequired\":true,\"valueName\":\"search_term_string\"}}],\"inLanguage\":\"es\"}]}<\/script>\n<!-- \/ Yoast SEO plugin. -->","yoast_head_json":{"title":"Titanium H-170 - Cerakote South Africa","robots":{"index":"index","follow":"follow","max-snippet":"max-snippet:-1","max-image-preview":"max-image-preview:large","max-video-preview":"max-video-preview:-1"},"canonical":"https:\/\/www.cerakotesa.com\/es\/producto\/titanium-h-170\/","og_locale":"es_ES","og_type":"article","og_title":"Titanium H-170 - Cerakote South Africa","og_description":"Cerakote Titanium is a medium-dark grey with silver metallic.  *NOTE: This product comes with a catalyst and requires a\u00a0100 Mesh Strainer (SE-275).  Cerakote H Series coatings are durable corrosion-resistant and provide unparalleled levels of hardness and adhesion. These coatings are also resistant to most solvents and chemicals. The foundation for Cerakote H Series coatings is a unique ceramic technology that imparts both flexibility and excellent wear resistance to the final coating. Check out the Resources section for product application guides, technical data sheets and SDS information.","og_url":"https:\/\/www.cerakotesa.com\/es\/producto\/titanium-h-170\/","og_site_name":"Cerakote South Africa","article_modified_time":"2024-08-05T14:03:44+00:00","og_image":[{"width":800,"height":800,"url":"https:\/\/www.cerakotesa.com\/wp-content\/uploads\/2019\/12\/sig-titanium-e-250-dt20210113155659623-thumbnail.jpg","type":"image\/jpeg"}],"twitter_card":"summary_large_image","schema":{"@context":"https:\/\/schema.org","@graph":[{"@type":"WebPage","@id":"https:\/\/www.cerakotesa.com\/fr\/produit\/titanium-h-170\/","url":"https:\/\/www.cerakotesa.com\/fr\/produit\/titanium-h-170\/","name":"Titanium H-170 - Cerakote South Africa","isPartOf":{"@id":"https:\/\/www.cerakotesa.com\/#website"},"primaryImageOfPage":{"@id":"https:\/\/www.cerakotesa.com\/fr\/produit\/titanium-h-170\/#primaryimage"},"image":{"@id":"https:\/\/www.cerakotesa.com\/fr\/produit\/titanium-h-170\/#primaryimage"},"thumbnailUrl":"https:\/\/www.cerakotesa.com\/wp-content\/uploads\/2019\/12\/sig-titanium-e-250-dt20210113155659623-thumbnail.jpg","datePublished":"2019-12-04T11:04:09+00:00","dateModified":"2024-08-05T14:03:44+00:00","breadcrumb":{"@id":"https:\/\/www.cerakotesa.com\/fr\/produit\/titanium-h-170\/#breadcrumb"},"inLanguage":"es","potentialAction":[{"@type":"ReadAction","target":["https:\/\/www.cerakotesa.com\/fr\/produit\/titanium-h-170\/"]}]},{"@type":"ImageObject","inLanguage":"es","@id":"https:\/\/www.cerakotesa.com\/fr\/produit\/titanium-h-170\/#primaryimage","url":"https:\/\/www.cerakotesa.com\/wp-content\/uploads\/2019\/12\/sig-titanium-e-250-dt20210113155659623-thumbnail.jpg","contentUrl":"https:\/\/www.cerakotesa.com\/wp-content\/uploads\/2019\/12\/sig-titanium-e-250-dt20210113155659623-thumbnail.jpg","width":800,"height":800},{"@type":"BreadcrumbList","@id":"https:\/\/www.cerakotesa.com\/fr\/produit\/titanium-h-170\/#breadcrumb","itemListElement":[{"@type":"ListItem","position":1,"name":"Home","item":"https:\/\/www.cerakotesa.com\/"},{"@type":"ListItem","position":2,"name":"Products","item":"https:\/\/www.cerakotesa.com\/shop\/"},{"@type":"ListItem","position":3,"name":"Titanium H-170"}]},{"@type":"WebSite","@id":"https:\/\/www.cerakotesa.com\/#website","url":"https:\/\/www.cerakotesa.com\/","name":"Cerakote South Africa","description":"Cerakote es l\u00edder mundial en la fabricaci\u00f3n de recubrimientos cer\u00e1micos protectores de capa fina.","potentialAction":[{"@type":"SearchAction","target":{"@type":"EntryPoint","urlTemplate":"https:\/\/www.cerakotesa.com\/?s={search_term_string}"},"query-input":{"@type":"PropertyValueSpecification","valueRequired":true,"valueName":"search_term_string"}}],"inLanguage":"es"}]}},"acf":[],"_links":{"self":[{"href":"https:\/\/www.cerakotesa.com\/es\/wp-json\/wp\/v2\/product\/602","targetHints":{"allow":["GET"]}}],"collection":[{"href":"https:\/\/www.cerakotesa.com\/es\/wp-json\/wp\/v2\/product"}],"about":[{"href":"https:\/\/www.cerakotesa.com\/es\/wp-json\/wp\/v2\/types\/product"}],"replies":[{"embeddable":true,"href":"https:\/\/www.cerakotesa.com\/es\/wp-json\/wp\/v2\/comments?post=602"}],"wp:featuredmedia":[{"embeddable":true,"href":"https:\/\/www.cerakotesa.com\/es\/wp-json\/wp\/v2\/media\/18132"}],"wp:attachment":[{"href":"https:\/\/www.cerakotesa.com\/es\/wp-json\/wp\/v2\/media?parent=602"}],"wp:term":[{"taxonomy":"product_brand","embeddable":true,"href":"https:\/\/www.cerakotesa.com\/es\/wp-json\/wp\/v2\/product_brand?post=602"},{"taxonomy":"product_cat","embeddable":true,"href":"https:\/\/www.cerakotesa.com\/es\/wp-json\/wp\/v2\/product_cat?post=602"},{"taxonomy":"product_tag","embeddable":true,"href":"https:\/\/www.cerakotesa.com\/es\/wp-json\/wp\/v2\/product_tag?post=602"}],"curies":[{"name":"wp","href":"https:\/\/api.w.org\/{rel}","templated":true}]}}