{"id":7729,"date":"2021-09-21T15:20:34","date_gmt":"2021-09-21T14:20:34","guid":{"rendered":"https:\/\/www.cerakote.co.uk\/?post_type=product&#038;p=7729"},"modified":"2026-01-08T12:55:03","modified_gmt":"2026-01-08T12:55:03","slug":"heavy-duty-rotating-hanging-spinner-hook-se-387","status":"publish","type":"product","link":"https:\/\/www.cerakotesa.com\/es\/producto\/heavy-duty-rotating-hanging-spinner-hook-se-387\/","title":{"rendered":"Gancho giratorio para colgar de alta resistencia SE-387"},"content":{"rendered":"","protected":false},"excerpt":{"rendered":"<p>Si est\u00e1 pulverizando piezas, entonces 360\u00b0 de rotaci\u00f3n es CR\u00cdTICO para aplicar adecuadamente un recubrimiento a una pieza con facilidad y destreza.<\/p>\n<p>Girar y rociar, es la \u00fanica manera.<\/p>\n<p>Descripci\u00f3n: Gancho de acero s\u00f3lido que incorpora un dise\u00f1o de doble rodamiento de bolas. Este dise\u00f1o le permite girar sin obst\u00e1culos en m\u00faltiples direcciones.<\/p>\n<p>El lazo en la parte superior hace que las opciones de montaje sean f\u00e1ciles e infinitas. Ideal para cualquier cabina, tienda o garaje.<\/p>\n<p>Especificaciones:<\/p>\n<ul>\n<li>5 \"L X 2 \"W<\/li>\n<li>250lb Capacidad de peso<\/li>\n<li>Acero resistente<\/li>\n<\/ul>","protected":false},"featured_media":7733,"comment_status":"closed","ping_status":"closed","template":"","meta":{"_acf_changed":false},"product_brand":[],"product_cat":[106],"product_tag":[844],"class_list":{"0":"post-7729","1":"product","2":"type-product","3":"status-publish","4":"has-post-thumbnail","6":"product_cat-equipment","7":"product_tag-swivel-hook","8":"product_shipping_class-royal-mail-first-class","10":"first","11":"instock","12":"taxable","13":"shipping-taxable","14":"product-type-simple"},"yoast_head":"<!-- This site is optimized with the Yoast SEO plugin v26.7 - https:\/\/yoast.com\/wordpress\/plugins\/seo\/ -->\n<title>Heavy Duty Rotating Hanging Spinner Hook SE-387 - Cerakote South Africa<\/title>\n<meta name=\"robots\" content=\"index, follow, max-snippet:-1, max-image-preview:large, max-video-preview:-1\" \/>\n<link rel=\"canonical\" href=\"https:\/\/www.cerakotesa.com\/es\/producto\/heavy-duty-rotating-hanging-spinner-hook-se-387\/\" \/>\n<meta property=\"og:locale\" content=\"es_ES\" \/>\n<meta property=\"og:type\" content=\"article\" \/>\n<meta property=\"og:title\" content=\"Heavy Duty Rotating Hanging Spinner Hook SE-387 - Cerakote South Africa\" \/>\n<meta property=\"og:description\" content=\"If you\u2019re spraying parts, then 360\u00b0 of rotation is CRITICAL to adequately apply a coating to a part with ease and proficiency. Spin and spray, it\u2019s the only way. Description: Solid steel hook that incorporates a double ball bearing design. This design allows it to rotate unhindered in multiple directions. The loop at the top makes mounting options easy and endless. Great for any booth, shop, or garage. Specs:  5\u201dL X 2\u201dW  250lb Weight Capacity  Heavy Duty Steel\" \/>\n<meta property=\"og:url\" content=\"https:\/\/www.cerakotesa.com\/es\/producto\/heavy-duty-rotating-hanging-spinner-hook-se-387\/\" \/>\n<meta property=\"og:site_name\" content=\"Cerakote South Africa\" \/>\n<meta property=\"article:modified_time\" content=\"2026-01-08T12:55:03+00:00\" \/>\n<meta property=\"og:image\" content=\"https:\/\/www.cerakotesa.com\/wp-content\/uploads\/2021\/09\/Cerakote-Hook.jpg\" \/>\n\t<meta property=\"og:image:width\" content=\"800\" \/>\n\t<meta property=\"og:image:height\" content=\"800\" \/>\n\t<meta property=\"og:image:type\" content=\"image\/jpeg\" \/>\n<meta name=\"twitter:card\" content=\"summary_large_image\" \/>\n<script type=\"application\/ld+json\" class=\"yoast-schema-graph\">{\"@context\":\"https:\/\/schema.org\",\"@graph\":[{\"@type\":\"WebPage\",\"@id\":\"https:\/\/www.cerakotesa.com\/product\/heavy-duty-rotating-hanging-spinner-hook-se-387\/\",\"url\":\"https:\/\/www.cerakotesa.com\/product\/heavy-duty-rotating-hanging-spinner-hook-se-387\/\",\"name\":\"Heavy Duty Rotating Hanging Spinner Hook SE-387 - Cerakote South Africa\",\"isPartOf\":{\"@id\":\"https:\/\/www.cerakotesa.com\/#website\"},\"primaryImageOfPage\":{\"@id\":\"https:\/\/www.cerakotesa.com\/product\/heavy-duty-rotating-hanging-spinner-hook-se-387\/#primaryimage\"},\"image\":{\"@id\":\"https:\/\/www.cerakotesa.com\/product\/heavy-duty-rotating-hanging-spinner-hook-se-387\/#primaryimage\"},\"thumbnailUrl\":\"https:\/\/www.cerakotesa.com\/wp-content\/uploads\/2021\/09\/Cerakote-Hook.jpg\",\"datePublished\":\"2021-09-21T14:20:34+00:00\",\"dateModified\":\"2026-01-08T12:55:03+00:00\",\"breadcrumb\":{\"@id\":\"https:\/\/www.cerakotesa.com\/product\/heavy-duty-rotating-hanging-spinner-hook-se-387\/#breadcrumb\"},\"inLanguage\":\"es\",\"potentialAction\":[{\"@type\":\"ReadAction\",\"target\":[\"https:\/\/www.cerakotesa.com\/product\/heavy-duty-rotating-hanging-spinner-hook-se-387\/\"]}]},{\"@type\":\"ImageObject\",\"inLanguage\":\"es\",\"@id\":\"https:\/\/www.cerakotesa.com\/product\/heavy-duty-rotating-hanging-spinner-hook-se-387\/#primaryimage\",\"url\":\"https:\/\/www.cerakotesa.com\/wp-content\/uploads\/2021\/09\/Cerakote-Hook.jpg\",\"contentUrl\":\"https:\/\/www.cerakotesa.com\/wp-content\/uploads\/2021\/09\/Cerakote-Hook.jpg\",\"width\":800,\"height\":800},{\"@type\":\"BreadcrumbList\",\"@id\":\"https:\/\/www.cerakotesa.com\/product\/heavy-duty-rotating-hanging-spinner-hook-se-387\/#breadcrumb\",\"itemListElement\":[{\"@type\":\"ListItem\",\"position\":1,\"name\":\"Home\",\"item\":\"https:\/\/www.cerakotesa.com\/\"},{\"@type\":\"ListItem\",\"position\":2,\"name\":\"Products\",\"item\":\"https:\/\/www.cerakotesa.com\/shop\/\"},{\"@type\":\"ListItem\",\"position\":3,\"name\":\"Heavy Duty Rotating Hanging Spinner Hook SE-387\"}]},{\"@type\":\"WebSite\",\"@id\":\"https:\/\/www.cerakotesa.com\/#website\",\"url\":\"https:\/\/www.cerakotesa.com\/\",\"name\":\"Cerakote South Africa\",\"description\":\"Cerakote is a global leader in the manufacturing of thin-film protective ceramic coatings\",\"potentialAction\":[{\"@type\":\"SearchAction\",\"target\":{\"@type\":\"EntryPoint\",\"urlTemplate\":\"https:\/\/www.cerakotesa.com\/?s={search_term_string}\"},\"query-input\":{\"@type\":\"PropertyValueSpecification\",\"valueRequired\":true,\"valueName\":\"search_term_string\"}}],\"inLanguage\":\"es\"}]}<\/script>\n<!-- \/ Yoast SEO plugin. -->","yoast_head_json":{"title":"Heavy Duty Rotating Hanging Spinner Hook SE-387 - Cerakote South Africa","robots":{"index":"index","follow":"follow","max-snippet":"max-snippet:-1","max-image-preview":"max-image-preview:large","max-video-preview":"max-video-preview:-1"},"canonical":"https:\/\/www.cerakotesa.com\/es\/producto\/heavy-duty-rotating-hanging-spinner-hook-se-387\/","og_locale":"es_ES","og_type":"article","og_title":"Heavy Duty Rotating Hanging Spinner Hook SE-387 - Cerakote South Africa","og_description":"If you\u2019re spraying parts, then 360\u00b0 of rotation is CRITICAL to adequately apply a coating to a part with ease and proficiency. Spin and spray, it\u2019s the only way. Description: Solid steel hook that incorporates a double ball bearing design. This design allows it to rotate unhindered in multiple directions. The loop at the top makes mounting options easy and endless. Great for any booth, shop, or garage. Specs:  5\u201dL X 2\u201dW  250lb Weight Capacity  Heavy Duty Steel","og_url":"https:\/\/www.cerakotesa.com\/es\/producto\/heavy-duty-rotating-hanging-spinner-hook-se-387\/","og_site_name":"Cerakote South Africa","article_modified_time":"2026-01-08T12:55:03+00:00","og_image":[{"width":800,"height":800,"url":"https:\/\/www.cerakotesa.com\/wp-content\/uploads\/2021\/09\/Cerakote-Hook.jpg","type":"image\/jpeg"}],"twitter_card":"summary_large_image","schema":{"@context":"https:\/\/schema.org","@graph":[{"@type":"WebPage","@id":"https:\/\/www.cerakotesa.com\/product\/heavy-duty-rotating-hanging-spinner-hook-se-387\/","url":"https:\/\/www.cerakotesa.com\/product\/heavy-duty-rotating-hanging-spinner-hook-se-387\/","name":"Heavy Duty Rotating Hanging Spinner Hook SE-387 - Cerakote South Africa","isPartOf":{"@id":"https:\/\/www.cerakotesa.com\/#website"},"primaryImageOfPage":{"@id":"https:\/\/www.cerakotesa.com\/product\/heavy-duty-rotating-hanging-spinner-hook-se-387\/#primaryimage"},"image":{"@id":"https:\/\/www.cerakotesa.com\/product\/heavy-duty-rotating-hanging-spinner-hook-se-387\/#primaryimage"},"thumbnailUrl":"https:\/\/www.cerakotesa.com\/wp-content\/uploads\/2021\/09\/Cerakote-Hook.jpg","datePublished":"2021-09-21T14:20:34+00:00","dateModified":"2026-01-08T12:55:03+00:00","breadcrumb":{"@id":"https:\/\/www.cerakotesa.com\/product\/heavy-duty-rotating-hanging-spinner-hook-se-387\/#breadcrumb"},"inLanguage":"es","potentialAction":[{"@type":"ReadAction","target":["https:\/\/www.cerakotesa.com\/product\/heavy-duty-rotating-hanging-spinner-hook-se-387\/"]}]},{"@type":"ImageObject","inLanguage":"es","@id":"https:\/\/www.cerakotesa.com\/product\/heavy-duty-rotating-hanging-spinner-hook-se-387\/#primaryimage","url":"https:\/\/www.cerakotesa.com\/wp-content\/uploads\/2021\/09\/Cerakote-Hook.jpg","contentUrl":"https:\/\/www.cerakotesa.com\/wp-content\/uploads\/2021\/09\/Cerakote-Hook.jpg","width":800,"height":800},{"@type":"BreadcrumbList","@id":"https:\/\/www.cerakotesa.com\/product\/heavy-duty-rotating-hanging-spinner-hook-se-387\/#breadcrumb","itemListElement":[{"@type":"ListItem","position":1,"name":"Home","item":"https:\/\/www.cerakotesa.com\/"},{"@type":"ListItem","position":2,"name":"Products","item":"https:\/\/www.cerakotesa.com\/shop\/"},{"@type":"ListItem","position":3,"name":"Heavy Duty Rotating Hanging Spinner Hook SE-387"}]},{"@type":"WebSite","@id":"https:\/\/www.cerakotesa.com\/#website","url":"https:\/\/www.cerakotesa.com\/","name":"Cerakote South Africa","description":"Cerakote es l\u00edder mundial en la fabricaci\u00f3n de recubrimientos cer\u00e1micos protectores de capa fina.","potentialAction":[{"@type":"SearchAction","target":{"@type":"EntryPoint","urlTemplate":"https:\/\/www.cerakotesa.com\/?s={search_term_string}"},"query-input":{"@type":"PropertyValueSpecification","valueRequired":true,"valueName":"search_term_string"}}],"inLanguage":"es"}]}},"acf":[],"_links":{"self":[{"href":"https:\/\/www.cerakotesa.com\/es\/wp-json\/wp\/v2\/product\/7729","targetHints":{"allow":["GET"]}}],"collection":[{"href":"https:\/\/www.cerakotesa.com\/es\/wp-json\/wp\/v2\/product"}],"about":[{"href":"https:\/\/www.cerakotesa.com\/es\/wp-json\/wp\/v2\/types\/product"}],"replies":[{"embeddable":true,"href":"https:\/\/www.cerakotesa.com\/es\/wp-json\/wp\/v2\/comments?post=7729"}],"wp:featuredmedia":[{"embeddable":true,"href":"https:\/\/www.cerakotesa.com\/es\/wp-json\/wp\/v2\/media\/7733"}],"wp:attachment":[{"href":"https:\/\/www.cerakotesa.com\/es\/wp-json\/wp\/v2\/media?parent=7729"}],"wp:term":[{"taxonomy":"product_brand","embeddable":true,"href":"https:\/\/www.cerakotesa.com\/es\/wp-json\/wp\/v2\/product_brand?post=7729"},{"taxonomy":"product_cat","embeddable":true,"href":"https:\/\/www.cerakotesa.com\/es\/wp-json\/wp\/v2\/product_cat?post=7729"},{"taxonomy":"product_tag","embeddable":true,"href":"https:\/\/www.cerakotesa.com\/es\/wp-json\/wp\/v2\/product_tag?post=7729"}],"curies":[{"name":"wp","href":"https:\/\/api.w.org\/{rel}","templated":true}]}}