{"id":7868,"date":"2021-10-12T14:45:50","date_gmt":"2021-10-12T13:45:50","guid":{"rendered":"https:\/\/www.cerakote.co.uk\/?post_type=product&#038;p=7868"},"modified":"2025-03-24T11:57:20","modified_gmt":"2025-03-24T11:57:20","slug":"h-series-6-colour-pro-kit","status":"publish","type":"product","link":"https:\/\/www.cerakotesa.com\/es\/producto\/h-series-6-colour-pro-kit\/","title":{"rendered":"Kit profesional de 6 colores de la serie H (PRUEBA)"},"content":{"rendered":"","protected":false},"excerpt":{"rendered":"<p>Este kit Pro Tester de 6 colores es justo lo necesario para ser peligroso. Toma muestras de m\u00faltiples colores con el mejor equipo elegido por profesionales para profesionales.<br \/>\nNOTA: Si necesita ayuda para construir su kit o desea modificarlo, env\u00ede un correo electr\u00f3nico a orders@cerakoteeu.com o ll\u00e1menos al 01284 599003.<\/p>\n<p><b>Este kit incluye:<\/b><\/p>\n<ul>\n<li>(6) Botellas de prueba de 4 onzas en los colores de su elecci\u00f3n con endurecedor - Cada botella de prueba es suficiente para cubrir de 4 a 5 vasos (tama\u00f1o de 20 onzas).<\/li>\n<li>(1) <a href=\"https:\/\/www.cerakotesa.com\/product\/50ml-glass-graduated-cylinder-se-147b\/\">Cilindro graduado de 50ML<\/a> para medir<\/li>\n<li>Manual de formaci\u00f3n<\/li>\n<li>(1) <a href=\"https:\/\/www.cerakotesa.com\/product\/cerakote-in-cup-mesh-strainer-3-pack-se-278\/\">Colador en taza<\/a> en la talla que elija. Elija entre <a style=\"font-size: 14.4px;\" href=\"https:\/\/www.cerakotesa.com\/product\/cerakote-in-cup-100-mesh-strainer-150-micron-se-275\/\">100<\/a><span style=\"font-size: 14.4px;\">, <\/span><a style=\"font-size: 14.4px;\" href=\"https:\/\/www.cerakotesa.com\/product\/cerakote-in-cup-150-mesh-strainer-100-micron-se-276\/\">150<\/a><span style=\"font-size: 14.4px;\"> y <\/span><a style=\"font-size: 14.4px;\" href=\"https:\/\/www.cerakotesa.com\/product\/elite-series-325-mesh-strainer-44-micron-se-277\/\">325<\/a><span style=\"font-size: 14.4px;\"> Malla<\/span><\/li>\n<li>(1) <a href=\"https:\/\/www.cerakotesa.com\/product\/iwata-lph80-spray-gun-kit-se-138\/\">Pistola pulverizadora IWATA LPH80<\/a><\/li>\n<li>(1)\u00a0<a href=\"https:\/\/www.cerakotesa.com\/product\/cup-for-lph80-se-150\/\">Copa de aluminio IWATA<\/a><\/li>\n<li>(1) <a href=\"https:\/\/www.cerakotesa.com\/product\/wash-bottle-se-257\/\">Botella de lavado<\/a><\/li>\n<\/ul>\n<p><strong>Por favor, an\u00f3telo en su pedido o env\u00edenos un correo electr\u00f3nico a orders@cerakoteeu.com para confirmar su elecci\u00f3n de color y tama\u00f1o de malla del filtro.<\/strong>.<\/p>","protected":false},"featured_media":7869,"comment_status":"closed","ping_status":"closed","template":"","meta":{"_acf_changed":false},"product_brand":[],"product_cat":[693],"product_tag":[36,850,601],"class_list":{"0":"post-7868","1":"product","2":"type-product","3":"status-publish","4":"has-post-thumbnail","6":"product_cat-cerakote-kits","7":"product_tag-h-series","8":"product_tag-h-series-kit","9":"product_tag-kit","10":"product_shipping_class-flat-rate","12":"first","13":"instock","14":"taxable","15":"shipping-taxable","16":"product-type-simple"},"yoast_head":"<!-- This site is optimized with the Yoast SEO plugin v26.7 - https:\/\/yoast.com\/wordpress\/plugins\/seo\/ -->\n<title>H Series 6 Colour Pro Kit (TESTER) - Cerakote South Africa<\/title>\n<meta name=\"robots\" content=\"index, follow, max-snippet:-1, max-image-preview:large, max-video-preview:-1\" \/>\n<link rel=\"canonical\" href=\"https:\/\/www.cerakotesa.com\/es\/producto\/h-series-6-colour-pro-kit\/\" \/>\n<meta property=\"og:locale\" content=\"es_ES\" \/>\n<meta property=\"og:type\" content=\"article\" \/>\n<meta property=\"og:title\" content=\"H Series 6 Colour Pro Kit (TESTER) - Cerakote South Africa\" \/>\n<meta property=\"og:description\" content=\"This 6 Color Pro Tester Kit is just enough to be dangerous. Sample multiple colors with the best equipment chosen by professionals for professionals. NOTE: If you need help building your kit or you\u2019d like to modify this kit, please email orders@cerakoteeu.com or give us a call on 01284 599003  This kit includes:   (6) 4oz tester bottles in your choice of colors with hardener \u2013 Each tester is enough to coat 4 to 5 tumblers (20 oz. size).  (1) 50ML graduated cylinder for measuring  Training Manual  (1) In-cup strainer in your choice of size. Choose from 100, 150 and 325 Mesh  (1) IWATA LPH80 Spray Gun  (1)\u00a0IWATA Aluminium Cup  (1) Wash bottle  Please make a note on your order purchase or email us on orders@cerakoteeu.com to confirm your colour choices and strainer mesh size.\" \/>\n<meta property=\"og:url\" content=\"https:\/\/www.cerakotesa.com\/es\/producto\/h-series-6-colour-pro-kit\/\" \/>\n<meta property=\"og:site_name\" content=\"Cerakote South Africa\" \/>\n<meta property=\"article:modified_time\" content=\"2025-03-24T11:57:20+00:00\" \/>\n<meta property=\"og:image\" content=\"https:\/\/www.cerakotesa.com\/wp-content\/uploads\/2021\/10\/6-colour-pro-kit.jpg\" \/>\n\t<meta property=\"og:image:width\" content=\"800\" \/>\n\t<meta property=\"og:image:height\" content=\"800\" \/>\n\t<meta property=\"og:image:type\" content=\"image\/jpeg\" \/>\n<meta name=\"twitter:card\" content=\"summary_large_image\" \/>\n<script type=\"application\/ld+json\" class=\"yoast-schema-graph\">{\"@context\":\"https:\/\/schema.org\",\"@graph\":[{\"@type\":\"WebPage\",\"@id\":\"https:\/\/www.cerakotesa.com\/product\/h-series-6-colour-pro-kit\/\",\"url\":\"https:\/\/www.cerakotesa.com\/product\/h-series-6-colour-pro-kit\/\",\"name\":\"H Series 6 Colour Pro Kit (TESTER) - Cerakote South Africa\",\"isPartOf\":{\"@id\":\"https:\/\/www.cerakotesa.com\/#website\"},\"primaryImageOfPage\":{\"@id\":\"https:\/\/www.cerakotesa.com\/product\/h-series-6-colour-pro-kit\/#primaryimage\"},\"image\":{\"@id\":\"https:\/\/www.cerakotesa.com\/product\/h-series-6-colour-pro-kit\/#primaryimage\"},\"thumbnailUrl\":\"https:\/\/www.cerakotesa.com\/wp-content\/uploads\/2021\/10\/6-colour-pro-kit.jpg\",\"datePublished\":\"2021-10-12T13:45:50+00:00\",\"dateModified\":\"2025-03-24T11:57:20+00:00\",\"breadcrumb\":{\"@id\":\"https:\/\/www.cerakotesa.com\/product\/h-series-6-colour-pro-kit\/#breadcrumb\"},\"inLanguage\":\"es\",\"potentialAction\":[{\"@type\":\"ReadAction\",\"target\":[\"https:\/\/www.cerakotesa.com\/product\/h-series-6-colour-pro-kit\/\"]}]},{\"@type\":\"ImageObject\",\"inLanguage\":\"es\",\"@id\":\"https:\/\/www.cerakotesa.com\/product\/h-series-6-colour-pro-kit\/#primaryimage\",\"url\":\"https:\/\/www.cerakotesa.com\/wp-content\/uploads\/2021\/10\/6-colour-pro-kit.jpg\",\"contentUrl\":\"https:\/\/www.cerakotesa.com\/wp-content\/uploads\/2021\/10\/6-colour-pro-kit.jpg\",\"width\":800,\"height\":800},{\"@type\":\"BreadcrumbList\",\"@id\":\"https:\/\/www.cerakotesa.com\/product\/h-series-6-colour-pro-kit\/#breadcrumb\",\"itemListElement\":[{\"@type\":\"ListItem\",\"position\":1,\"name\":\"Home\",\"item\":\"https:\/\/www.cerakotesa.com\/\"},{\"@type\":\"ListItem\",\"position\":2,\"name\":\"Products\",\"item\":\"https:\/\/www.cerakotesa.com\/shop\/\"},{\"@type\":\"ListItem\",\"position\":3,\"name\":\"H Series 6 Colour Pro Kit (TESTER)\"}]},{\"@type\":\"WebSite\",\"@id\":\"https:\/\/www.cerakotesa.com\/#website\",\"url\":\"https:\/\/www.cerakotesa.com\/\",\"name\":\"Cerakote South Africa\",\"description\":\"Cerakote is a global leader in the manufacturing of thin-film protective ceramic coatings\",\"potentialAction\":[{\"@type\":\"SearchAction\",\"target\":{\"@type\":\"EntryPoint\",\"urlTemplate\":\"https:\/\/www.cerakotesa.com\/?s={search_term_string}\"},\"query-input\":{\"@type\":\"PropertyValueSpecification\",\"valueRequired\":true,\"valueName\":\"search_term_string\"}}],\"inLanguage\":\"es\"}]}<\/script>\n<!-- \/ Yoast SEO plugin. -->","yoast_head_json":{"title":"H Series 6 Colour Pro Kit (TESTER) - Cerakote South Africa","robots":{"index":"index","follow":"follow","max-snippet":"max-snippet:-1","max-image-preview":"max-image-preview:large","max-video-preview":"max-video-preview:-1"},"canonical":"https:\/\/www.cerakotesa.com\/es\/producto\/h-series-6-colour-pro-kit\/","og_locale":"es_ES","og_type":"article","og_title":"H Series 6 Colour Pro Kit (TESTER) - Cerakote South Africa","og_description":"This 6 Color Pro Tester Kit is just enough to be dangerous. Sample multiple colors with the best equipment chosen by professionals for professionals. NOTE: If you need help building your kit or you\u2019d like to modify this kit, please email orders@cerakoteeu.com or give us a call on 01284 599003  This kit includes:   (6) 4oz tester bottles in your choice of colors with hardener \u2013 Each tester is enough to coat 4 to 5 tumblers (20 oz. size).  (1) 50ML graduated cylinder for measuring  Training Manual  (1) In-cup strainer in your choice of size. Choose from 100, 150 and 325 Mesh  (1) IWATA LPH80 Spray Gun  (1)\u00a0IWATA Aluminium Cup  (1) Wash bottle  Please make a note on your order purchase or email us on orders@cerakoteeu.com to confirm your colour choices and strainer mesh size.","og_url":"https:\/\/www.cerakotesa.com\/es\/producto\/h-series-6-colour-pro-kit\/","og_site_name":"Cerakote South Africa","article_modified_time":"2025-03-24T11:57:20+00:00","og_image":[{"width":800,"height":800,"url":"https:\/\/www.cerakotesa.com\/wp-content\/uploads\/2021\/10\/6-colour-pro-kit.jpg","type":"image\/jpeg"}],"twitter_card":"summary_large_image","schema":{"@context":"https:\/\/schema.org","@graph":[{"@type":"WebPage","@id":"https:\/\/www.cerakotesa.com\/product\/h-series-6-colour-pro-kit\/","url":"https:\/\/www.cerakotesa.com\/product\/h-series-6-colour-pro-kit\/","name":"H Series 6 Colour Pro Kit (TESTER) - Cerakote South Africa","isPartOf":{"@id":"https:\/\/www.cerakotesa.com\/#website"},"primaryImageOfPage":{"@id":"https:\/\/www.cerakotesa.com\/product\/h-series-6-colour-pro-kit\/#primaryimage"},"image":{"@id":"https:\/\/www.cerakotesa.com\/product\/h-series-6-colour-pro-kit\/#primaryimage"},"thumbnailUrl":"https:\/\/www.cerakotesa.com\/wp-content\/uploads\/2021\/10\/6-colour-pro-kit.jpg","datePublished":"2021-10-12T13:45:50+00:00","dateModified":"2025-03-24T11:57:20+00:00","breadcrumb":{"@id":"https:\/\/www.cerakotesa.com\/product\/h-series-6-colour-pro-kit\/#breadcrumb"},"inLanguage":"es","potentialAction":[{"@type":"ReadAction","target":["https:\/\/www.cerakotesa.com\/product\/h-series-6-colour-pro-kit\/"]}]},{"@type":"ImageObject","inLanguage":"es","@id":"https:\/\/www.cerakotesa.com\/product\/h-series-6-colour-pro-kit\/#primaryimage","url":"https:\/\/www.cerakotesa.com\/wp-content\/uploads\/2021\/10\/6-colour-pro-kit.jpg","contentUrl":"https:\/\/www.cerakotesa.com\/wp-content\/uploads\/2021\/10\/6-colour-pro-kit.jpg","width":800,"height":800},{"@type":"BreadcrumbList","@id":"https:\/\/www.cerakotesa.com\/product\/h-series-6-colour-pro-kit\/#breadcrumb","itemListElement":[{"@type":"ListItem","position":1,"name":"Home","item":"https:\/\/www.cerakotesa.com\/"},{"@type":"ListItem","position":2,"name":"Products","item":"https:\/\/www.cerakotesa.com\/shop\/"},{"@type":"ListItem","position":3,"name":"H Series 6 Colour Pro Kit (TESTER)"}]},{"@type":"WebSite","@id":"https:\/\/www.cerakotesa.com\/#website","url":"https:\/\/www.cerakotesa.com\/","name":"Cerakote South Africa","description":"Cerakote es l\u00edder mundial en la fabricaci\u00f3n de recubrimientos cer\u00e1micos protectores de capa fina.","potentialAction":[{"@type":"SearchAction","target":{"@type":"EntryPoint","urlTemplate":"https:\/\/www.cerakotesa.com\/?s={search_term_string}"},"query-input":{"@type":"PropertyValueSpecification","valueRequired":true,"valueName":"search_term_string"}}],"inLanguage":"es"}]}},"acf":[],"_links":{"self":[{"href":"https:\/\/www.cerakotesa.com\/es\/wp-json\/wp\/v2\/product\/7868","targetHints":{"allow":["GET"]}}],"collection":[{"href":"https:\/\/www.cerakotesa.com\/es\/wp-json\/wp\/v2\/product"}],"about":[{"href":"https:\/\/www.cerakotesa.com\/es\/wp-json\/wp\/v2\/types\/product"}],"replies":[{"embeddable":true,"href":"https:\/\/www.cerakotesa.com\/es\/wp-json\/wp\/v2\/comments?post=7868"}],"wp:featuredmedia":[{"embeddable":true,"href":"https:\/\/www.cerakotesa.com\/es\/wp-json\/wp\/v2\/media\/7869"}],"wp:attachment":[{"href":"https:\/\/www.cerakotesa.com\/es\/wp-json\/wp\/v2\/media?parent=7868"}],"wp:term":[{"taxonomy":"product_brand","embeddable":true,"href":"https:\/\/www.cerakotesa.com\/es\/wp-json\/wp\/v2\/product_brand?post=7868"},{"taxonomy":"product_cat","embeddable":true,"href":"https:\/\/www.cerakotesa.com\/es\/wp-json\/wp\/v2\/product_cat?post=7868"},{"taxonomy":"product_tag","embeddable":true,"href":"https:\/\/www.cerakotesa.com\/es\/wp-json\/wp\/v2\/product_tag?post=7868"}],"curies":[{"name":"wp","href":"https:\/\/api.w.org\/{rel}","templated":true}]}}