{"id":7870,"date":"2021-10-12T14:04:11","date_gmt":"2021-10-12T14:04:11","guid":{"rendered":"https:\/\/www.cerakote.co.uk\/?post_type=product&#038;p=7870"},"modified":"2025-03-07T15:42:34","modified_gmt":"2025-03-07T15:42:34","slug":"c-series-3-colour-starter-kit","status":"publish","type":"product","link":"https:\/\/www.cerakotesa.com\/es\/producto\/c-series-3-colour-starter-kit\/","title":{"rendered":"Kit b\u00e1sico de 3 colores Serie C"},"content":{"rendered":"","protected":false},"excerpt":{"rendered":"<p>El Cerakote ceramic coating C Series Starter Kit le da lo que necesita para pulverizar en un solo color, dos tonos, o incluso camuflaje y m\u00faltiples patrones sin una gran inversi\u00f3n.<\/p>\n<p>NOTA: Si necesita ayuda para construir su kit o desea modificarlo, env\u00ede un correo electr\u00f3nico a orders@cerakoteeu.com o ll\u00e1menos al 01284 599003.<\/p>\n<p>Nuestro kit de inicio de la serie C incluye:<\/p>\n<ul>\n<li>(3) Botellas de prueba de 4 oz. a elegir entre <a href=\"https:\/\/www.cerakotesa.com\/product-category\/c-series\/\" target=\"_blank\" rel=\"noopener\">colores<\/a>. Cada probador es suficiente para cubrir f\u00e1cilmente 4-5 vasos (tama\u00f1o 20 oz.).<\/li>\n<li>Pistola de pulverizaci\u00f3n - Se trata de un nivel intermedio, Cerakote Trainer aprobado pistola de pulverizaci\u00f3n HVLP. Viene con 3 ajustes (patr\u00f3n de abanico, aire y fluido), incluye un vaso de aluminio y un kit de limpieza.<\/li>\n<li>(1) En la taza <strong><a href=\"https:\/\/www.cerakotesa.com\/product\/cerakote-in-cup-100-mesh-strainer-150-micron-se-275\/\">100<\/a> <\/strong>o<strong> <a href=\"https:\/\/www.cerakotesa.com\/product\/cerakote-in-cup-150-mesh-strainer-100-micron-se-276\/\">150 mallas<\/a><\/strong> Colador de acero inoxidable<\/li>\n<li><a href=\"https:\/\/www.cerakotesa.com\/product\/50ml-glass-graduated-cylinder-se-147b\/\">Cilindro graduado de 50 ml<\/a> para medir<\/li>\n<\/ul>\n<p><strong>Elija 3 de los siguientes colores:<\/strong><\/p>\n<ul>\n<li style=\"list-style-type: none\">\n<ul>\n<li><a href=\"https:\/\/www.cerakotesa.com\/product\/glacier-black-c-7600\/\">C-7600 Glacier Black<\/a><\/li>\n<li><a href=\"https:\/\/www.cerakotesa.com\/product\/glacier-silver-c-7700\/\">C-7700 Glacier Silver<\/a><\/li>\n<li><a href=\"https:\/\/www.cerakotesa.com\/product\/glacier-titanium-c-7900\/\">C-7900 Glacier Titanium<\/a><\/li>\n<li><a href=\"https:\/\/www.cerakotesa.com\/product\/black-velvet-c-7300\/\">C-7300 Black Velvet<\/a><\/li>\n<li><a href=\"https:\/\/www.cerakotesa.com\/product\/burnt-bronze-c-148\/\">C-148 Burnt Bronze<\/a><\/li>\n<li><a href=\"https:\/\/www.cerakotesa.com\/product\/graphite-black-c-102\/\">C-102 Graphite Black<\/a><\/li>\n<li><a href=\"https:\/\/www.cerakotesa.com\/product\/armor-black-c-192\/\">C-192 Armor Black<\/a><\/li>\n<li><a href=\"https:\/\/www.cerakotesa.com\/product\/blue-flame-c-158\/\">C-158 Blue Flame<\/a><\/li>\n<li><a href=\"https:\/\/www.cerakotesa.com\/product\/stoplight-red-c-143\/\">C-143 Stoplight Red<\/a><\/li>\n<li><a href=\"https:\/\/www.cerakotesa.com\/product\/bright-white-c-140\/\">C-140 Bright White<\/a><\/li>\n<li><a href=\"https:\/\/www.cerakotesa.com\/product\/tungsten-c-111\/\">C-111 Tungsten<\/a><\/li>\n<\/ul>\n<\/li>\n<\/ul>\n<p>&nbsp;<\/p>\n<p><strong>Por favor, an\u00f3telo en su compra o env\u00edenos un correo electr\u00f3nico a orders@cerakoteeu.com para confirmar su elecci\u00f3n de color y el tama\u00f1o del colador de malla.<\/strong><\/p>","protected":false},"featured_media":8811,"comment_status":"closed","ping_status":"closed","template":"","meta":{"_acf_changed":false},"product_brand":[],"product_cat":[693],"product_tag":[851,59,601],"class_list":{"0":"post-7870","1":"product","2":"type-product","3":"status-publish","4":"has-post-thumbnail","6":"product_cat-cerakote-kits","7":"product_tag-c-series-kit","8":"product_tag-c-series","9":"product_tag-kit","10":"product_shipping_class-flat-rate","12":"first","13":"instock","14":"taxable","15":"shipping-taxable","16":"product-type-simple"},"yoast_head":"<!-- This site is optimized with the Yoast SEO plugin v26.7 - https:\/\/yoast.com\/wordpress\/plugins\/seo\/ -->\n<title>C Series 3 Colour Starter Kit - Cerakote South Africa<\/title>\n<meta name=\"robots\" content=\"index, follow, max-snippet:-1, max-image-preview:large, max-video-preview:-1\" \/>\n<link rel=\"canonical\" href=\"https:\/\/www.cerakotesa.com\/es\/producto\/c-series-3-colour-starter-kit\/\" \/>\n<meta property=\"og:locale\" content=\"es_ES\" \/>\n<meta property=\"og:type\" content=\"article\" \/>\n<meta property=\"og:title\" content=\"C Series 3 Colour Starter Kit - Cerakote South Africa\" \/>\n<meta property=\"og:description\" content=\"The Cerakote ceramic coating C Series Starter Kit gives you what you need to spray in single colors, two tones, or even camo and multiple patterns without a large investment.  NOTE: If you need help building your kit or you\u2019d like to modify this kit, please email orders@cerakoteeu.com or give us a call on 01284 599003  Our C Series Starter Kit includes:   (3) 4 oz. Tester bottles in your choice of colours. Each Tester is enough to easily coat 4-5 tumblers (20 oz. size).  Spray Gun - This is an intermediate level, Cerakote Trainer approved HVLP spray gun. It comes with 3 adjustments (fan pattern, air and fluid), includes an aluminum cup and a cleaning kit.  (1) In-Cup 100 or 150 mesh stainless steel Strainer  50ml Graduated cylinder for measuring  Please choose 3 of the following colours:      C-7600 Glacier Black  C-7700 Glacier Silver  C-7900 Glacier Titanium  C-7300 Black Velvet  C-148 Burnt Bronze  C-102 Graphite Black  C-192 Armor Black  C-158 Blue Flame  C-143 Stoplight Red  C-140 Bright White  C-111 Tungsten    &nbsp;  Please make a note on your purchase or email us on orders@cerakoteeu.com to confirm your colour choices and in cup mesh strainer size.\" \/>\n<meta property=\"og:url\" content=\"https:\/\/www.cerakotesa.com\/es\/producto\/c-series-3-colour-starter-kit\/\" \/>\n<meta property=\"og:site_name\" content=\"Cerakote South Africa\" \/>\n<meta property=\"article:modified_time\" content=\"2025-03-07T15:42:34+00:00\" \/>\n<meta property=\"og:image\" content=\"https:\/\/www.cerakotesa.com\/wp-content\/uploads\/2021\/10\/c-series-3-color-starter-kit-tester-19995-1h-kitct3-dt20211104142355283-thumbnail.jpg\" \/>\n\t<meta property=\"og:image:width\" content=\"800\" \/>\n\t<meta property=\"og:image:height\" content=\"800\" \/>\n\t<meta property=\"og:image:type\" content=\"image\/jpeg\" \/>\n<meta name=\"twitter:card\" content=\"summary_large_image\" \/>\n<meta name=\"twitter:label1\" content=\"Tiempo de lectura\" \/>\n\t<meta name=\"twitter:data1\" content=\"1 minuto\" \/>\n<script type=\"application\/ld+json\" class=\"yoast-schema-graph\">{\"@context\":\"https:\/\/schema.org\",\"@graph\":[{\"@type\":\"WebPage\",\"@id\":\"https:\/\/www.cerakotesa.com\/product\/c-series-3-colour-starter-kit\/\",\"url\":\"https:\/\/www.cerakotesa.com\/product\/c-series-3-colour-starter-kit\/\",\"name\":\"C Series 3 Colour Starter Kit - Cerakote South Africa\",\"isPartOf\":{\"@id\":\"https:\/\/www.cerakotesa.com\/#website\"},\"primaryImageOfPage\":{\"@id\":\"https:\/\/www.cerakotesa.com\/product\/c-series-3-colour-starter-kit\/#primaryimage\"},\"image\":{\"@id\":\"https:\/\/www.cerakotesa.com\/product\/c-series-3-colour-starter-kit\/#primaryimage\"},\"thumbnailUrl\":\"https:\/\/www.cerakotesa.com\/wp-content\/uploads\/2021\/10\/c-series-3-color-starter-kit-tester-19995-1h-kitct3-dt20211104142355283-thumbnail.jpg\",\"datePublished\":\"2021-10-12T14:04:11+00:00\",\"dateModified\":\"2025-03-07T15:42:34+00:00\",\"breadcrumb\":{\"@id\":\"https:\/\/www.cerakotesa.com\/product\/c-series-3-colour-starter-kit\/#breadcrumb\"},\"inLanguage\":\"es\",\"potentialAction\":[{\"@type\":\"ReadAction\",\"target\":[\"https:\/\/www.cerakotesa.com\/product\/c-series-3-colour-starter-kit\/\"]}]},{\"@type\":\"ImageObject\",\"inLanguage\":\"es\",\"@id\":\"https:\/\/www.cerakotesa.com\/product\/c-series-3-colour-starter-kit\/#primaryimage\",\"url\":\"https:\/\/www.cerakotesa.com\/wp-content\/uploads\/2021\/10\/c-series-3-color-starter-kit-tester-19995-1h-kitct3-dt20211104142355283-thumbnail.jpg\",\"contentUrl\":\"https:\/\/www.cerakotesa.com\/wp-content\/uploads\/2021\/10\/c-series-3-color-starter-kit-tester-19995-1h-kitct3-dt20211104142355283-thumbnail.jpg\",\"width\":800,\"height\":800},{\"@type\":\"BreadcrumbList\",\"@id\":\"https:\/\/www.cerakotesa.com\/product\/c-series-3-colour-starter-kit\/#breadcrumb\",\"itemListElement\":[{\"@type\":\"ListItem\",\"position\":1,\"name\":\"Home\",\"item\":\"https:\/\/www.cerakotesa.com\/\"},{\"@type\":\"ListItem\",\"position\":2,\"name\":\"Products\",\"item\":\"https:\/\/www.cerakotesa.com\/shop\/\"},{\"@type\":\"ListItem\",\"position\":3,\"name\":\"C Series 3 Colour Starter Kit\"}]},{\"@type\":\"WebSite\",\"@id\":\"https:\/\/www.cerakotesa.com\/#website\",\"url\":\"https:\/\/www.cerakotesa.com\/\",\"name\":\"Cerakote South Africa\",\"description\":\"Cerakote is a global leader in the manufacturing of thin-film protective ceramic coatings\",\"potentialAction\":[{\"@type\":\"SearchAction\",\"target\":{\"@type\":\"EntryPoint\",\"urlTemplate\":\"https:\/\/www.cerakotesa.com\/?s={search_term_string}\"},\"query-input\":{\"@type\":\"PropertyValueSpecification\",\"valueRequired\":true,\"valueName\":\"search_term_string\"}}],\"inLanguage\":\"es\"}]}<\/script>\n<!-- \/ Yoast SEO plugin. -->","yoast_head_json":{"title":"C Series 3 Colour Starter Kit - Cerakote South Africa","robots":{"index":"index","follow":"follow","max-snippet":"max-snippet:-1","max-image-preview":"max-image-preview:large","max-video-preview":"max-video-preview:-1"},"canonical":"https:\/\/www.cerakotesa.com\/es\/producto\/c-series-3-colour-starter-kit\/","og_locale":"es_ES","og_type":"article","og_title":"C Series 3 Colour Starter Kit - Cerakote South Africa","og_description":"The Cerakote ceramic coating C Series Starter Kit gives you what you need to spray in single colors, two tones, or even camo and multiple patterns without a large investment.  NOTE: If you need help building your kit or you\u2019d like to modify this kit, please email orders@cerakoteeu.com or give us a call on 01284 599003  Our C Series Starter Kit includes:   (3) 4 oz. Tester bottles in your choice of colours. Each Tester is enough to easily coat 4-5 tumblers (20 oz. size).  Spray Gun - This is an intermediate level, Cerakote Trainer approved HVLP spray gun. It comes with 3 adjustments (fan pattern, air and fluid), includes an aluminum cup and a cleaning kit.  (1) In-Cup 100 or 150 mesh stainless steel Strainer  50ml Graduated cylinder for measuring  Please choose 3 of the following colours:      C-7600 Glacier Black  C-7700 Glacier Silver  C-7900 Glacier Titanium  C-7300 Black Velvet  C-148 Burnt Bronze  C-102 Graphite Black  C-192 Armor Black  C-158 Blue Flame  C-143 Stoplight Red  C-140 Bright White  C-111 Tungsten    &nbsp;  Please make a note on your purchase or email us on orders@cerakoteeu.com to confirm your colour choices and in cup mesh strainer size.","og_url":"https:\/\/www.cerakotesa.com\/es\/producto\/c-series-3-colour-starter-kit\/","og_site_name":"Cerakote South Africa","article_modified_time":"2025-03-07T15:42:34+00:00","og_image":[{"width":800,"height":800,"url":"https:\/\/www.cerakotesa.com\/wp-content\/uploads\/2021\/10\/c-series-3-color-starter-kit-tester-19995-1h-kitct3-dt20211104142355283-thumbnail.jpg","type":"image\/jpeg"}],"twitter_card":"summary_large_image","twitter_misc":{"Tiempo de lectura":"1 minuto"},"schema":{"@context":"https:\/\/schema.org","@graph":[{"@type":"WebPage","@id":"https:\/\/www.cerakotesa.com\/product\/c-series-3-colour-starter-kit\/","url":"https:\/\/www.cerakotesa.com\/product\/c-series-3-colour-starter-kit\/","name":"C Series 3 Colour Starter Kit - Cerakote South Africa","isPartOf":{"@id":"https:\/\/www.cerakotesa.com\/#website"},"primaryImageOfPage":{"@id":"https:\/\/www.cerakotesa.com\/product\/c-series-3-colour-starter-kit\/#primaryimage"},"image":{"@id":"https:\/\/www.cerakotesa.com\/product\/c-series-3-colour-starter-kit\/#primaryimage"},"thumbnailUrl":"https:\/\/www.cerakotesa.com\/wp-content\/uploads\/2021\/10\/c-series-3-color-starter-kit-tester-19995-1h-kitct3-dt20211104142355283-thumbnail.jpg","datePublished":"2021-10-12T14:04:11+00:00","dateModified":"2025-03-07T15:42:34+00:00","breadcrumb":{"@id":"https:\/\/www.cerakotesa.com\/product\/c-series-3-colour-starter-kit\/#breadcrumb"},"inLanguage":"es","potentialAction":[{"@type":"ReadAction","target":["https:\/\/www.cerakotesa.com\/product\/c-series-3-colour-starter-kit\/"]}]},{"@type":"ImageObject","inLanguage":"es","@id":"https:\/\/www.cerakotesa.com\/product\/c-series-3-colour-starter-kit\/#primaryimage","url":"https:\/\/www.cerakotesa.com\/wp-content\/uploads\/2021\/10\/c-series-3-color-starter-kit-tester-19995-1h-kitct3-dt20211104142355283-thumbnail.jpg","contentUrl":"https:\/\/www.cerakotesa.com\/wp-content\/uploads\/2021\/10\/c-series-3-color-starter-kit-tester-19995-1h-kitct3-dt20211104142355283-thumbnail.jpg","width":800,"height":800},{"@type":"BreadcrumbList","@id":"https:\/\/www.cerakotesa.com\/product\/c-series-3-colour-starter-kit\/#breadcrumb","itemListElement":[{"@type":"ListItem","position":1,"name":"Home","item":"https:\/\/www.cerakotesa.com\/"},{"@type":"ListItem","position":2,"name":"Products","item":"https:\/\/www.cerakotesa.com\/shop\/"},{"@type":"ListItem","position":3,"name":"C Series 3 Colour Starter Kit"}]},{"@type":"WebSite","@id":"https:\/\/www.cerakotesa.com\/#website","url":"https:\/\/www.cerakotesa.com\/","name":"Cerakote South Africa","description":"Cerakote es l\u00edder mundial en la fabricaci\u00f3n de recubrimientos cer\u00e1micos protectores de capa fina.","potentialAction":[{"@type":"SearchAction","target":{"@type":"EntryPoint","urlTemplate":"https:\/\/www.cerakotesa.com\/?s={search_term_string}"},"query-input":{"@type":"PropertyValueSpecification","valueRequired":true,"valueName":"search_term_string"}}],"inLanguage":"es"}]}},"acf":[],"_links":{"self":[{"href":"https:\/\/www.cerakotesa.com\/es\/wp-json\/wp\/v2\/product\/7870","targetHints":{"allow":["GET"]}}],"collection":[{"href":"https:\/\/www.cerakotesa.com\/es\/wp-json\/wp\/v2\/product"}],"about":[{"href":"https:\/\/www.cerakotesa.com\/es\/wp-json\/wp\/v2\/types\/product"}],"replies":[{"embeddable":true,"href":"https:\/\/www.cerakotesa.com\/es\/wp-json\/wp\/v2\/comments?post=7870"}],"wp:featuredmedia":[{"embeddable":true,"href":"https:\/\/www.cerakotesa.com\/es\/wp-json\/wp\/v2\/media\/8811"}],"wp:attachment":[{"href":"https:\/\/www.cerakotesa.com\/es\/wp-json\/wp\/v2\/media?parent=7870"}],"wp:term":[{"taxonomy":"product_brand","embeddable":true,"href":"https:\/\/www.cerakotesa.com\/es\/wp-json\/wp\/v2\/product_brand?post=7870"},{"taxonomy":"product_cat","embeddable":true,"href":"https:\/\/www.cerakotesa.com\/es\/wp-json\/wp\/v2\/product_cat?post=7870"},{"taxonomy":"product_tag","embeddable":true,"href":"https:\/\/www.cerakotesa.com\/es\/wp-json\/wp\/v2\/product_tag?post=7870"}],"curies":[{"name":"wp","href":"https:\/\/api.w.org\/{rel}","templated":true}]}}