{"id":8299,"date":"2021-12-03T16:19:59","date_gmt":"2021-12-03T16:19:59","guid":{"rendered":"https:\/\/www.cerakote.co.uk\/?post_type=product&#038;p=8299"},"modified":"2025-12-11T09:53:09","modified_gmt":"2025-12-11T09:53:09","slug":"cerakote-fx-mystique-fx-105","status":"publish","type":"product","link":"https:\/\/www.cerakotesa.com\/es\/producto\/cerakote-fx-mystique-fx-105\/","title":{"rendered":"CERAKOTE\u00ae FX MYSTIQUE FX-105"},"content":{"rendered":"","protected":false},"excerpt":{"rendered":"<p>Cerakote FX Mystique es una perla con un fuerte cambio de color que va desde un violeta \u00edndigo intenso hasta un rosa rosado m\u00e1s claro. (La imagen del panel S es Mystique sobre <a href=\"https:\/\/www.cerakotesa.com\/product\/graphite-black-h-146\/\" target=\"_blank\" rel=\"noopener\">Graphite Black<\/a>.)<\/p>\n<p><strong>Actualmente ofrecemos dos tama\u00f1os, 4 gramos y 32 gramos. Hemos dise\u00f1ado la cantidad para mezclar el FX en un probador o un cuarto de gal\u00f3n convenientemente. Nuestra proporci\u00f3n de mezcla recomendada es de 1 gramo por 1 onza de transparente.<\/strong><\/p>\n<p>Cerakote FX lleva la personalizaci\u00f3n a otro nivel. Cerakote FX es un aditivo dise\u00f1ado y probado espec\u00edficamente para mezclarse con nuestros barnices de la serie H (<a href=\"https:\/\/www.cerakotesa.com\/product\/high-gloss-armor-clear-h-300\/\" target=\"_blank\" rel=\"noopener\">H-300<\/a> y <a href=\"https:\/\/www.cerakotesa.com\/product\/matte-armor-clear-h-301\/\" target=\"_blank\" rel=\"noopener\">H-301<\/a>), y rociado sobre un Cerakote <a href=\"https:\/\/www.cerakotesa.com\/product-category\/h-series-coatings\/\" target=\"_blank\" rel=\"noopener\">capa base de tono s\u00f3lido<\/a>. Esto crea un nuevo brillo y un aspecto que va de suave a salvaje, dependiendo de la combinaci\u00f3n utilizada.<\/p>\n<p>Cerakote FX est\u00e1 dise\u00f1ado para ser utilizado con Clears de la Serie H, que luego se roc\u00eda sobre una capa base de tono s\u00f3lido Cerakote. (NOTA: Cerakote FX se aplica MOJADO SOBRE MOJADO. Su art\u00edculo NO ir\u00e1 al horno hasta despu\u00e9s de haber aplicado el FX).<\/p>\n<p>Los materiales Cerakote FX se seleccionaron espec\u00edficamente por sus altas prestaciones, entre las que se incluyen: resistencia a la corrosi\u00f3n y a la intemperie, resistencia a ara\u00f1azos, golpes e impactos, as\u00ed como capacidad de adhesi\u00f3n dentro del sistema Cerakote. En otras palabras, cumplen los estrictos criterios para llevar la marca Cerakote.<\/p>\n<p>Las posibilidades de personalizaci\u00f3n son infinitas: \u00a1disfruta dando rienda suelta a tu creatividad!<\/p>\n<p><a href=\"https:\/\/www.youtube.com\/watch?v=WFAJl9cXTi0\">Aseg\u00farese de ver nuestro v\u00eddeo de solicitud para obtener instrucciones r\u00e1pidas y sencillas.<\/a><\/p>","protected":false},"featured_media":17953,"comment_status":"closed","ping_status":"closed","template":"","meta":{"_acf_changed":false},"product_brand":[],"product_cat":[841],"product_tag":[840,842,862,863],"class_list":{"0":"post-8299","1":"product","2":"type-product","3":"status-publish","4":"has-post-thumbnail","6":"product_cat-cerakote-fx","7":"product_tag-cerakote-fx","8":"product_tag-fx","9":"product_tag-mystique","10":"product_tag-mystique-fx","11":"product_shipping_class-flat-rate","13":"first","14":"instock","15":"taxable","16":"shipping-taxable","17":"product-type-variable"},"yoast_head":"<!-- This site is optimized with the Yoast SEO plugin v26.7 - https:\/\/yoast.com\/wordpress\/plugins\/seo\/ -->\n<title>CERAKOTE\u00ae FX MYSTIQUE FX-105 - Cerakote South Africa<\/title>\n<meta name=\"robots\" content=\"index, follow, max-snippet:-1, max-image-preview:large, max-video-preview:-1\" \/>\n<link rel=\"canonical\" href=\"https:\/\/www.cerakotesa.com\/es\/producto\/cerakote-fx-mystique-fx-105\/\" \/>\n<meta property=\"og:locale\" content=\"es_ES\" \/>\n<meta property=\"og:type\" content=\"article\" \/>\n<meta property=\"og:title\" content=\"CERAKOTE\u00ae FX MYSTIQUE FX-105 - Cerakote South Africa\" \/>\n<meta property=\"og:description\" content=\"Cerakote FX Mystique is a strong color shifting pearl that travels from a deep indigo-violet to a lighter rosy pink. (S panel image is Mystique over Graphite Black.)  We currently offer two sizes, 4 grams and 32 grams. We designed the quantity to mix the FX into a tester or a quart conveniently. Our recommended mixing ratio is 1 gram to 1 oz of clear.  Cerakote FX takes custom to another level. Cerakote FX is an additive that is specifically designed and tested to be mixed with our H-Series Clears (H-300 and H-301), and sprayed over a Cerakote solid tone base coat. This creates a new sheen and look that is anywhere from mild to wild, depending on the combination used.  Cerakote FX is designed to be used with H-Series Clears, which is then sprayed over a Cerakote solid tone base coat. (NOTE: Cerakote FX is applied WET OVER WET. Your item will NOT go into the oven until after the FX has been applied.)  Cerakote FX materials were sourced specifically for their high performance attributes including: corrosion and weather resistance, scratch, gouge and impact resistance, as well as bond-ability within the Cerakote system. In other words, they meet the stringent criteria to wear the Cerakote brand name.  The customization possibilities are endless \u2013 enjoy unleashing your creativity!  Be sure to watch our application video for quick and easy instructions!\" \/>\n<meta property=\"og:url\" content=\"https:\/\/www.cerakotesa.com\/es\/producto\/cerakote-fx-mystique-fx-105\/\" \/>\n<meta property=\"og:site_name\" content=\"Cerakote South Africa\" \/>\n<meta property=\"article:modified_time\" content=\"2025-12-11T09:53:09+00:00\" \/>\n<meta property=\"og:image\" content=\"https:\/\/www.cerakotesa.com\/wp-content\/uploads\/2021\/12\/cerakote-fx-mystique-fx-105-dt20240122191103623734-thumbnail-1.jpg\" \/>\n\t<meta property=\"og:image:width\" content=\"600\" \/>\n\t<meta property=\"og:image:height\" content=\"600\" \/>\n\t<meta property=\"og:image:type\" content=\"image\/jpeg\" \/>\n<meta name=\"twitter:card\" content=\"summary_large_image\" \/>\n<meta name=\"twitter:label1\" content=\"Tiempo de lectura\" \/>\n\t<meta name=\"twitter:data1\" content=\"1 minuto\" \/>\n<script type=\"application\/ld+json\" class=\"yoast-schema-graph\">{\"@context\":\"https:\/\/schema.org\",\"@graph\":[{\"@type\":\"WebPage\",\"@id\":\"https:\/\/www.cerakotesa.com\/product\/cerakote-fx-mystique-fx-105\/\",\"url\":\"https:\/\/www.cerakotesa.com\/product\/cerakote-fx-mystique-fx-105\/\",\"name\":\"CERAKOTE\u00ae FX MYSTIQUE FX-105 - Cerakote South Africa\",\"isPartOf\":{\"@id\":\"https:\/\/www.cerakotesa.com\/#website\"},\"primaryImageOfPage\":{\"@id\":\"https:\/\/www.cerakotesa.com\/product\/cerakote-fx-mystique-fx-105\/#primaryimage\"},\"image\":{\"@id\":\"https:\/\/www.cerakotesa.com\/product\/cerakote-fx-mystique-fx-105\/#primaryimage\"},\"thumbnailUrl\":\"https:\/\/www.cerakotesa.com\/wp-content\/uploads\/2021\/12\/cerakote-fx-mystique-fx-105-dt20240122191103623734-thumbnail-1.jpg\",\"datePublished\":\"2021-12-03T16:19:59+00:00\",\"dateModified\":\"2025-12-11T09:53:09+00:00\",\"breadcrumb\":{\"@id\":\"https:\/\/www.cerakotesa.com\/product\/cerakote-fx-mystique-fx-105\/#breadcrumb\"},\"inLanguage\":\"es\",\"potentialAction\":[{\"@type\":\"ReadAction\",\"target\":[\"https:\/\/www.cerakotesa.com\/product\/cerakote-fx-mystique-fx-105\/\"]}]},{\"@type\":\"ImageObject\",\"inLanguage\":\"es\",\"@id\":\"https:\/\/www.cerakotesa.com\/product\/cerakote-fx-mystique-fx-105\/#primaryimage\",\"url\":\"https:\/\/www.cerakotesa.com\/wp-content\/uploads\/2021\/12\/cerakote-fx-mystique-fx-105-dt20240122191103623734-thumbnail-1.jpg\",\"contentUrl\":\"https:\/\/www.cerakotesa.com\/wp-content\/uploads\/2021\/12\/cerakote-fx-mystique-fx-105-dt20240122191103623734-thumbnail-1.jpg\",\"width\":600,\"height\":600},{\"@type\":\"BreadcrumbList\",\"@id\":\"https:\/\/www.cerakotesa.com\/product\/cerakote-fx-mystique-fx-105\/#breadcrumb\",\"itemListElement\":[{\"@type\":\"ListItem\",\"position\":1,\"name\":\"Home\",\"item\":\"https:\/\/www.cerakotesa.com\/\"},{\"@type\":\"ListItem\",\"position\":2,\"name\":\"Products\",\"item\":\"https:\/\/www.cerakotesa.com\/shop\/\"},{\"@type\":\"ListItem\",\"position\":3,\"name\":\"CERAKOTE\u00ae FX MYSTIQUE FX-105\"}]},{\"@type\":\"WebSite\",\"@id\":\"https:\/\/www.cerakotesa.com\/#website\",\"url\":\"https:\/\/www.cerakotesa.com\/\",\"name\":\"Cerakote South Africa\",\"description\":\"Cerakote is a global leader in the manufacturing of thin-film protective ceramic coatings\",\"potentialAction\":[{\"@type\":\"SearchAction\",\"target\":{\"@type\":\"EntryPoint\",\"urlTemplate\":\"https:\/\/www.cerakotesa.com\/?s={search_term_string}\"},\"query-input\":{\"@type\":\"PropertyValueSpecification\",\"valueRequired\":true,\"valueName\":\"search_term_string\"}}],\"inLanguage\":\"es\"}]}<\/script>\n<!-- \/ Yoast SEO plugin. -->","yoast_head_json":{"title":"CERAKOTE\u00ae FX MYSTIQUE FX-105 - Cerakote South Africa","robots":{"index":"index","follow":"follow","max-snippet":"max-snippet:-1","max-image-preview":"max-image-preview:large","max-video-preview":"max-video-preview:-1"},"canonical":"https:\/\/www.cerakotesa.com\/es\/producto\/cerakote-fx-mystique-fx-105\/","og_locale":"es_ES","og_type":"article","og_title":"CERAKOTE\u00ae FX MYSTIQUE FX-105 - Cerakote South Africa","og_description":"Cerakote FX Mystique is a strong color shifting pearl that travels from a deep indigo-violet to a lighter rosy pink. (S panel image is Mystique over Graphite Black.)  We currently offer two sizes, 4 grams and 32 grams. We designed the quantity to mix the FX into a tester or a quart conveniently. Our recommended mixing ratio is 1 gram to 1 oz of clear.  Cerakote FX takes custom to another level. Cerakote FX is an additive that is specifically designed and tested to be mixed with our H-Series Clears (H-300 and H-301), and sprayed over a Cerakote solid tone base coat. This creates a new sheen and look that is anywhere from mild to wild, depending on the combination used.  Cerakote FX is designed to be used with H-Series Clears, which is then sprayed over a Cerakote solid tone base coat. (NOTE: Cerakote FX is applied WET OVER WET. Your item will NOT go into the oven until after the FX has been applied.)  Cerakote FX materials were sourced specifically for their high performance attributes including: corrosion and weather resistance, scratch, gouge and impact resistance, as well as bond-ability within the Cerakote system. In other words, they meet the stringent criteria to wear the Cerakote brand name.  The customization possibilities are endless \u2013 enjoy unleashing your creativity!  Be sure to watch our application video for quick and easy instructions!","og_url":"https:\/\/www.cerakotesa.com\/es\/producto\/cerakote-fx-mystique-fx-105\/","og_site_name":"Cerakote South Africa","article_modified_time":"2025-12-11T09:53:09+00:00","og_image":[{"width":600,"height":600,"url":"https:\/\/www.cerakotesa.com\/wp-content\/uploads\/2021\/12\/cerakote-fx-mystique-fx-105-dt20240122191103623734-thumbnail-1.jpg","type":"image\/jpeg"}],"twitter_card":"summary_large_image","twitter_misc":{"Tiempo de lectura":"1 minuto"},"schema":{"@context":"https:\/\/schema.org","@graph":[{"@type":"WebPage","@id":"https:\/\/www.cerakotesa.com\/product\/cerakote-fx-mystique-fx-105\/","url":"https:\/\/www.cerakotesa.com\/product\/cerakote-fx-mystique-fx-105\/","name":"CERAKOTE\u00ae FX MYSTIQUE FX-105 - Cerakote South Africa","isPartOf":{"@id":"https:\/\/www.cerakotesa.com\/#website"},"primaryImageOfPage":{"@id":"https:\/\/www.cerakotesa.com\/product\/cerakote-fx-mystique-fx-105\/#primaryimage"},"image":{"@id":"https:\/\/www.cerakotesa.com\/product\/cerakote-fx-mystique-fx-105\/#primaryimage"},"thumbnailUrl":"https:\/\/www.cerakotesa.com\/wp-content\/uploads\/2021\/12\/cerakote-fx-mystique-fx-105-dt20240122191103623734-thumbnail-1.jpg","datePublished":"2021-12-03T16:19:59+00:00","dateModified":"2025-12-11T09:53:09+00:00","breadcrumb":{"@id":"https:\/\/www.cerakotesa.com\/product\/cerakote-fx-mystique-fx-105\/#breadcrumb"},"inLanguage":"es","potentialAction":[{"@type":"ReadAction","target":["https:\/\/www.cerakotesa.com\/product\/cerakote-fx-mystique-fx-105\/"]}]},{"@type":"ImageObject","inLanguage":"es","@id":"https:\/\/www.cerakotesa.com\/product\/cerakote-fx-mystique-fx-105\/#primaryimage","url":"https:\/\/www.cerakotesa.com\/wp-content\/uploads\/2021\/12\/cerakote-fx-mystique-fx-105-dt20240122191103623734-thumbnail-1.jpg","contentUrl":"https:\/\/www.cerakotesa.com\/wp-content\/uploads\/2021\/12\/cerakote-fx-mystique-fx-105-dt20240122191103623734-thumbnail-1.jpg","width":600,"height":600},{"@type":"BreadcrumbList","@id":"https:\/\/www.cerakotesa.com\/product\/cerakote-fx-mystique-fx-105\/#breadcrumb","itemListElement":[{"@type":"ListItem","position":1,"name":"Home","item":"https:\/\/www.cerakotesa.com\/"},{"@type":"ListItem","position":2,"name":"Products","item":"https:\/\/www.cerakotesa.com\/shop\/"},{"@type":"ListItem","position":3,"name":"CERAKOTE\u00ae FX MYSTIQUE FX-105"}]},{"@type":"WebSite","@id":"https:\/\/www.cerakotesa.com\/#website","url":"https:\/\/www.cerakotesa.com\/","name":"Cerakote South Africa","description":"Cerakote es l\u00edder mundial en la fabricaci\u00f3n de recubrimientos cer\u00e1micos protectores de capa fina.","potentialAction":[{"@type":"SearchAction","target":{"@type":"EntryPoint","urlTemplate":"https:\/\/www.cerakotesa.com\/?s={search_term_string}"},"query-input":{"@type":"PropertyValueSpecification","valueRequired":true,"valueName":"search_term_string"}}],"inLanguage":"es"}]}},"acf":[],"_links":{"self":[{"href":"https:\/\/www.cerakotesa.com\/es\/wp-json\/wp\/v2\/product\/8299","targetHints":{"allow":["GET"]}}],"collection":[{"href":"https:\/\/www.cerakotesa.com\/es\/wp-json\/wp\/v2\/product"}],"about":[{"href":"https:\/\/www.cerakotesa.com\/es\/wp-json\/wp\/v2\/types\/product"}],"replies":[{"embeddable":true,"href":"https:\/\/www.cerakotesa.com\/es\/wp-json\/wp\/v2\/comments?post=8299"}],"wp:featuredmedia":[{"embeddable":true,"href":"https:\/\/www.cerakotesa.com\/es\/wp-json\/wp\/v2\/media\/17953"}],"wp:attachment":[{"href":"https:\/\/www.cerakotesa.com\/es\/wp-json\/wp\/v2\/media?parent=8299"}],"wp:term":[{"taxonomy":"product_brand","embeddable":true,"href":"https:\/\/www.cerakotesa.com\/es\/wp-json\/wp\/v2\/product_brand?post=8299"},{"taxonomy":"product_cat","embeddable":true,"href":"https:\/\/www.cerakotesa.com\/es\/wp-json\/wp\/v2\/product_cat?post=8299"},{"taxonomy":"product_tag","embeddable":true,"href":"https:\/\/www.cerakotesa.com\/es\/wp-json\/wp\/v2\/product_tag?post=8299"}],"curies":[{"name":"wp","href":"https:\/\/api.w.org\/{rel}","templated":true}]}}