{"id":8814,"date":"2022-02-03T11:12:10","date_gmt":"2022-02-03T11:12:10","guid":{"rendered":"https:\/\/www.cerakote.co.uk\/?post_type=product&#038;p=8814"},"modified":"2024-11-12T15:58:23","modified_gmt":"2024-11-12T15:58:23","slug":"e-series-3-colour-starter-kit","status":"publish","type":"product","link":"https:\/\/www.cerakotesa.com\/es\/producto\/e-series-3-colour-starter-kit\/","title":{"rendered":"Kit b\u00e1sico de 3 colores de la serie E"},"content":{"rendered":"","protected":false},"excerpt":{"rendered":"<p>El kit de inicio de la serie Elite de revestimiento cer\u00e1mico Cerakote le ofrece lo que necesita para pulverizar en colores \u00fanicos, dos tonos o incluso camuflaje y m\u00faltiples patrones sin una gran inversi\u00f3n.<\/p>\n<p>Nuestra serie Elite tiene una selecci\u00f3n de colores limitada, pero es nuestro revestimiento de pel\u00edcula fina de rendimiento m\u00e1s extremo.<\/p>\n<p><b>Nuestro kit de inicio de la serie Elite incluye:<\/b><\/p>\n<ul>\n<li>(3) Botellas de prueba de 4 oz. a elegir entre <a href=\"https:\/\/www.cerakotesa.com\/product-category\/elite-series\/\" target=\"_blank\" rel=\"noopener\">colores<\/a> - Incluye catalizador (endurecedor). Cada Tester es suficiente para recubrir f\u00e1cilmente 4-5 vasos (tama\u00f1o 20 oz.).<\/li>\n<li>Pistola de pulverizaci\u00f3n - Se trata de un nivel intermedio, Cerakote Trainer aprobado pistola de pulverizaci\u00f3n HVLP. Viene con 3 ajustes (patr\u00f3n de abanico, aire y fluido), incluye un vaso de aluminio y un kit de limpieza.<\/li>\n<li>(1) <a href=\"https:\/\/www.cerakotesa.com\/product\/elite-series-325-mesh-strainer-44-micron-se-277\/\">Colador en taza de acero inoxidable con 325 mallas<\/a><\/li>\n<li><a href=\"https:\/\/www.cerakotesa.com\/product\/50ml-glass-graduated-cylinder-se-147b\/\">Probeta de vidrio de 50 ml<\/a> para medir<\/li>\n<li>Manual de formaci\u00f3n<\/li>\n<\/ul>\n<p><strong>Elija 3 de los siguientes colores:<\/strong><\/p>\n<ul>\n<li><a href=\"https:\/\/www.cerakotesa.com\/product\/blackout-e-100\/\">E-100 Blackout<\/a><\/li>\n<li><a href=\"https:\/\/www.cerakotesa.com\/product\/midnight-e-100\/\">E-110 Midnight<\/a><\/li>\n<li><a href=\"https:\/\/www.cerakotesa.com\/product\/smoke-e-120\/\">E-120 Smoke<\/a><\/li>\n<li><a href=\"https:\/\/www.cerakotesa.com\/product\/earth-e-130\/\">E-130 Earth<\/a><\/li>\n<li><a href=\"https:\/\/www.cerakotesa.com\/product\/jungle-e-140\/\">E-140 Jungle<\/a><\/li>\n<li><a href=\"https:\/\/www.cerakotesa.com\/product\/sand-e-150\/\">E-150 Sand<\/a><\/li>\n<li><a href=\"https:\/\/www.cerakotesa.com\/product\/concrete-e-160\/\">E-160 Concrete<\/a><\/li>\n<li><a href=\"https:\/\/www.cerakotesa.com\/product\/20150-e-190\/\">E-190 20150<\/a><\/li>\n<li><a href=\"https:\/\/www.cerakotesa.com\/product\/fde-e-200\/\">E-200 FDE<\/a><\/li>\n<li><a href=\"https:\/\/www.cerakotesa.com\/product\/moss-e-160\/\">E-210 Moss<\/a><\/li>\n<li><a href=\"https:\/\/www.cerakotesa.com\/product\/navy-e-220\/\">E-220 Navy<\/a><\/li>\n<li><a href=\"https:\/\/www.cerakotesa.com\/product\/carbon-grey-e-240\/\">E-240 Carbon Grey<\/a><\/li>\n<li><a href=\"https:\/\/www.cerakotesa.com\/product\/e-250-titanium\/\">E-250 Titanium<\/a><\/li>\n<li><a href=\"https:\/\/www.cerakotesa.com\/product\/storm-e-290\/\">E-290 Storm<\/a><\/li>\n<li><a href=\"https:\/\/www.cerakotesa.com\/product\/fire-e-310\/\">E-310 Fire<\/a><\/li>\n<li><a href=\"https:\/\/www.cerakotesa.com\/product\/rebel-e-320\/\">E-320 Rebel<\/a><\/li>\n<\/ul>\n<p><strong>Por favor, an\u00f3telo en su compra o env\u00edenos un correo electr\u00f3nico a orders@cerakoteeu.com para confirmar su elecci\u00f3n de color.<\/strong>.<\/p>\n\n<p>Echa un vistazo a la <a href=\"https:\/\/www.cerakotesa.com\/resources\/documents\/\" target=\"_blank\" rel=\"noopener\">Recursos<\/a> para obtener gu\u00edas de aplicaci\u00f3n de productos, fichas t\u00e9cnicas e informaci\u00f3n SDS.<\/p>","protected":false},"featured_media":8812,"comment_status":"closed","ping_status":"closed","template":"","meta":{"_acf_changed":false},"product_brand":[],"product_cat":[693],"product_tag":[776,100,126,601,694],"class_list":{"0":"post-8814","1":"product","2":"type-product","3":"status-publish","4":"has-post-thumbnail","6":"product_cat-cerakote-kits","7":"product_tag-e-series","8":"product_tag-elite","9":"product_tag-elite-series","10":"product_tag-kit","11":"product_tag-starter-kit","12":"product_shipping_class-flat-rate","14":"first","15":"instock","16":"taxable","17":"shipping-taxable","18":"product-type-simple"},"yoast_head":"<!-- This site is optimized with the Yoast SEO plugin v26.7 - https:\/\/yoast.com\/wordpress\/plugins\/seo\/ -->\n<title>E Series 3 Colour Starter Kit - Cerakote South Africa<\/title>\n<meta name=\"robots\" content=\"index, follow, max-snippet:-1, max-image-preview:large, max-video-preview:-1\" \/>\n<link rel=\"canonical\" href=\"https:\/\/www.cerakotesa.com\/es\/producto\/e-series-3-colour-starter-kit\/\" \/>\n<meta property=\"og:locale\" content=\"es_ES\" \/>\n<meta property=\"og:type\" content=\"article\" \/>\n<meta property=\"og:title\" content=\"E Series 3 Colour Starter Kit - Cerakote South Africa\" \/>\n<meta property=\"og:description\" content=\"The Cerakote ceramic coating Elite Series Starter Kit gives you what you need to spray in single colours, two tones, or even camo and multiple patterns without a large investment.  Our Elite Series has a limited colour selection, but is our most extreme performance thin film coating.  Our Elite Series Starter Kit includes:   (3) 4 oz. Tester bottles in your choice of colours - Includes catalyst (hardener). Each Tester is enough to easily coat 4-5 tumblers (20 oz. size).  Spray Gun - This is an intermediate level, Cerakote Trainer approved HVLP spray gun. It comes with 3 adjustments (fan pattern, air and fluid), includes an aluminum cup and a cleaning kit.  (1) In-Cup 325 mesh stainless steel Strainer  50ml glass graduated cylinder for measuring  Training Manual  Please choose 3 of the following colours:   E-100 Blackout  E-110 Midnight  E-120 Smoke  E-130 Earth  E-140 Jungle  E-150 Sand  E-160 Concrete  E-190 20150  E-200 FDE  E-210 Moss  E-220 Navy  E-240 Carbon Grey  E-250 Titanium  E-290 Storm  E-310 Fire  E-320 Rebel  Please make a note on your purchase or email us on orders@cerakoteeu.com to confirm your colour choices.    Check out the Resources section for product application guides, technical data sheets and SDS information.\" \/>\n<meta property=\"og:url\" content=\"https:\/\/www.cerakotesa.com\/es\/producto\/e-series-3-colour-starter-kit\/\" \/>\n<meta property=\"og:site_name\" content=\"Cerakote South Africa\" \/>\n<meta property=\"article:modified_time\" content=\"2024-11-12T15:58:23+00:00\" \/>\n<meta property=\"og:image\" content=\"https:\/\/www.cerakotesa.com\/wp-content\/uploads\/2021\/10\/e-series-3-color-starter-kit-tester-19995-1h-kitet3-dt20211104142251184-thumbnail.jpg\" \/>\n\t<meta property=\"og:image:width\" content=\"800\" \/>\n\t<meta property=\"og:image:height\" content=\"800\" \/>\n\t<meta property=\"og:image:type\" content=\"image\/jpeg\" \/>\n<meta name=\"twitter:card\" content=\"summary_large_image\" \/>\n<script type=\"application\/ld+json\" class=\"yoast-schema-graph\">{\"@context\":\"https:\/\/schema.org\",\"@graph\":[{\"@type\":\"WebPage\",\"@id\":\"https:\/\/www.cerakotesa.com\/product\/e-series-3-colour-starter-kit\/\",\"url\":\"https:\/\/www.cerakotesa.com\/product\/e-series-3-colour-starter-kit\/\",\"name\":\"E Series 3 Colour Starter Kit - Cerakote South Africa\",\"isPartOf\":{\"@id\":\"https:\/\/www.cerakotesa.com\/#website\"},\"primaryImageOfPage\":{\"@id\":\"https:\/\/www.cerakotesa.com\/product\/e-series-3-colour-starter-kit\/#primaryimage\"},\"image\":{\"@id\":\"https:\/\/www.cerakotesa.com\/product\/e-series-3-colour-starter-kit\/#primaryimage\"},\"thumbnailUrl\":\"https:\/\/www.cerakotesa.com\/wp-content\/uploads\/2021\/10\/e-series-3-color-starter-kit-tester-19995-1h-kitet3-dt20211104142251184-thumbnail.jpg\",\"datePublished\":\"2022-02-03T11:12:10+00:00\",\"dateModified\":\"2024-11-12T15:58:23+00:00\",\"breadcrumb\":{\"@id\":\"https:\/\/www.cerakotesa.com\/product\/e-series-3-colour-starter-kit\/#breadcrumb\"},\"inLanguage\":\"es\",\"potentialAction\":[{\"@type\":\"ReadAction\",\"target\":[\"https:\/\/www.cerakotesa.com\/product\/e-series-3-colour-starter-kit\/\"]}]},{\"@type\":\"ImageObject\",\"inLanguage\":\"es\",\"@id\":\"https:\/\/www.cerakotesa.com\/product\/e-series-3-colour-starter-kit\/#primaryimage\",\"url\":\"https:\/\/www.cerakotesa.com\/wp-content\/uploads\/2021\/10\/e-series-3-color-starter-kit-tester-19995-1h-kitet3-dt20211104142251184-thumbnail.jpg\",\"contentUrl\":\"https:\/\/www.cerakotesa.com\/wp-content\/uploads\/2021\/10\/e-series-3-color-starter-kit-tester-19995-1h-kitet3-dt20211104142251184-thumbnail.jpg\",\"width\":800,\"height\":800},{\"@type\":\"BreadcrumbList\",\"@id\":\"https:\/\/www.cerakotesa.com\/product\/e-series-3-colour-starter-kit\/#breadcrumb\",\"itemListElement\":[{\"@type\":\"ListItem\",\"position\":1,\"name\":\"Home\",\"item\":\"https:\/\/www.cerakotesa.com\/\"},{\"@type\":\"ListItem\",\"position\":2,\"name\":\"Products\",\"item\":\"https:\/\/www.cerakotesa.com\/shop\/\"},{\"@type\":\"ListItem\",\"position\":3,\"name\":\"E Series 3 Colour Starter Kit\"}]},{\"@type\":\"WebSite\",\"@id\":\"https:\/\/www.cerakotesa.com\/#website\",\"url\":\"https:\/\/www.cerakotesa.com\/\",\"name\":\"Cerakote South Africa\",\"description\":\"Cerakote is a global leader in the manufacturing of thin-film protective ceramic coatings\",\"potentialAction\":[{\"@type\":\"SearchAction\",\"target\":{\"@type\":\"EntryPoint\",\"urlTemplate\":\"https:\/\/www.cerakotesa.com\/?s={search_term_string}\"},\"query-input\":{\"@type\":\"PropertyValueSpecification\",\"valueRequired\":true,\"valueName\":\"search_term_string\"}}],\"inLanguage\":\"es\"}]}<\/script>\n<!-- \/ Yoast SEO plugin. -->","yoast_head_json":{"title":"E Series 3 Colour Starter Kit - Cerakote South Africa","robots":{"index":"index","follow":"follow","max-snippet":"max-snippet:-1","max-image-preview":"max-image-preview:large","max-video-preview":"max-video-preview:-1"},"canonical":"https:\/\/www.cerakotesa.com\/es\/producto\/e-series-3-colour-starter-kit\/","og_locale":"es_ES","og_type":"article","og_title":"E Series 3 Colour Starter Kit - Cerakote South Africa","og_description":"The Cerakote ceramic coating Elite Series Starter Kit gives you what you need to spray in single colours, two tones, or even camo and multiple patterns without a large investment.  Our Elite Series has a limited colour selection, but is our most extreme performance thin film coating.  Our Elite Series Starter Kit includes:   (3) 4 oz. Tester bottles in your choice of colours - Includes catalyst (hardener). Each Tester is enough to easily coat 4-5 tumblers (20 oz. size).  Spray Gun - This is an intermediate level, Cerakote Trainer approved HVLP spray gun. It comes with 3 adjustments (fan pattern, air and fluid), includes an aluminum cup and a cleaning kit.  (1) In-Cup 325 mesh stainless steel Strainer  50ml glass graduated cylinder for measuring  Training Manual  Please choose 3 of the following colours:   E-100 Blackout  E-110 Midnight  E-120 Smoke  E-130 Earth  E-140 Jungle  E-150 Sand  E-160 Concrete  E-190 20150  E-200 FDE  E-210 Moss  E-220 Navy  E-240 Carbon Grey  E-250 Titanium  E-290 Storm  E-310 Fire  E-320 Rebel  Please make a note on your purchase or email us on orders@cerakoteeu.com to confirm your colour choices.    Check out the Resources section for product application guides, technical data sheets and SDS information.","og_url":"https:\/\/www.cerakotesa.com\/es\/producto\/e-series-3-colour-starter-kit\/","og_site_name":"Cerakote South Africa","article_modified_time":"2024-11-12T15:58:23+00:00","og_image":[{"width":800,"height":800,"url":"https:\/\/www.cerakotesa.com\/wp-content\/uploads\/2021\/10\/e-series-3-color-starter-kit-tester-19995-1h-kitet3-dt20211104142251184-thumbnail.jpg","type":"image\/jpeg"}],"twitter_card":"summary_large_image","schema":{"@context":"https:\/\/schema.org","@graph":[{"@type":"WebPage","@id":"https:\/\/www.cerakotesa.com\/product\/e-series-3-colour-starter-kit\/","url":"https:\/\/www.cerakotesa.com\/product\/e-series-3-colour-starter-kit\/","name":"E Series 3 Colour Starter Kit - Cerakote South Africa","isPartOf":{"@id":"https:\/\/www.cerakotesa.com\/#website"},"primaryImageOfPage":{"@id":"https:\/\/www.cerakotesa.com\/product\/e-series-3-colour-starter-kit\/#primaryimage"},"image":{"@id":"https:\/\/www.cerakotesa.com\/product\/e-series-3-colour-starter-kit\/#primaryimage"},"thumbnailUrl":"https:\/\/www.cerakotesa.com\/wp-content\/uploads\/2021\/10\/e-series-3-color-starter-kit-tester-19995-1h-kitet3-dt20211104142251184-thumbnail.jpg","datePublished":"2022-02-03T11:12:10+00:00","dateModified":"2024-11-12T15:58:23+00:00","breadcrumb":{"@id":"https:\/\/www.cerakotesa.com\/product\/e-series-3-colour-starter-kit\/#breadcrumb"},"inLanguage":"es","potentialAction":[{"@type":"ReadAction","target":["https:\/\/www.cerakotesa.com\/product\/e-series-3-colour-starter-kit\/"]}]},{"@type":"ImageObject","inLanguage":"es","@id":"https:\/\/www.cerakotesa.com\/product\/e-series-3-colour-starter-kit\/#primaryimage","url":"https:\/\/www.cerakotesa.com\/wp-content\/uploads\/2021\/10\/e-series-3-color-starter-kit-tester-19995-1h-kitet3-dt20211104142251184-thumbnail.jpg","contentUrl":"https:\/\/www.cerakotesa.com\/wp-content\/uploads\/2021\/10\/e-series-3-color-starter-kit-tester-19995-1h-kitet3-dt20211104142251184-thumbnail.jpg","width":800,"height":800},{"@type":"BreadcrumbList","@id":"https:\/\/www.cerakotesa.com\/product\/e-series-3-colour-starter-kit\/#breadcrumb","itemListElement":[{"@type":"ListItem","position":1,"name":"Home","item":"https:\/\/www.cerakotesa.com\/"},{"@type":"ListItem","position":2,"name":"Products","item":"https:\/\/www.cerakotesa.com\/shop\/"},{"@type":"ListItem","position":3,"name":"E Series 3 Colour Starter Kit"}]},{"@type":"WebSite","@id":"https:\/\/www.cerakotesa.com\/#website","url":"https:\/\/www.cerakotesa.com\/","name":"Cerakote South Africa","description":"Cerakote es l\u00edder mundial en la fabricaci\u00f3n de recubrimientos cer\u00e1micos protectores de capa fina.","potentialAction":[{"@type":"SearchAction","target":{"@type":"EntryPoint","urlTemplate":"https:\/\/www.cerakotesa.com\/?s={search_term_string}"},"query-input":{"@type":"PropertyValueSpecification","valueRequired":true,"valueName":"search_term_string"}}],"inLanguage":"es"}]}},"acf":[],"_links":{"self":[{"href":"https:\/\/www.cerakotesa.com\/es\/wp-json\/wp\/v2\/product\/8814","targetHints":{"allow":["GET"]}}],"collection":[{"href":"https:\/\/www.cerakotesa.com\/es\/wp-json\/wp\/v2\/product"}],"about":[{"href":"https:\/\/www.cerakotesa.com\/es\/wp-json\/wp\/v2\/types\/product"}],"replies":[{"embeddable":true,"href":"https:\/\/www.cerakotesa.com\/es\/wp-json\/wp\/v2\/comments?post=8814"}],"wp:featuredmedia":[{"embeddable":true,"href":"https:\/\/www.cerakotesa.com\/es\/wp-json\/wp\/v2\/media\/8812"}],"wp:attachment":[{"href":"https:\/\/www.cerakotesa.com\/es\/wp-json\/wp\/v2\/media?parent=8814"}],"wp:term":[{"taxonomy":"product_brand","embeddable":true,"href":"https:\/\/www.cerakotesa.com\/es\/wp-json\/wp\/v2\/product_brand?post=8814"},{"taxonomy":"product_cat","embeddable":true,"href":"https:\/\/www.cerakotesa.com\/es\/wp-json\/wp\/v2\/product_cat?post=8814"},{"taxonomy":"product_tag","embeddable":true,"href":"https:\/\/www.cerakotesa.com\/es\/wp-json\/wp\/v2\/product_tag?post=8814"}],"curies":[{"name":"wp","href":"https:\/\/api.w.org\/{rel}","templated":true}]}}