{"id":897,"date":"2019-12-05T08:55:33","date_gmt":"2019-12-05T08:55:33","guid":{"rendered":"https:\/\/staging.cerakote.co.uk\/?post_type=product&#038;p=897"},"modified":"2025-11-26T11:54:00","modified_gmt":"2025-11-26T11:54:00","slug":"multicam-green-h-204","status":"publish","type":"product","link":"https:\/\/www.cerakotesa.com\/es\/producto\/multicam-green-h-204\/","title":{"rendered":"Hazel Green H-204"},"content":{"rendered":"","protected":false},"excerpt":{"rendered":"<p>Cerakote MultiCam Green is a drab medium green.<\/p>\n<p>*NOTE: This product comes with a catalyst and requires a\u00a0150 Mesh Strainer (SE-276).<\/p>\n<p>Los recubrimientos Cerakote Serie H son resistentes a la corrosi\u00f3n duradera y proporcionan niveles incomparables de dureza y adherencia. Estos recubrimientos tambi\u00e9n son resistentes a la mayor\u00eda de disolventes y productos qu\u00edmicos. La base de los recubrimientos Cerakote Serie H es una tecnolog\u00eda cer\u00e1mica exclusiva que confiere flexibilidad y una excelente resistencia al desgaste al recubrimiento final. Consulte la secci\u00f3n Recursos para obtener gu\u00edas de aplicaci\u00f3n de productos, hojas de datos t\u00e9cnicos e informaci\u00f3n SDS.<\/p>","protected":false},"featured_media":420,"comment_status":"closed","ping_status":"closed","template":"","meta":{"_acf_changed":false},"product_brand":[],"product_cat":[37],"product_tag":[33,43,36,705,706],"class_list":{"0":"post-897","1":"product","2":"type-product","3":"status-publish","4":"has-post-thumbnail","6":"product_cat-h-series-coatings","7":"product_tag-cerakote","8":"product_tag-green","9":"product_tag-h-series","10":"product_tag-h-204","11":"product_tag-hazel-green","12":"product_shipping_class-flat-rate","14":"first","15":"instock","16":"taxable","17":"shipping-taxable","18":"product-type-variable"},"yoast_head":"<!-- This site is optimized with the Yoast SEO plugin v26.7 - https:\/\/yoast.com\/wordpress\/plugins\/seo\/ -->\n<title>Hazel Green H-204 - Cerakote South Africa<\/title>\n<meta name=\"robots\" content=\"index, follow, max-snippet:-1, max-image-preview:large, max-video-preview:-1\" \/>\n<link rel=\"canonical\" href=\"https:\/\/www.cerakotesa.com\/es\/producto\/multicam-green-h-204\/\" \/>\n<meta property=\"og:locale\" content=\"es_ES\" \/>\n<meta property=\"og:type\" content=\"article\" \/>\n<meta property=\"og:title\" content=\"Hazel Green H-204 - Cerakote South Africa\" \/>\n<meta property=\"og:description\" content=\"Cerakote MultiCam Green is a drab medium green. *NOTE: This product comes with a catalyst and requires a\u00a0150 Mesh Strainer (SE-276). Cerakote H Series coatings are durable corrosion-resistant and provide unparalleled levels of hardness and adhesion. These coatings are also resistant to most solvents and chemicals. The foundation for Cerakote H Series coatings is a unique ceramic technology that imparts both flexibility and excellent wear resistance to the final coating. Check out the Resources section for product application guides, technical data sheets and SDS information.\" \/>\n<meta property=\"og:url\" content=\"https:\/\/www.cerakotesa.com\/es\/producto\/multicam-green-h-204\/\" \/>\n<meta property=\"og:site_name\" content=\"Cerakote South Africa\" \/>\n<meta property=\"article:modified_time\" content=\"2025-11-26T11:54:00+00:00\" \/>\n<meta property=\"og:image\" content=\"https:\/\/www.cerakotesa.com\/wp-content\/uploads\/2019\/11\/h-multicam-green.jpg\" \/>\n\t<meta property=\"og:image:width\" content=\"450\" \/>\n\t<meta property=\"og:image:height\" content=\"450\" \/>\n\t<meta property=\"og:image:type\" content=\"image\/jpeg\" \/>\n<meta name=\"twitter:card\" content=\"summary_large_image\" \/>\n<script type=\"application\/ld+json\" class=\"yoast-schema-graph\">{\"@context\":\"https:\/\/schema.org\",\"@graph\":[{\"@type\":\"WebPage\",\"@id\":\"https:\/\/www.cerakotesa.com\/product\/multicam-green-h-204\/\",\"url\":\"https:\/\/www.cerakotesa.com\/product\/multicam-green-h-204\/\",\"name\":\"Hazel Green H-204 - Cerakote South Africa\",\"isPartOf\":{\"@id\":\"https:\/\/www.cerakotesa.com\/#website\"},\"primaryImageOfPage\":{\"@id\":\"https:\/\/www.cerakotesa.com\/product\/multicam-green-h-204\/#primaryimage\"},\"image\":{\"@id\":\"https:\/\/www.cerakotesa.com\/product\/multicam-green-h-204\/#primaryimage\"},\"thumbnailUrl\":\"https:\/\/www.cerakotesa.com\/wp-content\/uploads\/2019\/11\/h-multicam-green.jpg\",\"datePublished\":\"2019-12-05T08:55:33+00:00\",\"dateModified\":\"2025-11-26T11:54:00+00:00\",\"breadcrumb\":{\"@id\":\"https:\/\/www.cerakotesa.com\/product\/multicam-green-h-204\/#breadcrumb\"},\"inLanguage\":\"es\",\"potentialAction\":[{\"@type\":\"ReadAction\",\"target\":[\"https:\/\/www.cerakotesa.com\/product\/multicam-green-h-204\/\"]}]},{\"@type\":\"ImageObject\",\"inLanguage\":\"es\",\"@id\":\"https:\/\/www.cerakotesa.com\/product\/multicam-green-h-204\/#primaryimage\",\"url\":\"https:\/\/www.cerakotesa.com\/wp-content\/uploads\/2019\/11\/h-multicam-green.jpg\",\"contentUrl\":\"https:\/\/www.cerakotesa.com\/wp-content\/uploads\/2019\/11\/h-multicam-green.jpg\",\"width\":450,\"height\":450,\"caption\":\"A drab medium green.\"},{\"@type\":\"BreadcrumbList\",\"@id\":\"https:\/\/www.cerakotesa.com\/product\/multicam-green-h-204\/#breadcrumb\",\"itemListElement\":[{\"@type\":\"ListItem\",\"position\":1,\"name\":\"Home\",\"item\":\"https:\/\/www.cerakotesa.com\/\"},{\"@type\":\"ListItem\",\"position\":2,\"name\":\"Products\",\"item\":\"https:\/\/www.cerakotesa.com\/shop\/\"},{\"@type\":\"ListItem\",\"position\":3,\"name\":\"Hazel Green H-204\"}]},{\"@type\":\"WebSite\",\"@id\":\"https:\/\/www.cerakotesa.com\/#website\",\"url\":\"https:\/\/www.cerakotesa.com\/\",\"name\":\"Cerakote South Africa\",\"description\":\"Cerakote is a global leader in the manufacturing of thin-film protective ceramic coatings\",\"potentialAction\":[{\"@type\":\"SearchAction\",\"target\":{\"@type\":\"EntryPoint\",\"urlTemplate\":\"https:\/\/www.cerakotesa.com\/?s={search_term_string}\"},\"query-input\":{\"@type\":\"PropertyValueSpecification\",\"valueRequired\":true,\"valueName\":\"search_term_string\"}}],\"inLanguage\":\"es\"}]}<\/script>\n<!-- \/ Yoast SEO plugin. -->","yoast_head_json":{"title":"Hazel Green H-204 - Cerakote South Africa","robots":{"index":"index","follow":"follow","max-snippet":"max-snippet:-1","max-image-preview":"max-image-preview:large","max-video-preview":"max-video-preview:-1"},"canonical":"https:\/\/www.cerakotesa.com\/es\/producto\/multicam-green-h-204\/","og_locale":"es_ES","og_type":"article","og_title":"Hazel Green H-204 - Cerakote South Africa","og_description":"Cerakote MultiCam Green is a drab medium green. *NOTE: This product comes with a catalyst and requires a\u00a0150 Mesh Strainer (SE-276). Cerakote H Series coatings are durable corrosion-resistant and provide unparalleled levels of hardness and adhesion. These coatings are also resistant to most solvents and chemicals. The foundation for Cerakote H Series coatings is a unique ceramic technology that imparts both flexibility and excellent wear resistance to the final coating. Check out the Resources section for product application guides, technical data sheets and SDS information.","og_url":"https:\/\/www.cerakotesa.com\/es\/producto\/multicam-green-h-204\/","og_site_name":"Cerakote South Africa","article_modified_time":"2025-11-26T11:54:00+00:00","og_image":[{"width":450,"height":450,"url":"https:\/\/www.cerakotesa.com\/wp-content\/uploads\/2019\/11\/h-multicam-green.jpg","type":"image\/jpeg"}],"twitter_card":"summary_large_image","schema":{"@context":"https:\/\/schema.org","@graph":[{"@type":"WebPage","@id":"https:\/\/www.cerakotesa.com\/product\/multicam-green-h-204\/","url":"https:\/\/www.cerakotesa.com\/product\/multicam-green-h-204\/","name":"Hazel Green H-204 - Cerakote South Africa","isPartOf":{"@id":"https:\/\/www.cerakotesa.com\/#website"},"primaryImageOfPage":{"@id":"https:\/\/www.cerakotesa.com\/product\/multicam-green-h-204\/#primaryimage"},"image":{"@id":"https:\/\/www.cerakotesa.com\/product\/multicam-green-h-204\/#primaryimage"},"thumbnailUrl":"https:\/\/www.cerakotesa.com\/wp-content\/uploads\/2019\/11\/h-multicam-green.jpg","datePublished":"2019-12-05T08:55:33+00:00","dateModified":"2025-11-26T11:54:00+00:00","breadcrumb":{"@id":"https:\/\/www.cerakotesa.com\/product\/multicam-green-h-204\/#breadcrumb"},"inLanguage":"es","potentialAction":[{"@type":"ReadAction","target":["https:\/\/www.cerakotesa.com\/product\/multicam-green-h-204\/"]}]},{"@type":"ImageObject","inLanguage":"es","@id":"https:\/\/www.cerakotesa.com\/product\/multicam-green-h-204\/#primaryimage","url":"https:\/\/www.cerakotesa.com\/wp-content\/uploads\/2019\/11\/h-multicam-green.jpg","contentUrl":"https:\/\/www.cerakotesa.com\/wp-content\/uploads\/2019\/11\/h-multicam-green.jpg","width":450,"height":450,"caption":"A drab medium green."},{"@type":"BreadcrumbList","@id":"https:\/\/www.cerakotesa.com\/product\/multicam-green-h-204\/#breadcrumb","itemListElement":[{"@type":"ListItem","position":1,"name":"Home","item":"https:\/\/www.cerakotesa.com\/"},{"@type":"ListItem","position":2,"name":"Products","item":"https:\/\/www.cerakotesa.com\/shop\/"},{"@type":"ListItem","position":3,"name":"Hazel Green H-204"}]},{"@type":"WebSite","@id":"https:\/\/www.cerakotesa.com\/#website","url":"https:\/\/www.cerakotesa.com\/","name":"Cerakote South Africa","description":"Cerakote es l\u00edder mundial en la fabricaci\u00f3n de recubrimientos cer\u00e1micos protectores de capa fina.","potentialAction":[{"@type":"SearchAction","target":{"@type":"EntryPoint","urlTemplate":"https:\/\/www.cerakotesa.com\/?s={search_term_string}"},"query-input":{"@type":"PropertyValueSpecification","valueRequired":true,"valueName":"search_term_string"}}],"inLanguage":"es"}]}},"acf":[],"_links":{"self":[{"href":"https:\/\/www.cerakotesa.com\/es\/wp-json\/wp\/v2\/product\/897","targetHints":{"allow":["GET"]}}],"collection":[{"href":"https:\/\/www.cerakotesa.com\/es\/wp-json\/wp\/v2\/product"}],"about":[{"href":"https:\/\/www.cerakotesa.com\/es\/wp-json\/wp\/v2\/types\/product"}],"replies":[{"embeddable":true,"href":"https:\/\/www.cerakotesa.com\/es\/wp-json\/wp\/v2\/comments?post=897"}],"wp:featuredmedia":[{"embeddable":true,"href":"https:\/\/www.cerakotesa.com\/es\/wp-json\/wp\/v2\/media\/420"}],"wp:attachment":[{"href":"https:\/\/www.cerakotesa.com\/es\/wp-json\/wp\/v2\/media?parent=897"}],"wp:term":[{"taxonomy":"product_brand","embeddable":true,"href":"https:\/\/www.cerakotesa.com\/es\/wp-json\/wp\/v2\/product_brand?post=897"},{"taxonomy":"product_cat","embeddable":true,"href":"https:\/\/www.cerakotesa.com\/es\/wp-json\/wp\/v2\/product_cat?post=897"},{"taxonomy":"product_tag","embeddable":true,"href":"https:\/\/www.cerakotesa.com\/es\/wp-json\/wp\/v2\/product_tag?post=897"}],"curies":[{"name":"wp","href":"https:\/\/api.w.org\/{rel}","templated":true}]}}