{"id":10006,"date":"2022-06-05T17:21:58","date_gmt":"2022-06-05T16:21:58","guid":{"rendered":"https:\/\/www.cerakote.co.uk\/?page_id=10006"},"modified":"2025-05-24T09:27:07","modified_gmt":"2025-05-24T09:27:07","slug":"cerakote-vs-blueing","status":"publish","type":"page","link":"https:\/\/www.cerakotesa.com\/fr\/cerakote-vs-other-coatings\/cerakote-vs-blueing\/","title":{"rendered":"Quel est le meilleur rev\u00eatement ? - Cerakote vs. Blueing | Cerakote vs."},"content":{"rendered":"<div class=\"banner has-hover\" id=\"banner-158283210\">\n          <div class=\"banner-inner fill\">\n        <div class=\"banner-bg fill\" >\n            <img loading=\"lazy\" decoding=\"async\" width=\"1170\" height=\"400\" src=\"https:\/\/www.cerakotesa.com\/wp-content\/uploads\/2022\/06\/0000_generic_vs_header.jpg\" class=\"bg attachment-original size-original\" alt=\"\" \/>                                    \n                    <\/div>\n\t\t\n        <div class=\"banner-layers container\">\n            <div class=\"fill banner-link\"><\/div>            \n\n   <div id=\"text-box-122056131\" class=\"text-box banner-layer x50 md-x50 lg-x50 y50 md-y50 lg-y50 res-text\">\n                                <div class=\"text-box-content text dark\">\n              \n              <div class=\"text-inner text-center\">\n                  \n\n<h1>CERAKOTE VS BLUEING<\/h1>\n\n              <\/div>\n           <\/div>\n                            \n<style>\n#text-box-122056131 {\n  margin: 0px 0px 0px 0px;\n  width: 90%;\n}\n#text-box-122056131 .text-box-content {\n  background-color: rgba(0, 0, 0, 0.75);\n  font-size: 100%;\n}\n#text-box-122056131 .text-inner {\n  padding: 19px 0px 15px 0px;\n}\n@media (min-width:550px) {\n  #text-box-122056131 .text-inner {\n    padding: 15px 0px 15px 0px;\n  }\n  #text-box-122056131 {\n    width: 60%;\n  }\n}\n<\/style>\n    <\/div>\n \n\n        <\/div>\n      <\/div>\n\n            \n<style>\n#banner-158283210 {\n  padding-top: 500px;\n}\n<\/style>\n  <\/div>\n\n\n\n\t<section class=\"section\" id=\"section_1543416622\">\n\t\t<div class=\"section-bg fill\" >\n\t\t\t\t\t\t\t\t\t\n\t\t\t\n\n\t\t<\/div>\n\n\t\t\n\n\t\t<div class=\"section-content relative\">\n\t\t\t\n\n\t<div id=\"text-1461496309\" class=\"text\">\n\t\t\n\nNous avons test\u00e9 Cerakote et le bleuissement traditionnel en laissant deux carabines \u00e0 verrou dans les \u00e9l\u00e9ments du nord-ouest du Pacifique pendant 15 mois et nous avons captur\u00e9 ce qui s'est pass\u00e9 en prenant une photo quotidienne \u00e0 l'aide d'un appareil photo \u00e0 retardement. Les fusils \u00e9taient identiques, \u00e0 l'exception de l'un qui \u00e9tait rev\u00eatu de Cerakote et de l'autre qui \u00e9tait dot\u00e9 de la finition bleuie traditionnelle de l'\u00e9quipementier. <strong>Observez et voyez ce qui se passe :<\/strong>\n\t\t\n<style>\n#text-1461496309 {\n  line-height: 2.15;\n}\n<\/style>\n\t<\/div>\n\t\n\n\t\t<\/div>\n\n\t\t\n<style>\n#section_1543416622 {\n  padding-top: 30px;\n  padding-bottom: 30px;\n}\n<\/style>\n\t<\/section>\n\t\n<div class=\"video video-fit mb\" style=\"padding-top:56.25%;\"><iframe loading=\"lazy\" title=\"Test de corrosion Cerakote \u00e0 l&#039;ext\u00e9rieur - Time-Lapse de plus de 15 mois\" width=\"1020\" height=\"574\" src=\"https:\/\/www.youtube.com\/embed\/v4GSDrkZMyE?feature=oembed\" frameborder=\"0\" allow=\"accelerometer; autoplay; clipboard-write; encrypted-media; gyroscope; picture-in-picture; web-share\" referrerpolicy=\"strict-origin-when-cross-origin\" allowfullscreen><\/iframe><\/div>\n\n\n\t<section class=\"section\" id=\"section_2040146751\">\n\t\t<div class=\"section-bg fill\" >\n\t\t\t\t\t\t\t\t\t\n\t\t\t\n\n\t\t<\/div>\n\n\t\t\n\n\t\t<div class=\"section-content relative\">\n\t\t\t\n\n<p>Quelle est la dur\u00e9e de vie de Cerakote dans les bois du Nord-Ouest Pacifique ? D\u00e9couvrons-le ! Nous avons pris deux carabines \u00e0 verrou identiques et les avons laiss\u00e9es dans les bois du Nord-Ouest Pacifique avec une cam\u00e9ra \u00e0 retardement, pour documenter le r\u00e9sultat. La carabine \u00e0 droite de l'\u00e9cran a \u00e9t\u00e9 trait\u00e9e en usine avec un rev\u00eatement c\u00e9ramique Cerakote, tandis que la carabine \u00e0 gauche a \u00e9t\u00e9 trait\u00e9e en usine avec une finition bleuie. Le test commence maintenant :<\/p>\n<ul>\n<li>Douze jours seulement apr\u00e8s le d\u00e9but du test, la carabine traditionnellement bleuie commence \u00e0 montrer des signes de corrosion, alors que la carabine Cerakote n'en montre aucun.<\/li>\n<li>M\u00eame apr\u00e8s plus de 15 mois d'exposition aux \u00e9l\u00e9ments, la carabine finie avec les rev\u00eatements c\u00e9ramiques Cerakote n'a montr\u00e9 aucun signe de corrosion, alors que le canon traditionnel bleui en usine a montr\u00e9 des signes significatifs de corrosion.<\/li>\n<\/ul>\n<p>Les rev\u00eatements c\u00e9ramiques Cerakote offrent la durabilit\u00e9 et la protection contre la corrosion dont vous avez besoin avec la couleur que vous souhaitez, ce qui en fait l'alternative parfaite au bleuissement. Pour b\u00e9n\u00e9ficier de la meilleure protection contre la corrosion, Finish Strong\u2122 avec Cerakote.<\/p>\n\n\t\t<\/div>\n\n\t\t\n<style>\n#section_2040146751 {\n  padding-top: 30px;\n  padding-bottom: 30px;\n}\n<\/style>\n\t<\/section>\n\t\n\n  <div class=\"banner has-hover hide-for-small\" id=\"banner-159122989\">\n          <div class=\"banner-inner fill\">\n        <div class=\"banner-bg fill\" >\n                                                \n                    <\/div>\n\t\t\n        <div class=\"banner-layers container\">\n            <div class=\"fill banner-link\"><\/div>            \n\n   <div id=\"text-box-465332765\" class=\"text-box banner-layer x50 md-x50 lg-x50 y50 md-y50 lg-y50 res-text\">\n                                <div class=\"text-box-content text dark\">\n              \n              <div class=\"text-inner text-center\">\n                  \n\n\t<div id=\"text-2978854858\" class=\"text hide-for-small\">\n\t\t\n\n<span style=\"color: #ffffff; font-size: 38px;\">N'attendez pas demain, apprenez \u00e0<\/span> <span style=\"color: #1788e4; font-size: 38px;\">FINIR FORT<\/span><span style=\"color: #ffffff; font-size: 38px;\"> avec Cerakote aujourd'hui !<\/span>\n\t\t\n<style>\n#text-2978854858 {\n  text-align: center;\n}\n<\/style>\n\t<\/div>\n\t\n<a href=\"\/contact\" class=\"button primary cerblue\" >\n\t\t<span>CONTACTER NOTRE \u00c9QUIPE DE RENSEIGNEMENTS<\/span>\n\t<\/a>\n\n\n\n              <\/div>\n           <\/div>\n                            \n<style>\n#text-box-465332765 {\n  width: 60%;\n}\n#text-box-465332765 .text-box-content {\n  font-size: 100%;\n}\n<\/style>\n    <\/div>\n \n\n        <\/div>\n      <\/div>\n\n            \n<style>\n#banner-159122989 {\n  padding-top: 500px;\n  background-color: rgb(29, 25, 25);\n}\n<\/style>\n  <\/div>","protected":false},"excerpt":{"rendered":"","protected":false},"author":1,"featured_media":0,"parent":7199,"menu_order":0,"comment_status":"closed","ping_status":"closed","template":"","meta":{"_acf_changed":false,"footnotes":""},"class_list":["post-10006","page","type-page","status-publish","hentry"],"yoast_head":"<!-- This site is optimized with the Yoast SEO plugin v26.7 - https:\/\/yoast.com\/wordpress\/plugins\/seo\/ -->\n<title>Which coating is better? \u2013 Cerakote vs. Blueing | Cerakote Vs. - Cerakote South Africa<\/title>\n<meta name=\"robots\" content=\"index, follow, max-snippet:-1, max-image-preview:large, max-video-preview:-1\" \/>\n<link rel=\"canonical\" href=\"https:\/\/www.cerakotesa.com\/fr\/cerakote-vs-other-coatings\/cerakote-vs-blueing\/\" \/>\n<meta property=\"og:locale\" content=\"fr_FR\" \/>\n<meta property=\"og:type\" content=\"article\" \/>\n<meta property=\"og:title\" content=\"Which coating is better? \u2013 Cerakote vs. Blueing | Cerakote Vs. - Cerakote South Africa\" \/>\n<meta property=\"og:url\" content=\"https:\/\/www.cerakotesa.com\/fr\/cerakote-vs-other-coatings\/cerakote-vs-blueing\/\" \/>\n<meta property=\"og:site_name\" content=\"Cerakote South Africa\" \/>\n<meta property=\"article:modified_time\" content=\"2025-05-24T09:27:07+00:00\" \/>\n<meta name=\"twitter:card\" content=\"summary_large_image\" \/>\n<meta name=\"twitter:label1\" content=\"Dur\u00e9e de lecture estim\u00e9e\" \/>\n\t<meta name=\"twitter:data1\" content=\"2 minutes\" \/>\n<script type=\"application\/ld+json\" class=\"yoast-schema-graph\">{\"@context\":\"https:\/\/schema.org\",\"@graph\":[{\"@type\":\"WebPage\",\"@id\":\"https:\/\/www.cerakotesa.com\/cerakote-vs-other-coatings\/cerakote-vs-blueing\/\",\"url\":\"https:\/\/www.cerakotesa.com\/cerakote-vs-other-coatings\/cerakote-vs-blueing\/\",\"name\":\"Which coating is better? \u2013 Cerakote vs. Blueing | Cerakote Vs. - Cerakote South Africa\",\"isPartOf\":{\"@id\":\"https:\/\/www.cerakotesa.com\/#website\"},\"datePublished\":\"2022-06-05T16:21:58+00:00\",\"dateModified\":\"2025-05-24T09:27:07+00:00\",\"breadcrumb\":{\"@id\":\"https:\/\/www.cerakotesa.com\/cerakote-vs-other-coatings\/cerakote-vs-blueing\/#breadcrumb\"},\"inLanguage\":\"fr-FR\",\"potentialAction\":[{\"@type\":\"ReadAction\",\"target\":[\"https:\/\/www.cerakotesa.com\/cerakote-vs-other-coatings\/cerakote-vs-blueing\/\"]}]},{\"@type\":\"BreadcrumbList\",\"@id\":\"https:\/\/www.cerakotesa.com\/cerakote-vs-other-coatings\/cerakote-vs-blueing\/#breadcrumb\",\"itemListElement\":[{\"@type\":\"ListItem\",\"position\":1,\"name\":\"Home\",\"item\":\"https:\/\/www.cerakotesa.com\/\"},{\"@type\":\"ListItem\",\"position\":2,\"name\":\"Which coating is better? \u2013 Head-to-Head Testing | Cerakote Vs.\",\"item\":\"https:\/\/www.cerakotesa.com\/cerakote-vs-other-coatings\/\"},{\"@type\":\"ListItem\",\"position\":3,\"name\":\"Which coating is better? \u2013 Cerakote vs. Blueing | Cerakote Vs.\"}]},{\"@type\":\"WebSite\",\"@id\":\"https:\/\/www.cerakotesa.com\/#website\",\"url\":\"https:\/\/www.cerakotesa.com\/\",\"name\":\"Cerakote South Africa\",\"description\":\"Cerakote is a global leader in the manufacturing of thin-film protective ceramic coatings\",\"potentialAction\":[{\"@type\":\"SearchAction\",\"target\":{\"@type\":\"EntryPoint\",\"urlTemplate\":\"https:\/\/www.cerakotesa.com\/?s={search_term_string}\"},\"query-input\":{\"@type\":\"PropertyValueSpecification\",\"valueRequired\":true,\"valueName\":\"search_term_string\"}}],\"inLanguage\":\"fr-FR\"}]}<\/script>\n<!-- \/ Yoast SEO plugin. -->","yoast_head_json":{"title":"Which coating is better? \u2013 Cerakote vs. Blueing | Cerakote Vs. - Cerakote South Africa","robots":{"index":"index","follow":"follow","max-snippet":"max-snippet:-1","max-image-preview":"max-image-preview:large","max-video-preview":"max-video-preview:-1"},"canonical":"https:\/\/www.cerakotesa.com\/fr\/cerakote-vs-other-coatings\/cerakote-vs-blueing\/","og_locale":"fr_FR","og_type":"article","og_title":"Which coating is better? \u2013 Cerakote vs. Blueing | Cerakote Vs. - Cerakote South Africa","og_url":"https:\/\/www.cerakotesa.com\/fr\/cerakote-vs-other-coatings\/cerakote-vs-blueing\/","og_site_name":"Cerakote South Africa","article_modified_time":"2025-05-24T09:27:07+00:00","twitter_card":"summary_large_image","twitter_misc":{"Dur\u00e9e de lecture estim\u00e9e":"2 minutes"},"schema":{"@context":"https:\/\/schema.org","@graph":[{"@type":"WebPage","@id":"https:\/\/www.cerakotesa.com\/cerakote-vs-other-coatings\/cerakote-vs-blueing\/","url":"https:\/\/www.cerakotesa.com\/cerakote-vs-other-coatings\/cerakote-vs-blueing\/","name":"Which coating is better? \u2013 Cerakote vs. Blueing | Cerakote Vs. - Cerakote South Africa","isPartOf":{"@id":"https:\/\/www.cerakotesa.com\/#website"},"datePublished":"2022-06-05T16:21:58+00:00","dateModified":"2025-05-24T09:27:07+00:00","breadcrumb":{"@id":"https:\/\/www.cerakotesa.com\/cerakote-vs-other-coatings\/cerakote-vs-blueing\/#breadcrumb"},"inLanguage":"fr-FR","potentialAction":[{"@type":"ReadAction","target":["https:\/\/www.cerakotesa.com\/cerakote-vs-other-coatings\/cerakote-vs-blueing\/"]}]},{"@type":"BreadcrumbList","@id":"https:\/\/www.cerakotesa.com\/cerakote-vs-other-coatings\/cerakote-vs-blueing\/#breadcrumb","itemListElement":[{"@type":"ListItem","position":1,"name":"Home","item":"https:\/\/www.cerakotesa.com\/"},{"@type":"ListItem","position":2,"name":"Which coating is better? \u2013 Head-to-Head Testing | Cerakote Vs.","item":"https:\/\/www.cerakotesa.com\/cerakote-vs-other-coatings\/"},{"@type":"ListItem","position":3,"name":"Which coating is better? \u2013 Cerakote vs. Blueing | Cerakote Vs."}]},{"@type":"WebSite","@id":"https:\/\/www.cerakotesa.com\/#website","url":"https:\/\/www.cerakotesa.com\/","name":"Cerakote South Africa","description":"Cerakote est un leader mondial dans la fabrication de rev\u00eatements c\u00e9ramiques protecteurs en couches minces.","potentialAction":[{"@type":"SearchAction","target":{"@type":"EntryPoint","urlTemplate":"https:\/\/www.cerakotesa.com\/?s={search_term_string}"},"query-input":{"@type":"PropertyValueSpecification","valueRequired":true,"valueName":"search_term_string"}}],"inLanguage":"fr-FR"}]}},"acf":[],"_links":{"self":[{"href":"https:\/\/www.cerakotesa.com\/fr\/wp-json\/wp\/v2\/pages\/10006","targetHints":{"allow":["GET"]}}],"collection":[{"href":"https:\/\/www.cerakotesa.com\/fr\/wp-json\/wp\/v2\/pages"}],"about":[{"href":"https:\/\/www.cerakotesa.com\/fr\/wp-json\/wp\/v2\/types\/page"}],"author":[{"embeddable":true,"href":"https:\/\/www.cerakotesa.com\/fr\/wp-json\/wp\/v2\/users\/1"}],"replies":[{"embeddable":true,"href":"https:\/\/www.cerakotesa.com\/fr\/wp-json\/wp\/v2\/comments?post=10006"}],"version-history":[{"count":0,"href":"https:\/\/www.cerakotesa.com\/fr\/wp-json\/wp\/v2\/pages\/10006\/revisions"}],"up":[{"embeddable":true,"href":"https:\/\/www.cerakotesa.com\/fr\/wp-json\/wp\/v2\/pages\/7199"}],"wp:attachment":[{"href":"https:\/\/www.cerakotesa.com\/fr\/wp-json\/wp\/v2\/media?parent=10006"}],"curies":[{"name":"wp","href":"https:\/\/api.w.org\/{rel}","templated":true}]}}