{"id":11167,"date":"2022-08-11T15:58:38","date_gmt":"2022-08-11T14:58:38","guid":{"rendered":"https:\/\/www.cerakote.co.uk\/?page_id=11167"},"modified":"2022-08-11T15:58:38","modified_gmt":"2022-08-11T14:58:38","slug":"why-is-my-coating-discolouring","status":"publish","type":"page","link":"https:\/\/www.cerakotesa.com\/fr\/knowledge-base\/why-is-my-coating-discolouring\/","title":{"rendered":"Pourquoi mon rev\u00eatement se d\u00e9colore-t-il apr\u00e8s le cycle de s\u00e9chage ?"},"content":{"rendered":"<section class=\"section\" id=\"section_27324768\">\n\t\t<div class=\"section-bg fill\" >\n\t\t\t\t\t\t\t\t\t\n\t\t\t\n\n\t\t<\/div>\n\n\t\t\n\n\t\t<div class=\"section-content relative\">\n\t\t\t\n<div class=\"row\"  id=\"row-161558636\">\n\n\t<div id=\"col-1625773015\" class=\"col small-12 large-12\"  >\n\t\t\t\t<div class=\"col-inner\"  >\n\t\t\t\n\t\t\t\n<h2 class=\"uppercase\">Pourquoi mon rev\u00eatement se d\u00e9colore-t-il apr\u00e8s le cycle de durcissement ?<\/h2>\n\t<div class=\"img has-hover x md-x lg-x y md-y lg-y\" id=\"image_1703688913\">\n\t\t\t\t\t\t\t\t<div class=\"img-inner dark\" >\n\t\t\t<img loading=\"lazy\" decoding=\"async\" width=\"2048\" height=\"887\" src=\"https:\/\/www.cerakotesa.com\/wp-content\/uploads\/2022\/08\/cerakoteknowledgebasearticlecorrectcuretimes-dt20220729165233217098.webp\" class=\"attachment-original size-original\" alt=\"\" srcset=\"https:\/\/www.cerakotesa.com\/wp-content\/uploads\/2022\/08\/cerakoteknowledgebasearticlecorrectcuretimes-dt20220729165233217098.webp 2048w, https:\/\/www.cerakotesa.com\/wp-content\/uploads\/2022\/08\/cerakoteknowledgebasearticlecorrectcuretimes-dt20220729165233217098-247x107.webp 247w, https:\/\/www.cerakotesa.com\/wp-content\/uploads\/2022\/08\/cerakoteknowledgebasearticlecorrectcuretimes-dt20220729165233217098-510x221.webp 510w, https:\/\/www.cerakotesa.com\/wp-content\/uploads\/2022\/08\/cerakoteknowledgebasearticlecorrectcuretimes-dt20220729165233217098-300x130.webp 300w, https:\/\/www.cerakotesa.com\/wp-content\/uploads\/2022\/08\/cerakoteknowledgebasearticlecorrectcuretimes-dt20220729165233217098-1024x444.webp 1024w, https:\/\/www.cerakotesa.com\/wp-content\/uploads\/2022\/08\/cerakoteknowledgebasearticlecorrectcuretimes-dt20220729165233217098-768x333.webp 768w, https:\/\/www.cerakotesa.com\/wp-content\/uploads\/2022\/08\/cerakoteknowledgebasearticlecorrectcuretimes-dt20220729165233217098-1536x665.webp 1536w\" sizes=\"auto, (max-width: 2048px) 100vw, 2048px\" \/>\t\t\t\t\t\t\n\t\t\t\t\t<\/div>\n\t\t\t\t\t\t\t\t\n<style>\n#image_1703688913 {\n  width: 100%;\n}\n<\/style>\n\t<\/div>\n\t\n<p>Temps de polym\u00e9risation corrects<\/p>\n\t\t<\/div>\n\t\t\t\t\t<\/div>\n\n\t\n<\/div>\n\t\t<\/div>\n\n\t\t\n<style>\n#section_27324768 {\n  padding-top: 30px;\n  padding-bottom: 30px;\n}\n<\/style>\n\t<\/section>\n\t\n\n\t<section class=\"section\" id=\"section_1583978380\">\n\t\t<div class=\"section-bg fill\" >\n\t\t\t\t\t\t\t\t\t\n\t\t\t\n\n\t\t<\/div>\n\n\t\t\n\n\t\t<div class=\"section-content relative\">\n\t\t\t\n<div class=\"row\"  id=\"row-1856522571\">\n\n\t<div id=\"col-1092704017\" class=\"col small-12 large-12\"  >\n\t\t\t\t<div class=\"col-inner\"  >\n\t\t\t\n\t\t\t\n<h2 class=\"heading2\">STABILIT\u00c9 DES COULEURS<\/h2>\n<p>Certaines couleurs de la s\u00e9rie H de Cerakote ont une \"temp\u00e9rature maximale de stabilit\u00e9 de la couleur (F\u00b0)\" inf\u00e9rieure \u00e0 la \"temp\u00e9rature maximale de stabilit\u00e9 du rev\u00eatement (F\u00b0)\".<\/p>\n<p>La stabilit\u00e9 de la couleur signifie qu'\u00e0 une certaine temp\u00e9rature, les pigments contenus dans le rev\u00eatement sont susceptibles de changer de couleur au cours du processus de durcissement thermique.<\/p>\n<p>Cet effet peut \u00eatre plus marqu\u00e9 avec des couleurs \u00e0 pigments plus clairs comme le blanc, le jaune ou l'orange.<\/p>\n<p>Avant de polym\u00e9riser votre prochaine couleur plus claire de la s\u00e9rie H, consultez la \"Temp\u00e9rature maximale de stabilit\u00e9 de la couleur (F\u00b0)\" dans les fiches techniques de la s\u00e9rie H, disponibles sur le site Web de Cerakote, afin de d\u00e9terminer les temp\u00e9ratures maximales de polym\u00e9risation.<\/p>\n<p>Cerakote recommande de polym\u00e9riser toutes les pi\u00e8ces m\u00e9talliques rev\u00eatues de la s\u00e9rie H avec notre cycle de polym\u00e9risation standard de 250\u00b0F pendant 2 heures pour garantir une bonne performance en termes de durabilit\u00e9 et d'esth\u00e9tique (aucune d\u00e9coloration du rev\u00eatement ne se produira \u00e0 250\u00b0F pendant 2 heures).<\/p>\n\t<div class=\"img has-hover x md-x lg-x y md-y lg-y\" id=\"image_1871245476\">\n\t\t\t\t\t\t\t\t<div class=\"img-inner dark\" >\n\t\t\t<img loading=\"lazy\" decoding=\"async\" width=\"2048\" height=\"887\" src=\"https:\/\/www.cerakotesa.com\/wp-content\/uploads\/2022\/08\/cerakoteknowledgebasearticleincorrectcuretimes-dt20220729165232549146.webp\" class=\"attachment-original size-original\" alt=\"\" srcset=\"https:\/\/www.cerakotesa.com\/wp-content\/uploads\/2022\/08\/cerakoteknowledgebasearticleincorrectcuretimes-dt20220729165232549146.webp 2048w, https:\/\/www.cerakotesa.com\/wp-content\/uploads\/2022\/08\/cerakoteknowledgebasearticleincorrectcuretimes-dt20220729165232549146-247x107.webp 247w, https:\/\/www.cerakotesa.com\/wp-content\/uploads\/2022\/08\/cerakoteknowledgebasearticleincorrectcuretimes-dt20220729165232549146-510x221.webp 510w, https:\/\/www.cerakotesa.com\/wp-content\/uploads\/2022\/08\/cerakoteknowledgebasearticleincorrectcuretimes-dt20220729165232549146-300x130.webp 300w, https:\/\/www.cerakotesa.com\/wp-content\/uploads\/2022\/08\/cerakoteknowledgebasearticleincorrectcuretimes-dt20220729165232549146-1024x444.webp 1024w, https:\/\/www.cerakotesa.com\/wp-content\/uploads\/2022\/08\/cerakoteknowledgebasearticleincorrectcuretimes-dt20220729165232549146-768x333.webp 768w, https:\/\/www.cerakotesa.com\/wp-content\/uploads\/2022\/08\/cerakoteknowledgebasearticleincorrectcuretimes-dt20220729165232549146-1536x665.webp 1536w\" sizes=\"auto, (max-width: 2048px) 100vw, 2048px\" \/>\t\t\t\t\t\t\n\t\t\t\t\t<\/div>\n\t\t\t\t\t\t\t\t\n<style>\n#image_1871245476 {\n  width: 100%;\n}\n<\/style>\n\t<\/div>\n\t\n<p>Temps de polym\u00e9risation incorrects<\/p>\n\t\t<\/div>\n\t\t\t\t\t<\/div>\n\n\t\n<\/div>\n\t\t<\/div>\n\n\t\t\n<style>\n#section_1583978380 {\n  padding-top: 30px;\n  padding-bottom: 30px;\n}\n<\/style>\n\t<\/section>","protected":false},"excerpt":{"rendered":"","protected":false},"author":1,"featured_media":0,"parent":3966,"menu_order":0,"comment_status":"closed","ping_status":"closed","template":"","meta":{"_acf_changed":false,"footnotes":""},"class_list":["post-11167","page","type-page","status-publish","hentry"],"yoast_head":"<!-- This site is optimized with the Yoast SEO plugin v26.7 - https:\/\/yoast.com\/wordpress\/plugins\/seo\/ -->\n<title>Why Is My Coating Discolouring After the Cure Cycle? - Cerakote South Africa<\/title>\n<meta name=\"robots\" content=\"index, follow, max-snippet:-1, max-image-preview:large, max-video-preview:-1\" \/>\n<link rel=\"canonical\" href=\"https:\/\/www.cerakotesa.com\/fr\/knowledge-base\/why-is-my-coating-discolouring\/\" \/>\n<meta property=\"og:locale\" content=\"fr_FR\" \/>\n<meta property=\"og:type\" content=\"article\" \/>\n<meta property=\"og:title\" content=\"Why Is My Coating Discolouring After the Cure Cycle? - Cerakote South Africa\" \/>\n<meta property=\"og:url\" content=\"https:\/\/www.cerakotesa.com\/fr\/knowledge-base\/why-is-my-coating-discolouring\/\" \/>\n<meta property=\"og:site_name\" content=\"Cerakote South Africa\" \/>\n<meta name=\"twitter:card\" content=\"summary_large_image\" \/>\n<meta name=\"twitter:label1\" content=\"Dur\u00e9e de lecture estim\u00e9e\" \/>\n\t<meta name=\"twitter:data1\" content=\"1 minute\" \/>\n<script type=\"application\/ld+json\" class=\"yoast-schema-graph\">{\"@context\":\"https:\/\/schema.org\",\"@graph\":[{\"@type\":\"WebPage\",\"@id\":\"https:\/\/www.cerakotesa.com\/knowledge-base\/why-is-my-coating-discolouring\/\",\"url\":\"https:\/\/www.cerakotesa.com\/knowledge-base\/why-is-my-coating-discolouring\/\",\"name\":\"Why Is My Coating Discolouring After the Cure Cycle? - Cerakote South Africa\",\"isPartOf\":{\"@id\":\"https:\/\/www.cerakotesa.com\/#website\"},\"datePublished\":\"2022-08-11T14:58:38+00:00\",\"breadcrumb\":{\"@id\":\"https:\/\/www.cerakotesa.com\/knowledge-base\/why-is-my-coating-discolouring\/#breadcrumb\"},\"inLanguage\":\"fr-FR\",\"potentialAction\":[{\"@type\":\"ReadAction\",\"target\":[\"https:\/\/www.cerakotesa.com\/knowledge-base\/why-is-my-coating-discolouring\/\"]}]},{\"@type\":\"BreadcrumbList\",\"@id\":\"https:\/\/www.cerakotesa.com\/knowledge-base\/why-is-my-coating-discolouring\/#breadcrumb\",\"itemListElement\":[{\"@type\":\"ListItem\",\"position\":1,\"name\":\"Home\",\"item\":\"https:\/\/www.cerakotesa.com\/\"},{\"@type\":\"ListItem\",\"position\":2,\"name\":\"Knowledge Base\",\"item\":\"https:\/\/www.cerakotesa.com\/knowledge-base\/\"},{\"@type\":\"ListItem\",\"position\":3,\"name\":\"Why Is My Coating Discolouring After the Cure Cycle?\"}]},{\"@type\":\"WebSite\",\"@id\":\"https:\/\/www.cerakotesa.com\/#website\",\"url\":\"https:\/\/www.cerakotesa.com\/\",\"name\":\"Cerakote South Africa\",\"description\":\"Cerakote is a global leader in the manufacturing of thin-film protective ceramic coatings\",\"potentialAction\":[{\"@type\":\"SearchAction\",\"target\":{\"@type\":\"EntryPoint\",\"urlTemplate\":\"https:\/\/www.cerakotesa.com\/?s={search_term_string}\"},\"query-input\":{\"@type\":\"PropertyValueSpecification\",\"valueRequired\":true,\"valueName\":\"search_term_string\"}}],\"inLanguage\":\"fr-FR\"}]}<\/script>\n<!-- \/ Yoast SEO plugin. -->","yoast_head_json":{"title":"Why Is My Coating Discolouring After the Cure Cycle? - Cerakote South Africa","robots":{"index":"index","follow":"follow","max-snippet":"max-snippet:-1","max-image-preview":"max-image-preview:large","max-video-preview":"max-video-preview:-1"},"canonical":"https:\/\/www.cerakotesa.com\/fr\/knowledge-base\/why-is-my-coating-discolouring\/","og_locale":"fr_FR","og_type":"article","og_title":"Why Is My Coating Discolouring After the Cure Cycle? - Cerakote South Africa","og_url":"https:\/\/www.cerakotesa.com\/fr\/knowledge-base\/why-is-my-coating-discolouring\/","og_site_name":"Cerakote South Africa","twitter_card":"summary_large_image","twitter_misc":{"Dur\u00e9e de lecture estim\u00e9e":"1 minute"},"schema":{"@context":"https:\/\/schema.org","@graph":[{"@type":"WebPage","@id":"https:\/\/www.cerakotesa.com\/knowledge-base\/why-is-my-coating-discolouring\/","url":"https:\/\/www.cerakotesa.com\/knowledge-base\/why-is-my-coating-discolouring\/","name":"Why Is My Coating Discolouring After the Cure Cycle? - Cerakote South Africa","isPartOf":{"@id":"https:\/\/www.cerakotesa.com\/#website"},"datePublished":"2022-08-11T14:58:38+00:00","breadcrumb":{"@id":"https:\/\/www.cerakotesa.com\/knowledge-base\/why-is-my-coating-discolouring\/#breadcrumb"},"inLanguage":"fr-FR","potentialAction":[{"@type":"ReadAction","target":["https:\/\/www.cerakotesa.com\/knowledge-base\/why-is-my-coating-discolouring\/"]}]},{"@type":"BreadcrumbList","@id":"https:\/\/www.cerakotesa.com\/knowledge-base\/why-is-my-coating-discolouring\/#breadcrumb","itemListElement":[{"@type":"ListItem","position":1,"name":"Home","item":"https:\/\/www.cerakotesa.com\/"},{"@type":"ListItem","position":2,"name":"Knowledge Base","item":"https:\/\/www.cerakotesa.com\/knowledge-base\/"},{"@type":"ListItem","position":3,"name":"Why Is My Coating Discolouring After the Cure Cycle?"}]},{"@type":"WebSite","@id":"https:\/\/www.cerakotesa.com\/#website","url":"https:\/\/www.cerakotesa.com\/","name":"Cerakote South Africa","description":"Cerakote est un leader mondial dans la fabrication de rev\u00eatements c\u00e9ramiques protecteurs en couches minces.","potentialAction":[{"@type":"SearchAction","target":{"@type":"EntryPoint","urlTemplate":"https:\/\/www.cerakotesa.com\/?s={search_term_string}"},"query-input":{"@type":"PropertyValueSpecification","valueRequired":true,"valueName":"search_term_string"}}],"inLanguage":"fr-FR"}]}},"acf":[],"_links":{"self":[{"href":"https:\/\/www.cerakotesa.com\/fr\/wp-json\/wp\/v2\/pages\/11167","targetHints":{"allow":["GET"]}}],"collection":[{"href":"https:\/\/www.cerakotesa.com\/fr\/wp-json\/wp\/v2\/pages"}],"about":[{"href":"https:\/\/www.cerakotesa.com\/fr\/wp-json\/wp\/v2\/types\/page"}],"author":[{"embeddable":true,"href":"https:\/\/www.cerakotesa.com\/fr\/wp-json\/wp\/v2\/users\/1"}],"replies":[{"embeddable":true,"href":"https:\/\/www.cerakotesa.com\/fr\/wp-json\/wp\/v2\/comments?post=11167"}],"version-history":[{"count":0,"href":"https:\/\/www.cerakotesa.com\/fr\/wp-json\/wp\/v2\/pages\/11167\/revisions"}],"up":[{"embeddable":true,"href":"https:\/\/www.cerakotesa.com\/fr\/wp-json\/wp\/v2\/pages\/3966"}],"wp:attachment":[{"href":"https:\/\/www.cerakotesa.com\/fr\/wp-json\/wp\/v2\/media?parent=11167"}],"curies":[{"name":"wp","href":"https:\/\/api.w.org\/{rel}","templated":true}]}}