{"id":11175,"date":"2022-08-11T16:09:04","date_gmt":"2022-08-11T15:09:04","guid":{"rendered":"https:\/\/www.cerakote.co.uk\/?page_id=11175"},"modified":"2022-08-11T16:09:04","modified_gmt":"2022-08-11T15:09:04","slug":"how-to-prep-a-chrome","status":"publish","type":"page","link":"https:\/\/www.cerakotesa.com\/fr\/knowledge-base\/how-to-prep-a-chrome\/","title":{"rendered":"Comment pr\u00e9parer une surface chrom\u00e9e"},"content":{"rendered":"<section class=\"section\" id=\"section_1017086531\">\n\t\t<div class=\"section-bg fill\" >\n\t\t\t\t\t\t\t\t\t\n\t\t\t\n\n\t\t<\/div>\n\n\t\t\n\n\t\t<div class=\"section-content relative\">\n\t\t\t\n<div class=\"row\"  id=\"row-775917740\">\n\n\t<div id=\"col-494445867\" class=\"col small-12 large-12\"  >\n\t\t\t\t<div class=\"col-inner\"  >\n\t\t\t\n\t\t\t\n<h2 class=\"uppercase\">Comment pr\u00e9parer une surface chrom\u00e9e<\/h2>\n\t\t<\/div>\n\t\t\t\t\t<\/div>\n\n\t\n<\/div>\n<div class=\"row\"  id=\"row-1392416810\">\n\n\t<div id=\"col-79557434\" class=\"col small-12 large-12\"  >\n\t\t\t\t<div class=\"col-inner\"  >\n\t\t\t\n\t\t\t\n<h2 class=\"heading2\">UNE SURFACE PARFAITE POUR LA CERAKOTE<\/h2>\n<p>1TP229Le sablage d'une finition existante jusqu'au substrat nu est une \u00e9tape importante et n\u00e9cessaire pour la plupart des applications Cerakote. Cependant, certaines finitions sont plus difficiles \u00e0 enlever avec des produits de sablage pour obtenir un profil de surface ad\u00e9quat. Un chromage dur de qualit\u00e9 est un exemple de finition qui ne s'enl\u00e8ve pas facilement ou rapidement. Heureusement, il n'est pas n\u00e9cessaire d'enlever compl\u00e8tement le chromage dur pour que Cerakote adh\u00e8re m\u00e9caniquement. Une finition de chrome dur de qualit\u00e9 est une surface parfaite pour l'application de Cerakote.<\/p>\n\t<div class=\"img has-hover x md-x lg-x y md-y lg-y\" id=\"image_116769329\">\n\t\t\t\t\t\t\t\t<div class=\"img-inner dark\" >\n\t\t\t<img loading=\"lazy\" decoding=\"async\" width=\"1200\" height=\"579\" src=\"https:\/\/www.cerakotesa.com\/wp-content\/uploads\/2022\/08\/etchedchrome-dt20220208173951042928.webp\" class=\"attachment-original size-original\" alt=\"\" srcset=\"https:\/\/www.cerakotesa.com\/wp-content\/uploads\/2022\/08\/etchedchrome-dt20220208173951042928.webp 1200w, https:\/\/www.cerakotesa.com\/wp-content\/uploads\/2022\/08\/etchedchrome-dt20220208173951042928-247x119.webp 247w, https:\/\/www.cerakotesa.com\/wp-content\/uploads\/2022\/08\/etchedchrome-dt20220208173951042928-510x246.webp 510w, https:\/\/www.cerakotesa.com\/wp-content\/uploads\/2022\/08\/etchedchrome-dt20220208173951042928-300x145.webp 300w, https:\/\/www.cerakotesa.com\/wp-content\/uploads\/2022\/08\/etchedchrome-dt20220208173951042928-1024x494.webp 1024w, https:\/\/www.cerakotesa.com\/wp-content\/uploads\/2022\/08\/etchedchrome-dt20220208173951042928-768x371.webp 768w\" sizes=\"auto, (max-width: 1200px) 100vw, 1200px\" \/>\t\t\t\t\t\t\n\t\t\t\t\t<\/div>\n\t\t\t\t\t\t\t\t\n<style>\n#image_116769329 {\n  width: 100%;\n}\n<\/style>\n\t<\/div>\n\t\n\t<div id=\"gap-2103473337\" class=\"gap-element clearfix\" style=\"display:block; height:auto;\">\n\t\t\n<style>\n#gap-2103473337 {\n  padding-top: 30px;\n}\n<\/style>\n\t<\/div>\n\t\n<h2 class=\"heading2\">BLESSURE DE L'ETABLISSEMENT<\/h2>\n<p>Au lieu de perdre un temps pr\u00e9cieux \u00e0 \u00e9liminer compl\u00e8tement le chromage dur du substrat par sablage, la gravure d'un profil dans la surface chrom\u00e9e suffit pour assurer l'adh\u00e9rence m\u00e9canique. Le d\u00e9capage est r\u00e9alis\u00e9 en r\u00e9glant la pression d'air de la cabine de d\u00e9capage \u00e0 30-40 psi, pression de fonctionnement. Pendant le sablage, d\u00e9placez-vous rapidement et uniform\u00e9ment sur la pi\u00e8ce pour \"matifier\" la finition chrom\u00e9e. R\u00e9p\u00e9tez l'op\u00e9ration jusqu'\u00e0 ce que l'ensemble de la pi\u00e8ce pr\u00e9sente un profil de gravure uniforme et ne pr\u00e9sente pas de \"points brillants\".<br \/>\nSi la finition d'origine n'est pas un v\u00e9ritable chrome dur, mais un chrome d\u00e9coratif, le placage s'\u00e9caillera et devra \u00eatre compl\u00e8tement enlev\u00e9. Cette r\u00e8gle s'applique \u00e9galement \u00e0 l'anodisation dure, ce qui fait du d\u00e9capage la m\u00e9thode la plus efficace.<\/p>\n<p><strong>La r\u00e9sistance de la cerakote d\u00e9pend de celle du support sur lequel elle est appliqu\u00e9e.<\/strong><\/p>\n<p>L'application de Cerakote sur une finition qui n'est pas bien adh\u00e9r\u00e9e au m\u00e9tal de base entra\u00eenera le d\u00e9collement de Cerakote comme la finition d'origine.<\/p>\n\t\t<\/div>\n\t\t\t\t\t<\/div>\n\n\t\n<\/div>\n\t\t<\/div>\n\n\t\t\n<style>\n#section_1017086531 {\n  padding-top: 30px;\n  padding-bottom: 30px;\n}\n<\/style>\n\t<\/section>","protected":false},"excerpt":{"rendered":"","protected":false},"author":1,"featured_media":0,"parent":3966,"menu_order":0,"comment_status":"closed","ping_status":"closed","template":"","meta":{"_acf_changed":false,"footnotes":""},"class_list":["post-11175","page","type-page","status-publish","hentry"],"yoast_head":"<!-- This site is optimized with the Yoast SEO plugin v26.7 - https:\/\/yoast.com\/wordpress\/plugins\/seo\/ -->\n<title>How to Prep A Chrome Plated Surface - Cerakote South Africa<\/title>\n<meta name=\"robots\" content=\"index, follow, max-snippet:-1, max-image-preview:large, max-video-preview:-1\" \/>\n<link rel=\"canonical\" href=\"https:\/\/www.cerakotesa.com\/fr\/knowledge-base\/how-to-prep-a-chrome\/\" \/>\n<meta property=\"og:locale\" content=\"fr_FR\" \/>\n<meta property=\"og:type\" content=\"article\" \/>\n<meta property=\"og:title\" content=\"How to Prep A Chrome Plated Surface - Cerakote South Africa\" \/>\n<meta property=\"og:url\" content=\"https:\/\/www.cerakotesa.com\/fr\/knowledge-base\/how-to-prep-a-chrome\/\" \/>\n<meta property=\"og:site_name\" content=\"Cerakote South Africa\" \/>\n<meta name=\"twitter:card\" content=\"summary_large_image\" \/>\n<meta name=\"twitter:label1\" content=\"Dur\u00e9e de lecture estim\u00e9e\" \/>\n\t<meta name=\"twitter:data1\" content=\"2 minutes\" \/>\n<script type=\"application\/ld+json\" class=\"yoast-schema-graph\">{\"@context\":\"https:\/\/schema.org\",\"@graph\":[{\"@type\":\"WebPage\",\"@id\":\"https:\/\/www.cerakotesa.com\/knowledge-base\/how-to-prep-a-chrome\/\",\"url\":\"https:\/\/www.cerakotesa.com\/knowledge-base\/how-to-prep-a-chrome\/\",\"name\":\"How to Prep A Chrome Plated Surface - Cerakote South Africa\",\"isPartOf\":{\"@id\":\"https:\/\/www.cerakotesa.com\/#website\"},\"datePublished\":\"2022-08-11T15:09:04+00:00\",\"breadcrumb\":{\"@id\":\"https:\/\/www.cerakotesa.com\/knowledge-base\/how-to-prep-a-chrome\/#breadcrumb\"},\"inLanguage\":\"fr-FR\",\"potentialAction\":[{\"@type\":\"ReadAction\",\"target\":[\"https:\/\/www.cerakotesa.com\/knowledge-base\/how-to-prep-a-chrome\/\"]}]},{\"@type\":\"BreadcrumbList\",\"@id\":\"https:\/\/www.cerakotesa.com\/knowledge-base\/how-to-prep-a-chrome\/#breadcrumb\",\"itemListElement\":[{\"@type\":\"ListItem\",\"position\":1,\"name\":\"Home\",\"item\":\"https:\/\/www.cerakotesa.com\/\"},{\"@type\":\"ListItem\",\"position\":2,\"name\":\"Knowledge Base\",\"item\":\"https:\/\/www.cerakotesa.com\/knowledge-base\/\"},{\"@type\":\"ListItem\",\"position\":3,\"name\":\"How to Prep A Chrome Plated Surface\"}]},{\"@type\":\"WebSite\",\"@id\":\"https:\/\/www.cerakotesa.com\/#website\",\"url\":\"https:\/\/www.cerakotesa.com\/\",\"name\":\"Cerakote South Africa\",\"description\":\"Cerakote is a global leader in the manufacturing of thin-film protective ceramic coatings\",\"potentialAction\":[{\"@type\":\"SearchAction\",\"target\":{\"@type\":\"EntryPoint\",\"urlTemplate\":\"https:\/\/www.cerakotesa.com\/?s={search_term_string}\"},\"query-input\":{\"@type\":\"PropertyValueSpecification\",\"valueRequired\":true,\"valueName\":\"search_term_string\"}}],\"inLanguage\":\"fr-FR\"}]}<\/script>\n<!-- \/ Yoast SEO plugin. -->","yoast_head_json":{"title":"How to Prep A Chrome Plated Surface - Cerakote South Africa","robots":{"index":"index","follow":"follow","max-snippet":"max-snippet:-1","max-image-preview":"max-image-preview:large","max-video-preview":"max-video-preview:-1"},"canonical":"https:\/\/www.cerakotesa.com\/fr\/knowledge-base\/how-to-prep-a-chrome\/","og_locale":"fr_FR","og_type":"article","og_title":"How to Prep A Chrome Plated Surface - Cerakote South Africa","og_url":"https:\/\/www.cerakotesa.com\/fr\/knowledge-base\/how-to-prep-a-chrome\/","og_site_name":"Cerakote South Africa","twitter_card":"summary_large_image","twitter_misc":{"Dur\u00e9e de lecture estim\u00e9e":"2 minutes"},"schema":{"@context":"https:\/\/schema.org","@graph":[{"@type":"WebPage","@id":"https:\/\/www.cerakotesa.com\/knowledge-base\/how-to-prep-a-chrome\/","url":"https:\/\/www.cerakotesa.com\/knowledge-base\/how-to-prep-a-chrome\/","name":"How to Prep A Chrome Plated Surface - Cerakote South Africa","isPartOf":{"@id":"https:\/\/www.cerakotesa.com\/#website"},"datePublished":"2022-08-11T15:09:04+00:00","breadcrumb":{"@id":"https:\/\/www.cerakotesa.com\/knowledge-base\/how-to-prep-a-chrome\/#breadcrumb"},"inLanguage":"fr-FR","potentialAction":[{"@type":"ReadAction","target":["https:\/\/www.cerakotesa.com\/knowledge-base\/how-to-prep-a-chrome\/"]}]},{"@type":"BreadcrumbList","@id":"https:\/\/www.cerakotesa.com\/knowledge-base\/how-to-prep-a-chrome\/#breadcrumb","itemListElement":[{"@type":"ListItem","position":1,"name":"Home","item":"https:\/\/www.cerakotesa.com\/"},{"@type":"ListItem","position":2,"name":"Knowledge Base","item":"https:\/\/www.cerakotesa.com\/knowledge-base\/"},{"@type":"ListItem","position":3,"name":"How to Prep A Chrome Plated Surface"}]},{"@type":"WebSite","@id":"https:\/\/www.cerakotesa.com\/#website","url":"https:\/\/www.cerakotesa.com\/","name":"Cerakote South Africa","description":"Cerakote est un leader mondial dans la fabrication de rev\u00eatements c\u00e9ramiques protecteurs en couches minces.","potentialAction":[{"@type":"SearchAction","target":{"@type":"EntryPoint","urlTemplate":"https:\/\/www.cerakotesa.com\/?s={search_term_string}"},"query-input":{"@type":"PropertyValueSpecification","valueRequired":true,"valueName":"search_term_string"}}],"inLanguage":"fr-FR"}]}},"acf":[],"_links":{"self":[{"href":"https:\/\/www.cerakotesa.com\/fr\/wp-json\/wp\/v2\/pages\/11175","targetHints":{"allow":["GET"]}}],"collection":[{"href":"https:\/\/www.cerakotesa.com\/fr\/wp-json\/wp\/v2\/pages"}],"about":[{"href":"https:\/\/www.cerakotesa.com\/fr\/wp-json\/wp\/v2\/types\/page"}],"author":[{"embeddable":true,"href":"https:\/\/www.cerakotesa.com\/fr\/wp-json\/wp\/v2\/users\/1"}],"replies":[{"embeddable":true,"href":"https:\/\/www.cerakotesa.com\/fr\/wp-json\/wp\/v2\/comments?post=11175"}],"version-history":[{"count":0,"href":"https:\/\/www.cerakotesa.com\/fr\/wp-json\/wp\/v2\/pages\/11175\/revisions"}],"up":[{"embeddable":true,"href":"https:\/\/www.cerakotesa.com\/fr\/wp-json\/wp\/v2\/pages\/3966"}],"wp:attachment":[{"href":"https:\/\/www.cerakotesa.com\/fr\/wp-json\/wp\/v2\/media?parent=11175"}],"curies":[{"name":"wp","href":"https:\/\/api.w.org\/{rel}","templated":true}]}}