{"id":11181,"date":"2022-08-11T16:13:49","date_gmt":"2022-08-11T15:13:49","guid":{"rendered":"https:\/\/www.cerakote.co.uk\/?page_id=11181"},"modified":"2022-08-11T16:13:49","modified_gmt":"2022-08-11T15:13:49","slug":"how-much-coating","status":"publish","type":"page","link":"https:\/\/www.cerakotesa.com\/fr\/knowledge-base\/how-much-coating\/","title":{"rendered":"De quelle quantit\u00e9 de rev\u00eatement ai-je besoin pour mon projet ?"},"content":{"rendered":"<section class=\"section\" id=\"section_17683471\">\n\t\t<div class=\"section-bg fill\" >\n\t\t\t\t\t\t\t\t\t\n\t\t\t\n\n\t\t<\/div>\n\n\t\t\n\n\t\t<div class=\"section-content relative\">\n\t\t\t\n<div class=\"row\"  id=\"row-1756260063\">\n\n\t<div id=\"col-1252020019\" class=\"col small-12 large-12\"  >\n\t\t\t\t<div class=\"col-inner\"  >\n\t\t\t\n\t\t\t\n<h2>De quelle quantit\u00e9 de rev\u00eatement ai-je besoin pour mon projet ?<\/h2>\n<div class=\"articleList article-details\"><\/div>\n<div class=\"form-group col-xs-12 col-sm-12 share articles\"><\/div>\n<h3 class=\"heading2\">CALCUL DES QUANTIT\u00c9S DE REV\u00caTEMENT<\/h3>\n<p>Lorsque l'on pr\u00e9voit de rev\u00eatir un projet, il est essentiel de calculer la quantit\u00e9 de rev\u00eatement n\u00e9cessaire avant de passer commande, afin de ne pas sous-estimer la quantit\u00e9 et de ne pas en manquer. Pour d\u00e9terminer la quantit\u00e9 de rev\u00eatement \u00e0 acheter, il faut d'abord trouver la \"couverture th\u00e9orique par gallon\" de chaque rev\u00eatement dans notre base de donn\u00e9es sur les rev\u00eatements.\u00a0<a href=\"https:\/\/www.cerakote.co.uk\/resources\/documents\/\">Fiches techniques<\/a>. Il est important de comprendre que tous les rev\u00eatements n'ont pas la m\u00eame densit\u00e9, la m\u00eame viscosit\u00e9 ou la m\u00eame \u00e9paisseur de film recommand\u00e9e, ce qui signifie que certains rev\u00eatements couvriront plus de surface que d'autres. En utilisant le C-102 Graphite Black comme exemple, nous pouvons d\u00e9composer la couverture th\u00e9orique d\u00e9j\u00e0 calcul\u00e9e du rev\u00eatement de 677 pi\u00b2\/gallon en pi\u00b2\/oz. Il y a environ 128 oz dans un gallon, nous pouvons donc diviser la couverture th\u00e9orique du C-102 (677 pi\u00b2\/gallon) par 128 oz pour obtenir notre couverture par pi\u00b2\/oz.<\/p>\n<p><strong>677 pi\u00b2 \u00f7 128 oz = 5,289 pi\u00b2\/oz Le C-102 a une couverture de 5,3 pi\u00b2\/oz<\/strong><\/p>\n<p>Une fois que la couverture du rev\u00eatement (pi\u00b2\/oz) est connue, mesurez grossi\u00e8rement la superficie de votre projet et divisez-la par la couverture du rev\u00eatement (pi\u00b2\/oz) pour d\u00e9terminer le rev\u00eatement n\u00e9cessaire.<\/p>\n<p><strong>Projet 103 pi\u00b2 \u00f7 5,3 pi\u00b2\/oz = 19,4 oz Cerakote C-102<\/strong><\/p>\n<p>Si vous avez des questions, n'h\u00e9sitez pas \u00e0 nous envoyer un courriel \u00e0 l'adresse suivante\u00a0<a href=\"mailto:technicalsupport@cerakote.com\">technicalsupport@cerakote.co.uk<\/a><br \/>\nou appelez-nous au 01284 599003<\/p>\n\t\t<\/div>\n\t\t\t\t\t<\/div>\n\n\t\n<\/div>\n\t\t<\/div>\n\n\t\t\n<style>\n#section_17683471 {\n  padding-top: 30px;\n  padding-bottom: 30px;\n}\n<\/style>\n\t<\/section>","protected":false},"excerpt":{"rendered":"","protected":false},"author":1,"featured_media":0,"parent":3966,"menu_order":0,"comment_status":"closed","ping_status":"closed","template":"","meta":{"_acf_changed":false,"footnotes":""},"class_list":["post-11181","page","type-page","status-publish","hentry"],"yoast_head":"<!-- This site is optimized with the Yoast SEO plugin v26.7 - https:\/\/yoast.com\/wordpress\/plugins\/seo\/ -->\n<title>How Much Coating Do I Need for My Project? - Cerakote South Africa<\/title>\n<meta name=\"robots\" content=\"index, follow, max-snippet:-1, max-image-preview:large, max-video-preview:-1\" \/>\n<link rel=\"canonical\" href=\"https:\/\/www.cerakotesa.com\/fr\/knowledge-base\/how-much-coating\/\" \/>\n<meta property=\"og:locale\" content=\"fr_FR\" \/>\n<meta property=\"og:type\" content=\"article\" \/>\n<meta property=\"og:title\" content=\"How Much Coating Do I Need for My Project? - Cerakote South Africa\" \/>\n<meta property=\"og:url\" content=\"https:\/\/www.cerakotesa.com\/fr\/knowledge-base\/how-much-coating\/\" \/>\n<meta property=\"og:site_name\" content=\"Cerakote South Africa\" \/>\n<meta name=\"twitter:card\" content=\"summary_large_image\" \/>\n<meta name=\"twitter:label1\" content=\"Dur\u00e9e de lecture estim\u00e9e\" \/>\n\t<meta name=\"twitter:data1\" content=\"1 minute\" \/>\n<script type=\"application\/ld+json\" class=\"yoast-schema-graph\">{\"@context\":\"https:\/\/schema.org\",\"@graph\":[{\"@type\":\"WebPage\",\"@id\":\"https:\/\/www.cerakotesa.com\/knowledge-base\/how-much-coating\/\",\"url\":\"https:\/\/www.cerakotesa.com\/knowledge-base\/how-much-coating\/\",\"name\":\"How Much Coating Do I Need for My Project? - Cerakote South Africa\",\"isPartOf\":{\"@id\":\"https:\/\/www.cerakotesa.com\/#website\"},\"datePublished\":\"2022-08-11T15:13:49+00:00\",\"breadcrumb\":{\"@id\":\"https:\/\/www.cerakotesa.com\/knowledge-base\/how-much-coating\/#breadcrumb\"},\"inLanguage\":\"fr-FR\",\"potentialAction\":[{\"@type\":\"ReadAction\",\"target\":[\"https:\/\/www.cerakotesa.com\/knowledge-base\/how-much-coating\/\"]}]},{\"@type\":\"BreadcrumbList\",\"@id\":\"https:\/\/www.cerakotesa.com\/knowledge-base\/how-much-coating\/#breadcrumb\",\"itemListElement\":[{\"@type\":\"ListItem\",\"position\":1,\"name\":\"Home\",\"item\":\"https:\/\/www.cerakotesa.com\/\"},{\"@type\":\"ListItem\",\"position\":2,\"name\":\"Knowledge Base\",\"item\":\"https:\/\/www.cerakotesa.com\/knowledge-base\/\"},{\"@type\":\"ListItem\",\"position\":3,\"name\":\"How Much Coating Do I Need for My Project?\"}]},{\"@type\":\"WebSite\",\"@id\":\"https:\/\/www.cerakotesa.com\/#website\",\"url\":\"https:\/\/www.cerakotesa.com\/\",\"name\":\"Cerakote South Africa\",\"description\":\"Cerakote is a global leader in the manufacturing of thin-film protective ceramic coatings\",\"potentialAction\":[{\"@type\":\"SearchAction\",\"target\":{\"@type\":\"EntryPoint\",\"urlTemplate\":\"https:\/\/www.cerakotesa.com\/?s={search_term_string}\"},\"query-input\":{\"@type\":\"PropertyValueSpecification\",\"valueRequired\":true,\"valueName\":\"search_term_string\"}}],\"inLanguage\":\"fr-FR\"}]}<\/script>\n<!-- \/ Yoast SEO plugin. -->","yoast_head_json":{"title":"How Much Coating Do I Need for My Project? - Cerakote South Africa","robots":{"index":"index","follow":"follow","max-snippet":"max-snippet:-1","max-image-preview":"max-image-preview:large","max-video-preview":"max-video-preview:-1"},"canonical":"https:\/\/www.cerakotesa.com\/fr\/knowledge-base\/how-much-coating\/","og_locale":"fr_FR","og_type":"article","og_title":"How Much Coating Do I Need for My Project? - Cerakote South Africa","og_url":"https:\/\/www.cerakotesa.com\/fr\/knowledge-base\/how-much-coating\/","og_site_name":"Cerakote South Africa","twitter_card":"summary_large_image","twitter_misc":{"Dur\u00e9e de lecture estim\u00e9e":"1 minute"},"schema":{"@context":"https:\/\/schema.org","@graph":[{"@type":"WebPage","@id":"https:\/\/www.cerakotesa.com\/knowledge-base\/how-much-coating\/","url":"https:\/\/www.cerakotesa.com\/knowledge-base\/how-much-coating\/","name":"How Much Coating Do I Need for My Project? - Cerakote South Africa","isPartOf":{"@id":"https:\/\/www.cerakotesa.com\/#website"},"datePublished":"2022-08-11T15:13:49+00:00","breadcrumb":{"@id":"https:\/\/www.cerakotesa.com\/knowledge-base\/how-much-coating\/#breadcrumb"},"inLanguage":"fr-FR","potentialAction":[{"@type":"ReadAction","target":["https:\/\/www.cerakotesa.com\/knowledge-base\/how-much-coating\/"]}]},{"@type":"BreadcrumbList","@id":"https:\/\/www.cerakotesa.com\/knowledge-base\/how-much-coating\/#breadcrumb","itemListElement":[{"@type":"ListItem","position":1,"name":"Home","item":"https:\/\/www.cerakotesa.com\/"},{"@type":"ListItem","position":2,"name":"Knowledge Base","item":"https:\/\/www.cerakotesa.com\/knowledge-base\/"},{"@type":"ListItem","position":3,"name":"How Much Coating Do I Need for My Project?"}]},{"@type":"WebSite","@id":"https:\/\/www.cerakotesa.com\/#website","url":"https:\/\/www.cerakotesa.com\/","name":"Cerakote South Africa","description":"Cerakote est un leader mondial dans la fabrication de rev\u00eatements c\u00e9ramiques protecteurs en couches minces.","potentialAction":[{"@type":"SearchAction","target":{"@type":"EntryPoint","urlTemplate":"https:\/\/www.cerakotesa.com\/?s={search_term_string}"},"query-input":{"@type":"PropertyValueSpecification","valueRequired":true,"valueName":"search_term_string"}}],"inLanguage":"fr-FR"}]}},"acf":[],"_links":{"self":[{"href":"https:\/\/www.cerakotesa.com\/fr\/wp-json\/wp\/v2\/pages\/11181","targetHints":{"allow":["GET"]}}],"collection":[{"href":"https:\/\/www.cerakotesa.com\/fr\/wp-json\/wp\/v2\/pages"}],"about":[{"href":"https:\/\/www.cerakotesa.com\/fr\/wp-json\/wp\/v2\/types\/page"}],"author":[{"embeddable":true,"href":"https:\/\/www.cerakotesa.com\/fr\/wp-json\/wp\/v2\/users\/1"}],"replies":[{"embeddable":true,"href":"https:\/\/www.cerakotesa.com\/fr\/wp-json\/wp\/v2\/comments?post=11181"}],"version-history":[{"count":0,"href":"https:\/\/www.cerakotesa.com\/fr\/wp-json\/wp\/v2\/pages\/11181\/revisions"}],"up":[{"embeddable":true,"href":"https:\/\/www.cerakotesa.com\/fr\/wp-json\/wp\/v2\/pages\/3966"}],"wp:attachment":[{"href":"https:\/\/www.cerakotesa.com\/fr\/wp-json\/wp\/v2\/media?parent=11181"}],"curies":[{"name":"wp","href":"https:\/\/api.w.org\/{rel}","templated":true}]}}