{"id":11736,"date":"2022-10-18T11:22:50","date_gmt":"2022-10-18T10:22:50","guid":{"rendered":"https:\/\/www.cerakote.co.uk\/?page_id=11736"},"modified":"2023-12-20T17:52:50","modified_gmt":"2023-12-20T17:52:50","slug":"auto-home","status":"publish","type":"page","link":"https:\/\/www.cerakotesa.com\/fr\/auto-home\/","title":{"rendered":"Auto &amp; Home"},"content":{"rendered":"<div class=\"img has-hover x md-x lg-x y md-y lg-y\" id=\"image_99254314\">\n\t\t\t\t\t\t\t\t<div class=\"img-inner dark\" >\n\t\t\t<img loading=\"lazy\" decoding=\"async\" width=\"1800\" height=\"360\" src=\"https:\/\/www.cerakotesa.com\/wp-content\/uploads\/2023\/06\/unrivaled_banner_2500x.progressive.webp\" class=\"attachment-original size-original\" alt=\"\" srcset=\"https:\/\/www.cerakotesa.com\/wp-content\/uploads\/2023\/06\/unrivaled_banner_2500x.progressive.webp 1800w, https:\/\/www.cerakotesa.com\/wp-content\/uploads\/2023\/06\/unrivaled_banner_2500x.progressive-247x49.webp 247w, https:\/\/www.cerakotesa.com\/wp-content\/uploads\/2023\/06\/unrivaled_banner_2500x.progressive-510x102.webp 510w, https:\/\/www.cerakotesa.com\/wp-content\/uploads\/2023\/06\/unrivaled_banner_2500x.progressive-300x60.webp 300w, https:\/\/www.cerakotesa.com\/wp-content\/uploads\/2023\/06\/unrivaled_banner_2500x.progressive-1024x205.webp 1024w, https:\/\/www.cerakotesa.com\/wp-content\/uploads\/2023\/06\/unrivaled_banner_2500x.progressive-768x154.webp 768w, https:\/\/www.cerakotesa.com\/wp-content\/uploads\/2023\/06\/unrivaled_banner_2500x.progressive-1536x307.webp 1536w, https:\/\/www.cerakotesa.com\/wp-content\/uploads\/2023\/06\/unrivaled_banner_2500x.progressive-18x4.webp 18w\" sizes=\"auto, (max-width: 1800px) 100vw, 1800px\" \/>\t\t\t\t\t\t\n\t\t\t\t\t<\/div>\n\t\t\t\t\t\t\t\t\n<style>\n#image_99254314 {\n  width: 100%;\n}\n<\/style>\n\t<\/div>\n\t\n\n\n\t<section class=\"section\" id=\"section_1151792080\">\n\t\t<div class=\"section-bg fill\" >\n\t\t\t\t\t\t\t\t\t\n\t\t\t\n\n\t\t<\/div>\n\n\t\t\n\n\t\t<div class=\"section-content relative\">\n\t\t\t\n\n<div class=\"row\"  id=\"row-1592786846\">\n\n\n\t<div id=\"col-394958396\" class=\"col small-12 large-12\"  >\n\t\t\t\t<div class=\"col-inner\"  >\n\t\t\t\n\t\t\t\n\n\t<div id=\"text-216047618\" class=\"text\">\n\t\t\n\n<h1>AUTO &amp; HOME<\/h1>\n\t\t\n<style>\n#text-216047618 {\n  text-align: center;\n}\n<\/style>\n\t<\/div>\n\t\n\n\t\t<\/div>\n\t\t\t\t\t<\/div>\n\n\t\n\n<\/div>\n\n\t\t<\/div>\n\n\t\t\n<style>\n#section_1151792080 {\n  padding-top: 30px;\n  padding-bottom: 30px;\n}\n<\/style>\n\t<\/section>\n\t\n\n\t<section class=\"section\" id=\"section_1639446749\">\n\t\t<div class=\"section-bg fill\" >\n\t\t\t\t\t\t\t\t\t\n\t\t\t\n\n\t\t<\/div>\n\n\t\t\n\n\t\t<div class=\"section-content relative\">\n\t\t\t\n\n<div class=\"row\"  id=\"row-1033132221\">\n\n\n\t<div id=\"col-1474366333\" class=\"col medium-6 small-12 large-6\"  >\n\t\t\t\t<div class=\"col-inner text-center\"  >\n\t\t\t\n\t\t\t\n\n<h2>Couche de finition en c\u00e9ramique\u00a0\u00a0<\/h2>\n\t<div class=\"img has-hover x md-x lg-x y md-y lg-y\" id=\"image_184275664\">\n\t\t<a class=\"\" href=\"https:\/\/www.cerakotesa.com\/shop\/equipment\/diy-ceramic-trim-coat\/trim-coat-kit-1-vehicle-kit-r-gtkit1004\/\" >\t\t\t\t\t\t<div class=\"img-inner image-zoom-fade image-cover dark\" style=\"padding-top:100%;margin:0px 0px 0px 23px;\">\n\t\t\t<img loading=\"lazy\" decoding=\"async\" width=\"800\" height=\"800\" src=\"https:\/\/www.cerakotesa.com\/wp-content\/uploads\/2019\/12\/cerakote-trim-coat-kit-r-0gtkit1004-dt20220125184036588-thumbnail.jpeg\" class=\"attachment-original size-original\" alt=\"\" srcset=\"https:\/\/www.cerakotesa.com\/wp-content\/uploads\/2019\/12\/cerakote-trim-coat-kit-r-0gtkit1004-dt20220125184036588-thumbnail.jpeg 800w, https:\/\/www.cerakotesa.com\/wp-content\/uploads\/2019\/12\/cerakote-trim-coat-kit-r-0gtkit1004-dt20220125184036588-thumbnail-247x247.jpeg 247w, https:\/\/www.cerakotesa.com\/wp-content\/uploads\/2019\/12\/cerakote-trim-coat-kit-r-0gtkit1004-dt20220125184036588-thumbnail-100x100.jpeg 100w, https:\/\/www.cerakotesa.com\/wp-content\/uploads\/2019\/12\/cerakote-trim-coat-kit-r-0gtkit1004-dt20220125184036588-thumbnail-510x510.jpeg 510w, https:\/\/www.cerakotesa.com\/wp-content\/uploads\/2019\/12\/cerakote-trim-coat-kit-r-0gtkit1004-dt20220125184036588-thumbnail-300x300.jpeg 300w, https:\/\/www.cerakotesa.com\/wp-content\/uploads\/2019\/12\/cerakote-trim-coat-kit-r-0gtkit1004-dt20220125184036588-thumbnail-150x150.jpeg 150w, https:\/\/www.cerakotesa.com\/wp-content\/uploads\/2019\/12\/cerakote-trim-coat-kit-r-0gtkit1004-dt20220125184036588-thumbnail-768x768.jpeg 768w\" sizes=\"auto, (max-width: 800px) 100vw, 800px\" \/>\t\t\t\t\t\t\n\t\t\t\t\t<\/div>\n\t\t\t\t\t\t<\/a>\t\t\n<style>\n#image_184275664 {\n  width: 67%;\n}\n<\/style>\n\t<\/div>\n\t\n\n<p>Cerakote Trim Coat est un rev\u00eatement c\u00e9ramique durable qui adh\u00e8re aux pores des garnitures en plastique non peintes et leur redonne leur aspect d'origine.<\/p>\n\n\t\t<\/div>\n\t\t\t\t\t<\/div>\n\n\t\n\n\t<div id=\"col-1919291433\" class=\"col medium-6 small-12 large-6\"  >\n\t\t\t\t<div class=\"col-inner text-center\"  >\n\t\t\t\n\t\t\t\n\n<h2>Couche de verre c\u00e9ramique<\/h2>\n\t<div class=\"img has-hover x md-x lg-x y md-y lg-y\" id=\"image_2067388285\">\n\t\t<a class=\"\" href=\"https:\/\/www.cerakotesa.com\/shop\/equipment\/diy-glass-coat\/cerakote-glass-coat-windshield-kit-ah-cgckit01\/\" >\t\t\t\t\t\t<div class=\"img-inner image-zoom-fade image-cover dark\" style=\"padding-top:100%;\">\n\t\t\t<img loading=\"lazy\" decoding=\"async\" width=\"800\" height=\"800\" src=\"https:\/\/www.cerakotesa.com\/wp-content\/uploads\/2022\/03\/cerakote-glass-coat-windshield-kit-ah-cgckit01-dt20220318232744281613-thumbnail.jpeg\" class=\"attachment-original size-original\" alt=\"\" srcset=\"https:\/\/www.cerakotesa.com\/wp-content\/uploads\/2022\/03\/cerakote-glass-coat-windshield-kit-ah-cgckit01-dt20220318232744281613-thumbnail.jpeg 800w, https:\/\/www.cerakotesa.com\/wp-content\/uploads\/2022\/03\/cerakote-glass-coat-windshield-kit-ah-cgckit01-dt20220318232744281613-thumbnail-247x247.jpeg 247w, https:\/\/www.cerakotesa.com\/wp-content\/uploads\/2022\/03\/cerakote-glass-coat-windshield-kit-ah-cgckit01-dt20220318232744281613-thumbnail-100x100.jpeg 100w, https:\/\/www.cerakotesa.com\/wp-content\/uploads\/2022\/03\/cerakote-glass-coat-windshield-kit-ah-cgckit01-dt20220318232744281613-thumbnail-510x510.jpeg 510w, https:\/\/www.cerakotesa.com\/wp-content\/uploads\/2022\/03\/cerakote-glass-coat-windshield-kit-ah-cgckit01-dt20220318232744281613-thumbnail-300x300.jpeg 300w, https:\/\/www.cerakotesa.com\/wp-content\/uploads\/2022\/03\/cerakote-glass-coat-windshield-kit-ah-cgckit01-dt20220318232744281613-thumbnail-150x150.jpeg 150w, https:\/\/www.cerakotesa.com\/wp-content\/uploads\/2022\/03\/cerakote-glass-coat-windshield-kit-ah-cgckit01-dt20220318232744281613-thumbnail-768x768.jpeg 768w, https:\/\/www.cerakotesa.com\/wp-content\/uploads\/2022\/03\/cerakote-glass-coat-windshield-kit-ah-cgckit01-dt20220318232744281613-thumbnail-250x250.jpeg 250w\" sizes=\"auto, (max-width: 800px) 100vw, 800px\" \/>\t\t\t\t\t\t\n\t\t\t\t\t<\/div>\n\t\t\t\t\t\t<\/a>\t\t\n<style>\n#image_2067388285 {\n  width: 67%;\n}\n<\/style>\n\t<\/div>\n\t\n\n<p>Le kit pare-brise Cerakote Ceramic Glass Coat est un rev\u00eatement hydrofuge \u00e0 r\u00e9sistance maximale, facile \u00e0 appliquer et garanti pour durer !<\/p>\n\n\t\t<\/div>\n\t\t\t\t\t<\/div>\n\n\t\n\n<\/div>\n\n\t\t<\/div>\n\n\t\t\n<style>\n#section_1639446749 {\n  padding-top: 30px;\n  padding-bottom: 30px;\n}\n<\/style>\n\t<\/section>\n\t\n\n\t<section class=\"section\" id=\"section_108870729\">\n\t\t<div class=\"section-bg fill\" >\n\t\t\t\t\t\t\t\t\t\n\t\t\t\n\n\t\t<\/div>\n\n\t\t\n\n\t\t<div class=\"section-content relative\">\n\t\t\t\n\n<div class=\"row\"  id=\"row-1879468011\">\n\n\n\t<div id=\"col-1632588655\" class=\"col medium-6 small-12 large-6\"  >\n\t\t\t\t<div class=\"col-inner text-center\"  >\n\t\t\t\n\t\t\t\n\n<h2>Kit de restauration des phares en c\u00e9ramique<\/h2>\n\t<div class=\"img has-hover x md-x lg-x y md-y lg-y\" id=\"image_175379739\">\n\t\t<a class=\"\" href=\"https:\/\/www.cerakotesa.com\/shop\/equipment\/cerakote-ceramic-headlight-restoration-kit\/cerakote-ceramic-headlight-restoration-kit\/\" >\t\t\t\t\t\t<div class=\"img-inner image-zoom-fade image-cover dark\" style=\"padding-top:100%;margin:0px 0px 0px 23px;\">\n\t\t\t<img loading=\"lazy\" decoding=\"async\" width=\"800\" height=\"800\" src=\"https:\/\/www.cerakotesa.com\/wp-content\/uploads\/2020\/03\/cerakote-headlight-kit-ah-chlkit00-dt20220125210214403-thumbnail.jpeg\" class=\"attachment-original size-original\" alt=\"\" srcset=\"https:\/\/www.cerakotesa.com\/wp-content\/uploads\/2020\/03\/cerakote-headlight-kit-ah-chlkit00-dt20220125210214403-thumbnail.jpeg 800w, https:\/\/www.cerakotesa.com\/wp-content\/uploads\/2020\/03\/cerakote-headlight-kit-ah-chlkit00-dt20220125210214403-thumbnail-247x247.jpeg 247w, https:\/\/www.cerakotesa.com\/wp-content\/uploads\/2020\/03\/cerakote-headlight-kit-ah-chlkit00-dt20220125210214403-thumbnail-100x100.jpeg 100w, https:\/\/www.cerakotesa.com\/wp-content\/uploads\/2020\/03\/cerakote-headlight-kit-ah-chlkit00-dt20220125210214403-thumbnail-510x510.jpeg 510w, https:\/\/www.cerakotesa.com\/wp-content\/uploads\/2020\/03\/cerakote-headlight-kit-ah-chlkit00-dt20220125210214403-thumbnail-300x300.jpeg 300w, https:\/\/www.cerakotesa.com\/wp-content\/uploads\/2020\/03\/cerakote-headlight-kit-ah-chlkit00-dt20220125210214403-thumbnail-150x150.jpeg 150w, https:\/\/www.cerakotesa.com\/wp-content\/uploads\/2020\/03\/cerakote-headlight-kit-ah-chlkit00-dt20220125210214403-thumbnail-768x768.jpeg 768w\" sizes=\"auto, (max-width: 800px) 100vw, 800px\" \/>\t\t\t\t\t\t\n\t\t\t\t\t<\/div>\n\t\t\t\t\t\t<\/a>\t\t\n<style>\n#image_175379739 {\n  width: 67%;\n}\n<\/style>\n\t<\/div>\n\t\n\n<p>La restauration des phares Cerakote s'effectue en 3 \u00e9tapes rapides et faciles, sans aucun outil \u00e9lectrique.<\/p>\n\n\t\t<\/div>\n\t\t\t\t\t<\/div>\n\n\t\n\n\t<div id=\"col-705860191\" class=\"col medium-6 small-12 large-6\"  >\n\t\t\t\t<div class=\"col-inner text-center\"  >\n\t\t\t\n\t\t\t\n\n<h2>Rapid Ceramic Paint Sealant<\/h2>\n\t<div class=\"img has-hover x md-x lg-x y md-y lg-y\" id=\"image_1992140030\">\n\t\t<a class=\"\" href=\"https:\/\/www.cerakotesa.com\/shop\/equipment\/cerakote-rapid-ceramic-paint-sealant-ahw-104\/\" >\t\t\t\t\t\t<div class=\"img-inner image-zoom-fade image-cover dark\" style=\"padding-top:100%;\">\n\t\t\t<img loading=\"lazy\" decoding=\"async\" width=\"1500\" height=\"1500\" src=\"https:\/\/www.cerakotesa.com\/wp-content\/uploads\/2022\/10\/nic_paint-min.jpg\" class=\"attachment-original size-original\" alt=\"\" srcset=\"https:\/\/www.cerakotesa.com\/wp-content\/uploads\/2022\/10\/nic_paint-min.jpg 1500w, https:\/\/www.cerakotesa.com\/wp-content\/uploads\/2022\/10\/nic_paint-min-247x247.jpg 247w, https:\/\/www.cerakotesa.com\/wp-content\/uploads\/2022\/10\/nic_paint-min-100x100.jpg 100w, https:\/\/www.cerakotesa.com\/wp-content\/uploads\/2022\/10\/nic_paint-min-510x510.jpg 510w, https:\/\/www.cerakotesa.com\/wp-content\/uploads\/2022\/10\/nic_paint-min-300x300.jpg 300w, https:\/\/www.cerakotesa.com\/wp-content\/uploads\/2022\/10\/nic_paint-min-1024x1024.jpg 1024w, https:\/\/www.cerakotesa.com\/wp-content\/uploads\/2022\/10\/nic_paint-min-150x150.jpg 150w, https:\/\/www.cerakotesa.com\/wp-content\/uploads\/2022\/10\/nic_paint-min-768x768.jpg 768w, https:\/\/www.cerakotesa.com\/wp-content\/uploads\/2022\/10\/nic_paint-min-250x250.jpg 250w\" sizes=\"auto, (max-width: 1500px) 100vw, 1500px\" \/>\t\t\t\t\t\t\n\t\t\t\t\t<\/div>\n\t\t\t\t\t\t<\/a>\t\t\n<style>\n#image_1992140030 {\n  width: 67%;\n}\n<\/style>\n\t<\/div>\n\t\n\n<p>Il s'agit sans conteste du niveau de brillance et d'\u00e9clat le plus \u00e9lev\u00e9 que vous puissiez conna\u00eetre. Obtenez des r\u00e9sultats semblables \u00e0 ceux d'un miroir en une simple application, dans votre propre all\u00e9e.<\/p>\n\n\t\t<\/div>\n\t\t\t\t\t<\/div>\n\n\t\n\n<\/div>\n\n\t\t<\/div>\n\n\t\t\n<style>\n#section_108870729 {\n  padding-top: 30px;\n  padding-bottom: 30px;\n}\n<\/style>\n\t<\/section>\n\t\n\n\t<section class=\"section\" id=\"section_1373828422\">\n\t\t<div class=\"section-bg fill\" >\n\t\t\t\t\t\t\t\t\t<div class=\"section-bg-overlay absolute fill\"><\/div>\n\t\t\t\n\n\t\t<\/div>\n\n\t\t\n\n\t\t<div class=\"section-content relative\">\n\t\t\t\n\n<div class=\"row row-large align-middle\"  id=\"row-149922507\">\n\n\n\t<div id=\"col-562050828\" class=\"col medium-6 small-12 large-6\"  >\n\t\t\t\t<div class=\"col-inner\"  >\n\t\t\t\n\t\t\t\n\n\t<div class=\"img has-hover x md-x lg-x y md-y lg-y\" id=\"image_1123317577\">\n\t\t\t\t\t\t\t\t<div class=\"img-inner dark\" >\n\t\t\t<img loading=\"lazy\" decoding=\"async\" width=\"1000\" height=\"1000\" src=\"https:\/\/www.cerakotesa.com\/wp-content\/uploads\/2023\/06\/0S5A0806_L_1024x1024_360fdc4e-7f77-4f45-9470-1f4f21290b2e_1000x.webp\" class=\"attachment-original size-original\" alt=\"\" srcset=\"https:\/\/www.cerakotesa.com\/wp-content\/uploads\/2023\/06\/0S5A0806_L_1024x1024_360fdc4e-7f77-4f45-9470-1f4f21290b2e_1000x.webp 1000w, https:\/\/www.cerakotesa.com\/wp-content\/uploads\/2023\/06\/0S5A0806_L_1024x1024_360fdc4e-7f77-4f45-9470-1f4f21290b2e_1000x-247x247.webp 247w, https:\/\/www.cerakotesa.com\/wp-content\/uploads\/2023\/06\/0S5A0806_L_1024x1024_360fdc4e-7f77-4f45-9470-1f4f21290b2e_1000x-100x100.webp 100w, https:\/\/www.cerakotesa.com\/wp-content\/uploads\/2023\/06\/0S5A0806_L_1024x1024_360fdc4e-7f77-4f45-9470-1f4f21290b2e_1000x-510x510.webp 510w, https:\/\/www.cerakotesa.com\/wp-content\/uploads\/2023\/06\/0S5A0806_L_1024x1024_360fdc4e-7f77-4f45-9470-1f4f21290b2e_1000x-300x300.webp 300w, https:\/\/www.cerakotesa.com\/wp-content\/uploads\/2023\/06\/0S5A0806_L_1024x1024_360fdc4e-7f77-4f45-9470-1f4f21290b2e_1000x-150x150.webp 150w, https:\/\/www.cerakotesa.com\/wp-content\/uploads\/2023\/06\/0S5A0806_L_1024x1024_360fdc4e-7f77-4f45-9470-1f4f21290b2e_1000x-768x768.webp 768w, https:\/\/www.cerakotesa.com\/wp-content\/uploads\/2023\/06\/0S5A0806_L_1024x1024_360fdc4e-7f77-4f45-9470-1f4f21290b2e_1000x-12x12.webp 12w\" sizes=\"auto, (max-width: 1000px) 100vw, 1000px\" \/>\t\t\t\t\t\t\n\t\t\t\t\t<\/div>\n\t\t\t\t\t\t\t\t\n<style>\n#image_1123317577 {\n  width: 100%;\n}\n<\/style>\n\t<\/div>\n\t\n\n\n\t\t<\/div>\n\t\t\t\t\t<\/div>\n\n\t\n\n\t<div id=\"col-1529368623\" class=\"col medium-6 small-12 large-6\"  >\n\t\t\t\t<div class=\"col-inner text-left\"  >\n\t\t\t\n\t\t\t\n\n<h2>C'est un rev\u00eatement c\u00e9ramique<\/h2>\n<p>Vous vous trouvez dans l'usine de r\u00e9action ultramoderne de Cerakote, fi\u00e8rement situ\u00e9e dans le sud de l'Oregon et unique en son genre au monde. Dans cette installation, nos chimistes et ing\u00e9nieurs de classe mondiale d\u00e9veloppent et produisent le seul v\u00e9ritable rev\u00eatement c\u00e9ramique liquide pour garnitures. Le processus de r\u00e9action en plusieurs \u00e9tapes utilis\u00e9 pour produire le rev\u00eatement Cerakote Trim Coat est prot\u00e9g\u00e9 en tant que secret commercial f\u00e9d\u00e9ral am\u00e9ricain. C'est gr\u00e2ce \u00e0 ce processus de r\u00e9action brevet\u00e9 que nous sommes en mesure d'offrir une garantie sans pr\u00e9c\u00e9dent de 200 lavages. Cerakote Trim Coat est le fruit de deux d\u00e9cennies de d\u00e9veloppement et de production de rev\u00eatements c\u00e9ramiques en couches minces de haute performance, dans des secteurs aussi vari\u00e9s que l'automobile, les armes \u00e0 feu, l'\u00e9lectronique haut de gamme, les lunettes et bien d'autres encore. Les rev\u00eatements c\u00e9ramiques Cerakote sont utilis\u00e9s pour rev\u00eatir et prot\u00e9ger d'innombrables produits de consommation et professionnels dont vous d\u00e9pendez tous les jours.<\/p>\n\n\t\t<\/div>\n\t\t\t\t\t<\/div>\n\n\t\n\n<\/div>\n\n\t\t<\/div>\n\n\t\t\n<style>\n#section_1373828422 {\n  padding-top: 60px;\n  padding-bottom: 60px;\n  background-color: rgb(193, 193, 193);\n}\n#section_1373828422 .section-bg-overlay {\n  background-color: rgba(255, 255, 255, 0.85);\n}\n<\/style>\n\t<\/section>","protected":false},"excerpt":{"rendered":"","protected":false},"author":1,"featured_media":0,"parent":0,"menu_order":0,"comment_status":"closed","ping_status":"closed","template":"","meta":{"_acf_changed":false,"footnotes":""},"class_list":["post-11736","page","type-page","status-publish","hentry"],"yoast_head":"<!-- This site is optimized with the Yoast SEO plugin v26.7 - https:\/\/yoast.com\/wordpress\/plugins\/seo\/ -->\n<title>Auto &amp; Home - Cerakote South Africa<\/title>\n<meta name=\"robots\" content=\"index, follow, max-snippet:-1, max-image-preview:large, max-video-preview:-1\" \/>\n<link rel=\"canonical\" href=\"https:\/\/www.cerakotesa.com\/fr\/auto-home\/\" \/>\n<meta property=\"og:locale\" content=\"fr_FR\" \/>\n<meta property=\"og:type\" content=\"article\" \/>\n<meta property=\"og:title\" content=\"Auto &amp; Home - Cerakote South Africa\" \/>\n<meta property=\"og:url\" content=\"https:\/\/www.cerakotesa.com\/fr\/auto-home\/\" \/>\n<meta property=\"og:site_name\" content=\"Cerakote South Africa\" \/>\n<meta property=\"article:modified_time\" content=\"2023-12-20T17:52:50+00:00\" \/>\n<meta name=\"twitter:card\" content=\"summary_large_image\" \/>\n<script type=\"application\/ld+json\" class=\"yoast-schema-graph\">{\"@context\":\"https:\/\/schema.org\",\"@graph\":[{\"@type\":\"WebPage\",\"@id\":\"https:\/\/www.cerakotesa.com\/auto-home\/\",\"url\":\"https:\/\/www.cerakotesa.com\/auto-home\/\",\"name\":\"Auto & Home - Cerakote South Africa\",\"isPartOf\":{\"@id\":\"https:\/\/www.cerakotesa.com\/#website\"},\"datePublished\":\"2022-10-18T10:22:50+00:00\",\"dateModified\":\"2023-12-20T17:52:50+00:00\",\"breadcrumb\":{\"@id\":\"https:\/\/www.cerakotesa.com\/auto-home\/#breadcrumb\"},\"inLanguage\":\"fr-FR\",\"potentialAction\":[{\"@type\":\"ReadAction\",\"target\":[\"https:\/\/www.cerakotesa.com\/auto-home\/\"]}]},{\"@type\":\"BreadcrumbList\",\"@id\":\"https:\/\/www.cerakotesa.com\/auto-home\/#breadcrumb\",\"itemListElement\":[{\"@type\":\"ListItem\",\"position\":1,\"name\":\"Home\",\"item\":\"https:\/\/www.cerakotesa.com\/\"},{\"@type\":\"ListItem\",\"position\":2,\"name\":\"Auto &#038; Home\"}]},{\"@type\":\"WebSite\",\"@id\":\"https:\/\/www.cerakotesa.com\/#website\",\"url\":\"https:\/\/www.cerakotesa.com\/\",\"name\":\"Cerakote South Africa\",\"description\":\"Cerakote is a global leader in the manufacturing of thin-film protective ceramic coatings\",\"potentialAction\":[{\"@type\":\"SearchAction\",\"target\":{\"@type\":\"EntryPoint\",\"urlTemplate\":\"https:\/\/www.cerakotesa.com\/?s={search_term_string}\"},\"query-input\":{\"@type\":\"PropertyValueSpecification\",\"valueRequired\":true,\"valueName\":\"search_term_string\"}}],\"inLanguage\":\"fr-FR\"}]}<\/script>\n<!-- \/ Yoast SEO plugin. -->","yoast_head_json":{"title":"Auto & Home - Cerakote South Africa","robots":{"index":"index","follow":"follow","max-snippet":"max-snippet:-1","max-image-preview":"max-image-preview:large","max-video-preview":"max-video-preview:-1"},"canonical":"https:\/\/www.cerakotesa.com\/fr\/auto-home\/","og_locale":"fr_FR","og_type":"article","og_title":"Auto & Home - Cerakote South Africa","og_url":"https:\/\/www.cerakotesa.com\/fr\/auto-home\/","og_site_name":"Cerakote South Africa","article_modified_time":"2023-12-20T17:52:50+00:00","twitter_card":"summary_large_image","schema":{"@context":"https:\/\/schema.org","@graph":[{"@type":"WebPage","@id":"https:\/\/www.cerakotesa.com\/auto-home\/","url":"https:\/\/www.cerakotesa.com\/auto-home\/","name":"Auto & Home - Cerakote South Africa","isPartOf":{"@id":"https:\/\/www.cerakotesa.com\/#website"},"datePublished":"2022-10-18T10:22:50+00:00","dateModified":"2023-12-20T17:52:50+00:00","breadcrumb":{"@id":"https:\/\/www.cerakotesa.com\/auto-home\/#breadcrumb"},"inLanguage":"fr-FR","potentialAction":[{"@type":"ReadAction","target":["https:\/\/www.cerakotesa.com\/auto-home\/"]}]},{"@type":"BreadcrumbList","@id":"https:\/\/www.cerakotesa.com\/auto-home\/#breadcrumb","itemListElement":[{"@type":"ListItem","position":1,"name":"Home","item":"https:\/\/www.cerakotesa.com\/"},{"@type":"ListItem","position":2,"name":"Auto &#038; Home"}]},{"@type":"WebSite","@id":"https:\/\/www.cerakotesa.com\/#website","url":"https:\/\/www.cerakotesa.com\/","name":"Cerakote South Africa","description":"Cerakote est un leader mondial dans la fabrication de rev\u00eatements c\u00e9ramiques protecteurs en couches minces.","potentialAction":[{"@type":"SearchAction","target":{"@type":"EntryPoint","urlTemplate":"https:\/\/www.cerakotesa.com\/?s={search_term_string}"},"query-input":{"@type":"PropertyValueSpecification","valueRequired":true,"valueName":"search_term_string"}}],"inLanguage":"fr-FR"}]}},"acf":[],"_links":{"self":[{"href":"https:\/\/www.cerakotesa.com\/fr\/wp-json\/wp\/v2\/pages\/11736","targetHints":{"allow":["GET"]}}],"collection":[{"href":"https:\/\/www.cerakotesa.com\/fr\/wp-json\/wp\/v2\/pages"}],"about":[{"href":"https:\/\/www.cerakotesa.com\/fr\/wp-json\/wp\/v2\/types\/page"}],"author":[{"embeddable":true,"href":"https:\/\/www.cerakotesa.com\/fr\/wp-json\/wp\/v2\/users\/1"}],"replies":[{"embeddable":true,"href":"https:\/\/www.cerakotesa.com\/fr\/wp-json\/wp\/v2\/comments?post=11736"}],"version-history":[{"count":0,"href":"https:\/\/www.cerakotesa.com\/fr\/wp-json\/wp\/v2\/pages\/11736\/revisions"}],"wp:attachment":[{"href":"https:\/\/www.cerakotesa.com\/fr\/wp-json\/wp\/v2\/media?parent=11736"}],"curies":[{"name":"wp","href":"https:\/\/api.w.org\/{rel}","templated":true}]}}