{"id":161,"date":"2019-11-02T14:35:44","date_gmt":"2019-11-02T14:35:44","guid":{"rendered":"https:\/\/www.cerakote.co.uk\/?page_id=161"},"modified":"2025-03-19T16:00:27","modified_gmt":"2025-03-19T16:00:27","slug":"policies","status":"publish","type":"page","link":"https:\/\/www.cerakotesa.com\/fr\/policies\/","title":{"rendered":"Politiques"},"content":{"rendered":"<div class=\"row\"  id=\"row-1539168478\">\n\n\n\t<div id=\"col-951586310\" class=\"col small-12 large-12\"  >\n\t\t\t\t<div class=\"col-inner\"  >\n\t\t\t\n\t\t\t\n\n<h3>\u00a0<\/h3>\n<h3>POLITIQUES<\/h3>\n<p>\u00a0<\/p>\n<h3>PROGRAMME D'ASSURANCE QUALIT\u00c9<\/h3>\n<p>Nous nous engageons \u00e0 fournir des rev\u00eatements de la plus haute qualit\u00e9 possible. De l'approvisionnement en mati\u00e8res premi\u00e8res \u00e0 la fabrication et \u00e0 l'emballage, chaque \u00e9tape est test\u00e9e et certifi\u00e9e par rapport \u00e0 certaines des normes de qualit\u00e9 les plus \u00e9lev\u00e9es accept\u00e9es par l'industrie, y compris ASTM et MIL Spec. Des \u00e9chantillons de lots de mati\u00e8res premi\u00e8res et de produits finis sont test\u00e9s, certifi\u00e9s et conserv\u00e9s pour d'autres tests et certifications afin de garantir une performance optimale du produit.<\/p>\n<h3 style=\"font-weight: 400;\"><strong>CERAKOTE\u00ae CONDITIONS D'EXP\u00c9DITION ET DE LIVRAISON<\/strong><\/h3>\n<p style=\"font-weight: 400;\"><span data-ogsc=\"rgb(34, 34, 34)\">Cerakote propose les options d'exp\u00e9dition les plus rapides et les plus abordables qui soient. Cerakote s'efforce d'exp\u00e9dier toutes les commandes d'articles en stock dans les 48 heures suivant le traitement de la commande. Les commandes ne sont pas trait\u00e9es pendant les week-ends et les jours f\u00e9ri\u00e9s. Une notification par e-mail et les d\u00e9tails de suivi seront envoy\u00e9s lorsque la commande sera exp\u00e9di\u00e9e. Les commandes contenant des articles en rupture de stock sont g\u00e9n\u00e9ralement trait\u00e9es dans un d\u00e9lai de 2 \u00e0 7 jours ouvrables. Les commandes internationales contenant un article en rupture de stock seront mises en attente jusqu'\u00e0 ce que l'envoi complet puisse \u00eatre effectu\u00e9. Cerakote utilise UPS et FedEx pour exp\u00e9dier les commandes nationales et internationales. Les tarifs d'exp\u00e9dition nationaux et internationaux peuvent \u00eatre consult\u00e9s sur l'\u00e9cran de paiement avant de terminer le processus de commande. L'option de livraison express est un service de 1 \u00e0 3 jours ouvrables. L'option de livraison \u00e9conomique est un service de 5 \u00e0 7 jours ouvrables. Cerakote Europe Ltd n'est pas responsable des retards d'exp\u00e9dition. Pour les envois internationaux, le destinataire est responsable de toutes les taxes d'importation et de tous les droits. Cerakote Europe Ltd n'a aucun contr\u00f4le sur ces frais. Pour plus d'informations, veuillez contacter un repr\u00e9sentant de Cerakote au 01284 599003.<\/span><\/p>\n<h3>GARANTIE<\/h3>\n<p>NIC Industries, Inc. ne garantit pas l'utilisation ou l'application des mat\u00e9riaux qu'elle fabrique ou fournit. Notre seule obligation sera de remplacer tout mat\u00e9riel d\u00e9fectueux fourni par nous ou de rembourser le prix d'achat initial du produit apr\u00e8s que nous ayons d\u00e9termin\u00e9 qu'il est d\u00e9fectueux. Nous n'assumons aucune responsabilit\u00e9 pour les dommages de quelque nature que ce soit et l'utilisateur accepte le produit \"en l'\u00e9tat\" et sans aucune garantie, expresse ou implicite. L'ad\u00e9quation du produit ou de l'utilisation pr\u00e9vue rel\u00e8ve de la seule responsabilit\u00e9 de l'utilisateur.<\/p>\n<p>Toutes les informations fournies sont cens\u00e9es \u00eatre correctes, au mieux de nos connaissances et de nos tests. Nous vous recommandons de proc\u00e9der \u00e0 des essais ad\u00e9quats dans votre laboratoire ou votre usine afin de d\u00e9terminer si ce produit r\u00e9pond \u00e0 vos exigences.<\/p>\n<h3>RETOURS<\/h3>\n<p>Les retours doivent \u00eatre effectu\u00e9s dans les trente (30) jours suivant la date de facturation. Les frais de port doivent \u00eatre pr\u00e9pay\u00e9s avant le retour. Des frais de retour \/ de restockage de 20% du co\u00fbt des mat\u00e9riaux d'origine seront factur\u00e9s. En raison de la composition chimique de nos rev\u00eatements des s\u00e9ries C, MC, V et P et des obligations strictes en mati\u00e8re d'exp\u00e9dition li\u00e9es \u00e0 la manipulation de mati\u00e8res dangereuses, nous ne pouvons accepter aucun retour sur les rev\u00eatements des s\u00e9ries C, MC, V ou P. Avant de refuser ou de renvoyer un produit, il convient d'en informer l'autorit\u00e9 comp\u00e9tente. Avant de refuser ou de retourner un produit, veuillez appeler le service client\u00e8le au 01284 599003 et prendre des dispositions pr\u00e9alables. Un num\u00e9ro d'autorisation doit \u00eatre d\u00e9livr\u00e9 afin de recevoir toute forme de compensation pour le retour.<\/p>\n<h3>INFORMATIONS SUR LES COULEURS<\/h3>\n<p>Nous nous sommes efforc\u00e9s d'afficher aussi pr\u00e9cis\u00e9ment que possible les couleurs de nos produits qui apparaissent sur le site. Toutefois, comme les couleurs r\u00e9elles que vous voyez d\u00e9pendent de votre \u00e9cran, nous ne pouvons pas garantir que l'affichage d'une couleur par votre \u00e9cran sera exact.<\/p>\n<h3>D\u00c9CLARATION DE CONFIDENTIALIT\u00c9<\/h3>\n<p>Notre engagement en mati\u00e8re de protection de la vie priv\u00e9e :<\/p>\n<p>Nous accordons une grande importance \u00e0 la protection de votre vie priv\u00e9e. Pour mieux prot\u00e9ger votre vie priv\u00e9e, nous vous pr\u00e9sentons cet avis qui explique nos pratiques en mati\u00e8re d'information en ligne et les choix que vous pouvez faire concernant la mani\u00e8re dont vos informations sont collect\u00e9es et utilis\u00e9es.<\/p>\n<h3>Les informations que nous recueillons :<\/h3>\n<p>Le pr\u00e9sent avis s'applique \u00e0 toutes les informations collect\u00e9es ou soumises sur le site web de Cerakote UK. Sur certaines pages, vous pouvez commander des produits, faire des demandes et vous inscrire pour recevoir des documents. Les types d'informations personnelles collect\u00e9es sur ces pages sont les suivants :<\/p>\n<p>Nom<\/p>\n<p>Adresse<\/p>\n<p>Adresse \u00e9lectronique<\/p>\n<p>Num\u00e9ro de t\u00e9l\u00e9phone<\/p>\n<h3>Informations sur la carte de cr\u00e9dit\/d\u00e9bit<\/h3>\n<p>Sur certaines pages, vous pouvez fournir des informations sur d'autres personnes. Par exemple, si vous commandez un produit en ligne et que vous souhaitez qu'il soit envoy\u00e9 \u00e0 une autre entreprise, vous devrez indiquer l'adresse du destinataire. Dans ce cas, les types d'informations personnelles collect\u00e9es sont les suivants :<\/p>\n<p>Nom<\/p>\n<p>Adresse<\/p>\n<p>Num\u00e9ro de t\u00e9l\u00e9phone<\/p>\n<h3>La mani\u00e8re dont nous utilisons les informations :<\/h3>\n<p>Nous utilisons les informations que vous fournissez sur vous-m\u00eame lorsque vous passez une commande uniquement pour ex\u00e9cuter cette commande. Nous ne partageons pas ces informations avec des tiers, sauf dans la mesure n\u00e9cessaire \u00e0 l'ex\u00e9cution de la commande.<\/p>\n<p>Nous utilisons les informations que vous fournissez sur quelqu'un d'autre lorsque vous passez une commande uniquement pour exp\u00e9dier le produit et confirmer la livraison. Nous ne partageons pas ces informations avec des tiers, sauf dans la mesure n\u00e9cessaire \u00e0 l'ex\u00e9cution de la commande.<\/p>\n<p>Vous pouvez vous inscrire sur notre site web si vous souhaitez recevoir notre lettre d'information ainsi que des mises \u00e0 jour sur nos nouveaux produits et services. Les informations que vous soumettez sur notre site web peuvent \u00eatre utilis\u00e9es pour vous informer de temps \u00e0 autre sur nos nouveaux produits et services.<\/p>\n<p>Nous utilisons des informations non identifiantes et globales pour mieux concevoir notre site web et pour les partager avec les annonceurs. Par exemple, nous pouvons dire \u00e0 un annonceur que X personnes ont visit\u00e9 une certaine partie de notre site web, ou que Y hommes et Z femmes ont rempli notre formulaire d'inscription, mais nous ne divulguerons rien qui puisse \u00eatre utilis\u00e9 pour identifier ces personnes.<\/p>\n<p>Enfin, nous n'utilisons ni ne partageons jamais les informations personnelles identifiables qui nous sont fournies en ligne d'une mani\u00e8re autre que celles d\u00e9crites ci-dessus sans vous donner la possibilit\u00e9 de refuser ou d'interdire d'une autre mani\u00e8re ces utilisations non li\u00e9es.<\/p>\n<p>Nous traitons \u00e9galement des donn\u00e9es par l'interm\u00e9diaire de plateformes tierces de marketing et de gestion des relations avec la client\u00e8le appel\u00e9es ActiveCampaign et Mailchimp.<\/p>\n<h3>Notre engagement en mati\u00e8re de s\u00e9curit\u00e9 des donn\u00e9es :<\/h3>\n<p>Afin d'emp\u00eacher tout acc\u00e8s non autoris\u00e9, de pr\u00e9server l'exactitude des donn\u00e9es et de garantir l'utilisation correcte des informations, nous avons mis en place des proc\u00e9dures physiques, \u00e9lectroniques et de gestion appropri\u00e9es pour sauvegarder et s\u00e9curiser les informations que nous recueillons en ligne.<\/p>\n<h3>Comment nous contacter :<\/h3>\n<p>Si vous avez d'autres questions ou pr\u00e9occupations concernant ces politiques de confidentialit\u00e9, veuillez nous appeler au 01284 599003 ou nous envoyer un courriel \u00e0 enquiries@cerakoteeu.com.<\/p>\n\n\t\t<\/div>\n\t\t\t\t\t<\/div>\n\n\t\n\n<\/div>","protected":false},"excerpt":{"rendered":"","protected":false},"author":1,"featured_media":0,"parent":0,"menu_order":0,"comment_status":"closed","ping_status":"closed","template":"page-blank.php","meta":{"_acf_changed":false,"footnotes":""},"class_list":["post-161","page","type-page","status-publish","hentry"],"yoast_head":"<!-- This site is optimized with the Yoast SEO plugin v26.7 - https:\/\/yoast.com\/wordpress\/plugins\/seo\/ -->\n<title>Policies - Cerakote South Africa<\/title>\n<meta name=\"robots\" content=\"index, follow, max-snippet:-1, max-image-preview:large, max-video-preview:-1\" \/>\n<link rel=\"canonical\" href=\"https:\/\/www.cerakotesa.com\/fr\/policies\/\" \/>\n<meta property=\"og:locale\" content=\"fr_FR\" \/>\n<meta property=\"og:type\" content=\"article\" \/>\n<meta property=\"og:title\" content=\"Policies - Cerakote South Africa\" \/>\n<meta property=\"og:url\" content=\"https:\/\/www.cerakotesa.com\/fr\/policies\/\" \/>\n<meta property=\"og:site_name\" content=\"Cerakote South Africa\" \/>\n<meta property=\"article:modified_time\" content=\"2025-03-19T16:00:27+00:00\" \/>\n<meta name=\"twitter:card\" content=\"summary_large_image\" \/>\n<meta name=\"twitter:label1\" content=\"Dur\u00e9e de lecture estim\u00e9e\" \/>\n\t<meta name=\"twitter:data1\" content=\"5 minutes\" \/>\n<script type=\"application\/ld+json\" class=\"yoast-schema-graph\">{\"@context\":\"https:\/\/schema.org\",\"@graph\":[{\"@type\":\"WebPage\",\"@id\":\"https:\/\/www.cerakotesa.com\/policies\/\",\"url\":\"https:\/\/www.cerakotesa.com\/policies\/\",\"name\":\"Policies - Cerakote South Africa\",\"isPartOf\":{\"@id\":\"https:\/\/www.cerakotesa.com\/#website\"},\"datePublished\":\"2019-11-02T14:35:44+00:00\",\"dateModified\":\"2025-03-19T16:00:27+00:00\",\"breadcrumb\":{\"@id\":\"https:\/\/www.cerakotesa.com\/policies\/#breadcrumb\"},\"inLanguage\":\"fr-FR\",\"potentialAction\":[{\"@type\":\"ReadAction\",\"target\":[\"https:\/\/www.cerakotesa.com\/policies\/\"]}]},{\"@type\":\"BreadcrumbList\",\"@id\":\"https:\/\/www.cerakotesa.com\/policies\/#breadcrumb\",\"itemListElement\":[{\"@type\":\"ListItem\",\"position\":1,\"name\":\"Home\",\"item\":\"https:\/\/www.cerakotesa.com\/\"},{\"@type\":\"ListItem\",\"position\":2,\"name\":\"Policies\"}]},{\"@type\":\"WebSite\",\"@id\":\"https:\/\/www.cerakotesa.com\/#website\",\"url\":\"https:\/\/www.cerakotesa.com\/\",\"name\":\"Cerakote South Africa\",\"description\":\"Cerakote is a global leader in the manufacturing of thin-film protective ceramic coatings\",\"potentialAction\":[{\"@type\":\"SearchAction\",\"target\":{\"@type\":\"EntryPoint\",\"urlTemplate\":\"https:\/\/www.cerakotesa.com\/?s={search_term_string}\"},\"query-input\":{\"@type\":\"PropertyValueSpecification\",\"valueRequired\":true,\"valueName\":\"search_term_string\"}}],\"inLanguage\":\"fr-FR\"}]}<\/script>\n<!-- \/ Yoast SEO plugin. -->","yoast_head_json":{"title":"Policies - Cerakote South Africa","robots":{"index":"index","follow":"follow","max-snippet":"max-snippet:-1","max-image-preview":"max-image-preview:large","max-video-preview":"max-video-preview:-1"},"canonical":"https:\/\/www.cerakotesa.com\/fr\/policies\/","og_locale":"fr_FR","og_type":"article","og_title":"Policies - Cerakote South Africa","og_url":"https:\/\/www.cerakotesa.com\/fr\/policies\/","og_site_name":"Cerakote South Africa","article_modified_time":"2025-03-19T16:00:27+00:00","twitter_card":"summary_large_image","twitter_misc":{"Dur\u00e9e de lecture estim\u00e9e":"5 minutes"},"schema":{"@context":"https:\/\/schema.org","@graph":[{"@type":"WebPage","@id":"https:\/\/www.cerakotesa.com\/policies\/","url":"https:\/\/www.cerakotesa.com\/policies\/","name":"Policies - Cerakote South Africa","isPartOf":{"@id":"https:\/\/www.cerakotesa.com\/#website"},"datePublished":"2019-11-02T14:35:44+00:00","dateModified":"2025-03-19T16:00:27+00:00","breadcrumb":{"@id":"https:\/\/www.cerakotesa.com\/policies\/#breadcrumb"},"inLanguage":"fr-FR","potentialAction":[{"@type":"ReadAction","target":["https:\/\/www.cerakotesa.com\/policies\/"]}]},{"@type":"BreadcrumbList","@id":"https:\/\/www.cerakotesa.com\/policies\/#breadcrumb","itemListElement":[{"@type":"ListItem","position":1,"name":"Home","item":"https:\/\/www.cerakotesa.com\/"},{"@type":"ListItem","position":2,"name":"Policies"}]},{"@type":"WebSite","@id":"https:\/\/www.cerakotesa.com\/#website","url":"https:\/\/www.cerakotesa.com\/","name":"Cerakote South Africa","description":"Cerakote est un leader mondial dans la fabrication de rev\u00eatements c\u00e9ramiques protecteurs en couches minces.","potentialAction":[{"@type":"SearchAction","target":{"@type":"EntryPoint","urlTemplate":"https:\/\/www.cerakotesa.com\/?s={search_term_string}"},"query-input":{"@type":"PropertyValueSpecification","valueRequired":true,"valueName":"search_term_string"}}],"inLanguage":"fr-FR"}]}},"acf":[],"_links":{"self":[{"href":"https:\/\/www.cerakotesa.com\/fr\/wp-json\/wp\/v2\/pages\/161","targetHints":{"allow":["GET"]}}],"collection":[{"href":"https:\/\/www.cerakotesa.com\/fr\/wp-json\/wp\/v2\/pages"}],"about":[{"href":"https:\/\/www.cerakotesa.com\/fr\/wp-json\/wp\/v2\/types\/page"}],"author":[{"embeddable":true,"href":"https:\/\/www.cerakotesa.com\/fr\/wp-json\/wp\/v2\/users\/1"}],"replies":[{"embeddable":true,"href":"https:\/\/www.cerakotesa.com\/fr\/wp-json\/wp\/v2\/comments?post=161"}],"version-history":[{"count":0,"href":"https:\/\/www.cerakotesa.com\/fr\/wp-json\/wp\/v2\/pages\/161\/revisions"}],"wp:attachment":[{"href":"https:\/\/www.cerakotesa.com\/fr\/wp-json\/wp\/v2\/media?parent=161"}],"curies":[{"name":"wp","href":"https:\/\/api.w.org\/{rel}","templated":true}]}}