{"id":16258,"date":"2024-01-02T14:53:29","date_gmt":"2024-01-02T14:53:29","guid":{"rendered":"https:\/\/www.cerakotesa.com\/?page_id=16258"},"modified":"2024-01-02T14:54:51","modified_gmt":"2024-01-02T14:54:51","slug":"what-is-cerakote","status":"publish","type":"page","link":"https:\/\/www.cerakotesa.com\/fr\/what-is-cerakote\/","title":{"rendered":"Qu'est-ce que le Cerakote ?"},"content":{"rendered":"<section class=\"section dark\" id=\"section_1509602534\">\n\t\t<div class=\"section-bg fill\" >\n\t\t\t<img loading=\"lazy\" decoding=\"async\" width=\"1000\" height=\"1000\" src=\"https:\/\/www.cerakotesa.com\/wp-content\/uploads\/2023\/06\/0S5A0806_L_1024x1024_360fdc4e-7f77-4f45-9470-1f4f21290b2e_1000x.webp\" class=\"bg attachment- size-\" alt=\"\" \/>\t\t\t\t\t\t<div class=\"section-bg-overlay absolute fill\"><\/div>\n\t\t\t\n\n\t\t<\/div>\n\n\t\t\n\n\t\t<div class=\"section-content relative\">\n\t\t\t\n\n<div class=\"row\"  id=\"row-2094081679\">\n\n\n\t<div id=\"col-2125720614\" class=\"col medium-7 small-9 large-5\"  >\n\t\t\t\t<div class=\"col-inner\"  >\n\t\t\t\n\t\t\t\n\n\t<div id=\"text-2277375518\" class=\"text\">\n\t\t\n\n<h1>Qu'est-ce que le Cerakote ?<\/h1>\n\t\t\n<style>\n#text-2277375518 {\n  font-size: 0.75rem;\n}\n<\/style>\n\t<\/div>\n\t\n\n\t\t<\/div>\n\t\t\t\t\t<\/div>\n\n\t\n\n<\/div>\n\n\t\t<\/div>\n\n\t\t\n<style>\n#section_1509602534 {\n  padding-top: 100px;\n  padding-bottom: 100px;\n}\n#section_1509602534 .section-bg-overlay {\n  background-color: rgba(0, 0, 0, 0.13);\n}\n@media (min-width:550px) {\n  #section_1509602534 {\n    padding-top: 140px;\n    padding-bottom: 140px;\n  }\n}\n@media (min-width:850px) {\n  #section_1509602534 {\n    padding-top: 180px;\n    padding-bottom: 180px;\n  }\n}\n<\/style>\n\t<\/section>\n\t\n\n\t<section class=\"section\" id=\"section_263360025\">\n\t\t<div class=\"section-bg fill\" >\n\t\t\t\t\t\t\t\t\t\n\t\t\t\n\n\t\t<\/div>\n\n\t\t\n\n\t\t<div class=\"section-content relative\">\n\t\t\t\n\n<div class=\"row row-solid\"  id=\"row-421579098\">\n\n\n\t<div id=\"col-1178678718\" class=\"col medium-4 small-12 large-4\"  >\n\t\t\t\t<div class=\"col-inner text-center\"  >\n\t\t\t\n\t\t\t\n\n<a href=\"#introduction\" class=\"button primary is-link\" >\n\t\t<span>L'histoire<\/span>\n\t<\/a>\n\n\n\n\t\t<\/div>\n\t\t\t\t\t<\/div>\n\n\t\n\n\t<div id=\"col-1989476695\" class=\"col medium-4 small-12 large-4\"  >\n\t\t\t\t<div class=\"col-inner text-center\"  >\n\t\t\t\n\t\t\t\n\n<a href=\"#experiences\" class=\"button primary is-link\" >\n\t\t<span>Valeurs fondamentales<\/span>\n\t<\/a>\n\n\n\n\t\t<\/div>\n\t\t\t\t\t<\/div>\n\n\t\n\n\t<div id=\"col-1217578\" class=\"col medium-4 small-12 large-4\"  >\n\t\t\t\t<div class=\"col-inner text-center\"  >\n\t\t\t\n\t\t\t\n\n<a href=\"#services\" class=\"button primary is-link\" >\n\t\t<span>Installation et emplacement<\/span>\n\t<\/a>\n\n\n\n\t\t<\/div>\n\t\t\t\t\t<\/div>\n\n\t\n\n\n<style>\n#row-421579098 > .col > .col-inner {\n  padding: 10px 0px 0px 0px;\n}\n<\/style>\n<\/div>\n\n\t\t<\/div>\n\n\t\t\n<style>\n#section_263360025 {\n  padding-top: 30px;\n  padding-bottom: 30px;\n}\n<\/style>\n\t<\/section>\n\t\n\n\t<section class=\"section\" id=\"section_2071335895\">\n\t\t<div class=\"section-bg fill\" >\n\t\t\t\t\t\t\t\t\t\n\t\t\t\n\n\t\t<\/div>\n\n\t\t\n\n\t\t<div class=\"section-content relative\">\n\t\t\t\n\n<h2>Rev\u00eatements c\u00e9ramiques \u00e0 couche mince in\u00e9gal\u00e9s<\/h2>\n<p>Cerakote est le premier fabricant mondial de technologies et de rev\u00eatements c\u00e9ramiques en couche mince. Nos rev\u00eatements de pointe sont utilis\u00e9s dans des secteurs allant de l'automobile \u00e0 l'a\u00e9rospatiale et de la consommation \u00e0 la d\u00e9fense. Voir les applications des rev\u00eatements Cerakote <a href=\"https:\/\/www.cerakotesa.com\/cerakote-industries\/\">ici<\/a><\/p>\n<p>Gr\u00e2ce \u00e0 notre <a href=\"https:\/\/www.cerakotesa.com\/shop\/\">Rev\u00eatements Cerakote<\/a> ou <a href=\"https:\/\/www.cerakotesa.com\/auto-home\/\">Auto &amp; Home<\/a> Applications nous fournissons les meilleurs rev\u00eatements de protection pour une large gamme d'applications<\/p>\n<p>Voyez comment Cerakote se compare \u00e0 la concurrence, <a href=\"https:\/\/www.cerakotesa.com\/cerakote-vs-other-coatings\/\">Cerakote Vs<\/a> et consultez notre <a href=\"https:\/\/www.cerakotesa.com\/product-testing\/\">essais de produits<\/a> pour en savoir plus<\/p>\n\n\t\t<\/div>\n\n\t\t\n<style>\n#section_2071335895 {\n  padding-top: 30px;\n  padding-bottom: 30px;\n}\n<\/style>\n\t<\/section>\n\t\n<span class=\"scroll-to\" data-label=\"Scroll to: #introduction\" data-bullet=\"false\" data-link=\"#introduction\" data-title=\"introduction\"><a name=\"introduction\"><\/a><\/span>\n\n\n\t<section class=\"section\" id=\"section_851813111\">\n\t\t<div class=\"section-bg fill\" >\n\t\t\t\t\t\t\t\t\t\n\t\t\t\n\n\t\t<\/div>\n\n\t\t\n\n\t\t<div class=\"section-content relative\">\n\t\t\t\n\n<div class=\"row\"  id=\"row-1056520827\">\n\n\n\t<div id=\"col-1285472723\" class=\"col small-12 large-12\"  >\n\t\t\t\t<div class=\"col-inner\"  >\n\t\t\t\n\t\t\t\n\n<div class=\"is-divider divider clearfix\" style=\"max-width:50px;height:2px;background-color:rgb(111, 166, 212);\"><\/div>\n\n<h2><span style=\"font-size: 150%;\">L'histoire<\/span><\/h2>\n\n\t\t<\/div>\n\t\t\t\t\t<\/div>\n\n\t\n\n<\/div>\n<div class=\"row\"  id=\"row-382077941\">\n\n\n\t<div id=\"col-708114518\" class=\"col small-12 large-12\"  >\n\t\t\t\t<div class=\"col-inner\"  >\n\t\t\t\n\t\t\t\n\n<p>Fond\u00e9e il y a plus de 35 ans, la soci\u00e9t\u00e9 NIC Industries Inc. avait pour objectif de fabriquer des produits de rev\u00eatement qui auraient un v\u00e9ritable impact mondial. Aujourd'hui, NIC fabrique des rev\u00eatements de pointe qui sont distribu\u00e9s et vendus dans pr\u00e8s de 90 pays \u00e0 travers le monde.\u00a0<span data-v-b7f2f6d4=\"\">CERAKOTE<sup>\u00ae<\/sup><\/span>POUDRES PRISMATIQUES<sup data-v-b7f2f6d4=\"\">\u00ae<\/sup>Les activit\u00e9s de NIC, qui se compose de deux divisions distinctes, la Division des peintures et rev\u00eatements, et la Division des mat\u00e9riaux de performance, font partie des 25 plus grands fabricants de peintures et de rev\u00eatements des \u00c9tats-Unis. La client\u00e8le de NIC est aussi vaste que son impact g\u00e9ographique, avec des applications dans les domaines de la technologie, de l'a\u00e9rospatiale, des articles de sport et de l'industrie automobile.<\/p>\n<h2 id=\"mission\" data-v-b7f2f6d4=\"\">MISSION<\/h2>\n<p data-v-b7f2f6d4=\"\">Une qu\u00eate incessante pour fournir des technologies de rev\u00eatement \u00e0 la pointe du march\u00e9 avec une passion in\u00e9branlable pour ne jamais se contenter.<\/p>\n\n\t\t<\/div>\n\t\t\t\t\t<\/div>\n\n\t\n\n<\/div>\n\t<div id=\"gap-25125859\" class=\"gap-element clearfix\" style=\"display:block; height:auto;\">\n\t\t\n<style>\n#gap-25125859 {\n  padding-top: 40px;\n}\n<\/style>\n\t<\/div>\n\t\n\n\n\t\t<\/div>\n\n\t\t\n<style>\n#section_851813111 {\n  padding-top: 30px;\n  padding-bottom: 30px;\n}\n<\/style>\n\t<\/section>\n\t\n\n\t<section class=\"section\" id=\"section_1944837223\">\n\t\t<div class=\"section-bg fill\" >\n\t\t\t\t\t\t\t\t\t\n\t\t\t\n\n\t\t<\/div>\n\n\t\t\n\n\t\t<div class=\"section-content relative\">\n\t\t\t\n\n<div class=\"row\"  id=\"row-1664737397\">\n\n\n\t<div id=\"col-873502858\" class=\"col small-12 large-12\"  >\n\t\t\t\t<div class=\"col-inner\"  >\n\t\t\t\n\t\t\t\n\n\n\t\t<\/div>\n\t\t\t\t\n<style>\n#col-873502858 > .col-inner {\n  margin: -390px 0px 0px 0px;\n}\n<\/style>\n\t<\/div>\n\n\t\n\n<\/div>\n\n\t\t<\/div>\n\n\t\t\n<style>\n#section_1944837223 {\n  padding-top: 30px;\n  padding-bottom: 30px;\n  background-color: rgb(0,0,0);\n}\n<\/style>\n\t<\/section>\n\t\n<span class=\"scroll-to\" data-label=\"Scroll to: #experiences\" data-bullet=\"false\" data-link=\"#experiences\" data-title=\"experiences\"><a name=\"experiences\"><\/a><\/span>\n\n\n\t<section class=\"section dark\" id=\"section_1429197035\">\n\t\t<div class=\"section-bg fill\" >\n\t\t\t\t\t\t\t\t\t\n\t\t\t\n\n\t\t<\/div>\n\n\t\t\n\n\t\t<div class=\"section-content relative\">\n\t\t\t\n\n<h2><span style=\"color: #f89621;\">VALEURS FONDAMENTALES<\/span><\/h2>\n<div class=\"row row-large\"  id=\"row-934269022\">\n\n\n\t<div id=\"col-1405784295\" class=\"col small-12 large-12\"  >\n\t\t\t\t<div class=\"col-inner\"  >\n\t\t\t\n\t\t\t\n\n<div class=\"container section-title-container\" style=\"margin-top:5px;margin-bottom:5px;\"><h3 class=\"section-title section-title-normal\"><b aria-hidden=\"true\"><\/b><span class=\"section-title-main\" style=\"font-size:80%;color:rgb(248, 150, 33);\">INTEGRIT\u00c9<\/span><b aria-hidden=\"true\"><\/b><\/h3><\/div>\n\n\t<div id=\"text-1682492697\" class=\"text\">\n\t\t\n\n<p><span style=\"color: #ffffff;\">Un engagement sans compromis en faveur de l'int\u00e9grit\u00e9 est primordial pour une r\u00e9ussite \u00e0 long terme ; sans lui, la victoire est creuse et \u00e9ph\u00e9m\u00e8re.<\/p>\n\t\t\n<style>\n#text-1682492697 {\n  color: rgb(255,255,255);\n}\n#text-1682492697 > * {\n  color: rgb(255,255,255);\n}\n<\/style>\n\t<\/div>\n\t\n\n\t\t<\/div>\n\t\t\t\t\n<style>\n#col-1405784295 > .col-inner {\n  margin: 0px 0px -20px 0px;\n}\n<\/style>\n\t<\/div>\n\n\t\n\n\t<div id=\"col-53827473\" class=\"col small-12 large-12\"  >\n\t\t\t\t<div class=\"col-inner\"  >\n\t\t\t\n\t\t\t\n\n<div class=\"container section-title-container\" style=\"margin-top:5px;margin-bottom:5px;\"><h3 class=\"section-title section-title-normal\"><b aria-hidden=\"true\"><\/b><span class=\"section-title-main\" style=\"font-size:80%;color:rgb(248, 150, 33);\">D\u00e9veloppement<\/span><b aria-hidden=\"true\"><\/b><\/h3><\/div>\n\n\t<div id=\"text-1711696751\" class=\"text\">\n\t\t\n\n<p><span style=\"color: #ffffff;\">La croissance professionnelle continue de notre \u00e9quipe est essentielle pour maximiser l'excellence, l'innovation et la r\u00e9silience de l'organisation.<\/p>\n\t\t\n<style>\n#text-1711696751 {\n  color: rgb(255,255,255);\n}\n#text-1711696751 > * {\n  color: rgb(255,255,255);\n}\n<\/style>\n\t<\/div>\n\t\n\n\t\t<\/div>\n\t\t\t\t\n<style>\n#col-53827473 > .col-inner {\n  margin: 0px 0px -20px 0px;\n}\n<\/style>\n\t<\/div>\n\n\t\n\n\t<div id=\"col-1311934372\" class=\"col small-12 large-12\"  >\n\t\t\t\t<div class=\"col-inner\"  >\n\t\t\t\n\t\t\t\n\n<div class=\"container section-title-container\" style=\"margin-top:5px;margin-bottom:5px;\"><h3 class=\"section-title section-title-normal\"><b aria-hidden=\"true\"><\/b><span class=\"section-title-main\" style=\"font-size:80%;color:rgb(248, 150, 33);\">L'intendance<\/span><b aria-hidden=\"true\"><\/b><\/h3><\/div>\n\n\t<div id=\"text-2941460555\" class=\"text\">\n\t\t\n\n<p><span style=\"color: #ffffff;\">Nous devons \u00eatre de bons gestionnaires de la confiance que nous avons gagn\u00e9e aupr\u00e8s de nos clients, de nos employ\u00e9s et de nos fournisseurs.<\/p>\n\t\t\n<style>\n#text-2941460555 {\n  color: rgb(255,255,255);\n}\n#text-2941460555 > * {\n  color: rgb(255,255,255);\n}\n<\/style>\n\t<\/div>\n\t\n\n\t\t<\/div>\n\t\t\t\t\n<style>\n#col-1311934372 > .col-inner {\n  margin: 0px 0px -20px 0px;\n}\n<\/style>\n\t<\/div>\n\n\t\n\n\t<div id=\"col-1244386922\" class=\"col small-12 large-12\"  >\n\t\t\t\t<div class=\"col-inner\"  >\n\t\t\t\n\t\t\t\n\n<div class=\"container section-title-container\" style=\"margin-top:5px;margin-bottom:5px;\"><h3 class=\"section-title section-title-normal\"><b aria-hidden=\"true\"><\/b><span class=\"section-title-main\" style=\"font-size:80%;color:rgb(248, 150, 33);\">Technologie<\/span><b aria-hidden=\"true\"><\/b><\/h3><\/div>\n\n\t<div id=\"text-3156560091\" class=\"text\">\n\t\t\n\n<p><span style=\"color: #ffffff;\">Faire progresser les technologies de base gr\u00e2ce \u00e0 des investissements cibl\u00e9s et prioritaires est essentiel pour le succ\u00e8s et la p\u00e9rennit\u00e9 de notre entreprise et de nos clients.<\/p>\n\t\t\n<style>\n#text-3156560091 {\n  color: rgb(255,255,255);\n}\n#text-3156560091 > * {\n  color: rgb(255,255,255);\n}\n<\/style>\n\t<\/div>\n\t\n\n\t\t<\/div>\n\t\t\t\t\n<style>\n#col-1244386922 > .col-inner {\n  margin: 0px 0px -20px 0px;\n}\n<\/style>\n\t<\/div>\n\n\t\n\n\t<div id=\"col-1931537859\" class=\"col small-12 large-12\"  >\n\t\t\t\t<div class=\"col-inner\"  >\n\t\t\t\n\t\t\t\n\n<div class=\"container section-title-container\" style=\"margin-top:5px;margin-bottom:5px;\"><h3 class=\"section-title section-title-normal\"><b aria-hidden=\"true\"><\/b><span class=\"section-title-main\" style=\"font-size:80%;color:rgb(248, 150, 33);\">Investissement<\/span><b aria-hidden=\"true\"><\/b><\/h3><\/div>\n\n\t<div id=\"text-2816546217\" class=\"text\">\n\t\t\n\n<p><span style=\"color: #ffffff;\">L'investissement de toutes les ressources de l'entreprise doit \u00eatre effectu\u00e9 avec une planification calcul\u00e9e pour atteindre un r\u00e9sultat intentionnel.<\/p>\n\t\t\n<style>\n#text-2816546217 {\n  color: rgb(255,255,255);\n}\n#text-2816546217 > * {\n  color: rgb(255,255,255);\n}\n<\/style>\n\t<\/div>\n\t\n\n\t\t<\/div>\n\t\t\t\t\n<style>\n#col-1931537859 > .col-inner {\n  margin: 0px 0px -20px 0px;\n}\n<\/style>\n\t<\/div>\n\n\t\n\n<\/div>\n\t<div id=\"gap-1214826391\" class=\"gap-element clearfix\" style=\"display:block; height:auto;\">\n\t\t\n<style>\n#gap-1214826391 {\n  padding-top: 40px;\n}\n<\/style>\n\t<\/div>\n\t\n\n\n\t\t<\/div>\n\n\t\t\n<style>\n#section_1429197035 {\n  padding-top: 80px;\n  padding-bottom: 80px;\n  background-color: rgb(0,0,0);\n}\n<\/style>\n\t<\/section>\n\t\n<span class=\"scroll-to\" data-label=\"Scroll to: #services\" data-bullet=\"false\" data-link=\"#services\" data-title=\"services\"><a name=\"services\"><\/a><\/span>\n\n\n\t<section class=\"section\" id=\"section_341851971\">\n\t\t<div class=\"section-bg fill\" >\n\t\t\t\t\t\t\t\t\t\n\t\t\t\n\n\t\t<\/div>\n\n\t\t\n\n\t\t<div class=\"section-content relative\">\n\t\t\t\n\n<div class=\"row row-collapse row-full-width\"  id=\"row-1350523727\">\n\n\n\t<div id=\"col-1438371888\" class=\"col medium-6 small-12 large-6\"  >\n\t\t\t\t<div class=\"col-inner\" style=\"background-color:rgb(242, 245, 247);\" >\n\t\t\t\n\t\t\t\n\n\t<div id=\"gap-1056346629\" class=\"gap-element clearfix\" style=\"display:block; height:auto;\">\n\t\t\n<style>\n#gap-1056346629 {\n  padding-top: 400px;\n}\n@media (min-width:550px) {\n  #gap-1056346629 {\n    padding-top: 400px;\n  }\n}\n<\/style>\n\t<\/div>\n\t\n\n\n\t\t<\/div>\n\t\t\t\t\t<\/div>\n\n\t\n\n\t<div id=\"col-1345732792\" class=\"col medium-6 small-12 large-6\"  >\n\t\t\t\t<div class=\"col-inner\"  >\n\t\t\t\n\t\t\t\n\n\n\t\t<\/div>\n\t\t\t\t\t<\/div>\n\n\t\n\n<\/div>\n<div class=\"row\"  id=\"row-854086927\">\n\n\n\t<div id=\"col-156992344\" class=\"col small-12 large-12\"  >\n\t\t\t\t<div class=\"col-inner\"  >\n\t\t\t\n\t\t\t\n\n<div class=\"row\"  id=\"row-558358987\">\n\n\n\t<div id=\"col-1644578744\" class=\"col small-12 large-12\"  >\n\t\t\t\t<div class=\"col-inner\"  >\n\t\t\t\n\t\t\t\n\n<div class=\"is-divider divider clearfix\" style=\"max-width:50px;height:2px;background-color:rgb(111, 166, 212);\"><\/div>\n\n<h4><span style=\"font-size: 150%;\">Installation et emplacement<\/span><\/h4>\n<p>\u00a0<\/p>\n\n\t\t<\/div>\n\t\t\t\t\t<\/div>\n\n\t\n\n<\/div>\n<div class=\"row\"  id=\"row-53734538\">\n\n\n\t<div id=\"col-818853764\" class=\"col small-12 large-12\"  >\n\t\t\t\t<div class=\"col-inner\"  >\n\t\t\t\n\t\t\t\n\n<p data-v-b7f2f6d4=\"\">Le NIC, dont le si\u00e8ge social se trouve dans le sud de l'Oregon, exploite plusieurs installations qui comprennent pr\u00e8s de 100 000 pieds carr\u00e9s d'espace de fabrication, une usine de production de polym\u00e8res \u00e0 la pointe de la technologie, des installations de formation, un groupe d'int\u00e9gration robotique, la recherche et le d\u00e9veloppement, ainsi que tous nos services d'appui aux entreprises. Nous sommes fiers de fabriquer nos produits aux \u00c9tats-Unis.<\/p>\n<h2 id=\"foundation\" data-v-b7f2f6d4=\"\">CERAKOTE UE<\/h2>\n<p>Cerakote EU est situ\u00e9 \u00e0 Cork, en Irlande. En tant que distributeur officiel pour l'Union europ\u00e9enne, nous sommes fiers de fournir les meilleurs produits de rev\u00eatement c\u00e9ramique Cerakote au monde.\u00a0<\/p>\n<h2 id=\"foundation\" data-v-b7f2f6d4=\"\">LE FONDEMENT DE LA LIBERT\u00c9<\/h2>\n<p data-v-b7f2f6d4=\"\">Nous pensons que nos clients b\u00e9n\u00e9ficient en fin de compte d'un march\u00e9 ouvert et libre qui stimule l'innovation gr\u00e2ce \u00e0 une concurrence f\u00e9roce.<\/p>\n\n\t\t<\/div>\n\t\t\t\t\t<\/div>\n\n\t\n\n<\/div>\n\n\t\t<\/div>\n\t\t\t\t\n<style>\n#col-156992344 > .col-inner {\n  margin: -250px 0px 0px 0px;\n}\n<\/style>\n\t<\/div>\n\n\t\n\n<\/div>\n\t<div id=\"gap-1153448622\" class=\"gap-element clearfix\" style=\"display:block; height:auto;\">\n\t\t\n<style>\n#gap-1153448622 {\n  padding-top: 100px;\n}\n<\/style>\n\t<\/div>\n\t\n\n\n\t\t<\/div>\n\n\t\t\n<style>\n#section_341851971 {\n  padding-top: 0px;\n  padding-bottom: 0px;\n}\n<\/style>\n\t<\/section>","protected":false},"excerpt":{"rendered":"","protected":false},"author":1,"featured_media":0,"parent":0,"menu_order":0,"comment_status":"closed","ping_status":"closed","template":"page-blank.php","meta":{"_acf_changed":false,"footnotes":""},"class_list":["post-16258","page","type-page","status-publish","hentry"],"yoast_head":"<!-- This site is optimized with the Yoast SEO plugin v26.7 - https:\/\/yoast.com\/wordpress\/plugins\/seo\/ -->\n<title>What is Cerakote? - Cerakote South Africa<\/title>\n<meta name=\"robots\" content=\"index, follow, max-snippet:-1, max-image-preview:large, max-video-preview:-1\" \/>\n<link rel=\"canonical\" href=\"https:\/\/www.cerakotesa.com\/fr\/what-is-cerakote\/\" \/>\n<meta property=\"og:locale\" content=\"fr_FR\" \/>\n<meta property=\"og:type\" content=\"article\" \/>\n<meta property=\"og:title\" content=\"What is Cerakote? - Cerakote South Africa\" \/>\n<meta property=\"og:url\" content=\"https:\/\/www.cerakotesa.com\/fr\/what-is-cerakote\/\" \/>\n<meta property=\"og:site_name\" content=\"Cerakote South Africa\" \/>\n<meta property=\"article:modified_time\" content=\"2024-01-02T14:54:51+00:00\" \/>\n<meta name=\"twitter:card\" content=\"summary_large_image\" \/>\n<meta name=\"twitter:label1\" content=\"Dur\u00e9e de lecture estim\u00e9e\" \/>\n\t<meta name=\"twitter:data1\" content=\"4 minutes\" \/>\n<script type=\"application\/ld+json\" class=\"yoast-schema-graph\">{\"@context\":\"https:\/\/schema.org\",\"@graph\":[{\"@type\":\"WebPage\",\"@id\":\"https:\/\/www.cerakotesa.com\/it\/what-is-cerakote\/\",\"url\":\"https:\/\/www.cerakotesa.com\/it\/what-is-cerakote\/\",\"name\":\"What is Cerakote? - Cerakote South Africa\",\"isPartOf\":{\"@id\":\"https:\/\/www.cerakotesa.com\/#website\"},\"datePublished\":\"2024-01-02T14:53:29+00:00\",\"dateModified\":\"2024-01-02T14:54:51+00:00\",\"breadcrumb\":{\"@id\":\"https:\/\/www.cerakotesa.com\/it\/what-is-cerakote\/#breadcrumb\"},\"inLanguage\":\"fr-FR\",\"potentialAction\":[{\"@type\":\"ReadAction\",\"target\":[\"https:\/\/www.cerakotesa.com\/it\/what-is-cerakote\/\"]}]},{\"@type\":\"BreadcrumbList\",\"@id\":\"https:\/\/www.cerakotesa.com\/it\/what-is-cerakote\/#breadcrumb\",\"itemListElement\":[{\"@type\":\"ListItem\",\"position\":1,\"name\":\"Home\",\"item\":\"https:\/\/www.cerakotesa.com\/\"},{\"@type\":\"ListItem\",\"position\":2,\"name\":\"What is Cerakote?\"}]},{\"@type\":\"WebSite\",\"@id\":\"https:\/\/www.cerakotesa.com\/#website\",\"url\":\"https:\/\/www.cerakotesa.com\/\",\"name\":\"Cerakote South Africa\",\"description\":\"Cerakote is a global leader in the manufacturing of thin-film protective ceramic coatings\",\"potentialAction\":[{\"@type\":\"SearchAction\",\"target\":{\"@type\":\"EntryPoint\",\"urlTemplate\":\"https:\/\/www.cerakotesa.com\/?s={search_term_string}\"},\"query-input\":{\"@type\":\"PropertyValueSpecification\",\"valueRequired\":true,\"valueName\":\"search_term_string\"}}],\"inLanguage\":\"fr-FR\"}]}<\/script>\n<!-- \/ Yoast SEO plugin. -->","yoast_head_json":{"title":"What is Cerakote? - Cerakote South Africa","robots":{"index":"index","follow":"follow","max-snippet":"max-snippet:-1","max-image-preview":"max-image-preview:large","max-video-preview":"max-video-preview:-1"},"canonical":"https:\/\/www.cerakotesa.com\/fr\/what-is-cerakote\/","og_locale":"fr_FR","og_type":"article","og_title":"What is Cerakote? - Cerakote South Africa","og_url":"https:\/\/www.cerakotesa.com\/fr\/what-is-cerakote\/","og_site_name":"Cerakote South Africa","article_modified_time":"2024-01-02T14:54:51+00:00","twitter_card":"summary_large_image","twitter_misc":{"Dur\u00e9e de lecture estim\u00e9e":"4 minutes"},"schema":{"@context":"https:\/\/schema.org","@graph":[{"@type":"WebPage","@id":"https:\/\/www.cerakotesa.com\/it\/what-is-cerakote\/","url":"https:\/\/www.cerakotesa.com\/it\/what-is-cerakote\/","name":"What is Cerakote? - Cerakote South Africa","isPartOf":{"@id":"https:\/\/www.cerakotesa.com\/#website"},"datePublished":"2024-01-02T14:53:29+00:00","dateModified":"2024-01-02T14:54:51+00:00","breadcrumb":{"@id":"https:\/\/www.cerakotesa.com\/it\/what-is-cerakote\/#breadcrumb"},"inLanguage":"fr-FR","potentialAction":[{"@type":"ReadAction","target":["https:\/\/www.cerakotesa.com\/it\/what-is-cerakote\/"]}]},{"@type":"BreadcrumbList","@id":"https:\/\/www.cerakotesa.com\/it\/what-is-cerakote\/#breadcrumb","itemListElement":[{"@type":"ListItem","position":1,"name":"Home","item":"https:\/\/www.cerakotesa.com\/"},{"@type":"ListItem","position":2,"name":"What is Cerakote?"}]},{"@type":"WebSite","@id":"https:\/\/www.cerakotesa.com\/#website","url":"https:\/\/www.cerakotesa.com\/","name":"Cerakote South Africa","description":"Cerakote est un leader mondial dans la fabrication de rev\u00eatements c\u00e9ramiques protecteurs en couches minces.","potentialAction":[{"@type":"SearchAction","target":{"@type":"EntryPoint","urlTemplate":"https:\/\/www.cerakotesa.com\/?s={search_term_string}"},"query-input":{"@type":"PropertyValueSpecification","valueRequired":true,"valueName":"search_term_string"}}],"inLanguage":"fr-FR"}]}},"acf":[],"_links":{"self":[{"href":"https:\/\/www.cerakotesa.com\/fr\/wp-json\/wp\/v2\/pages\/16258","targetHints":{"allow":["GET"]}}],"collection":[{"href":"https:\/\/www.cerakotesa.com\/fr\/wp-json\/wp\/v2\/pages"}],"about":[{"href":"https:\/\/www.cerakotesa.com\/fr\/wp-json\/wp\/v2\/types\/page"}],"author":[{"embeddable":true,"href":"https:\/\/www.cerakotesa.com\/fr\/wp-json\/wp\/v2\/users\/1"}],"replies":[{"embeddable":true,"href":"https:\/\/www.cerakotesa.com\/fr\/wp-json\/wp\/v2\/comments?post=16258"}],"version-history":[{"count":0,"href":"https:\/\/www.cerakotesa.com\/fr\/wp-json\/wp\/v2\/pages\/16258\/revisions"}],"wp:attachment":[{"href":"https:\/\/www.cerakotesa.com\/fr\/wp-json\/wp\/v2\/media?parent=16258"}],"curies":[{"name":"wp","href":"https:\/\/api.w.org\/{rel}","templated":true}]}}