{"id":16565,"date":"2024-01-26T10:24:15","date_gmt":"2024-01-26T10:24:15","guid":{"rendered":"https:\/\/www.cerakotesa.com\/?page_id=16565"},"modified":"2025-02-04T09:50:25","modified_gmt":"2025-02-04T09:50:25","slug":"sweden","status":"publish","type":"page","link":"https:\/\/www.cerakotesa.com\/fr\/sweden\/","title":{"rendered":"Cerakote Sverige"},"content":{"rendered":"<div class=\"banner has-hover\" id=\"banner-568583576\">\n          <div class=\"banner-inner fill\">\n        <div class=\"banner-bg fill\" >\n            <img loading=\"lazy\" decoding=\"async\" width=\"1020\" height=\"680\" src=\"https:\/\/www.cerakotesa.com\/wp-content\/uploads\/2024\/01\/swedish-flag-1024x683.jpeg\" class=\"bg attachment-large size-large\" alt=\"\" \/>                                    \n                    <\/div>\n\t\t\n        <div class=\"banner-layers container\">\n            <div class=\"fill banner-link\"><\/div>            \n\n   <div id=\"text-box-793498175\" class=\"text-box banner-layer x50 md-x50 lg-x50 y50 md-y50 lg-y50 res-text\">\n                                <div class=\"text-box-content text box-shadow-3 dark\">\n              \n              <div class=\"text-inner text-center\">\n                  \n\n\t<div id=\"text-2425165131\" class=\"text\">\n\t\t\n\n<h1>Cerakote Su\u00e8de<\/h1>\n<p><span style=\"color: #fff;\">Nous sommes pr\u00eats \u00e0 devenir le distributeur officiel de Cerakote en Europe, dont le si\u00e8ge se trouve \u00e0 Cork, en Irlande. Cerakote EU est charg\u00e9 de la recherche, du soutien, de la mise en \u0153uvre et de la distribution au sein de l'Union europ\u00e9enne, ce qui permet d'acheter et d'utiliser Cerakote en Su\u00e8de, dans le monde entier et dans toutes les r\u00e9gions du monde.<\/span><\/p>\n\t\t\n<style>\n#text-2425165131 {\n  color: rgb(255, 255, 255);\n}\n#text-2425165131 > * {\n  color: rgb(255, 255, 255);\n}\n<\/style>\n\t<\/div>\n\t\n\n              <\/div>\n           <\/div>\n                            \n<style>\n#text-box-793498175 .text-box-content {\n  background-color: rgba(58, 58, 57, 0.839);\n  border-radius: 10px;\n  font-size: 100%;\n}\n#text-box-793498175 {\n  width: 60%;\n}\n<\/style>\n    <\/div>\n \n\n        <\/div>\n      <\/div>\n\n            \n<style>\n#banner-568583576 {\n  padding-top: 500px;\n}\n<\/style>\n  <\/div>\n\n\n\n\t<section class=\"section\" id=\"section_2140035961\">\n\t\t<div class=\"section-bg fill\" >\n\t\t\t\t\t\t\t\t\t\n\t\t\t\n\n\t\t<\/div>\n\n\t\t\n\n\t\t<div class=\"section-content relative\">\n\t\t\t\n\n<div class=\"row\"  id=\"row-1365248028\">\n\n\n\t<div id=\"col-427539557\" class=\"col small-12 large-12\"  >\n\t\t\t\t<div class=\"col-inner\"  >\n\t\t\t\n\t\t\t\n\n\t<div id=\"text-844778747\" class=\"text\">\n\t\t\n\n<h2>La meilleure vente en Su\u00e8de et en Europe chez Cerakote EU<\/h2>\n\t\t\n<style>\n#text-844778747 {\n  text-align: center;\n}\n<\/style>\n\t<\/div>\n\t\n\n\t\t<\/div>\n\t\t\t\t\t<\/div>\n\n\t\n\n<\/div>\n<div class=\"row\"  id=\"row-2104853318\">\n\n\n\t<div id=\"col-110098471\" class=\"col medium-5 small-12 large-5\"  >\n\t\t\t\t<div class=\"col-inner\"  >\n\t\t\t\n\t\t\t\n\n\n\t\t<\/div>\n\t\t\t\t\t<\/div>\n\n\t\n\n\t<div id=\"col-1493830507\" class=\"col medium-2 small-12 large-2\"  >\n\t\t\t\t<div class=\"col-inner\"  >\n\t\t\t\n\t\t\t\n\n\t<div class=\"img has-hover x md-x lg-x y md-y lg-y\" id=\"image_1768892500\">\n\t\t\t\t\t\t\t\t<div class=\"img-inner dark\" >\n\t\t\t<img loading=\"lazy\" decoding=\"async\" width=\"1020\" height=\"849\" src=\"https:\/\/www.cerakotesa.com\/wp-content\/uploads\/2024\/01\/Swedish-flag-round--1024x852.png\" class=\"attachment-large size-large\" alt=\"\" srcset=\"https:\/\/www.cerakotesa.com\/wp-content\/uploads\/2024\/01\/Swedish-flag-round--1024x852.png 1024w, https:\/\/www.cerakotesa.com\/wp-content\/uploads\/2024\/01\/Swedish-flag-round--300x250.png 300w, https:\/\/www.cerakotesa.com\/wp-content\/uploads\/2024\/01\/Swedish-flag-round--768x639.png 768w, https:\/\/www.cerakotesa.com\/wp-content\/uploads\/2024\/01\/Swedish-flag-round--1536x1278.png 1536w, https:\/\/www.cerakotesa.com\/wp-content\/uploads\/2024\/01\/Swedish-flag-round--2048x1704.png 2048w, https:\/\/www.cerakotesa.com\/wp-content\/uploads\/2024\/01\/Swedish-flag-round--14x12.png 14w, https:\/\/www.cerakotesa.com\/wp-content\/uploads\/2024\/01\/Swedish-flag-round--32x27.png 32w, https:\/\/www.cerakotesa.com\/wp-content\/uploads\/2024\/01\/Swedish-flag-round--247x206.png 247w, https:\/\/www.cerakotesa.com\/wp-content\/uploads\/2024\/01\/Swedish-flag-round--510x424.png 510w\" sizes=\"auto, (max-width: 1020px) 100vw, 1020px\" \/>\t\t\t\t\t\t\n\t\t\t\t\t<\/div>\n\t\t\t\t\t\t\t\t\n<style>\n#image_1768892500 {\n  width: 100%;\n}\n<\/style>\n\t<\/div>\n\t\n\n\n\t\t<\/div>\n\t\t\t\t\t<\/div>\n\n\t\n\n\t<div id=\"col-977301737\" class=\"col medium-5 small-12 large-5\"  >\n\t\t\t\t<div class=\"col-inner\"  >\n\t\t\t\n\t\t\t\n\n\n\t\t<\/div>\n\t\t\t\t\t<\/div>\n\n\t\n\n<\/div>\n<div class=\"row\"  id=\"row-1487506948\">\n\n\n\t<div id=\"col-490556154\" class=\"col medium-4 small-12 large-4\"  >\n\t\t\t\t<div class=\"col-inner\"  >\n\t\t\t\n\t\t\t\n\n\n\t\t<\/div>\n\t\t\t\t\t<\/div>\n\n\t\n\n\t<div id=\"col-226172221\" class=\"col medium-4 small-12 large-4\"  >\n\t\t\t\t<div class=\"col-inner\"  >\n\t\t\t\n\t\t\t\n\n\t<div id=\"text-3090001280\" class=\"text\">\n\t\t\n\n<p style=\"text-align: center;\">Fraktkostnader till Sverige :<\/p>\n<p style=\"text-align: center;\"><strong><span class=\"woocommerce-Price-currencySymbol\">\u20ac<\/span>8.30<\/strong><\/p>\n\t\t\n<style>\n#text-3090001280 {\n  font-size: 1.3rem;\n}\n<\/style>\n\t<\/div>\n\t\n<div class=\"row\"  id=\"row-1544684878\">\n\n\n\t<div id=\"col-1224244927\" class=\"col medium-2 small-12 large-2\"  >\n\t\t\t\t<div class=\"col-inner\"  >\n\t\t\t\n\t\t\t\n\n\n\t\t<\/div>\n\t\t\t\t\t<\/div>\n\n\t\n\n\t<div id=\"col-626508932\" class=\"col medium-8 small-12 large-8\"  >\n\t\t\t\t<div class=\"col-inner\"  >\n\t\t\t\n\t\t\t\n\n<a href=\"https:\/\/www.cerakotesa.com\/shop-cerakote-coatings\/\" class=\"button primary expand\" >\n\t\t<span>Produits Visa<\/span>\n\t<\/a>\n\n\n\n\t\t<\/div>\n\t\t\t\t\t<\/div>\n\n\t\n\n\t<div id=\"col-1911662540\" class=\"col medium-2 small-12 large-2\"  >\n\t\t\t\t<div class=\"col-inner\"  >\n\t\t\t\n\t\t\t\n\n\n\t\t<\/div>\n\t\t\t\t\t<\/div>\n\n\t\n\n<\/div>\n\n\t\t<\/div>\n\t\t\t\t\t<\/div>\n\n\t\n\n\t<div id=\"col-1474232460\" class=\"col medium-4 small-12 large-4\"  >\n\t\t\t\t<div class=\"col-inner\"  >\n\t\t\t\n\t\t\t\n\n\n\t\t<\/div>\n\t\t\t\t\t<\/div>\n\n\t\n\n<\/div>\n\n\t\t<\/div>\n\n\t\t\n<style>\n#section_2140035961 {\n  padding-top: 30px;\n  padding-bottom: 30px;\n}\n<\/style>\n\t<\/section>\n\t\n\n\t<section class=\"section dark\" id=\"section_892280005\">\n\t\t<div class=\"section-bg fill\" >\n\t\t\t\t\t\t\t\t\t\n\t\t\t\n\n\t\t<\/div>\n\n\t\t\n\n\t\t<div class=\"section-content relative\">\n\t\t\t\n\n<div class=\"row\"  id=\"row-1006240881\">\n\n\n\t<div id=\"col-187515514\" class=\"col small-12 large-12\"  >\n\t\t\t\t<div class=\"col-inner\"  >\n\t\t\t\n\t\t\t\n\n\t<div id=\"text-3343907054\" class=\"text\">\n\t\t\n\n<div class=\"caption-inner\">\n<p><span style=\"color: #f69422;\"><strong>Ta emot din best\u00e4llning snabbt !<\/span><\/strong> Les r\u00e9servations s'effectuent aupr\u00e8s de nos distributeurs du 3 au 5 ao\u00fbt et aupr\u00e8s de nos fournisseurs du 4 au 7 ao\u00fbt. Les destinations les plus recherch\u00e9es peuvent \u00eatre des destinations de choix...<\/p>\n<\/div>\n<div class=\"caption-inner\">\n<p><strong><span style=\"color: #f69422;\">Pourquoi Cerakote ?<\/strong>\u00a0<\/span> Bienvenue sur le site de Cerakote, l'un des plus grands fournisseurs de produits c\u00e9ramiques. Cerakote est le principal fournisseur mondial d'\u00e9quipements et de technologies \u00e0 base de polym\u00e8res. Cette technologie de pointe est utilis\u00e9e dans des produits qui vont de la fourrure \u00e0 la mouche et de l'instrument \u00e0 la fourrure. Cliquez ici pour d\u00e9couvrir Cerakote.<\/p>\n<\/div>\n\t\t\n<style>\n#text-3343907054 {\n  font-size: 1.35rem;\n}\n<\/style>\n\t<\/div>\n\t\n<a href=\"https:\/\/www.cerakotesa.com\/shop-cerakote-coatings\/\" class=\"button primary\" >\n\t\t<span>Produits Visa<\/span>\n\t<\/a>\n\n\n\n\t\t<\/div>\n\t\t\t\t\t<\/div>\n\n\t\n\n<\/div>\n\n\t\t<\/div>\n\n\t\t\n<style>\n#section_892280005 {\n  padding-top: 30px;\n  padding-bottom: 30px;\n  background-color: rgb(225, 225, 225);\n}\n<\/style>\n\t<\/section>","protected":false},"excerpt":{"rendered":"","protected":false},"author":1,"featured_media":16569,"parent":0,"menu_order":0,"comment_status":"closed","ping_status":"closed","template":"page-blank.php","meta":{"_acf_changed":false,"footnotes":""},"class_list":["post-16565","page","type-page","status-publish","has-post-thumbnail","hentry"],"yoast_head":"<!-- This site is optimized with the Yoast SEO plugin v26.7 - https:\/\/yoast.com\/wordpress\/plugins\/seo\/ -->\n<title>Cerakote Sverige - Cerakote South Africa<\/title>\n<meta name=\"robots\" content=\"index, follow, max-snippet:-1, max-image-preview:large, max-video-preview:-1\" \/>\n<link rel=\"canonical\" href=\"https:\/\/www.cerakotesa.com\/fr\/sweden\/\" \/>\n<meta property=\"og:locale\" content=\"fr_FR\" \/>\n<meta property=\"og:type\" content=\"article\" \/>\n<meta property=\"og:title\" content=\"Cerakote Sverige - Cerakote South Africa\" \/>\n<meta property=\"og:url\" content=\"https:\/\/www.cerakotesa.com\/fr\/sweden\/\" \/>\n<meta property=\"og:site_name\" content=\"Cerakote South Africa\" \/>\n<meta property=\"article:modified_time\" content=\"2025-02-04T09:50:25+00:00\" \/>\n<meta property=\"og:image\" content=\"https:\/\/www.cerakotesa.com\/wp-content\/uploads\/2024\/01\/swedish-flag-scaled.jpeg\" \/>\n\t<meta property=\"og:image:width\" content=\"2560\" \/>\n\t<meta property=\"og:image:height\" content=\"1708\" \/>\n\t<meta property=\"og:image:type\" content=\"image\/jpeg\" \/>\n<meta name=\"twitter:card\" content=\"summary_large_image\" \/>\n<meta name=\"twitter:label1\" content=\"Dur\u00e9e de lecture estim\u00e9e\" \/>\n\t<meta name=\"twitter:data1\" content=\"2 minutes\" \/>\n<script type=\"application\/ld+json\" class=\"yoast-schema-graph\">{\"@context\":\"https:\/\/schema.org\",\"@graph\":[{\"@type\":\"WebPage\",\"@id\":\"https:\/\/www.cerakotesa.com\/sweden\/\",\"url\":\"https:\/\/www.cerakotesa.com\/sweden\/\",\"name\":\"Cerakote Sverige - Cerakote South Africa\",\"isPartOf\":{\"@id\":\"https:\/\/www.cerakotesa.com\/#website\"},\"primaryImageOfPage\":{\"@id\":\"https:\/\/www.cerakotesa.com\/sweden\/#primaryimage\"},\"image\":{\"@id\":\"https:\/\/www.cerakotesa.com\/sweden\/#primaryimage\"},\"thumbnailUrl\":\"https:\/\/www.cerakotesa.com\/wp-content\/uploads\/2024\/01\/swedish-flag-scaled.jpeg\",\"datePublished\":\"2024-01-26T10:24:15+00:00\",\"dateModified\":\"2025-02-04T09:50:25+00:00\",\"breadcrumb\":{\"@id\":\"https:\/\/www.cerakotesa.com\/sweden\/#breadcrumb\"},\"inLanguage\":\"fr-FR\",\"potentialAction\":[{\"@type\":\"ReadAction\",\"target\":[\"https:\/\/www.cerakotesa.com\/sweden\/\"]}]},{\"@type\":\"ImageObject\",\"inLanguage\":\"fr-FR\",\"@id\":\"https:\/\/www.cerakotesa.com\/sweden\/#primaryimage\",\"url\":\"https:\/\/www.cerakotesa.com\/wp-content\/uploads\/2024\/01\/swedish-flag-scaled.jpeg\",\"contentUrl\":\"https:\/\/www.cerakotesa.com\/wp-content\/uploads\/2024\/01\/swedish-flag-scaled.jpeg\",\"width\":2560,\"height\":1708,\"caption\":\"waving colorful national flag of sweden.\"},{\"@type\":\"BreadcrumbList\",\"@id\":\"https:\/\/www.cerakotesa.com\/sweden\/#breadcrumb\",\"itemListElement\":[{\"@type\":\"ListItem\",\"position\":1,\"name\":\"Home\",\"item\":\"https:\/\/www.cerakotesa.com\/\"},{\"@type\":\"ListItem\",\"position\":2,\"name\":\"Cerakote Sverige\"}]},{\"@type\":\"WebSite\",\"@id\":\"https:\/\/www.cerakotesa.com\/#website\",\"url\":\"https:\/\/www.cerakotesa.com\/\",\"name\":\"Cerakote South Africa\",\"description\":\"Cerakote is a global leader in the manufacturing of thin-film protective ceramic coatings\",\"potentialAction\":[{\"@type\":\"SearchAction\",\"target\":{\"@type\":\"EntryPoint\",\"urlTemplate\":\"https:\/\/www.cerakotesa.com\/?s={search_term_string}\"},\"query-input\":{\"@type\":\"PropertyValueSpecification\",\"valueRequired\":true,\"valueName\":\"search_term_string\"}}],\"inLanguage\":\"fr-FR\"}]}<\/script>\n<!-- \/ Yoast SEO plugin. -->","yoast_head_json":{"title":"Cerakote Sverige - Cerakote South Africa","robots":{"index":"index","follow":"follow","max-snippet":"max-snippet:-1","max-image-preview":"max-image-preview:large","max-video-preview":"max-video-preview:-1"},"canonical":"https:\/\/www.cerakotesa.com\/fr\/sweden\/","og_locale":"fr_FR","og_type":"article","og_title":"Cerakote Sverige - Cerakote South Africa","og_url":"https:\/\/www.cerakotesa.com\/fr\/sweden\/","og_site_name":"Cerakote South Africa","article_modified_time":"2025-02-04T09:50:25+00:00","og_image":[{"width":2560,"height":1708,"url":"https:\/\/www.cerakotesa.com\/wp-content\/uploads\/2024\/01\/swedish-flag-scaled.jpeg","type":"image\/jpeg"}],"twitter_card":"summary_large_image","twitter_misc":{"Dur\u00e9e de lecture estim\u00e9e":"2 minutes"},"schema":{"@context":"https:\/\/schema.org","@graph":[{"@type":"WebPage","@id":"https:\/\/www.cerakotesa.com\/sweden\/","url":"https:\/\/www.cerakotesa.com\/sweden\/","name":"Cerakote Sverige - Cerakote South Africa","isPartOf":{"@id":"https:\/\/www.cerakotesa.com\/#website"},"primaryImageOfPage":{"@id":"https:\/\/www.cerakotesa.com\/sweden\/#primaryimage"},"image":{"@id":"https:\/\/www.cerakotesa.com\/sweden\/#primaryimage"},"thumbnailUrl":"https:\/\/www.cerakotesa.com\/wp-content\/uploads\/2024\/01\/swedish-flag-scaled.jpeg","datePublished":"2024-01-26T10:24:15+00:00","dateModified":"2025-02-04T09:50:25+00:00","breadcrumb":{"@id":"https:\/\/www.cerakotesa.com\/sweden\/#breadcrumb"},"inLanguage":"fr-FR","potentialAction":[{"@type":"ReadAction","target":["https:\/\/www.cerakotesa.com\/sweden\/"]}]},{"@type":"ImageObject","inLanguage":"fr-FR","@id":"https:\/\/www.cerakotesa.com\/sweden\/#primaryimage","url":"https:\/\/www.cerakotesa.com\/wp-content\/uploads\/2024\/01\/swedish-flag-scaled.jpeg","contentUrl":"https:\/\/www.cerakotesa.com\/wp-content\/uploads\/2024\/01\/swedish-flag-scaled.jpeg","width":2560,"height":1708,"caption":"waving colorful national flag of sweden."},{"@type":"BreadcrumbList","@id":"https:\/\/www.cerakotesa.com\/sweden\/#breadcrumb","itemListElement":[{"@type":"ListItem","position":1,"name":"Home","item":"https:\/\/www.cerakotesa.com\/"},{"@type":"ListItem","position":2,"name":"Cerakote Sverige"}]},{"@type":"WebSite","@id":"https:\/\/www.cerakotesa.com\/#website","url":"https:\/\/www.cerakotesa.com\/","name":"Cerakote South Africa","description":"Cerakote est un leader mondial dans la fabrication de rev\u00eatements c\u00e9ramiques protecteurs en couches minces.","potentialAction":[{"@type":"SearchAction","target":{"@type":"EntryPoint","urlTemplate":"https:\/\/www.cerakotesa.com\/?s={search_term_string}"},"query-input":{"@type":"PropertyValueSpecification","valueRequired":true,"valueName":"search_term_string"}}],"inLanguage":"fr-FR"}]}},"acf":[],"_links":{"self":[{"href":"https:\/\/www.cerakotesa.com\/fr\/wp-json\/wp\/v2\/pages\/16565","targetHints":{"allow":["GET"]}}],"collection":[{"href":"https:\/\/www.cerakotesa.com\/fr\/wp-json\/wp\/v2\/pages"}],"about":[{"href":"https:\/\/www.cerakotesa.com\/fr\/wp-json\/wp\/v2\/types\/page"}],"author":[{"embeddable":true,"href":"https:\/\/www.cerakotesa.com\/fr\/wp-json\/wp\/v2\/users\/1"}],"replies":[{"embeddable":true,"href":"https:\/\/www.cerakotesa.com\/fr\/wp-json\/wp\/v2\/comments?post=16565"}],"version-history":[{"count":0,"href":"https:\/\/www.cerakotesa.com\/fr\/wp-json\/wp\/v2\/pages\/16565\/revisions"}],"wp:featuredmedia":[{"embeddable":true,"href":"https:\/\/www.cerakotesa.com\/fr\/wp-json\/wp\/v2\/media\/16569"}],"wp:attachment":[{"href":"https:\/\/www.cerakotesa.com\/fr\/wp-json\/wp\/v2\/media?parent=16565"}],"curies":[{"name":"wp","href":"https:\/\/api.w.org\/{rel}","templated":true}]}}