{"id":17135,"date":"2024-04-01T15:40:44","date_gmt":"2024-04-01T15:40:44","guid":{"rendered":"https:\/\/www.cerakotesa.com\/?page_id=17135"},"modified":"2024-04-01T16:03:39","modified_gmt":"2024-04-01T16:03:39","slug":"performance-driven-industrial-coating-solutions","status":"publish","type":"page","link":"https:\/\/www.cerakotesa.com\/fr\/cerakote-industries\/performance-driven-industrial-coating-solutions\/","title":{"rendered":"Solutions de rev\u00eatement industriel ax\u00e9es sur la performance"},"content":{"rendered":"<div class=\"banner has-hover\" id=\"banner-419531266\">\n          <div class=\"banner-inner fill\">\n        <div class=\"banner-bg fill\" >\n            <img loading=\"lazy\" decoding=\"async\" width=\"1020\" height=\"349\" src=\"https:\/\/www.cerakotesa.com\/wp-content\/uploads\/2024\/04\/performance-driven-industrial-coating-solutions-1170x400-header-dt20240110181117482714-1024x350.webp\" class=\"bg attachment-large size-large\" alt=\"\" \/>                        <div class=\"overlay\"><\/div>            \n                    <\/div>\n\t\t\n        <div class=\"banner-layers container\">\n            <div class=\"fill banner-link\"><\/div>            \n\n   <div id=\"text-box-1661654852\" class=\"text-box banner-layer x50 md-x50 lg-x50 y50 md-y50 lg-y50 res-text\">\n                                <div class=\"text-box-content text dark\">\n              \n              <div class=\"text-inner text-center\">\n                  \n\n<h1>DES SOLUTIONS DE REV\u00caTEMENT INDUSTRIEL AX\u00c9ES SUR LA PERFORMANCE<\/h1>\n<p class=\"lead\"><span style=\"color:#FFFFFF; font-size: 18px\">La performance de Cerakote n'est pas seulement notre objectif, c'est notre garantie.<\/p>\n\n\n              <\/div>\n           <\/div>\n                            \n<style>\n#text-box-1661654852 .text-box-content {\n  background-color: rgba(0, 0, 0, 0.75);\n  font-size: 100%;\n}\n#text-box-1661654852 {\n  width: 60%;\n}\n<\/style>\n    <\/div>\n \n\n        <\/div>\n      <\/div>\n\n            \n<style>\n#banner-419531266 {\n  padding-top: 500px;\n}\n#banner-419531266 .overlay {\n  background-color: rgba(0, 0, 0, 0.17);\n}\n<\/style>\n  <\/div>\n\n\n\n\t<section class=\"section\" id=\"section_1448787006\">\n\t\t<div class=\"section-bg fill\" >\n\t\t\t\t\t\t\t\t\t\n\t\t\t\n\n\t\t<\/div>\n\n\t\t\n\n\t\t<div class=\"section-content relative\">\n\t\t\t\n\n<div class=\"row\"  id=\"row-1282373873\">\n\n\n\t<div id=\"col-467312454\" class=\"col small-12 large-12\"  >\n\t\t\t\t<div class=\"col-inner\"  >\n\t\t\t\n\t\t\t\n\n<div class=\"row\">\n<p>Nous comprenons que dans l'industrie des rev\u00eatements industriels, la performance n'est pas facultative, c'est une n\u00e9cessit\u00e9 absolue. Cerakote se consacre au d\u00e9veloppement de rev\u00eatements qui non seulement r\u00e9pondent aux exigences des applications les plus difficiles de votre industrie, mais les d\u00e9passent.<\/p>\n<\/div>\n<div class=\"row\">\n<h2><span style=\"color: #f69422;\">NOTRE ENGAGEMENT EN FAVEUR DE LA PERFORMANCE<\/h2>\n<p>Nous nous sommes donn\u00e9 pour mission de fournir des rev\u00eatements industriels qui surpassent constamment la concurrence. Voici ce qui nous distingue :<\/p>\n<p><strong>Technologie de pointe :<\/strong>\u00a0nos rev\u00eatements sont formul\u00e9s de mani\u00e8re unique en utilisant les derni\u00e8res avanc\u00e9es en mati\u00e8re de science des mat\u00e9riaux c\u00e9ramiques et de technologie des polym\u00e8res. Cela garantit des caract\u00e9ristiques de performance sup\u00e9rieures telles que la durabilit\u00e9, la r\u00e9sistance \u00e0 la corrosion et la long\u00e9vit\u00e9.<\/p>\n<p><strong>Solutions fonctionnelles :<\/strong>\u00a0nous savons que chaque application industrielle est unique. C'est pourquoi nous fabriquons des rev\u00eatements fonctionnels adapt\u00e9s \u00e0 vos besoins sp\u00e9cifiques. Qu'il s'agisse de machines lourdes, de pipelines ou d'infrastructures critiques, nous avons ce qu'il vous faut.<\/p>\n<p><strong>Des r\u00e9sultats probants :<\/strong>\u00a0Nos rev\u00eatements ont fait leurs preuves dans un large \u00e9ventail d'industries. Nos clients satisfaits font syst\u00e9matiquement \u00e9tat d'une augmentation de la dur\u00e9e de vie des \u00e9quipements, d'une r\u00e9duction des co\u00fbts de maintenance et d'une am\u00e9lioration des performances globales.<\/p>\n<\/div>\n\n\t<div class=\"img has-hover x md-x lg-x y md-y lg-y\" id=\"image_2086143151\">\n\t\t\t\t\t\t\t\t<div class=\"img-inner dark\" >\n\t\t\t<img loading=\"lazy\" decoding=\"async\" width=\"1020\" height=\"349\" src=\"https:\/\/www.cerakotesa.com\/wp-content\/uploads\/2024\/04\/body4-dt20240110181118490379-1024x350.webp\" class=\"attachment-large size-large\" alt=\"\" srcset=\"https:\/\/www.cerakotesa.com\/wp-content\/uploads\/2024\/04\/body4-dt20240110181118490379-1024x350.webp 1024w, https:\/\/www.cerakotesa.com\/wp-content\/uploads\/2024\/04\/body4-dt20240110181118490379-300x103.webp 300w, https:\/\/www.cerakotesa.com\/wp-content\/uploads\/2024\/04\/body4-dt20240110181118490379-768x263.webp 768w, https:\/\/www.cerakotesa.com\/wp-content\/uploads\/2024\/04\/body4-dt20240110181118490379-1536x525.webp 1536w, https:\/\/www.cerakotesa.com\/wp-content\/uploads\/2024\/04\/body4-dt20240110181118490379-18x6.webp 18w, https:\/\/www.cerakotesa.com\/wp-content\/uploads\/2024\/04\/body4-dt20240110181118490379-32x11.webp 32w, https:\/\/www.cerakotesa.com\/wp-content\/uploads\/2024\/04\/body4-dt20240110181118490379-31x11.webp 31w, https:\/\/www.cerakotesa.com\/wp-content\/uploads\/2024\/04\/body4-dt20240110181118490379-247x84.webp 247w, https:\/\/www.cerakotesa.com\/wp-content\/uploads\/2024\/04\/body4-dt20240110181118490379-510x174.webp 510w, https:\/\/www.cerakotesa.com\/wp-content\/uploads\/2024\/04\/body4-dt20240110181118490379.webp 2048w\" sizes=\"auto, (max-width: 1020px) 100vw, 1020px\" \/>\t\t\t\t\t\t\n\t\t\t\t\t<\/div>\n\t\t\t\t\t\t\t\t\n<style>\n#image_2086143151 {\n  width: 100%;\n}\n<\/style>\n\t<\/div>\n\t\n\n<h2><span style=\"color: #f69422;\">PRINCIPAUX AVANTAGES EN TERMES DE PERFORMANCE<\/h2>\n\n\n\t\t<\/div>\n\t\t\t\t\t<\/div>\n\n\t\n\n<\/div>\n<div class=\"row\"  id=\"row-421308540\">\n\n\n\t<div id=\"col-856465193\" class=\"col medium-4 small-12 large-4\"  >\n\t\t\t\t<div class=\"col-inner\"  >\n\t\t\t\n\t\t\t\n\n<h4>UNE DURABILIT\u00c9 EXCEPTIONNELLE<\/h4>\n<p>Nos rev\u00eatements industriels sont con\u00e7us pour r\u00e9sister aux conditions les plus difficiles, garantissant une usure plus longue, un meilleur impact et une r\u00e9sistance accrue \u00e0 l'abrasion.<\/p>\n\n\t\t<\/div>\n\t\t\t\t\t<\/div>\n\n\t\n\n\t<div id=\"col-928154297\" class=\"col medium-4 small-12 large-4\"  >\n\t\t\t\t<div class=\"col-inner\"  >\n\t\t\t\n\t\t\t\n\n<h4>R\u00c9SISTANCE \u00c0 LA CORROSION<\/h4>\n<p>Nous ne laissons pas la corrosion ronger vos investissements. Nos rev\u00eatements offrent une protection de pointe contre la rouille et les autres \u00e9l\u00e9ments corrosifs.<\/p>\n\n\t\t<\/div>\n\t\t\t\t\t<\/div>\n\n\t\n\n\t<div id=\"col-1176404924\" class=\"col medium-4 small-12 large-4\"  >\n\t\t\t\t<div class=\"col-inner\"  >\n\t\t\t\n\t\t\t\n\n<h4>R\u00c9SISTANCE CHIMIQUE<\/h4>\n<p>Les produits chimiques agressifs n'ont rien \u00e0 envier \u00e0 nos rev\u00eatements. Ils r\u00e9sistent aux substances les plus agressives et prot\u00e8gent vos biens.<\/p>\n\n\t\t<\/div>\n\t\t\t\t\t<\/div>\n\n\t\n\n<\/div>\n<div class=\"row\"  id=\"row-1292568574\">\n\n\n\t<div id=\"col-1883458495\" class=\"col medium-4 small-12 large-4\"  >\n\t\t\t\t<div class=\"col-inner\"  >\n\t\t\t\n\t\t\t\n\n<h4>APPLICATION DIRECTE SUR LE SUBSTRAT<\/h4>\n<p>Nos rev\u00eatements industriels sont con\u00e7us pour r\u00e9sister aux conditions les plus difficiles, ce qui garantit que votre \u00e9quipement reste prot\u00e9g\u00e9 et fonctionnel plus longtemps.<\/p>\n\n\t\t<\/div>\n\t\t\t\t\t<\/div>\n\n\t\n\n\t<div id=\"col-1857806662\" class=\"col medium-4 small-12 large-4\"  >\n\t\t\t\t<div class=\"col-inner\"  >\n\t\t\t\n\t\t\t\n\n<h4>REV\u00caTEMENTS EN COUCHES MINCES<\/h4>\n<p>La conception de la couche mince de Cerakote permet une protection maximale contre la corrosion sur les surfaces \u00e0 faible tol\u00e9rance.<\/p>\n\n\t\t<\/div>\n\t\t\t\t\t<\/div>\n\n\t\n\n\t<div id=\"col-1871042885\" class=\"col medium-4 small-12 large-4\"  >\n\t\t\t\t<div class=\"col-inner\"  >\n\t\t\t\n\t\t\t\n\n<h4>STABILIT\u00c9 \u00c0 HAUTE TEMP\u00c9RATURE<\/h4>\n<p>Qu'il s'agisse de chaleur ou de froid extr\u00eames, nos rev\u00eatements conservent leur int\u00e9grit\u00e9 et assurent des performances constantes dans n'importe quel environnement.<\/p>\n\n\t\t<\/div>\n\t\t\t\t\t<\/div>\n\n\t\n\n<\/div>\n<div class=\"row\"  id=\"row-822306031\">\n\n\n\t<div id=\"col-177734055\" class=\"col medium-4 small-12 large-4\"  >\n\t\t\t\t<div class=\"col-inner\"  >\n\t\t\t\n\t\t\t\n\n<h4>HYDROPHOBE ET OL\u00c9OPHOBE<\/h4>\n<p>Finitions r\u00e9sistantes \u00e0 l'eau et \u00e0 l'huile, id\u00e9ales pour toute surface de classe A.<\/p>\n\n\t\t<\/div>\n\t\t\t\t\t<\/div>\n\n\t\n\n\t<div id=\"col-1498642209\" class=\"col medium-4 small-12 large-4\"  >\n\t\t\t\t<div class=\"col-inner\"  >\n\t\t\t\n\t\t\t\n\n<h4>FAIBLE COEFFICIENT DE FROTTEMENT<\/h4>\n<p>Rev\u00eatements lisses et antiadh\u00e9sifs qui rivalisent avec le Teflon\u00ae et d'autres lubrifiants \u00e0 film sec, tout en offrant une r\u00e9sistance sup\u00e9rieure \u00e0 la corrosion.<\/p>\n\n\t\t<\/div>\n\t\t\t\t\t<\/div>\n\n\t\n\n\t<div id=\"col-323614228\" class=\"col medium-4 small-12 large-4\"  >\n\t\t\t\t<div class=\"col-inner\"  >\n\t\t\t\n\t\t\t\n\n<h4>DES SOLUTIONS PERSONNALIS\u00c9ES<\/h4>\n<p>Nous travaillons en \u00e9troite collaboration avec vous pour comprendre vos exigences uniques et fournir des rev\u00eatements sur mesure qui r\u00e9pondent \u00e0 vos sp\u00e9cifications de performance.<\/p>\n\n\t\t<\/div>\n\t\t\t\t\t<\/div>\n\n\t\n\n<\/div>\n<div class=\"row\"  id=\"row-995704634\">\n\n\n\t<div id=\"col-1023252603\" class=\"col small-12 large-12\"  >\n\t\t\t\t<div class=\"col-inner\"  >\n\t\t\t\n\t\t\t\n\n\t<div class=\"img has-hover x md-x lg-x y md-y lg-y\" id=\"image_1496205845\">\n\t\t\t\t\t\t\t\t<div class=\"img-inner dark\" >\n\t\t\t<img loading=\"lazy\" decoding=\"async\" width=\"1020\" height=\"349\" src=\"https:\/\/www.cerakotesa.com\/wp-content\/uploads\/2024\/04\/oil-gasvalves1170x400-dt20210203184929826-1024x350.webp\" class=\"attachment-large size-large\" alt=\"\" srcset=\"https:\/\/www.cerakotesa.com\/wp-content\/uploads\/2024\/04\/oil-gasvalves1170x400-dt20210203184929826-1024x350.webp 1024w, https:\/\/www.cerakotesa.com\/wp-content\/uploads\/2024\/04\/oil-gasvalves1170x400-dt20210203184929826-300x103.webp 300w, https:\/\/www.cerakotesa.com\/wp-content\/uploads\/2024\/04\/oil-gasvalves1170x400-dt20210203184929826-768x263.webp 768w, https:\/\/www.cerakotesa.com\/wp-content\/uploads\/2024\/04\/oil-gasvalves1170x400-dt20210203184929826-18x6.webp 18w, https:\/\/www.cerakotesa.com\/wp-content\/uploads\/2024\/04\/oil-gasvalves1170x400-dt20210203184929826-32x11.webp 32w, https:\/\/www.cerakotesa.com\/wp-content\/uploads\/2024\/04\/oil-gasvalves1170x400-dt20210203184929826-31x11.webp 31w, https:\/\/www.cerakotesa.com\/wp-content\/uploads\/2024\/04\/oil-gasvalves1170x400-dt20210203184929826-247x84.webp 247w, https:\/\/www.cerakotesa.com\/wp-content\/uploads\/2024\/04\/oil-gasvalves1170x400-dt20210203184929826-510x174.webp 510w, https:\/\/www.cerakotesa.com\/wp-content\/uploads\/2024\/04\/oil-gasvalves1170x400-dt20210203184929826.webp 1170w\" sizes=\"auto, (max-width: 1020px) 100vw, 1020px\" \/>\t\t\t\t\t\t\n\t\t\t\t\t<\/div>\n\t\t\t\t\t\t\t\t\n<style>\n#image_1496205845 {\n  width: 100%;\n}\n<\/style>\n\t<\/div>\n\t\n\n\n\t\t<\/div>\n\t\t\t\t\t<\/div>\n\n\t\n\n<\/div>\n<div class=\"row\"  id=\"row-284725627\">\n\n\n\t<div id=\"col-1583800417\" class=\"col small-12 large-12\"  >\n\t\t\t\t<div class=\"col-inner\"  >\n\t\t\t\n\t\t\t\n\n<h2><span style=\"color: #f69422;\">CONSID\u00c9RATIONS ENVIRONNEMENTALES<\/h2>\n<ul>\n<li><strong>Rev\u00eatements conformes aux COV :<\/strong>\u00a0Nos rev\u00eatements sont conformes aux normes COV dans les 50 \u00c9tats.<\/li>\n<li><strong>Rev\u00eatements conformes aux normes REACH\/RoHS :<\/strong>\u00a0Cerakote r\u00e9pond aux normes r\u00e9glementaires pour les clients de l'Union europ\u00e9enne.<\/li>\n<li><strong>Min\u00e9raux de la guerre :<\/strong>\u00a0Nous n'utilisons pas de \"minerais de conflit\" dans nos produits.<\/li>\n<li><strong>Sans plomb ni m\u00e9taux lourds :<\/strong>\u00a0Nos rev\u00eatements ne contiennent pas de m\u00e9taux lourds tels que le plomb, le cobalt ou le chrome hexavalent.<\/li>\n<\/ul>\n\n<div class=\"row\"  id=\"row-1597519050\">\n\n\n\t<div id=\"col-55261677\" class=\"col medium-6 small-12 large-6\"  >\n\t\t\t\t<div class=\"col-inner\"  >\n\t\t\t\n\t\t\t\n\n\t<div class=\"img has-hover x md-x lg-x y md-y lg-y\" id=\"image_70474436\">\n\t\t\t\t\t\t\t\t<div class=\"img-inner dark\" >\n\t\t\t<img loading=\"lazy\" decoding=\"async\" width=\"530\" height=\"530\" src=\"https:\/\/www.cerakotesa.com\/wp-content\/uploads\/2024\/04\/0000body2-dt20240110181119504986.webp\" class=\"attachment-large size-large\" alt=\"\" srcset=\"https:\/\/www.cerakotesa.com\/wp-content\/uploads\/2024\/04\/0000body2-dt20240110181119504986.webp 530w, https:\/\/www.cerakotesa.com\/wp-content\/uploads\/2024\/04\/0000body2-dt20240110181119504986-300x300.webp 300w, https:\/\/www.cerakotesa.com\/wp-content\/uploads\/2024\/04\/0000body2-dt20240110181119504986-150x150.webp 150w, https:\/\/www.cerakotesa.com\/wp-content\/uploads\/2024\/04\/0000body2-dt20240110181119504986-12x12.webp 12w, https:\/\/www.cerakotesa.com\/wp-content\/uploads\/2024\/04\/0000body2-dt20240110181119504986-32x32.webp 32w, https:\/\/www.cerakotesa.com\/wp-content\/uploads\/2024\/04\/0000body2-dt20240110181119504986-80x80.webp 80w, https:\/\/www.cerakotesa.com\/wp-content\/uploads\/2024\/04\/0000body2-dt20240110181119504986-27x27.webp 27w, https:\/\/www.cerakotesa.com\/wp-content\/uploads\/2024\/04\/0000body2-dt20240110181119504986-247x247.webp 247w, https:\/\/www.cerakotesa.com\/wp-content\/uploads\/2024\/04\/0000body2-dt20240110181119504986-510x510.webp 510w, https:\/\/www.cerakotesa.com\/wp-content\/uploads\/2024\/04\/0000body2-dt20240110181119504986-100x100.webp 100w\" sizes=\"auto, (max-width: 530px) 100vw, 530px\" \/>\t\t\t\t\t\t\n\t\t\t\t\t<\/div>\n\t\t\t\t\t\t\t\t\n<style>\n#image_70474436 {\n  width: 100%;\n}\n<\/style>\n\t<\/div>\n\t\n\n\n\t\t<\/div>\n\t\t\t\t\t<\/div>\n\n\t\n\n\t<div id=\"col-167932008\" class=\"col medium-6 small-12 large-6\"  >\n\t\t\t\t<div class=\"col-inner\"  >\n\t\t\t\n\t\t\t\n\n\t<div class=\"img has-hover x md-x lg-x y md-y lg-y\" id=\"image_257088889\">\n\t\t\t\t\t\t\t\t<div class=\"img-inner dark\" >\n\t\t\t<img loading=\"lazy\" decoding=\"async\" width=\"530\" height=\"530\" src=\"https:\/\/www.cerakotesa.com\/wp-content\/uploads\/2024\/04\/0001body1-dt20240110181116800824.webp\" class=\"attachment-large size-large\" alt=\"\" srcset=\"https:\/\/www.cerakotesa.com\/wp-content\/uploads\/2024\/04\/0001body1-dt20240110181116800824.webp 530w, https:\/\/www.cerakotesa.com\/wp-content\/uploads\/2024\/04\/0001body1-dt20240110181116800824-300x300.webp 300w, https:\/\/www.cerakotesa.com\/wp-content\/uploads\/2024\/04\/0001body1-dt20240110181116800824-150x150.webp 150w, https:\/\/www.cerakotesa.com\/wp-content\/uploads\/2024\/04\/0001body1-dt20240110181116800824-12x12.webp 12w, https:\/\/www.cerakotesa.com\/wp-content\/uploads\/2024\/04\/0001body1-dt20240110181116800824-32x32.webp 32w, https:\/\/www.cerakotesa.com\/wp-content\/uploads\/2024\/04\/0001body1-dt20240110181116800824-80x80.webp 80w, https:\/\/www.cerakotesa.com\/wp-content\/uploads\/2024\/04\/0001body1-dt20240110181116800824-27x27.webp 27w, https:\/\/www.cerakotesa.com\/wp-content\/uploads\/2024\/04\/0001body1-dt20240110181116800824-247x247.webp 247w, https:\/\/www.cerakotesa.com\/wp-content\/uploads\/2024\/04\/0001body1-dt20240110181116800824-510x510.webp 510w, https:\/\/www.cerakotesa.com\/wp-content\/uploads\/2024\/04\/0001body1-dt20240110181116800824-100x100.webp 100w\" sizes=\"auto, (max-width: 530px) 100vw, 530px\" \/>\t\t\t\t\t\t\n\t\t\t\t\t<\/div>\n\t\t\t\t\t\t\t\t\n<style>\n#image_257088889 {\n  width: 100%;\n}\n<\/style>\n\t<\/div>\n\t\n\n\n\t\t<\/div>\n\t\t\t\t\t<\/div>\n\n\t\n\n<\/div>\n<div class=\"row\"  id=\"row-330673580\">\n\n\n\t<div id=\"col-1834553770\" class=\"col small-12 large-12\"  >\n\t\t\t\t<div class=\"col-inner\"  >\n\t\t\t\n\t\t\t\n\n<h2><span style=\"color: #f69422;\">LA CERAKOTE EST UNE ALTERNATIVE POUR<\/h2>\n\n<div class=\"row\"  id=\"row-768703513\">\n\n\n\t<div id=\"col-725080103\" class=\"col medium-4 small-12 large-4\"  >\n\t\t\t\t<div class=\"col-inner\"  >\n\t\t\t\n\t\t\t\n\n<ul>\n<li>Anodisation<\/li>\n<li>Conversion des chromates<\/li>\n<li>E-Coat<\/li>\n<li>Galvanisation<\/li>\n<li>Placage nickel\u00e9<\/li>\n<\/ul>\n\n\t\t<\/div>\n\t\t\t\t\t<\/div>\n\n\t\n\n\t<div id=\"col-1855971668\" class=\"col medium-4 small-12 large-4\"  >\n\t\t\t\t<div class=\"col-inner\"  >\n\t\t\t\n\t\t\t\n\n<ul>\n<li>Nitruration<\/li>\n<li>Peinture<\/li>\n<li>Phosphate<\/li>\n<li>Rev\u00eatement par poudre<\/li>\n<li>PTFE<\/li>\n<\/ul>\n\n\t\t<\/div>\n\t\t\t\t\t<\/div>\n\n\t\n\n\t<div id=\"col-1544428725\" class=\"col medium-4 small-12 large-4\"  >\n\t\t\t\t<div class=\"col-inner\"  >\n\t\t\t\n\t\t\t\n\n<ul>\n<li>PVD<\/li>\n<li>Xylan\u00ae\/T\u00e9flon\u00ae<\/li>\n<li>Placage de zinc<\/li>\n<\/ul>\n\n\t\t<\/div>\n\t\t\t\t\t<\/div>\n\n\t\n\n<\/div>\n<p>Lorsqu'il s'agit de rev\u00eatements industriels, nous savons que la performance est importante. Choisissez Cerakote pour des rev\u00eatements qui non seulement r\u00e9pondent, mais d\u00e9passent vos attentes et celles de vos clients. Notre engagement est de fabriquer des solutions de rev\u00eatements c\u00e9ramiques de la plus haute qualit\u00e9 pour r\u00e9pondre \u00e0 vos besoins sp\u00e9cifiques. Contactez-nous d\u00e8s aujourd'hui pour d\u00e9couvrir comment l'avantage de Cerakote en termes de performances peut vous aider.<\/p>\n<div class=\"video video-fit mb\" style=\"padding-top:56.25%;\"><iframe loading=\"lazy\" title=\"Cerakote vs. Teflon\u00ae et Xylan\u00ae - Qui sera le plus fort ?\" width=\"1020\" height=\"574\" src=\"https:\/\/www.youtube.com\/embed\/AoGdWMDoNGw?feature=oembed\" frameborder=\"0\" allow=\"accelerometer; autoplay; clipboard-write; encrypted-media; gyroscope; picture-in-picture; web-share\" referrerpolicy=\"strict-origin-when-cross-origin\" allowfullscreen><\/iframe><\/div>\n\n<h2><span style=\"color: #f69422;\">CONTACTEZ-NOUS D\u00c8S AUJOURD'HUI<\/span><\/h2>\n<p>Pr\u00eat \u00e0 am\u00e9liorer la durabilit\u00e9, la discr\u00e9tion et la protection de votre \u00e9quipement industriel ? Contactez notre \u00e9quipe exp\u00e9riment\u00e9e d\u00e8s aujourd'hui. Nous sommes l\u00e0 pour r\u00e9pondre \u00e0 vos questions, vous fournir une assistance technique et collaborer avec vous pour trouver la solution de rev\u00eatement parfaite pour vos besoins industriels sp\u00e9cifiques.<\/p>\n<p><strong>Contactez-nous d\u00e8s aujourd'hui :<\/strong> <a href=\"mailto:enquiries@cerakoteeu.com\" target=\"_blank\" rel=\"noopener\">enquiries@cerakoteeu.com<\/a><\/p>\n\n\t\t<\/div>\n\t\t\t\t\t<\/div>\n\n\t\n\n<\/div>\n\n\t\t<\/div>\n\t\t\t\t\t<\/div>\n\n\t\n\n<\/div>\n\n\t\t<\/div>\n\n\t\t\n<style>\n#section_1448787006 {\n  padding-top: 30px;\n  padding-bottom: 30px;\n}\n<\/style>\n\t<\/section>","protected":false},"excerpt":{"rendered":"","protected":false},"author":1,"featured_media":0,"parent":6831,"menu_order":0,"comment_status":"closed","ping_status":"closed","template":"","meta":{"_acf_changed":false,"footnotes":""},"class_list":["post-17135","page","type-page","status-publish","hentry"],"yoast_head":"<!-- This site is optimized with the Yoast SEO plugin v26.7 - https:\/\/yoast.com\/wordpress\/plugins\/seo\/ -->\n<title>Performance Driven Industrial Coating Solutions - Cerakote South Africa<\/title>\n<meta name=\"robots\" content=\"index, follow, max-snippet:-1, max-image-preview:large, max-video-preview:-1\" \/>\n<link rel=\"canonical\" href=\"https:\/\/www.cerakotesa.com\/fr\/cerakote-industries\/performance-driven-industrial-coating-solutions\/\" \/>\n<meta property=\"og:locale\" content=\"fr_FR\" \/>\n<meta property=\"og:type\" content=\"article\" \/>\n<meta property=\"og:title\" content=\"Performance Driven Industrial Coating Solutions - Cerakote South Africa\" \/>\n<meta property=\"og:url\" content=\"https:\/\/www.cerakotesa.com\/fr\/cerakote-industries\/performance-driven-industrial-coating-solutions\/\" \/>\n<meta property=\"og:site_name\" content=\"Cerakote South Africa\" \/>\n<meta property=\"article:modified_time\" content=\"2024-04-01T16:03:39+00:00\" \/>\n<meta name=\"twitter:card\" content=\"summary_large_image\" \/>\n<meta name=\"twitter:label1\" content=\"Dur\u00e9e de lecture estim\u00e9e\" \/>\n\t<meta name=\"twitter:data1\" content=\"3 minutes\" \/>\n<script type=\"application\/ld+json\" class=\"yoast-schema-graph\">{\"@context\":\"https:\/\/schema.org\",\"@graph\":[{\"@type\":\"WebPage\",\"@id\":\"https:\/\/www.cerakotesa.com\/cerakote-industries\/performance-driven-industrial-coating-solutions\/\",\"url\":\"https:\/\/www.cerakotesa.com\/cerakote-industries\/performance-driven-industrial-coating-solutions\/\",\"name\":\"Performance Driven Industrial Coating Solutions - Cerakote South Africa\",\"isPartOf\":{\"@id\":\"https:\/\/www.cerakotesa.com\/#website\"},\"datePublished\":\"2024-04-01T15:40:44+00:00\",\"dateModified\":\"2024-04-01T16:03:39+00:00\",\"breadcrumb\":{\"@id\":\"https:\/\/www.cerakotesa.com\/cerakote-industries\/performance-driven-industrial-coating-solutions\/#breadcrumb\"},\"inLanguage\":\"fr-FR\",\"potentialAction\":[{\"@type\":\"ReadAction\",\"target\":[\"https:\/\/www.cerakotesa.com\/cerakote-industries\/performance-driven-industrial-coating-solutions\/\"]}]},{\"@type\":\"BreadcrumbList\",\"@id\":\"https:\/\/www.cerakotesa.com\/cerakote-industries\/performance-driven-industrial-coating-solutions\/#breadcrumb\",\"itemListElement\":[{\"@type\":\"ListItem\",\"position\":1,\"name\":\"Home\",\"item\":\"https:\/\/www.cerakotesa.com\/\"},{\"@type\":\"ListItem\",\"position\":2,\"name\":\"Industries\",\"item\":\"https:\/\/www.cerakotesa.com\/cerakote-industries\/\"},{\"@type\":\"ListItem\",\"position\":3,\"name\":\"Performance Driven Industrial Coating Solutions\"}]},{\"@type\":\"WebSite\",\"@id\":\"https:\/\/www.cerakotesa.com\/#website\",\"url\":\"https:\/\/www.cerakotesa.com\/\",\"name\":\"Cerakote South Africa\",\"description\":\"Cerakote is a global leader in the manufacturing of thin-film protective ceramic coatings\",\"potentialAction\":[{\"@type\":\"SearchAction\",\"target\":{\"@type\":\"EntryPoint\",\"urlTemplate\":\"https:\/\/www.cerakotesa.com\/?s={search_term_string}\"},\"query-input\":{\"@type\":\"PropertyValueSpecification\",\"valueRequired\":true,\"valueName\":\"search_term_string\"}}],\"inLanguage\":\"fr-FR\"}]}<\/script>\n<!-- \/ Yoast SEO plugin. -->","yoast_head_json":{"title":"Performance Driven Industrial Coating Solutions - Cerakote South Africa","robots":{"index":"index","follow":"follow","max-snippet":"max-snippet:-1","max-image-preview":"max-image-preview:large","max-video-preview":"max-video-preview:-1"},"canonical":"https:\/\/www.cerakotesa.com\/fr\/cerakote-industries\/performance-driven-industrial-coating-solutions\/","og_locale":"fr_FR","og_type":"article","og_title":"Performance Driven Industrial Coating Solutions - Cerakote South Africa","og_url":"https:\/\/www.cerakotesa.com\/fr\/cerakote-industries\/performance-driven-industrial-coating-solutions\/","og_site_name":"Cerakote South Africa","article_modified_time":"2024-04-01T16:03:39+00:00","twitter_card":"summary_large_image","twitter_misc":{"Dur\u00e9e de lecture estim\u00e9e":"3 minutes"},"schema":{"@context":"https:\/\/schema.org","@graph":[{"@type":"WebPage","@id":"https:\/\/www.cerakotesa.com\/cerakote-industries\/performance-driven-industrial-coating-solutions\/","url":"https:\/\/www.cerakotesa.com\/cerakote-industries\/performance-driven-industrial-coating-solutions\/","name":"Performance Driven Industrial Coating Solutions - Cerakote South Africa","isPartOf":{"@id":"https:\/\/www.cerakotesa.com\/#website"},"datePublished":"2024-04-01T15:40:44+00:00","dateModified":"2024-04-01T16:03:39+00:00","breadcrumb":{"@id":"https:\/\/www.cerakotesa.com\/cerakote-industries\/performance-driven-industrial-coating-solutions\/#breadcrumb"},"inLanguage":"fr-FR","potentialAction":[{"@type":"ReadAction","target":["https:\/\/www.cerakotesa.com\/cerakote-industries\/performance-driven-industrial-coating-solutions\/"]}]},{"@type":"BreadcrumbList","@id":"https:\/\/www.cerakotesa.com\/cerakote-industries\/performance-driven-industrial-coating-solutions\/#breadcrumb","itemListElement":[{"@type":"ListItem","position":1,"name":"Home","item":"https:\/\/www.cerakotesa.com\/"},{"@type":"ListItem","position":2,"name":"Industries","item":"https:\/\/www.cerakotesa.com\/cerakote-industries\/"},{"@type":"ListItem","position":3,"name":"Performance Driven Industrial Coating Solutions"}]},{"@type":"WebSite","@id":"https:\/\/www.cerakotesa.com\/#website","url":"https:\/\/www.cerakotesa.com\/","name":"Cerakote South Africa","description":"Cerakote est un leader mondial dans la fabrication de rev\u00eatements c\u00e9ramiques protecteurs en couches minces.","potentialAction":[{"@type":"SearchAction","target":{"@type":"EntryPoint","urlTemplate":"https:\/\/www.cerakotesa.com\/?s={search_term_string}"},"query-input":{"@type":"PropertyValueSpecification","valueRequired":true,"valueName":"search_term_string"}}],"inLanguage":"fr-FR"}]}},"acf":[],"_links":{"self":[{"href":"https:\/\/www.cerakotesa.com\/fr\/wp-json\/wp\/v2\/pages\/17135","targetHints":{"allow":["GET"]}}],"collection":[{"href":"https:\/\/www.cerakotesa.com\/fr\/wp-json\/wp\/v2\/pages"}],"about":[{"href":"https:\/\/www.cerakotesa.com\/fr\/wp-json\/wp\/v2\/types\/page"}],"author":[{"embeddable":true,"href":"https:\/\/www.cerakotesa.com\/fr\/wp-json\/wp\/v2\/users\/1"}],"replies":[{"embeddable":true,"href":"https:\/\/www.cerakotesa.com\/fr\/wp-json\/wp\/v2\/comments?post=17135"}],"version-history":[{"count":0,"href":"https:\/\/www.cerakotesa.com\/fr\/wp-json\/wp\/v2\/pages\/17135\/revisions"}],"up":[{"embeddable":true,"href":"https:\/\/www.cerakotesa.com\/fr\/wp-json\/wp\/v2\/pages\/6831"}],"wp:attachment":[{"href":"https:\/\/www.cerakotesa.com\/fr\/wp-json\/wp\/v2\/media?parent=17135"}],"curies":[{"name":"wp","href":"https:\/\/api.w.org\/{rel}","templated":true}]}}