{"id":17143,"date":"2024-04-01T15:52:00","date_gmt":"2024-04-01T15:52:00","guid":{"rendered":"https:\/\/www.cerakotesa.com\/?page_id=17143"},"modified":"2024-04-01T16:03:30","modified_gmt":"2024-04-01T16:03:30","slug":"medical-device-coating-solutions","status":"publish","type":"page","link":"https:\/\/www.cerakotesa.com\/fr\/cerakote-industries\/medical-device-coating-solutions\/","title":{"rendered":"Solutions de rev\u00eatement pour les dispositifs m\u00e9dicaux"},"content":{"rendered":"<div class=\"banner has-hover\" id=\"banner-1088520422\">\n          <div class=\"banner-inner fill\">\n        <div class=\"banner-bg fill\" >\n            <img loading=\"lazy\" decoding=\"async\" width=\"1020\" height=\"349\" src=\"https:\/\/www.cerakotesa.com\/wp-content\/uploads\/2024\/04\/01headermicroscope-dt20240119221653970405-1024x350.webp\" class=\"bg attachment-large size-large\" alt=\"\" \/>                        <div class=\"overlay\"><\/div>            \n                    <\/div>\n\t\t\n        <div class=\"banner-layers container\">\n            <div class=\"fill banner-link\"><\/div>            \n\n   <div id=\"text-box-915566059\" class=\"text-box banner-layer x50 md-x50 lg-x50 y50 md-y50 lg-y50 res-text\">\n                                <div class=\"text-box-content text dark\">\n              \n              <div class=\"text-inner text-center\">\n                  \n\n<h1>SOLUTIONS DE REV\u00caTEMENT POUR LES DISPOSITIFS M\u00c9DICAUX<\/h1>\n\n              <\/div>\n           <\/div>\n                            \n<style>\n#text-box-915566059 .text-box-content {\n  background-color: rgba(0, 0, 0, 0.75);\n  font-size: 100%;\n}\n#text-box-915566059 {\n  width: 60%;\n}\n<\/style>\n    <\/div>\n \n\n        <\/div>\n      <\/div>\n\n              <div class=\"height-fix is-invisible\"><img loading=\"lazy\" decoding=\"async\" width=\"1020\" height=\"349\" src=\"https:\/\/www.cerakotesa.com\/wp-content\/uploads\/2024\/04\/01headermicroscope-dt20240119221653970405-1024x350.webp\" class=\"attachment-large size-large\" alt=\"\" srcset=\"https:\/\/www.cerakotesa.com\/wp-content\/uploads\/2024\/04\/01headermicroscope-dt20240119221653970405-1024x350.webp 1024w, https:\/\/www.cerakotesa.com\/wp-content\/uploads\/2024\/04\/01headermicroscope-dt20240119221653970405-300x103.webp 300w, https:\/\/www.cerakotesa.com\/wp-content\/uploads\/2024\/04\/01headermicroscope-dt20240119221653970405-768x263.webp 768w, https:\/\/www.cerakotesa.com\/wp-content\/uploads\/2024\/04\/01headermicroscope-dt20240119221653970405-18x6.webp 18w, https:\/\/www.cerakotesa.com\/wp-content\/uploads\/2024\/04\/01headermicroscope-dt20240119221653970405-32x11.webp 32w, https:\/\/www.cerakotesa.com\/wp-content\/uploads\/2024\/04\/01headermicroscope-dt20240119221653970405-31x11.webp 31w, https:\/\/www.cerakotesa.com\/wp-content\/uploads\/2024\/04\/01headermicroscope-dt20240119221653970405-247x84.webp 247w, https:\/\/www.cerakotesa.com\/wp-content\/uploads\/2024\/04\/01headermicroscope-dt20240119221653970405-510x174.webp 510w, https:\/\/www.cerakotesa.com\/wp-content\/uploads\/2024\/04\/01headermicroscope-dt20240119221653970405.webp 1170w\" sizes=\"auto, (max-width: 1020px) 100vw, 1020px\" \/><\/div>\n            \n<style>\n#banner-1088520422 .overlay {\n  background-color: rgba(0, 0, 0, 0.17);\n}\n<\/style>\n  <\/div>\n\n\n\n\t<section class=\"section\" id=\"section_2012960025\">\n\t\t<div class=\"section-bg fill\" >\n\t\t\t\t\t\t\t\t\t\n\t\t\t\n\n\t\t<\/div>\n\n\t\t\n\n\t\t<div class=\"section-content relative\">\n\t\t\t\n\n<div class=\"row\"  id=\"row-1895582028\">\n\n\n\t<div id=\"col-1103745560\" class=\"col small-12 large-12\"  >\n\t\t\t\t<div class=\"col-inner\"  >\n\t\t\t\n\t\t\t\n\n<p>Cerakote est le principal fabricant de rev\u00eatements c\u00e9ramiques industriels et se consacre \u00e0 la fourniture de solutions de rev\u00eatement avanc\u00e9es pour l'industrie des dispositifs m\u00e9dicaux. Nous comprenons l'importance critique de la pr\u00e9cision, de la s\u00e9curit\u00e9 et de la conformit\u00e9 dans ce domaine. Nos rev\u00eatements sont con\u00e7us pour r\u00e9pondre \u00e0 ces exigences et les d\u00e9passer.<\/p>\n\t<div class=\"img has-hover x md-x lg-x y md-y lg-y\" id=\"image_392285774\">\n\t\t\t\t\t\t\t\t<div class=\"img-inner dark\" >\n\t\t\t<img loading=\"lazy\" decoding=\"async\" width=\"1020\" height=\"349\" src=\"https:\/\/www.cerakotesa.com\/wp-content\/uploads\/2024\/04\/02fullwidthbodyprosthetic-dt20240119221650001449-1024x350.webp\" class=\"attachment-large size-large\" alt=\"\" srcset=\"https:\/\/www.cerakotesa.com\/wp-content\/uploads\/2024\/04\/02fullwidthbodyprosthetic-dt20240119221650001449-1024x350.webp 1024w, https:\/\/www.cerakotesa.com\/wp-content\/uploads\/2024\/04\/02fullwidthbodyprosthetic-dt20240119221650001449-300x103.webp 300w, https:\/\/www.cerakotesa.com\/wp-content\/uploads\/2024\/04\/02fullwidthbodyprosthetic-dt20240119221650001449-768x263.webp 768w, https:\/\/www.cerakotesa.com\/wp-content\/uploads\/2024\/04\/02fullwidthbodyprosthetic-dt20240119221650001449-18x6.webp 18w, https:\/\/www.cerakotesa.com\/wp-content\/uploads\/2024\/04\/02fullwidthbodyprosthetic-dt20240119221650001449-32x11.webp 32w, https:\/\/www.cerakotesa.com\/wp-content\/uploads\/2024\/04\/02fullwidthbodyprosthetic-dt20240119221650001449-31x11.webp 31w, https:\/\/www.cerakotesa.com\/wp-content\/uploads\/2024\/04\/02fullwidthbodyprosthetic-dt20240119221650001449-247x84.webp 247w, https:\/\/www.cerakotesa.com\/wp-content\/uploads\/2024\/04\/02fullwidthbodyprosthetic-dt20240119221650001449-510x174.webp 510w, https:\/\/www.cerakotesa.com\/wp-content\/uploads\/2024\/04\/02fullwidthbodyprosthetic-dt20240119221650001449.webp 1170w\" sizes=\"auto, (max-width: 1020px) 100vw, 1020px\" \/>\t\t\t\t\t\t\n\t\t\t\t\t<\/div>\n\t\t\t\t\t\t\t\t\n<style>\n#image_392285774 {\n  width: 100%;\n}\n<\/style>\n\t<\/div>\n\t\n\n<h2><span style=\"color: #f69422;\">POURQUOI CHOISIR LES REV\u00caTEMENTS CERAKOTE POUR LES DISPOSITIFS M\u00c9DICAUX ?<\/h2>\n<p><strong>Des performances exceptionnelles<\/strong><\/p>\n<p>Nos rev\u00eatements sont con\u00e7us pour am\u00e9liorer les performances des dispositifs m\u00e9dicaux, des instruments chirurgicaux aux \u00e9quipements de diagnostic. En mettant l'accent sur la durabilit\u00e9 et la fiabilit\u00e9, nous veillons \u00e0 ce que la finition de vos appareils dure tout au long de leur cycle de vie.<\/p>\n<p><strong>Biocompatibilit\u00e9<\/strong><\/p>\n<p>Dans l'industrie des dispositifs m\u00e9dicaux, la biocompatibilit\u00e9 n'est pas n\u00e9gociable. Nos rev\u00eatements sont formul\u00e9s pour r\u00e9pondre aux normes de biocompatibilit\u00e9 les plus strictes, ce qui garantit qu'ils peuvent \u00eatre utilis\u00e9s en toute s\u00e9curit\u00e9 au contact du corps humain.<\/p>\n<ul>\n<li><a href=\"https:\/\/images.nicindustries.com\/cerakote\/documents\/5433\/acute-systemic-toxicity-test-on-cerakote-e-100-elite-blackout-dt20231219000302435653.pdf?_gl=1*k6b8p3*_gcl_au*Mzc2MDg2MTM4LjE3MTEwMjcxNDk.*_ga*MzA1NTg5MjI4LjE3MTEwMjcxNDk.*_ga_KPM5Q2PRTX*MTcxMTk4MjgyNS4zLjEuMTcxMTk4NjA2MS41Ny4wLjA.\" target=\"_blank\" rel=\"noopener\">Test de toxicit\u00e9 syst\u00e9mique aigu\u00eb<\/a><\/li>\n<li><a href=\"https:\/\/images.nicindustries.com\/cerakote\/documents\/5429\/cytotoxicity-mem-elution-test-with-cerakote-blackout-e-100-dt20231218235307294383.pdf\" target=\"_blank\" rel=\"noopener\">Cytotoxicit\u00e9 aigu\u00eb Test d'\u00e9lution MEM<\/a><\/li>\n<li><a href=\"https:\/\/images.nicindustries.com\/cerakote\/documents\/5430\/hemolysis-test-on-cerakote-blackout-e-100-dt20231218235348853886.pdf\" target=\"_blank\" rel=\"noopener\">Test d'h\u00e9molyse<\/a><\/li>\n<li><a href=\"https:\/\/images.nicindustries.com\/cerakote\/documents\/5431\/intracutaneous-reactivity-test-with-cerakote-elite-blackout-e-100-dt20231218235557858339.pdf\" target=\"_blank\" rel=\"noopener\">Test de r\u00e9activit\u00e9 intracutan\u00e9e<\/a><\/li>\n<li><a href=\"https:\/\/images.nicindustries.com\/cerakote\/documents\/5435\/pyrogenicity-test-with-cerakote-e-100-elite-blackout-dt20231219194430408436.pdf\" target=\"_blank\" rel=\"noopener\">Test de pyrog\u00e9nicit\u00e9<\/a><\/li>\n<\/ul>\n<p><strong>Conformit\u00e9 r\u00e9glementaire<\/strong><\/p>\n<p>Nous comprenons la complexit\u00e9 et l'\u00e9volution du paysage r\u00e9glementaire de l'industrie des dispositifs m\u00e9dicaux. Nos rev\u00eatements sont d\u00e9velopp\u00e9s dans un souci de conformit\u00e9 totale, ce qui vous permet de vous conformer facilement aux exigences r\u00e9glementaires.<\/p>\n<p><strong>Protection sup\u00e9rieure contre la corrosion<\/strong><\/p>\n<p>Dans le monde d'aujourd'hui, le contr\u00f4le des infections est primordial. Nos rev\u00eatements peuvent int\u00e9grer des propri\u00e9t\u00e9s antimicrobiennes, offrant ainsi une protection suppl\u00e9mentaire contre les agents pathog\u00e8nes et contribuant \u00e0 la s\u00e9curit\u00e9 des patients.<\/p>\n<p><strong>Durabilit\u00e9 accrue<\/strong><\/p>\n<p>Les dispositifs m\u00e9dicaux sont soumis \u00e0 des conditions rigoureuses. Nos rev\u00eatements ajoutent une couche de protection suppl\u00e9mentaire, am\u00e9liorant la durabilit\u00e9 de vos appareils et r\u00e9duisant les co\u00fbts de maintenance et de remplacement.<\/p>\n<p><strong>Rev\u00eatements fonctionnels pour l'industrie des dispositifs m\u00e9dicaux<\/strong><\/p>\n<p>Chez Cerakote, nous proposons une gamme de rev\u00eatements adapt\u00e9s aux besoins uniques du secteur des dispositifs m\u00e9dicaux :<\/p>\n<ul>\n<li><strong>Rev\u00eatements antireflets :<\/strong>\u00a0Am\u00e9liorer la visibilit\u00e9 dans les environnements chirurgicaux et les \u00e9quipements de diagnostic, en am\u00e9liorant la pr\u00e9cision et en r\u00e9duisant la fatigue oculaire.<\/li>\n<li><strong>Rev\u00eatements hydrophobes et ol\u00e9ophobes :<\/strong>\u00a0Prot\u00e9gez vos appareils de l'humidit\u00e9 et de l'huile, afin de garantir des performances constantes dans toutes les conditions.<\/li>\n<li><strong>Rev\u00eatements biocompatibles :<\/strong>\u00a0Con\u00e7us pour r\u00e9pondre aux normes de biocompatibilit\u00e9 les plus strictes, ils peuvent \u00eatre utilis\u00e9s en toute s\u00e9curit\u00e9 dans les dispositifs m\u00e9dicaux entrant en contact avec le corps humain.<\/li>\n<li><strong>Rev\u00eatements r\u00e9sistants \u00e0 la corrosion :<\/strong>\u00a0Protection contre les environnements difficiles, y compris la st\u00e9rilisation et les nettoyants corrosifs.<\/li>\n<li><strong>Rev\u00eatements protecteurs durables :<\/strong>\u00a0Augmentez la dur\u00e9e de vie de vos appareils en les prot\u00e9geant de l'usure, de l'abrasion et de la corrosion.<\/li>\n<\/ul>\n\n\t<div class=\"img has-hover x md-x lg-x y md-y lg-y\" id=\"image_2127104288\">\n\t\t\t\t\t\t\t\t<div class=\"img-inner dark\" >\n\t\t\t<img loading=\"lazy\" decoding=\"async\" width=\"1020\" height=\"349\" src=\"https:\/\/www.cerakotesa.com\/wp-content\/uploads\/2024\/04\/03fullwidthbodydragonfly-dt20240119221650928457-1024x350.webp\" class=\"attachment-large size-large\" alt=\"\" srcset=\"https:\/\/www.cerakotesa.com\/wp-content\/uploads\/2024\/04\/03fullwidthbodydragonfly-dt20240119221650928457-1024x350.webp 1024w, https:\/\/www.cerakotesa.com\/wp-content\/uploads\/2024\/04\/03fullwidthbodydragonfly-dt20240119221650928457-300x103.webp 300w, https:\/\/www.cerakotesa.com\/wp-content\/uploads\/2024\/04\/03fullwidthbodydragonfly-dt20240119221650928457-768x263.webp 768w, https:\/\/www.cerakotesa.com\/wp-content\/uploads\/2024\/04\/03fullwidthbodydragonfly-dt20240119221650928457-18x6.webp 18w, https:\/\/www.cerakotesa.com\/wp-content\/uploads\/2024\/04\/03fullwidthbodydragonfly-dt20240119221650928457-32x11.webp 32w, https:\/\/www.cerakotesa.com\/wp-content\/uploads\/2024\/04\/03fullwidthbodydragonfly-dt20240119221650928457-31x11.webp 31w, https:\/\/www.cerakotesa.com\/wp-content\/uploads\/2024\/04\/03fullwidthbodydragonfly-dt20240119221650928457-247x84.webp 247w, https:\/\/www.cerakotesa.com\/wp-content\/uploads\/2024\/04\/03fullwidthbodydragonfly-dt20240119221650928457-510x174.webp 510w, https:\/\/www.cerakotesa.com\/wp-content\/uploads\/2024\/04\/03fullwidthbodydragonfly-dt20240119221650928457.webp 1170w\" sizes=\"auto, (max-width: 1020px) 100vw, 1020px\" \/>\t\t\t\t\t\t\n\t\t\t\t\t<\/div>\n\t\t\t\t\t\t\t\t\n<style>\n#image_2127104288 {\n  width: 100%;\n}\n<\/style>\n\t<\/div>\n\t\n\n<h2><span style=\"color: #f69422;\">FAITES L'EXP\u00c9RIENCE DE LA DIFF\u00c9RENCE CERAKOTE<\/h2>\n<p>Forte d'une tradition d'innovation et d'un engagement en faveur de l'excellence, Cerakote est votre partenaire id\u00e9al dans l'industrie des dispositifs m\u00e9dicaux. Les principaux fabricants d'appareils m\u00e9dicaux du monde entier font confiance \u00e0 nos rev\u00eatements.<\/p>\n\n<div class=\"row\"  id=\"row-801393512\">\n\n\n\t<div id=\"col-674652551\" class=\"col medium-6 small-12 large-6\"  >\n\t\t\t\t<div class=\"col-inner\"  >\n\t\t\t\n\t\t\t\n\n\t<div class=\"img has-hover x md-x lg-x y md-y lg-y\" id=\"image_704313853\">\n\t\t\t\t\t\t\t\t<div class=\"img-inner dark\" >\n\t\t\t<img loading=\"lazy\" decoding=\"async\" width=\"600\" height=\"600\" src=\"https:\/\/www.cerakotesa.com\/wp-content\/uploads\/2024\/04\/04sidebysideleftbabyhelmet-dt20240119221655770357.webp\" class=\"attachment-large size-large\" alt=\"\" srcset=\"https:\/\/www.cerakotesa.com\/wp-content\/uploads\/2024\/04\/04sidebysideleftbabyhelmet-dt20240119221655770357.webp 600w, https:\/\/www.cerakotesa.com\/wp-content\/uploads\/2024\/04\/04sidebysideleftbabyhelmet-dt20240119221655770357-300x300.webp 300w, https:\/\/www.cerakotesa.com\/wp-content\/uploads\/2024\/04\/04sidebysideleftbabyhelmet-dt20240119221655770357-150x150.webp 150w, https:\/\/www.cerakotesa.com\/wp-content\/uploads\/2024\/04\/04sidebysideleftbabyhelmet-dt20240119221655770357-12x12.webp 12w, https:\/\/www.cerakotesa.com\/wp-content\/uploads\/2024\/04\/04sidebysideleftbabyhelmet-dt20240119221655770357-32x32.webp 32w, https:\/\/www.cerakotesa.com\/wp-content\/uploads\/2024\/04\/04sidebysideleftbabyhelmet-dt20240119221655770357-80x80.webp 80w, https:\/\/www.cerakotesa.com\/wp-content\/uploads\/2024\/04\/04sidebysideleftbabyhelmet-dt20240119221655770357-27x27.webp 27w, https:\/\/www.cerakotesa.com\/wp-content\/uploads\/2024\/04\/04sidebysideleftbabyhelmet-dt20240119221655770357-247x247.webp 247w, https:\/\/www.cerakotesa.com\/wp-content\/uploads\/2024\/04\/04sidebysideleftbabyhelmet-dt20240119221655770357-510x510.webp 510w, https:\/\/www.cerakotesa.com\/wp-content\/uploads\/2024\/04\/04sidebysideleftbabyhelmet-dt20240119221655770357-100x100.webp 100w\" sizes=\"auto, (max-width: 600px) 100vw, 600px\" \/>\t\t\t\t\t\t\n\t\t\t\t\t<\/div>\n\t\t\t\t\t\t\t\t\n<style>\n#image_704313853 {\n  width: 100%;\n}\n<\/style>\n\t<\/div>\n\t\n\n\n\t\t<\/div>\n\t\t\t\t\t<\/div>\n\n\t\n\n\t<div id=\"col-175132751\" class=\"col medium-6 small-12 large-6\"  >\n\t\t\t\t<div class=\"col-inner\"  >\n\t\t\t\n\t\t\t\n\n\t<div class=\"img has-hover x md-x lg-x y md-y lg-y\" id=\"image_2069976119\">\n\t\t\t\t\t\t\t\t<div class=\"img-inner dark\" >\n\t\t\t<img loading=\"lazy\" decoding=\"async\" width=\"600\" height=\"600\" src=\"https:\/\/www.cerakotesa.com\/wp-content\/uploads\/2024\/04\/05sidebysiderightbabyhelmet-dt20240119221652469441.webp\" class=\"attachment-large size-large\" alt=\"\" srcset=\"https:\/\/www.cerakotesa.com\/wp-content\/uploads\/2024\/04\/05sidebysiderightbabyhelmet-dt20240119221652469441.webp 600w, https:\/\/www.cerakotesa.com\/wp-content\/uploads\/2024\/04\/05sidebysiderightbabyhelmet-dt20240119221652469441-300x300.webp 300w, https:\/\/www.cerakotesa.com\/wp-content\/uploads\/2024\/04\/05sidebysiderightbabyhelmet-dt20240119221652469441-150x150.webp 150w, https:\/\/www.cerakotesa.com\/wp-content\/uploads\/2024\/04\/05sidebysiderightbabyhelmet-dt20240119221652469441-12x12.webp 12w, https:\/\/www.cerakotesa.com\/wp-content\/uploads\/2024\/04\/05sidebysiderightbabyhelmet-dt20240119221652469441-32x32.webp 32w, https:\/\/www.cerakotesa.com\/wp-content\/uploads\/2024\/04\/05sidebysiderightbabyhelmet-dt20240119221652469441-80x80.webp 80w, https:\/\/www.cerakotesa.com\/wp-content\/uploads\/2024\/04\/05sidebysiderightbabyhelmet-dt20240119221652469441-27x27.webp 27w, https:\/\/www.cerakotesa.com\/wp-content\/uploads\/2024\/04\/05sidebysiderightbabyhelmet-dt20240119221652469441-247x247.webp 247w, https:\/\/www.cerakotesa.com\/wp-content\/uploads\/2024\/04\/05sidebysiderightbabyhelmet-dt20240119221652469441-510x510.webp 510w, https:\/\/www.cerakotesa.com\/wp-content\/uploads\/2024\/04\/05sidebysiderightbabyhelmet-dt20240119221652469441-100x100.webp 100w\" sizes=\"auto, (max-width: 600px) 100vw, 600px\" \/>\t\t\t\t\t\t\n\t\t\t\t\t<\/div>\n\t\t\t\t\t\t\t\t\n<style>\n#image_2069976119 {\n  width: 100%;\n}\n<\/style>\n\t<\/div>\n\t\n\n\n\t\t<\/div>\n\t\t\t\t\t<\/div>\n\n\t\n\n<\/div>\n<div class=\"row\"  id=\"row-446244078\">\n\n\n\t<div id=\"col-1642160332\" class=\"col small-12 large-12\"  >\n\t\t\t\t<div class=\"col-inner\"  >\n\t\t\t\n\t\t\t\n\n<h2><span style=\"color: #f69422;\">CONTACTEZ-NOUS D\u00c8S AUJOURD'HUI<\/h2>\n<p>Pr\u00eat \u00e0 d\u00e9couvrir les avantages de nos rev\u00eatements pour dispositifs m\u00e9dicaux ? Contactez notre \u00e9quipe d\u00e8s aujourd'hui. Nous sommes l\u00e0 pour r\u00e9pondre \u00e0 vos questions, vous fournir une assistance technique et collaborer avec vous pour trouver la solution de rev\u00eatement parfaite pour vos besoins sp\u00e9cifiques.<\/p>\n<p>Garantissez la s\u00e9curit\u00e9, les performances et la conformit\u00e9 de vos dispositifs m\u00e9dicaux gr\u00e2ce aux rev\u00eatements Cerakote. Faites confiance \u00e0 un partenaire qui comprend les d\u00e9fis uniques de l'industrie m\u00e9dicale et qui se consacre \u00e0 votre succ\u00e8s.<\/p>\n<p><strong>Contactez-nous d\u00e8s aujourd'hui :<\/strong> <a href=\"mailto:enquiries@cerakoteeu.com\" target=\"_blank\" rel=\"noopener\">enquiries@cerakoteeu.com<\/a><\/p>\n\n\n\t\t<\/div>\n\t\t\t\t\t<\/div>\n\n\t\n\n<\/div>\n\n\t\t<\/div>\n\t\t\t\t\t<\/div>\n\n\t\n\n<\/div>\n\n\t\t<\/div>\n\n\t\t\n<style>\n#section_2012960025 {\n  padding-top: 30px;\n  padding-bottom: 30px;\n}\n<\/style>\n\t<\/section>","protected":false},"excerpt":{"rendered":"","protected":false},"author":1,"featured_media":0,"parent":6831,"menu_order":0,"comment_status":"closed","ping_status":"closed","template":"","meta":{"_acf_changed":false,"footnotes":""},"class_list":["post-17143","page","type-page","status-publish","hentry"],"yoast_head":"<!-- This site is optimized with the Yoast SEO plugin v26.7 - https:\/\/yoast.com\/wordpress\/plugins\/seo\/ -->\n<title>Medical Device Coating Solutions - Cerakote South Africa<\/title>\n<meta name=\"robots\" content=\"index, follow, max-snippet:-1, max-image-preview:large, max-video-preview:-1\" \/>\n<link rel=\"canonical\" href=\"https:\/\/www.cerakotesa.com\/fr\/cerakote-industries\/medical-device-coating-solutions\/\" \/>\n<meta property=\"og:locale\" content=\"fr_FR\" \/>\n<meta property=\"og:type\" content=\"article\" \/>\n<meta property=\"og:title\" content=\"Medical Device Coating Solutions - Cerakote South Africa\" \/>\n<meta property=\"og:url\" content=\"https:\/\/www.cerakotesa.com\/fr\/cerakote-industries\/medical-device-coating-solutions\/\" \/>\n<meta property=\"og:site_name\" content=\"Cerakote South Africa\" \/>\n<meta property=\"article:modified_time\" content=\"2024-04-01T16:03:30+00:00\" \/>\n<meta name=\"twitter:card\" content=\"summary_large_image\" \/>\n<meta name=\"twitter:label1\" content=\"Dur\u00e9e de lecture estim\u00e9e\" \/>\n\t<meta name=\"twitter:data1\" content=\"3 minutes\" \/>\n<script type=\"application\/ld+json\" class=\"yoast-schema-graph\">{\"@context\":\"https:\/\/schema.org\",\"@graph\":[{\"@type\":\"WebPage\",\"@id\":\"https:\/\/www.cerakotesa.com\/cerakote-industries\/medical-device-coating-solutions\/\",\"url\":\"https:\/\/www.cerakotesa.com\/cerakote-industries\/medical-device-coating-solutions\/\",\"name\":\"Medical Device Coating Solutions - Cerakote South Africa\",\"isPartOf\":{\"@id\":\"https:\/\/www.cerakotesa.com\/#website\"},\"datePublished\":\"2024-04-01T15:52:00+00:00\",\"dateModified\":\"2024-04-01T16:03:30+00:00\",\"breadcrumb\":{\"@id\":\"https:\/\/www.cerakotesa.com\/cerakote-industries\/medical-device-coating-solutions\/#breadcrumb\"},\"inLanguage\":\"fr-FR\",\"potentialAction\":[{\"@type\":\"ReadAction\",\"target\":[\"https:\/\/www.cerakotesa.com\/cerakote-industries\/medical-device-coating-solutions\/\"]}]},{\"@type\":\"BreadcrumbList\",\"@id\":\"https:\/\/www.cerakotesa.com\/cerakote-industries\/medical-device-coating-solutions\/#breadcrumb\",\"itemListElement\":[{\"@type\":\"ListItem\",\"position\":1,\"name\":\"Home\",\"item\":\"https:\/\/www.cerakotesa.com\/\"},{\"@type\":\"ListItem\",\"position\":2,\"name\":\"Industries\",\"item\":\"https:\/\/www.cerakotesa.com\/cerakote-industries\/\"},{\"@type\":\"ListItem\",\"position\":3,\"name\":\"Medical Device Coating Solutions\"}]},{\"@type\":\"WebSite\",\"@id\":\"https:\/\/www.cerakotesa.com\/#website\",\"url\":\"https:\/\/www.cerakotesa.com\/\",\"name\":\"Cerakote South Africa\",\"description\":\"Cerakote is a global leader in the manufacturing of thin-film protective ceramic coatings\",\"potentialAction\":[{\"@type\":\"SearchAction\",\"target\":{\"@type\":\"EntryPoint\",\"urlTemplate\":\"https:\/\/www.cerakotesa.com\/?s={search_term_string}\"},\"query-input\":{\"@type\":\"PropertyValueSpecification\",\"valueRequired\":true,\"valueName\":\"search_term_string\"}}],\"inLanguage\":\"fr-FR\"}]}<\/script>\n<!-- \/ Yoast SEO plugin. -->","yoast_head_json":{"title":"Medical Device Coating Solutions - Cerakote South Africa","robots":{"index":"index","follow":"follow","max-snippet":"max-snippet:-1","max-image-preview":"max-image-preview:large","max-video-preview":"max-video-preview:-1"},"canonical":"https:\/\/www.cerakotesa.com\/fr\/cerakote-industries\/medical-device-coating-solutions\/","og_locale":"fr_FR","og_type":"article","og_title":"Medical Device Coating Solutions - Cerakote South Africa","og_url":"https:\/\/www.cerakotesa.com\/fr\/cerakote-industries\/medical-device-coating-solutions\/","og_site_name":"Cerakote South Africa","article_modified_time":"2024-04-01T16:03:30+00:00","twitter_card":"summary_large_image","twitter_misc":{"Dur\u00e9e de lecture estim\u00e9e":"3 minutes"},"schema":{"@context":"https:\/\/schema.org","@graph":[{"@type":"WebPage","@id":"https:\/\/www.cerakotesa.com\/cerakote-industries\/medical-device-coating-solutions\/","url":"https:\/\/www.cerakotesa.com\/cerakote-industries\/medical-device-coating-solutions\/","name":"Medical Device Coating Solutions - Cerakote South Africa","isPartOf":{"@id":"https:\/\/www.cerakotesa.com\/#website"},"datePublished":"2024-04-01T15:52:00+00:00","dateModified":"2024-04-01T16:03:30+00:00","breadcrumb":{"@id":"https:\/\/www.cerakotesa.com\/cerakote-industries\/medical-device-coating-solutions\/#breadcrumb"},"inLanguage":"fr-FR","potentialAction":[{"@type":"ReadAction","target":["https:\/\/www.cerakotesa.com\/cerakote-industries\/medical-device-coating-solutions\/"]}]},{"@type":"BreadcrumbList","@id":"https:\/\/www.cerakotesa.com\/cerakote-industries\/medical-device-coating-solutions\/#breadcrumb","itemListElement":[{"@type":"ListItem","position":1,"name":"Home","item":"https:\/\/www.cerakotesa.com\/"},{"@type":"ListItem","position":2,"name":"Industries","item":"https:\/\/www.cerakotesa.com\/cerakote-industries\/"},{"@type":"ListItem","position":3,"name":"Medical Device Coating Solutions"}]},{"@type":"WebSite","@id":"https:\/\/www.cerakotesa.com\/#website","url":"https:\/\/www.cerakotesa.com\/","name":"Cerakote South Africa","description":"Cerakote est un leader mondial dans la fabrication de rev\u00eatements c\u00e9ramiques protecteurs en couches minces.","potentialAction":[{"@type":"SearchAction","target":{"@type":"EntryPoint","urlTemplate":"https:\/\/www.cerakotesa.com\/?s={search_term_string}"},"query-input":{"@type":"PropertyValueSpecification","valueRequired":true,"valueName":"search_term_string"}}],"inLanguage":"fr-FR"}]}},"acf":[],"_links":{"self":[{"href":"https:\/\/www.cerakotesa.com\/fr\/wp-json\/wp\/v2\/pages\/17143","targetHints":{"allow":["GET"]}}],"collection":[{"href":"https:\/\/www.cerakotesa.com\/fr\/wp-json\/wp\/v2\/pages"}],"about":[{"href":"https:\/\/www.cerakotesa.com\/fr\/wp-json\/wp\/v2\/types\/page"}],"author":[{"embeddable":true,"href":"https:\/\/www.cerakotesa.com\/fr\/wp-json\/wp\/v2\/users\/1"}],"replies":[{"embeddable":true,"href":"https:\/\/www.cerakotesa.com\/fr\/wp-json\/wp\/v2\/comments?post=17143"}],"version-history":[{"count":0,"href":"https:\/\/www.cerakotesa.com\/fr\/wp-json\/wp\/v2\/pages\/17143\/revisions"}],"up":[{"embeddable":true,"href":"https:\/\/www.cerakotesa.com\/fr\/wp-json\/wp\/v2\/pages\/6831"}],"wp:attachment":[{"href":"https:\/\/www.cerakotesa.com\/fr\/wp-json\/wp\/v2\/media?parent=17143"}],"curies":[{"name":"wp","href":"https:\/\/api.w.org\/{rel}","templated":true}]}}