{"id":22082,"date":"2025-05-22T13:51:10","date_gmt":"2025-05-22T13:51:10","guid":{"rendered":"https:\/\/www.cerakotesa.com\/?page_id=22082"},"modified":"2025-05-26T11:46:04","modified_gmt":"2025-05-26T11:46:04","slug":"material-compatibility","status":"publish","type":"page","link":"https:\/\/www.cerakotesa.com\/fr\/material-compatibility\/","title":{"rendered":"Compatibilit\u00e9 des mat\u00e9riaux CERAKOTE"},"content":{"rendered":"<section class=\"section\" id=\"section_1844398937\">\n\t\t<div class=\"section-bg fill\" >\n\t\t\t\t\t\t\t\t\t\n\t\t\t\n\n\t\t<\/div>\n\n\t\t\n\n\t\t<div class=\"section-content relative\">\n\t\t\t\n\n<div class=\"row\"  id=\"row-2019825556\">\n\n\n\t<div id=\"col-2145628124\" class=\"col small-12 large-12\"  >\n\t\t\t\t<div class=\"col-inner\"  >\n\t\t\t\n\t\t\t\n\n\n  <div class=\"banner has-hover\" id=\"banner-678515899\">\n          <div class=\"banner-inner fill\">\n        <div class=\"banner-bg fill\" >\n            <img loading=\"lazy\" decoding=\"async\" width=\"1020\" height=\"349\" src=\"https:\/\/www.cerakotesa.com\/wp-content\/uploads\/2025\/05\/01cerakoteforcompositematerialsheader1170x400-dt20250430224035746172-1024x350.jpg\" class=\"bg attachment-large size-large\" alt=\"\" \/>                                    \n                    <\/div>\n\t\t\n        <div class=\"banner-layers container\">\n            <div class=\"fill banner-link\"><\/div>            \n\n   <div id=\"text-box-2107598470\" class=\"text-box banner-layer x50 md-x50 lg-x50 y50 md-y50 lg-y50 res-text\">\n                                <div class=\"text-box-content text dark\">\n              \n              <div class=\"text-inner text-center\">\n                  \n\n\t<div id=\"text-960492975\" class=\"text\">\n\t\t\n\n<h1>Compatibilit\u00e9 des mat\u00e9riaux CERAKOTE<\/h1>\n\t\t\n<style>\n#text-960492975 {\n  font-size: 1.8rem;\n}\n<\/style>\n\t<\/div>\n\t\n\t<div id=\"text-3712915024\" class=\"text\">\n\t\t\n\n<p><span style=\"color: white;\"><a href=\"#composite\">Mat\u00e9riaux composites<\/a><br \/><a href=\"#magnesium\">Magn\u00e9sium<\/a><br \/><a href=\"#titanium\">Titanium<\/a><\/span><\/p>\n\t\t\n<style>\n#text-3712915024 {\n  color: rgb(255,255,255);\n}\n#text-3712915024 > * {\n  color: rgb(255,255,255);\n}\n<\/style>\n\t<\/div>\n\t\n\n              <\/div>\n           <\/div>\n                            \n<style>\n#text-box-2107598470 {\n  margin: 0px 0px 0px 0px;\n  width: 90%;\n}\n#text-box-2107598470 .text-box-content {\n  background-color: rgba(0, 0, 0, 0.75);\n  font-size: 100%;\n}\n#text-box-2107598470 .text-inner {\n  padding: 19px 0px 15px 0px;\n}\n@media (min-width:550px) {\n  #text-box-2107598470 .text-inner {\n    padding: 15px 0px 15px 0px;\n  }\n  #text-box-2107598470 {\n    width: 60%;\n  }\n}\n<\/style>\n    <\/div>\n \n\n        <\/div>\n      <\/div>\n\n            \n<style>\n#banner-678515899 {\n  padding-top: 500px;\n}\n<\/style>\n  <\/div>\n\n\n<div class=\"row\"  id=\"row-921459734\">\n\n\n\t<div id=\"col-1930260388\" class=\"col medium-6 small-12 large-6\"  >\n\t\t\t\t<div class=\"col-inner\"  >\n\t\t\t\n\t\t\t\n\n<span class=\"scroll-to\" data-label=\"Scroll to: #composite\" data-bullet=\"true\" data-link=\"#composite\" data-title=\"Composite\"><a name=\"composite\"><\/a><\/span>\n\n\t<div id=\"text-503614268\" class=\"text composite\">\n\t\t\n\n<h2>Cerakote pour les mat\u00e9riaux composites<\/h2>\n<p><strong>Protection et performance avanc\u00e9es<\/strong><\/p>\n<p>Les mat\u00e9riaux composites sont largement utilis\u00e9s dans l'a\u00e9rospatiale, l'automobile, les articles de sport et les applications industrielles en raison de leur l\u00e9g\u00e8ret\u00e9, de leur r\u00e9sistance \u00e0 la corrosion et de leur polyvalence. Cependant, les composites peuvent toujours souffrir de l'usure, de la d\u00e9gradation par les UV, de l'exposition aux produits chimiques et des dommages caus\u00e9s par les chocs.<\/p>\n<p>C'est l\u00e0 que les rev\u00eatements c\u00e9ramiques de Cerakote, leaders sur le march\u00e9, interviennent en offrant une durabilit\u00e9, une protection et une esth\u00e9tique exceptionnelles pour les mat\u00e9riaux composites.<\/p>\n\t\t\n<style>\n#text-503614268 {\n  font-size: 0.85rem;\n}\n<\/style>\n\t<\/div>\n\t\n<a href=\"https:\/\/www.cerakotesa.com\/composite-materials\/\" class=\"button primary\" >\n\t\t<span>Lire la suite<\/span>\n\t<\/a>\n\n\n\n\t\t<\/div>\n\t\t\t\t\t<\/div>\n\n\t\n\n\t<div id=\"col-539515490\" class=\"col medium-6 small-12 large-6\"  >\n\t\t\t\t<div class=\"col-inner\"  >\n\t\t\t\n\t\t\t\n\n\t<div class=\"img has-hover x md-x lg-x y md-y lg-y\" id=\"image_682640164\">\n\t\t\t\t\t\t\t\t<div class=\"img-inner dark\" >\n\t\t\t<img loading=\"lazy\" decoding=\"async\" width=\"530\" height=\"350\" src=\"https:\/\/www.cerakotesa.com\/wp-content\/uploads\/2025\/05\/00cerakoteforcompositematerialsleadin530x350-dt20250430202854237334.webp\" class=\"attachment-large size-large\" alt=\"\" srcset=\"https:\/\/www.cerakotesa.com\/wp-content\/uploads\/2025\/05\/00cerakoteforcompositematerialsleadin530x350-dt20250430202854237334.webp 530w, https:\/\/www.cerakotesa.com\/wp-content\/uploads\/2025\/05\/00cerakoteforcompositematerialsleadin530x350-dt20250430202854237334-300x198.webp 300w, https:\/\/www.cerakotesa.com\/wp-content\/uploads\/2025\/05\/00cerakoteforcompositematerialsleadin530x350-dt20250430202854237334-18x12.webp 18w, https:\/\/www.cerakotesa.com\/wp-content\/uploads\/2025\/05\/00cerakoteforcompositematerialsleadin530x350-dt20250430202854237334-32x21.webp 32w, https:\/\/www.cerakotesa.com\/wp-content\/uploads\/2025\/05\/00cerakoteforcompositematerialsleadin530x350-dt20250430202854237334-31x20.webp 31w, https:\/\/www.cerakotesa.com\/wp-content\/uploads\/2025\/05\/00cerakoteforcompositematerialsleadin530x350-dt20250430202854237334-247x163.webp 247w, https:\/\/www.cerakotesa.com\/wp-content\/uploads\/2025\/05\/00cerakoteforcompositematerialsleadin530x350-dt20250430202854237334-510x337.webp 510w\" sizes=\"auto, (max-width: 530px) 100vw, 530px\" \/>\t\t\t\t\t\t\n\t\t\t\t\t<\/div>\n\t\t\t\t\t\t\t\t\n<style>\n#image_682640164 {\n  width: 100%;\n}\n<\/style>\n\t<\/div>\n\t\n\n\n\t\t<\/div>\n\t\t\t\t\t<\/div>\n\n\t\n\n<\/div>\n<div class=\"row\"  id=\"row-2089813818\">\n\n\n\t<div id=\"col-950301550\" class=\"col medium-6 small-12 large-6\"  >\n\t\t\t\t<div class=\"col-inner\"  >\n\t\t\t\n\t\t\t\n\n\t<div class=\"img has-hover x md-x lg-x y md-y lg-y\" id=\"image_860185675\">\n\t\t\t\t\t\t\t\t<div class=\"img-inner dark\" >\n\t\t\t<img loading=\"lazy\" decoding=\"async\" width=\"530\" height=\"350\" src=\"https:\/\/www.cerakotesa.com\/wp-content\/uploads\/2025\/05\/00cerakoteformagensiumleadin530x350-dt20250430202855207564.avif\" class=\"attachment-large size-large\" alt=\"\" srcset=\"https:\/\/www.cerakotesa.com\/wp-content\/uploads\/2025\/05\/00cerakoteformagensiumleadin530x350-dt20250430202855207564.avif 530w, https:\/\/www.cerakotesa.com\/wp-content\/uploads\/2025\/05\/00cerakoteformagensiumleadin530x350-dt20250430202855207564-300x198.jpg 300w, https:\/\/www.cerakotesa.com\/wp-content\/uploads\/2025\/05\/00cerakoteformagensiumleadin530x350-dt20250430202855207564-18x12.jpg 18w, https:\/\/www.cerakotesa.com\/wp-content\/uploads\/2025\/05\/00cerakoteformagensiumleadin530x350-dt20250430202855207564-32x21.jpg 32w, https:\/\/www.cerakotesa.com\/wp-content\/uploads\/2025\/05\/00cerakoteformagensiumleadin530x350-dt20250430202855207564-31x20.jpg 31w, https:\/\/www.cerakotesa.com\/wp-content\/uploads\/2025\/05\/00cerakoteformagensiumleadin530x350-dt20250430202855207564-247x163.jpg 247w, https:\/\/www.cerakotesa.com\/wp-content\/uploads\/2025\/05\/00cerakoteformagensiumleadin530x350-dt20250430202855207564-510x337.jpg 510w\" sizes=\"auto, (max-width: 530px) 100vw, 530px\" \/>\t\t\t\t\t\t\n\t\t\t\t\t<\/div>\n\t\t\t\t\t\t\t\t\n<style>\n#image_860185675 {\n  width: 100%;\n}\n<\/style>\n\t<\/div>\n\t\n\n\n\t\t<\/div>\n\t\t\t\t\t<\/div>\n\n\t\n\n\t<div id=\"col-1662756632\" class=\"col medium-6 small-12 large-6\"  >\n\t\t\t\t<div class=\"col-inner\"  >\n\t\t\t\n\t\t\t\n\n<span class=\"scroll-to\" data-label=\"Scroll to: #magnesium\" data-bullet=\"true\" data-link=\"#magnesium\" data-title=\"Magnesium\"><a name=\"magnesium\"><\/a><\/span>\n\n\t<div id=\"text-1440597873\" class=\"text Mag\">\n\t\t\n\n<h2>Cerakote pour le magn\u00e9sium<\/h2>\n<p><strong>Protection et performance sup\u00e9rieures<\/strong><\/p>\n<p>Le magn\u00e9sium est un m\u00e9tal l\u00e9ger et tr\u00e8s r\u00e9sistant, id\u00e9al pour les applications a\u00e9rospatiales, automobiles et industrielles. Cependant, le magn\u00e9sium est tr\u00e8s r\u00e9actif et sujet \u00e0 la corrosion. C'est l\u00e0 que les rev\u00eatements c\u00e9ramiques Cerakote offrent une solution avanc\u00e9e.<\/p>\n\t\t\n<style>\n#text-1440597873 {\n  font-size: 0.85rem;\n}\n<\/style>\n\t<\/div>\n\t\n<a href=\"https:\/\/www.cerakotesa.com\/magnesium\/\" class=\"button primary\" >\n\t\t<span>Lire la suite<\/span>\n\t<\/a>\n\n\n\n\t\t<\/div>\n\t\t\t\t\t<\/div>\n\n\t\n\n<\/div>\n<div class=\"row\"  id=\"row-1652285739\">\n\n\n\t<div id=\"col-1538832134\" class=\"col medium-6 small-12 large-6\"  >\n\t\t\t\t<div class=\"col-inner\"  >\n\t\t\t\n\t\t\t\n\n<span class=\"scroll-to\" data-label=\"Scroll to: #titanium\" data-bullet=\"true\" data-link=\"#titanium\" data-title=\"Titanium\"><a name=\"titanium\"><\/a><\/span>\n\n\t<div id=\"text-3361835551\" class=\"text tit\">\n\t\t\n\n<h2>Cerakote pour Titanium<\/h2>\n<p><strong>Durabilit\u00e9 et style in\u00e9gal\u00e9s<\/strong><\/p>\n<p>Titanium est bien connu pour sa solidit\u00e9, ses propri\u00e9t\u00e9s de l\u00e9g\u00e8ret\u00e9 et sa r\u00e9sistance naturelle \u00e0 la corrosion, ce qui en fait un choix populaire dans des secteurs allant de l'automobile et de l'a\u00e9rospatiale aux biens de consommation et \u00e0 l'\u00e9quipement tactique. Cependant, m\u00eame le titane peut b\u00e9n\u00e9ficier d'une protection renforc\u00e9e et d'une personnalisation, et c'est l\u00e0 que Cerakote entre en jeu.<\/p>\n\t\t\n<style>\n#text-3361835551 {\n  font-size: 0.85rem;\n}\n<\/style>\n\t<\/div>\n\t\n<a href=\"https:\/\/www.cerakotesa.com\/cerakote-for-titanium\/\" class=\"button primary\" >\n\t\t<span>Lire la suite<\/span>\n\t<\/a>\n\n\n\n\t\t<\/div>\n\t\t\t\t\t<\/div>\n\n\t\n\n\t<div id=\"col-1933164675\" class=\"col medium-6 small-12 large-6\"  >\n\t\t\t\t<div class=\"col-inner\"  >\n\t\t\t\n\t\t\t\n\n\t<div class=\"img has-hover x md-x lg-x y md-y lg-y\" id=\"image_1678465927\">\n\t\t\t\t\t\t\t\t<div class=\"img-inner dark\" >\n\t\t\t<img loading=\"lazy\" decoding=\"async\" width=\"530\" height=\"350\" src=\"https:\/\/www.cerakotesa.com\/wp-content\/uploads\/2025\/05\/00cerakotefortitaniumleadin530x350-dt20250430202853485479.avif\" class=\"attachment-large size-large\" alt=\"\" srcset=\"https:\/\/www.cerakotesa.com\/wp-content\/uploads\/2025\/05\/00cerakotefortitaniumleadin530x350-dt20250430202853485479.avif 530w, https:\/\/www.cerakotesa.com\/wp-content\/uploads\/2025\/05\/00cerakotefortitaniumleadin530x350-dt20250430202853485479-300x198.jpg 300w, https:\/\/www.cerakotesa.com\/wp-content\/uploads\/2025\/05\/00cerakotefortitaniumleadin530x350-dt20250430202853485479-18x12.jpg 18w, https:\/\/www.cerakotesa.com\/wp-content\/uploads\/2025\/05\/00cerakotefortitaniumleadin530x350-dt20250430202853485479-32x21.jpg 32w, https:\/\/www.cerakotesa.com\/wp-content\/uploads\/2025\/05\/00cerakotefortitaniumleadin530x350-dt20250430202853485479-31x20.jpg 31w, https:\/\/www.cerakotesa.com\/wp-content\/uploads\/2025\/05\/00cerakotefortitaniumleadin530x350-dt20250430202853485479-247x163.jpg 247w, https:\/\/www.cerakotesa.com\/wp-content\/uploads\/2025\/05\/00cerakotefortitaniumleadin530x350-dt20250430202853485479-510x337.jpg 510w\" sizes=\"auto, (max-width: 530px) 100vw, 530px\" \/>\t\t\t\t\t\t\n\t\t\t\t\t<\/div>\n\t\t\t\t\t\t\t\t\n<style>\n#image_1678465927 {\n  width: 100%;\n}\n<\/style>\n\t<\/div>\n\t\n\n\n\t\t<\/div>\n\t\t\t\t\t<\/div>\n\n\t\n\n<\/div>\n\n\t\t<\/div>\n\t\t\t\t\t<\/div>\n\n\t\n\n<\/div>\n\n\t\t<\/div>\n\n\t\t\n<style>\n#section_1844398937 {\n  padding-top: 30px;\n  padding-bottom: 30px;\n  background-color: rgb(255,255,255);\n}\n<\/style>\n\t<\/section>","protected":false},"excerpt":{"rendered":"","protected":false},"author":1,"featured_media":0,"parent":0,"menu_order":0,"comment_status":"closed","ping_status":"closed","template":"","meta":{"_acf_changed":false,"footnotes":""},"class_list":["post-22082","page","type-page","status-publish","hentry"],"yoast_head":"<!-- This site is optimized with the Yoast SEO plugin v26.7 - https:\/\/yoast.com\/wordpress\/plugins\/seo\/ -->\n<title>CERAKOTE\u00ae\u00a0Material Compatibility - Cerakote South Africa<\/title>\n<meta name=\"robots\" content=\"index, follow, max-snippet:-1, max-image-preview:large, max-video-preview:-1\" \/>\n<link rel=\"canonical\" href=\"https:\/\/www.cerakotesa.com\/fr\/material-compatibility\/\" \/>\n<meta property=\"og:locale\" content=\"fr_FR\" \/>\n<meta property=\"og:type\" content=\"article\" \/>\n<meta property=\"og:title\" content=\"CERAKOTE\u00ae\u00a0Material Compatibility - Cerakote South Africa\" \/>\n<meta property=\"og:url\" content=\"https:\/\/www.cerakotesa.com\/fr\/material-compatibility\/\" \/>\n<meta property=\"og:site_name\" content=\"Cerakote South Africa\" \/>\n<meta property=\"article:modified_time\" content=\"2025-05-26T11:46:04+00:00\" \/>\n<meta name=\"twitter:card\" content=\"summary_large_image\" \/>\n<meta name=\"twitter:label1\" content=\"Dur\u00e9e de lecture estim\u00e9e\" \/>\n\t<meta name=\"twitter:data1\" content=\"3 minutes\" \/>\n<script type=\"application\/ld+json\" class=\"yoast-schema-graph\">{\"@context\":\"https:\/\/schema.org\",\"@graph\":[{\"@type\":\"WebPage\",\"@id\":\"https:\/\/www.cerakotesa.com\/material-compatibility\/\",\"url\":\"https:\/\/www.cerakotesa.com\/material-compatibility\/\",\"name\":\"CERAKOTE\u00ae\u00a0Material Compatibility - Cerakote South Africa\",\"isPartOf\":{\"@id\":\"https:\/\/www.cerakotesa.com\/#website\"},\"datePublished\":\"2025-05-22T13:51:10+00:00\",\"dateModified\":\"2025-05-26T11:46:04+00:00\",\"breadcrumb\":{\"@id\":\"https:\/\/www.cerakotesa.com\/material-compatibility\/#breadcrumb\"},\"inLanguage\":\"fr-FR\",\"potentialAction\":[{\"@type\":\"ReadAction\",\"target\":[\"https:\/\/www.cerakotesa.com\/material-compatibility\/\"]}]},{\"@type\":\"BreadcrumbList\",\"@id\":\"https:\/\/www.cerakotesa.com\/material-compatibility\/#breadcrumb\",\"itemListElement\":[{\"@type\":\"ListItem\",\"position\":1,\"name\":\"Home\",\"item\":\"https:\/\/www.cerakotesa.com\/\"},{\"@type\":\"ListItem\",\"position\":2,\"name\":\"CERAKOTE\u00ae\u00a0Material Compatibility\"}]},{\"@type\":\"WebSite\",\"@id\":\"https:\/\/www.cerakotesa.com\/#website\",\"url\":\"https:\/\/www.cerakotesa.com\/\",\"name\":\"Cerakote South Africa\",\"description\":\"Cerakote is a global leader in the manufacturing of thin-film protective ceramic coatings\",\"potentialAction\":[{\"@type\":\"SearchAction\",\"target\":{\"@type\":\"EntryPoint\",\"urlTemplate\":\"https:\/\/www.cerakotesa.com\/?s={search_term_string}\"},\"query-input\":{\"@type\":\"PropertyValueSpecification\",\"valueRequired\":true,\"valueName\":\"search_term_string\"}}],\"inLanguage\":\"fr-FR\"}]}<\/script>\n<!-- \/ Yoast SEO plugin. -->","yoast_head_json":{"title":"CERAKOTE\u00ae\u00a0Material Compatibility - Cerakote South Africa","robots":{"index":"index","follow":"follow","max-snippet":"max-snippet:-1","max-image-preview":"max-image-preview:large","max-video-preview":"max-video-preview:-1"},"canonical":"https:\/\/www.cerakotesa.com\/fr\/material-compatibility\/","og_locale":"fr_FR","og_type":"article","og_title":"CERAKOTE\u00ae\u00a0Material Compatibility - Cerakote South Africa","og_url":"https:\/\/www.cerakotesa.com\/fr\/material-compatibility\/","og_site_name":"Cerakote South Africa","article_modified_time":"2025-05-26T11:46:04+00:00","twitter_card":"summary_large_image","twitter_misc":{"Dur\u00e9e de lecture estim\u00e9e":"3 minutes"},"schema":{"@context":"https:\/\/schema.org","@graph":[{"@type":"WebPage","@id":"https:\/\/www.cerakotesa.com\/material-compatibility\/","url":"https:\/\/www.cerakotesa.com\/material-compatibility\/","name":"CERAKOTE\u00ae\u00a0Material Compatibility - Cerakote South Africa","isPartOf":{"@id":"https:\/\/www.cerakotesa.com\/#website"},"datePublished":"2025-05-22T13:51:10+00:00","dateModified":"2025-05-26T11:46:04+00:00","breadcrumb":{"@id":"https:\/\/www.cerakotesa.com\/material-compatibility\/#breadcrumb"},"inLanguage":"fr-FR","potentialAction":[{"@type":"ReadAction","target":["https:\/\/www.cerakotesa.com\/material-compatibility\/"]}]},{"@type":"BreadcrumbList","@id":"https:\/\/www.cerakotesa.com\/material-compatibility\/#breadcrumb","itemListElement":[{"@type":"ListItem","position":1,"name":"Home","item":"https:\/\/www.cerakotesa.com\/"},{"@type":"ListItem","position":2,"name":"CERAKOTE\u00ae\u00a0Material Compatibility"}]},{"@type":"WebSite","@id":"https:\/\/www.cerakotesa.com\/#website","url":"https:\/\/www.cerakotesa.com\/","name":"Cerakote South Africa","description":"Cerakote est un leader mondial dans la fabrication de rev\u00eatements c\u00e9ramiques protecteurs en couches minces.","potentialAction":[{"@type":"SearchAction","target":{"@type":"EntryPoint","urlTemplate":"https:\/\/www.cerakotesa.com\/?s={search_term_string}"},"query-input":{"@type":"PropertyValueSpecification","valueRequired":true,"valueName":"search_term_string"}}],"inLanguage":"fr-FR"}]}},"acf":[],"_links":{"self":[{"href":"https:\/\/www.cerakotesa.com\/fr\/wp-json\/wp\/v2\/pages\/22082","targetHints":{"allow":["GET"]}}],"collection":[{"href":"https:\/\/www.cerakotesa.com\/fr\/wp-json\/wp\/v2\/pages"}],"about":[{"href":"https:\/\/www.cerakotesa.com\/fr\/wp-json\/wp\/v2\/types\/page"}],"author":[{"embeddable":true,"href":"https:\/\/www.cerakotesa.com\/fr\/wp-json\/wp\/v2\/users\/1"}],"replies":[{"embeddable":true,"href":"https:\/\/www.cerakotesa.com\/fr\/wp-json\/wp\/v2\/comments?post=22082"}],"version-history":[{"count":0,"href":"https:\/\/www.cerakotesa.com\/fr\/wp-json\/wp\/v2\/pages\/22082\/revisions"}],"wp:attachment":[{"href":"https:\/\/www.cerakotesa.com\/fr\/wp-json\/wp\/v2\/media?parent=22082"}],"curies":[{"name":"wp","href":"https:\/\/api.w.org\/{rel}","templated":true}]}}