{"id":22094,"date":"2025-05-26T11:44:59","date_gmt":"2025-05-26T11:44:59","guid":{"rendered":"https:\/\/www.cerakotesa.com\/?page_id=22094"},"modified":"2025-05-26T11:52:40","modified_gmt":"2025-05-26T11:52:40","slug":"composite-materials","status":"publish","type":"page","link":"https:\/\/www.cerakotesa.com\/fr\/composite-materials\/","title":{"rendered":"Cerakote pour les mat\u00e9riaux composites"},"content":{"rendered":"<section class=\"section\" id=\"section_2143304743\">\n\t\t<div class=\"section-bg fill\" >\n\t\t\t\t\t\t\t\t\t\n\t\t\t\n\n\t\t<\/div>\n\n\t\t\n\n\t\t<div class=\"section-content relative\">\n\t\t\t\n<div class=\"row\"  id=\"row-1022899526\">\n\n\t<div id=\"col-353318742\" class=\"col small-12 large-12\"  >\n\t\t\t\t<div class=\"col-inner\"  >\n\t\t\t\n\t\t\t\n\n  <div class=\"banner has-hover\" id=\"banner-1211115178\">\n          <div class=\"banner-inner fill\">\n        <div class=\"banner-bg fill\" >\n            <img loading=\"lazy\" decoding=\"async\" width=\"1020\" height=\"349\" src=\"https:\/\/www.cerakotesa.com\/wp-content\/uploads\/2025\/05\/01cerakoteforcompositematerialsheader1170x400-dt20250430224035746172-1024x350.jpg\" class=\"bg attachment-large size-large\" alt=\"\" \/>                                    \n                    <\/div>\n\t\t\n        <div class=\"banner-layers container\">\n            <div class=\"fill banner-link\"><\/div>            \n   <div id=\"text-box-584859571\" class=\"text-box banner-layer x50 md-x50 lg-x50 y50 md-y50 lg-y50 res-text\">\n                                <div class=\"text-box-content text dark\">\n              \n              <div class=\"text-inner text-center\">\n                  \n\t<div id=\"text-3056745574\" class=\"text\">\n\t\t\n<h1>CERAKOTE\u00ae pour les mat\u00e9riaux composites<\/h1>\n\t\t\n<style>\n#text-3056745574 {\n  font-size: 1.8rem;\n}\n<\/style>\n\t<\/div>\n\t\n\t<div id=\"text-3411628578\" class=\"text\">\n\t\t\n<p><span style=\"color: white;\">Protection et performance avanc\u00e9es<\/p>\n\t\t\n<style>\n#text-3411628578 {\n  color: rgb(255,255,255);\n}\n#text-3411628578 > * {\n  color: rgb(255,255,255);\n}\n<\/style>\n\t<\/div>\n\t\n              <\/div>\n           <\/div>\n                            \n<style>\n#text-box-584859571 {\n  margin: 0px 0px 0px 0px;\n  width: 90%;\n}\n#text-box-584859571 .text-box-content {\n  background-color: rgba(0, 0, 0, 0.75);\n  font-size: 100%;\n}\n#text-box-584859571 .text-inner {\n  padding: 19px 0px 15px 0px;\n}\n@media (min-width:550px) {\n  #text-box-584859571 .text-inner {\n    padding: 15px 0px 15px 0px;\n  }\n  #text-box-584859571 {\n    width: 60%;\n  }\n}\n<\/style>\n    <\/div>\n \n        <\/div>\n      <\/div>\n\n            \n<style>\n#banner-1211115178 {\n  padding-top: 500px;\n}\n<\/style>\n  <\/div>\n\n\n<div class=\"row\"  id=\"row-1566858920\">\n\n\t<div id=\"col-1030079520\" class=\"col small-12 large-12\"  >\n\t\t\t\t<div class=\"col-inner\"  >\n\t\t\t\n\t\t\t\n<h2><strong>Am\u00e9liorez et prot\u00e9gez vos composants composites avec Cerakote<\/strong><\/h2>\n<p><br \/>Les mat\u00e9riaux composites sont largement utilis\u00e9s dans l'a\u00e9rospatiale, l'automobile, les articles de sport et les applications industrielles en raison de leur l\u00e9g\u00e8ret\u00e9, de leur r\u00e9sistance \u00e0 la corrosion et de leur polyvalence. Cependant, les composites peuvent toujours souffrir de l'usure, de la d\u00e9gradation par les UV, de l'exposition aux produits chimiques et des dommages caus\u00e9s par les chocs.<\/p>\n<p>C'est l\u00e0 que les rev\u00eatements c\u00e9ramiques de Cerakote, leaders sur le march\u00e9, interviennent en offrant une durabilit\u00e9, une protection et une esth\u00e9tique exceptionnelles pour les mat\u00e9riaux composites.<\/p>\n<p style=\"text-align: left;\">Lisez la suite pour en savoir plus, ou.. :<\/p>\n<a href=\"\/contact\" class=\"button primary\" >\n\t\t<span>Contactez notre gestionnaire de compte d\u00e8s aujourd'hui !<\/span>\n\t<\/a>\n\n\t\t<\/div>\n\t\t\t\t\t<\/div>\n\n\t\n<\/div>\n\t<div class=\"img has-hover x md-x lg-x y md-y lg-y\" id=\"image_1318150483\">\n\t\t\t\t\t\t\t\t<div class=\"img-inner dark\" >\n\t\t\t<img loading=\"lazy\" decoding=\"async\" width=\"1020\" height=\"349\" src=\"https:\/\/www.cerakotesa.com\/wp-content\/uploads\/2025\/05\/02cerakoteforcompositematerialsfullwidth1170x400-dt20250501145851659985-1024x350.webp\" class=\"attachment-large size-large\" alt=\"\" srcset=\"https:\/\/www.cerakotesa.com\/wp-content\/uploads\/2025\/05\/02cerakoteforcompositematerialsfullwidth1170x400-dt20250501145851659985-1024x350.webp 1024w, https:\/\/www.cerakotesa.com\/wp-content\/uploads\/2025\/05\/02cerakoteforcompositematerialsfullwidth1170x400-dt20250501145851659985-300x103.webp 300w, https:\/\/www.cerakotesa.com\/wp-content\/uploads\/2025\/05\/02cerakoteforcompositematerialsfullwidth1170x400-dt20250501145851659985-768x263.webp 768w, https:\/\/www.cerakotesa.com\/wp-content\/uploads\/2025\/05\/02cerakoteforcompositematerialsfullwidth1170x400-dt20250501145851659985-18x6.webp 18w, https:\/\/www.cerakotesa.com\/wp-content\/uploads\/2025\/05\/02cerakoteforcompositematerialsfullwidth1170x400-dt20250501145851659985-32x11.webp 32w, https:\/\/www.cerakotesa.com\/wp-content\/uploads\/2025\/05\/02cerakoteforcompositematerialsfullwidth1170x400-dt20250501145851659985-31x11.webp 31w, https:\/\/www.cerakotesa.com\/wp-content\/uploads\/2025\/05\/02cerakoteforcompositematerialsfullwidth1170x400-dt20250501145851659985-247x84.webp 247w, https:\/\/www.cerakotesa.com\/wp-content\/uploads\/2025\/05\/02cerakoteforcompositematerialsfullwidth1170x400-dt20250501145851659985-510x174.webp 510w, https:\/\/www.cerakotesa.com\/wp-content\/uploads\/2025\/05\/02cerakoteforcompositematerialsfullwidth1170x400-dt20250501145851659985.webp 1170w\" sizes=\"auto, (max-width: 1020px) 100vw, 1020px\" \/>\t\t\t\t\t\t\n\t\t\t\t\t<\/div>\n\t\t\t\t\t\t\t\t\n<style>\n#image_1318150483 {\n  width: 100%;\n}\n<\/style>\n\t<\/div>\n\t\n<h2>Pourquoi utiliser Cerakote sur les composites ?<\/h2>\n<p>Cerakote est un rev\u00eatement \u00e0 base de c\u00e9ramique en couche mince qui forme une couche protectrice durable, l\u00e9g\u00e8re et tr\u00e8s performante sur les surfaces composites. Appliqu\u00e9 sur les plastiques, la fibre de carbone, la fibre de verre, le Kevlar\u00ae et d'autres composites avanc\u00e9s, Cerakote offre :<\/p>\n<ul>\n<li><strong><span style=\"color: #f69422;\">R\u00e9sistance \u00e0 l'abrasion et \u00e0 l'usure :<\/strong>\u00a0Pr\u00e9vient les dommages caus\u00e9s \u00e0 la surface par les frottements, les chocs et les manipulations.<\/li>\n<li><strong><span style=\"color: #f69422;\">Protection contre les produits chimiques et les solvants :<\/strong>\u00a0Prot\u00e8ge contre les huiles, les carburants, les produits de nettoyage et les substances corrosives.<\/li>\n<li><strong><span style=\"color: #f69422;\">Protection contre les UV et l'environnement :<\/strong>\u00a0Pr\u00e9vient la d\u00e9coloration, l'oxydation et la d\u00e9gradation des mat\u00e9riaux due \u00e0 l'exposition au soleil et aux intemp\u00e9ries.<\/li>\n<li><strong><span style=\"color: #f69422;\">L\u00e9ger et fin Application :<\/strong>\u00a0Ajoute un poids minimal (1-2 mils d'\u00e9paisseur) tout en maximisant la durabilit\u00e9.<\/li>\n<li><strong><span style=\"color: #f69422;\">Barri\u00e8re thermique :<\/strong>\u00a0R\u00e9siste aux temp\u00e9ratures extr\u00eames sans compromettre les performances.<\/li>\n<li><strong><span style=\"color: #f69422;\">Finitions esth\u00e9tiques personnalis\u00e9es :<\/strong>\u00a0Disponible dans plus de 200 couleurs et finitions m\u00e9langeables, Cerakote a un aspect et une sensation haut de gamme et distincts. Les possibilit\u00e9s sont infinies.<\/li>\n<\/ul>\n\t<div class=\"img has-hover x md-x lg-x y md-y lg-y\" id=\"image_1496212124\">\n\t\t\t\t\t\t\t\t<div class=\"img-inner dark\" >\n\t\t\t<img loading=\"lazy\" decoding=\"async\" width=\"1020\" height=\"349\" src=\"https:\/\/www.cerakotesa.com\/wp-content\/uploads\/2025\/05\/03cerakoteforcompositematerialsfullwidth1170x400-dt20250501145855660406-1024x350.webp\" class=\"attachment-large size-large\" alt=\"\" srcset=\"https:\/\/www.cerakotesa.com\/wp-content\/uploads\/2025\/05\/03cerakoteforcompositematerialsfullwidth1170x400-dt20250501145855660406-1024x350.webp 1024w, https:\/\/www.cerakotesa.com\/wp-content\/uploads\/2025\/05\/03cerakoteforcompositematerialsfullwidth1170x400-dt20250501145855660406-300x103.webp 300w, https:\/\/www.cerakotesa.com\/wp-content\/uploads\/2025\/05\/03cerakoteforcompositematerialsfullwidth1170x400-dt20250501145855660406-768x263.webp 768w, https:\/\/www.cerakotesa.com\/wp-content\/uploads\/2025\/05\/03cerakoteforcompositematerialsfullwidth1170x400-dt20250501145855660406-18x6.webp 18w, https:\/\/www.cerakotesa.com\/wp-content\/uploads\/2025\/05\/03cerakoteforcompositematerialsfullwidth1170x400-dt20250501145855660406-32x11.webp 32w, https:\/\/www.cerakotesa.com\/wp-content\/uploads\/2025\/05\/03cerakoteforcompositematerialsfullwidth1170x400-dt20250501145855660406-31x11.webp 31w, https:\/\/www.cerakotesa.com\/wp-content\/uploads\/2025\/05\/03cerakoteforcompositematerialsfullwidth1170x400-dt20250501145855660406-247x84.webp 247w, https:\/\/www.cerakotesa.com\/wp-content\/uploads\/2025\/05\/03cerakoteforcompositematerialsfullwidth1170x400-dt20250501145855660406-510x174.webp 510w, https:\/\/www.cerakotesa.com\/wp-content\/uploads\/2025\/05\/03cerakoteforcompositematerialsfullwidth1170x400-dt20250501145855660406.webp 1170w\" sizes=\"auto, (max-width: 1020px) 100vw, 1020px\" \/>\t\t\t\t\t\t\n\t\t\t\t\t<\/div>\n\t\t\t\t\t\t\t\t\n<style>\n#image_1496212124 {\n  width: 100%;\n}\n<\/style>\n\t<\/div>\n\t\n<h2>Mat\u00e9riaux composites compatibles avec Cerakote<\/h2>\n<p>Cerakote peut \u00eatre appliqu\u00e9 \u00e0 une large gamme de mat\u00e9riaux composites, notamment :<\/p>\n<ul>\n<li><strong><span style=\"color: #f69422;\">Fibre de carbone :<\/strong>\u00a0Utilis\u00e9 dans l'automobile, l'a\u00e9rospatiale et les \u00e9quipements sportifs, Cerakote prot\u00e8ge contre les rayures, la chaleur et l'exposition aux UV tout en pr\u00e9servant l'esth\u00e9tique de la fibre tiss\u00e9e.<\/li>\n<li><strong><span style=\"color: #f69422;\">Fibre de verre :<\/strong>\u00a0Couramment utilis\u00e9e dans les applications marines, automobiles et industrielles, la cerakote am\u00e9liore la durabilit\u00e9 et pr\u00e9vient l'alt\u00e9ration par les intemp\u00e9ries.<\/li>\n<li><strong><span style=\"color: #f69422;\">Fibres de Kevlar\u00ae et d'aramide :<\/strong>\u00a0Pr\u00e9sente dans l'a\u00e9rospatiale et les \u00e9quipements tactiques, la Cerakote ajoute une r\u00e9sistance chimique et une protection prolong\u00e9e contre l'usure.<\/li>\n<li><strong><span style=\"color: #f69422;\">Composites thermoplastiques :\u00a0<\/strong>Utilis\u00e9e dans des applications de haute performance, la Cerakote offre une finition fine et durable sans affecter la flexibilit\u00e9 du mat\u00e9riau.<\/li>\n<\/ul>\n\t<div class=\"img has-hover x md-x lg-x y md-y lg-y\" id=\"image_1567235856\">\n\t\t\t\t\t\t\t\t<div class=\"img-inner dark\" >\n\t\t\t<img loading=\"lazy\" decoding=\"async\" width=\"1020\" height=\"349\" src=\"https:\/\/www.cerakotesa.com\/wp-content\/uploads\/2025\/05\/04cerakoteforcompositematerialsfullwidth1170x400-dt20250501145853811994-1024x350.jpg\" class=\"attachment-large size-large\" alt=\"\" srcset=\"https:\/\/www.cerakotesa.com\/wp-content\/uploads\/2025\/05\/04cerakoteforcompositematerialsfullwidth1170x400-dt20250501145853811994-1024x350.jpg 1024w, https:\/\/www.cerakotesa.com\/wp-content\/uploads\/2025\/05\/04cerakoteforcompositematerialsfullwidth1170x400-dt20250501145853811994-300x103.jpg 300w, https:\/\/www.cerakotesa.com\/wp-content\/uploads\/2025\/05\/04cerakoteforcompositematerialsfullwidth1170x400-dt20250501145853811994-768x263.jpg 768w, https:\/\/www.cerakotesa.com\/wp-content\/uploads\/2025\/05\/04cerakoteforcompositematerialsfullwidth1170x400-dt20250501145853811994-18x6.jpg 18w, https:\/\/www.cerakotesa.com\/wp-content\/uploads\/2025\/05\/04cerakoteforcompositematerialsfullwidth1170x400-dt20250501145853811994-32x11.jpg 32w, https:\/\/www.cerakotesa.com\/wp-content\/uploads\/2025\/05\/04cerakoteforcompositematerialsfullwidth1170x400-dt20250501145853811994-31x11.jpg 31w, https:\/\/www.cerakotesa.com\/wp-content\/uploads\/2025\/05\/04cerakoteforcompositematerialsfullwidth1170x400-dt20250501145853811994-247x84.jpg 247w, https:\/\/www.cerakotesa.com\/wp-content\/uploads\/2025\/05\/04cerakoteforcompositematerialsfullwidth1170x400-dt20250501145853811994-510x174.jpg 510w, https:\/\/www.cerakotesa.com\/wp-content\/uploads\/2025\/05\/04cerakoteforcompositematerialsfullwidth1170x400-dt20250501145853811994.avif 1170w\" sizes=\"auto, (max-width: 1020px) 100vw, 1020px\" \/>\t\t\t\t\t\t\n\t\t\t\t\t<\/div>\n\t\t\t\t\t\t\t\t\n<style>\n#image_1567235856 {\n  width: 100%;\n}\n<\/style>\n\t<\/div>\n\t\n<h2>Industries b\u00e9n\u00e9ficiant de l'application de Cerakote sur les composites ?<\/h2>\n<ul>\n<li><strong><span style=\"color: #f69422;\">A\u00e9rospatiale et d\u00e9fense :<\/strong>\u00a0Rev\u00eatements protecteurs pour les structures en fibre de carbone, les drones et les composants \u00e0 haute performance.<\/li>\n<li><strong><span style=\"color: #f69422;\">Automobile et sports m\u00e9caniques :<\/strong>\u00a0Rev\u00eatements r\u00e9sistants \u00e0 la chaleur et \u00e0 l'usure pour les panneaux de carrosserie, les couvercles de moteur et les garnitures int\u00e9rieures.<\/li>\n<li><strong><span style=\"color: #f69422;\">Tir, chasse et m\u00e9tiers de plein air :<\/strong>\u00a0Durabilit\u00e9 accrue pour les crosses d'armes \u00e0 feu, les poign\u00e9es, les optiques et les manches de couteaux en mat\u00e9riaux composites.<\/li>\n<li><strong><span style=\"color: #f69422;\">Marine et loisirs :<\/strong>\u00a0Protection contre la corrosion et les UV pour les bateaux, les jet-skis et les \u00e9quipements ext\u00e9rieurs en mat\u00e9riaux composites.<\/li>\n<li><strong><span style=\"color: #f69422;\">Articles de sport :<\/strong>\u00a0Am\u00e9lioration de la long\u00e9vit\u00e9 des v\u00e9los, skis et \u00e9quipements de tir \u00e0 l'arc en fibre de carbone.<\/li>\n<\/ul>\n\t<div class=\"img has-hover x md-x lg-x y md-y lg-y\" id=\"image_115328353\">\n\t\t\t\t\t\t\t\t<div class=\"img-inner dark\" >\n\t\t\t<img loading=\"lazy\" decoding=\"async\" width=\"1020\" height=\"349\" src=\"https:\/\/www.cerakotesa.com\/wp-content\/uploads\/2025\/05\/05cerakoteforcompositematerialsfullwidth1170x400-dt2025050114585268335-1024x350.jpg\" class=\"attachment-large size-large\" alt=\"\" srcset=\"https:\/\/www.cerakotesa.com\/wp-content\/uploads\/2025\/05\/05cerakoteforcompositematerialsfullwidth1170x400-dt2025050114585268335-1024x350.jpg 1024w, https:\/\/www.cerakotesa.com\/wp-content\/uploads\/2025\/05\/05cerakoteforcompositematerialsfullwidth1170x400-dt2025050114585268335-300x103.jpg 300w, https:\/\/www.cerakotesa.com\/wp-content\/uploads\/2025\/05\/05cerakoteforcompositematerialsfullwidth1170x400-dt2025050114585268335-768x263.jpg 768w, https:\/\/www.cerakotesa.com\/wp-content\/uploads\/2025\/05\/05cerakoteforcompositematerialsfullwidth1170x400-dt2025050114585268335-18x6.jpg 18w, https:\/\/www.cerakotesa.com\/wp-content\/uploads\/2025\/05\/05cerakoteforcompositematerialsfullwidth1170x400-dt2025050114585268335-32x11.jpg 32w, https:\/\/www.cerakotesa.com\/wp-content\/uploads\/2025\/05\/05cerakoteforcompositematerialsfullwidth1170x400-dt2025050114585268335-31x11.jpg 31w, https:\/\/www.cerakotesa.com\/wp-content\/uploads\/2025\/05\/05cerakoteforcompositematerialsfullwidth1170x400-dt2025050114585268335-247x84.jpg 247w, https:\/\/www.cerakotesa.com\/wp-content\/uploads\/2025\/05\/05cerakoteforcompositematerialsfullwidth1170x400-dt2025050114585268335-510x174.jpg 510w, https:\/\/www.cerakotesa.com\/wp-content\/uploads\/2025\/05\/05cerakoteforcompositematerialsfullwidth1170x400-dt2025050114585268335.avif 1170w\" sizes=\"auto, (max-width: 1020px) 100vw, 1020px\" \/>\t\t\t\t\t\t\n\t\t\t\t\t<\/div>\n\t\t\t\t\t\t\t\t\n<style>\n#image_115328353 {\n  width: 100%;\n}\n<\/style>\n\t<\/div>\n\t\n<h2>Obtenez le meilleur rev\u00eatement pour vos mat\u00e9riaux composites<\/h2>\n<p>Vous recherchez une protection et une esth\u00e9tique sup\u00e9rieures pour vos pi\u00e8ces composites ? Cerakote est la solution. Contactez un Account Manager \u00e0\u00a0<a href=\"mailto:enquiries@cerakoteeu.com\" target=\"_blank\" rel=\"noopener\">enquiries@cerakoteeu.com<\/a>et d\u00e9couvrez comment Cerakote peut \u00eatre personnalis\u00e9 pour votre application composite sp\u00e9cifique !<\/p>\n\t\t<\/div>\n\t\t\t\t\t<\/div>\n\n\t\n<\/div>\n\t\t<\/div>\n\n\t\t\n<style>\n#section_2143304743 {\n  padding-top: 0px;\n  padding-bottom: 0px;\n  background-color: rgb(255,255,255);\n}\n<\/style>\n\t<\/section>","protected":false},"excerpt":{"rendered":"","protected":false},"author":1,"featured_media":0,"parent":0,"menu_order":0,"comment_status":"closed","ping_status":"closed","template":"","meta":{"_acf_changed":false,"footnotes":""},"class_list":["post-22094","page","type-page","status-publish","hentry"],"yoast_head":"<!-- This site is optimized with the Yoast SEO plugin v26.7 - https:\/\/yoast.com\/wordpress\/plugins\/seo\/ -->\n<title>Cerakote for Composite Materials - Cerakote South Africa<\/title>\n<meta name=\"robots\" content=\"index, follow, max-snippet:-1, max-image-preview:large, max-video-preview:-1\" \/>\n<link rel=\"canonical\" href=\"https:\/\/www.cerakotesa.com\/fr\/composite-materials\/\" \/>\n<meta property=\"og:locale\" content=\"fr_FR\" \/>\n<meta property=\"og:type\" content=\"article\" \/>\n<meta property=\"og:title\" content=\"Cerakote for Composite Materials - Cerakote South Africa\" \/>\n<meta property=\"og:url\" content=\"https:\/\/www.cerakotesa.com\/fr\/composite-materials\/\" \/>\n<meta property=\"og:site_name\" content=\"Cerakote South Africa\" \/>\n<meta property=\"article:modified_time\" content=\"2025-05-26T11:52:40+00:00\" \/>\n<meta name=\"twitter:card\" content=\"summary_large_image\" \/>\n<meta name=\"twitter:label1\" content=\"Dur\u00e9e de lecture estim\u00e9e\" \/>\n\t<meta name=\"twitter:data1\" content=\"2 minutes\" \/>\n<script type=\"application\/ld+json\" class=\"yoast-schema-graph\">{\"@context\":\"https:\/\/schema.org\",\"@graph\":[{\"@type\":\"WebPage\",\"@id\":\"https:\/\/www.cerakotesa.com\/composite-materials\/\",\"url\":\"https:\/\/www.cerakotesa.com\/composite-materials\/\",\"name\":\"Cerakote for Composite Materials - Cerakote South Africa\",\"isPartOf\":{\"@id\":\"https:\/\/www.cerakotesa.com\/#website\"},\"datePublished\":\"2025-05-26T11:44:59+00:00\",\"dateModified\":\"2025-05-26T11:52:40+00:00\",\"breadcrumb\":{\"@id\":\"https:\/\/www.cerakotesa.com\/composite-materials\/#breadcrumb\"},\"inLanguage\":\"fr-FR\",\"potentialAction\":[{\"@type\":\"ReadAction\",\"target\":[\"https:\/\/www.cerakotesa.com\/composite-materials\/\"]}]},{\"@type\":\"BreadcrumbList\",\"@id\":\"https:\/\/www.cerakotesa.com\/composite-materials\/#breadcrumb\",\"itemListElement\":[{\"@type\":\"ListItem\",\"position\":1,\"name\":\"Home\",\"item\":\"https:\/\/www.cerakotesa.com\/\"},{\"@type\":\"ListItem\",\"position\":2,\"name\":\"Cerakote for Composite Materials\"}]},{\"@type\":\"WebSite\",\"@id\":\"https:\/\/www.cerakotesa.com\/#website\",\"url\":\"https:\/\/www.cerakotesa.com\/\",\"name\":\"Cerakote South Africa\",\"description\":\"Cerakote is a global leader in the manufacturing of thin-film protective ceramic coatings\",\"potentialAction\":[{\"@type\":\"SearchAction\",\"target\":{\"@type\":\"EntryPoint\",\"urlTemplate\":\"https:\/\/www.cerakotesa.com\/?s={search_term_string}\"},\"query-input\":{\"@type\":\"PropertyValueSpecification\",\"valueRequired\":true,\"valueName\":\"search_term_string\"}}],\"inLanguage\":\"fr-FR\"}]}<\/script>\n<!-- \/ Yoast SEO plugin. -->","yoast_head_json":{"title":"Cerakote for Composite Materials - Cerakote South Africa","robots":{"index":"index","follow":"follow","max-snippet":"max-snippet:-1","max-image-preview":"max-image-preview:large","max-video-preview":"max-video-preview:-1"},"canonical":"https:\/\/www.cerakotesa.com\/fr\/composite-materials\/","og_locale":"fr_FR","og_type":"article","og_title":"Cerakote for Composite Materials - Cerakote South Africa","og_url":"https:\/\/www.cerakotesa.com\/fr\/composite-materials\/","og_site_name":"Cerakote South Africa","article_modified_time":"2025-05-26T11:52:40+00:00","twitter_card":"summary_large_image","twitter_misc":{"Dur\u00e9e de lecture estim\u00e9e":"2 minutes"},"schema":{"@context":"https:\/\/schema.org","@graph":[{"@type":"WebPage","@id":"https:\/\/www.cerakotesa.com\/composite-materials\/","url":"https:\/\/www.cerakotesa.com\/composite-materials\/","name":"Cerakote for Composite Materials - Cerakote South Africa","isPartOf":{"@id":"https:\/\/www.cerakotesa.com\/#website"},"datePublished":"2025-05-26T11:44:59+00:00","dateModified":"2025-05-26T11:52:40+00:00","breadcrumb":{"@id":"https:\/\/www.cerakotesa.com\/composite-materials\/#breadcrumb"},"inLanguage":"fr-FR","potentialAction":[{"@type":"ReadAction","target":["https:\/\/www.cerakotesa.com\/composite-materials\/"]}]},{"@type":"BreadcrumbList","@id":"https:\/\/www.cerakotesa.com\/composite-materials\/#breadcrumb","itemListElement":[{"@type":"ListItem","position":1,"name":"Home","item":"https:\/\/www.cerakotesa.com\/"},{"@type":"ListItem","position":2,"name":"Cerakote for Composite Materials"}]},{"@type":"WebSite","@id":"https:\/\/www.cerakotesa.com\/#website","url":"https:\/\/www.cerakotesa.com\/","name":"Cerakote South Africa","description":"Cerakote est un leader mondial dans la fabrication de rev\u00eatements c\u00e9ramiques protecteurs en couches minces.","potentialAction":[{"@type":"SearchAction","target":{"@type":"EntryPoint","urlTemplate":"https:\/\/www.cerakotesa.com\/?s={search_term_string}"},"query-input":{"@type":"PropertyValueSpecification","valueRequired":true,"valueName":"search_term_string"}}],"inLanguage":"fr-FR"}]}},"acf":[],"_links":{"self":[{"href":"https:\/\/www.cerakotesa.com\/fr\/wp-json\/wp\/v2\/pages\/22094","targetHints":{"allow":["GET"]}}],"collection":[{"href":"https:\/\/www.cerakotesa.com\/fr\/wp-json\/wp\/v2\/pages"}],"about":[{"href":"https:\/\/www.cerakotesa.com\/fr\/wp-json\/wp\/v2\/types\/page"}],"author":[{"embeddable":true,"href":"https:\/\/www.cerakotesa.com\/fr\/wp-json\/wp\/v2\/users\/1"}],"replies":[{"embeddable":true,"href":"https:\/\/www.cerakotesa.com\/fr\/wp-json\/wp\/v2\/comments?post=22094"}],"version-history":[{"count":0,"href":"https:\/\/www.cerakotesa.com\/fr\/wp-json\/wp\/v2\/pages\/22094\/revisions"}],"wp:attachment":[{"href":"https:\/\/www.cerakotesa.com\/fr\/wp-json\/wp\/v2\/media?parent=22094"}],"curies":[{"name":"wp","href":"https:\/\/api.w.org\/{rel}","templated":true}]}}