{"id":3993,"date":"2020-07-29T22:40:56","date_gmt":"2020-07-29T21:40:56","guid":{"rendered":"https:\/\/www.cerakote.co.uk\/?page_id=3993"},"modified":"2025-05-15T11:43:28","modified_gmt":"2025-05-15T11:43:28","slug":"what-psi-do-i-set-my-spray-gun-to-apply-cerakote","status":"publish","type":"page","link":"https:\/\/www.cerakotesa.com\/fr\/knowledge-base\/what-psi-do-i-set-my-spray-gun-to-apply-cerakote\/","title":{"rendered":"A quelle pression dois-je r\u00e9gler mon pistolet \u00e0 peinture pour l'application de Cerakote ?"},"content":{"rendered":"<h2>CONSEILS POUR LE PISTOLET CERAKOTE<\/h2>\n\n<p>Il est important de r\u00e9gler votre pression d'air, ou PSI, sur le bon r\u00e9glage pour une application correcte de Cerakote. Nous vous recommandons d'utiliser les r\u00e9glages suivants en fonction de la s\u00e9rie de rev\u00eatement que vous pulv\u00e9risez :<\/p>\n\t<div class=\"img has-hover x md-x lg-x y md-y lg-y\" id=\"image_1458950191\">\n\t\t\t\t\t\t\t\t<div class=\"img-inner dark\" >\n\t\t\t<img loading=\"lazy\" decoding=\"async\" width=\"1020\" height=\"711\" src=\"https:\/\/www.cerakotesa.com\/wp-content\/uploads\/2020\/07\/cerakote_airgun.jpg\" class=\"attachment-large size-large\" alt=\"Pistolet \u00e0 peinture\" srcset=\"https:\/\/www.cerakotesa.com\/wp-content\/uploads\/2020\/07\/cerakote_airgun.jpg 1025w, https:\/\/www.cerakotesa.com\/wp-content\/uploads\/2020\/07\/cerakote_airgun-247x172.jpg 247w, https:\/\/www.cerakotesa.com\/wp-content\/uploads\/2020\/07\/cerakote_airgun-510x355.jpg 510w, https:\/\/www.cerakotesa.com\/wp-content\/uploads\/2020\/07\/cerakote_airgun-300x209.jpg 300w, https:\/\/www.cerakotesa.com\/wp-content\/uploads\/2020\/07\/cerakote_airgun-768x535.jpg 768w\" sizes=\"auto, (max-width: 1020px) 100vw, 1020px\" \/>\t\t\t\t\t\t\n\t\t\t\t\t<\/div>\n\t\t\t\t\t\t\t\t\n<style>\n#image_1458950191 {\n  width: 69%;\n}\n<\/style>\n\t<\/div>\n\t\n\n\t<div class=\"img has-hover x md-x lg-x y md-y lg-y\" id=\"image_102923832\">\n\t\t\t\t\t\t\t\t<div class=\"img-inner dark\" >\n\t\t\t<img loading=\"lazy\" decoding=\"async\" width=\"1020\" height=\"174\" src=\"https:\/\/www.cerakotesa.com\/wp-content\/uploads\/2020\/07\/spray_table-1024x175.jpg\" class=\"attachment-large size-large\" alt=\"Table de pulv\u00e9risation\" srcset=\"https:\/\/www.cerakotesa.com\/wp-content\/uploads\/2020\/07\/spray_table-1024x175.jpg 1024w, https:\/\/www.cerakotesa.com\/wp-content\/uploads\/2020\/07\/spray_table-247x42.jpg 247w, https:\/\/www.cerakotesa.com\/wp-content\/uploads\/2020\/07\/spray_table-510x87.jpg 510w, https:\/\/www.cerakotesa.com\/wp-content\/uploads\/2020\/07\/spray_table-300x51.jpg 300w, https:\/\/www.cerakotesa.com\/wp-content\/uploads\/2020\/07\/spray_table-768x131.jpg 768w, https:\/\/www.cerakotesa.com\/wp-content\/uploads\/2020\/07\/spray_table-1536x262.jpg 1536w, https:\/\/www.cerakotesa.com\/wp-content\/uploads\/2020\/07\/spray_table.jpg 1814w\" sizes=\"auto, (max-width: 1020px) 100vw, 1020px\" \/>\t\t\t\t\t\t\n\t\t\t\t\t<\/div>\n\t\t\t\t\t\t\t\t\n<style>\n#image_102923832 {\n  width: 100%;\n}\n<\/style>\n\t<\/div>\n\t\n\n<h2>CONSEILS DE PRO POUR AJUSTER LA PRESSION DE L'AIR<\/h2>\n<ul>\n<li><strong>M\u00e9tallique<\/strong>: En raison des concentrations plus \u00e9lev\u00e9es de paillettes m\u00e9talliques, ces rev\u00eatements peuvent \u00eatre plus enclins \u00e0 la pulv\u00e9risation s\u00e8che. Une l\u00e9g\u00e8re r\u00e9duction de la pression de service permet de r\u00e9duire ce probl\u00e8me.<\/li>\n<li><strong>Faible viscosit\u00e9<\/strong>: Les rev\u00eatements plus fins peuvent \u00eatre sujets \u00e0 la transparence ou aux coulures. Une l\u00e9g\u00e8re augmentation de la pression d'air aidera \u00e0 atomiser le produit pulv\u00e9ris\u00e9 afin d'\u00e9viter les coulures et\/ou une finition transparente.<\/li>\n<li><strong>Haute viscosit\u00e9<\/strong>: Les rev\u00eatements \u00e0 haute viscosit\u00e9 peuvent \u00e9galement \u00eatre sujets \u00e0 la pulv\u00e9risation s\u00e8che en raison d'une diminution du d\u00e9bit. Une l\u00e9g\u00e8re augmentation de la pression de l'air augmentera l'\u00e9coulement du rev\u00eatement et r\u00e9duira le risque de pulv\u00e9risation s\u00e8che.<\/li>\n\n<\/ul>","protected":false},"excerpt":{"rendered":"<p>CERAKOTE SPRAY GUN TIPS It\u2019s important to set your air pressure, or PSI, at the correct setting for the proper application of Cerakote. We recommend you use the following settings based on the series of coating you are spraying: PRO TIPS FOR ADJUSTING AIR PRESSURE Metallics: Due to higher concentrations of metallic flake, these coatings [&#8230;]","protected":false},"author":1,"featured_media":0,"parent":3966,"menu_order":0,"comment_status":"closed","ping_status":"closed","template":"","meta":{"_acf_changed":false,"footnotes":""},"class_list":["post-3993","page","type-page","status-publish","hentry"],"yoast_head":"<!-- This site is optimized with the Yoast SEO plugin v26.7 - https:\/\/yoast.com\/wordpress\/plugins\/seo\/ -->\n<title>What PSI Do I Set My Spray Gun to Apply Cerakote? - Cerakote South Africa<\/title>\n<meta name=\"robots\" content=\"index, follow, max-snippet:-1, max-image-preview:large, max-video-preview:-1\" \/>\n<link rel=\"canonical\" href=\"https:\/\/www.cerakotesa.com\/fr\/knowledge-base\/what-psi-do-i-set-my-spray-gun-to-apply-cerakote\/\" \/>\n<meta property=\"og:locale\" content=\"fr_FR\" \/>\n<meta property=\"og:type\" content=\"article\" \/>\n<meta property=\"og:title\" content=\"What PSI Do I Set My Spray Gun to Apply Cerakote? - Cerakote South Africa\" \/>\n<meta property=\"og:description\" content=\"CERAKOTE SPRAY GUN TIPS It\u2019s important to set your air pressure, or PSI, at the correct setting for the proper application of Cerakote. We recommend you use the following settings based on the series of coating you are spraying: PRO TIPS FOR ADJUSTING AIR PRESSURE Metallics: Due to higher concentrations of metallic flake, these coatings [...]\" \/>\n<meta property=\"og:url\" content=\"https:\/\/www.cerakotesa.com\/fr\/knowledge-base\/what-psi-do-i-set-my-spray-gun-to-apply-cerakote\/\" \/>\n<meta property=\"og:site_name\" content=\"Cerakote South Africa\" \/>\n<meta property=\"article:modified_time\" content=\"2025-05-15T11:43:28+00:00\" \/>\n<meta name=\"twitter:card\" content=\"summary_large_image\" \/>\n<meta name=\"twitter:label1\" content=\"Dur\u00e9e de lecture estim\u00e9e\" \/>\n\t<meta name=\"twitter:data1\" content=\"1 minute\" \/>\n<script type=\"application\/ld+json\" class=\"yoast-schema-graph\">{\"@context\":\"https:\/\/schema.org\",\"@graph\":[{\"@type\":\"WebPage\",\"@id\":\"https:\/\/www.cerakotesa.com\/knowledge-base\/what-psi-do-i-set-my-spray-gun-to-apply-cerakote\/\",\"url\":\"https:\/\/www.cerakotesa.com\/knowledge-base\/what-psi-do-i-set-my-spray-gun-to-apply-cerakote\/\",\"name\":\"What PSI Do I Set My Spray Gun to Apply Cerakote? - Cerakote South Africa\",\"isPartOf\":{\"@id\":\"https:\/\/www.cerakotesa.com\/#website\"},\"datePublished\":\"2020-07-29T21:40:56+00:00\",\"dateModified\":\"2025-05-15T11:43:28+00:00\",\"breadcrumb\":{\"@id\":\"https:\/\/www.cerakotesa.com\/knowledge-base\/what-psi-do-i-set-my-spray-gun-to-apply-cerakote\/#breadcrumb\"},\"inLanguage\":\"fr-FR\",\"potentialAction\":[{\"@type\":\"ReadAction\",\"target\":[\"https:\/\/www.cerakotesa.com\/knowledge-base\/what-psi-do-i-set-my-spray-gun-to-apply-cerakote\/\"]}]},{\"@type\":\"BreadcrumbList\",\"@id\":\"https:\/\/www.cerakotesa.com\/knowledge-base\/what-psi-do-i-set-my-spray-gun-to-apply-cerakote\/#breadcrumb\",\"itemListElement\":[{\"@type\":\"ListItem\",\"position\":1,\"name\":\"Home\",\"item\":\"https:\/\/www.cerakotesa.com\/\"},{\"@type\":\"ListItem\",\"position\":2,\"name\":\"Knowledge Base\",\"item\":\"https:\/\/www.cerakotesa.com\/knowledge-base\/\"},{\"@type\":\"ListItem\",\"position\":3,\"name\":\"What PSI Do I Set My Spray Gun to Apply Cerakote?\"}]},{\"@type\":\"WebSite\",\"@id\":\"https:\/\/www.cerakotesa.com\/#website\",\"url\":\"https:\/\/www.cerakotesa.com\/\",\"name\":\"Cerakote South Africa\",\"description\":\"Cerakote is a global leader in the manufacturing of thin-film protective ceramic coatings\",\"potentialAction\":[{\"@type\":\"SearchAction\",\"target\":{\"@type\":\"EntryPoint\",\"urlTemplate\":\"https:\/\/www.cerakotesa.com\/?s={search_term_string}\"},\"query-input\":{\"@type\":\"PropertyValueSpecification\",\"valueRequired\":true,\"valueName\":\"search_term_string\"}}],\"inLanguage\":\"fr-FR\"}]}<\/script>\n<!-- \/ Yoast SEO plugin. -->","yoast_head_json":{"title":"What PSI Do I Set My Spray Gun to Apply Cerakote? - Cerakote South Africa","robots":{"index":"index","follow":"follow","max-snippet":"max-snippet:-1","max-image-preview":"max-image-preview:large","max-video-preview":"max-video-preview:-1"},"canonical":"https:\/\/www.cerakotesa.com\/fr\/knowledge-base\/what-psi-do-i-set-my-spray-gun-to-apply-cerakote\/","og_locale":"fr_FR","og_type":"article","og_title":"What PSI Do I Set My Spray Gun to Apply Cerakote? - Cerakote South Africa","og_description":"CERAKOTE SPRAY GUN TIPS It\u2019s important to set your air pressure, or PSI, at the correct setting for the proper application of Cerakote. We recommend you use the following settings based on the series of coating you are spraying: PRO TIPS FOR ADJUSTING AIR PRESSURE Metallics: Due to higher concentrations of metallic flake, these coatings [...]","og_url":"https:\/\/www.cerakotesa.com\/fr\/knowledge-base\/what-psi-do-i-set-my-spray-gun-to-apply-cerakote\/","og_site_name":"Cerakote South Africa","article_modified_time":"2025-05-15T11:43:28+00:00","twitter_card":"summary_large_image","twitter_misc":{"Dur\u00e9e de lecture estim\u00e9e":"1 minute"},"schema":{"@context":"https:\/\/schema.org","@graph":[{"@type":"WebPage","@id":"https:\/\/www.cerakotesa.com\/knowledge-base\/what-psi-do-i-set-my-spray-gun-to-apply-cerakote\/","url":"https:\/\/www.cerakotesa.com\/knowledge-base\/what-psi-do-i-set-my-spray-gun-to-apply-cerakote\/","name":"What PSI Do I Set My Spray Gun to Apply Cerakote? - Cerakote South Africa","isPartOf":{"@id":"https:\/\/www.cerakotesa.com\/#website"},"datePublished":"2020-07-29T21:40:56+00:00","dateModified":"2025-05-15T11:43:28+00:00","breadcrumb":{"@id":"https:\/\/www.cerakotesa.com\/knowledge-base\/what-psi-do-i-set-my-spray-gun-to-apply-cerakote\/#breadcrumb"},"inLanguage":"fr-FR","potentialAction":[{"@type":"ReadAction","target":["https:\/\/www.cerakotesa.com\/knowledge-base\/what-psi-do-i-set-my-spray-gun-to-apply-cerakote\/"]}]},{"@type":"BreadcrumbList","@id":"https:\/\/www.cerakotesa.com\/knowledge-base\/what-psi-do-i-set-my-spray-gun-to-apply-cerakote\/#breadcrumb","itemListElement":[{"@type":"ListItem","position":1,"name":"Home","item":"https:\/\/www.cerakotesa.com\/"},{"@type":"ListItem","position":2,"name":"Knowledge Base","item":"https:\/\/www.cerakotesa.com\/knowledge-base\/"},{"@type":"ListItem","position":3,"name":"What PSI Do I Set My Spray Gun to Apply Cerakote?"}]},{"@type":"WebSite","@id":"https:\/\/www.cerakotesa.com\/#website","url":"https:\/\/www.cerakotesa.com\/","name":"Cerakote South Africa","description":"Cerakote est un leader mondial dans la fabrication de rev\u00eatements c\u00e9ramiques protecteurs en couches minces.","potentialAction":[{"@type":"SearchAction","target":{"@type":"EntryPoint","urlTemplate":"https:\/\/www.cerakotesa.com\/?s={search_term_string}"},"query-input":{"@type":"PropertyValueSpecification","valueRequired":true,"valueName":"search_term_string"}}],"inLanguage":"fr-FR"}]}},"acf":[],"_links":{"self":[{"href":"https:\/\/www.cerakotesa.com\/fr\/wp-json\/wp\/v2\/pages\/3993","targetHints":{"allow":["GET"]}}],"collection":[{"href":"https:\/\/www.cerakotesa.com\/fr\/wp-json\/wp\/v2\/pages"}],"about":[{"href":"https:\/\/www.cerakotesa.com\/fr\/wp-json\/wp\/v2\/types\/page"}],"author":[{"embeddable":true,"href":"https:\/\/www.cerakotesa.com\/fr\/wp-json\/wp\/v2\/users\/1"}],"replies":[{"embeddable":true,"href":"https:\/\/www.cerakotesa.com\/fr\/wp-json\/wp\/v2\/comments?post=3993"}],"version-history":[{"count":0,"href":"https:\/\/www.cerakotesa.com\/fr\/wp-json\/wp\/v2\/pages\/3993\/revisions"}],"up":[{"embeddable":true,"href":"https:\/\/www.cerakotesa.com\/fr\/wp-json\/wp\/v2\/pages\/3966"}],"wp:attachment":[{"href":"https:\/\/www.cerakotesa.com\/fr\/wp-json\/wp\/v2\/media?parent=3993"}],"curies":[{"name":"wp","href":"https:\/\/api.w.org\/{rel}","templated":true}]}}