{"id":4062,"date":"2020-07-31T18:07:49","date_gmt":"2020-07-31T17:07:49","guid":{"rendered":"https:\/\/www.cerakote.co.uk\/?page_id=4062"},"modified":"2020-07-31T18:07:49","modified_gmt":"2020-07-31T17:07:49","slug":"why-do-i-need-to-degrease-before-i-blast","status":"publish","type":"page","link":"https:\/\/www.cerakotesa.com\/fr\/knowledge-base\/why-do-i-need-to-degrease-before-i-blast\/","title":{"rendered":"Pourquoi dois-je d\u00e9graisser avant de dynamiter ?"},"content":{"rendered":"<h2>Pourquoi dois-je d\u00e9graisser avant de dynamiter ?<\/h2>\n<h3>LE D\u00c9GRAISSAGE EST-IL VRAIMENT SI IMPORTANT ?<\/h3>\n<p>Oui, la pr\u00e9paration est essentielle et il est tr\u00e8s important que vos pi\u00e8ces soient soigneusement d\u00e9graiss\u00e9es avant l'application. Les huiles et autres contaminants sont pi\u00e9g\u00e9s dans les zones \u00e9troites et sont lib\u00e9r\u00e9s par la chaleur lors de la phase de d\u00e9gazage ou de durcissement. Un mauvais d\u00e9graissage compromettra l'adh\u00e9rence dans ces zones et provoquera une d\u00e9lamination du rev\u00eatement. Pour une adh\u00e9rence optimale, il est imp\u00e9ratif que le substrat soit exempt de tout contaminant, c'est-\u00e0-dire d'huile, de poussi\u00e8re, de graisse, de m\u00e9dia. Le d\u00e9graissage permet \u00e9galement de pr\u00e9server le support de sablage en \u00e9liminant les graisses et les huiles pr\u00e9sentes sur les pi\u00e8ces avant le sablage. Cela permet de r\u00e9duire la contamination lors de futurs projets de sablage.<\/p>\n<p>Pour plus de d\u00e9tails sur la mani\u00e8re de pr\u00e9parer votre projet, vous pouvez consulter notre manuel de formation ou regarder notre vid\u00e9o de formation :<\/p>\n<p><iframe loading=\"lazy\" width=\"560\" height=\"315\" src=\"https:\/\/www.youtube.com\/embed\/cuqo8f_7foU\" frameborder=\"0\" allow=\"accelerometer; autoplay; encrypted-media; gyroscope; picture-in-picture\" allowfullscreen><\/iframe><\/p>","protected":false},"excerpt":{"rendered":"<p>Why Do I Need to Degrease Before I Blast? IS DEGREASING REALLY THAT IMPORTANT? Yes, Preparation is everything and it&#8217;s very important that your parts are thoroughly degreased before application. Oils and other contaminants get trapped in tight areas and are released via heat through the gas out phase or curing phase. Improper degreasing will [&#8230;]","protected":false},"author":1,"featured_media":0,"parent":3966,"menu_order":0,"comment_status":"closed","ping_status":"closed","template":"","meta":{"_acf_changed":false,"footnotes":""},"class_list":["post-4062","page","type-page","status-publish","hentry"],"yoast_head":"<!-- This site is optimized with the Yoast SEO plugin v26.7 - https:\/\/yoast.com\/wordpress\/plugins\/seo\/ -->\n<title>Why Do I Need to Degrease Before I Blast? - Cerakote South Africa<\/title>\n<meta name=\"robots\" content=\"index, follow, max-snippet:-1, max-image-preview:large, max-video-preview:-1\" \/>\n<link rel=\"canonical\" href=\"https:\/\/www.cerakotesa.com\/fr\/knowledge-base\/why-do-i-need-to-degrease-before-i-blast\/\" \/>\n<meta property=\"og:locale\" content=\"fr_FR\" \/>\n<meta property=\"og:type\" content=\"article\" \/>\n<meta property=\"og:title\" content=\"Why Do I Need to Degrease Before I Blast? - Cerakote South Africa\" \/>\n<meta property=\"og:description\" content=\"Why Do I Need to Degrease Before I Blast? IS DEGREASING REALLY THAT IMPORTANT? Yes, Preparation is everything and it&#8217;s very important that your parts are thoroughly degreased before application. Oils and other contaminants get trapped in tight areas and are released via heat through the gas out phase or curing phase. Improper degreasing will [...]\" \/>\n<meta property=\"og:url\" content=\"https:\/\/www.cerakotesa.com\/fr\/knowledge-base\/why-do-i-need-to-degrease-before-i-blast\/\" \/>\n<meta property=\"og:site_name\" content=\"Cerakote South Africa\" \/>\n<meta name=\"twitter:card\" content=\"summary_large_image\" \/>\n<meta name=\"twitter:label1\" content=\"Dur\u00e9e de lecture estim\u00e9e\" \/>\n\t<meta name=\"twitter:data1\" content=\"1 minute\" \/>\n<script type=\"application\/ld+json\" class=\"yoast-schema-graph\">{\"@context\":\"https:\/\/schema.org\",\"@graph\":[{\"@type\":\"WebPage\",\"@id\":\"https:\/\/www.cerakotesa.com\/knowledge-base\/why-do-i-need-to-degrease-before-i-blast\/\",\"url\":\"https:\/\/www.cerakotesa.com\/knowledge-base\/why-do-i-need-to-degrease-before-i-blast\/\",\"name\":\"Why Do I Need to Degrease Before I Blast? - Cerakote South Africa\",\"isPartOf\":{\"@id\":\"https:\/\/www.cerakotesa.com\/#website\"},\"datePublished\":\"2020-07-31T17:07:49+00:00\",\"breadcrumb\":{\"@id\":\"https:\/\/www.cerakotesa.com\/knowledge-base\/why-do-i-need-to-degrease-before-i-blast\/#breadcrumb\"},\"inLanguage\":\"fr-FR\",\"potentialAction\":[{\"@type\":\"ReadAction\",\"target\":[\"https:\/\/www.cerakotesa.com\/knowledge-base\/why-do-i-need-to-degrease-before-i-blast\/\"]}]},{\"@type\":\"BreadcrumbList\",\"@id\":\"https:\/\/www.cerakotesa.com\/knowledge-base\/why-do-i-need-to-degrease-before-i-blast\/#breadcrumb\",\"itemListElement\":[{\"@type\":\"ListItem\",\"position\":1,\"name\":\"Home\",\"item\":\"https:\/\/www.cerakotesa.com\/\"},{\"@type\":\"ListItem\",\"position\":2,\"name\":\"Knowledge Base\",\"item\":\"https:\/\/www.cerakotesa.com\/knowledge-base\/\"},{\"@type\":\"ListItem\",\"position\":3,\"name\":\"Why Do I Need to Degrease Before I Blast?\"}]},{\"@type\":\"WebSite\",\"@id\":\"https:\/\/www.cerakotesa.com\/#website\",\"url\":\"https:\/\/www.cerakotesa.com\/\",\"name\":\"Cerakote South Africa\",\"description\":\"Cerakote is a global leader in the manufacturing of thin-film protective ceramic coatings\",\"potentialAction\":[{\"@type\":\"SearchAction\",\"target\":{\"@type\":\"EntryPoint\",\"urlTemplate\":\"https:\/\/www.cerakotesa.com\/?s={search_term_string}\"},\"query-input\":{\"@type\":\"PropertyValueSpecification\",\"valueRequired\":true,\"valueName\":\"search_term_string\"}}],\"inLanguage\":\"fr-FR\"}]}<\/script>\n<!-- \/ Yoast SEO plugin. -->","yoast_head_json":{"title":"Why Do I Need to Degrease Before I Blast? - Cerakote South Africa","robots":{"index":"index","follow":"follow","max-snippet":"max-snippet:-1","max-image-preview":"max-image-preview:large","max-video-preview":"max-video-preview:-1"},"canonical":"https:\/\/www.cerakotesa.com\/fr\/knowledge-base\/why-do-i-need-to-degrease-before-i-blast\/","og_locale":"fr_FR","og_type":"article","og_title":"Why Do I Need to Degrease Before I Blast? - Cerakote South Africa","og_description":"Why Do I Need to Degrease Before I Blast? IS DEGREASING REALLY THAT IMPORTANT? Yes, Preparation is everything and it&#8217;s very important that your parts are thoroughly degreased before application. Oils and other contaminants get trapped in tight areas and are released via heat through the gas out phase or curing phase. Improper degreasing will [...]","og_url":"https:\/\/www.cerakotesa.com\/fr\/knowledge-base\/why-do-i-need-to-degrease-before-i-blast\/","og_site_name":"Cerakote South Africa","twitter_card":"summary_large_image","twitter_misc":{"Dur\u00e9e de lecture estim\u00e9e":"1 minute"},"schema":{"@context":"https:\/\/schema.org","@graph":[{"@type":"WebPage","@id":"https:\/\/www.cerakotesa.com\/knowledge-base\/why-do-i-need-to-degrease-before-i-blast\/","url":"https:\/\/www.cerakotesa.com\/knowledge-base\/why-do-i-need-to-degrease-before-i-blast\/","name":"Why Do I Need to Degrease Before I Blast? - Cerakote South Africa","isPartOf":{"@id":"https:\/\/www.cerakotesa.com\/#website"},"datePublished":"2020-07-31T17:07:49+00:00","breadcrumb":{"@id":"https:\/\/www.cerakotesa.com\/knowledge-base\/why-do-i-need-to-degrease-before-i-blast\/#breadcrumb"},"inLanguage":"fr-FR","potentialAction":[{"@type":"ReadAction","target":["https:\/\/www.cerakotesa.com\/knowledge-base\/why-do-i-need-to-degrease-before-i-blast\/"]}]},{"@type":"BreadcrumbList","@id":"https:\/\/www.cerakotesa.com\/knowledge-base\/why-do-i-need-to-degrease-before-i-blast\/#breadcrumb","itemListElement":[{"@type":"ListItem","position":1,"name":"Home","item":"https:\/\/www.cerakotesa.com\/"},{"@type":"ListItem","position":2,"name":"Knowledge Base","item":"https:\/\/www.cerakotesa.com\/knowledge-base\/"},{"@type":"ListItem","position":3,"name":"Why Do I Need to Degrease Before I Blast?"}]},{"@type":"WebSite","@id":"https:\/\/www.cerakotesa.com\/#website","url":"https:\/\/www.cerakotesa.com\/","name":"Cerakote South Africa","description":"Cerakote est un leader mondial dans la fabrication de rev\u00eatements c\u00e9ramiques protecteurs en couches minces.","potentialAction":[{"@type":"SearchAction","target":{"@type":"EntryPoint","urlTemplate":"https:\/\/www.cerakotesa.com\/?s={search_term_string}"},"query-input":{"@type":"PropertyValueSpecification","valueRequired":true,"valueName":"search_term_string"}}],"inLanguage":"fr-FR"}]}},"acf":[],"_links":{"self":[{"href":"https:\/\/www.cerakotesa.com\/fr\/wp-json\/wp\/v2\/pages\/4062","targetHints":{"allow":["GET"]}}],"collection":[{"href":"https:\/\/www.cerakotesa.com\/fr\/wp-json\/wp\/v2\/pages"}],"about":[{"href":"https:\/\/www.cerakotesa.com\/fr\/wp-json\/wp\/v2\/types\/page"}],"author":[{"embeddable":true,"href":"https:\/\/www.cerakotesa.com\/fr\/wp-json\/wp\/v2\/users\/1"}],"replies":[{"embeddable":true,"href":"https:\/\/www.cerakotesa.com\/fr\/wp-json\/wp\/v2\/comments?post=4062"}],"version-history":[{"count":0,"href":"https:\/\/www.cerakotesa.com\/fr\/wp-json\/wp\/v2\/pages\/4062\/revisions"}],"up":[{"embeddable":true,"href":"https:\/\/www.cerakotesa.com\/fr\/wp-json\/wp\/v2\/pages\/3966"}],"wp:attachment":[{"href":"https:\/\/www.cerakotesa.com\/fr\/wp-json\/wp\/v2\/media?parent=4062"}],"curies":[{"name":"wp","href":"https:\/\/api.w.org\/{rel}","templated":true}]}}