{"id":4074,"date":"2020-07-31T21:36:50","date_gmt":"2020-07-31T20:36:50","guid":{"rendered":"https:\/\/www.cerakote.co.uk\/?page_id=4074"},"modified":"2023-11-10T11:27:43","modified_gmt":"2023-11-10T11:27:43","slug":"what-equipment-do-i-need-to-start-applying-cerakote","status":"publish","type":"page","link":"https:\/\/www.cerakotesa.com\/fr\/knowledge-base\/what-equipment-do-i-need-to-start-applying-cerakote\/","title":{"rendered":"De quel \u00e9quipement ai-je besoin pour commencer \u00e0 appliquer la cerakote ?"},"content":{"rendered":"<h2>\u00c9QUIPEMENT RECOMMAND\u00c9<\/h2>\n<p>Nous recommandons toujours d'utiliser un \u00e9quipement de qualit\u00e9 pour obtenir les meilleurs r\u00e9sultats lors de l'utilisation des produits Cerakote. L'\u00e9quipement indiqu\u00e9 est celui que nous recommandons et utilisons au si\u00e8ge de Cerakote. Pour les fabricants qui appliquent Cerakote de mani\u00e8re professionnelle, nous recommandons vivement d'investir dans l'\u00e9quipement recommand\u00e9 ou dans un \u00e9quipement similaire en termes de classe et de qualit\u00e9. L'investissement dans un \u00e9quipement de qualit\u00e9 garantira une finition et une performance satisfaisantes tout en augmentant l'efficacit\u00e9 de la production et en r\u00e9duisant les co\u00fbts gr\u00e2ce \u00e0 la r\u00e9duction de la maintenance et des temps d'arr\u00eat.<\/p>\n<p>Voici une liste de l'\u00e9quipement professionnel que nous recommandons pour vous aider \u00e0 commencer l'application de Cerakote :<\/p>\n\t<div class=\"img has-hover x md-x lg-x y md-y lg-y\" id=\"image_1399769735\">\n\t\t\t\t\t\t\t\t<div class=\"img-inner dark\" >\n\t\t\t<img loading=\"lazy\" decoding=\"async\" width=\"1020\" height=\"680\" src=\"https:\/\/www.cerakotesa.com\/wp-content\/uploads\/2020\/07\/equipment_1-1024x683.jpg\" class=\"attachment-large size-large\" alt=\"\u00c9quipement Cerakote\" srcset=\"https:\/\/www.cerakotesa.com\/wp-content\/uploads\/2020\/07\/equipment_1-1024x683.jpg 1024w, https:\/\/www.cerakotesa.com\/wp-content\/uploads\/2020\/07\/equipment_1-247x165.jpg 247w, https:\/\/www.cerakotesa.com\/wp-content\/uploads\/2020\/07\/equipment_1-510x340.jpg 510w, https:\/\/www.cerakotesa.com\/wp-content\/uploads\/2020\/07\/equipment_1-300x200.jpg 300w, https:\/\/www.cerakotesa.com\/wp-content\/uploads\/2020\/07\/equipment_1-768x512.jpg 768w, https:\/\/www.cerakotesa.com\/wp-content\/uploads\/2020\/07\/equipment_1.jpg 1200w\" sizes=\"auto, (max-width: 1020px) 100vw, 1020px\" \/>\t\t\t\t\t\t\n\t\t\t\t\t<\/div>\n\t\t\t\t\t\t\t\t\n<style>\n#image_1399769735 {\n  width: 96%;\n}\n<\/style>\n\t<\/div>\n\t\n\n\t<div class=\"img has-hover x md-x lg-x y md-y lg-y\" id=\"image_2108741544\">\n\t\t\t\t\t\t\t\t<div class=\"img-inner dark\" >\n\t\t\t<img loading=\"lazy\" decoding=\"async\" width=\"1020\" height=\"600\" src=\"https:\/\/www.cerakotesa.com\/wp-content\/uploads\/2020\/07\/equipment_12-1024x602.jpg\" class=\"attachment-large size-large\" alt=\"\" srcset=\"https:\/\/www.cerakotesa.com\/wp-content\/uploads\/2020\/07\/equipment_12-1024x602.jpg 1024w, https:\/\/www.cerakotesa.com\/wp-content\/uploads\/2020\/07\/equipment_12-247x145.jpg 247w, https:\/\/www.cerakotesa.com\/wp-content\/uploads\/2020\/07\/equipment_12-510x300.jpg 510w, https:\/\/www.cerakotesa.com\/wp-content\/uploads\/2020\/07\/equipment_12-300x177.jpg 300w, https:\/\/www.cerakotesa.com\/wp-content\/uploads\/2020\/07\/equipment_12-768x452.jpg 768w, https:\/\/www.cerakotesa.com\/wp-content\/uploads\/2020\/07\/equipment_12.jpg 1200w\" sizes=\"auto, (max-width: 1020px) 100vw, 1020px\" \/>\t\t\t\t\t\t\n\t\t\t\t\t<\/div>\n\t\t\t\t\t\t\t\t\n<style>\n#image_2108741544 {\n  width: 100%;\n}\n<\/style>\n\t<\/div>\n\t\n\n<p><strong>Autres pi\u00e8ces\/outils n\u00e9cessaires :<\/strong><\/p>\n<ul>\n<li><a href=\"\/product\/degreasing-tank-se-272\/\">R\u00e9servoir de d\u00e9graissage<\/a><\/li>\n<li>Solvant de d\u00e9graissage et de nettoyage<\/li>\n<li>Gants en latex sans poudre<\/li>\n<li><a href=\"\/product\/iwata-lph80-spray-gun-kit-se-138\/\">Kit de pistolet de pulv\u00e9risation IWATA LPH-80<\/a><\/li>\n<li>Tuyau d'air<\/li>\n<li><a href=\"http:\/\/product\/iwata-lph80-spray-gun-kit-se-138\/\" data-wplink-url-error=\"true\">Kit de nettoyage pour pistolet IWATA<\/a><\/li>\n<li><a href=\"http:\/\/product\/cerakote-hook-kit-se-195\/\" data-wplink-url-error=\"true\">Kit de crochets Cerakote<\/a><\/li>\n<li><a href=\"\/product\/mil-thickness-gauge-se-321\/\">Jauge d'\u00e9paisseur Mil Cerakote<\/a><\/li>\n<li>Sand Produit de sablage (#100 grains d'oxyde d'aluminium ou de sable grenat)<\/li>\n<li>EPI (\u00e9quipement de protection individuelle)<\/li>\n<\/ul>\n<p>Si vous avez d'autres questions sur l'\u00e9quipement, n'h\u00e9sitez pas \u00e0 nous envoyer un courriel \u00e0 technicalsupport@cerakote.com ou \u00e0 nous appeler au 1-866-774-7628.<\/p>\n<p>Pour une application correcte de la Cerakote, veuillez vous r\u00e9f\u00e9rer \u00e0 la section <a href=\"https:\/\/www.cerakotesa.com\/wp-content\/uploads\/2020\/08\/training-manual-dt20200117031124869.pdf\">Manuel de formation Cerakote<\/a> ou consulter le manuel sur <a href=\"https:\/\/www.youtube.com\/watch?v=cuqo8f_7foU\">YouTube<\/a>.<\/p>","protected":false},"excerpt":{"rendered":"","protected":false},"author":1,"featured_media":0,"parent":3966,"menu_order":0,"comment_status":"closed","ping_status":"closed","template":"","meta":{"_acf_changed":false,"footnotes":""},"class_list":["post-4074","page","type-page","status-publish","hentry"],"yoast_head":"<!-- This site is optimized with the Yoast SEO plugin v26.7 - https:\/\/yoast.com\/wordpress\/plugins\/seo\/ -->\n<title>What Equipment Do I Need to Start Applying Cerakote? - Cerakote South Africa<\/title>\n<meta name=\"robots\" content=\"index, follow, max-snippet:-1, max-image-preview:large, max-video-preview:-1\" \/>\n<link rel=\"canonical\" href=\"https:\/\/www.cerakotesa.com\/fr\/knowledge-base\/what-equipment-do-i-need-to-start-applying-cerakote\/\" \/>\n<meta property=\"og:locale\" content=\"fr_FR\" \/>\n<meta property=\"og:type\" content=\"article\" \/>\n<meta property=\"og:title\" content=\"What Equipment Do I Need to Start Applying Cerakote? - Cerakote South Africa\" \/>\n<meta property=\"og:url\" content=\"https:\/\/www.cerakotesa.com\/fr\/knowledge-base\/what-equipment-do-i-need-to-start-applying-cerakote\/\" \/>\n<meta property=\"og:site_name\" content=\"Cerakote South Africa\" \/>\n<meta property=\"article:modified_time\" content=\"2023-11-10T11:27:43+00:00\" \/>\n<meta name=\"twitter:card\" content=\"summary_large_image\" \/>\n<meta name=\"twitter:label1\" content=\"Dur\u00e9e de lecture estim\u00e9e\" \/>\n\t<meta name=\"twitter:data1\" content=\"1 minute\" \/>\n<script type=\"application\/ld+json\" class=\"yoast-schema-graph\">{\"@context\":\"https:\/\/schema.org\",\"@graph\":[{\"@type\":\"WebPage\",\"@id\":\"https:\/\/www.cerakotesa.com\/knowledge-base\/what-equipment-do-i-need-to-start-applying-cerakote\/\",\"url\":\"https:\/\/www.cerakotesa.com\/knowledge-base\/what-equipment-do-i-need-to-start-applying-cerakote\/\",\"name\":\"What Equipment Do I Need to Start Applying Cerakote? - Cerakote South Africa\",\"isPartOf\":{\"@id\":\"https:\/\/www.cerakotesa.com\/#website\"},\"datePublished\":\"2020-07-31T20:36:50+00:00\",\"dateModified\":\"2023-11-10T11:27:43+00:00\",\"breadcrumb\":{\"@id\":\"https:\/\/www.cerakotesa.com\/knowledge-base\/what-equipment-do-i-need-to-start-applying-cerakote\/#breadcrumb\"},\"inLanguage\":\"fr-FR\",\"potentialAction\":[{\"@type\":\"ReadAction\",\"target\":[\"https:\/\/www.cerakotesa.com\/knowledge-base\/what-equipment-do-i-need-to-start-applying-cerakote\/\"]}]},{\"@type\":\"BreadcrumbList\",\"@id\":\"https:\/\/www.cerakotesa.com\/knowledge-base\/what-equipment-do-i-need-to-start-applying-cerakote\/#breadcrumb\",\"itemListElement\":[{\"@type\":\"ListItem\",\"position\":1,\"name\":\"Home\",\"item\":\"https:\/\/www.cerakotesa.com\/\"},{\"@type\":\"ListItem\",\"position\":2,\"name\":\"Knowledge Base\",\"item\":\"https:\/\/www.cerakotesa.com\/knowledge-base\/\"},{\"@type\":\"ListItem\",\"position\":3,\"name\":\"What Equipment Do I Need to Start Applying Cerakote?\"}]},{\"@type\":\"WebSite\",\"@id\":\"https:\/\/www.cerakotesa.com\/#website\",\"url\":\"https:\/\/www.cerakotesa.com\/\",\"name\":\"Cerakote South Africa\",\"description\":\"Cerakote is a global leader in the manufacturing of thin-film protective ceramic coatings\",\"potentialAction\":[{\"@type\":\"SearchAction\",\"target\":{\"@type\":\"EntryPoint\",\"urlTemplate\":\"https:\/\/www.cerakotesa.com\/?s={search_term_string}\"},\"query-input\":{\"@type\":\"PropertyValueSpecification\",\"valueRequired\":true,\"valueName\":\"search_term_string\"}}],\"inLanguage\":\"fr-FR\"}]}<\/script>\n<!-- \/ Yoast SEO plugin. -->","yoast_head_json":{"title":"What Equipment Do I Need to Start Applying Cerakote? - Cerakote South Africa","robots":{"index":"index","follow":"follow","max-snippet":"max-snippet:-1","max-image-preview":"max-image-preview:large","max-video-preview":"max-video-preview:-1"},"canonical":"https:\/\/www.cerakotesa.com\/fr\/knowledge-base\/what-equipment-do-i-need-to-start-applying-cerakote\/","og_locale":"fr_FR","og_type":"article","og_title":"What Equipment Do I Need to Start Applying Cerakote? - Cerakote South Africa","og_url":"https:\/\/www.cerakotesa.com\/fr\/knowledge-base\/what-equipment-do-i-need-to-start-applying-cerakote\/","og_site_name":"Cerakote South Africa","article_modified_time":"2023-11-10T11:27:43+00:00","twitter_card":"summary_large_image","twitter_misc":{"Dur\u00e9e de lecture estim\u00e9e":"1 minute"},"schema":{"@context":"https:\/\/schema.org","@graph":[{"@type":"WebPage","@id":"https:\/\/www.cerakotesa.com\/knowledge-base\/what-equipment-do-i-need-to-start-applying-cerakote\/","url":"https:\/\/www.cerakotesa.com\/knowledge-base\/what-equipment-do-i-need-to-start-applying-cerakote\/","name":"What Equipment Do I Need to Start Applying Cerakote? - Cerakote South Africa","isPartOf":{"@id":"https:\/\/www.cerakotesa.com\/#website"},"datePublished":"2020-07-31T20:36:50+00:00","dateModified":"2023-11-10T11:27:43+00:00","breadcrumb":{"@id":"https:\/\/www.cerakotesa.com\/knowledge-base\/what-equipment-do-i-need-to-start-applying-cerakote\/#breadcrumb"},"inLanguage":"fr-FR","potentialAction":[{"@type":"ReadAction","target":["https:\/\/www.cerakotesa.com\/knowledge-base\/what-equipment-do-i-need-to-start-applying-cerakote\/"]}]},{"@type":"BreadcrumbList","@id":"https:\/\/www.cerakotesa.com\/knowledge-base\/what-equipment-do-i-need-to-start-applying-cerakote\/#breadcrumb","itemListElement":[{"@type":"ListItem","position":1,"name":"Home","item":"https:\/\/www.cerakotesa.com\/"},{"@type":"ListItem","position":2,"name":"Knowledge Base","item":"https:\/\/www.cerakotesa.com\/knowledge-base\/"},{"@type":"ListItem","position":3,"name":"What Equipment Do I Need to Start Applying Cerakote?"}]},{"@type":"WebSite","@id":"https:\/\/www.cerakotesa.com\/#website","url":"https:\/\/www.cerakotesa.com\/","name":"Cerakote South Africa","description":"Cerakote est un leader mondial dans la fabrication de rev\u00eatements c\u00e9ramiques protecteurs en couches minces.","potentialAction":[{"@type":"SearchAction","target":{"@type":"EntryPoint","urlTemplate":"https:\/\/www.cerakotesa.com\/?s={search_term_string}"},"query-input":{"@type":"PropertyValueSpecification","valueRequired":true,"valueName":"search_term_string"}}],"inLanguage":"fr-FR"}]}},"acf":[],"_links":{"self":[{"href":"https:\/\/www.cerakotesa.com\/fr\/wp-json\/wp\/v2\/pages\/4074","targetHints":{"allow":["GET"]}}],"collection":[{"href":"https:\/\/www.cerakotesa.com\/fr\/wp-json\/wp\/v2\/pages"}],"about":[{"href":"https:\/\/www.cerakotesa.com\/fr\/wp-json\/wp\/v2\/types\/page"}],"author":[{"embeddable":true,"href":"https:\/\/www.cerakotesa.com\/fr\/wp-json\/wp\/v2\/users\/1"}],"replies":[{"embeddable":true,"href":"https:\/\/www.cerakotesa.com\/fr\/wp-json\/wp\/v2\/comments?post=4074"}],"version-history":[{"count":0,"href":"https:\/\/www.cerakotesa.com\/fr\/wp-json\/wp\/v2\/pages\/4074\/revisions"}],"up":[{"embeddable":true,"href":"https:\/\/www.cerakotesa.com\/fr\/wp-json\/wp\/v2\/pages\/3966"}],"wp:attachment":[{"href":"https:\/\/www.cerakotesa.com\/fr\/wp-json\/wp\/v2\/media?parent=4074"}],"curies":[{"name":"wp","href":"https:\/\/api.w.org\/{rel}","templated":true}]}}