{"id":4081,"date":"2020-07-31T21:57:19","date_gmt":"2020-07-31T20:57:19","guid":{"rendered":"https:\/\/www.cerakote.co.uk\/?page_id=4081"},"modified":"2020-07-31T21:57:19","modified_gmt":"2020-07-31T20:57:19","slug":"what-is-dry-spray-and-how-do-i-prevent-it","status":"publish","type":"page","link":"https:\/\/www.cerakotesa.com\/fr\/knowledge-base\/what-is-dry-spray-and-how-do-i-prevent-it\/","title":{"rendered":"Qu'est-ce que la pulv\u00e9risation s\u00e8che et comment l'\u00e9viter ?"},"content":{"rendered":"<h2>LE SPRAY SEC - TECHNIQUES ET CONSEILS POUR L'\u00c9VITER<\/h2>\n<p>ATTENTION : L'une des erreurs d'application les plus courantes est la pulv\u00e9risation s\u00e8che. La pulv\u00e9risation s\u00e8che a un aspect rugueux, semblable \u00e0 du papier de verre, et est g\u00e9n\u00e9ralement due \u00e0 un mauvais transfert de solvant lors de l'application. La cerakote doit toujours avoir une finition lisse apr\u00e8s le durcissement complet du produit. Pendant le processus d'application, il est tr\u00e8s important de \"mouiller\" le rev\u00eatement afin d'\u00e9viter toute pulv\u00e9risation s\u00e8che.<\/p>\n<p>Facteurs contribuant \u00e0 la pulv\u00e9risation s\u00e8che<\/p>\n<ul>\n<li>\nPulv\u00e9risation trop \u00e9loign\u00e9e de la pi\u00e8ce = mauvais transfert de solvant<\/li>\n<li>D\u00e9placement trop rapide sur la pi\u00e8ce = mauvais transfert de solvant<\/li>\n<li>R\u00e9glages PSI trop \u00e9lev\u00e9s<\/li>\n<li>Volume de rev\u00eatement insuffisant<\/li>\n<li>Environnement (humidit\u00e9 \u00e9lev\u00e9e ou chaleur extr\u00eame)<\/li>\n<li>Pulv\u00e9risation excessive<br \/>\nLa pr\u00e9vention<\/li>\n<li>R\u00e9glages corrects du pistolet de pulv\u00e9risation<\/li>\n<li>Vitesse et distance appropri\u00e9es lors de l'application<\/li>\n<li>Toujours s'efforcer d'obtenir une \"couche humide\"<br \/>\nEnvironnement (temp\u00e9rature ambiante de 68-74 \u00b0F, avec une faible humidit\u00e9)<\/li>\n<li>Utiliser un \u00e9clairage appropri\u00e9 pour voir le \"Wet Out\" de la Cerakote<\/li>\n<\/ul>\n<p><iframe loading=\"lazy\" width=\"560\" height=\"315\" src=\"https:\/\/www.youtube.com\/embed\/eb-u-qZmXm4\" frameborder=\"0\" allow=\"accelerometer; autoplay; encrypted-media; gyroscope; picture-in-picture\" allowfullscreen><\/iframe><\/p>","protected":false},"excerpt":{"rendered":"<p>DRY SPRAY &#8211; TECHNIQUES AND TIPS TO PREVENT IT CAUTION: One of the most common application errors is dry spray. Dry spray has a rough, sandpaper like appearance and is typically caused from poor solvent transfer during application. Cerakote should always have a smooth slick finish after product has been fully cured. During the application [&#8230;]","protected":false},"author":1,"featured_media":0,"parent":3966,"menu_order":0,"comment_status":"closed","ping_status":"closed","template":"","meta":{"_acf_changed":false,"footnotes":""},"class_list":["post-4081","page","type-page","status-publish","hentry"],"yoast_head":"<!-- This site is optimized with the Yoast SEO plugin v26.7 - https:\/\/yoast.com\/wordpress\/plugins\/seo\/ -->\n<title>What is Dry Spray and How Do I Prevent it? - Cerakote South Africa<\/title>\n<meta name=\"robots\" content=\"index, follow, max-snippet:-1, max-image-preview:large, max-video-preview:-1\" \/>\n<link rel=\"canonical\" href=\"https:\/\/www.cerakotesa.com\/fr\/knowledge-base\/what-is-dry-spray-and-how-do-i-prevent-it\/\" \/>\n<meta property=\"og:locale\" content=\"fr_FR\" \/>\n<meta property=\"og:type\" content=\"article\" \/>\n<meta property=\"og:title\" content=\"What is Dry Spray and How Do I Prevent it? - Cerakote South Africa\" \/>\n<meta property=\"og:description\" content=\"DRY SPRAY &#8211; TECHNIQUES AND TIPS TO PREVENT IT CAUTION: One of the most common application errors is dry spray. Dry spray has a rough, sandpaper like appearance and is typically caused from poor solvent transfer during application. Cerakote should always have a smooth slick finish after product has been fully cured. During the application [...]\" \/>\n<meta property=\"og:url\" content=\"https:\/\/www.cerakotesa.com\/fr\/knowledge-base\/what-is-dry-spray-and-how-do-i-prevent-it\/\" \/>\n<meta property=\"og:site_name\" content=\"Cerakote South Africa\" \/>\n<meta name=\"twitter:card\" content=\"summary_large_image\" \/>\n<meta name=\"twitter:label1\" content=\"Dur\u00e9e de lecture estim\u00e9e\" \/>\n\t<meta name=\"twitter:data1\" content=\"1 minute\" \/>\n<script type=\"application\/ld+json\" class=\"yoast-schema-graph\">{\"@context\":\"https:\/\/schema.org\",\"@graph\":[{\"@type\":\"WebPage\",\"@id\":\"https:\/\/www.cerakotesa.com\/knowledge-base\/what-is-dry-spray-and-how-do-i-prevent-it\/\",\"url\":\"https:\/\/www.cerakotesa.com\/knowledge-base\/what-is-dry-spray-and-how-do-i-prevent-it\/\",\"name\":\"What is Dry Spray and How Do I Prevent it? - Cerakote South Africa\",\"isPartOf\":{\"@id\":\"https:\/\/www.cerakotesa.com\/#website\"},\"datePublished\":\"2020-07-31T20:57:19+00:00\",\"breadcrumb\":{\"@id\":\"https:\/\/www.cerakotesa.com\/knowledge-base\/what-is-dry-spray-and-how-do-i-prevent-it\/#breadcrumb\"},\"inLanguage\":\"fr-FR\",\"potentialAction\":[{\"@type\":\"ReadAction\",\"target\":[\"https:\/\/www.cerakotesa.com\/knowledge-base\/what-is-dry-spray-and-how-do-i-prevent-it\/\"]}]},{\"@type\":\"BreadcrumbList\",\"@id\":\"https:\/\/www.cerakotesa.com\/knowledge-base\/what-is-dry-spray-and-how-do-i-prevent-it\/#breadcrumb\",\"itemListElement\":[{\"@type\":\"ListItem\",\"position\":1,\"name\":\"Home\",\"item\":\"https:\/\/www.cerakotesa.com\/\"},{\"@type\":\"ListItem\",\"position\":2,\"name\":\"Knowledge Base\",\"item\":\"https:\/\/www.cerakotesa.com\/knowledge-base\/\"},{\"@type\":\"ListItem\",\"position\":3,\"name\":\"What is Dry Spray and How Do I Prevent it?\"}]},{\"@type\":\"WebSite\",\"@id\":\"https:\/\/www.cerakotesa.com\/#website\",\"url\":\"https:\/\/www.cerakotesa.com\/\",\"name\":\"Cerakote South Africa\",\"description\":\"Cerakote is a global leader in the manufacturing of thin-film protective ceramic coatings\",\"potentialAction\":[{\"@type\":\"SearchAction\",\"target\":{\"@type\":\"EntryPoint\",\"urlTemplate\":\"https:\/\/www.cerakotesa.com\/?s={search_term_string}\"},\"query-input\":{\"@type\":\"PropertyValueSpecification\",\"valueRequired\":true,\"valueName\":\"search_term_string\"}}],\"inLanguage\":\"fr-FR\"}]}<\/script>\n<!-- \/ Yoast SEO plugin. -->","yoast_head_json":{"title":"What is Dry Spray and How Do I Prevent it? - Cerakote South Africa","robots":{"index":"index","follow":"follow","max-snippet":"max-snippet:-1","max-image-preview":"max-image-preview:large","max-video-preview":"max-video-preview:-1"},"canonical":"https:\/\/www.cerakotesa.com\/fr\/knowledge-base\/what-is-dry-spray-and-how-do-i-prevent-it\/","og_locale":"fr_FR","og_type":"article","og_title":"What is Dry Spray and How Do I Prevent it? - Cerakote South Africa","og_description":"DRY SPRAY &#8211; TECHNIQUES AND TIPS TO PREVENT IT CAUTION: One of the most common application errors is dry spray. Dry spray has a rough, sandpaper like appearance and is typically caused from poor solvent transfer during application. Cerakote should always have a smooth slick finish after product has been fully cured. During the application [...]","og_url":"https:\/\/www.cerakotesa.com\/fr\/knowledge-base\/what-is-dry-spray-and-how-do-i-prevent-it\/","og_site_name":"Cerakote South Africa","twitter_card":"summary_large_image","twitter_misc":{"Dur\u00e9e de lecture estim\u00e9e":"1 minute"},"schema":{"@context":"https:\/\/schema.org","@graph":[{"@type":"WebPage","@id":"https:\/\/www.cerakotesa.com\/knowledge-base\/what-is-dry-spray-and-how-do-i-prevent-it\/","url":"https:\/\/www.cerakotesa.com\/knowledge-base\/what-is-dry-spray-and-how-do-i-prevent-it\/","name":"What is Dry Spray and How Do I Prevent it? - Cerakote South Africa","isPartOf":{"@id":"https:\/\/www.cerakotesa.com\/#website"},"datePublished":"2020-07-31T20:57:19+00:00","breadcrumb":{"@id":"https:\/\/www.cerakotesa.com\/knowledge-base\/what-is-dry-spray-and-how-do-i-prevent-it\/#breadcrumb"},"inLanguage":"fr-FR","potentialAction":[{"@type":"ReadAction","target":["https:\/\/www.cerakotesa.com\/knowledge-base\/what-is-dry-spray-and-how-do-i-prevent-it\/"]}]},{"@type":"BreadcrumbList","@id":"https:\/\/www.cerakotesa.com\/knowledge-base\/what-is-dry-spray-and-how-do-i-prevent-it\/#breadcrumb","itemListElement":[{"@type":"ListItem","position":1,"name":"Home","item":"https:\/\/www.cerakotesa.com\/"},{"@type":"ListItem","position":2,"name":"Knowledge Base","item":"https:\/\/www.cerakotesa.com\/knowledge-base\/"},{"@type":"ListItem","position":3,"name":"What is Dry Spray and How Do I Prevent it?"}]},{"@type":"WebSite","@id":"https:\/\/www.cerakotesa.com\/#website","url":"https:\/\/www.cerakotesa.com\/","name":"Cerakote South Africa","description":"Cerakote est un leader mondial dans la fabrication de rev\u00eatements c\u00e9ramiques protecteurs en couches minces.","potentialAction":[{"@type":"SearchAction","target":{"@type":"EntryPoint","urlTemplate":"https:\/\/www.cerakotesa.com\/?s={search_term_string}"},"query-input":{"@type":"PropertyValueSpecification","valueRequired":true,"valueName":"search_term_string"}}],"inLanguage":"fr-FR"}]}},"acf":[],"_links":{"self":[{"href":"https:\/\/www.cerakotesa.com\/fr\/wp-json\/wp\/v2\/pages\/4081","targetHints":{"allow":["GET"]}}],"collection":[{"href":"https:\/\/www.cerakotesa.com\/fr\/wp-json\/wp\/v2\/pages"}],"about":[{"href":"https:\/\/www.cerakotesa.com\/fr\/wp-json\/wp\/v2\/types\/page"}],"author":[{"embeddable":true,"href":"https:\/\/www.cerakotesa.com\/fr\/wp-json\/wp\/v2\/users\/1"}],"replies":[{"embeddable":true,"href":"https:\/\/www.cerakotesa.com\/fr\/wp-json\/wp\/v2\/comments?post=4081"}],"version-history":[{"count":0,"href":"https:\/\/www.cerakotesa.com\/fr\/wp-json\/wp\/v2\/pages\/4081\/revisions"}],"up":[{"embeddable":true,"href":"https:\/\/www.cerakotesa.com\/fr\/wp-json\/wp\/v2\/pages\/3966"}],"wp:attachment":[{"href":"https:\/\/www.cerakotesa.com\/fr\/wp-json\/wp\/v2\/media?parent=4081"}],"curies":[{"name":"wp","href":"https:\/\/api.w.org\/{rel}","templated":true}]}}