{"id":4105,"date":"2020-08-02T21:40:23","date_gmt":"2020-08-02T20:40:23","guid":{"rendered":"https:\/\/www.cerakote.co.uk\/?page_id=4105"},"modified":"2020-08-02T21:40:23","modified_gmt":"2020-08-02T20:40:23","slug":"how-to-store-cerakote-correctly","status":"publish","type":"page","link":"https:\/\/www.cerakotesa.com\/fr\/knowledge-base\/how-to-store-cerakote-correctly\/","title":{"rendered":"Comment stocker correctement la c\u00e9rakote"},"content":{"rendered":"<h2>Comment stocker correctement la c\u00e9rakote<\/h2>\n<p>Merci d'avoir achet\u00e9 Cerakote. Il y a de bonnes et de mauvaises fa\u00e7ons de conserver les bouteilles de Cerakote et de Catalyst. Pour une dur\u00e9e de conservation garantie de 12 mois, veuillez suivre les recommandations de stockage ci-dessous.<\/p>\n<p><strong>Environnement de stockage recommand\u00e9 pour Cerakote<\/strong><\/p>\n<ul>\n<li>Temp\u00e9rature ambiante (68-72 \u00b0F)<\/li>\n<li>Environnement sec (<50% Humidity)<\/li>\n<li>Lumi\u00e8re artificielle ou zone sombre<\/li>\n<\/ul>\n<p><strong>Unit\u00e9s de stockage recommand\u00e9es pour Cerakote<\/strong><\/p>\n<ul>\n<li>Magasiner des armoires<\/li>\n<li>Glaci\u00e8re vide<\/li>\n<li>Bo\u00eetes fourre-tout<\/li>\n<li>R\u00e9frig\u00e9rateur (d\u00e9branch\u00e9)<\/li>\n<\/ul>\n<p><strong>Zones de stockage \u00e0 \u00e9viter<\/strong><\/p>\n<ul>\n<li>R\u00e9frig\u00e9rateur en \u00e9tat de marche<\/li>\n<li>Zone de lumi\u00e8re naturelle (lumi\u00e8re UV)<\/li>\n<li>Chaleur extr\u00eame (<80 \u00b0F)<\/li>\n<\/ul>\n<p>Nous le faisons <strong>PAS<\/strong> L'humidit\u00e9 excessive dans un r\u00e9frig\u00e9rateur compromettra les produits Cerakote s'ils ne sont pas correctement scell\u00e9s.<\/p>\n\t<div class=\"img has-hover x md-x lg-x y md-y lg-y\" id=\"image_732789654\">\n\t\t\t\t\t\t\t\t<div class=\"img-inner dark\" >\n\t\t\t<img loading=\"lazy\" decoding=\"async\" width=\"304\" height=\"254\" src=\"https:\/\/www.cerakotesa.com\/wp-content\/uploads\/2020\/08\/fridge.jpg\" class=\"attachment-large size-large\" alt=\"R\u00e9frig\u00e9rateur\" srcset=\"https:\/\/www.cerakotesa.com\/wp-content\/uploads\/2020\/08\/fridge.jpg 304w, https:\/\/www.cerakotesa.com\/wp-content\/uploads\/2020\/08\/fridge-247x206.jpg 247w, https:\/\/www.cerakotesa.com\/wp-content\/uploads\/2020\/08\/fridge-300x251.jpg 300w\" sizes=\"auto, (max-width: 304px) 100vw, 304px\" \/>\t\t\t\t\t\t\n\t\t\t\t\t<\/div>\n\t\t\t\t\t\t\t\t\n<style>\n#image_732789654 {\n  width: 25%;\n}\n<\/style>\n\t<\/div>","protected":false},"excerpt":{"rendered":"<p>Comment stocker correctement Cerakote Merci d'avoir achet\u00e9 Cerakote. Il y a de bonnes et de mauvaises fa\u00e7ons de stocker les bouteilles de Cerakote et de Catalyst. Pour une dur\u00e9e de conservation garantie de 12 mois, veuillez suivre les recommandations de stockage ci-dessous. Environnement de stockage recommand\u00e9 pour Cerakote Temp\u00e9rature ambiante (68-72 \u00b0F) Environnement sec (<\/p>","protected":false},"author":1,"featured_media":0,"parent":3966,"menu_order":0,"comment_status":"closed","ping_status":"closed","template":"","meta":{"_acf_changed":false,"footnotes":""},"class_list":["post-4105","page","type-page","status-publish","hentry"],"yoast_head":"<!-- This site is optimized with the Yoast SEO plugin v26.7 - https:\/\/yoast.com\/wordpress\/plugins\/seo\/ -->\n<title>How to Store Cerakote Correctly - Cerakote South Africa<\/title>\n<meta name=\"robots\" content=\"index, follow, max-snippet:-1, max-image-preview:large, max-video-preview:-1\" \/>\n<link rel=\"canonical\" href=\"https:\/\/www.cerakotesa.com\/fr\/knowledge-base\/how-to-store-cerakote-correctly\/\" \/>\n<meta property=\"og:locale\" content=\"fr_FR\" \/>\n<meta property=\"og:type\" content=\"article\" \/>\n<meta property=\"og:title\" content=\"How to Store Cerakote Correctly - Cerakote South Africa\" \/>\n<meta property=\"og:description\" content=\"How to Store Cerakote Correctly Thank you for your purchase of Cerakote. There are right and wrong ways to store your Cerakote and Catalyst bottles. For guaranteed 12 month shelf life please follow storing recommendations below. Recommended storage environment for Cerakote Room Temperature (68\u201372 \u00b0F) Dry environment (\" \/>\n<meta property=\"og:url\" content=\"https:\/\/www.cerakotesa.com\/fr\/knowledge-base\/how-to-store-cerakote-correctly\/\" \/>\n<meta property=\"og:site_name\" content=\"Cerakote South Africa\" \/>\n<meta name=\"twitter:card\" content=\"summary_large_image\" \/>\n<script type=\"application\/ld+json\" class=\"yoast-schema-graph\">{\"@context\":\"https:\/\/schema.org\",\"@graph\":[{\"@type\":\"WebPage\",\"@id\":\"https:\/\/www.cerakotesa.com\/knowledge-base\/how-to-store-cerakote-correctly\/\",\"url\":\"https:\/\/www.cerakotesa.com\/knowledge-base\/how-to-store-cerakote-correctly\/\",\"name\":\"How to Store Cerakote Correctly - Cerakote South Africa\",\"isPartOf\":{\"@id\":\"https:\/\/www.cerakotesa.com\/#website\"},\"datePublished\":\"2020-08-02T20:40:23+00:00\",\"breadcrumb\":{\"@id\":\"https:\/\/www.cerakotesa.com\/knowledge-base\/how-to-store-cerakote-correctly\/#breadcrumb\"},\"inLanguage\":\"fr-FR\",\"potentialAction\":[{\"@type\":\"ReadAction\",\"target\":[\"https:\/\/www.cerakotesa.com\/knowledge-base\/how-to-store-cerakote-correctly\/\"]}]},{\"@type\":\"BreadcrumbList\",\"@id\":\"https:\/\/www.cerakotesa.com\/knowledge-base\/how-to-store-cerakote-correctly\/#breadcrumb\",\"itemListElement\":[{\"@type\":\"ListItem\",\"position\":1,\"name\":\"Home\",\"item\":\"https:\/\/www.cerakotesa.com\/\"},{\"@type\":\"ListItem\",\"position\":2,\"name\":\"Knowledge Base\",\"item\":\"https:\/\/www.cerakotesa.com\/knowledge-base\/\"},{\"@type\":\"ListItem\",\"position\":3,\"name\":\"How to Store Cerakote Correctly\"}]},{\"@type\":\"WebSite\",\"@id\":\"https:\/\/www.cerakotesa.com\/#website\",\"url\":\"https:\/\/www.cerakotesa.com\/\",\"name\":\"Cerakote South Africa\",\"description\":\"Cerakote is a global leader in the manufacturing of thin-film protective ceramic coatings\",\"potentialAction\":[{\"@type\":\"SearchAction\",\"target\":{\"@type\":\"EntryPoint\",\"urlTemplate\":\"https:\/\/www.cerakotesa.com\/?s={search_term_string}\"},\"query-input\":{\"@type\":\"PropertyValueSpecification\",\"valueRequired\":true,\"valueName\":\"search_term_string\"}}],\"inLanguage\":\"fr-FR\"}]}<\/script>\n<!-- \/ Yoast SEO plugin. -->","yoast_head_json":{"title":"How to Store Cerakote Correctly - Cerakote South Africa","robots":{"index":"index","follow":"follow","max-snippet":"max-snippet:-1","max-image-preview":"max-image-preview:large","max-video-preview":"max-video-preview:-1"},"canonical":"https:\/\/www.cerakotesa.com\/fr\/knowledge-base\/how-to-store-cerakote-correctly\/","og_locale":"fr_FR","og_type":"article","og_title":"How to Store Cerakote Correctly - Cerakote South Africa","og_description":"How to Store Cerakote Correctly Thank you for your purchase of Cerakote. There are right and wrong ways to store your Cerakote and Catalyst bottles. For guaranteed 12 month shelf life please follow storing recommendations below. Recommended storage environment for Cerakote Room Temperature (68\u201372 \u00b0F) Dry environment (","og_url":"https:\/\/www.cerakotesa.com\/fr\/knowledge-base\/how-to-store-cerakote-correctly\/","og_site_name":"Cerakote South Africa","twitter_card":"summary_large_image","schema":{"@context":"https:\/\/schema.org","@graph":[{"@type":"WebPage","@id":"https:\/\/www.cerakotesa.com\/knowledge-base\/how-to-store-cerakote-correctly\/","url":"https:\/\/www.cerakotesa.com\/knowledge-base\/how-to-store-cerakote-correctly\/","name":"How to Store Cerakote Correctly - Cerakote South Africa","isPartOf":{"@id":"https:\/\/www.cerakotesa.com\/#website"},"datePublished":"2020-08-02T20:40:23+00:00","breadcrumb":{"@id":"https:\/\/www.cerakotesa.com\/knowledge-base\/how-to-store-cerakote-correctly\/#breadcrumb"},"inLanguage":"fr-FR","potentialAction":[{"@type":"ReadAction","target":["https:\/\/www.cerakotesa.com\/knowledge-base\/how-to-store-cerakote-correctly\/"]}]},{"@type":"BreadcrumbList","@id":"https:\/\/www.cerakotesa.com\/knowledge-base\/how-to-store-cerakote-correctly\/#breadcrumb","itemListElement":[{"@type":"ListItem","position":1,"name":"Home","item":"https:\/\/www.cerakotesa.com\/"},{"@type":"ListItem","position":2,"name":"Knowledge Base","item":"https:\/\/www.cerakotesa.com\/knowledge-base\/"},{"@type":"ListItem","position":3,"name":"How to Store Cerakote Correctly"}]},{"@type":"WebSite","@id":"https:\/\/www.cerakotesa.com\/#website","url":"https:\/\/www.cerakotesa.com\/","name":"Cerakote South Africa","description":"Cerakote est un leader mondial dans la fabrication de rev\u00eatements c\u00e9ramiques protecteurs en couches minces.","potentialAction":[{"@type":"SearchAction","target":{"@type":"EntryPoint","urlTemplate":"https:\/\/www.cerakotesa.com\/?s={search_term_string}"},"query-input":{"@type":"PropertyValueSpecification","valueRequired":true,"valueName":"search_term_string"}}],"inLanguage":"fr-FR"}]}},"acf":[],"_links":{"self":[{"href":"https:\/\/www.cerakotesa.com\/fr\/wp-json\/wp\/v2\/pages\/4105","targetHints":{"allow":["GET"]}}],"collection":[{"href":"https:\/\/www.cerakotesa.com\/fr\/wp-json\/wp\/v2\/pages"}],"about":[{"href":"https:\/\/www.cerakotesa.com\/fr\/wp-json\/wp\/v2\/types\/page"}],"author":[{"embeddable":true,"href":"https:\/\/www.cerakotesa.com\/fr\/wp-json\/wp\/v2\/users\/1"}],"replies":[{"embeddable":true,"href":"https:\/\/www.cerakotesa.com\/fr\/wp-json\/wp\/v2\/comments?post=4105"}],"version-history":[{"count":0,"href":"https:\/\/www.cerakotesa.com\/fr\/wp-json\/wp\/v2\/pages\/4105\/revisions"}],"up":[{"embeddable":true,"href":"https:\/\/www.cerakotesa.com\/fr\/wp-json\/wp\/v2\/pages\/3966"}],"wp:attachment":[{"href":"https:\/\/www.cerakotesa.com\/fr\/wp-json\/wp\/v2\/media?parent=4105"}],"curies":[{"name":"wp","href":"https:\/\/api.w.org\/{rel}","templated":true}]}}