{"id":4115,"date":"2020-08-02T22:01:01","date_gmt":"2020-08-02T21:01:01","guid":{"rendered":"https:\/\/www.cerakote.co.uk\/?page_id=4115"},"modified":"2020-08-02T22:01:01","modified_gmt":"2020-08-02T21:01:01","slug":"can-cerakote-elite-series-be-mixed-at-different-ratios","status":"publish","type":"page","link":"https:\/\/www.cerakotesa.com\/fr\/knowledge-base\/can-cerakote-elite-series-be-mixed-at-different-ratios\/","title":{"rendered":"La s\u00e9rie Cerakote Elite peut-elle \u00eatre m\u00e9lang\u00e9e dans des proportions diff\u00e9rentes ?"},"content":{"rendered":"<h2>La s\u00e9rie Cerakote Elite peut-elle \u00eatre m\u00e9lang\u00e9e dans des proportions diff\u00e9rentes ?<\/h2>\n<h3>RATIOS DE M\u00c9LANGE DE LA S\u00c9RIE ELITE<\/h3>\n<p><a href=\"\/product-category\/elite-series\/\">S\u00e9rie Elite Cerakote<\/a> peuvent \u00eatre m\u00e9lang\u00e9s dans des proportions allant de 12:1 \u00e0 24:1, nous vous recommandons d'utiliser l'une des trois proportions suivantes en fonction de la finition souhait\u00e9e.<\/p>\n<ul>\n<li>\nMatt Finish 24:1 (de l'enduit au catalyseur)<\/li>\n<li>Satin Finish 18:1 (Coating to Catalyst) Elite Series Standard<\/li>\n<li>Semi-brillant 12:1 (rev\u00eatement\/catalyseur)<\/li>\n<\/ul>","protected":false},"excerpt":{"rendered":"<p>Can Cerakote Elite Series be mixed at different ratios? ELITE SERIES MIXING RATIOS Cerakote Elite Series products can be mixed anywhere between 12:1 and 24:1 mixing ratios, we recommend you use one of the following three ratios for the desired finish. Matt Finish 24:1 (Coating to Catalyst) Satin Finish 18:1 (Coating to Catalyst) Elite Series [&#8230;]","protected":false},"author":1,"featured_media":0,"parent":3966,"menu_order":0,"comment_status":"closed","ping_status":"closed","template":"","meta":{"_acf_changed":false,"footnotes":""},"class_list":["post-4115","page","type-page","status-publish","hentry"],"yoast_head":"<!-- This site is optimized with the Yoast SEO plugin v26.7 - https:\/\/yoast.com\/wordpress\/plugins\/seo\/ -->\n<title>Can Cerakote Elite Series be mixed at different ratios? - Cerakote South Africa<\/title>\n<meta name=\"robots\" content=\"index, follow, max-snippet:-1, max-image-preview:large, max-video-preview:-1\" \/>\n<link rel=\"canonical\" href=\"https:\/\/www.cerakotesa.com\/fr\/knowledge-base\/can-cerakote-elite-series-be-mixed-at-different-ratios\/\" \/>\n<meta property=\"og:locale\" content=\"fr_FR\" \/>\n<meta property=\"og:type\" content=\"article\" \/>\n<meta property=\"og:title\" content=\"Can Cerakote Elite Series be mixed at different ratios? - Cerakote South Africa\" \/>\n<meta property=\"og:description\" content=\"Can Cerakote Elite Series be mixed at different ratios? ELITE SERIES MIXING RATIOS Cerakote Elite Series products can be mixed anywhere between 12:1 and 24:1 mixing ratios, we recommend you use one of the following three ratios for the desired finish. Matt Finish 24:1 (Coating to Catalyst) Satin Finish 18:1 (Coating to Catalyst) Elite Series [...]\" \/>\n<meta property=\"og:url\" content=\"https:\/\/www.cerakotesa.com\/fr\/knowledge-base\/can-cerakote-elite-series-be-mixed-at-different-ratios\/\" \/>\n<meta property=\"og:site_name\" content=\"Cerakote South Africa\" \/>\n<meta name=\"twitter:card\" content=\"summary_large_image\" \/>\n<script type=\"application\/ld+json\" class=\"yoast-schema-graph\">{\"@context\":\"https:\/\/schema.org\",\"@graph\":[{\"@type\":\"WebPage\",\"@id\":\"https:\/\/www.cerakotesa.com\/knowledge-base\/can-cerakote-elite-series-be-mixed-at-different-ratios\/\",\"url\":\"https:\/\/www.cerakotesa.com\/knowledge-base\/can-cerakote-elite-series-be-mixed-at-different-ratios\/\",\"name\":\"Can Cerakote Elite Series be mixed at different ratios? - Cerakote South Africa\",\"isPartOf\":{\"@id\":\"https:\/\/www.cerakotesa.com\/#website\"},\"datePublished\":\"2020-08-02T21:01:01+00:00\",\"breadcrumb\":{\"@id\":\"https:\/\/www.cerakotesa.com\/knowledge-base\/can-cerakote-elite-series-be-mixed-at-different-ratios\/#breadcrumb\"},\"inLanguage\":\"fr-FR\",\"potentialAction\":[{\"@type\":\"ReadAction\",\"target\":[\"https:\/\/www.cerakotesa.com\/knowledge-base\/can-cerakote-elite-series-be-mixed-at-different-ratios\/\"]}]},{\"@type\":\"BreadcrumbList\",\"@id\":\"https:\/\/www.cerakotesa.com\/knowledge-base\/can-cerakote-elite-series-be-mixed-at-different-ratios\/#breadcrumb\",\"itemListElement\":[{\"@type\":\"ListItem\",\"position\":1,\"name\":\"Home\",\"item\":\"https:\/\/www.cerakotesa.com\/\"},{\"@type\":\"ListItem\",\"position\":2,\"name\":\"Knowledge Base\",\"item\":\"https:\/\/www.cerakotesa.com\/knowledge-base\/\"},{\"@type\":\"ListItem\",\"position\":3,\"name\":\"Can Cerakote Elite Series be mixed at different ratios?\"}]},{\"@type\":\"WebSite\",\"@id\":\"https:\/\/www.cerakotesa.com\/#website\",\"url\":\"https:\/\/www.cerakotesa.com\/\",\"name\":\"Cerakote South Africa\",\"description\":\"Cerakote is a global leader in the manufacturing of thin-film protective ceramic coatings\",\"potentialAction\":[{\"@type\":\"SearchAction\",\"target\":{\"@type\":\"EntryPoint\",\"urlTemplate\":\"https:\/\/www.cerakotesa.com\/?s={search_term_string}\"},\"query-input\":{\"@type\":\"PropertyValueSpecification\",\"valueRequired\":true,\"valueName\":\"search_term_string\"}}],\"inLanguage\":\"fr-FR\"}]}<\/script>\n<!-- \/ Yoast SEO plugin. -->","yoast_head_json":{"title":"Can Cerakote Elite Series be mixed at different ratios? - Cerakote South Africa","robots":{"index":"index","follow":"follow","max-snippet":"max-snippet:-1","max-image-preview":"max-image-preview:large","max-video-preview":"max-video-preview:-1"},"canonical":"https:\/\/www.cerakotesa.com\/fr\/knowledge-base\/can-cerakote-elite-series-be-mixed-at-different-ratios\/","og_locale":"fr_FR","og_type":"article","og_title":"Can Cerakote Elite Series be mixed at different ratios? - Cerakote South Africa","og_description":"Can Cerakote Elite Series be mixed at different ratios? ELITE SERIES MIXING RATIOS Cerakote Elite Series products can be mixed anywhere between 12:1 and 24:1 mixing ratios, we recommend you use one of the following three ratios for the desired finish. Matt Finish 24:1 (Coating to Catalyst) Satin Finish 18:1 (Coating to Catalyst) Elite Series [...]","og_url":"https:\/\/www.cerakotesa.com\/fr\/knowledge-base\/can-cerakote-elite-series-be-mixed-at-different-ratios\/","og_site_name":"Cerakote South Africa","twitter_card":"summary_large_image","schema":{"@context":"https:\/\/schema.org","@graph":[{"@type":"WebPage","@id":"https:\/\/www.cerakotesa.com\/knowledge-base\/can-cerakote-elite-series-be-mixed-at-different-ratios\/","url":"https:\/\/www.cerakotesa.com\/knowledge-base\/can-cerakote-elite-series-be-mixed-at-different-ratios\/","name":"Can Cerakote Elite Series be mixed at different ratios? - Cerakote South Africa","isPartOf":{"@id":"https:\/\/www.cerakotesa.com\/#website"},"datePublished":"2020-08-02T21:01:01+00:00","breadcrumb":{"@id":"https:\/\/www.cerakotesa.com\/knowledge-base\/can-cerakote-elite-series-be-mixed-at-different-ratios\/#breadcrumb"},"inLanguage":"fr-FR","potentialAction":[{"@type":"ReadAction","target":["https:\/\/www.cerakotesa.com\/knowledge-base\/can-cerakote-elite-series-be-mixed-at-different-ratios\/"]}]},{"@type":"BreadcrumbList","@id":"https:\/\/www.cerakotesa.com\/knowledge-base\/can-cerakote-elite-series-be-mixed-at-different-ratios\/#breadcrumb","itemListElement":[{"@type":"ListItem","position":1,"name":"Home","item":"https:\/\/www.cerakotesa.com\/"},{"@type":"ListItem","position":2,"name":"Knowledge Base","item":"https:\/\/www.cerakotesa.com\/knowledge-base\/"},{"@type":"ListItem","position":3,"name":"Can Cerakote Elite Series be mixed at different ratios?"}]},{"@type":"WebSite","@id":"https:\/\/www.cerakotesa.com\/#website","url":"https:\/\/www.cerakotesa.com\/","name":"Cerakote South Africa","description":"Cerakote est un leader mondial dans la fabrication de rev\u00eatements c\u00e9ramiques protecteurs en couches minces.","potentialAction":[{"@type":"SearchAction","target":{"@type":"EntryPoint","urlTemplate":"https:\/\/www.cerakotesa.com\/?s={search_term_string}"},"query-input":{"@type":"PropertyValueSpecification","valueRequired":true,"valueName":"search_term_string"}}],"inLanguage":"fr-FR"}]}},"acf":[],"_links":{"self":[{"href":"https:\/\/www.cerakotesa.com\/fr\/wp-json\/wp\/v2\/pages\/4115","targetHints":{"allow":["GET"]}}],"collection":[{"href":"https:\/\/www.cerakotesa.com\/fr\/wp-json\/wp\/v2\/pages"}],"about":[{"href":"https:\/\/www.cerakotesa.com\/fr\/wp-json\/wp\/v2\/types\/page"}],"author":[{"embeddable":true,"href":"https:\/\/www.cerakotesa.com\/fr\/wp-json\/wp\/v2\/users\/1"}],"replies":[{"embeddable":true,"href":"https:\/\/www.cerakotesa.com\/fr\/wp-json\/wp\/v2\/comments?post=4115"}],"version-history":[{"count":0,"href":"https:\/\/www.cerakotesa.com\/fr\/wp-json\/wp\/v2\/pages\/4115\/revisions"}],"up":[{"embeddable":true,"href":"https:\/\/www.cerakotesa.com\/fr\/wp-json\/wp\/v2\/pages\/3966"}],"wp:attachment":[{"href":"https:\/\/www.cerakotesa.com\/fr\/wp-json\/wp\/v2\/media?parent=4115"}],"curies":[{"name":"wp","href":"https:\/\/api.w.org\/{rel}","templated":true}]}}