{"id":4128,"date":"2020-08-02T22:25:02","date_gmt":"2020-08-02T21:25:02","guid":{"rendered":"https:\/\/www.cerakote.co.uk\/?page_id=4128"},"modified":"2020-08-02T22:25:02","modified_gmt":"2020-08-02T21:25:02","slug":"how-to-make-a-custom-color","status":"publish","type":"page","link":"https:\/\/www.cerakotesa.com\/fr\/knowledge-base\/how-to-make-a-custom-color\/","title":{"rendered":"Comment cr\u00e9er une couleur personnalis\u00e9e"},"content":{"rendered":"<h2>Comment cr\u00e9er une couleur personnalis\u00e9e<\/h2>\n<h3>CR\u00c9ER VOS PROPRES COULEURS PERSONNALIS\u00c9ES<\/h3>\n<p>Vous voulez une ou plusieurs couleurs personnalis\u00e9es, mais vous ne voulez pas payer de frais de formulation ? Pas de probl\u00e8me, vous pouvez m\u00e9langer les couleurs au sein d'une m\u00eame s\u00e9rie. Vous pouvez m\u00e9langer la s\u00e9rie H avec la s\u00e9rie H pour cr\u00e9er votre propre couleur personnalis\u00e9e.  Il en va de m\u00eame pour le m\u00e9lange de la s\u00e9rie C avec d'autres couleurs de la s\u00e9rie C, de la s\u00e9rie Elite avec la s\u00e9rie Elite, etc. <strong>REMARQUE : NE PAS M\u00c9LANGER DES S\u00c9RIES DIFF\u00c9RENTES DE CERAKOTE ! Par exemple, la s\u00e9rie C avec la s\u00e9rie H.<\/strong> <\/p>\n<p>Comment m\u00e9langer une nouvelle couleur :<\/p>\n<p>1.  Agitez correctement les bouteilles de couleurs Cerakote que vous souhaitez m\u00e9langer (dur\u00e9e recommand\u00e9e : 5 \u00e0 10 minutes).<\/p>\n<p>\n2. Verser les couleurs Cerakote dans une \u00e9prouvette gradu\u00e9e en verre en respectant les param\u00e8tres du rapport de m\u00e9lange souhait\u00e9 (le respect des param\u00e8tres du rapport n'est requis que pour les syst\u00e8mes en deux parties de la s\u00e9rie H ou de la s\u00e9rie E).<\/p>\n<p>Exemple Volume de liquide d'une partie pour un rapport de m\u00e9lange de 18:1<\/p>\n<p>Couleur A. 15 ml<\/p>\n<p>Couleur B. 3 mL<\/p>\n<p>____________________<\/p>\n<p>Couleur personnalis\u00e9e 18 mL + Catalyseur 1 mL = Rapport de m\u00e9lange 18:1<\/p>\n<p><strong>S\u00e9rie H<\/strong><\/p>\n<ul>\n<li>Veillez \u00e0 ajouter la quantit\u00e9 de catalyseur correspondant au ratio utilis\u00e9.<\/li>\n<li>Agiter le m\u00e9lange personnalis\u00e9 pendant 30 secondes \u00e0 1 minute.<\/li>\n<li>Filtrer l'enduit dans le pistolet de pulv\u00e9risation \u00e0 l'aide d'une passoire adapt\u00e9e \u00e0 l'enduit utilis\u00e9 (la taille de la passoire est indiqu\u00e9e sur le flacon de Cerakote).<\/li>\n<li>Si la couleur n'est pas obtenue avec les m\u00e9langes initiaux, vous devrez r\u00e9p\u00e9ter l'exemple ci-dessus par incr\u00e9ments de 18:1 tout en ajustant les quantit\u00e9s de couleur A. et de couleur B. jusqu'\u00e0 ce que la couleur d\u00e9sir\u00e9e soit atteinte.<\/li>\n<p><strong>S\u00e9rie C<\/strong><\/p>\n<ul>\n<li>Agiter le m\u00e9lange personnalis\u00e9 pendant 30 secondes \u00e0 1 minute.<\/li>\n<li>Filtrer l'enduit dans le pistolet de st\u00e9rilisation \u00e0 l'aide d'une passoire adapt\u00e9e \u00e0 l'enduit utilis\u00e9 (la taille de la passoire est indiqu\u00e9e sur le flacon de Cerakote).<\/li>\n<\/ul>\n<p><strong>NOTE :<\/strong> Nous vous conseillons vivement de noter les rapports de m\u00e9lange pour les couleurs que vous cr\u00e9ez. Cela vous permettra de reproduire la couleur \u00e0 l'avenir. N'oubliez pas de consulter notre page Mixologie pour conna\u00eetre les \"recettes\" des m\u00e9langes de couleurs personnalis\u00e9s. Nous serions ravis d'y ajouter votre nouvelle couleur. Envoyez-nous votre recette avec une photo de bonne qualit\u00e9 de son application sur votre projet, nommez-la et nous envisagerons de l'ajouter \u00e0 notre collection !<\/p>","protected":false},"excerpt":{"rendered":"<p>How to Make a Custom Color MAKING YOUR OWN CUSTOM COLORS Do you want your own custom color(s), but don\u2019t want to pay for a formulation fee? No problem, you can mix colors within the same Series. You can mix H Series with H Series to create your own custom color. This is also true [&#8230;]","protected":false},"author":1,"featured_media":0,"parent":3966,"menu_order":0,"comment_status":"closed","ping_status":"closed","template":"","meta":{"_acf_changed":false,"footnotes":""},"class_list":["post-4128","page","type-page","status-publish","hentry"],"yoast_head":"<!-- This site is optimized with the Yoast SEO plugin v26.7 - https:\/\/yoast.com\/wordpress\/plugins\/seo\/ -->\n<title>How to Make a Custom Color - Cerakote South Africa<\/title>\n<meta name=\"robots\" content=\"index, follow, max-snippet:-1, max-image-preview:large, max-video-preview:-1\" \/>\n<link rel=\"canonical\" href=\"https:\/\/www.cerakotesa.com\/fr\/knowledge-base\/how-to-make-a-custom-color\/\" \/>\n<meta property=\"og:locale\" content=\"fr_FR\" \/>\n<meta property=\"og:type\" content=\"article\" \/>\n<meta property=\"og:title\" content=\"How to Make a Custom Color - Cerakote South Africa\" \/>\n<meta property=\"og:description\" content=\"How to Make a Custom Color MAKING YOUR OWN CUSTOM COLORS Do you want your own custom color(s), but don\u2019t want to pay for a formulation fee? No problem, you can mix colors within the same Series. You can mix H Series with H Series to create your own custom color. This is also true [...]\" \/>\n<meta property=\"og:url\" content=\"https:\/\/www.cerakotesa.com\/fr\/knowledge-base\/how-to-make-a-custom-color\/\" \/>\n<meta property=\"og:site_name\" content=\"Cerakote South Africa\" \/>\n<meta name=\"twitter:card\" content=\"summary_large_image\" \/>\n<meta name=\"twitter:label1\" content=\"Dur\u00e9e de lecture estim\u00e9e\" \/>\n\t<meta name=\"twitter:data1\" content=\"2 minutes\" \/>\n<script type=\"application\/ld+json\" class=\"yoast-schema-graph\">{\"@context\":\"https:\/\/schema.org\",\"@graph\":[{\"@type\":\"WebPage\",\"@id\":\"https:\/\/www.cerakotesa.com\/knowledge-base\/how-to-make-a-custom-color\/\",\"url\":\"https:\/\/www.cerakotesa.com\/knowledge-base\/how-to-make-a-custom-color\/\",\"name\":\"How to Make a Custom Color - Cerakote South Africa\",\"isPartOf\":{\"@id\":\"https:\/\/www.cerakotesa.com\/#website\"},\"datePublished\":\"2020-08-02T21:25:02+00:00\",\"breadcrumb\":{\"@id\":\"https:\/\/www.cerakotesa.com\/knowledge-base\/how-to-make-a-custom-color\/#breadcrumb\"},\"inLanguage\":\"fr-FR\",\"potentialAction\":[{\"@type\":\"ReadAction\",\"target\":[\"https:\/\/www.cerakotesa.com\/knowledge-base\/how-to-make-a-custom-color\/\"]}]},{\"@type\":\"BreadcrumbList\",\"@id\":\"https:\/\/www.cerakotesa.com\/knowledge-base\/how-to-make-a-custom-color\/#breadcrumb\",\"itemListElement\":[{\"@type\":\"ListItem\",\"position\":1,\"name\":\"Home\",\"item\":\"https:\/\/www.cerakotesa.com\/\"},{\"@type\":\"ListItem\",\"position\":2,\"name\":\"Knowledge Base\",\"item\":\"https:\/\/www.cerakotesa.com\/knowledge-base\/\"},{\"@type\":\"ListItem\",\"position\":3,\"name\":\"How to Make a Custom Color\"}]},{\"@type\":\"WebSite\",\"@id\":\"https:\/\/www.cerakotesa.com\/#website\",\"url\":\"https:\/\/www.cerakotesa.com\/\",\"name\":\"Cerakote South Africa\",\"description\":\"Cerakote is a global leader in the manufacturing of thin-film protective ceramic coatings\",\"potentialAction\":[{\"@type\":\"SearchAction\",\"target\":{\"@type\":\"EntryPoint\",\"urlTemplate\":\"https:\/\/www.cerakotesa.com\/?s={search_term_string}\"},\"query-input\":{\"@type\":\"PropertyValueSpecification\",\"valueRequired\":true,\"valueName\":\"search_term_string\"}}],\"inLanguage\":\"fr-FR\"}]}<\/script>\n<!-- \/ Yoast SEO plugin. -->","yoast_head_json":{"title":"How to Make a Custom Color - Cerakote South Africa","robots":{"index":"index","follow":"follow","max-snippet":"max-snippet:-1","max-image-preview":"max-image-preview:large","max-video-preview":"max-video-preview:-1"},"canonical":"https:\/\/www.cerakotesa.com\/fr\/knowledge-base\/how-to-make-a-custom-color\/","og_locale":"fr_FR","og_type":"article","og_title":"How to Make a Custom Color - Cerakote South Africa","og_description":"How to Make a Custom Color MAKING YOUR OWN CUSTOM COLORS Do you want your own custom color(s), but don\u2019t want to pay for a formulation fee? No problem, you can mix colors within the same Series. You can mix H Series with H Series to create your own custom color. This is also true [...]","og_url":"https:\/\/www.cerakotesa.com\/fr\/knowledge-base\/how-to-make-a-custom-color\/","og_site_name":"Cerakote South Africa","twitter_card":"summary_large_image","twitter_misc":{"Dur\u00e9e de lecture estim\u00e9e":"2 minutes"},"schema":{"@context":"https:\/\/schema.org","@graph":[{"@type":"WebPage","@id":"https:\/\/www.cerakotesa.com\/knowledge-base\/how-to-make-a-custom-color\/","url":"https:\/\/www.cerakotesa.com\/knowledge-base\/how-to-make-a-custom-color\/","name":"How to Make a Custom Color - Cerakote South Africa","isPartOf":{"@id":"https:\/\/www.cerakotesa.com\/#website"},"datePublished":"2020-08-02T21:25:02+00:00","breadcrumb":{"@id":"https:\/\/www.cerakotesa.com\/knowledge-base\/how-to-make-a-custom-color\/#breadcrumb"},"inLanguage":"fr-FR","potentialAction":[{"@type":"ReadAction","target":["https:\/\/www.cerakotesa.com\/knowledge-base\/how-to-make-a-custom-color\/"]}]},{"@type":"BreadcrumbList","@id":"https:\/\/www.cerakotesa.com\/knowledge-base\/how-to-make-a-custom-color\/#breadcrumb","itemListElement":[{"@type":"ListItem","position":1,"name":"Home","item":"https:\/\/www.cerakotesa.com\/"},{"@type":"ListItem","position":2,"name":"Knowledge Base","item":"https:\/\/www.cerakotesa.com\/knowledge-base\/"},{"@type":"ListItem","position":3,"name":"How to Make a Custom Color"}]},{"@type":"WebSite","@id":"https:\/\/www.cerakotesa.com\/#website","url":"https:\/\/www.cerakotesa.com\/","name":"Cerakote South Africa","description":"Cerakote est un leader mondial dans la fabrication de rev\u00eatements c\u00e9ramiques protecteurs en couches minces.","potentialAction":[{"@type":"SearchAction","target":{"@type":"EntryPoint","urlTemplate":"https:\/\/www.cerakotesa.com\/?s={search_term_string}"},"query-input":{"@type":"PropertyValueSpecification","valueRequired":true,"valueName":"search_term_string"}}],"inLanguage":"fr-FR"}]}},"acf":[],"_links":{"self":[{"href":"https:\/\/www.cerakotesa.com\/fr\/wp-json\/wp\/v2\/pages\/4128","targetHints":{"allow":["GET"]}}],"collection":[{"href":"https:\/\/www.cerakotesa.com\/fr\/wp-json\/wp\/v2\/pages"}],"about":[{"href":"https:\/\/www.cerakotesa.com\/fr\/wp-json\/wp\/v2\/types\/page"}],"author":[{"embeddable":true,"href":"https:\/\/www.cerakotesa.com\/fr\/wp-json\/wp\/v2\/users\/1"}],"replies":[{"embeddable":true,"href":"https:\/\/www.cerakotesa.com\/fr\/wp-json\/wp\/v2\/comments?post=4128"}],"version-history":[{"count":0,"href":"https:\/\/www.cerakotesa.com\/fr\/wp-json\/wp\/v2\/pages\/4128\/revisions"}],"up":[{"embeddable":true,"href":"https:\/\/www.cerakotesa.com\/fr\/wp-json\/wp\/v2\/pages\/3966"}],"wp:attachment":[{"href":"https:\/\/www.cerakotesa.com\/fr\/wp-json\/wp\/v2\/media?parent=4128"}],"curies":[{"name":"wp","href":"https:\/\/api.w.org\/{rel}","templated":true}]}}