{"id":6963,"date":"2021-06-15T22:03:41","date_gmt":"2021-06-15T21:03:41","guid":{"rendered":"https:\/\/www.cerakote.co.uk\/cerakote-industries\/automotive-copy\/"},"modified":"2023-08-17T07:33:05","modified_gmt":"2023-08-17T07:33:05","slug":"kitchen-and-bath","status":"publish","type":"page","link":"https:\/\/www.cerakotesa.com\/fr\/cerakote-industries\/kitchen-and-bath\/","title":{"rendered":"Cerakote est la finition id\u00e9ale pour les appareils de cuisine et de salle de bains | Cerakote dans l'industrie"},"content":{"rendered":"<section class=\"section\" id=\"section_1089130163\">\n\t\t<div class=\"section-bg fill\" >\n\t\t\t\t\t\t\t\t\t\n\t\t\t\n\n\t\t<\/div>\n\n\t\t\n\n\t\t<div class=\"section-content relative\">\n\t\t\t\n\n<div class=\"row\" style=\"max-width:1170px\" id=\"row-221411284\">\n\n\n\t<div id=\"col-860834113\" class=\"col small-12 large-12\"  >\n\t\t\t\t<div class=\"col-inner\"  >\n\t\t\t\n\t\t\t\n\n\n  <div class=\"banner has-hover\" id=\"banner-854260675\">\n          <div class=\"banner-inner fill\">\n        <div class=\"banner-bg fill\" >\n            <img loading=\"lazy\" decoding=\"async\" width=\"1020\" height=\"349\" src=\"https:\/\/www.cerakotesa.com\/wp-content\/uploads\/2021\/06\/cerakote_kitchen_and_bath_hero-1024x350.jpg\" class=\"bg attachment-large size-large\" alt=\"Cerakote Kitchen and Bath\" \/>                                    \n                    <\/div>\n\t\t\n        <div class=\"banner-layers container\">\n            <div class=\"fill banner-link\"><\/div>            \n\n   <div id=\"text-box-1614428567\" class=\"text-box banner-layer x50 md-x50 lg-x50 y50 md-y50 lg-y50 res-text\">\n                                <div class=\"text-box-content text dark\">\n              \n              <div class=\"text-inner text-center\">\n                  \n\n\t<div id=\"text-2232936558\" class=\"text\">\n\t\t\n\n<div class=\"row h1\">\n<h1><strong>LES ACCESSOIRES DE CUISINE ET DE SALLE DE BAINS<\/strong><\/h1>\n<\/div>\n<span style=\"color: #ffffff; font-size: 18px;\">\u00c9largissez et distinguez votre offre de produits avec des couleurs c\u00e9ramiques qui r\u00e9sistent \u00e0 l'\u00e9preuve du temps<\/span>\n\t\t\n<style>\n#text-2232936558 {\n  color: rgb(255, 255, 255);\n}\n#text-2232936558 > * {\n  color: rgb(255, 255, 255);\n}\n<\/style>\n\t<\/div>\n\t\n\n              <\/div>\n           <\/div>\n                            \n<style>\n#text-box-1614428567 {\n  margin: 1px 0px 0px 0px;\n  width: 60%;\n}\n#text-box-1614428567 .text-box-content {\n  background-color: rgba(0, 0, 0, 0.75);\n  font-size: 100%;\n}\n#text-box-1614428567 .text-inner {\n  padding: 28px 19px 18px 19px;\n}\n<\/style>\n    <\/div>\n \n\n        <\/div>\n      <\/div>\n\n            \n<style>\n#banner-854260675 {\n  padding-top: 500px;\n}\n<\/style>\n  <\/div>\n\n\n\n\t\t<\/div>\n\t\t\t\t\t<\/div>\n\n\t\n\n<\/div>\n\n\t\t<\/div>\n\n\t\t\n<style>\n#section_1089130163 {\n  padding-top: 0px;\n  padding-bottom: 0px;\n}\n<\/style>\n\t<\/section>\n\t\n\n\t<section class=\"section\" id=\"section_668331888\">\n\t\t<div class=\"section-bg fill\" >\n\t\t\t\t\t\t\t\t\t\n\t\t\t\n\n\t\t<\/div>\n\n\t\t\n\n\t\t<div class=\"section-content relative\">\n\t\t\t\n\n<div class=\"row\" style=\"max-width:1170px\" id=\"row-1713230440\">\n\n\n\t<div id=\"col-1946713941\" class=\"col small-12 large-12\"  >\n\t\t\t\t<div class=\"col-inner\"  >\n\t\t\t\n\t\t\t\n\n<h2><span style=\"color: #f69422;\">PROPRI\u00c9T\u00c9S QUI FONT DE LA C\u00c9RAKOTE LA SOLUTION ID\u00c9ALE POUR LES INSTALLATIONS DE CUISINE ET DE SALLE DE BAINS<\/span><\/h2>\n\n\t\t<\/div>\n\t\t\t\t\t<\/div>\n\n\t\n\n\t<div id=\"col-1509810044\" class=\"col medium-6 small-12 large-6\"  >\n\t\t\t\t<div class=\"col-inner\"  >\n\t\t\t\n\t\t\t\n\n<ul>\n<li>FINITION C\u00c9RAMIQUE ULTRA DURABLE<\/li>\n<li>R\u00c9SISTANCE IN\u00c9GAL\u00c9E \u00c0 TOUS LES NETTOYANTS M\u00c9NAGERS ET COMMERCIAUX<\/li>\n<li>ASPECT ET TOUCHER LUXUEUX<\/li>\n<li>UNE FINITION ET UNE COULEUR HOMOG\u00c8NES<\/li>\n<\/ul>\n\n\t\t<\/div>\n\t\t\t\t\t<\/div>\n\n\t\n\n\t<div id=\"col-904750382\" class=\"col medium-6 small-12 large-6\"  >\n\t\t\t\t<div class=\"col-inner\"  >\n\t\t\t\n\t\t\t\n\n<ul>\n<li>FINITION C\u00c9RAMIQUE FACILE \u00c0 NETTOYER ET \u00c0 D\u00c9SINFECTER<\/li>\n<li>PLUS DE 100 COULEURS ET FINITIONS DESIGN<\/li>\n<li>ALTERNATIVE \u00c9COLOGIQUE AU PLACAGE ET \u00c0 D'AUTRES TRAITEMENTS<\/li>\n<li>APPLICATION \u00c0 FAIBLE CO\u00dbT POUR LES PETITS LOTS OU LES GRANDES S\u00c9RIES<\/li>\n<\/ul>\n\n\t\t<\/div>\n\t\t\t\t\t<\/div>\n\n\t\n\n<\/div>\n\n\t\t<\/div>\n\n\t\t\n<style>\n#section_668331888 {\n  padding-top: 30px;\n  padding-bottom: 30px;\n}\n<\/style>\n\t<\/section>\n\t\n\n\t<section class=\"section\" id=\"section_639420435\">\n\t\t<div class=\"section-bg fill\" >\n\t\t\t\t\t\t\t\t\t\n\t\t\t\n\n\t\t<\/div>\n\n\t\t\n\n\t\t<div class=\"section-content relative\">\n\t\t\t\n\n<div class=\"row\" style=\"max-width:1170px\" id=\"row-2008982035\">\n\n\n\t<div id=\"col-1480544062\" class=\"col medium-6 small-12 large-6\"  >\n\t\t\t\t<div class=\"col-inner\"  >\n\t\t\t\n\t\t\t\n\n<h2><span style=\"color: #f69422;\">INTEMPOREL, DURABLE, ABORDABLE ET VIABLE<\/span><\/h2>\n<p>CERAKOTE est une finition c\u00e9ramique ultra-durable id\u00e9ale pour les appareils de cuisine et de salle de bains. Elle permet un plus grand potentiel de design sans sacrifier la performance. La large gamme de Cerakote s'\u00e9tend des blancs brillants aux finitions m\u00e9talliques uniques, ce qui permet \u00e0 vos appareils de s'int\u00e9grer parfaitement \u00e0 tous les styles de design.<\/p>\n<p>CERAKOTE allie les qualit\u00e9s de performance attendues dans un environnement commercial \u00e0 l'aspect et au toucher d'un design d'accueil sur mesure. Elle est imperm\u00e9able \u00e0 pratiquement tous les nettoyants, tout en conservant une surface qui est \u00e0 la fois belle \u00e0 regarder et \u00e0 toucher. CERAKOTE r\u00e9sistera \u00e0 l'\u00e9preuve du temps tout en restant un \u00e9l\u00e9ment de design de premier plan.<\/p>\n<p>La beaut\u00e9 et les performances de CERAKOTE ne sont qu'un d\u00e9but. Le co\u00fbt et la facilit\u00e9 d'application sont dans de nombreux cas inf\u00e9rieurs \u00e0 ceux du placage et d'autres traitements m\u00e9talliques si l'on tient compte du co\u00fbt total de ces traitements traditionnels. En outre, CERAKOTE est une alternative \u00e9cologique \u00e0 bon nombre de ces options qui peuvent avoir un impact important sur notre environnement.<\/p>\n<p>Lorsque la performance, la beaut\u00e9, la couleur et le co\u00fbt sont importants, Finish Strong avec Cerakote Ceramics.<\/p>\n\n\t\t<\/div>\n\t\t\t\t\t<\/div>\n\n\t\n\n\t<div id=\"col-2134783269\" class=\"col medium-6 small-12 large-6\"  >\n\t\t\t\t<div class=\"col-inner\"  >\n\t\t\t\n\t\t\t\n\n\t<div class=\"img has-hover x md-x lg-x y md-y lg-y\" id=\"image_1353856843\">\n\t\t\t\t\t\t\t\t<div class=\"img-inner dark\" >\n\t\t\t<img loading=\"lazy\" decoding=\"async\" width=\"530\" height=\"430\" src=\"https:\/\/www.cerakotesa.com\/wp-content\/uploads\/2021\/06\/cerakote_kitchen_and_bath.jpg\" class=\"attachment-large size-large\" alt=\"Cerakote Kitchen and Bath\" srcset=\"https:\/\/www.cerakotesa.com\/wp-content\/uploads\/2021\/06\/cerakote_kitchen_and_bath.jpg 530w, https:\/\/www.cerakotesa.com\/wp-content\/uploads\/2021\/06\/cerakote_kitchen_and_bath-247x200.jpg 247w, https:\/\/www.cerakotesa.com\/wp-content\/uploads\/2021\/06\/cerakote_kitchen_and_bath-510x414.jpg 510w, https:\/\/www.cerakotesa.com\/wp-content\/uploads\/2021\/06\/cerakote_kitchen_and_bath-300x243.jpg 300w\" sizes=\"auto, (max-width: 530px) 100vw, 530px\" \/>\t\t\t\t\t\t\n\t\t\t\t\t<\/div>\n\t\t\t\t\t\t\t\t\n<style>\n#image_1353856843 {\n  width: 100%;\n}\n<\/style>\n\t<\/div>\n\t\n\n\n\t\t<\/div>\n\t\t\t\t\t<\/div>\n\n\t\n\n<\/div>\n\n\t\t<\/div>\n\n\t\t\n<style>\n#section_639420435 {\n  padding-top: 30px;\n  padding-bottom: 30px;\n}\n<\/style>\n\t<\/section>\n\t\n\n\t<section class=\"section\" id=\"section_27670656\">\n\t\t<div class=\"section-bg fill\" >\n\t\t\t\t\t\t\t\t\t\n\t\t\t\n\n\t\t<\/div>\n\n\t\t\n\n\t\t<div class=\"section-content relative\">\n\t\t\t\n\n<div class=\"row\" style=\"max-width:1170px\" id=\"row-2067724382\">\n\n\n\t<div id=\"col-1147490364\" class=\"col small-12 large-12\"  >\n\t\t\t\t<div class=\"col-inner\"  >\n\t\t\t\n\t\t\t\n\n<h2><span style=\"color: #f69422;\">COMMENT COMMENCER \u00c0 UTILISER LA CERAKOTE ?<\/span><\/h2>\n<p>Avec son application en une seule couche, directement sur le m\u00e9tal, aucune autre finition n'offre la durabilit\u00e9, l'esth\u00e9tique, la simplicit\u00e9 et les \u00e9conomies de CERAKOTE. Concepteurs et fabricants, veuillez nous contacter pour discuter d'une d\u00e9monstration compl\u00e9mentaire de Cerakote sur vos appareils. Cerakote est disponible dans plus de 85 pays et peut \u00eatre int\u00e9gr\u00e9 de mani\u00e8re \u00e9conomique dans votre processus de finition actuel ou confi\u00e9 \u00e0 l'un de nos milliers d'applicateurs certifi\u00e9s form\u00e9s en usine dans le monde entier. Plus de fabricants choisissent CERAKOTE que n'importe quelle autre finition c\u00e9ramique.<\/p>\n<p>Veuillez contacter notre \u00e9quipe de renseignements au <a href=\"mailto:enquiries@cerakoteeu.com\">enquiries@cerakoteeu.com<\/a>\u00a0<\/p>\n\n\n  <div class=\"banner has-hover\" id=\"banner-743868699\">\n          <div class=\"banner-inner fill\">\n        <div class=\"banner-bg fill\" >\n                                                \n                    <\/div>\n\t\t\n        <div class=\"banner-layers container\">\n            <div class=\"fill banner-link\"><\/div>            \n\n   <div id=\"text-box-1073545897\" class=\"text-box banner-layer x50 md-x50 lg-x50 y50 md-y50 lg-y50 res-text\">\n                                <div class=\"text-box-content text dark\">\n              \n              <div class=\"text-inner text-center\">\n                  \n\n<p><span style=\"color: #ffffff; font-size: 38px;\">Quand la performance, la beaut\u00e9, la couleur et le co\u00fbt comptent. <\/span> <span style=\"color: #1788e4; font-size: 38px;\">FINIR FORT<\/span><span style=\"color: #ffffff; font-size: 38px;\"> avec Cerakote aujourd'hui !<\/span><\/p>\n<a href=\"\/contact\" class=\"button primary\" >\n\t\t<span>CONTACTEZ-NOUS<\/span>\n\t<\/a>\n\n\n\n              <\/div>\n           <\/div>\n                            \n<style>\n#text-box-1073545897 {\n  width: 60%;\n}\n#text-box-1073545897 .text-box-content {\n  font-size: 100%;\n}\n<\/style>\n    <\/div>\n \n\n        <\/div>\n      <\/div>\n\n            \n<style>\n#banner-743868699 {\n  padding-top: 500px;\n  background-color: rgb(29, 25, 25);\n}\n<\/style>\n  <\/div>\n\n\n\n\t\t<\/div>\n\t\t\t\t\t<\/div>\n\n\t\n\n<\/div>\n\n\t\t<\/div>\n\n\t\t\n<style>\n#section_27670656 {\n  padding-top: 30px;\n  padding-bottom: 30px;\n}\n<\/style>\n\t<\/section>","protected":false},"excerpt":{"rendered":"","protected":false},"author":1,"featured_media":0,"parent":6831,"menu_order":0,"comment_status":"closed","ping_status":"closed","template":"page-blank.php","meta":{"_acf_changed":false,"footnotes":""},"class_list":["post-6963","page","type-page","status-publish","hentry"],"yoast_head":"<!-- This site is optimized with the Yoast SEO plugin v26.7 - https:\/\/yoast.com\/wordpress\/plugins\/seo\/ -->\n<title>Cerakote is the Ideal Finish for Kitchen and Bath Fixtures | Cerakote in Industry - Cerakote South Africa<\/title>\n<meta name=\"robots\" content=\"index, follow, max-snippet:-1, max-image-preview:large, max-video-preview:-1\" \/>\n<link rel=\"canonical\" href=\"https:\/\/www.cerakotesa.com\/fr\/cerakote-industries\/kitchen-and-bath\/\" \/>\n<meta property=\"og:locale\" content=\"fr_FR\" \/>\n<meta property=\"og:type\" content=\"article\" \/>\n<meta property=\"og:title\" content=\"Cerakote is the Ideal Finish for Kitchen and Bath Fixtures | Cerakote in Industry - Cerakote South Africa\" \/>\n<meta property=\"og:url\" content=\"https:\/\/www.cerakotesa.com\/fr\/cerakote-industries\/kitchen-and-bath\/\" \/>\n<meta property=\"og:site_name\" content=\"Cerakote South Africa\" \/>\n<meta property=\"article:modified_time\" content=\"2023-08-17T07:33:05+00:00\" \/>\n<meta name=\"twitter:card\" content=\"summary_large_image\" \/>\n<meta name=\"twitter:label1\" content=\"Dur\u00e9e de lecture estim\u00e9e\" \/>\n\t<meta name=\"twitter:data1\" content=\"2 minutes\" \/>\n<script type=\"application\/ld+json\" class=\"yoast-schema-graph\">{\"@context\":\"https:\/\/schema.org\",\"@graph\":[{\"@type\":\"WebPage\",\"@id\":\"https:\/\/www.cerakotesa.com\/cerakote-industries\/kitchen-and-bath\/\",\"url\":\"https:\/\/www.cerakotesa.com\/cerakote-industries\/kitchen-and-bath\/\",\"name\":\"Cerakote is the Ideal Finish for Kitchen and Bath Fixtures | Cerakote in Industry - Cerakote South Africa\",\"isPartOf\":{\"@id\":\"https:\/\/www.cerakotesa.com\/#website\"},\"datePublished\":\"2021-06-15T21:03:41+00:00\",\"dateModified\":\"2023-08-17T07:33:05+00:00\",\"breadcrumb\":{\"@id\":\"https:\/\/www.cerakotesa.com\/cerakote-industries\/kitchen-and-bath\/#breadcrumb\"},\"inLanguage\":\"fr-FR\",\"potentialAction\":[{\"@type\":\"ReadAction\",\"target\":[\"https:\/\/www.cerakotesa.com\/cerakote-industries\/kitchen-and-bath\/\"]}]},{\"@type\":\"BreadcrumbList\",\"@id\":\"https:\/\/www.cerakotesa.com\/cerakote-industries\/kitchen-and-bath\/#breadcrumb\",\"itemListElement\":[{\"@type\":\"ListItem\",\"position\":1,\"name\":\"Home\",\"item\":\"https:\/\/www.cerakotesa.com\/\"},{\"@type\":\"ListItem\",\"position\":2,\"name\":\"Industries\",\"item\":\"https:\/\/www.cerakotesa.com\/cerakote-industries\/\"},{\"@type\":\"ListItem\",\"position\":3,\"name\":\"Cerakote is the Ideal Finish for Kitchen and Bath Fixtures | Cerakote in Industry\"}]},{\"@type\":\"WebSite\",\"@id\":\"https:\/\/www.cerakotesa.com\/#website\",\"url\":\"https:\/\/www.cerakotesa.com\/\",\"name\":\"Cerakote South Africa\",\"description\":\"Cerakote is a global leader in the manufacturing of thin-film protective ceramic coatings\",\"potentialAction\":[{\"@type\":\"SearchAction\",\"target\":{\"@type\":\"EntryPoint\",\"urlTemplate\":\"https:\/\/www.cerakotesa.com\/?s={search_term_string}\"},\"query-input\":{\"@type\":\"PropertyValueSpecification\",\"valueRequired\":true,\"valueName\":\"search_term_string\"}}],\"inLanguage\":\"fr-FR\"}]}<\/script>\n<!-- \/ Yoast SEO plugin. -->","yoast_head_json":{"title":"Cerakote is the Ideal Finish for Kitchen and Bath Fixtures | Cerakote in Industry - Cerakote South Africa","robots":{"index":"index","follow":"follow","max-snippet":"max-snippet:-1","max-image-preview":"max-image-preview:large","max-video-preview":"max-video-preview:-1"},"canonical":"https:\/\/www.cerakotesa.com\/fr\/cerakote-industries\/kitchen-and-bath\/","og_locale":"fr_FR","og_type":"article","og_title":"Cerakote is the Ideal Finish for Kitchen and Bath Fixtures | Cerakote in Industry - Cerakote South Africa","og_url":"https:\/\/www.cerakotesa.com\/fr\/cerakote-industries\/kitchen-and-bath\/","og_site_name":"Cerakote South Africa","article_modified_time":"2023-08-17T07:33:05+00:00","twitter_card":"summary_large_image","twitter_misc":{"Dur\u00e9e de lecture estim\u00e9e":"2 minutes"},"schema":{"@context":"https:\/\/schema.org","@graph":[{"@type":"WebPage","@id":"https:\/\/www.cerakotesa.com\/cerakote-industries\/kitchen-and-bath\/","url":"https:\/\/www.cerakotesa.com\/cerakote-industries\/kitchen-and-bath\/","name":"Cerakote is the Ideal Finish for Kitchen and Bath Fixtures | Cerakote in Industry - Cerakote South Africa","isPartOf":{"@id":"https:\/\/www.cerakotesa.com\/#website"},"datePublished":"2021-06-15T21:03:41+00:00","dateModified":"2023-08-17T07:33:05+00:00","breadcrumb":{"@id":"https:\/\/www.cerakotesa.com\/cerakote-industries\/kitchen-and-bath\/#breadcrumb"},"inLanguage":"fr-FR","potentialAction":[{"@type":"ReadAction","target":["https:\/\/www.cerakotesa.com\/cerakote-industries\/kitchen-and-bath\/"]}]},{"@type":"BreadcrumbList","@id":"https:\/\/www.cerakotesa.com\/cerakote-industries\/kitchen-and-bath\/#breadcrumb","itemListElement":[{"@type":"ListItem","position":1,"name":"Home","item":"https:\/\/www.cerakotesa.com\/"},{"@type":"ListItem","position":2,"name":"Industries","item":"https:\/\/www.cerakotesa.com\/cerakote-industries\/"},{"@type":"ListItem","position":3,"name":"Cerakote is the Ideal Finish for Kitchen and Bath Fixtures | Cerakote in Industry"}]},{"@type":"WebSite","@id":"https:\/\/www.cerakotesa.com\/#website","url":"https:\/\/www.cerakotesa.com\/","name":"Cerakote South Africa","description":"Cerakote est un leader mondial dans la fabrication de rev\u00eatements c\u00e9ramiques protecteurs en couches minces.","potentialAction":[{"@type":"SearchAction","target":{"@type":"EntryPoint","urlTemplate":"https:\/\/www.cerakotesa.com\/?s={search_term_string}"},"query-input":{"@type":"PropertyValueSpecification","valueRequired":true,"valueName":"search_term_string"}}],"inLanguage":"fr-FR"}]}},"acf":[],"_links":{"self":[{"href":"https:\/\/www.cerakotesa.com\/fr\/wp-json\/wp\/v2\/pages\/6963","targetHints":{"allow":["GET"]}}],"collection":[{"href":"https:\/\/www.cerakotesa.com\/fr\/wp-json\/wp\/v2\/pages"}],"about":[{"href":"https:\/\/www.cerakotesa.com\/fr\/wp-json\/wp\/v2\/types\/page"}],"author":[{"embeddable":true,"href":"https:\/\/www.cerakotesa.com\/fr\/wp-json\/wp\/v2\/users\/1"}],"replies":[{"embeddable":true,"href":"https:\/\/www.cerakotesa.com\/fr\/wp-json\/wp\/v2\/comments?post=6963"}],"version-history":[{"count":0,"href":"https:\/\/www.cerakotesa.com\/fr\/wp-json\/wp\/v2\/pages\/6963\/revisions"}],"up":[{"embeddable":true,"href":"https:\/\/www.cerakotesa.com\/fr\/wp-json\/wp\/v2\/pages\/6831"}],"wp:attachment":[{"href":"https:\/\/www.cerakotesa.com\/fr\/wp-json\/wp\/v2\/media?parent=6963"}],"curies":[{"name":"wp","href":"https:\/\/api.w.org\/{rel}","templated":true}]}}