{"id":7219,"date":"2021-07-04T10:00:38","date_gmt":"2021-07-04T09:00:38","guid":{"rendered":"https:\/\/www.cerakote.co.uk\/cerakote-vs-other-coatings-copy\/"},"modified":"2021-07-04T10:00:38","modified_gmt":"2021-07-04T09:00:38","slug":"anodizing","status":"publish","type":"page","link":"https:\/\/www.cerakotesa.com\/fr\/cerakote-vs-other-coatings\/anodizing\/","title":{"rendered":"Quel est le meilleur rev\u00eatement ? - Cerakote vs. Anodisation | Cerakote vs."},"content":{"rendered":"<div class=\"banner has-hover\" id=\"banner-396857250\">\n          <div class=\"banner-inner fill\">\n        <div class=\"banner-bg fill\" >\n            <img loading=\"lazy\" decoding=\"async\" width=\"1020\" height=\"349\" src=\"https:\/\/www.cerakotesa.com\/wp-content\/uploads\/2021\/06\/cerakote_industries_hero-1024x350.jpg\" class=\"bg attachment-large size-large\" alt=\"Cerakote Industries\" \/>                                    \n                    <\/div>\n\t\t\n        <div class=\"banner-layers container\">\n            <div class=\"fill banner-link\"><\/div>            \n   <div id=\"text-box-1575988235\" class=\"text-box banner-layer x50 md-x50 lg-x50 y50 md-y50 lg-y50 res-text\">\n                                <div class=\"text-box-content text dark\">\n              \n              <div class=\"text-inner text-center\">\n                  \n\t<div id=\"text-3948967760\" class=\"text\">\n\t\t\n<div class=\"row h1\">\n<h1><strong>CERAKOTE VS. ANODIZING<\/strong><\/span><\/h1>\n<\/div>\n\t\t\n<style>\n#text-3948967760 {\n  color: rgb(255, 255, 255);\n}\n#text-3948967760 > * {\n  color: rgb(255, 255, 255);\n}\n<\/style>\n\t<\/div>\n\t\n              <\/div>\n           <\/div>\n                            \n<style>\n#text-box-1575988235 {\n  margin: 1px 0px 0px 0px;\n  width: 60%;\n}\n#text-box-1575988235 .text-box-content {\n  background-color: rgba(0, 0, 0, 0.75);\n  font-size: 100%;\n}\n#text-box-1575988235 .text-inner {\n  padding: 28px 0px 18px 0px;\n}\n<\/style>\n    <\/div>\n \n        <\/div>\n      <\/div>\n\n            \n<style>\n#banner-396857250 {\n  padding-top: 551px;\n}\n@media (min-width:550px) {\n  #banner-396857250 {\n    padding-top: 500px;\n  }\n}\n<\/style>\n  <\/div>\n\n\n\n\t<section class=\"section\" id=\"section_849480040\">\n\t\t<div class=\"section-bg fill\" >\n\t\t\t\t\t\t\t\t\t\n\t\t\t\n\n\t\t<\/div>\n\n\t\t\n\n\t\t<div class=\"section-content relative\">\n\t\t\t\n<div class=\"row\" style=\"max-width:1170px\" id=\"row-215764915\">\n\n\t<div id=\"col-1150202876\" class=\"col small-12 large-12\"  >\n\t\t\t\t<div class=\"col-inner\"  >\n\t\t\t\n\t\t\t\n\t<div id=\"text-2554606458\" class=\"text\">\n\t\t\n<h2><span style=\"color: #f69422\">OPTIONS DE COULEUR ET D'APPLICATION<\/span><\/h2>\n\t\t\n<style>\n#text-2554606458 {\n  text-align: center;\n}\n<\/style>\n\t<\/div>\n\t\n\t\t<\/div>\n\t\t\t\t\t<\/div>\n\n\t\n<\/div>\n\t\t<\/div>\n\n\t\t\n<style>\n#section_849480040 {\n  padding-top: 30px;\n  padding-bottom: 30px;\n}\n<\/style>\n\t<\/section>\n\t\n\n\t<section class=\"section\" id=\"section_1322292417\">\n\t\t<div class=\"section-bg fill\" >\n\t\t\t\t\t\t\t\t\t\n\t\t\t\n\n\t\t<\/div>\n\n\t\t\n\n\t\t<div class=\"section-content relative\">\n\t\t\t\n<div class=\"row\" style=\"max-width:1170px\" id=\"row-253497935\">\n\n\t<div id=\"col-1767180033\" class=\"col medium-6 small-12 large-6\"  >\n\t\t\t\t<div class=\"col-inner\"  >\n\t\t\t\n\t\t\t\n<p style=\"text-align: center;\"><span style=\"font-weight: bold;\">Cerakote<\/span><\/p>\n<p>Cerakote offre plus de 200 couleurs uniques et populaires et peut \u00eatre appliqu\u00e9 sur tous les m\u00e9taux ferreux et non ferreux, les plastiques, les composites et de nombreux autres substrats, ce qui en fait un rev\u00eatement universel qui remplace l'anodisation.<\/p>\n\t\t<\/div>\n\t\t\t\t\t<\/div>\n\n\t\n\n\t<div id=\"col-1883824945\" class=\"col medium-6 small-12 large-6\"  >\n\t\t\t\t<div class=\"col-inner\"  >\n\t\t\t\n\t\t\t\n<p style=\"text-align: center;\"><span style=\"font-weight: bold;\">Anodisation<\/span><\/p>\n<p>En raison des produits chimiques utilis\u00e9s dans le processus, l'anodisation offre un choix de couleurs tr\u00e8s limit\u00e9 et ne peut \u00eatre utilis\u00e9e que sur des surfaces en aluminium et en titane.<\/p>\n\t\t<\/div>\n\t\t\t\t\t<\/div>\n\n\t\n\n<style>\n#row-253497935 > .col > .col-inner {\n  padding: 0px 40px 0px 40px;\n}\n<\/style>\n<\/div>\n<div class=\"row\" style=\"max-width:1170px\" id=\"row-1674449382\">\n\n\t<div id=\"col-91309319\" class=\"col small-12 large-12\"  >\n\t\t\t\t<div class=\"col-inner\"  >\n\t\t\t\n\t\t\t\n\t<div class=\"img has-hover x md-x lg-x y md-y lg-y\" id=\"image_1380776241\">\n\t\t\t\t\t\t\t\t<div class=\"img-inner dark\" >\n\t\t\t<img loading=\"lazy\" decoding=\"async\" width=\"1020\" height=\"349\" src=\"https:\/\/www.cerakotesa.com\/wp-content\/uploads\/2021\/07\/cerakote_vs_anodizing-1-1024x350.jpg\" class=\"attachment-large size-large\" alt=\"Cerakote vs Anodisation\" srcset=\"https:\/\/www.cerakotesa.com\/wp-content\/uploads\/2021\/07\/cerakote_vs_anodizing-1-1024x350.jpg 1024w, https:\/\/www.cerakotesa.com\/wp-content\/uploads\/2021\/07\/cerakote_vs_anodizing-1-247x84.jpg 247w, https:\/\/www.cerakotesa.com\/wp-content\/uploads\/2021\/07\/cerakote_vs_anodizing-1-510x174.jpg 510w, https:\/\/www.cerakotesa.com\/wp-content\/uploads\/2021\/07\/cerakote_vs_anodizing-1-300x103.jpg 300w, https:\/\/www.cerakotesa.com\/wp-content\/uploads\/2021\/07\/cerakote_vs_anodizing-1-768x263.jpg 768w, https:\/\/www.cerakotesa.com\/wp-content\/uploads\/2021\/07\/cerakote_vs_anodizing-1.jpg 1170w\" sizes=\"auto, (max-width: 1020px) 100vw, 1020px\" \/>\t\t\t\t\t\t\n\t\t\t\t\t<\/div>\n\t\t\t\t\t\t\t\t\n<style>\n#image_1380776241 {\n  width: 100%;\n}\n<\/style>\n\t<\/div>\n\t\n\t\t<\/div>\n\t\t\t\t\t<\/div>\n\n\t\n<\/div>\n\t\t<\/div>\n\n\t\t\n<style>\n#section_1322292417 {\n  padding-top: 30px;\n  padding-bottom: 30px;\n  background-color: rgb(255, 255, 255);\n}\n<\/style>\n\t<\/section>\n\t\n\t<div id=\"text-2241732531\" class=\"text\">\n\t\t\n<h2><span style=\"color: #f69422\">COH\u00c9RENCE DES COULEURS<\/span><\/h2>\n\t\t\n<style>\n#text-2241732531 {\n  text-align: center;\n}\n<\/style>\n\t<\/div>\n\t\n\n\t<section class=\"section\" id=\"section_1496202831\">\n\t\t<div class=\"section-bg fill\" >\n\t\t\t\t\t\t\t\t\t\n\t\t\t\n\n\t\t<\/div>\n\n\t\t\n\n\t\t<div class=\"section-content relative\">\n\t\t\t\n<div class=\"row\" style=\"max-width:1170px\" id=\"row-612742489\">\n\n\t<div id=\"col-1512676189\" class=\"col medium-6 small-12 large-6\"  >\n\t\t\t\t<div class=\"col-inner\"  >\n\t\t\t\n\t\t\t\n<p style=\"text-align: center;\"><span style=\"font-weight: bold;\">Cerakote<\/span><\/p>\n<p>Toutes les couleurs Cerakote sont soumises \u00e0 une norme d'uniformit\u00e9 des couleurs d'un Delta E de 1 ou moins. En r\u00e8gle g\u00e9n\u00e9rale, l'\u0153il humain ne peut percevoir que des diff\u00e9rences de couleur sup\u00e9rieures \u00e0 un Delta E de 2 ou plus, ce qui fait de Cerakote le substitut parfait de l'anodisation pour les finitions en grande quantit\u00e9.<\/p>\n\t\t<\/div>\n\t\t\t\t\t<\/div>\n\n\t\n\n\t<div id=\"col-440804792\" class=\"col medium-6 small-12 large-6\"  >\n\t\t\t\t<div class=\"col-inner\"  >\n\t\t\t\n\t\t\t\n<p style=\"text-align: center;\"><span style=\"font-weight: bold;\">Anodisation<\/span><\/p>\n<p>La constance de la couleur est connue pour varier consid\u00e9rablement d'une pi\u00e8ce \u00e0 l'autre et d'un lot \u00e0 l'autre en raison de variations chimiques et de diff\u00e9rences subtiles dans le substrat qui ne peuvent \u00eatre contr\u00f4l\u00e9es.<\/p>\n\t\t<\/div>\n\t\t\t\t\t<\/div>\n\n\t\n\n<style>\n#row-612742489 > .col > .col-inner {\n  padding: 0px 40px 0px 40px;\n}\n<\/style>\n<\/div>\n<div class=\"row\" style=\"max-width:1170px\" id=\"row-1898809722\">\n\n\t<div id=\"col-1933435517\" class=\"col small-12 large-12\"  >\n\t\t\t\t<div class=\"col-inner\"  >\n\t\t\t\n\t\t\t\n\t<div class=\"img has-hover x md-x lg-x y md-y lg-y\" id=\"image_224770156\">\n\t\t\t\t\t\t\t\t<div class=\"img-inner dark\" >\n\t\t\t<img loading=\"lazy\" decoding=\"async\" width=\"1020\" height=\"349\" src=\"https:\/\/www.cerakotesa.com\/wp-content\/uploads\/2021\/07\/cerakote_colour_consistency-1024x350.jpg\" class=\"attachment-large size-large\" alt=\"Coh\u00e9rence de la couleur Cerakote\" srcset=\"https:\/\/www.cerakotesa.com\/wp-content\/uploads\/2021\/07\/cerakote_colour_consistency-1024x350.jpg 1024w, https:\/\/www.cerakotesa.com\/wp-content\/uploads\/2021\/07\/cerakote_colour_consistency-247x84.jpg 247w, https:\/\/www.cerakotesa.com\/wp-content\/uploads\/2021\/07\/cerakote_colour_consistency-510x174.jpg 510w, https:\/\/www.cerakotesa.com\/wp-content\/uploads\/2021\/07\/cerakote_colour_consistency-300x103.jpg 300w, https:\/\/www.cerakotesa.com\/wp-content\/uploads\/2021\/07\/cerakote_colour_consistency-768x263.jpg 768w, https:\/\/www.cerakotesa.com\/wp-content\/uploads\/2021\/07\/cerakote_colour_consistency.jpg 1170w\" sizes=\"auto, (max-width: 1020px) 100vw, 1020px\" \/>\t\t\t\t\t\t\n\t\t\t\t\t<\/div>\n\t\t\t\t\t\t\t\t\n<style>\n#image_224770156 {\n  width: 100%;\n}\n<\/style>\n\t<\/div>\n\t\n\t\t<\/div>\n\t\t\t\t\t<\/div>\n\n\t\n<\/div>\n\t\t<\/div>\n\n\t\t\n<style>\n#section_1496202831 {\n  padding-top: 30px;\n  padding-bottom: 30px;\n  background-color: rgb(255, 255, 255);\n}\n<\/style>\n\t<\/section>\n\t\n\t<div id=\"text-2185812570\" class=\"text\">\n\t\t\n<h2><span style=\"color: #f69422\">IMPACT SUR LES ALLIAGES D'ALUMINIUM<\/span><\/h2>\n\t\t\n<style>\n#text-2185812570 {\n  text-align: center;\n}\n<\/style>\n\t<\/div>\n\t\n\n\t<section class=\"section\" id=\"section_1451331612\">\n\t\t<div class=\"section-bg fill\" >\n\t\t\t\t\t\t\t\t\t\n\t\t\t\n\n\t\t<\/div>\n\n\t\t\n\n\t\t<div class=\"section-content relative\">\n\t\t\t\n<div class=\"row\" style=\"max-width:1170px\" id=\"row-2048020401\">\n\n\t<div id=\"col-1861596739\" class=\"col medium-6 small-12 large-6\"  >\n\t\t\t\t<div class=\"col-inner\"  >\n\t\t\t\n\t\t\t\n<p style=\"text-align: center;\"><span style=\"font-weight: bold;\">Cerakote<\/span><\/p>\n<p>La cerakote n'affecte PAS les propri\u00e9t\u00e9s de fatigue des alliages d'aluminium.<\/p>\n\t\t<\/div>\n\t\t\t\t\t<\/div>\n\n\t\n\n\t<div id=\"col-612585226\" class=\"col medium-6 small-12 large-6\"  >\n\t\t\t\t<div class=\"col-inner\"  >\n\t\t\t\n\t\t\t\n<p style=\"text-align: center;\"><span style=\"font-weight: bold;\">Anodisation<\/span><\/p>\n<p>La proc\u00e9dure d'anodisation cr\u00e9e une couche d'oxyde cassante et poreuse ainsi qu'une contrainte r\u00e9siduelle de traction, qui affecte n\u00e9gativement les propri\u00e9t\u00e9s de fatigue des alliages d'aluminium. Cette fatigue a \u00e9t\u00e9 largement rapport\u00e9e et document\u00e9e.<\/p>\n\t\t<\/div>\n\t\t\t\t\t<\/div>\n\n\t\n\n<style>\n#row-2048020401 > .col > .col-inner {\n  padding: 0px 40px 0px 40px;\n}\n<\/style>\n<\/div>\n<div class=\"row\" style=\"max-width:1170px\" id=\"row-1778101752\">\n\n\t<div id=\"col-1120935306\" class=\"col small-12 large-12\"  >\n\t\t\t\t<div class=\"col-inner\"  >\n\t\t\t\n\t\t\t\n\t<div class=\"img has-hover x md-x lg-x y md-y lg-y\" id=\"image_815012357\">\n\t\t\t\t\t\t\t\t<div class=\"img-inner dark\" >\n\t\t\t<img loading=\"lazy\" decoding=\"async\" width=\"1020\" height=\"349\" src=\"https:\/\/www.cerakotesa.com\/wp-content\/uploads\/2021\/07\/cerakote_impact_on_aluminium_alloys-1024x350.jpg\" class=\"attachment-large size-large\" alt=\"Impact sur les alliages d&#039;aluminium\" srcset=\"https:\/\/www.cerakotesa.com\/wp-content\/uploads\/2021\/07\/cerakote_impact_on_aluminium_alloys-1024x350.jpg 1024w, https:\/\/www.cerakotesa.com\/wp-content\/uploads\/2021\/07\/cerakote_impact_on_aluminium_alloys-247x84.jpg 247w, https:\/\/www.cerakotesa.com\/wp-content\/uploads\/2021\/07\/cerakote_impact_on_aluminium_alloys-510x174.jpg 510w, https:\/\/www.cerakotesa.com\/wp-content\/uploads\/2021\/07\/cerakote_impact_on_aluminium_alloys-300x103.jpg 300w, https:\/\/www.cerakotesa.com\/wp-content\/uploads\/2021\/07\/cerakote_impact_on_aluminium_alloys-768x263.jpg 768w, https:\/\/www.cerakotesa.com\/wp-content\/uploads\/2021\/07\/cerakote_impact_on_aluminium_alloys.jpg 1170w\" sizes=\"auto, (max-width: 1020px) 100vw, 1020px\" \/>\t\t\t\t\t\t\n\t\t\t\t\t<\/div>\n\t\t\t\t\t\t\t\t\n<style>\n#image_815012357 {\n  width: 100%;\n}\n<\/style>\n\t<\/div>\n\t\n\t\t<\/div>\n\t\t\t\t\t<\/div>\n\n\t\n<\/div>\n\t\t<\/div>\n\n\t\t\n<style>\n#section_1451331612 {\n  padding-top: 30px;\n  padding-bottom: 30px;\n  background-color: rgb(255, 255, 255);\n}\n<\/style>\n\t<\/section>\n\t\n\t<div id=\"text-1797117338\" class=\"text\">\n\t\t\n<h2><span style=\"color: #f69422\">L'IMPACT SUR L'ENVIRONNEMENT<\/span><\/h2>\n\t\t\n<style>\n#text-1797117338 {\n  text-align: center;\n}\n<\/style>\n\t<\/div>\n\t\n\n\t<section class=\"section\" id=\"section_1102248975\">\n\t\t<div class=\"section-bg fill\" >\n\t\t\t\t\t\t\t\t\t\n\t\t\t\n\n\t\t<\/div>\n\n\t\t\n\n\t\t<div class=\"section-content relative\">\n\t\t\t\n<div class=\"row\" style=\"max-width:1170px\" id=\"row-1698054054\">\n\n\t<div id=\"col-1944533081\" class=\"col medium-6 small-12 large-6\"  >\n\t\t\t\t<div class=\"col-inner\"  >\n\t\t\t\n\t\t\t\n<p style=\"text-align: center;\"><span style=\"font-weight: bold;\">Cerakote<\/span><\/p>\n<p>Cerakote ne contient pas de m\u00e9taux lourds et est exempt de COV dans les 50 \u00c9tats. Cerakote est un rev\u00eatement conforme aux normes REACH, ROHS et prop 65.<\/p>\n\t\t<\/div>\n\t\t\t\t\t<\/div>\n\n\t\n\n\t<div id=\"col-174747836\" class=\"col medium-6 small-12 large-6\"  >\n\t\t\t\t<div class=\"col-inner\"  >\n\t\t\t\n\t\t\t\n<p style=\"text-align: center;\"><span style=\"font-weight: bold;\">Anodisation<\/span><\/p>\n<p>Le processus d'anodisation \u00e0 l'acide chromique lib\u00e8re dans l'environnement du chrome hexavalent, un puissant agent canc\u00e9rig\u00e8ne. En cons\u00e9quence, l'utilisation du chrome hexavalent est de plus en plus limit\u00e9e par la r\u00e9glementation.<\/p>\n\t\t<\/div>\n\t\t\t\t\t<\/div>\n\n\t\n\n<style>\n#row-1698054054 > .col > .col-inner {\n  padding: 0px 40px 0px 40px;\n}\n<\/style>\n<\/div>\n<div class=\"row\" style=\"max-width:1170px\" id=\"row-1598077135\">\n\n\t<div id=\"col-1660795169\" class=\"col small-12 large-12\"  >\n\t\t\t\t<div class=\"col-inner\"  >\n\t\t\t\n\t\t\t\n\t<div class=\"img has-hover x md-x lg-x y md-y lg-y\" id=\"image_110910086\">\n\t\t\t\t\t\t\t\t<div class=\"img-inner dark\" >\n\t\t\t<img loading=\"lazy\" decoding=\"async\" width=\"1020\" height=\"349\" src=\"https:\/\/www.cerakotesa.com\/wp-content\/uploads\/2021\/07\/cerakote_environmental-1024x350.jpg\" class=\"attachment-large size-large\" alt=\"Cerakote Environmental\" srcset=\"https:\/\/www.cerakotesa.com\/wp-content\/uploads\/2021\/07\/cerakote_environmental-1024x350.jpg 1024w, https:\/\/www.cerakotesa.com\/wp-content\/uploads\/2021\/07\/cerakote_environmental-247x84.jpg 247w, https:\/\/www.cerakotesa.com\/wp-content\/uploads\/2021\/07\/cerakote_environmental-510x174.jpg 510w, https:\/\/www.cerakotesa.com\/wp-content\/uploads\/2021\/07\/cerakote_environmental-300x103.jpg 300w, https:\/\/www.cerakotesa.com\/wp-content\/uploads\/2021\/07\/cerakote_environmental-768x263.jpg 768w, https:\/\/www.cerakotesa.com\/wp-content\/uploads\/2021\/07\/cerakote_environmental.jpg 1170w\" sizes=\"auto, (max-width: 1020px) 100vw, 1020px\" \/>\t\t\t\t\t\t\n\t\t\t\t\t<\/div>\n\t\t\t\t\t\t\t\t\n<style>\n#image_110910086 {\n  width: 100%;\n}\n<\/style>\n\t<\/div>\n\t\n\t\t<\/div>\n\t\t\t\t\t<\/div>\n\n\t\n<\/div>\n\t\t<\/div>\n\n\t\t\n<style>\n#section_1102248975 {\n  padding-top: 30px;\n  padding-bottom: 30px;\n  background-color: rgb(255, 255, 255);\n}\n<\/style>\n\t<\/section>","protected":false},"excerpt":{"rendered":"","protected":false},"author":1,"featured_media":0,"parent":7199,"menu_order":0,"comment_status":"closed","ping_status":"closed","template":"page-blank.php","meta":{"_acf_changed":false,"footnotes":""},"class_list":["post-7219","page","type-page","status-publish","hentry"],"yoast_head":"<!-- This site is optimized with the Yoast SEO plugin v26.7 - https:\/\/yoast.com\/wordpress\/plugins\/seo\/ -->\n<title>Which coating is better? \u2013 Cerakote vs. Anodizing | Cerakote Vs. - Cerakote South Africa<\/title>\n<meta name=\"robots\" content=\"index, follow, max-snippet:-1, max-image-preview:large, max-video-preview:-1\" \/>\n<link rel=\"canonical\" href=\"https:\/\/www.cerakotesa.com\/fr\/cerakote-vs-other-coatings\/anodizing\/\" \/>\n<meta property=\"og:locale\" content=\"fr_FR\" \/>\n<meta property=\"og:type\" content=\"article\" \/>\n<meta property=\"og:title\" content=\"Which coating is better? \u2013 Cerakote vs. Anodizing | Cerakote Vs. - Cerakote South Africa\" \/>\n<meta property=\"og:url\" content=\"https:\/\/www.cerakotesa.com\/fr\/cerakote-vs-other-coatings\/anodizing\/\" \/>\n<meta property=\"og:site_name\" content=\"Cerakote South Africa\" \/>\n<meta name=\"twitter:card\" content=\"summary_large_image\" \/>\n<meta name=\"twitter:label1\" content=\"Dur\u00e9e de lecture estim\u00e9e\" \/>\n\t<meta name=\"twitter:data1\" content=\"2 minutes\" \/>\n<script type=\"application\/ld+json\" class=\"yoast-schema-graph\">{\"@context\":\"https:\/\/schema.org\",\"@graph\":[{\"@type\":\"WebPage\",\"@id\":\"https:\/\/www.cerakotesa.com\/fr\/cerakote-vs-other-coatings\/anodizing\/\",\"url\":\"https:\/\/www.cerakotesa.com\/fr\/cerakote-vs-other-coatings\/anodizing\/\",\"name\":\"Which coating is better? \u2013 Cerakote vs. Anodizing | Cerakote Vs. - Cerakote South Africa\",\"isPartOf\":{\"@id\":\"https:\/\/www.cerakotesa.com\/#website\"},\"datePublished\":\"2021-07-04T09:00:38+00:00\",\"breadcrumb\":{\"@id\":\"https:\/\/www.cerakotesa.com\/fr\/cerakote-vs-other-coatings\/anodizing\/#breadcrumb\"},\"inLanguage\":\"fr-FR\",\"potentialAction\":[{\"@type\":\"ReadAction\",\"target\":[\"https:\/\/www.cerakotesa.com\/fr\/cerakote-vs-other-coatings\/anodizing\/\"]}]},{\"@type\":\"BreadcrumbList\",\"@id\":\"https:\/\/www.cerakotesa.com\/fr\/cerakote-vs-other-coatings\/anodizing\/#breadcrumb\",\"itemListElement\":[{\"@type\":\"ListItem\",\"position\":1,\"name\":\"Home\",\"item\":\"https:\/\/www.cerakotesa.com\/\"},{\"@type\":\"ListItem\",\"position\":2,\"name\":\"Which coating is better? \u2013 Head-to-Head Testing | Cerakote Vs.\",\"item\":\"https:\/\/www.cerakotesa.com\/cerakote-vs-other-coatings\/\"},{\"@type\":\"ListItem\",\"position\":3,\"name\":\"Which coating is better? \u2013 Cerakote vs. Anodizing | Cerakote Vs.\"}]},{\"@type\":\"WebSite\",\"@id\":\"https:\/\/www.cerakotesa.com\/#website\",\"url\":\"https:\/\/www.cerakotesa.com\/\",\"name\":\"Cerakote South Africa\",\"description\":\"Cerakote is a global leader in the manufacturing of thin-film protective ceramic coatings\",\"potentialAction\":[{\"@type\":\"SearchAction\",\"target\":{\"@type\":\"EntryPoint\",\"urlTemplate\":\"https:\/\/www.cerakotesa.com\/?s={search_term_string}\"},\"query-input\":{\"@type\":\"PropertyValueSpecification\",\"valueRequired\":true,\"valueName\":\"search_term_string\"}}],\"inLanguage\":\"fr-FR\"}]}<\/script>\n<!-- \/ Yoast SEO plugin. -->","yoast_head_json":{"title":"Which coating is better? \u2013 Cerakote vs. Anodizing | Cerakote Vs. - Cerakote South Africa","robots":{"index":"index","follow":"follow","max-snippet":"max-snippet:-1","max-image-preview":"max-image-preview:large","max-video-preview":"max-video-preview:-1"},"canonical":"https:\/\/www.cerakotesa.com\/fr\/cerakote-vs-other-coatings\/anodizing\/","og_locale":"fr_FR","og_type":"article","og_title":"Which coating is better? \u2013 Cerakote vs. Anodizing | Cerakote Vs. - Cerakote South Africa","og_url":"https:\/\/www.cerakotesa.com\/fr\/cerakote-vs-other-coatings\/anodizing\/","og_site_name":"Cerakote South Africa","twitter_card":"summary_large_image","twitter_misc":{"Dur\u00e9e de lecture estim\u00e9e":"2 minutes"},"schema":{"@context":"https:\/\/schema.org","@graph":[{"@type":"WebPage","@id":"https:\/\/www.cerakotesa.com\/fr\/cerakote-vs-other-coatings\/anodizing\/","url":"https:\/\/www.cerakotesa.com\/fr\/cerakote-vs-other-coatings\/anodizing\/","name":"Which coating is better? \u2013 Cerakote vs. Anodizing | Cerakote Vs. - Cerakote South Africa","isPartOf":{"@id":"https:\/\/www.cerakotesa.com\/#website"},"datePublished":"2021-07-04T09:00:38+00:00","breadcrumb":{"@id":"https:\/\/www.cerakotesa.com\/fr\/cerakote-vs-other-coatings\/anodizing\/#breadcrumb"},"inLanguage":"fr-FR","potentialAction":[{"@type":"ReadAction","target":["https:\/\/www.cerakotesa.com\/fr\/cerakote-vs-other-coatings\/anodizing\/"]}]},{"@type":"BreadcrumbList","@id":"https:\/\/www.cerakotesa.com\/fr\/cerakote-vs-other-coatings\/anodizing\/#breadcrumb","itemListElement":[{"@type":"ListItem","position":1,"name":"Home","item":"https:\/\/www.cerakotesa.com\/"},{"@type":"ListItem","position":2,"name":"Which coating is better? \u2013 Head-to-Head Testing | Cerakote Vs.","item":"https:\/\/www.cerakotesa.com\/cerakote-vs-other-coatings\/"},{"@type":"ListItem","position":3,"name":"Which coating is better? \u2013 Cerakote vs. Anodizing | Cerakote Vs."}]},{"@type":"WebSite","@id":"https:\/\/www.cerakotesa.com\/#website","url":"https:\/\/www.cerakotesa.com\/","name":"Cerakote South Africa","description":"Cerakote est un leader mondial dans la fabrication de rev\u00eatements c\u00e9ramiques protecteurs en couches minces.","potentialAction":[{"@type":"SearchAction","target":{"@type":"EntryPoint","urlTemplate":"https:\/\/www.cerakotesa.com\/?s={search_term_string}"},"query-input":{"@type":"PropertyValueSpecification","valueRequired":true,"valueName":"search_term_string"}}],"inLanguage":"fr-FR"}]}},"acf":[],"_links":{"self":[{"href":"https:\/\/www.cerakotesa.com\/fr\/wp-json\/wp\/v2\/pages\/7219","targetHints":{"allow":["GET"]}}],"collection":[{"href":"https:\/\/www.cerakotesa.com\/fr\/wp-json\/wp\/v2\/pages"}],"about":[{"href":"https:\/\/www.cerakotesa.com\/fr\/wp-json\/wp\/v2\/types\/page"}],"author":[{"embeddable":true,"href":"https:\/\/www.cerakotesa.com\/fr\/wp-json\/wp\/v2\/users\/1"}],"replies":[{"embeddable":true,"href":"https:\/\/www.cerakotesa.com\/fr\/wp-json\/wp\/v2\/comments?post=7219"}],"version-history":[{"count":0,"href":"https:\/\/www.cerakotesa.com\/fr\/wp-json\/wp\/v2\/pages\/7219\/revisions"}],"up":[{"embeddable":true,"href":"https:\/\/www.cerakotesa.com\/fr\/wp-json\/wp\/v2\/pages\/7199"}],"wp:attachment":[{"href":"https:\/\/www.cerakotesa.com\/fr\/wp-json\/wp\/v2\/media?parent=7219"}],"curies":[{"name":"wp","href":"https:\/\/api.w.org\/{rel}","templated":true}]}}