{"id":11009,"date":"2022-07-28T14:52:45","date_gmt":"2022-07-28T13:52:45","guid":{"rendered":"https:\/\/www.cerakote.co.uk\/?post_type=product&amp;p=11009"},"modified":"2024-08-05T14:01:30","modified_gmt":"2024-08-05T14:01:30","slug":"plastic-razor-blades-se-367","status":"publish","type":"product","link":"https:\/\/www.cerakotesa.com\/fr\/produit\/plastic-razor-blades-se-367\/","title":{"rendered":"Lames de rasoir en plastique SE-367"},"content":{"rendered":"","protected":false},"excerpt":{"rendered":"<p>Ces lames de rasoir en plastique bleu sont suffisamment souples pour pr\u00e9server votre projet enduit, mais suffisamment fermes pour retirer les pochoirs ou m\u00eame marquer les bords. La derni\u00e8re chose que vous voulez faire est de gratter ou d'\u00e9gratigner votre belle toile peinte avec quelque chose qui n'est pas adapt\u00e9 \u00e0 ce travail.<\/p>\n<p>Conseil de pro : Appliquez une petite quantit\u00e9 d'un solvant appropri\u00e9 sur la surface du projet et grattez pour d\u00e9coller les pochoirs particuli\u00e8rement durs ou pour \u00e9galiser les lignes de cr\u00eate.<\/p>","protected":false},"featured_media":11013,"comment_status":"closed","ping_status":"closed","template":"","meta":{"_acf_changed":false},"product_brand":[],"product_cat":[106],"product_tag":[927,928,929,930],"class_list":{"0":"post-11009","1":"product","2":"type-product","3":"status-publish","4":"has-post-thumbnail","6":"product_cat-equipment","7":"product_tag-plastic","8":"product_tag-plastic-razor-blades","9":"product_tag-razor-blades","10":"product_tag-se-367","11":"product_shipping_class-royal-mail-first-class","13":"first","14":"instock","15":"taxable","16":"shipping-taxable","17":"product-type-variable"},"yoast_head":"<!-- This site is optimized with the Yoast SEO plugin v26.7 - https:\/\/yoast.com\/wordpress\/plugins\/seo\/ -->\n<title>Plastic Razor Blades SE-367 - Cerakote South Africa<\/title>\n<meta name=\"robots\" content=\"index, follow, max-snippet:-1, max-image-preview:large, max-video-preview:-1\" \/>\n<link rel=\"canonical\" href=\"https:\/\/www.cerakotesa.com\/fr\/produit\/plastic-razor-blades-se-367\/\" \/>\n<meta property=\"og:locale\" content=\"fr_FR\" \/>\n<meta property=\"og:type\" content=\"article\" \/>\n<meta property=\"og:title\" content=\"Plastic Razor Blades SE-367 - Cerakote South Africa\" \/>\n<meta property=\"og:description\" content=\"These blue plastic razor blades are soft enough to preserve your coated project, but firm enough to remove stencils or even score edges.\u00a0The last thing you want to do is scrape or scratch that beautifully sprayed canvas with something not suited for the job. Pro Tip: Apply a small amount of an appropriate solvent to the surface of the project and scrape to peel especially hard stencils or to even out ridge lines.\" \/>\n<meta property=\"og:url\" content=\"https:\/\/www.cerakotesa.com\/fr\/produit\/plastic-razor-blades-se-367\/\" \/>\n<meta property=\"og:site_name\" content=\"Cerakote South Africa\" \/>\n<meta property=\"article:modified_time\" content=\"2024-08-05T14:01:30+00:00\" \/>\n<meta property=\"og:image\" content=\"https:\/\/www.cerakotesa.com\/wp-content\/uploads\/2022\/07\/IMG_1305.jpg\" \/>\n\t<meta property=\"og:image:width\" content=\"2557\" \/>\n\t<meta property=\"og:image:height\" content=\"2558\" \/>\n\t<meta property=\"og:image:type\" content=\"image\/jpeg\" \/>\n<meta name=\"twitter:card\" content=\"summary_large_image\" \/>\n<script type=\"application\/ld+json\" class=\"yoast-schema-graph\">{\"@context\":\"https:\/\/schema.org\",\"@graph\":[{\"@type\":\"WebPage\",\"@id\":\"https:\/\/www.cerakotesa.com\/product\/plastic-razor-blades-se-367\/\",\"url\":\"https:\/\/www.cerakotesa.com\/product\/plastic-razor-blades-se-367\/\",\"name\":\"Plastic Razor Blades SE-367 - Cerakote South Africa\",\"isPartOf\":{\"@id\":\"https:\/\/www.cerakotesa.com\/#website\"},\"primaryImageOfPage\":{\"@id\":\"https:\/\/www.cerakotesa.com\/product\/plastic-razor-blades-se-367\/#primaryimage\"},\"image\":{\"@id\":\"https:\/\/www.cerakotesa.com\/product\/plastic-razor-blades-se-367\/#primaryimage\"},\"thumbnailUrl\":\"https:\/\/www.cerakotesa.com\/wp-content\/uploads\/2022\/07\/IMG_1305.jpg\",\"datePublished\":\"2022-07-28T13:52:45+00:00\",\"dateModified\":\"2024-08-05T14:01:30+00:00\",\"breadcrumb\":{\"@id\":\"https:\/\/www.cerakotesa.com\/product\/plastic-razor-blades-se-367\/#breadcrumb\"},\"inLanguage\":\"fr-FR\",\"potentialAction\":[{\"@type\":\"ReadAction\",\"target\":[\"https:\/\/www.cerakotesa.com\/product\/plastic-razor-blades-se-367\/\"]}]},{\"@type\":\"ImageObject\",\"inLanguage\":\"fr-FR\",\"@id\":\"https:\/\/www.cerakotesa.com\/product\/plastic-razor-blades-se-367\/#primaryimage\",\"url\":\"https:\/\/www.cerakotesa.com\/wp-content\/uploads\/2022\/07\/IMG_1305.jpg\",\"contentUrl\":\"https:\/\/www.cerakotesa.com\/wp-content\/uploads\/2022\/07\/IMG_1305.jpg\",\"width\":2557,\"height\":2558},{\"@type\":\"BreadcrumbList\",\"@id\":\"https:\/\/www.cerakotesa.com\/product\/plastic-razor-blades-se-367\/#breadcrumb\",\"itemListElement\":[{\"@type\":\"ListItem\",\"position\":1,\"name\":\"Home\",\"item\":\"https:\/\/www.cerakotesa.com\/\"},{\"@type\":\"ListItem\",\"position\":2,\"name\":\"Products\",\"item\":\"https:\/\/www.cerakotesa.com\/shop\/\"},{\"@type\":\"ListItem\",\"position\":3,\"name\":\"Plastic Razor Blades SE-367\"}]},{\"@type\":\"WebSite\",\"@id\":\"https:\/\/www.cerakotesa.com\/#website\",\"url\":\"https:\/\/www.cerakotesa.com\/\",\"name\":\"Cerakote South Africa\",\"description\":\"Cerakote is a global leader in the manufacturing of thin-film protective ceramic coatings\",\"potentialAction\":[{\"@type\":\"SearchAction\",\"target\":{\"@type\":\"EntryPoint\",\"urlTemplate\":\"https:\/\/www.cerakotesa.com\/?s={search_term_string}\"},\"query-input\":{\"@type\":\"PropertyValueSpecification\",\"valueRequired\":true,\"valueName\":\"search_term_string\"}}],\"inLanguage\":\"fr-FR\"}]}<\/script>\n<!-- \/ Yoast SEO plugin. -->","yoast_head_json":{"title":"Plastic Razor Blades SE-367 - Cerakote South Africa","robots":{"index":"index","follow":"follow","max-snippet":"max-snippet:-1","max-image-preview":"max-image-preview:large","max-video-preview":"max-video-preview:-1"},"canonical":"https:\/\/www.cerakotesa.com\/fr\/produit\/plastic-razor-blades-se-367\/","og_locale":"fr_FR","og_type":"article","og_title":"Plastic Razor Blades SE-367 - Cerakote South Africa","og_description":"These blue plastic razor blades are soft enough to preserve your coated project, but firm enough to remove stencils or even score edges.\u00a0The last thing you want to do is scrape or scratch that beautifully sprayed canvas with something not suited for the job. Pro Tip: Apply a small amount of an appropriate solvent to the surface of the project and scrape to peel especially hard stencils or to even out ridge lines.","og_url":"https:\/\/www.cerakotesa.com\/fr\/produit\/plastic-razor-blades-se-367\/","og_site_name":"Cerakote South Africa","article_modified_time":"2024-08-05T14:01:30+00:00","og_image":[{"width":2557,"height":2558,"url":"https:\/\/www.cerakotesa.com\/wp-content\/uploads\/2022\/07\/IMG_1305.jpg","type":"image\/jpeg"}],"twitter_card":"summary_large_image","schema":{"@context":"https:\/\/schema.org","@graph":[{"@type":"WebPage","@id":"https:\/\/www.cerakotesa.com\/product\/plastic-razor-blades-se-367\/","url":"https:\/\/www.cerakotesa.com\/product\/plastic-razor-blades-se-367\/","name":"Plastic Razor Blades SE-367 - Cerakote South Africa","isPartOf":{"@id":"https:\/\/www.cerakotesa.com\/#website"},"primaryImageOfPage":{"@id":"https:\/\/www.cerakotesa.com\/product\/plastic-razor-blades-se-367\/#primaryimage"},"image":{"@id":"https:\/\/www.cerakotesa.com\/product\/plastic-razor-blades-se-367\/#primaryimage"},"thumbnailUrl":"https:\/\/www.cerakotesa.com\/wp-content\/uploads\/2022\/07\/IMG_1305.jpg","datePublished":"2022-07-28T13:52:45+00:00","dateModified":"2024-08-05T14:01:30+00:00","breadcrumb":{"@id":"https:\/\/www.cerakotesa.com\/product\/plastic-razor-blades-se-367\/#breadcrumb"},"inLanguage":"fr-FR","potentialAction":[{"@type":"ReadAction","target":["https:\/\/www.cerakotesa.com\/product\/plastic-razor-blades-se-367\/"]}]},{"@type":"ImageObject","inLanguage":"fr-FR","@id":"https:\/\/www.cerakotesa.com\/product\/plastic-razor-blades-se-367\/#primaryimage","url":"https:\/\/www.cerakotesa.com\/wp-content\/uploads\/2022\/07\/IMG_1305.jpg","contentUrl":"https:\/\/www.cerakotesa.com\/wp-content\/uploads\/2022\/07\/IMG_1305.jpg","width":2557,"height":2558},{"@type":"BreadcrumbList","@id":"https:\/\/www.cerakotesa.com\/product\/plastic-razor-blades-se-367\/#breadcrumb","itemListElement":[{"@type":"ListItem","position":1,"name":"Home","item":"https:\/\/www.cerakotesa.com\/"},{"@type":"ListItem","position":2,"name":"Products","item":"https:\/\/www.cerakotesa.com\/shop\/"},{"@type":"ListItem","position":3,"name":"Plastic Razor Blades SE-367"}]},{"@type":"WebSite","@id":"https:\/\/www.cerakotesa.com\/#website","url":"https:\/\/www.cerakotesa.com\/","name":"Cerakote South Africa","description":"Cerakote est un leader mondial dans la fabrication de rev\u00eatements c\u00e9ramiques protecteurs en couches minces.","potentialAction":[{"@type":"SearchAction","target":{"@type":"EntryPoint","urlTemplate":"https:\/\/www.cerakotesa.com\/?s={search_term_string}"},"query-input":{"@type":"PropertyValueSpecification","valueRequired":true,"valueName":"search_term_string"}}],"inLanguage":"fr-FR"}]}},"acf":[],"_links":{"self":[{"href":"https:\/\/www.cerakotesa.com\/fr\/wp-json\/wp\/v2\/product\/11009","targetHints":{"allow":["GET"]}}],"collection":[{"href":"https:\/\/www.cerakotesa.com\/fr\/wp-json\/wp\/v2\/product"}],"about":[{"href":"https:\/\/www.cerakotesa.com\/fr\/wp-json\/wp\/v2\/types\/product"}],"replies":[{"embeddable":true,"href":"https:\/\/www.cerakotesa.com\/fr\/wp-json\/wp\/v2\/comments?post=11009"}],"wp:featuredmedia":[{"embeddable":true,"href":"https:\/\/www.cerakotesa.com\/fr\/wp-json\/wp\/v2\/media\/11013"}],"wp:attachment":[{"href":"https:\/\/www.cerakotesa.com\/fr\/wp-json\/wp\/v2\/media?parent=11009"}],"wp:term":[{"taxonomy":"product_brand","embeddable":true,"href":"https:\/\/www.cerakotesa.com\/fr\/wp-json\/wp\/v2\/product_brand?post=11009"},{"taxonomy":"product_cat","embeddable":true,"href":"https:\/\/www.cerakotesa.com\/fr\/wp-json\/wp\/v2\/product_cat?post=11009"},{"taxonomy":"product_tag","embeddable":true,"href":"https:\/\/www.cerakotesa.com\/fr\/wp-json\/wp\/v2\/product_tag?post=11009"}],"curies":[{"name":"wp","href":"https:\/\/api.w.org\/{rel}","templated":true}]}}