{"id":12001,"date":"2022-11-22T17:31:29","date_gmt":"2022-11-22T17:31:29","guid":{"rendered":"https:\/\/www.cerakote.co.uk\/?post_type=product&#038;p=12001"},"modified":"2025-08-26T07:52:49","modified_gmt":"2025-08-26T07:52:49","slug":"se-3000-sata-minijet-with-aluminium-cup","status":"publish","type":"product","link":"https:\/\/www.cerakotesa.com\/fr\/produit\/se-3000-sata-minijet-with-aluminium-cup\/","title":{"rendered":"SATA Minijet Avec Coupe Aluminium SE-3000"},"content":{"rendered":"","protected":false},"excerpt":{"rendered":"<p>Voici une collaboration entre SATA UK et Cerakote EU !<\/p>\n<p>Pour les applications Cerakote, le SATA 3000 est tr\u00e8s performant. A tel point que nous avons fait \u00e9quipe avec SATA pour le ramener en exclusivit\u00e9 pour les clients Cerakote avec l'ajout d'une coupelle en aluminium.<\/p>\n<p>Le SATA Minijet 3000 HVLP comprend :<\/p>\n<ul>\n<li>0,8 taille de la pointe<\/li>\n<li>Compatible avec la jauge num\u00e9rique ADAM 2 Mini (jauge non incluse)<\/li>\n<li>Pot en aluminium de 150 ml qui s'adapte aux filtres m\u00e9talliques Cerakote<\/li>\n<li>Un mod\u00e8le de pulv\u00e9risation r\u00e9glable de chaque c\u00f4t\u00e9 du pistolet pour cr\u00e9er un jet rond et un jet plein.<\/li>\n<li>Syst\u00e8me de code couleur CCS pour une identification rapide et facile des pistolets<\/li>\n<li>Construction solide et de qualit\u00e9 pour garantir une longue dur\u00e9e de vie<\/li>\n<\/ul>\n<p>Le minijet SATA 3000 est un v\u00e9ritable cheval de bataille sur lequel vous pouvez compter, tout en vous offrant une atomisation \u00e9lev\u00e9e avec un contr\u00f4le exceptionnel.<\/p>","protected":false},"featured_media":15929,"comment_status":"closed","ping_status":"closed","template":"","meta":{"_acf_changed":false},"product_brand":[],"product_cat":[106],"product_tag":[960,961,962,149],"class_list":{"0":"post-12001","1":"product","2":"type-product","3":"status-publish","4":"has-post-thumbnail","6":"product_cat-equipment","7":"product_tag-minijet","8":"product_tag-sata","9":"product_tag-se-3000","10":"product_tag-spray-gun","11":"product_shipping_class-flat-rate","13":"first","14":"instock","15":"taxable","16":"shipping-taxable","17":"product-type-simple"},"yoast_head":"<!-- This site is optimized with the Yoast SEO plugin v26.7 - https:\/\/yoast.com\/wordpress\/plugins\/seo\/ -->\n<title>SATA Minijet With Aluminium Cup SE-3000 - Cerakote South Africa<\/title>\n<meta name=\"robots\" content=\"index, follow, max-snippet:-1, max-image-preview:large, max-video-preview:-1\" \/>\n<link rel=\"canonical\" href=\"https:\/\/www.cerakotesa.com\/fr\/produit\/se-3000-sata-minijet-with-aluminium-cup\/\" \/>\n<meta property=\"og:locale\" content=\"fr_FR\" \/>\n<meta property=\"og:type\" content=\"article\" \/>\n<meta property=\"og:title\" content=\"SATA Minijet With Aluminium Cup SE-3000 - Cerakote South Africa\" \/>\n<meta property=\"og:description\" content=\"Introducing a collaboration between SATA UK and Cerakote EU!  For Cerakote application the SATA 3000 performs amazingly. So much so that we teamed up with SATA to bring it back exclusively for Cerakote customers with the addition of an aluminium cup.  The SATA Minijet 3000 HVLP includes:   0.8 tip size  ADAM 2 Mini digital gauge compatible (Gauge not included)  150ml Aluminium Pot that will fit Cerakote metal strainers  An adjustable spray pattern from either side of the gun to create round and full-fan.  CCS Colour Code System for quick and easy gun identification  Solid, quality build construction to ensure a long service life  The SATA 3000 minijet is a true workhorse that you can depend on, whilst still giving you high atomisation with outstanding control.\" \/>\n<meta property=\"og:url\" content=\"https:\/\/www.cerakotesa.com\/fr\/produit\/se-3000-sata-minijet-with-aluminium-cup\/\" \/>\n<meta property=\"og:site_name\" content=\"Cerakote South Africa\" \/>\n<meta property=\"article:modified_time\" content=\"2025-08-26T07:52:49+00:00\" \/>\n<meta property=\"og:image\" content=\"https:\/\/www.cerakotesa.com\/wp-content\/uploads\/2022\/11\/IMG_1966-510x680-1.jpg\" \/>\n\t<meta property=\"og:image:width\" content=\"510\" \/>\n\t<meta property=\"og:image:height\" content=\"680\" \/>\n\t<meta property=\"og:image:type\" content=\"image\/jpeg\" \/>\n<meta name=\"twitter:card\" content=\"summary_large_image\" \/>\n<script type=\"application\/ld+json\" class=\"yoast-schema-graph\">{\"@context\":\"https:\/\/schema.org\",\"@graph\":[{\"@type\":\"WebPage\",\"@id\":\"https:\/\/www.cerakotesa.com\/product\/se-3000-sata-minijet-with-aluminium-cup\/\",\"url\":\"https:\/\/www.cerakotesa.com\/product\/se-3000-sata-minijet-with-aluminium-cup\/\",\"name\":\"SATA Minijet With Aluminium Cup SE-3000 - Cerakote South Africa\",\"isPartOf\":{\"@id\":\"https:\/\/www.cerakotesa.com\/#website\"},\"primaryImageOfPage\":{\"@id\":\"https:\/\/www.cerakotesa.com\/product\/se-3000-sata-minijet-with-aluminium-cup\/#primaryimage\"},\"image\":{\"@id\":\"https:\/\/www.cerakotesa.com\/product\/se-3000-sata-minijet-with-aluminium-cup\/#primaryimage\"},\"thumbnailUrl\":\"https:\/\/www.cerakotesa.com\/wp-content\/uploads\/2022\/11\/IMG_1966-510x680-1.jpg\",\"datePublished\":\"2022-11-22T17:31:29+00:00\",\"dateModified\":\"2025-08-26T07:52:49+00:00\",\"breadcrumb\":{\"@id\":\"https:\/\/www.cerakotesa.com\/product\/se-3000-sata-minijet-with-aluminium-cup\/#breadcrumb\"},\"inLanguage\":\"fr-FR\",\"potentialAction\":[{\"@type\":\"ReadAction\",\"target\":[\"https:\/\/www.cerakotesa.com\/product\/se-3000-sata-minijet-with-aluminium-cup\/\"]}]},{\"@type\":\"ImageObject\",\"inLanguage\":\"fr-FR\",\"@id\":\"https:\/\/www.cerakotesa.com\/product\/se-3000-sata-minijet-with-aluminium-cup\/#primaryimage\",\"url\":\"https:\/\/www.cerakotesa.com\/wp-content\/uploads\/2022\/11\/IMG_1966-510x680-1.jpg\",\"contentUrl\":\"https:\/\/www.cerakotesa.com\/wp-content\/uploads\/2022\/11\/IMG_1966-510x680-1.jpg\",\"width\":510,\"height\":680},{\"@type\":\"BreadcrumbList\",\"@id\":\"https:\/\/www.cerakotesa.com\/product\/se-3000-sata-minijet-with-aluminium-cup\/#breadcrumb\",\"itemListElement\":[{\"@type\":\"ListItem\",\"position\":1,\"name\":\"Home\",\"item\":\"https:\/\/www.cerakotesa.com\/\"},{\"@type\":\"ListItem\",\"position\":2,\"name\":\"Products\",\"item\":\"https:\/\/www.cerakotesa.com\/shop\/\"},{\"@type\":\"ListItem\",\"position\":3,\"name\":\"SATA Minijet With Aluminium Cup SE-3000\"}]},{\"@type\":\"WebSite\",\"@id\":\"https:\/\/www.cerakotesa.com\/#website\",\"url\":\"https:\/\/www.cerakotesa.com\/\",\"name\":\"Cerakote South Africa\",\"description\":\"Cerakote is a global leader in the manufacturing of thin-film protective ceramic coatings\",\"potentialAction\":[{\"@type\":\"SearchAction\",\"target\":{\"@type\":\"EntryPoint\",\"urlTemplate\":\"https:\/\/www.cerakotesa.com\/?s={search_term_string}\"},\"query-input\":{\"@type\":\"PropertyValueSpecification\",\"valueRequired\":true,\"valueName\":\"search_term_string\"}}],\"inLanguage\":\"fr-FR\"}]}<\/script>\n<!-- \/ Yoast SEO plugin. -->","yoast_head_json":{"title":"SATA Minijet With Aluminium Cup SE-3000 - Cerakote South Africa","robots":{"index":"index","follow":"follow","max-snippet":"max-snippet:-1","max-image-preview":"max-image-preview:large","max-video-preview":"max-video-preview:-1"},"canonical":"https:\/\/www.cerakotesa.com\/fr\/produit\/se-3000-sata-minijet-with-aluminium-cup\/","og_locale":"fr_FR","og_type":"article","og_title":"SATA Minijet With Aluminium Cup SE-3000 - Cerakote South Africa","og_description":"Introducing a collaboration between SATA UK and Cerakote EU!  For Cerakote application the SATA 3000 performs amazingly. So much so that we teamed up with SATA to bring it back exclusively for Cerakote customers with the addition of an aluminium cup.  The SATA Minijet 3000 HVLP includes:   0.8 tip size  ADAM 2 Mini digital gauge compatible (Gauge not included)  150ml Aluminium Pot that will fit Cerakote metal strainers  An adjustable spray pattern from either side of the gun to create round and full-fan.  CCS Colour Code System for quick and easy gun identification  Solid, quality build construction to ensure a long service life  The SATA 3000 minijet is a true workhorse that you can depend on, whilst still giving you high atomisation with outstanding control.","og_url":"https:\/\/www.cerakotesa.com\/fr\/produit\/se-3000-sata-minijet-with-aluminium-cup\/","og_site_name":"Cerakote South Africa","article_modified_time":"2025-08-26T07:52:49+00:00","og_image":[{"width":510,"height":680,"url":"https:\/\/www.cerakotesa.com\/wp-content\/uploads\/2022\/11\/IMG_1966-510x680-1.jpg","type":"image\/jpeg"}],"twitter_card":"summary_large_image","schema":{"@context":"https:\/\/schema.org","@graph":[{"@type":"WebPage","@id":"https:\/\/www.cerakotesa.com\/product\/se-3000-sata-minijet-with-aluminium-cup\/","url":"https:\/\/www.cerakotesa.com\/product\/se-3000-sata-minijet-with-aluminium-cup\/","name":"SATA Minijet With Aluminium Cup SE-3000 - Cerakote South Africa","isPartOf":{"@id":"https:\/\/www.cerakotesa.com\/#website"},"primaryImageOfPage":{"@id":"https:\/\/www.cerakotesa.com\/product\/se-3000-sata-minijet-with-aluminium-cup\/#primaryimage"},"image":{"@id":"https:\/\/www.cerakotesa.com\/product\/se-3000-sata-minijet-with-aluminium-cup\/#primaryimage"},"thumbnailUrl":"https:\/\/www.cerakotesa.com\/wp-content\/uploads\/2022\/11\/IMG_1966-510x680-1.jpg","datePublished":"2022-11-22T17:31:29+00:00","dateModified":"2025-08-26T07:52:49+00:00","breadcrumb":{"@id":"https:\/\/www.cerakotesa.com\/product\/se-3000-sata-minijet-with-aluminium-cup\/#breadcrumb"},"inLanguage":"fr-FR","potentialAction":[{"@type":"ReadAction","target":["https:\/\/www.cerakotesa.com\/product\/se-3000-sata-minijet-with-aluminium-cup\/"]}]},{"@type":"ImageObject","inLanguage":"fr-FR","@id":"https:\/\/www.cerakotesa.com\/product\/se-3000-sata-minijet-with-aluminium-cup\/#primaryimage","url":"https:\/\/www.cerakotesa.com\/wp-content\/uploads\/2022\/11\/IMG_1966-510x680-1.jpg","contentUrl":"https:\/\/www.cerakotesa.com\/wp-content\/uploads\/2022\/11\/IMG_1966-510x680-1.jpg","width":510,"height":680},{"@type":"BreadcrumbList","@id":"https:\/\/www.cerakotesa.com\/product\/se-3000-sata-minijet-with-aluminium-cup\/#breadcrumb","itemListElement":[{"@type":"ListItem","position":1,"name":"Home","item":"https:\/\/www.cerakotesa.com\/"},{"@type":"ListItem","position":2,"name":"Products","item":"https:\/\/www.cerakotesa.com\/shop\/"},{"@type":"ListItem","position":3,"name":"SATA Minijet With Aluminium Cup SE-3000"}]},{"@type":"WebSite","@id":"https:\/\/www.cerakotesa.com\/#website","url":"https:\/\/www.cerakotesa.com\/","name":"Cerakote South Africa","description":"Cerakote est un leader mondial dans la fabrication de rev\u00eatements c\u00e9ramiques protecteurs en couches minces.","potentialAction":[{"@type":"SearchAction","target":{"@type":"EntryPoint","urlTemplate":"https:\/\/www.cerakotesa.com\/?s={search_term_string}"},"query-input":{"@type":"PropertyValueSpecification","valueRequired":true,"valueName":"search_term_string"}}],"inLanguage":"fr-FR"}]}},"acf":[],"_links":{"self":[{"href":"https:\/\/www.cerakotesa.com\/fr\/wp-json\/wp\/v2\/product\/12001","targetHints":{"allow":["GET"]}}],"collection":[{"href":"https:\/\/www.cerakotesa.com\/fr\/wp-json\/wp\/v2\/product"}],"about":[{"href":"https:\/\/www.cerakotesa.com\/fr\/wp-json\/wp\/v2\/types\/product"}],"replies":[{"embeddable":true,"href":"https:\/\/www.cerakotesa.com\/fr\/wp-json\/wp\/v2\/comments?post=12001"}],"wp:featuredmedia":[{"embeddable":true,"href":"https:\/\/www.cerakotesa.com\/fr\/wp-json\/wp\/v2\/media\/15929"}],"wp:attachment":[{"href":"https:\/\/www.cerakotesa.com\/fr\/wp-json\/wp\/v2\/media?parent=12001"}],"wp:term":[{"taxonomy":"product_brand","embeddable":true,"href":"https:\/\/www.cerakotesa.com\/fr\/wp-json\/wp\/v2\/product_brand?post=12001"},{"taxonomy":"product_cat","embeddable":true,"href":"https:\/\/www.cerakotesa.com\/fr\/wp-json\/wp\/v2\/product_cat?post=12001"},{"taxonomy":"product_tag","embeddable":true,"href":"https:\/\/www.cerakotesa.com\/fr\/wp-json\/wp\/v2\/product_tag?post=12001"}],"curies":[{"name":"wp","href":"https:\/\/api.w.org\/{rel}","templated":true}]}}