{"id":1356,"date":"2019-12-06T09:53:39","date_gmt":"2019-12-06T09:53:39","guid":{"rendered":"https:\/\/staging.cerakote.co.uk\/?post_type=product&#038;p=1356"},"modified":"2024-08-05T14:15:14","modified_gmt":"2024-08-05T14:15:14","slug":"piston-coat-v-136","status":"publish","type":"product","link":"https:\/\/www.cerakotesa.com\/fr\/produit\/piston-coat-v-136\/","title":{"rendered":"Piston Coat V-136"},"content":{"rendered":"","protected":false},"excerpt":{"rendered":"<p class=\"description\">Cerakote V Series Piston Coat est un bronze\/or fonc\u00e9 \u00e0 l'aspect m\u00e9tallique doux. Il s'agit d'un rev\u00eatement c\u00e9ramique \u00e0 couche mince et barri\u00e8re thermique qui durcit au four et qui est con\u00e7u pour \u00eatre appliqu\u00e9 sur le dessus des pistons, sur le dessus des soupapes et sur la chambre de combustion d'une culasse.<\/p>\n<ul>\n<li><b>Substrats appropri\u00e9s :<\/b> Tous les m\u00e9taux ferreux et non ferreux.<\/li>\n<li>Tous les rev\u00eatements de la s\u00e9rie V sont en une seule partie, pr\u00eats \u00e0 \u00eatre pulv\u00e9ris\u00e9s.<\/li>\n<li>*REMARQUE : Ce produit ne n\u00e9cessite pas de catalyseur. Cette couleur n\u00e9cessite un <a href=\"https:\/\/www.cerakotesa.com\/shop\/equipment\/cerakote-in-cup-100-mesh-strainer-150-micron-se-275\/\">Filtre de 100 mailles<\/a> (SE-275).<\/li>\n<\/ul>\n<p class=\"description\">Les rev\u00eatements c\u00e9ramiques Cerakote de la s\u00e9rie V sont les leaders incontest\u00e9s des rev\u00eatements en couches minces \u00e0 haute temp\u00e9rature, capables de r\u00e9sister \u00e0 des temp\u00e9ratures allant jusqu'\u00e0 1 800\u00b0F. Les rev\u00eatements de la s\u00e9rie V offrent des performances in\u00e9gal\u00e9es \u00e0 haute temp\u00e9rature, tout en pr\u00e9sentant une r\u00e9sistance chimique, une durabilit\u00e9 et une esth\u00e9tique excellentes. Les rev\u00eatements Cerakote de la s\u00e9rie V reposent sur une technologie unique de c\u00e9ramique inorganique qui conf\u00e8re \u00e0 la fois des performances \u00e0 haute temp\u00e9rature et une excellente stabilit\u00e9 physique. Gr\u00e2ce \u00e0 la chimie inorganique, les rev\u00eatements de la s\u00e9rie V sont 100% stables aux UV et ne se d\u00e9colorent pas. Pour plus d'informations, consultez notre fiche technique (TDS).<\/p>","protected":false},"featured_media":6129,"comment_status":"closed","ping_status":"closed","template":"","meta":{"_acf_changed":false},"product_brand":[],"product_cat":[72,524],"product_tag":[258,31,93,532,533,526],"class_list":{"0":"post-1356","1":"product","2":"type-product","3":"status-publish","4":"has-post-thumbnail","6":"product_cat-specialty-coatings","7":"product_cat-v-series","8":"product_tag-bronze","9":"product_tag-brown","10":"product_tag-gold","11":"product_tag-piston-coat","12":"product_tag-v-136","13":"product_tag-v-series","14":"product_shipping_class-flat-rate","16":"first","17":"instock","18":"taxable","19":"shipping-taxable","20":"product-type-variable"},"yoast_head":"<!-- This site is optimized with the Yoast SEO plugin v26.7 - https:\/\/yoast.com\/wordpress\/plugins\/seo\/ -->\n<title>Piston Coat V-136 - Cerakote South Africa<\/title>\n<meta name=\"robots\" content=\"index, follow, max-snippet:-1, max-image-preview:large, max-video-preview:-1\" \/>\n<link rel=\"canonical\" href=\"https:\/\/www.cerakotesa.com\/fr\/produit\/piston-coat-v-136\/\" \/>\n<meta property=\"og:locale\" content=\"fr_FR\" \/>\n<meta property=\"og:type\" content=\"article\" \/>\n<meta property=\"og:title\" content=\"Piston Coat V-136 - Cerakote South Africa\" \/>\n<meta property=\"og:description\" content=\"Cerakote V Series Piston Coat is a dark bronze\/gold with a soft metallic look. It is an oven cure ceramic thin film thermal barrier coating designed to be applied on the top of pistons, on the top of valves, and the combustion chamber on a cylinder head.    Suitable Substrates: All ferrous and non-ferrous metals.  All V Series coatings are one-part, ready to spray.  *NOTE: This product does not require catalyst. This color does require a 100 Mesh Strainer (SE-275).  Cerakote V Series ceramic coatings are the unrivaled leader in high temperature thin film performance coatings, capable of temperatures up to 1800\u00b0F. V Series coatings provide unmatched high temperature performance, while providing excellent chemical resistance, durability, and aesthetics. The foundation for Cerakote V Series coatings is a unique inorganic ceramic technology that imparts both high temperature performance and excellent physical stability. Due to the inorganic chemistry, V series coatings are 100% UV stable and will not fade. For more information, see our Technical Data Sheet (TDS).\" \/>\n<meta property=\"og:url\" content=\"https:\/\/www.cerakotesa.com\/fr\/produit\/piston-coat-v-136\/\" \/>\n<meta property=\"og:site_name\" content=\"Cerakote South Africa\" \/>\n<meta property=\"article:modified_time\" content=\"2024-08-05T14:15:14+00:00\" \/>\n<meta property=\"og:image\" content=\"https:\/\/www.cerakotesa.com\/wp-content\/uploads\/2019\/12\/V-136-1.jpg\" \/>\n\t<meta property=\"og:image:width\" content=\"800\" \/>\n\t<meta property=\"og:image:height\" content=\"800\" \/>\n\t<meta property=\"og:image:type\" content=\"image\/jpeg\" \/>\n<meta name=\"twitter:card\" content=\"summary_large_image\" \/>\n<script type=\"application\/ld+json\" class=\"yoast-schema-graph\">{\"@context\":\"https:\/\/schema.org\",\"@graph\":[{\"@type\":\"WebPage\",\"@id\":\"https:\/\/www.cerakotesa.com\/product\/piston-coat-v-136\/\",\"url\":\"https:\/\/www.cerakotesa.com\/product\/piston-coat-v-136\/\",\"name\":\"Piston Coat V-136 - Cerakote South Africa\",\"isPartOf\":{\"@id\":\"https:\/\/www.cerakotesa.com\/#website\"},\"primaryImageOfPage\":{\"@id\":\"https:\/\/www.cerakotesa.com\/product\/piston-coat-v-136\/#primaryimage\"},\"image\":{\"@id\":\"https:\/\/www.cerakotesa.com\/product\/piston-coat-v-136\/#primaryimage\"},\"thumbnailUrl\":\"https:\/\/www.cerakotesa.com\/wp-content\/uploads\/2019\/12\/V-136-1.jpg\",\"datePublished\":\"2019-12-06T09:53:39+00:00\",\"dateModified\":\"2024-08-05T14:15:14+00:00\",\"breadcrumb\":{\"@id\":\"https:\/\/www.cerakotesa.com\/product\/piston-coat-v-136\/#breadcrumb\"},\"inLanguage\":\"fr-FR\",\"potentialAction\":[{\"@type\":\"ReadAction\",\"target\":[\"https:\/\/www.cerakotesa.com\/product\/piston-coat-v-136\/\"]}]},{\"@type\":\"ImageObject\",\"inLanguage\":\"fr-FR\",\"@id\":\"https:\/\/www.cerakotesa.com\/product\/piston-coat-v-136\/#primaryimage\",\"url\":\"https:\/\/www.cerakotesa.com\/wp-content\/uploads\/2019\/12\/V-136-1.jpg\",\"contentUrl\":\"https:\/\/www.cerakotesa.com\/wp-content\/uploads\/2019\/12\/V-136-1.jpg\",\"width\":800,\"height\":800},{\"@type\":\"BreadcrumbList\",\"@id\":\"https:\/\/www.cerakotesa.com\/product\/piston-coat-v-136\/#breadcrumb\",\"itemListElement\":[{\"@type\":\"ListItem\",\"position\":1,\"name\":\"Home\",\"item\":\"https:\/\/www.cerakotesa.com\/\"},{\"@type\":\"ListItem\",\"position\":2,\"name\":\"Products\",\"item\":\"https:\/\/www.cerakotesa.com\/shop\/\"},{\"@type\":\"ListItem\",\"position\":3,\"name\":\"Piston Coat V-136\"}]},{\"@type\":\"WebSite\",\"@id\":\"https:\/\/www.cerakotesa.com\/#website\",\"url\":\"https:\/\/www.cerakotesa.com\/\",\"name\":\"Cerakote South Africa\",\"description\":\"Cerakote is a global leader in the manufacturing of thin-film protective ceramic coatings\",\"potentialAction\":[{\"@type\":\"SearchAction\",\"target\":{\"@type\":\"EntryPoint\",\"urlTemplate\":\"https:\/\/www.cerakotesa.com\/?s={search_term_string}\"},\"query-input\":{\"@type\":\"PropertyValueSpecification\",\"valueRequired\":true,\"valueName\":\"search_term_string\"}}],\"inLanguage\":\"fr-FR\"}]}<\/script>\n<!-- \/ Yoast SEO plugin. -->","yoast_head_json":{"title":"Piston Coat V-136 - Cerakote South Africa","robots":{"index":"index","follow":"follow","max-snippet":"max-snippet:-1","max-image-preview":"max-image-preview:large","max-video-preview":"max-video-preview:-1"},"canonical":"https:\/\/www.cerakotesa.com\/fr\/produit\/piston-coat-v-136\/","og_locale":"fr_FR","og_type":"article","og_title":"Piston Coat V-136 - Cerakote South Africa","og_description":"Cerakote V Series Piston Coat is a dark bronze\/gold with a soft metallic look. It is an oven cure ceramic thin film thermal barrier coating designed to be applied on the top of pistons, on the top of valves, and the combustion chamber on a cylinder head.    Suitable Substrates: All ferrous and non-ferrous metals.  All V Series coatings are one-part, ready to spray.  *NOTE: This product does not require catalyst. This color does require a 100 Mesh Strainer (SE-275).  Cerakote V Series ceramic coatings are the unrivaled leader in high temperature thin film performance coatings, capable of temperatures up to 1800\u00b0F. V Series coatings provide unmatched high temperature performance, while providing excellent chemical resistance, durability, and aesthetics. The foundation for Cerakote V Series coatings is a unique inorganic ceramic technology that imparts both high temperature performance and excellent physical stability. Due to the inorganic chemistry, V series coatings are 100% UV stable and will not fade. For more information, see our Technical Data Sheet (TDS).","og_url":"https:\/\/www.cerakotesa.com\/fr\/produit\/piston-coat-v-136\/","og_site_name":"Cerakote South Africa","article_modified_time":"2024-08-05T14:15:14+00:00","og_image":[{"width":800,"height":800,"url":"https:\/\/www.cerakotesa.com\/wp-content\/uploads\/2019\/12\/V-136-1.jpg","type":"image\/jpeg"}],"twitter_card":"summary_large_image","schema":{"@context":"https:\/\/schema.org","@graph":[{"@type":"WebPage","@id":"https:\/\/www.cerakotesa.com\/product\/piston-coat-v-136\/","url":"https:\/\/www.cerakotesa.com\/product\/piston-coat-v-136\/","name":"Piston Coat V-136 - Cerakote South Africa","isPartOf":{"@id":"https:\/\/www.cerakotesa.com\/#website"},"primaryImageOfPage":{"@id":"https:\/\/www.cerakotesa.com\/product\/piston-coat-v-136\/#primaryimage"},"image":{"@id":"https:\/\/www.cerakotesa.com\/product\/piston-coat-v-136\/#primaryimage"},"thumbnailUrl":"https:\/\/www.cerakotesa.com\/wp-content\/uploads\/2019\/12\/V-136-1.jpg","datePublished":"2019-12-06T09:53:39+00:00","dateModified":"2024-08-05T14:15:14+00:00","breadcrumb":{"@id":"https:\/\/www.cerakotesa.com\/product\/piston-coat-v-136\/#breadcrumb"},"inLanguage":"fr-FR","potentialAction":[{"@type":"ReadAction","target":["https:\/\/www.cerakotesa.com\/product\/piston-coat-v-136\/"]}]},{"@type":"ImageObject","inLanguage":"fr-FR","@id":"https:\/\/www.cerakotesa.com\/product\/piston-coat-v-136\/#primaryimage","url":"https:\/\/www.cerakotesa.com\/wp-content\/uploads\/2019\/12\/V-136-1.jpg","contentUrl":"https:\/\/www.cerakotesa.com\/wp-content\/uploads\/2019\/12\/V-136-1.jpg","width":800,"height":800},{"@type":"BreadcrumbList","@id":"https:\/\/www.cerakotesa.com\/product\/piston-coat-v-136\/#breadcrumb","itemListElement":[{"@type":"ListItem","position":1,"name":"Home","item":"https:\/\/www.cerakotesa.com\/"},{"@type":"ListItem","position":2,"name":"Products","item":"https:\/\/www.cerakotesa.com\/shop\/"},{"@type":"ListItem","position":3,"name":"Piston Coat V-136"}]},{"@type":"WebSite","@id":"https:\/\/www.cerakotesa.com\/#website","url":"https:\/\/www.cerakotesa.com\/","name":"Cerakote South Africa","description":"Cerakote est un leader mondial dans la fabrication de rev\u00eatements c\u00e9ramiques protecteurs en couches minces.","potentialAction":[{"@type":"SearchAction","target":{"@type":"EntryPoint","urlTemplate":"https:\/\/www.cerakotesa.com\/?s={search_term_string}"},"query-input":{"@type":"PropertyValueSpecification","valueRequired":true,"valueName":"search_term_string"}}],"inLanguage":"fr-FR"}]}},"acf":[],"_links":{"self":[{"href":"https:\/\/www.cerakotesa.com\/fr\/wp-json\/wp\/v2\/product\/1356","targetHints":{"allow":["GET"]}}],"collection":[{"href":"https:\/\/www.cerakotesa.com\/fr\/wp-json\/wp\/v2\/product"}],"about":[{"href":"https:\/\/www.cerakotesa.com\/fr\/wp-json\/wp\/v2\/types\/product"}],"replies":[{"embeddable":true,"href":"https:\/\/www.cerakotesa.com\/fr\/wp-json\/wp\/v2\/comments?post=1356"}],"wp:featuredmedia":[{"embeddable":true,"href":"https:\/\/www.cerakotesa.com\/fr\/wp-json\/wp\/v2\/media\/6129"}],"wp:attachment":[{"href":"https:\/\/www.cerakotesa.com\/fr\/wp-json\/wp\/v2\/media?parent=1356"}],"wp:term":[{"taxonomy":"product_brand","embeddable":true,"href":"https:\/\/www.cerakotesa.com\/fr\/wp-json\/wp\/v2\/product_brand?post=1356"},{"taxonomy":"product_cat","embeddable":true,"href":"https:\/\/www.cerakotesa.com\/fr\/wp-json\/wp\/v2\/product_cat?post=1356"},{"taxonomy":"product_tag","embeddable":true,"href":"https:\/\/www.cerakotesa.com\/fr\/wp-json\/wp\/v2\/product_tag?post=1356"}],"curies":[{"name":"wp","href":"https:\/\/api.w.org\/{rel}","templated":true}]}}