{"id":1417,"date":"2019-12-06T11:57:24","date_gmt":"2019-12-06T11:57:24","guid":{"rendered":"https:\/\/staging.cerakote.co.uk\/?post_type=product&#038;p=1417"},"modified":"2025-01-15T16:56:07","modified_gmt":"2025-01-15T16:56:07","slug":"matte-ceramic-clear-mc-157","status":"publish","type":"product","link":"https:\/\/www.cerakotesa.com\/fr\/produit\/matte-ceramic-clear-mc-157\/","title":{"rendered":"Matte Ceramic Clear MC-157"},"content":{"rendered":"","protected":false},"excerpt":{"rendered":"<p class=\"description\">Les vernis c\u00e9ramiques Cerakote sont les vernis les plus r\u00e9sistants du march\u00e9. Cerakote Matte Ceramic Clear (MC-157) est une version \u00e0 plus faible viscosit\u00e9 de notre MC-160 et peut \u00eatre appliqu\u00e9 \u00e0 des \u00e9paisseurs de film plus faibles (.25 mil) lorsque la tol\u00e9rance est critique. Cerakote MC-157 est le produit le plus dur, le plus r\u00e9sistant aux produits chimiques, le plus r\u00e9sistant \u00e0 l'usure et le plus stable aux UV. En tant que rev\u00eatement c\u00e9ramique mat, durci \u00e0 l'air, MC-157 peut \u00eatre utilis\u00e9 comme couche de finition sur plusieurs mat\u00e9riaux tels que les m\u00e9taux, les peintures, les composites, les plastiques, l'hydrographie, le PVD et bien d'autres. <a href=\"https:\/\/www.cerakotesa.com\/wp-content\/uploads\/2020\/08\/choose-the-right-clear-for-your-application-dt20200220002748586.pdf\">Cliquez ici<\/a> pour \u00eatre s\u00fbr d'utiliser le meilleur produit Cerakote Clear pour votre projet.<\/p>\n<ul>\n<li style=\"list-style-type: none;\">\n<ul>\n<li>Stabilit\u00e9 thermique jusqu'\u00e0 150\u00b0C<\/li>\n<\/ul>\n<\/li>\n<\/ul>\n<ul>\n<li style=\"list-style-type: none;\">\n<ul>\n<li>Facilit\u00e9 d'application<\/li>\n<\/ul>\n<\/li>\n<\/ul>\n<ul>\n<li style=\"list-style-type: none;\">\n<ul>\n<li>Exempt de COV et peut \u00eatre pulv\u00e9ris\u00e9 dans les 50 \u00e9tats am\u00e9ricains.<\/li>\n<\/ul>\n<\/li>\n<\/ul>\n<ul>\n<li style=\"list-style-type: none;\">\n<ul>\n<li>Pas d'adh\u00e9rence au bout de 40 minutes<\/li>\n<\/ul>\n<\/li>\n<\/ul>\n<ul>\n<li style=\"list-style-type: none;\">\n<ul>\n<li>Sec apr\u00e8s 24 heures (durcissement complet apr\u00e8s 5 jours)<\/li>\n<\/ul>\n<\/li>\n<\/ul>\n<ul>\n<li style=\"list-style-type: none;\">\n<ul>\n<li>Ce rev\u00eatement excelle dans les applications ext\u00e9rieures<\/li>\n<\/ul>\n<\/li>\n<\/ul>\n<ul>\n<li style=\"list-style-type: none;\">\n<ul>\n<li>La formulation inorganique 100% est totalement stable aux UV. Ne jaunit pas et ne se voile pas.<\/li>\n<\/ul>\n<\/li>\n<\/ul>\n<p>*REMARQUE : Ce produit ne n\u00e9cessite pas de catalyseur. Cette couleur n\u00e9cessite un <a href=\"https:\/\/www.cerakotesa.com\/shop\/equipment\/cerakote-in-cup-100-mesh-strainer-150-micron-se-275\/\">Filtre de 100 mailles (SE-275)<\/a>. Ne pas stocker ce produit \u00e0 la lumi\u00e8re du soleil. V\u00e9rifier les\u00a0<a href=\"https:\/\/www.cerakotesa.com\/documents\/\" target=\"_blank\" rel=\"noopener noreferrer\">Section des ressources<\/a>\u00a0pour obtenir des guides d'application des produits, des fiches techniques et des informations sur les fiches de donn\u00e9es de s\u00e9curit\u00e9.<\/p>","protected":false},"featured_media":4701,"comment_status":"closed","ping_status":"closed","template":"","meta":{"_acf_changed":false},"product_brand":[],"product_cat":[548],"product_tag":[545,551,552,547],"class_list":{"0":"post-1417","1":"product","2":"type-product","3":"status-publish","4":"has-post-thumbnail","6":"product_cat-performance-clears","7":"product_tag-clear-coat","8":"product_tag-matte-ceramic-clear","9":"product_tag-mc-157","10":"product_tag-performance-clear","11":"product_shipping_class-flat-rate","13":"first","14":"instock","15":"taxable","16":"shipping-taxable","17":"product-type-variable"},"yoast_head":"<!-- This site is optimized with the Yoast SEO plugin v26.7 - https:\/\/yoast.com\/wordpress\/plugins\/seo\/ -->\n<title>Matte Ceramic Clear MC-157 - Cerakote South Africa<\/title>\n<meta name=\"robots\" content=\"index, follow, max-snippet:-1, max-image-preview:large, max-video-preview:-1\" \/>\n<link rel=\"canonical\" href=\"https:\/\/www.cerakotesa.com\/fr\/produit\/matte-ceramic-clear-mc-157\/\" \/>\n<meta property=\"og:locale\" content=\"fr_FR\" \/>\n<meta property=\"og:type\" content=\"article\" \/>\n<meta property=\"og:title\" content=\"Matte Ceramic Clear MC-157 - Cerakote South Africa\" \/>\n<meta property=\"og:description\" content=\"Cerakote Ceramic Clears are the strongest clear coats on the market. Cerakote Matte Ceramic Clear (MC-157) is a lower viscosity version of our MC-160 and can be applied at lower film thicknesses (.25 mil) where tolerance is critical. Cerakote MC-157 leads the industry in hardness, chemical resistance, wear performance and UV stability. As a matte, air cured, ceramic clear coating, MC-157 can be used as a top coat over several materials such as metals, paints, composites, plastics, hydrographics, PVD and more. Click here to be sure you&#039;re using the best Cerakote Clear for your project.       Thermal stability to 150\u00b0C         Ease of application         VOC exempt and can be sprayed in all 50 states         Tack free at 40 minutes         Dry after 24-hours (full cure after 5 days)         This coating excels in outdoor applications         100% Inorganic Formulation is completely UV stable. Will not yellow or haze.    *NOTE: This product does not require catalyst. This colour does require a 100 Mesh Strainer (SE-275). Do not store this product in sunlight. Check out the\u00a0Resources section\u00a0for product application guides, technical data sheets and MSDS information.\" \/>\n<meta property=\"og:url\" content=\"https:\/\/www.cerakotesa.com\/fr\/produit\/matte-ceramic-clear-mc-157\/\" \/>\n<meta property=\"og:site_name\" content=\"Cerakote South Africa\" \/>\n<meta property=\"article:modified_time\" content=\"2025-01-15T16:56:07+00:00\" \/>\n<meta property=\"og:image\" content=\"https:\/\/www.cerakotesa.com\/wp-content\/uploads\/2019\/12\/MATTE-CLEAR.jpg\" \/>\n\t<meta property=\"og:image:width\" content=\"800\" \/>\n\t<meta property=\"og:image:height\" content=\"800\" \/>\n\t<meta property=\"og:image:type\" content=\"image\/jpeg\" \/>\n<meta name=\"twitter:card\" content=\"summary_large_image\" \/>\n<meta name=\"twitter:label1\" content=\"Dur\u00e9e de lecture estim\u00e9e\" \/>\n\t<meta name=\"twitter:data1\" content=\"1 minute\" \/>\n<script type=\"application\/ld+json\" class=\"yoast-schema-graph\">{\"@context\":\"https:\/\/schema.org\",\"@graph\":[{\"@type\":\"WebPage\",\"@id\":\"https:\/\/www.cerakotesa.com\/product\/matte-ceramic-clear-mc-157\/\",\"url\":\"https:\/\/www.cerakotesa.com\/product\/matte-ceramic-clear-mc-157\/\",\"name\":\"Matte Ceramic Clear MC-157 - Cerakote South Africa\",\"isPartOf\":{\"@id\":\"https:\/\/www.cerakotesa.com\/#website\"},\"primaryImageOfPage\":{\"@id\":\"https:\/\/www.cerakotesa.com\/product\/matte-ceramic-clear-mc-157\/#primaryimage\"},\"image\":{\"@id\":\"https:\/\/www.cerakotesa.com\/product\/matte-ceramic-clear-mc-157\/#primaryimage\"},\"thumbnailUrl\":\"https:\/\/www.cerakotesa.com\/wp-content\/uploads\/2019\/12\/MATTE-CLEAR.jpg\",\"datePublished\":\"2019-12-06T11:57:24+00:00\",\"dateModified\":\"2025-01-15T16:56:07+00:00\",\"breadcrumb\":{\"@id\":\"https:\/\/www.cerakotesa.com\/product\/matte-ceramic-clear-mc-157\/#breadcrumb\"},\"inLanguage\":\"fr-FR\",\"potentialAction\":[{\"@type\":\"ReadAction\",\"target\":[\"https:\/\/www.cerakotesa.com\/product\/matte-ceramic-clear-mc-157\/\"]}]},{\"@type\":\"ImageObject\",\"inLanguage\":\"fr-FR\",\"@id\":\"https:\/\/www.cerakotesa.com\/product\/matte-ceramic-clear-mc-157\/#primaryimage\",\"url\":\"https:\/\/www.cerakotesa.com\/wp-content\/uploads\/2019\/12\/MATTE-CLEAR.jpg\",\"contentUrl\":\"https:\/\/www.cerakotesa.com\/wp-content\/uploads\/2019\/12\/MATTE-CLEAR.jpg\",\"width\":800,\"height\":800},{\"@type\":\"BreadcrumbList\",\"@id\":\"https:\/\/www.cerakotesa.com\/product\/matte-ceramic-clear-mc-157\/#breadcrumb\",\"itemListElement\":[{\"@type\":\"ListItem\",\"position\":1,\"name\":\"Home\",\"item\":\"https:\/\/www.cerakotesa.com\/\"},{\"@type\":\"ListItem\",\"position\":2,\"name\":\"Products\",\"item\":\"https:\/\/www.cerakotesa.com\/shop\/\"},{\"@type\":\"ListItem\",\"position\":3,\"name\":\"Matte Ceramic Clear MC-157\"}]},{\"@type\":\"WebSite\",\"@id\":\"https:\/\/www.cerakotesa.com\/#website\",\"url\":\"https:\/\/www.cerakotesa.com\/\",\"name\":\"Cerakote South Africa\",\"description\":\"Cerakote is a global leader in the manufacturing of thin-film protective ceramic coatings\",\"potentialAction\":[{\"@type\":\"SearchAction\",\"target\":{\"@type\":\"EntryPoint\",\"urlTemplate\":\"https:\/\/www.cerakotesa.com\/?s={search_term_string}\"},\"query-input\":{\"@type\":\"PropertyValueSpecification\",\"valueRequired\":true,\"valueName\":\"search_term_string\"}}],\"inLanguage\":\"fr-FR\"}]}<\/script>\n<!-- \/ Yoast SEO plugin. -->","yoast_head_json":{"title":"Matte Ceramic Clear MC-157 - Cerakote South Africa","robots":{"index":"index","follow":"follow","max-snippet":"max-snippet:-1","max-image-preview":"max-image-preview:large","max-video-preview":"max-video-preview:-1"},"canonical":"https:\/\/www.cerakotesa.com\/fr\/produit\/matte-ceramic-clear-mc-157\/","og_locale":"fr_FR","og_type":"article","og_title":"Matte Ceramic Clear MC-157 - Cerakote South Africa","og_description":"Cerakote Ceramic Clears are the strongest clear coats on the market. Cerakote Matte Ceramic Clear (MC-157) is a lower viscosity version of our MC-160 and can be applied at lower film thicknesses (.25 mil) where tolerance is critical. Cerakote MC-157 leads the industry in hardness, chemical resistance, wear performance and UV stability. As a matte, air cured, ceramic clear coating, MC-157 can be used as a top coat over several materials such as metals, paints, composites, plastics, hydrographics, PVD and more. Click here to be sure you're using the best Cerakote Clear for your project.       Thermal stability to 150\u00b0C         Ease of application         VOC exempt and can be sprayed in all 50 states         Tack free at 40 minutes         Dry after 24-hours (full cure after 5 days)         This coating excels in outdoor applications         100% Inorganic Formulation is completely UV stable. Will not yellow or haze.    *NOTE: This product does not require catalyst. This colour does require a 100 Mesh Strainer (SE-275). Do not store this product in sunlight. Check out the\u00a0Resources section\u00a0for product application guides, technical data sheets and MSDS information.","og_url":"https:\/\/www.cerakotesa.com\/fr\/produit\/matte-ceramic-clear-mc-157\/","og_site_name":"Cerakote South Africa","article_modified_time":"2025-01-15T16:56:07+00:00","og_image":[{"width":800,"height":800,"url":"https:\/\/www.cerakotesa.com\/wp-content\/uploads\/2019\/12\/MATTE-CLEAR.jpg","type":"image\/jpeg"}],"twitter_card":"summary_large_image","twitter_misc":{"Dur\u00e9e de lecture estim\u00e9e":"1 minute"},"schema":{"@context":"https:\/\/schema.org","@graph":[{"@type":"WebPage","@id":"https:\/\/www.cerakotesa.com\/product\/matte-ceramic-clear-mc-157\/","url":"https:\/\/www.cerakotesa.com\/product\/matte-ceramic-clear-mc-157\/","name":"Matte Ceramic Clear MC-157 - Cerakote South Africa","isPartOf":{"@id":"https:\/\/www.cerakotesa.com\/#website"},"primaryImageOfPage":{"@id":"https:\/\/www.cerakotesa.com\/product\/matte-ceramic-clear-mc-157\/#primaryimage"},"image":{"@id":"https:\/\/www.cerakotesa.com\/product\/matte-ceramic-clear-mc-157\/#primaryimage"},"thumbnailUrl":"https:\/\/www.cerakotesa.com\/wp-content\/uploads\/2019\/12\/MATTE-CLEAR.jpg","datePublished":"2019-12-06T11:57:24+00:00","dateModified":"2025-01-15T16:56:07+00:00","breadcrumb":{"@id":"https:\/\/www.cerakotesa.com\/product\/matte-ceramic-clear-mc-157\/#breadcrumb"},"inLanguage":"fr-FR","potentialAction":[{"@type":"ReadAction","target":["https:\/\/www.cerakotesa.com\/product\/matte-ceramic-clear-mc-157\/"]}]},{"@type":"ImageObject","inLanguage":"fr-FR","@id":"https:\/\/www.cerakotesa.com\/product\/matte-ceramic-clear-mc-157\/#primaryimage","url":"https:\/\/www.cerakotesa.com\/wp-content\/uploads\/2019\/12\/MATTE-CLEAR.jpg","contentUrl":"https:\/\/www.cerakotesa.com\/wp-content\/uploads\/2019\/12\/MATTE-CLEAR.jpg","width":800,"height":800},{"@type":"BreadcrumbList","@id":"https:\/\/www.cerakotesa.com\/product\/matte-ceramic-clear-mc-157\/#breadcrumb","itemListElement":[{"@type":"ListItem","position":1,"name":"Home","item":"https:\/\/www.cerakotesa.com\/"},{"@type":"ListItem","position":2,"name":"Products","item":"https:\/\/www.cerakotesa.com\/shop\/"},{"@type":"ListItem","position":3,"name":"Matte Ceramic Clear MC-157"}]},{"@type":"WebSite","@id":"https:\/\/www.cerakotesa.com\/#website","url":"https:\/\/www.cerakotesa.com\/","name":"Cerakote South Africa","description":"Cerakote est un leader mondial dans la fabrication de rev\u00eatements c\u00e9ramiques protecteurs en couches minces.","potentialAction":[{"@type":"SearchAction","target":{"@type":"EntryPoint","urlTemplate":"https:\/\/www.cerakotesa.com\/?s={search_term_string}"},"query-input":{"@type":"PropertyValueSpecification","valueRequired":true,"valueName":"search_term_string"}}],"inLanguage":"fr-FR"}]}},"acf":[],"_links":{"self":[{"href":"https:\/\/www.cerakotesa.com\/fr\/wp-json\/wp\/v2\/product\/1417","targetHints":{"allow":["GET"]}}],"collection":[{"href":"https:\/\/www.cerakotesa.com\/fr\/wp-json\/wp\/v2\/product"}],"about":[{"href":"https:\/\/www.cerakotesa.com\/fr\/wp-json\/wp\/v2\/types\/product"}],"replies":[{"embeddable":true,"href":"https:\/\/www.cerakotesa.com\/fr\/wp-json\/wp\/v2\/comments?post=1417"}],"wp:featuredmedia":[{"embeddable":true,"href":"https:\/\/www.cerakotesa.com\/fr\/wp-json\/wp\/v2\/media\/4701"}],"wp:attachment":[{"href":"https:\/\/www.cerakotesa.com\/fr\/wp-json\/wp\/v2\/media?parent=1417"}],"wp:term":[{"taxonomy":"product_brand","embeddable":true,"href":"https:\/\/www.cerakotesa.com\/fr\/wp-json\/wp\/v2\/product_brand?post=1417"},{"taxonomy":"product_cat","embeddable":true,"href":"https:\/\/www.cerakotesa.com\/fr\/wp-json\/wp\/v2\/product_cat?post=1417"},{"taxonomy":"product_tag","embeddable":true,"href":"https:\/\/www.cerakotesa.com\/fr\/wp-json\/wp\/v2\/product_tag?post=1417"}],"curies":[{"name":"wp","href":"https:\/\/api.w.org\/{rel}","templated":true}]}}