{"id":1432,"date":"2019-12-06T12:09:01","date_gmt":"2019-12-06T12:09:01","guid":{"rendered":"https:\/\/staging.cerakote.co.uk\/?post_type=product&#038;p=1432"},"modified":"2024-08-05T13:54:06","modified_gmt":"2024-08-05T13:54:06","slug":"high-gloss-armor-clear-h-300","status":"publish","type":"product","link":"https:\/\/www.cerakotesa.com\/fr\/produit\/high-gloss-armor-clear-h-300\/","title":{"rendered":"Armor Clear haute brillance H-300"},"content":{"rendered":"","protected":false},"excerpt":{"rendered":"<p>Armor Clear \u00e0 haute brillance est le vernis \u00e0 s\u00e9chage au four le plus r\u00e9sistant du march\u00e9. Il s'agit d'un syst\u00e8me \u00e0 deux composants, durcissant au four, id\u00e9al pour les applications o\u00f9 le temps de durcissement est critique. Le vernis Armor Clear \u00e0 haute brillance est le plus performant de l'industrie en termes de duret\u00e9, de r\u00e9sistance chimique et d'usure. En tant que rev\u00eatement transparent c\u00e9ramique tr\u00e8s brillant, durci au four, il peut \u00eatre utilis\u00e9 comme couche de finition sur plusieurs mat\u00e9riaux tels que les m\u00e9taux, les composites, les plastiques, l'hydrographie, le PVD et bien d'autres encore. <a href=\"https:\/\/www.cerakotesa.com\/wp-content\/uploads\/2020\/08\/choose-the-right-clear-for-your-application-dt20200220002748586.pdf\" target=\"_blank\" rel=\"noopener\">Cliquez ici<\/a> pour \u00eatre s\u00fbr d'utiliser le meilleur produit Cerakote Clear pour votre projet.<\/p>\n<ul>\n<li>Stabilit\u00e9 de la couleur \u00e0 150\u00b0C<\/li>\n<li>Facilit\u00e9 d'application<\/li>\n<li>Conforme aux normes COV et peut \u00eatre pulv\u00e9ris\u00e9 dans les 50 \u00e9tats.<\/li>\n<li>Options de durcissement : 120\u00b0C pendant 2 heures<\/li>\n<li>Non recommand\u00e9 pour les applications ext\u00e9rieures \u00e0 long terme. Pour les applications ext\u00e9rieures \u00e0 long terme, voir nos rev\u00eatements transparents de la s\u00e9rie MC.<\/li>\n<\/ul>\n<p>*REMARQUE : ce produit est livr\u00e9 avec le catalyseur H-100 et n\u00e9cessite un <a href=\"https:\/\/www.cerakotesa.com\/product\/elite-series-325-mesh-strainer-44-micron-se-277\/\">Tamis 325 mesh (SE-277)<\/a>. Ne pas stocker ce produit \u00e0 la lumi\u00e8re du soleil. Les rev\u00eatements Cerakote de la s\u00e9rie H sont durables, r\u00e9sistants \u00e0 la corrosion et offrent des niveaux in\u00e9gal\u00e9s de duret\u00e9 et d'adh\u00e9rence. Ces rev\u00eatements sont \u00e9galement r\u00e9sistants \u00e0 la plupart des solvants et des produits chimiques. Les rev\u00eatements Cerakote de la s\u00e9rie H reposent sur une technologie c\u00e9ramique unique qui conf\u00e8re au rev\u00eatement final \u00e0 la fois souplesse et excellente r\u00e9sistance \u00e0 l'usure. D\u00e9couvrez les rev\u00eatements de la s\u00e9rie H de Cerakote <a href=\"https:\/\/www.cerakotesa.com\/documents\/\" target=\"_blank\" rel=\"noopener noreferrer\">Section des ressources<\/a> pour obtenir des guides d'application des produits, des fiches techniques et des informations sur les fiches de donn\u00e9es de s\u00e9curit\u00e9.<\/p>","protected":false},"featured_media":4702,"comment_status":"closed","ping_status":"closed","template":"","meta":{"_acf_changed":false},"product_brand":[],"product_cat":[548],"product_tag":[545,555,556,547],"class_list":{"0":"post-1432","1":"product","2":"type-product","3":"status-publish","4":"has-post-thumbnail","6":"product_cat-performance-clears","7":"product_tag-clear-coat","8":"product_tag-h-300","9":"product_tag-high-gloss-armor-clear","10":"product_tag-performance-clear","11":"product_shipping_class-flat-rate","13":"first","14":"instock","15":"taxable","16":"shipping-taxable","17":"product-type-variable"},"yoast_head":"<!-- This site is optimized with the Yoast SEO plugin v26.7 - https:\/\/yoast.com\/wordpress\/plugins\/seo\/ -->\n<title>High Gloss Armor Clear H-300 - Cerakote South Africa<\/title>\n<meta name=\"robots\" content=\"index, follow, max-snippet:-1, max-image-preview:large, max-video-preview:-1\" \/>\n<link rel=\"canonical\" href=\"https:\/\/www.cerakotesa.com\/fr\/produit\/high-gloss-armor-clear-h-300\/\" \/>\n<meta property=\"og:locale\" content=\"fr_FR\" \/>\n<meta property=\"og:type\" content=\"article\" \/>\n<meta property=\"og:title\" content=\"High Gloss Armor Clear H-300 - Cerakote South Africa\" \/>\n<meta property=\"og:description\" content=\"High Gloss Armor Clear is the strongest oven cured clear coat on the market. It is a two-component, oven-cure system that is ideal for applications where cure time is critical. High Gloss Armor Clear leads the industry in hardness, chemical resistance and wear performance. As a high gloss, oven cured, ceramic clear coating, it can be used as a top coat over several materials such as metals, composites, plastics, hydrographics, PVD and more. Click here to be sure you&#039;re using the best Cerakote Clear for your project.   Color stability to 150\u00b0C  Ease of application  VOC compliant and can be sprayed in all 50 states  Cure Schedule Options: 120\u00b0C for 2 hours  Not recommended for long term exterior application. For long term exterior applications, see our MC Series Clear Coatings.  *NOTE: This product comes with H-100 catalyst and requires a 325 Mesh Strainer (SE-277). Do not store this product in sunlight. Cerakote H Series coatings are durable, corrosion-resistant, and provide unparalleled levels of hardness and adhesion. These coatings are also resistant to most solvents and chemicals. The foundation for Cerakote H Series coatings is a unique ceramic technology that imparts both flexibility and excellent wear resistance to the final coating. Check out the Resources section for product application guides, technical data sheets and MSDS information.\" \/>\n<meta property=\"og:url\" content=\"https:\/\/www.cerakotesa.com\/fr\/produit\/high-gloss-armor-clear-h-300\/\" \/>\n<meta property=\"og:site_name\" content=\"Cerakote South Africa\" \/>\n<meta property=\"article:modified_time\" content=\"2024-08-05T13:54:06+00:00\" \/>\n<meta property=\"og:image\" content=\"https:\/\/www.cerakotesa.com\/wp-content\/uploads\/2019\/12\/GLOSS-CLEAR.jpg\" \/>\n\t<meta property=\"og:image:width\" content=\"800\" \/>\n\t<meta property=\"og:image:height\" content=\"800\" \/>\n\t<meta property=\"og:image:type\" content=\"image\/jpeg\" \/>\n<meta name=\"twitter:card\" content=\"summary_large_image\" \/>\n<script type=\"application\/ld+json\" class=\"yoast-schema-graph\">{\"@context\":\"https:\/\/schema.org\",\"@graph\":[{\"@type\":\"WebPage\",\"@id\":\"https:\/\/www.cerakotesa.com\/product\/high-gloss-armor-clear-h-300\/\",\"url\":\"https:\/\/www.cerakotesa.com\/product\/high-gloss-armor-clear-h-300\/\",\"name\":\"High Gloss Armor Clear H-300 - Cerakote South Africa\",\"isPartOf\":{\"@id\":\"https:\/\/www.cerakotesa.com\/#website\"},\"primaryImageOfPage\":{\"@id\":\"https:\/\/www.cerakotesa.com\/product\/high-gloss-armor-clear-h-300\/#primaryimage\"},\"image\":{\"@id\":\"https:\/\/www.cerakotesa.com\/product\/high-gloss-armor-clear-h-300\/#primaryimage\"},\"thumbnailUrl\":\"https:\/\/www.cerakotesa.com\/wp-content\/uploads\/2019\/12\/GLOSS-CLEAR.jpg\",\"datePublished\":\"2019-12-06T12:09:01+00:00\",\"dateModified\":\"2024-08-05T13:54:06+00:00\",\"breadcrumb\":{\"@id\":\"https:\/\/www.cerakotesa.com\/product\/high-gloss-armor-clear-h-300\/#breadcrumb\"},\"inLanguage\":\"fr-FR\",\"potentialAction\":[{\"@type\":\"ReadAction\",\"target\":[\"https:\/\/www.cerakotesa.com\/product\/high-gloss-armor-clear-h-300\/\"]}]},{\"@type\":\"ImageObject\",\"inLanguage\":\"fr-FR\",\"@id\":\"https:\/\/www.cerakotesa.com\/product\/high-gloss-armor-clear-h-300\/#primaryimage\",\"url\":\"https:\/\/www.cerakotesa.com\/wp-content\/uploads\/2019\/12\/GLOSS-CLEAR.jpg\",\"contentUrl\":\"https:\/\/www.cerakotesa.com\/wp-content\/uploads\/2019\/12\/GLOSS-CLEAR.jpg\",\"width\":800,\"height\":800},{\"@type\":\"BreadcrumbList\",\"@id\":\"https:\/\/www.cerakotesa.com\/product\/high-gloss-armor-clear-h-300\/#breadcrumb\",\"itemListElement\":[{\"@type\":\"ListItem\",\"position\":1,\"name\":\"Home\",\"item\":\"https:\/\/www.cerakotesa.com\/\"},{\"@type\":\"ListItem\",\"position\":2,\"name\":\"Products\",\"item\":\"https:\/\/www.cerakotesa.com\/shop\/\"},{\"@type\":\"ListItem\",\"position\":3,\"name\":\"High Gloss Armor Clear H-300\"}]},{\"@type\":\"WebSite\",\"@id\":\"https:\/\/www.cerakotesa.com\/#website\",\"url\":\"https:\/\/www.cerakotesa.com\/\",\"name\":\"Cerakote South Africa\",\"description\":\"Cerakote is a global leader in the manufacturing of thin-film protective ceramic coatings\",\"potentialAction\":[{\"@type\":\"SearchAction\",\"target\":{\"@type\":\"EntryPoint\",\"urlTemplate\":\"https:\/\/www.cerakotesa.com\/?s={search_term_string}\"},\"query-input\":{\"@type\":\"PropertyValueSpecification\",\"valueRequired\":true,\"valueName\":\"search_term_string\"}}],\"inLanguage\":\"fr-FR\"}]}<\/script>\n<!-- \/ Yoast SEO plugin. -->","yoast_head_json":{"title":"High Gloss Armor Clear H-300 - Cerakote South Africa","robots":{"index":"index","follow":"follow","max-snippet":"max-snippet:-1","max-image-preview":"max-image-preview:large","max-video-preview":"max-video-preview:-1"},"canonical":"https:\/\/www.cerakotesa.com\/fr\/produit\/high-gloss-armor-clear-h-300\/","og_locale":"fr_FR","og_type":"article","og_title":"High Gloss Armor Clear H-300 - Cerakote South Africa","og_description":"High Gloss Armor Clear is the strongest oven cured clear coat on the market. It is a two-component, oven-cure system that is ideal for applications where cure time is critical. High Gloss Armor Clear leads the industry in hardness, chemical resistance and wear performance. As a high gloss, oven cured, ceramic clear coating, it can be used as a top coat over several materials such as metals, composites, plastics, hydrographics, PVD and more. Click here to be sure you're using the best Cerakote Clear for your project.   Color stability to 150\u00b0C  Ease of application  VOC compliant and can be sprayed in all 50 states  Cure Schedule Options: 120\u00b0C for 2 hours  Not recommended for long term exterior application. For long term exterior applications, see our MC Series Clear Coatings.  *NOTE: This product comes with H-100 catalyst and requires a 325 Mesh Strainer (SE-277). Do not store this product in sunlight. Cerakote H Series coatings are durable, corrosion-resistant, and provide unparalleled levels of hardness and adhesion. These coatings are also resistant to most solvents and chemicals. The foundation for Cerakote H Series coatings is a unique ceramic technology that imparts both flexibility and excellent wear resistance to the final coating. Check out the Resources section for product application guides, technical data sheets and MSDS information.","og_url":"https:\/\/www.cerakotesa.com\/fr\/produit\/high-gloss-armor-clear-h-300\/","og_site_name":"Cerakote South Africa","article_modified_time":"2024-08-05T13:54:06+00:00","og_image":[{"width":800,"height":800,"url":"https:\/\/www.cerakotesa.com\/wp-content\/uploads\/2019\/12\/GLOSS-CLEAR.jpg","type":"image\/jpeg"}],"twitter_card":"summary_large_image","schema":{"@context":"https:\/\/schema.org","@graph":[{"@type":"WebPage","@id":"https:\/\/www.cerakotesa.com\/product\/high-gloss-armor-clear-h-300\/","url":"https:\/\/www.cerakotesa.com\/product\/high-gloss-armor-clear-h-300\/","name":"High Gloss Armor Clear H-300 - Cerakote South Africa","isPartOf":{"@id":"https:\/\/www.cerakotesa.com\/#website"},"primaryImageOfPage":{"@id":"https:\/\/www.cerakotesa.com\/product\/high-gloss-armor-clear-h-300\/#primaryimage"},"image":{"@id":"https:\/\/www.cerakotesa.com\/product\/high-gloss-armor-clear-h-300\/#primaryimage"},"thumbnailUrl":"https:\/\/www.cerakotesa.com\/wp-content\/uploads\/2019\/12\/GLOSS-CLEAR.jpg","datePublished":"2019-12-06T12:09:01+00:00","dateModified":"2024-08-05T13:54:06+00:00","breadcrumb":{"@id":"https:\/\/www.cerakotesa.com\/product\/high-gloss-armor-clear-h-300\/#breadcrumb"},"inLanguage":"fr-FR","potentialAction":[{"@type":"ReadAction","target":["https:\/\/www.cerakotesa.com\/product\/high-gloss-armor-clear-h-300\/"]}]},{"@type":"ImageObject","inLanguage":"fr-FR","@id":"https:\/\/www.cerakotesa.com\/product\/high-gloss-armor-clear-h-300\/#primaryimage","url":"https:\/\/www.cerakotesa.com\/wp-content\/uploads\/2019\/12\/GLOSS-CLEAR.jpg","contentUrl":"https:\/\/www.cerakotesa.com\/wp-content\/uploads\/2019\/12\/GLOSS-CLEAR.jpg","width":800,"height":800},{"@type":"BreadcrumbList","@id":"https:\/\/www.cerakotesa.com\/product\/high-gloss-armor-clear-h-300\/#breadcrumb","itemListElement":[{"@type":"ListItem","position":1,"name":"Home","item":"https:\/\/www.cerakotesa.com\/"},{"@type":"ListItem","position":2,"name":"Products","item":"https:\/\/www.cerakotesa.com\/shop\/"},{"@type":"ListItem","position":3,"name":"High Gloss Armor Clear H-300"}]},{"@type":"WebSite","@id":"https:\/\/www.cerakotesa.com\/#website","url":"https:\/\/www.cerakotesa.com\/","name":"Cerakote South Africa","description":"Cerakote est un leader mondial dans la fabrication de rev\u00eatements c\u00e9ramiques protecteurs en couches minces.","potentialAction":[{"@type":"SearchAction","target":{"@type":"EntryPoint","urlTemplate":"https:\/\/www.cerakotesa.com\/?s={search_term_string}"},"query-input":{"@type":"PropertyValueSpecification","valueRequired":true,"valueName":"search_term_string"}}],"inLanguage":"fr-FR"}]}},"acf":[],"_links":{"self":[{"href":"https:\/\/www.cerakotesa.com\/fr\/wp-json\/wp\/v2\/product\/1432","targetHints":{"allow":["GET"]}}],"collection":[{"href":"https:\/\/www.cerakotesa.com\/fr\/wp-json\/wp\/v2\/product"}],"about":[{"href":"https:\/\/www.cerakotesa.com\/fr\/wp-json\/wp\/v2\/types\/product"}],"replies":[{"embeddable":true,"href":"https:\/\/www.cerakotesa.com\/fr\/wp-json\/wp\/v2\/comments?post=1432"}],"wp:featuredmedia":[{"embeddable":true,"href":"https:\/\/www.cerakotesa.com\/fr\/wp-json\/wp\/v2\/media\/4702"}],"wp:attachment":[{"href":"https:\/\/www.cerakotesa.com\/fr\/wp-json\/wp\/v2\/media?parent=1432"}],"wp:term":[{"taxonomy":"product_brand","embeddable":true,"href":"https:\/\/www.cerakotesa.com\/fr\/wp-json\/wp\/v2\/product_brand?post=1432"},{"taxonomy":"product_cat","embeddable":true,"href":"https:\/\/www.cerakotesa.com\/fr\/wp-json\/wp\/v2\/product_cat?post=1432"},{"taxonomy":"product_tag","embeddable":true,"href":"https:\/\/www.cerakotesa.com\/fr\/wp-json\/wp\/v2\/product_tag?post=1432"}],"curies":[{"name":"wp","href":"https:\/\/api.w.org\/{rel}","templated":true}]}}