{"id":1453,"date":"2019-12-06T12:51:56","date_gmt":"2019-12-06T12:51:56","guid":{"rendered":"https:\/\/staging.cerakote.co.uk\/?post_type=product&#038;p=1453"},"modified":"2024-08-05T14:15:06","modified_gmt":"2024-08-05T14:15:06","slug":"micro-slick-oven-cure-p-109","status":"publish","type":"product","link":"https:\/\/www.cerakotesa.com\/fr\/produit\/micro-slick-oven-cure-p-109\/","title":{"rendered":"Micro Slick (Oven Cure) P-109"},"content":{"rendered":"","protected":false},"excerpt":{"rendered":"<p>Le rev\u00eatement lubrifiant \u00e0 film sec Cerakote Micro Slick est un rev\u00eatement qui durcit au four et qui a un aspect noir semi-brillant.<\/p>\n<p>Cerakote Micro Slick est utilis\u00e9 pour aider les zones de frottement et l'\u00e9limination de l'huile. Il est utilis\u00e9 pour r\u00e9duire le frottement sur une vari\u00e9t\u00e9 de composants internes du moteur tels que les jupes de piston, les tiges de soupape, les cames, les manivelles et le dessous des couvercles de soupape. Il est \u00e9galement utilis\u00e9 sur les composants d'armes \u00e0 feu, tels que les boulons et les porte-boulons. Ce rev\u00eatement a une temp\u00e9rature maximale de 1200\u00b0F.<\/p>\n<p>*REMARQUE : Ce produit ne n\u00e9cessite pas de catalyseur. Cette couleur n\u00e9cessite un <a href=\"https:\/\/www.cerakotesa.com\/product\/elite-series-325-mesh-strainer-44-micron-se-277\/\">Tamis 325 mesh<\/a> (SE-277).<\/p>","protected":false},"featured_media":6228,"comment_status":"closed","ping_status":"closed","template":"","meta":{"_acf_changed":false},"product_brand":[],"product_cat":[72],"product_tag":[74,253,564,565],"class_list":{"0":"post-1453","1":"product","2":"type-product","3":"status-publish","4":"has-post-thumbnail","6":"product_cat-specialty-coatings","7":"product_tag-black","8":"product_tag-grey","9":"product_tag-micro-slick-oven-cure","10":"product_tag-p-109","11":"product_shipping_class-flat-rate","13":"first","14":"instock","15":"taxable","16":"shipping-taxable","17":"product-type-variable"},"yoast_head":"<!-- This site is optimized with the Yoast SEO plugin v26.7 - https:\/\/yoast.com\/wordpress\/plugins\/seo\/ -->\n<title>Micro Slick (Oven Cure) P-109 - Cerakote South Africa<\/title>\n<meta name=\"robots\" content=\"index, follow, max-snippet:-1, max-image-preview:large, max-video-preview:-1\" \/>\n<link rel=\"canonical\" href=\"https:\/\/www.cerakotesa.com\/fr\/produit\/micro-slick-oven-cure-p-109\/\" \/>\n<meta property=\"og:locale\" content=\"fr_FR\" \/>\n<meta property=\"og:type\" content=\"article\" \/>\n<meta property=\"og:title\" content=\"Micro Slick (Oven Cure) P-109 - Cerakote South Africa\" \/>\n<meta property=\"og:description\" content=\"Cerakote Micro Slick Dry Film Lubricant Coating is an oven cure coating that has a black semi-gloss appearance. Cerakote Micro Slick is used to assist with friction areas and shedding of oil. It is used to reduce friction on a variety of internal engine components such as piston skirts, valve stems, cams, cranks, and the underside of valve covers. It is also used on firearm components, such as bolts, and bolt carriers. This coating has a max temp rating of 1200\u00b0F. *NOTE: This product does not require catalyst. This color does require a 325 Mesh Strainer (SE-277).\" \/>\n<meta property=\"og:url\" content=\"https:\/\/www.cerakotesa.com\/fr\/produit\/micro-slick-oven-cure-p-109\/\" \/>\n<meta property=\"og:site_name\" content=\"Cerakote South Africa\" \/>\n<meta property=\"article:modified_time\" content=\"2024-08-05T14:15:06+00:00\" \/>\n<meta property=\"og:image\" content=\"https:\/\/www.cerakotesa.com\/wp-content\/uploads\/2019\/12\/P-109-1.jpg\" \/>\n\t<meta property=\"og:image:width\" content=\"800\" \/>\n\t<meta property=\"og:image:height\" content=\"800\" \/>\n\t<meta property=\"og:image:type\" content=\"image\/jpeg\" \/>\n<meta name=\"twitter:card\" content=\"summary_large_image\" \/>\n<script type=\"application\/ld+json\" class=\"yoast-schema-graph\">{\"@context\":\"https:\/\/schema.org\",\"@graph\":[{\"@type\":\"WebPage\",\"@id\":\"https:\/\/www.cerakotesa.com\/product\/micro-slick-oven-cure-p-109\/\",\"url\":\"https:\/\/www.cerakotesa.com\/product\/micro-slick-oven-cure-p-109\/\",\"name\":\"Micro Slick (Oven Cure) P-109 - Cerakote South Africa\",\"isPartOf\":{\"@id\":\"https:\/\/www.cerakotesa.com\/#website\"},\"primaryImageOfPage\":{\"@id\":\"https:\/\/www.cerakotesa.com\/product\/micro-slick-oven-cure-p-109\/#primaryimage\"},\"image\":{\"@id\":\"https:\/\/www.cerakotesa.com\/product\/micro-slick-oven-cure-p-109\/#primaryimage\"},\"thumbnailUrl\":\"https:\/\/www.cerakotesa.com\/wp-content\/uploads\/2019\/12\/P-109-1.jpg\",\"datePublished\":\"2019-12-06T12:51:56+00:00\",\"dateModified\":\"2024-08-05T14:15:06+00:00\",\"breadcrumb\":{\"@id\":\"https:\/\/www.cerakotesa.com\/product\/micro-slick-oven-cure-p-109\/#breadcrumb\"},\"inLanguage\":\"fr-FR\",\"potentialAction\":[{\"@type\":\"ReadAction\",\"target\":[\"https:\/\/www.cerakotesa.com\/product\/micro-slick-oven-cure-p-109\/\"]}]},{\"@type\":\"ImageObject\",\"inLanguage\":\"fr-FR\",\"@id\":\"https:\/\/www.cerakotesa.com\/product\/micro-slick-oven-cure-p-109\/#primaryimage\",\"url\":\"https:\/\/www.cerakotesa.com\/wp-content\/uploads\/2019\/12\/P-109-1.jpg\",\"contentUrl\":\"https:\/\/www.cerakotesa.com\/wp-content\/uploads\/2019\/12\/P-109-1.jpg\",\"width\":800,\"height\":800},{\"@type\":\"BreadcrumbList\",\"@id\":\"https:\/\/www.cerakotesa.com\/product\/micro-slick-oven-cure-p-109\/#breadcrumb\",\"itemListElement\":[{\"@type\":\"ListItem\",\"position\":1,\"name\":\"Home\",\"item\":\"https:\/\/www.cerakotesa.com\/\"},{\"@type\":\"ListItem\",\"position\":2,\"name\":\"Products\",\"item\":\"https:\/\/www.cerakotesa.com\/shop\/\"},{\"@type\":\"ListItem\",\"position\":3,\"name\":\"Micro Slick (Oven Cure) P-109\"}]},{\"@type\":\"WebSite\",\"@id\":\"https:\/\/www.cerakotesa.com\/#website\",\"url\":\"https:\/\/www.cerakotesa.com\/\",\"name\":\"Cerakote South Africa\",\"description\":\"Cerakote is a global leader in the manufacturing of thin-film protective ceramic coatings\",\"potentialAction\":[{\"@type\":\"SearchAction\",\"target\":{\"@type\":\"EntryPoint\",\"urlTemplate\":\"https:\/\/www.cerakotesa.com\/?s={search_term_string}\"},\"query-input\":{\"@type\":\"PropertyValueSpecification\",\"valueRequired\":true,\"valueName\":\"search_term_string\"}}],\"inLanguage\":\"fr-FR\"}]}<\/script>\n<!-- \/ Yoast SEO plugin. -->","yoast_head_json":{"title":"Micro Slick (Oven Cure) P-109 - Cerakote South Africa","robots":{"index":"index","follow":"follow","max-snippet":"max-snippet:-1","max-image-preview":"max-image-preview:large","max-video-preview":"max-video-preview:-1"},"canonical":"https:\/\/www.cerakotesa.com\/fr\/produit\/micro-slick-oven-cure-p-109\/","og_locale":"fr_FR","og_type":"article","og_title":"Micro Slick (Oven Cure) P-109 - Cerakote South Africa","og_description":"Cerakote Micro Slick Dry Film Lubricant Coating is an oven cure coating that has a black semi-gloss appearance. Cerakote Micro Slick is used to assist with friction areas and shedding of oil. It is used to reduce friction on a variety of internal engine components such as piston skirts, valve stems, cams, cranks, and the underside of valve covers. It is also used on firearm components, such as bolts, and bolt carriers. This coating has a max temp rating of 1200\u00b0F. *NOTE: This product does not require catalyst. This color does require a 325 Mesh Strainer (SE-277).","og_url":"https:\/\/www.cerakotesa.com\/fr\/produit\/micro-slick-oven-cure-p-109\/","og_site_name":"Cerakote South Africa","article_modified_time":"2024-08-05T14:15:06+00:00","og_image":[{"width":800,"height":800,"url":"https:\/\/www.cerakotesa.com\/wp-content\/uploads\/2019\/12\/P-109-1.jpg","type":"image\/jpeg"}],"twitter_card":"summary_large_image","schema":{"@context":"https:\/\/schema.org","@graph":[{"@type":"WebPage","@id":"https:\/\/www.cerakotesa.com\/product\/micro-slick-oven-cure-p-109\/","url":"https:\/\/www.cerakotesa.com\/product\/micro-slick-oven-cure-p-109\/","name":"Micro Slick (Oven Cure) P-109 - Cerakote South Africa","isPartOf":{"@id":"https:\/\/www.cerakotesa.com\/#website"},"primaryImageOfPage":{"@id":"https:\/\/www.cerakotesa.com\/product\/micro-slick-oven-cure-p-109\/#primaryimage"},"image":{"@id":"https:\/\/www.cerakotesa.com\/product\/micro-slick-oven-cure-p-109\/#primaryimage"},"thumbnailUrl":"https:\/\/www.cerakotesa.com\/wp-content\/uploads\/2019\/12\/P-109-1.jpg","datePublished":"2019-12-06T12:51:56+00:00","dateModified":"2024-08-05T14:15:06+00:00","breadcrumb":{"@id":"https:\/\/www.cerakotesa.com\/product\/micro-slick-oven-cure-p-109\/#breadcrumb"},"inLanguage":"fr-FR","potentialAction":[{"@type":"ReadAction","target":["https:\/\/www.cerakotesa.com\/product\/micro-slick-oven-cure-p-109\/"]}]},{"@type":"ImageObject","inLanguage":"fr-FR","@id":"https:\/\/www.cerakotesa.com\/product\/micro-slick-oven-cure-p-109\/#primaryimage","url":"https:\/\/www.cerakotesa.com\/wp-content\/uploads\/2019\/12\/P-109-1.jpg","contentUrl":"https:\/\/www.cerakotesa.com\/wp-content\/uploads\/2019\/12\/P-109-1.jpg","width":800,"height":800},{"@type":"BreadcrumbList","@id":"https:\/\/www.cerakotesa.com\/product\/micro-slick-oven-cure-p-109\/#breadcrumb","itemListElement":[{"@type":"ListItem","position":1,"name":"Home","item":"https:\/\/www.cerakotesa.com\/"},{"@type":"ListItem","position":2,"name":"Products","item":"https:\/\/www.cerakotesa.com\/shop\/"},{"@type":"ListItem","position":3,"name":"Micro Slick (Oven Cure) P-109"}]},{"@type":"WebSite","@id":"https:\/\/www.cerakotesa.com\/#website","url":"https:\/\/www.cerakotesa.com\/","name":"Cerakote South Africa","description":"Cerakote est un leader mondial dans la fabrication de rev\u00eatements c\u00e9ramiques protecteurs en couches minces.","potentialAction":[{"@type":"SearchAction","target":{"@type":"EntryPoint","urlTemplate":"https:\/\/www.cerakotesa.com\/?s={search_term_string}"},"query-input":{"@type":"PropertyValueSpecification","valueRequired":true,"valueName":"search_term_string"}}],"inLanguage":"fr-FR"}]}},"acf":[],"_links":{"self":[{"href":"https:\/\/www.cerakotesa.com\/fr\/wp-json\/wp\/v2\/product\/1453","targetHints":{"allow":["GET"]}}],"collection":[{"href":"https:\/\/www.cerakotesa.com\/fr\/wp-json\/wp\/v2\/product"}],"about":[{"href":"https:\/\/www.cerakotesa.com\/fr\/wp-json\/wp\/v2\/types\/product"}],"replies":[{"embeddable":true,"href":"https:\/\/www.cerakotesa.com\/fr\/wp-json\/wp\/v2\/comments?post=1453"}],"wp:featuredmedia":[{"embeddable":true,"href":"https:\/\/www.cerakotesa.com\/fr\/wp-json\/wp\/v2\/media\/6228"}],"wp:attachment":[{"href":"https:\/\/www.cerakotesa.com\/fr\/wp-json\/wp\/v2\/media?parent=1453"}],"wp:term":[{"taxonomy":"product_brand","embeddable":true,"href":"https:\/\/www.cerakotesa.com\/fr\/wp-json\/wp\/v2\/product_brand?post=1453"},{"taxonomy":"product_cat","embeddable":true,"href":"https:\/\/www.cerakotesa.com\/fr\/wp-json\/wp\/v2\/product_cat?post=1453"},{"taxonomy":"product_tag","embeddable":true,"href":"https:\/\/www.cerakotesa.com\/fr\/wp-json\/wp\/v2\/product_tag?post=1453"}],"curies":[{"name":"wp","href":"https:\/\/api.w.org\/{rel}","templated":true}]}}