{"id":15677,"date":"2023-11-07T12:03:19","date_gmt":"2023-11-07T12:03:19","guid":{"rendered":"https:\/\/www.cerakotesa.com\/?post_type=product&#038;p=15677"},"modified":"2024-08-05T14:16:59","modified_gmt":"2024-08-05T14:16:59","slug":"8-hemostat-locking-forceps-se-3101","status":"publish","type":"product","link":"https:\/\/www.cerakotesa.com\/fr\/produit\/8-hemostat-locking-forceps-se-3101\/","title":{"rendered":"8\u2033 Hemostat Locking Forceps SE-3101"},"content":{"rendered":"","protected":false},"excerpt":{"rendered":"<p>Dans le monde des applicateurs, peu d'outils sont aussi polyvalents que nos h\u00e9mostats SE 3101. Ces pinces en forme de ciseaux offrent une prise en main par m\u00e2choire crocodile qui est vitale pour manipuler les petites pi\u00e8ces et certaines pi\u00e8ces de taille moyenne, en particulier lors de la pulv\u00e9risation \u00e0 distance. Leur v\u00e9ritable potentiel se r\u00e9v\u00e8le lorsqu'il s'agit de travailler avec des panneaux Q et des surfaces planes qui n\u00e9cessitent une pulv\u00e9risation pr\u00e9cise \u00e0 longue distance.<\/p>\n<p><strong>D\u00e9couvrez l'arme secr\u00e8te de l'applicateur !<\/strong><\/p>","protected":false},"featured_media":15678,"comment_status":"open","ping_status":"closed","template":"","meta":{"_acf_changed":false},"product_brand":[],"product_cat":[106],"product_tag":[],"class_list":{"0":"post-15677","1":"product","2":"type-product","3":"status-publish","4":"has-post-thumbnail","6":"product_cat-equipment","7":"product_shipping_class-flat-rate","9":"first","10":"instock","11":"taxable","12":"shipping-taxable","13":"product-type-simple"},"yoast_head":"<!-- This site is optimized with the Yoast SEO plugin v26.7 - https:\/\/yoast.com\/wordpress\/plugins\/seo\/ -->\n<title>8&quot; Hemostat Locking Forceps SE-3101 - Cerakote South Africa<\/title>\n<meta name=\"robots\" content=\"index, follow, max-snippet:-1, max-image-preview:large, max-video-preview:-1\" \/>\n<link rel=\"canonical\" href=\"https:\/\/www.cerakotesa.com\/fr\/produit\/8-hemostat-locking-forceps-se-3101\/\" \/>\n<meta property=\"og:locale\" content=\"fr_FR\" \/>\n<meta property=\"og:type\" content=\"article\" \/>\n<meta property=\"og:title\" content=\"8&quot; Hemostat Locking Forceps SE-3101 - Cerakote South Africa\" \/>\n<meta property=\"og:description\" content=\"In the world of applicators, few tools are as versatile as our SE 3101 Hemostats. These scissor-like clips offer an alligator jaw grip that is vital for handling small and select medium-sized parts, particularly when spraying from a distance. Their true potential shines when working with Q panels and flat surfaces that require precise, long-distance spraying.  Discover the secret weapon in the applicator&#039;s arsenal!\" \/>\n<meta property=\"og:url\" content=\"https:\/\/www.cerakotesa.com\/fr\/produit\/8-hemostat-locking-forceps-se-3101\/\" \/>\n<meta property=\"og:site_name\" content=\"Cerakote South Africa\" \/>\n<meta property=\"article:modified_time\" content=\"2024-08-05T14:16:59+00:00\" \/>\n<meta property=\"og:image\" content=\"https:\/\/www.cerakotesa.com\/wp-content\/uploads\/2023\/11\/8-hemostat-locking-forceps-se-3101-dt20230908161842919313-thumbnail.jpg\" \/>\n\t<meta property=\"og:image:width\" content=\"600\" \/>\n\t<meta property=\"og:image:height\" content=\"600\" \/>\n\t<meta property=\"og:image:type\" content=\"image\/jpeg\" \/>\n<meta name=\"twitter:card\" content=\"summary_large_image\" \/>\n<script type=\"application\/ld+json\" class=\"yoast-schema-graph\">{\"@context\":\"https:\/\/schema.org\",\"@graph\":[{\"@type\":\"WebPage\",\"@id\":\"https:\/\/www.cerakotesa.com\/product\/8-hemostat-locking-forceps-se-3101\/\",\"url\":\"https:\/\/www.cerakotesa.com\/product\/8-hemostat-locking-forceps-se-3101\/\",\"name\":\"8\\\" Hemostat Locking Forceps SE-3101 - Cerakote South Africa\",\"isPartOf\":{\"@id\":\"https:\/\/www.cerakotesa.com\/#website\"},\"primaryImageOfPage\":{\"@id\":\"https:\/\/www.cerakotesa.com\/product\/8-hemostat-locking-forceps-se-3101\/#primaryimage\"},\"image\":{\"@id\":\"https:\/\/www.cerakotesa.com\/product\/8-hemostat-locking-forceps-se-3101\/#primaryimage\"},\"thumbnailUrl\":\"https:\/\/www.cerakotesa.com\/wp-content\/uploads\/2023\/11\/8-hemostat-locking-forceps-se-3101-dt20230908161842919313-thumbnail.jpg\",\"datePublished\":\"2023-11-07T12:03:19+00:00\",\"dateModified\":\"2024-08-05T14:16:59+00:00\",\"breadcrumb\":{\"@id\":\"https:\/\/www.cerakotesa.com\/product\/8-hemostat-locking-forceps-se-3101\/#breadcrumb\"},\"inLanguage\":\"fr-FR\",\"potentialAction\":[{\"@type\":\"ReadAction\",\"target\":[\"https:\/\/www.cerakotesa.com\/product\/8-hemostat-locking-forceps-se-3101\/\"]}]},{\"@type\":\"ImageObject\",\"inLanguage\":\"fr-FR\",\"@id\":\"https:\/\/www.cerakotesa.com\/product\/8-hemostat-locking-forceps-se-3101\/#primaryimage\",\"url\":\"https:\/\/www.cerakotesa.com\/wp-content\/uploads\/2023\/11\/8-hemostat-locking-forceps-se-3101-dt20230908161842919313-thumbnail.jpg\",\"contentUrl\":\"https:\/\/www.cerakotesa.com\/wp-content\/uploads\/2023\/11\/8-hemostat-locking-forceps-se-3101-dt20230908161842919313-thumbnail.jpg\",\"width\":600,\"height\":600},{\"@type\":\"BreadcrumbList\",\"@id\":\"https:\/\/www.cerakotesa.com\/product\/8-hemostat-locking-forceps-se-3101\/#breadcrumb\",\"itemListElement\":[{\"@type\":\"ListItem\",\"position\":1,\"name\":\"Home\",\"item\":\"https:\/\/www.cerakotesa.com\/\"},{\"@type\":\"ListItem\",\"position\":2,\"name\":\"Products\",\"item\":\"https:\/\/www.cerakotesa.com\/shop\/\"},{\"@type\":\"ListItem\",\"position\":3,\"name\":\"8&#8243; Hemostat Locking Forceps SE-3101\"}]},{\"@type\":\"WebSite\",\"@id\":\"https:\/\/www.cerakotesa.com\/#website\",\"url\":\"https:\/\/www.cerakotesa.com\/\",\"name\":\"Cerakote South Africa\",\"description\":\"Cerakote is a global leader in the manufacturing of thin-film protective ceramic coatings\",\"potentialAction\":[{\"@type\":\"SearchAction\",\"target\":{\"@type\":\"EntryPoint\",\"urlTemplate\":\"https:\/\/www.cerakotesa.com\/?s={search_term_string}\"},\"query-input\":{\"@type\":\"PropertyValueSpecification\",\"valueRequired\":true,\"valueName\":\"search_term_string\"}}],\"inLanguage\":\"fr-FR\"}]}<\/script>\n<!-- \/ Yoast SEO plugin. -->","yoast_head_json":{"title":"8\" Hemostat Locking Forceps SE-3101 - Cerakote South Africa","robots":{"index":"index","follow":"follow","max-snippet":"max-snippet:-1","max-image-preview":"max-image-preview:large","max-video-preview":"max-video-preview:-1"},"canonical":"https:\/\/www.cerakotesa.com\/fr\/produit\/8-hemostat-locking-forceps-se-3101\/","og_locale":"fr_FR","og_type":"article","og_title":"8\" Hemostat Locking Forceps SE-3101 - Cerakote South Africa","og_description":"In the world of applicators, few tools are as versatile as our SE 3101 Hemostats. These scissor-like clips offer an alligator jaw grip that is vital for handling small and select medium-sized parts, particularly when spraying from a distance. Their true potential shines when working with Q panels and flat surfaces that require precise, long-distance spraying.  Discover the secret weapon in the applicator's arsenal!","og_url":"https:\/\/www.cerakotesa.com\/fr\/produit\/8-hemostat-locking-forceps-se-3101\/","og_site_name":"Cerakote South Africa","article_modified_time":"2024-08-05T14:16:59+00:00","og_image":[{"width":600,"height":600,"url":"https:\/\/www.cerakotesa.com\/wp-content\/uploads\/2023\/11\/8-hemostat-locking-forceps-se-3101-dt20230908161842919313-thumbnail.jpg","type":"image\/jpeg"}],"twitter_card":"summary_large_image","schema":{"@context":"https:\/\/schema.org","@graph":[{"@type":"WebPage","@id":"https:\/\/www.cerakotesa.com\/product\/8-hemostat-locking-forceps-se-3101\/","url":"https:\/\/www.cerakotesa.com\/product\/8-hemostat-locking-forceps-se-3101\/","name":"8\" Hemostat Locking Forceps SE-3101 - Cerakote South Africa","isPartOf":{"@id":"https:\/\/www.cerakotesa.com\/#website"},"primaryImageOfPage":{"@id":"https:\/\/www.cerakotesa.com\/product\/8-hemostat-locking-forceps-se-3101\/#primaryimage"},"image":{"@id":"https:\/\/www.cerakotesa.com\/product\/8-hemostat-locking-forceps-se-3101\/#primaryimage"},"thumbnailUrl":"https:\/\/www.cerakotesa.com\/wp-content\/uploads\/2023\/11\/8-hemostat-locking-forceps-se-3101-dt20230908161842919313-thumbnail.jpg","datePublished":"2023-11-07T12:03:19+00:00","dateModified":"2024-08-05T14:16:59+00:00","breadcrumb":{"@id":"https:\/\/www.cerakotesa.com\/product\/8-hemostat-locking-forceps-se-3101\/#breadcrumb"},"inLanguage":"fr-FR","potentialAction":[{"@type":"ReadAction","target":["https:\/\/www.cerakotesa.com\/product\/8-hemostat-locking-forceps-se-3101\/"]}]},{"@type":"ImageObject","inLanguage":"fr-FR","@id":"https:\/\/www.cerakotesa.com\/product\/8-hemostat-locking-forceps-se-3101\/#primaryimage","url":"https:\/\/www.cerakotesa.com\/wp-content\/uploads\/2023\/11\/8-hemostat-locking-forceps-se-3101-dt20230908161842919313-thumbnail.jpg","contentUrl":"https:\/\/www.cerakotesa.com\/wp-content\/uploads\/2023\/11\/8-hemostat-locking-forceps-se-3101-dt20230908161842919313-thumbnail.jpg","width":600,"height":600},{"@type":"BreadcrumbList","@id":"https:\/\/www.cerakotesa.com\/product\/8-hemostat-locking-forceps-se-3101\/#breadcrumb","itemListElement":[{"@type":"ListItem","position":1,"name":"Home","item":"https:\/\/www.cerakotesa.com\/"},{"@type":"ListItem","position":2,"name":"Products","item":"https:\/\/www.cerakotesa.com\/shop\/"},{"@type":"ListItem","position":3,"name":"8&#8243; Hemostat Locking Forceps SE-3101"}]},{"@type":"WebSite","@id":"https:\/\/www.cerakotesa.com\/#website","url":"https:\/\/www.cerakotesa.com\/","name":"Cerakote South Africa","description":"Cerakote est un leader mondial dans la fabrication de rev\u00eatements c\u00e9ramiques protecteurs en couches minces.","potentialAction":[{"@type":"SearchAction","target":{"@type":"EntryPoint","urlTemplate":"https:\/\/www.cerakotesa.com\/?s={search_term_string}"},"query-input":{"@type":"PropertyValueSpecification","valueRequired":true,"valueName":"search_term_string"}}],"inLanguage":"fr-FR"}]}},"acf":[],"_links":{"self":[{"href":"https:\/\/www.cerakotesa.com\/fr\/wp-json\/wp\/v2\/product\/15677","targetHints":{"allow":["GET"]}}],"collection":[{"href":"https:\/\/www.cerakotesa.com\/fr\/wp-json\/wp\/v2\/product"}],"about":[{"href":"https:\/\/www.cerakotesa.com\/fr\/wp-json\/wp\/v2\/types\/product"}],"replies":[{"embeddable":true,"href":"https:\/\/www.cerakotesa.com\/fr\/wp-json\/wp\/v2\/comments?post=15677"}],"wp:featuredmedia":[{"embeddable":true,"href":"https:\/\/www.cerakotesa.com\/fr\/wp-json\/wp\/v2\/media\/15678"}],"wp:attachment":[{"href":"https:\/\/www.cerakotesa.com\/fr\/wp-json\/wp\/v2\/media?parent=15677"}],"wp:term":[{"taxonomy":"product_brand","embeddable":true,"href":"https:\/\/www.cerakotesa.com\/fr\/wp-json\/wp\/v2\/product_brand?post=15677"},{"taxonomy":"product_cat","embeddable":true,"href":"https:\/\/www.cerakotesa.com\/fr\/wp-json\/wp\/v2\/product_cat?post=15677"},{"taxonomy":"product_tag","embeddable":true,"href":"https:\/\/www.cerakotesa.com\/fr\/wp-json\/wp\/v2\/product_tag?post=15677"}],"curies":[{"name":"wp","href":"https:\/\/api.w.org\/{rel}","templated":true}]}}