{"id":15680,"date":"2023-11-07T12:07:53","date_gmt":"2023-11-07T12:07:53","guid":{"rendered":"https:\/\/www.cerakotesa.com\/?post_type=product&#038;p=15680"},"modified":"2024-08-05T14:16:59","modified_gmt":"2024-08-05T14:16:59","slug":"in-cup-filter-cleaning-disc-se-395","status":"publish","type":"product","link":"https:\/\/www.cerakotesa.com\/fr\/produit\/in-cup-filter-cleaning-disc-se-395\/","title":{"rendered":"Disque de nettoyage du filtre en coupe SE-395"},"content":{"rendered":"","protected":false},"excerpt":{"rendered":"<p>Le disque de nettoyage de la passoire \u00e0 tasse facilite le nettoyage complet de la passoire \u00e0 tasse ! Il est con\u00e7u pour s'appuyer sur la cr\u00e9pine de votre tasse, afin que vous puissiez brosser le rev\u00eatement fusionn\u00e9 du tamis, et il emp\u00eache le tamis de s'\u00e9tirer ou de se d\u00e9chirer. Ce disque de nettoyage peut \u00eatre utilis\u00e9 dans le sens du chapeau pour nettoyer le fond de la passoire, ou dans le sens du seau pour nettoyer le haut de la passoire.<\/p>","protected":false},"featured_media":15681,"comment_status":"open","ping_status":"closed","template":"","meta":{"_acf_changed":false},"product_brand":[],"product_cat":[106],"product_tag":[],"class_list":{"0":"post-15680","1":"product","2":"type-product","3":"status-publish","4":"has-post-thumbnail","6":"product_cat-equipment","7":"product_shipping_class-flat-rate","9":"first","10":"instock","11":"taxable","12":"shipping-taxable","13":"product-type-simple"},"yoast_head":"<!-- This site is optimized with the Yoast SEO plugin v26.7 - https:\/\/yoast.com\/wordpress\/plugins\/seo\/ -->\n<title>In Cup Filter Cleaning Disc SE-395 - Cerakote South Africa<\/title>\n<meta name=\"robots\" content=\"index, follow, max-snippet:-1, max-image-preview:large, max-video-preview:-1\" \/>\n<link rel=\"canonical\" href=\"https:\/\/www.cerakotesa.com\/fr\/produit\/in-cup-filter-cleaning-disc-se-395\/\" \/>\n<meta property=\"og:locale\" content=\"fr_FR\" \/>\n<meta property=\"og:type\" content=\"article\" \/>\n<meta property=\"og:title\" content=\"In Cup Filter Cleaning Disc SE-395 - Cerakote South Africa\" \/>\n<meta property=\"og:description\" content=\"This In-Cup Strainer Cleaning Disc makes thoroughly cleaning your in-cup strainers easy! This is designed for your in-cup strainer to sit flush against it, so you can brush out the fused coating from the mesh, and it prevents the screen from stretching or ripping. This Cleaning Disc can be used in the top-hat orientation to clean the bottom of the mesh strainer, or, in the bucket orientation to clean the top of the mesh.\" \/>\n<meta property=\"og:url\" content=\"https:\/\/www.cerakotesa.com\/fr\/produit\/in-cup-filter-cleaning-disc-se-395\/\" \/>\n<meta property=\"og:site_name\" content=\"Cerakote South Africa\" \/>\n<meta property=\"article:modified_time\" content=\"2024-08-05T14:16:59+00:00\" \/>\n<meta property=\"og:image\" content=\"https:\/\/www.cerakotesa.com\/wp-content\/uploads\/2023\/11\/in-cup-filter-cleaning-disk-se-395-dt20230531170214108589-thumbnail.jpg\" \/>\n\t<meta property=\"og:image:width\" content=\"600\" \/>\n\t<meta property=\"og:image:height\" content=\"600\" \/>\n\t<meta property=\"og:image:type\" content=\"image\/jpeg\" \/>\n<meta name=\"twitter:card\" content=\"summary_large_image\" \/>\n<script type=\"application\/ld+json\" class=\"yoast-schema-graph\">{\"@context\":\"https:\/\/schema.org\",\"@graph\":[{\"@type\":\"WebPage\",\"@id\":\"https:\/\/www.cerakotesa.com\/product\/in-cup-filter-cleaning-disc-se-395\/\",\"url\":\"https:\/\/www.cerakotesa.com\/product\/in-cup-filter-cleaning-disc-se-395\/\",\"name\":\"In Cup Filter Cleaning Disc SE-395 - Cerakote South Africa\",\"isPartOf\":{\"@id\":\"https:\/\/www.cerakotesa.com\/#website\"},\"primaryImageOfPage\":{\"@id\":\"https:\/\/www.cerakotesa.com\/product\/in-cup-filter-cleaning-disc-se-395\/#primaryimage\"},\"image\":{\"@id\":\"https:\/\/www.cerakotesa.com\/product\/in-cup-filter-cleaning-disc-se-395\/#primaryimage\"},\"thumbnailUrl\":\"https:\/\/www.cerakotesa.com\/wp-content\/uploads\/2023\/11\/in-cup-filter-cleaning-disk-se-395-dt20230531170214108589-thumbnail.jpg\",\"datePublished\":\"2023-11-07T12:07:53+00:00\",\"dateModified\":\"2024-08-05T14:16:59+00:00\",\"breadcrumb\":{\"@id\":\"https:\/\/www.cerakotesa.com\/product\/in-cup-filter-cleaning-disc-se-395\/#breadcrumb\"},\"inLanguage\":\"fr-FR\",\"potentialAction\":[{\"@type\":\"ReadAction\",\"target\":[\"https:\/\/www.cerakotesa.com\/product\/in-cup-filter-cleaning-disc-se-395\/\"]}]},{\"@type\":\"ImageObject\",\"inLanguage\":\"fr-FR\",\"@id\":\"https:\/\/www.cerakotesa.com\/product\/in-cup-filter-cleaning-disc-se-395\/#primaryimage\",\"url\":\"https:\/\/www.cerakotesa.com\/wp-content\/uploads\/2023\/11\/in-cup-filter-cleaning-disk-se-395-dt20230531170214108589-thumbnail.jpg\",\"contentUrl\":\"https:\/\/www.cerakotesa.com\/wp-content\/uploads\/2023\/11\/in-cup-filter-cleaning-disk-se-395-dt20230531170214108589-thumbnail.jpg\",\"width\":600,\"height\":600},{\"@type\":\"BreadcrumbList\",\"@id\":\"https:\/\/www.cerakotesa.com\/product\/in-cup-filter-cleaning-disc-se-395\/#breadcrumb\",\"itemListElement\":[{\"@type\":\"ListItem\",\"position\":1,\"name\":\"Home\",\"item\":\"https:\/\/www.cerakotesa.com\/\"},{\"@type\":\"ListItem\",\"position\":2,\"name\":\"Products\",\"item\":\"https:\/\/www.cerakotesa.com\/shop\/\"},{\"@type\":\"ListItem\",\"position\":3,\"name\":\"In Cup Filter Cleaning Disc SE-395\"}]},{\"@type\":\"WebSite\",\"@id\":\"https:\/\/www.cerakotesa.com\/#website\",\"url\":\"https:\/\/www.cerakotesa.com\/\",\"name\":\"Cerakote South Africa\",\"description\":\"Cerakote is a global leader in the manufacturing of thin-film protective ceramic coatings\",\"potentialAction\":[{\"@type\":\"SearchAction\",\"target\":{\"@type\":\"EntryPoint\",\"urlTemplate\":\"https:\/\/www.cerakotesa.com\/?s={search_term_string}\"},\"query-input\":{\"@type\":\"PropertyValueSpecification\",\"valueRequired\":true,\"valueName\":\"search_term_string\"}}],\"inLanguage\":\"fr-FR\"}]}<\/script>\n<!-- \/ Yoast SEO plugin. -->","yoast_head_json":{"title":"In Cup Filter Cleaning Disc SE-395 - Cerakote South Africa","robots":{"index":"index","follow":"follow","max-snippet":"max-snippet:-1","max-image-preview":"max-image-preview:large","max-video-preview":"max-video-preview:-1"},"canonical":"https:\/\/www.cerakotesa.com\/fr\/produit\/in-cup-filter-cleaning-disc-se-395\/","og_locale":"fr_FR","og_type":"article","og_title":"In Cup Filter Cleaning Disc SE-395 - Cerakote South Africa","og_description":"This In-Cup Strainer Cleaning Disc makes thoroughly cleaning your in-cup strainers easy! This is designed for your in-cup strainer to sit flush against it, so you can brush out the fused coating from the mesh, and it prevents the screen from stretching or ripping. This Cleaning Disc can be used in the top-hat orientation to clean the bottom of the mesh strainer, or, in the bucket orientation to clean the top of the mesh.","og_url":"https:\/\/www.cerakotesa.com\/fr\/produit\/in-cup-filter-cleaning-disc-se-395\/","og_site_name":"Cerakote South Africa","article_modified_time":"2024-08-05T14:16:59+00:00","og_image":[{"width":600,"height":600,"url":"https:\/\/www.cerakotesa.com\/wp-content\/uploads\/2023\/11\/in-cup-filter-cleaning-disk-se-395-dt20230531170214108589-thumbnail.jpg","type":"image\/jpeg"}],"twitter_card":"summary_large_image","schema":{"@context":"https:\/\/schema.org","@graph":[{"@type":"WebPage","@id":"https:\/\/www.cerakotesa.com\/product\/in-cup-filter-cleaning-disc-se-395\/","url":"https:\/\/www.cerakotesa.com\/product\/in-cup-filter-cleaning-disc-se-395\/","name":"In Cup Filter Cleaning Disc SE-395 - Cerakote South Africa","isPartOf":{"@id":"https:\/\/www.cerakotesa.com\/#website"},"primaryImageOfPage":{"@id":"https:\/\/www.cerakotesa.com\/product\/in-cup-filter-cleaning-disc-se-395\/#primaryimage"},"image":{"@id":"https:\/\/www.cerakotesa.com\/product\/in-cup-filter-cleaning-disc-se-395\/#primaryimage"},"thumbnailUrl":"https:\/\/www.cerakotesa.com\/wp-content\/uploads\/2023\/11\/in-cup-filter-cleaning-disk-se-395-dt20230531170214108589-thumbnail.jpg","datePublished":"2023-11-07T12:07:53+00:00","dateModified":"2024-08-05T14:16:59+00:00","breadcrumb":{"@id":"https:\/\/www.cerakotesa.com\/product\/in-cup-filter-cleaning-disc-se-395\/#breadcrumb"},"inLanguage":"fr-FR","potentialAction":[{"@type":"ReadAction","target":["https:\/\/www.cerakotesa.com\/product\/in-cup-filter-cleaning-disc-se-395\/"]}]},{"@type":"ImageObject","inLanguage":"fr-FR","@id":"https:\/\/www.cerakotesa.com\/product\/in-cup-filter-cleaning-disc-se-395\/#primaryimage","url":"https:\/\/www.cerakotesa.com\/wp-content\/uploads\/2023\/11\/in-cup-filter-cleaning-disk-se-395-dt20230531170214108589-thumbnail.jpg","contentUrl":"https:\/\/www.cerakotesa.com\/wp-content\/uploads\/2023\/11\/in-cup-filter-cleaning-disk-se-395-dt20230531170214108589-thumbnail.jpg","width":600,"height":600},{"@type":"BreadcrumbList","@id":"https:\/\/www.cerakotesa.com\/product\/in-cup-filter-cleaning-disc-se-395\/#breadcrumb","itemListElement":[{"@type":"ListItem","position":1,"name":"Home","item":"https:\/\/www.cerakotesa.com\/"},{"@type":"ListItem","position":2,"name":"Products","item":"https:\/\/www.cerakotesa.com\/shop\/"},{"@type":"ListItem","position":3,"name":"In Cup Filter Cleaning Disc SE-395"}]},{"@type":"WebSite","@id":"https:\/\/www.cerakotesa.com\/#website","url":"https:\/\/www.cerakotesa.com\/","name":"Cerakote South Africa","description":"Cerakote est un leader mondial dans la fabrication de rev\u00eatements c\u00e9ramiques protecteurs en couches minces.","potentialAction":[{"@type":"SearchAction","target":{"@type":"EntryPoint","urlTemplate":"https:\/\/www.cerakotesa.com\/?s={search_term_string}"},"query-input":{"@type":"PropertyValueSpecification","valueRequired":true,"valueName":"search_term_string"}}],"inLanguage":"fr-FR"}]}},"acf":[],"_links":{"self":[{"href":"https:\/\/www.cerakotesa.com\/fr\/wp-json\/wp\/v2\/product\/15680","targetHints":{"allow":["GET"]}}],"collection":[{"href":"https:\/\/www.cerakotesa.com\/fr\/wp-json\/wp\/v2\/product"}],"about":[{"href":"https:\/\/www.cerakotesa.com\/fr\/wp-json\/wp\/v2\/types\/product"}],"replies":[{"embeddable":true,"href":"https:\/\/www.cerakotesa.com\/fr\/wp-json\/wp\/v2\/comments?post=15680"}],"wp:featuredmedia":[{"embeddable":true,"href":"https:\/\/www.cerakotesa.com\/fr\/wp-json\/wp\/v2\/media\/15681"}],"wp:attachment":[{"href":"https:\/\/www.cerakotesa.com\/fr\/wp-json\/wp\/v2\/media?parent=15680"}],"wp:term":[{"taxonomy":"product_brand","embeddable":true,"href":"https:\/\/www.cerakotesa.com\/fr\/wp-json\/wp\/v2\/product_brand?post=15680"},{"taxonomy":"product_cat","embeddable":true,"href":"https:\/\/www.cerakotesa.com\/fr\/wp-json\/wp\/v2\/product_cat?post=15680"},{"taxonomy":"product_tag","embeddable":true,"href":"https:\/\/www.cerakotesa.com\/fr\/wp-json\/wp\/v2\/product_tag?post=15680"}],"curies":[{"name":"wp","href":"https:\/\/api.w.org\/{rel}","templated":true}]}}