{"id":1587,"date":"2019-12-06T16:08:31","date_gmt":"2019-12-06T16:08:31","guid":{"rendered":"https:\/\/staging.cerakote.co.uk\/?post_type=product&#038;p=1587"},"modified":"2025-03-10T10:16:42","modified_gmt":"2025-03-10T10:16:42","slug":"h-series-swatch-set-2-se-2202","status":"publish","type":"product","link":"https:\/\/www.cerakotesa.com\/fr\/produit\/h-series-swatch-set-2-se-2202\/","title":{"rendered":"S\u00e9rie H Jeu d'\u00e9chantillons 2 SE-2202"},"content":{"rendered":"","protected":false},"excerpt":{"rendered":"<p class=\"description\">Les kits d'\u00e9chantillons Cerakote sont des articles \u00e0 forte demande et \u00e0 forte intensit\u00e9 de main d'\u0153uvre, dont la fabrication peut prendre jusqu'\u00e0 deux semaines.<\/p>\n<p class=\"description\">H Series Swatch Set 2 est le deuxi\u00e8me jeu d'\u00e9chantillons de la s\u00e9rie H de Cerakote. Les kits d'\u00e9chantillons vous permettent, ainsi qu'\u00e0 vos clients, de voir et de toucher physiquement le rev\u00eatement. En achetant tous les kits d'\u00e9chantillons de la s\u00e9rie H, vous disposerez de toutes les couleurs disponibles pour la s\u00e9rie H de Cerakote.<\/p>\n<p class=\"description\">Le jeu d'\u00e9chantillons 2 de la s\u00e9rie H comprend<\/p>\n<ul>\n<li>Mil Spec Green H-264<\/li>\n<li>Troie<sup>\u00ae<\/sup> Coyote Tan H-268<\/li>\n<li>Sauvage<sup>\u00ae<\/sup> Stainless H-150<\/li>\n<li>Corvette Yellow H-144<\/li>\n<li>Hidden White H-242<\/li>\n<li>MagPul<sup>\u00ae<\/sup> Gris furtif H-188<\/li>\n<li>Bull Shark Grey H-214<\/li>\n<li>Hazel Green H-204<\/li>\n<li>Crushed Silver H-255<\/li>\n<li>Aluminium brillant H-158<\/li>\n<li>Hazel Green H-204<\/li>\n<li>Sniper Green H-229<\/li>\n<li>Vortex<sup>\u00ae<\/sup> Bronze H-293<\/li>\n<li>Socom Blue H-245<\/li>\n<li>Bright Nickel H-157<\/li>\n<li>Chocolate Brown H-258<\/li>\n<li>Noveske Tiger Eye Brown H-187<\/li>\n<li>MagPul<sup>\u00ae<\/sup> Vert feuillage H-231<\/li>\n<li>Electric Yellow H-166<\/li>\n<li>Combat Grey H-130<\/li>\n<li>Cobalt Kinetics\u2122 Slate H-295<\/li>\n<li>Forest Green H-248<\/li>\n<li>Sea Blue H-172<\/li>\n<li>Plum Brown H-298<\/li>\n<li>Copper Brown H-149<\/li>\n<li>Desert Sage H-247<\/li>\n<li>Glock<sup>\u00ae<\/sup> Gris H-184<\/li>\n<li>Federal Brown H-212<\/li>\n<li>McMillan<sup>\u00ae<\/sup> Tan H-203<\/li>\n<li>Jesse James Civil Defense Blue H-401<\/li>\n<li>Light Sand H-142<\/li>\n<li>Stone Grey H-262<\/li>\n<li>Jesse James Eastern Front Green H-400<\/li>\n<li>FS Brown Sand H-30372<\/li>\n<li>Benelli<sup>\u00ae<\/sup> Sand H-143<\/li>\n<li>Barrett<sup>\u00ae<\/sup> Bronze H-259<\/li>\n<li>Desert Verde H-256<\/li>\n<li>Steel Grey H-139<\/li>\n<li>Cobalt Kinetics\u2122 Green H-296<\/li>\n<li>Bazooka Pink H-244<\/li>\n<li>RAL 8000 H-8000<\/li>\n<li>Jesse James Cold War Grey H-402<\/li>\n<li>FS Peintures de terrain H-30118<\/li>\n<li>Mud Brown H-225<\/li>\n<li>Springfield<sup>\u00ae<\/sup> Gris H-304<\/li>\n<li>Springfield<sup>\u00ae<\/sup> FDE H-305<\/li>\n<li>Wild Purple H-197<\/li>\n<\/ul>","protected":false},"featured_media":20943,"comment_status":"closed","ping_status":"closed","template":"","meta":{"_acf_changed":false},"product_brand":[],"product_cat":[106,978],"product_tag":[105,36,579,580,578],"class_list":{"0":"post-1587","1":"product","2":"type-product","3":"status-publish","4":"has-post-thumbnail","6":"product_cat-equipment","7":"product_cat-swatch-sets-equipment","8":"product_tag-equipment","9":"product_tag-h-series","10":"product_tag-se-2202","11":"product_tag-swatch-set-2","12":"product_tag-swatches","13":"product_shipping_class-flat-rate","15":"first","16":"instock","17":"taxable","18":"shipping-taxable","19":"product-type-simple"},"yoast_head":"<!-- This site is optimized with the Yoast SEO plugin v26.7 - https:\/\/yoast.com\/wordpress\/plugins\/seo\/ -->\n<title>H Series Swatch Set 2 SE-2202 - Cerakote South Africa<\/title>\n<meta name=\"robots\" content=\"index, follow, max-snippet:-1, max-image-preview:large, max-video-preview:-1\" \/>\n<link rel=\"canonical\" href=\"https:\/\/www.cerakotesa.com\/fr\/produit\/h-series-swatch-set-2-se-2202\/\" \/>\n<meta property=\"og:locale\" content=\"fr_FR\" \/>\n<meta property=\"og:type\" content=\"article\" \/>\n<meta property=\"og:title\" content=\"H Series Swatch Set 2 SE-2202 - Cerakote South Africa\" \/>\n<meta property=\"og:description\" content=\"Cerakote Swatch Sets are a high demand, labor intensive item and can take up to two weeks to fulfill. H Series Swatch Set 2 is the second Cerakote H Series swatch set. Swatch sets allow you and your customer to physically look at and touch the coating. With the purchase of all the H Series Swatch Sets you will have all of the available colors for Cerakote H Series. H Series Swatch Set 2 includes:    Mil Spec Green H-264  Troy\u00ae Coyote Tan H-268  Savage\u00ae Stainless H-150  Corvette Yellow H-144  Hidden White H-242  MagPul\u00ae Stealth Grey H-188  Bull Shark Grey H-214  Hazel Green H-204  Crushed Silver H-255  Shimmer Aluminum H-158  Hazel Green H-204  Sniper Green H-229  Vortex\u00ae Bronze H-293  Socom Blue H-245  Bright Nickel H-157  Chocolate Brown H-258  Noveske Tiger Eye Brown H-187  MagPul\u00ae Foliage Green H-231  Electric Yellow H-166  Combat Grey H-130  Cobalt Kinetics\u2122 Slate H-295  Forest Green H-248  Sea Blue H-172  Plum Brown H-298  Copper Brown H-149  Desert Sage H-247  Glock\u00ae Grey H-184  Federal Brown H-212  McMillan\u00ae Tan H-203  Jesse James Civil Defense Blue H-401  Light Sand H-142  Stone Grey H-262  Jesse James Eastern Front Green H-400  FS Brown Sand H-30372  Benelli\u00ae Sand H-143  Barrett\u00ae Bronze H-259  Desert Verde H-256  Steel Grey H-139  Cobalt Kinetics\u2122 Green H-296  Bazooka Pink H-244  RAL 8000 H-8000  Jesse James Cold War Grey H-402  FS Field Drab H-30118  Mud Brown H-225  Springfield\u00ae Grey H-304  Springfield\u00ae FDE H-305  Wild Purple H-197\" \/>\n<meta property=\"og:url\" content=\"https:\/\/www.cerakotesa.com\/fr\/produit\/h-series-swatch-set-2-se-2202\/\" \/>\n<meta property=\"og:site_name\" content=\"Cerakote South Africa\" \/>\n<meta property=\"article:modified_time\" content=\"2025-03-10T10:16:42+00:00\" \/>\n<meta property=\"og:image\" content=\"https:\/\/www.cerakotesa.com\/wp-content\/uploads\/2025\/03\/Cerakote_Swatch_Sets_0006_SE-2202_H-Series_Set_2_02.19.25.jpg\" \/>\n\t<meta property=\"og:image:width\" content=\"1500\" \/>\n\t<meta property=\"og:image:height\" content=\"1500\" \/>\n\t<meta property=\"og:image:type\" content=\"image\/jpeg\" \/>\n<meta name=\"twitter:card\" content=\"summary_large_image\" \/>\n<meta name=\"twitter:label1\" content=\"Dur\u00e9e de lecture estim\u00e9e\" \/>\n\t<meta name=\"twitter:data1\" content=\"1 minute\" \/>\n<script type=\"application\/ld+json\" class=\"yoast-schema-graph\">{\"@context\":\"https:\/\/schema.org\",\"@graph\":[{\"@type\":\"WebPage\",\"@id\":\"https:\/\/www.cerakotesa.com\/product\/h-series-swatch-set-2-se-2202\/\",\"url\":\"https:\/\/www.cerakotesa.com\/product\/h-series-swatch-set-2-se-2202\/\",\"name\":\"H Series Swatch Set 2 SE-2202 - Cerakote South Africa\",\"isPartOf\":{\"@id\":\"https:\/\/www.cerakotesa.com\/#website\"},\"primaryImageOfPage\":{\"@id\":\"https:\/\/www.cerakotesa.com\/product\/h-series-swatch-set-2-se-2202\/#primaryimage\"},\"image\":{\"@id\":\"https:\/\/www.cerakotesa.com\/product\/h-series-swatch-set-2-se-2202\/#primaryimage\"},\"thumbnailUrl\":\"https:\/\/www.cerakotesa.com\/wp-content\/uploads\/2025\/03\/Cerakote_Swatch_Sets_0006_SE-2202_H-Series_Set_2_02.19.25.jpg\",\"datePublished\":\"2019-12-06T16:08:31+00:00\",\"dateModified\":\"2025-03-10T10:16:42+00:00\",\"breadcrumb\":{\"@id\":\"https:\/\/www.cerakotesa.com\/product\/h-series-swatch-set-2-se-2202\/#breadcrumb\"},\"inLanguage\":\"fr-FR\",\"potentialAction\":[{\"@type\":\"ReadAction\",\"target\":[\"https:\/\/www.cerakotesa.com\/product\/h-series-swatch-set-2-se-2202\/\"]}]},{\"@type\":\"ImageObject\",\"inLanguage\":\"fr-FR\",\"@id\":\"https:\/\/www.cerakotesa.com\/product\/h-series-swatch-set-2-se-2202\/#primaryimage\",\"url\":\"https:\/\/www.cerakotesa.com\/wp-content\/uploads\/2025\/03\/Cerakote_Swatch_Sets_0006_SE-2202_H-Series_Set_2_02.19.25.jpg\",\"contentUrl\":\"https:\/\/www.cerakotesa.com\/wp-content\/uploads\/2025\/03\/Cerakote_Swatch_Sets_0006_SE-2202_H-Series_Set_2_02.19.25.jpg\",\"width\":1500,\"height\":1500},{\"@type\":\"BreadcrumbList\",\"@id\":\"https:\/\/www.cerakotesa.com\/product\/h-series-swatch-set-2-se-2202\/#breadcrumb\",\"itemListElement\":[{\"@type\":\"ListItem\",\"position\":1,\"name\":\"Home\",\"item\":\"https:\/\/www.cerakotesa.com\/\"},{\"@type\":\"ListItem\",\"position\":2,\"name\":\"Products\",\"item\":\"https:\/\/www.cerakotesa.com\/shop\/\"},{\"@type\":\"ListItem\",\"position\":3,\"name\":\"H Series Swatch Set 2 SE-2202\"}]},{\"@type\":\"WebSite\",\"@id\":\"https:\/\/www.cerakotesa.com\/#website\",\"url\":\"https:\/\/www.cerakotesa.com\/\",\"name\":\"Cerakote South Africa\",\"description\":\"Cerakote is a global leader in the manufacturing of thin-film protective ceramic coatings\",\"potentialAction\":[{\"@type\":\"SearchAction\",\"target\":{\"@type\":\"EntryPoint\",\"urlTemplate\":\"https:\/\/www.cerakotesa.com\/?s={search_term_string}\"},\"query-input\":{\"@type\":\"PropertyValueSpecification\",\"valueRequired\":true,\"valueName\":\"search_term_string\"}}],\"inLanguage\":\"fr-FR\"}]}<\/script>\n<!-- \/ Yoast SEO plugin. -->","yoast_head_json":{"title":"H Series Swatch Set 2 SE-2202 - Cerakote South Africa","robots":{"index":"index","follow":"follow","max-snippet":"max-snippet:-1","max-image-preview":"max-image-preview:large","max-video-preview":"max-video-preview:-1"},"canonical":"https:\/\/www.cerakotesa.com\/fr\/produit\/h-series-swatch-set-2-se-2202\/","og_locale":"fr_FR","og_type":"article","og_title":"H Series Swatch Set 2 SE-2202 - Cerakote South Africa","og_description":"Cerakote Swatch Sets are a high demand, labor intensive item and can take up to two weeks to fulfill. H Series Swatch Set 2 is the second Cerakote H Series swatch set. Swatch sets allow you and your customer to physically look at and touch the coating. With the purchase of all the H Series Swatch Sets you will have all of the available colors for Cerakote H Series. H Series Swatch Set 2 includes:    Mil Spec Green H-264  Troy\u00ae Coyote Tan H-268  Savage\u00ae Stainless H-150  Corvette Yellow H-144  Hidden White H-242  MagPul\u00ae Stealth Grey H-188  Bull Shark Grey H-214  Hazel Green H-204  Crushed Silver H-255  Shimmer Aluminum H-158  Hazel Green H-204  Sniper Green H-229  Vortex\u00ae Bronze H-293  Socom Blue H-245  Bright Nickel H-157  Chocolate Brown H-258  Noveske Tiger Eye Brown H-187  MagPul\u00ae Foliage Green H-231  Electric Yellow H-166  Combat Grey H-130  Cobalt Kinetics\u2122 Slate H-295  Forest Green H-248  Sea Blue H-172  Plum Brown H-298  Copper Brown H-149  Desert Sage H-247  Glock\u00ae Grey H-184  Federal Brown H-212  McMillan\u00ae Tan H-203  Jesse James Civil Defense Blue H-401  Light Sand H-142  Stone Grey H-262  Jesse James Eastern Front Green H-400  FS Brown Sand H-30372  Benelli\u00ae Sand H-143  Barrett\u00ae Bronze H-259  Desert Verde H-256  Steel Grey H-139  Cobalt Kinetics\u2122 Green H-296  Bazooka Pink H-244  RAL 8000 H-8000  Jesse James Cold War Grey H-402  FS Field Drab H-30118  Mud Brown H-225  Springfield\u00ae Grey H-304  Springfield\u00ae FDE H-305  Wild Purple H-197","og_url":"https:\/\/www.cerakotesa.com\/fr\/produit\/h-series-swatch-set-2-se-2202\/","og_site_name":"Cerakote South Africa","article_modified_time":"2025-03-10T10:16:42+00:00","og_image":[{"width":1500,"height":1500,"url":"https:\/\/www.cerakotesa.com\/wp-content\/uploads\/2025\/03\/Cerakote_Swatch_Sets_0006_SE-2202_H-Series_Set_2_02.19.25.jpg","type":"image\/jpeg"}],"twitter_card":"summary_large_image","twitter_misc":{"Dur\u00e9e de lecture estim\u00e9e":"1 minute"},"schema":{"@context":"https:\/\/schema.org","@graph":[{"@type":"WebPage","@id":"https:\/\/www.cerakotesa.com\/product\/h-series-swatch-set-2-se-2202\/","url":"https:\/\/www.cerakotesa.com\/product\/h-series-swatch-set-2-se-2202\/","name":"H Series Swatch Set 2 SE-2202 - Cerakote South Africa","isPartOf":{"@id":"https:\/\/www.cerakotesa.com\/#website"},"primaryImageOfPage":{"@id":"https:\/\/www.cerakotesa.com\/product\/h-series-swatch-set-2-se-2202\/#primaryimage"},"image":{"@id":"https:\/\/www.cerakotesa.com\/product\/h-series-swatch-set-2-se-2202\/#primaryimage"},"thumbnailUrl":"https:\/\/www.cerakotesa.com\/wp-content\/uploads\/2025\/03\/Cerakote_Swatch_Sets_0006_SE-2202_H-Series_Set_2_02.19.25.jpg","datePublished":"2019-12-06T16:08:31+00:00","dateModified":"2025-03-10T10:16:42+00:00","breadcrumb":{"@id":"https:\/\/www.cerakotesa.com\/product\/h-series-swatch-set-2-se-2202\/#breadcrumb"},"inLanguage":"fr-FR","potentialAction":[{"@type":"ReadAction","target":["https:\/\/www.cerakotesa.com\/product\/h-series-swatch-set-2-se-2202\/"]}]},{"@type":"ImageObject","inLanguage":"fr-FR","@id":"https:\/\/www.cerakotesa.com\/product\/h-series-swatch-set-2-se-2202\/#primaryimage","url":"https:\/\/www.cerakotesa.com\/wp-content\/uploads\/2025\/03\/Cerakote_Swatch_Sets_0006_SE-2202_H-Series_Set_2_02.19.25.jpg","contentUrl":"https:\/\/www.cerakotesa.com\/wp-content\/uploads\/2025\/03\/Cerakote_Swatch_Sets_0006_SE-2202_H-Series_Set_2_02.19.25.jpg","width":1500,"height":1500},{"@type":"BreadcrumbList","@id":"https:\/\/www.cerakotesa.com\/product\/h-series-swatch-set-2-se-2202\/#breadcrumb","itemListElement":[{"@type":"ListItem","position":1,"name":"Home","item":"https:\/\/www.cerakotesa.com\/"},{"@type":"ListItem","position":2,"name":"Products","item":"https:\/\/www.cerakotesa.com\/shop\/"},{"@type":"ListItem","position":3,"name":"H Series Swatch Set 2 SE-2202"}]},{"@type":"WebSite","@id":"https:\/\/www.cerakotesa.com\/#website","url":"https:\/\/www.cerakotesa.com\/","name":"Cerakote South Africa","description":"Cerakote est un leader mondial dans la fabrication de rev\u00eatements c\u00e9ramiques protecteurs en couches minces.","potentialAction":[{"@type":"SearchAction","target":{"@type":"EntryPoint","urlTemplate":"https:\/\/www.cerakotesa.com\/?s={search_term_string}"},"query-input":{"@type":"PropertyValueSpecification","valueRequired":true,"valueName":"search_term_string"}}],"inLanguage":"fr-FR"}]}},"acf":[],"_links":{"self":[{"href":"https:\/\/www.cerakotesa.com\/fr\/wp-json\/wp\/v2\/product\/1587","targetHints":{"allow":["GET"]}}],"collection":[{"href":"https:\/\/www.cerakotesa.com\/fr\/wp-json\/wp\/v2\/product"}],"about":[{"href":"https:\/\/www.cerakotesa.com\/fr\/wp-json\/wp\/v2\/types\/product"}],"replies":[{"embeddable":true,"href":"https:\/\/www.cerakotesa.com\/fr\/wp-json\/wp\/v2\/comments?post=1587"}],"wp:featuredmedia":[{"embeddable":true,"href":"https:\/\/www.cerakotesa.com\/fr\/wp-json\/wp\/v2\/media\/20943"}],"wp:attachment":[{"href":"https:\/\/www.cerakotesa.com\/fr\/wp-json\/wp\/v2\/media?parent=1587"}],"wp:term":[{"taxonomy":"product_brand","embeddable":true,"href":"https:\/\/www.cerakotesa.com\/fr\/wp-json\/wp\/v2\/product_brand?post=1587"},{"taxonomy":"product_cat","embeddable":true,"href":"https:\/\/www.cerakotesa.com\/fr\/wp-json\/wp\/v2\/product_cat?post=1587"},{"taxonomy":"product_tag","embeddable":true,"href":"https:\/\/www.cerakotesa.com\/fr\/wp-json\/wp\/v2\/product_tag?post=1587"}],"curies":[{"name":"wp","href":"https:\/\/api.w.org\/{rel}","templated":true}]}}