{"id":1588,"date":"2019-12-06T16:11:14","date_gmt":"2019-12-06T16:11:14","guid":{"rendered":"https:\/\/staging.cerakote.co.uk\/?post_type=product&#038;p=1588"},"modified":"2026-01-08T09:34:28","modified_gmt":"2026-01-08T09:34:28","slug":"performance-scale-se-379","status":"publish","type":"product","link":"https:\/\/www.cerakotesa.com\/fr\/produit\/performance-scale-se-379\/","title":{"rendered":"Stainless steel top loading scale"},"content":{"rendered":"","protected":false},"excerpt":{"rendered":"<p>La balance Cerakote Performance est une balance haut de gamme pour peser votre rev\u00eatement et votre catalyseur.<\/p>\n<p>La pr\u00e9cision des ratios est essentielle pour maintenir une brillance constante d'un lot \u00e0 l'autre et pour garantir la bonne ex\u00e9cution du projet.<\/p>\n<p>Cette balance est compos\u00e9e du corps de la balance, du plateau de la balance, du crochet, des adaptateurs et du manuel d'utilisation.<\/p>\n<p><b>Les caract\u00e9ristiques comprennent<\/b><\/p>\n<p>-rep\u00e9rage automatique du z\u00e9ro<\/p>\n<p>-Indication de batterie faible<\/p>\n<p>Grand \u00e9cran LCD r\u00e9tro-\u00e9clair\u00e9<\/p>\n<p>-Grande casserole en acier inoxydable<\/p>\n<p>-Indication de stabilit\u00e9<\/p>\n<p>-calibrage automatique<\/p>\n<p>R\u00e9tro-\u00e9clairage automatique s\u00e9lectionnable<\/p>\n<p>-Bip sonore s\u00e9lectionnable<\/p>\n<p>-Arr\u00eat automatique s\u00e9lectionnable<\/p>\n<p>R\u00e9solution interne de -1,3 million<\/p>\n<p>-Processeur A\/D 24 bits<\/p>\n<p>-Temps de r\u00e9glage de l'affichage inf\u00e9rieur \u00e0 1 seconde<\/p>\n<p>-Capteur de la plus haute qualit\u00e9 utilis\u00e9<\/p>\n<p>-Fonction de comptage<\/p>\n<p>-va jusqu'\u00e0 la dixi\u00e8me d\u00e9cimale (00.0)<\/p>\n<p>Ne vous contentez pas de la m\u00e9diocrit\u00e9, visez l'excellence !<\/p>","protected":false},"featured_media":12970,"comment_status":"closed","ping_status":"closed","template":"","meta":{"_acf_changed":false},"product_brand":[],"product_cat":[106],"product_tag":[105,1236,581,129,1234,1235],"class_list":{"0":"post-1588","1":"product","2":"type-product","3":"status-publish","4":"has-post-thumbnail","6":"product_cat-equipment","7":"product_tag-equipment","8":"product_tag-loading-scale","9":"product_tag-performance-scale","10":"product_tag-scales","11":"product_tag-se-379","12":"product_tag-stainless-steel-top","13":"product_shipping_class-flat-rate","15":"first","16":"instock","17":"taxable","18":"shipping-taxable","19":"product-type-simple"},"yoast_head":"<!-- This site is optimized with the Yoast SEO plugin v26.7 - https:\/\/yoast.com\/wordpress\/plugins\/seo\/ -->\n<title>Stainless steel top loading scale - Cerakote South Africa<\/title>\n<meta name=\"robots\" content=\"index, follow, max-snippet:-1, max-image-preview:large, max-video-preview:-1\" \/>\n<link rel=\"canonical\" href=\"https:\/\/www.cerakotesa.com\/fr\/produit\/performance-scale-se-379\/\" \/>\n<meta property=\"og:locale\" content=\"fr_FR\" \/>\n<meta property=\"og:type\" content=\"article\" \/>\n<meta property=\"og:title\" content=\"Stainless steel top loading scale - Cerakote South Africa\" \/>\n<meta property=\"og:description\" content=\"The Cerakote Performance Scale is a top-of-the-line scale for weighing your coating and catalyst.  Ensuring your ratios are precise is key for maintaining consistent gloss, batch to batch, and will help ensure a well-executed project.  This scale consists of the weighing machine body, the scale-pan, the hook, the adapters, and the operating manual.  Features include:  -auto zero tracking  -low battery indication  -large bright backlit LCD  -large stainless steel pan  -stability indication  -auto calibration  -selectable auto back light  -selectable beeper  -selectable auto shut off  -1.3 million internal resolution  -24 bit a\/d processor  -less than 1s display setting time  -highest quality sensor used  -counting function  -goes up tp the tenth decimal place (00.0)  Do not settle for mediocracy, strive for excellence!\" \/>\n<meta property=\"og:url\" content=\"https:\/\/www.cerakotesa.com\/fr\/produit\/performance-scale-se-379\/\" \/>\n<meta property=\"og:site_name\" content=\"Cerakote South Africa\" \/>\n<meta property=\"article:modified_time\" content=\"2026-01-08T09:34:28+00:00\" \/>\n<meta property=\"og:image\" content=\"https:\/\/www.cerakotesa.com\/wp-content\/uploads\/2023\/06\/cerakote-performance-scale-se-269-dt20211001152935568-thumbnail.jpg\" \/>\n\t<meta property=\"og:image:width\" content=\"800\" \/>\n\t<meta property=\"og:image:height\" content=\"800\" \/>\n\t<meta property=\"og:image:type\" content=\"image\/jpeg\" \/>\n<meta name=\"twitter:card\" content=\"summary_large_image\" \/>\n<script type=\"application\/ld+json\" class=\"yoast-schema-graph\">{\"@context\":\"https:\/\/schema.org\",\"@graph\":[{\"@type\":\"WebPage\",\"@id\":\"https:\/\/www.cerakotesa.com\/product\/performance-scale-se-379\/\",\"url\":\"https:\/\/www.cerakotesa.com\/product\/performance-scale-se-379\/\",\"name\":\"Stainless steel top loading scale - Cerakote South Africa\",\"isPartOf\":{\"@id\":\"https:\/\/www.cerakotesa.com\/#website\"},\"primaryImageOfPage\":{\"@id\":\"https:\/\/www.cerakotesa.com\/product\/performance-scale-se-379\/#primaryimage\"},\"image\":{\"@id\":\"https:\/\/www.cerakotesa.com\/product\/performance-scale-se-379\/#primaryimage\"},\"thumbnailUrl\":\"https:\/\/www.cerakotesa.com\/wp-content\/uploads\/2023\/06\/cerakote-performance-scale-se-269-dt20211001152935568-thumbnail.jpg\",\"datePublished\":\"2019-12-06T16:11:14+00:00\",\"dateModified\":\"2026-01-08T09:34:28+00:00\",\"breadcrumb\":{\"@id\":\"https:\/\/www.cerakotesa.com\/product\/performance-scale-se-379\/#breadcrumb\"},\"inLanguage\":\"fr-FR\",\"potentialAction\":[{\"@type\":\"ReadAction\",\"target\":[\"https:\/\/www.cerakotesa.com\/product\/performance-scale-se-379\/\"]}]},{\"@type\":\"ImageObject\",\"inLanguage\":\"fr-FR\",\"@id\":\"https:\/\/www.cerakotesa.com\/product\/performance-scale-se-379\/#primaryimage\",\"url\":\"https:\/\/www.cerakotesa.com\/wp-content\/uploads\/2023\/06\/cerakote-performance-scale-se-269-dt20211001152935568-thumbnail.jpg\",\"contentUrl\":\"https:\/\/www.cerakotesa.com\/wp-content\/uploads\/2023\/06\/cerakote-performance-scale-se-269-dt20211001152935568-thumbnail.jpg\",\"width\":800,\"height\":800},{\"@type\":\"BreadcrumbList\",\"@id\":\"https:\/\/www.cerakotesa.com\/product\/performance-scale-se-379\/#breadcrumb\",\"itemListElement\":[{\"@type\":\"ListItem\",\"position\":1,\"name\":\"Home\",\"item\":\"https:\/\/www.cerakotesa.com\/\"},{\"@type\":\"ListItem\",\"position\":2,\"name\":\"Products\",\"item\":\"https:\/\/www.cerakotesa.com\/shop\/\"},{\"@type\":\"ListItem\",\"position\":3,\"name\":\"Stainless steel top loading scale\"}]},{\"@type\":\"WebSite\",\"@id\":\"https:\/\/www.cerakotesa.com\/#website\",\"url\":\"https:\/\/www.cerakotesa.com\/\",\"name\":\"Cerakote South Africa\",\"description\":\"Cerakote is a global leader in the manufacturing of thin-film protective ceramic coatings\",\"potentialAction\":[{\"@type\":\"SearchAction\",\"target\":{\"@type\":\"EntryPoint\",\"urlTemplate\":\"https:\/\/www.cerakotesa.com\/?s={search_term_string}\"},\"query-input\":{\"@type\":\"PropertyValueSpecification\",\"valueRequired\":true,\"valueName\":\"search_term_string\"}}],\"inLanguage\":\"fr-FR\"}]}<\/script>\n<!-- \/ Yoast SEO plugin. -->","yoast_head_json":{"title":"Stainless steel top loading scale - Cerakote South Africa","robots":{"index":"index","follow":"follow","max-snippet":"max-snippet:-1","max-image-preview":"max-image-preview:large","max-video-preview":"max-video-preview:-1"},"canonical":"https:\/\/www.cerakotesa.com\/fr\/produit\/performance-scale-se-379\/","og_locale":"fr_FR","og_type":"article","og_title":"Stainless steel top loading scale - Cerakote South Africa","og_description":"The Cerakote Performance Scale is a top-of-the-line scale for weighing your coating and catalyst.  Ensuring your ratios are precise is key for maintaining consistent gloss, batch to batch, and will help ensure a well-executed project.  This scale consists of the weighing machine body, the scale-pan, the hook, the adapters, and the operating manual.  Features include:  -auto zero tracking  -low battery indication  -large bright backlit LCD  -large stainless steel pan  -stability indication  -auto calibration  -selectable auto back light  -selectable beeper  -selectable auto shut off  -1.3 million internal resolution  -24 bit a\/d processor  -less than 1s display setting time  -highest quality sensor used  -counting function  -goes up tp the tenth decimal place (00.0)  Do not settle for mediocracy, strive for excellence!","og_url":"https:\/\/www.cerakotesa.com\/fr\/produit\/performance-scale-se-379\/","og_site_name":"Cerakote South Africa","article_modified_time":"2026-01-08T09:34:28+00:00","og_image":[{"width":800,"height":800,"url":"https:\/\/www.cerakotesa.com\/wp-content\/uploads\/2023\/06\/cerakote-performance-scale-se-269-dt20211001152935568-thumbnail.jpg","type":"image\/jpeg"}],"twitter_card":"summary_large_image","schema":{"@context":"https:\/\/schema.org","@graph":[{"@type":"WebPage","@id":"https:\/\/www.cerakotesa.com\/product\/performance-scale-se-379\/","url":"https:\/\/www.cerakotesa.com\/product\/performance-scale-se-379\/","name":"Stainless steel top loading scale - Cerakote South Africa","isPartOf":{"@id":"https:\/\/www.cerakotesa.com\/#website"},"primaryImageOfPage":{"@id":"https:\/\/www.cerakotesa.com\/product\/performance-scale-se-379\/#primaryimage"},"image":{"@id":"https:\/\/www.cerakotesa.com\/product\/performance-scale-se-379\/#primaryimage"},"thumbnailUrl":"https:\/\/www.cerakotesa.com\/wp-content\/uploads\/2023\/06\/cerakote-performance-scale-se-269-dt20211001152935568-thumbnail.jpg","datePublished":"2019-12-06T16:11:14+00:00","dateModified":"2026-01-08T09:34:28+00:00","breadcrumb":{"@id":"https:\/\/www.cerakotesa.com\/product\/performance-scale-se-379\/#breadcrumb"},"inLanguage":"fr-FR","potentialAction":[{"@type":"ReadAction","target":["https:\/\/www.cerakotesa.com\/product\/performance-scale-se-379\/"]}]},{"@type":"ImageObject","inLanguage":"fr-FR","@id":"https:\/\/www.cerakotesa.com\/product\/performance-scale-se-379\/#primaryimage","url":"https:\/\/www.cerakotesa.com\/wp-content\/uploads\/2023\/06\/cerakote-performance-scale-se-269-dt20211001152935568-thumbnail.jpg","contentUrl":"https:\/\/www.cerakotesa.com\/wp-content\/uploads\/2023\/06\/cerakote-performance-scale-se-269-dt20211001152935568-thumbnail.jpg","width":800,"height":800},{"@type":"BreadcrumbList","@id":"https:\/\/www.cerakotesa.com\/product\/performance-scale-se-379\/#breadcrumb","itemListElement":[{"@type":"ListItem","position":1,"name":"Home","item":"https:\/\/www.cerakotesa.com\/"},{"@type":"ListItem","position":2,"name":"Products","item":"https:\/\/www.cerakotesa.com\/shop\/"},{"@type":"ListItem","position":3,"name":"Stainless steel top loading scale"}]},{"@type":"WebSite","@id":"https:\/\/www.cerakotesa.com\/#website","url":"https:\/\/www.cerakotesa.com\/","name":"Cerakote South Africa","description":"Cerakote est un leader mondial dans la fabrication de rev\u00eatements c\u00e9ramiques protecteurs en couches minces.","potentialAction":[{"@type":"SearchAction","target":{"@type":"EntryPoint","urlTemplate":"https:\/\/www.cerakotesa.com\/?s={search_term_string}"},"query-input":{"@type":"PropertyValueSpecification","valueRequired":true,"valueName":"search_term_string"}}],"inLanguage":"fr-FR"}]}},"acf":[],"_links":{"self":[{"href":"https:\/\/www.cerakotesa.com\/fr\/wp-json\/wp\/v2\/product\/1588","targetHints":{"allow":["GET"]}}],"collection":[{"href":"https:\/\/www.cerakotesa.com\/fr\/wp-json\/wp\/v2\/product"}],"about":[{"href":"https:\/\/www.cerakotesa.com\/fr\/wp-json\/wp\/v2\/types\/product"}],"replies":[{"embeddable":true,"href":"https:\/\/www.cerakotesa.com\/fr\/wp-json\/wp\/v2\/comments?post=1588"}],"wp:featuredmedia":[{"embeddable":true,"href":"https:\/\/www.cerakotesa.com\/fr\/wp-json\/wp\/v2\/media\/12970"}],"wp:attachment":[{"href":"https:\/\/www.cerakotesa.com\/fr\/wp-json\/wp\/v2\/media?parent=1588"}],"wp:term":[{"taxonomy":"product_brand","embeddable":true,"href":"https:\/\/www.cerakotesa.com\/fr\/wp-json\/wp\/v2\/product_brand?post=1588"},{"taxonomy":"product_cat","embeddable":true,"href":"https:\/\/www.cerakotesa.com\/fr\/wp-json\/wp\/v2\/product_cat?post=1588"},{"taxonomy":"product_tag","embeddable":true,"href":"https:\/\/www.cerakotesa.com\/fr\/wp-json\/wp\/v2\/product_tag?post=1588"}],"curies":[{"name":"wp","href":"https:\/\/api.w.org\/{rel}","templated":true}]}}