{"id":15887,"date":"2023-11-13T13:26:29","date_gmt":"2023-11-13T13:26:29","guid":{"rendered":"https:\/\/www.cerakotesa.com\/?post_type=product&#038;p=15887"},"modified":"2024-11-12T15:02:21","modified_gmt":"2024-11-12T15:02:21","slug":"h-series-6-colour-pro-kit-pint","status":"publish","type":"product","link":"https:\/\/www.cerakotesa.com\/fr\/produit\/h-series-6-colour-pro-kit-pint\/","title":{"rendered":"S\u00e9rie H Kit Pro 6 couleurs (PINT)"},"content":{"rendered":"","protected":false},"excerpt":{"rendered":"<p>Le kit 6 couleurs Cerakote Pro Pint augmente votre potentiel de volume. Il vous permet de rev\u00eatir n'importe quel produit, qu'il s'agisse d'un travail sur mesure ou d'une petite production. Associ\u00e9 \u00e0 notre meilleur \u00e9quipement pour vous aider \u00e0 r\u00e9ussir.<br \/>\nNOTE : Si vous avez besoin d'aide pour construire votre kit ou si vous souhaitez modifier ce kit, appelez-nous au +44 1284 599003.<\/p>\n<p><b>Ce kit comprend <\/b><\/p>\n<ul>\n<li>(6) bouteilles de 1 pinte dans votre choix de couleurs avec durcisseur - Chaque pinte est suffisante pour recouvrir 16 \u00e0 20 gobelets (format 20 oz.).<\/li>\n<li>(1) Cylindre gradu\u00e9 de 100ML pour la mesure<\/li>\n<li>Lien vers le manuel de formation<\/li>\n<li>(1) Passoire \u00e0 tasse de la taille de votre choix<\/li>\n<li>(1) Pistolet \u00e0 peinture IWATA LPH80<\/li>\n<li>(1) Flacon de lavage<\/li>\n<\/ul>","protected":false},"featured_media":15888,"comment_status":"open","ping_status":"closed","template":"","meta":{"_acf_changed":false},"product_brand":[],"product_cat":[693],"product_tag":[1047,823],"class_list":{"0":"post-15887","1":"product","2":"type-product","3":"status-publish","4":"has-post-thumbnail","6":"product_cat-cerakote-kits","7":"product_tag-pint-kit","8":"product_tag-pro-kit","9":"product_shipping_class-flat-rate","11":"first","12":"instock","13":"taxable","14":"shipping-taxable","15":"product-type-simple"},"yoast_head":"<!-- This site is optimized with the Yoast SEO plugin v26.7 - https:\/\/yoast.com\/wordpress\/plugins\/seo\/ -->\n<title>H Series 6 Colour Pro Kit (PINT) - Cerakote South Africa<\/title>\n<meta name=\"robots\" content=\"index, follow, max-snippet:-1, max-image-preview:large, max-video-preview:-1\" \/>\n<link rel=\"canonical\" href=\"https:\/\/www.cerakotesa.com\/fr\/produit\/h-series-6-colour-pro-kit-pint\/\" \/>\n<meta property=\"og:locale\" content=\"fr_FR\" \/>\n<meta property=\"og:type\" content=\"article\" \/>\n<meta property=\"og:title\" content=\"H Series 6 Colour Pro Kit (PINT) - Cerakote South Africa\" \/>\n<meta property=\"og:description\" content=\"The 6 Color Cerakote Pro Pint Kit increases your volume potential. Allowing you to coat anything from custom jobs to smaller production runs. Paired with our best equipment to help you be more successful. NOTE: If you need help building your kit or you\u2019d like to modify this kit, please give us a call at +44 1284 599003  This kit includes:    (6) 1-pint bottles in your choice of colors with hardener \u2013 Each pint is enough to coat 16 to 20 tumblers (20 oz. size).  (1) 100ML graduated cylinder for measuring  Link to the Training Manual  (1) In-cup strainer in your choice of size  (1) IWATA LPH80 Spray Gun  (1) Wash bottle\" \/>\n<meta property=\"og:url\" content=\"https:\/\/www.cerakotesa.com\/fr\/produit\/h-series-6-colour-pro-kit-pint\/\" \/>\n<meta property=\"og:site_name\" content=\"Cerakote South Africa\" \/>\n<meta property=\"article:modified_time\" content=\"2024-11-12T15:02:21+00:00\" \/>\n<meta property=\"og:image\" content=\"https:\/\/www.cerakotesa.com\/wp-content\/uploads\/2023\/11\/6-color-cerakote-pro-kit-pint-1h-kitp6-dt20190724225318914-thumbnail.jpeg\" \/>\n\t<meta property=\"og:image:width\" content=\"800\" \/>\n\t<meta property=\"og:image:height\" content=\"800\" \/>\n\t<meta property=\"og:image:type\" content=\"image\/jpeg\" \/>\n<meta name=\"twitter:card\" content=\"summary_large_image\" \/>\n<script type=\"application\/ld+json\" class=\"yoast-schema-graph\">{\"@context\":\"https:\/\/schema.org\",\"@graph\":[{\"@type\":\"WebPage\",\"@id\":\"https:\/\/www.cerakotesa.com\/product\/h-series-6-colour-pro-kit-pint\/\",\"url\":\"https:\/\/www.cerakotesa.com\/product\/h-series-6-colour-pro-kit-pint\/\",\"name\":\"H Series 6 Colour Pro Kit (PINT) - Cerakote South Africa\",\"isPartOf\":{\"@id\":\"https:\/\/www.cerakotesa.com\/#website\"},\"primaryImageOfPage\":{\"@id\":\"https:\/\/www.cerakotesa.com\/product\/h-series-6-colour-pro-kit-pint\/#primaryimage\"},\"image\":{\"@id\":\"https:\/\/www.cerakotesa.com\/product\/h-series-6-colour-pro-kit-pint\/#primaryimage\"},\"thumbnailUrl\":\"https:\/\/www.cerakotesa.com\/wp-content\/uploads\/2023\/11\/6-color-cerakote-pro-kit-pint-1h-kitp6-dt20190724225318914-thumbnail.jpeg\",\"datePublished\":\"2023-11-13T13:26:29+00:00\",\"dateModified\":\"2024-11-12T15:02:21+00:00\",\"breadcrumb\":{\"@id\":\"https:\/\/www.cerakotesa.com\/product\/h-series-6-colour-pro-kit-pint\/#breadcrumb\"},\"inLanguage\":\"fr-FR\",\"potentialAction\":[{\"@type\":\"ReadAction\",\"target\":[\"https:\/\/www.cerakotesa.com\/product\/h-series-6-colour-pro-kit-pint\/\"]}]},{\"@type\":\"ImageObject\",\"inLanguage\":\"fr-FR\",\"@id\":\"https:\/\/www.cerakotesa.com\/product\/h-series-6-colour-pro-kit-pint\/#primaryimage\",\"url\":\"https:\/\/www.cerakotesa.com\/wp-content\/uploads\/2023\/11\/6-color-cerakote-pro-kit-pint-1h-kitp6-dt20190724225318914-thumbnail.jpeg\",\"contentUrl\":\"https:\/\/www.cerakotesa.com\/wp-content\/uploads\/2023\/11\/6-color-cerakote-pro-kit-pint-1h-kitp6-dt20190724225318914-thumbnail.jpeg\",\"width\":800,\"height\":800},{\"@type\":\"BreadcrumbList\",\"@id\":\"https:\/\/www.cerakotesa.com\/product\/h-series-6-colour-pro-kit-pint\/#breadcrumb\",\"itemListElement\":[{\"@type\":\"ListItem\",\"position\":1,\"name\":\"Home\",\"item\":\"https:\/\/www.cerakotesa.com\/\"},{\"@type\":\"ListItem\",\"position\":2,\"name\":\"Products\",\"item\":\"https:\/\/www.cerakotesa.com\/shop\/\"},{\"@type\":\"ListItem\",\"position\":3,\"name\":\"H Series 6 Colour Pro Kit (PINT)\"}]},{\"@type\":\"WebSite\",\"@id\":\"https:\/\/www.cerakotesa.com\/#website\",\"url\":\"https:\/\/www.cerakotesa.com\/\",\"name\":\"Cerakote South Africa\",\"description\":\"Cerakote is a global leader in the manufacturing of thin-film protective ceramic coatings\",\"potentialAction\":[{\"@type\":\"SearchAction\",\"target\":{\"@type\":\"EntryPoint\",\"urlTemplate\":\"https:\/\/www.cerakotesa.com\/?s={search_term_string}\"},\"query-input\":{\"@type\":\"PropertyValueSpecification\",\"valueRequired\":true,\"valueName\":\"search_term_string\"}}],\"inLanguage\":\"fr-FR\"}]}<\/script>\n<!-- \/ Yoast SEO plugin. -->","yoast_head_json":{"title":"H Series 6 Colour Pro Kit (PINT) - Cerakote South Africa","robots":{"index":"index","follow":"follow","max-snippet":"max-snippet:-1","max-image-preview":"max-image-preview:large","max-video-preview":"max-video-preview:-1"},"canonical":"https:\/\/www.cerakotesa.com\/fr\/produit\/h-series-6-colour-pro-kit-pint\/","og_locale":"fr_FR","og_type":"article","og_title":"H Series 6 Colour Pro Kit (PINT) - Cerakote South Africa","og_description":"The 6 Color Cerakote Pro Pint Kit increases your volume potential. Allowing you to coat anything from custom jobs to smaller production runs. Paired with our best equipment to help you be more successful. NOTE: If you need help building your kit or you\u2019d like to modify this kit, please give us a call at +44 1284 599003  This kit includes:    (6) 1-pint bottles in your choice of colors with hardener \u2013 Each pint is enough to coat 16 to 20 tumblers (20 oz. size).  (1) 100ML graduated cylinder for measuring  Link to the Training Manual  (1) In-cup strainer in your choice of size  (1) IWATA LPH80 Spray Gun  (1) Wash bottle","og_url":"https:\/\/www.cerakotesa.com\/fr\/produit\/h-series-6-colour-pro-kit-pint\/","og_site_name":"Cerakote South Africa","article_modified_time":"2024-11-12T15:02:21+00:00","og_image":[{"width":800,"height":800,"url":"https:\/\/www.cerakotesa.com\/wp-content\/uploads\/2023\/11\/6-color-cerakote-pro-kit-pint-1h-kitp6-dt20190724225318914-thumbnail.jpeg","type":"image\/jpeg"}],"twitter_card":"summary_large_image","schema":{"@context":"https:\/\/schema.org","@graph":[{"@type":"WebPage","@id":"https:\/\/www.cerakotesa.com\/product\/h-series-6-colour-pro-kit-pint\/","url":"https:\/\/www.cerakotesa.com\/product\/h-series-6-colour-pro-kit-pint\/","name":"H Series 6 Colour Pro Kit (PINT) - Cerakote South Africa","isPartOf":{"@id":"https:\/\/www.cerakotesa.com\/#website"},"primaryImageOfPage":{"@id":"https:\/\/www.cerakotesa.com\/product\/h-series-6-colour-pro-kit-pint\/#primaryimage"},"image":{"@id":"https:\/\/www.cerakotesa.com\/product\/h-series-6-colour-pro-kit-pint\/#primaryimage"},"thumbnailUrl":"https:\/\/www.cerakotesa.com\/wp-content\/uploads\/2023\/11\/6-color-cerakote-pro-kit-pint-1h-kitp6-dt20190724225318914-thumbnail.jpeg","datePublished":"2023-11-13T13:26:29+00:00","dateModified":"2024-11-12T15:02:21+00:00","breadcrumb":{"@id":"https:\/\/www.cerakotesa.com\/product\/h-series-6-colour-pro-kit-pint\/#breadcrumb"},"inLanguage":"fr-FR","potentialAction":[{"@type":"ReadAction","target":["https:\/\/www.cerakotesa.com\/product\/h-series-6-colour-pro-kit-pint\/"]}]},{"@type":"ImageObject","inLanguage":"fr-FR","@id":"https:\/\/www.cerakotesa.com\/product\/h-series-6-colour-pro-kit-pint\/#primaryimage","url":"https:\/\/www.cerakotesa.com\/wp-content\/uploads\/2023\/11\/6-color-cerakote-pro-kit-pint-1h-kitp6-dt20190724225318914-thumbnail.jpeg","contentUrl":"https:\/\/www.cerakotesa.com\/wp-content\/uploads\/2023\/11\/6-color-cerakote-pro-kit-pint-1h-kitp6-dt20190724225318914-thumbnail.jpeg","width":800,"height":800},{"@type":"BreadcrumbList","@id":"https:\/\/www.cerakotesa.com\/product\/h-series-6-colour-pro-kit-pint\/#breadcrumb","itemListElement":[{"@type":"ListItem","position":1,"name":"Home","item":"https:\/\/www.cerakotesa.com\/"},{"@type":"ListItem","position":2,"name":"Products","item":"https:\/\/www.cerakotesa.com\/shop\/"},{"@type":"ListItem","position":3,"name":"H Series 6 Colour Pro Kit (PINT)"}]},{"@type":"WebSite","@id":"https:\/\/www.cerakotesa.com\/#website","url":"https:\/\/www.cerakotesa.com\/","name":"Cerakote South Africa","description":"Cerakote est un leader mondial dans la fabrication de rev\u00eatements c\u00e9ramiques protecteurs en couches minces.","potentialAction":[{"@type":"SearchAction","target":{"@type":"EntryPoint","urlTemplate":"https:\/\/www.cerakotesa.com\/?s={search_term_string}"},"query-input":{"@type":"PropertyValueSpecification","valueRequired":true,"valueName":"search_term_string"}}],"inLanguage":"fr-FR"}]}},"acf":[],"_links":{"self":[{"href":"https:\/\/www.cerakotesa.com\/fr\/wp-json\/wp\/v2\/product\/15887","targetHints":{"allow":["GET"]}}],"collection":[{"href":"https:\/\/www.cerakotesa.com\/fr\/wp-json\/wp\/v2\/product"}],"about":[{"href":"https:\/\/www.cerakotesa.com\/fr\/wp-json\/wp\/v2\/types\/product"}],"replies":[{"embeddable":true,"href":"https:\/\/www.cerakotesa.com\/fr\/wp-json\/wp\/v2\/comments?post=15887"}],"wp:featuredmedia":[{"embeddable":true,"href":"https:\/\/www.cerakotesa.com\/fr\/wp-json\/wp\/v2\/media\/15888"}],"wp:attachment":[{"href":"https:\/\/www.cerakotesa.com\/fr\/wp-json\/wp\/v2\/media?parent=15887"}],"wp:term":[{"taxonomy":"product_brand","embeddable":true,"href":"https:\/\/www.cerakotesa.com\/fr\/wp-json\/wp\/v2\/product_brand?post=15887"},{"taxonomy":"product_cat","embeddable":true,"href":"https:\/\/www.cerakotesa.com\/fr\/wp-json\/wp\/v2\/product_cat?post=15887"},{"taxonomy":"product_tag","embeddable":true,"href":"https:\/\/www.cerakotesa.com\/fr\/wp-json\/wp\/v2\/product_tag?post=15887"}],"curies":[{"name":"wp","href":"https:\/\/api.w.org\/{rel}","templated":true}]}}